{"id":25016,"date":"2023-08-11T13:26:40","date_gmt":"2023-08-11T11:46:30","guid":{"rendered":"https:\/\/naturalpoland.com\/produkty\/non class\u00e9\/fruits-secs\/"},"modified":"2023-08-11T13:46:30","modified_gmt":"2023-08-11T11:46:30","slug":"fruits-seches","status":"publish","type":"product","link":"https:\/\/naturalpoland.com\/fr\/produkty\/produits-pour-lalimentation-animale\/fruits-seches\/","title":{"rendered":"Fruits secs"},"content":{"rendered":"<ul>\n<li><strong>Centre de chips aux pommes<\/strong>: le go\u00fbt \u00e9ternel des pommes fra\u00eeches, source de vitamine C et de fibres.<\/li>\n<li><strong>Cubes de pomme<\/strong>: Les bienfaits concentr\u00e9s de la pomme sous une forme compacte, id\u00e9ale pour les petits animaux.<\/li>\n<li>Croustilles de <strong>pommes \u00e9cras\u00e9es<\/strong>: parfaites pour le m\u00e9lange alimentaire ou comme friandise ind\u00e9pendante.<\/li>\n<li><strong>Cubes d&rsquo;ananas<\/strong>: Riche en brom\u00e9la\u00efne, une enzyme digestive qui aide \u00e0 dig\u00e9rer les prot\u00e9ines.<\/li>\n<li><strong>Chips de bananes cass\u00e9es, non sucr\u00e9es<\/strong>: Douceur naturelle sans sucres ajout\u00e9s, source de potassium.<\/li>\n<li><strong>Chips de bananes enti\u00e8res, non sucr\u00e9es<\/strong>: Savoureux et riches en fibres &#8211; un excellent choix pour les rongeurs.<\/li>\n<li><strong>Cubes de poire<\/strong>: Ils apportent des vitamines A et C et des min\u00e9raux importants.<\/li>\n<li><strong>Fraise<\/strong>: Source d&rsquo;antioxydants, de vitamine C et de fibres.<\/li>\n<li><strong>Fruits et \u00e9corces d&rsquo;\u00e9glantier<\/strong>: riches en vitamine C, soutiennent le syst\u00e8me immunitaire.<\/li>\n<li><strong>Poudre d&rsquo;\u00e9c<\/strong>orce de cynorrhodon : Concentr\u00e9 des bienfaits de l&rsquo;\u00e9glantier sous une forme facile \u00e0 ajouter \u00e0 l&rsquo;alimentation.<\/li>\n<li><strong>Framboise<\/strong>: fournit d&rsquo;importants antioxydants et est une riche source de vitamine C.<\/li>\n<li><strong>Copeaux de<\/strong> noix de coco <strong>et farine de noix de coco<\/strong>: une source de graisses saines et d&rsquo;\u00e9nergie, au go\u00fbt d\u00e9licat.<\/li>\n<li><strong>Cubes de mangue<\/strong>: Ils contiennent de nombreuses vitamines et min\u00e9raux, notamment les vitamines A, E et C.<\/li>\n<li><strong>Papa cubes<\/strong>: Source de lysine, un acide amin\u00e9 essentiel, et de vitamines C et A.<\/li>\n<\/ul>\n","protected":false},"excerpt":{"rendered":"<p>Les fruits constituent un compl\u00e9ment important du r\u00e9gime alimentaire de nombreuses esp\u00e8ces animales. Ils apportent des vitamines, des min\u00e9raux et des sucres naturels qui fournissent de l&rsquo;\u00e9nergie \u00e0 l&rsquo;organisme. Les fruits s\u00e9ch\u00e9s conservent non seulement leurs propri\u00e9t\u00e9s nutritionnelles, mais ils ont \u00e9galement une dur\u00e9e de conservation plus longue et constituent une friandise pour de nombreux animaux.<\/p>\n","protected":false},"featured_media":24997,"template":"","meta":{"_acf_changed":false},"product_brand":[],"product_cat":[2510],"product_tag":[],"class_list":{"0":"post-25016","1":"product","2":"type-product","3":"status-publish","4":"has-post-thumbnail","6":"product_cat-produits-pour-lalimentation-animale","8":"first","9":"instock","10":"shipping-taxable","11":"product-type-simple"},"acf":[],"yoast_head":"<!-- This site is optimized with the Yoast SEO plugin v27.4 - https:\/\/yoast.com\/product\/yoast-seo-wordpress\/ -->\n<title>Fruits secs - Distributeur en gros<\/title>\n<meta name=\"description\" content=\"Les fruits s\u00e9ch\u00e9s conservent non seulement leurs propri\u00e9t\u00e9s nutritionnelles, mais ils ont \u00e9galement une dur\u00e9e de conservation plus longue et constituent une friandise pour de nombreux animaux.\" \/>\n<meta name=\"robots\" content=\"index, follow, max-snippet:-1, max-image-preview:large, max-video-preview:-1\" \/>\n<link rel=\"canonical\" href=\"https:\/\/naturalpoland.com\/fr\/produkty\/produits-pour-lalimentation-animale\/fruits-seches\/\" \/>\n<meta property=\"og:locale\" content=\"fr_FR\" \/>\n<meta property=\"og:type\" content=\"article\" \/>\n<meta property=\"og:title\" content=\"Fruits secs - Distributeur en gros\" \/>\n<meta property=\"og:description\" content=\"Les fruits s\u00e9ch\u00e9s conservent non seulement leurs propri\u00e9t\u00e9s nutritionnelles, mais ils ont \u00e9galement une dur\u00e9e de conservation plus longue et constituent une friandise pour de nombreux animaux.\" \/>\n<meta property=\"og:url\" content=\"https:\/\/naturalpoland.com\/fr\/produkty\/produits-pour-lalimentation-animale\/fruits-seches\/\" \/>\n<meta property=\"og:site_name\" content=\"NATURAL POLAND - Distributeur de mati\u00e8res premi\u00e8res en gros\" \/>\n<meta property=\"article:publisher\" content=\"https:\/\/www.facebook.com\/naturalpoland.b2b\" \/>\n<meta property=\"og:image\" content=\"https:\/\/naturalpoland.com\/wp-content\/uploads\/owoce-suszone.jpg\" \/>\n\t<meta property=\"og:image:width\" content=\"600\" \/>\n\t<meta property=\"og:image:height\" content=\"600\" \/>\n\t<meta property=\"og:image:type\" content=\"image\/jpeg\" \/>\n<script type=\"application\/ld+json\" class=\"yoast-schema-graph\">{\"@context\":\"https:\\\/\\\/schema.org\",\"@graph\":[{\"@type\":\"WebPage\",\"@id\":\"https:\\\/\\\/naturalpoland.com\\\/fr\\\/produkty\\\/produits-pour-lalimentation-animale\\\/fruits-seches\\\/\",\"url\":\"https:\\\/\\\/naturalpoland.com\\\/fr\\\/produkty\\\/produits-pour-lalimentation-animale\\\/fruits-seches\\\/\",\"name\":\"Fruits secs - Distributeur en gros\",\"isPartOf\":{\"@id\":\"https:\\\/\\\/naturalpoland.com\\\/fr\\\/#website\"},\"primaryImageOfPage\":{\"@id\":\"https:\\\/\\\/naturalpoland.com\\\/fr\\\/produkty\\\/produits-pour-lalimentation-animale\\\/fruits-seches\\\/#primaryimage\"},\"image\":{\"@id\":\"https:\\\/\\\/naturalpoland.com\\\/fr\\\/produkty\\\/produits-pour-lalimentation-animale\\\/fruits-seches\\\/#primaryimage\"},\"thumbnailUrl\":\"https:\\\/\\\/naturalpoland.com\\\/wp-content\\\/uploads\\\/owoce-suszone.jpg\",\"datePublished\":\"2023-08-11T11:46:30+00:00\",\"description\":\"Les fruits s\u00e9ch\u00e9s conservent non seulement leurs propri\u00e9t\u00e9s nutritionnelles, mais ils ont \u00e9galement une dur\u00e9e de conservation plus longue et constituent une friandise pour de nombreux animaux.\",\"breadcrumb\":{\"@id\":\"https:\\\/\\\/naturalpoland.com\\\/fr\\\/produkty\\\/produits-pour-lalimentation-animale\\\/fruits-seches\\\/#breadcrumb\"},\"inLanguage\":\"fr-FR\",\"potentialAction\":[{\"@type\":\"ReadAction\",\"target\":[\"https:\\\/\\\/naturalpoland.com\\\/fr\\\/produkty\\\/produits-pour-lalimentation-animale\\\/fruits-seches\\\/\"]}]},{\"@type\":\"ImageObject\",\"inLanguage\":\"fr-FR\",\"@id\":\"https:\\\/\\\/naturalpoland.com\\\/fr\\\/produkty\\\/produits-pour-lalimentation-animale\\\/fruits-seches\\\/#primaryimage\",\"url\":\"https:\\\/\\\/naturalpoland.com\\\/wp-content\\\/uploads\\\/owoce-suszone.jpg\",\"contentUrl\":\"https:\\\/\\\/naturalpoland.com\\\/wp-content\\\/uploads\\\/owoce-suszone.jpg\",\"width\":600,\"height\":600,\"caption\":\"fruits secs\"},{\"@type\":\"BreadcrumbList\",\"@id\":\"https:\\\/\\\/naturalpoland.com\\\/fr\\\/produkty\\\/produits-pour-lalimentation-animale\\\/fruits-seches\\\/#breadcrumb\",\"itemListElement\":[{\"@type\":\"ListItem\",\"position\":1,\"name\":\"Accueil\",\"item\":\"https:\\\/\\\/naturalpoland.com\\\/fr\\\/\"},{\"@type\":\"ListItem\",\"position\":2,\"name\":\"Produits\",\"item\":\"https:\\\/\\\/naturalpoland.com\\\/fr\\\/produits\\\/\"},{\"@type\":\"ListItem\",\"position\":3,\"name\":\"Fruits secs\"}]},{\"@type\":\"WebSite\",\"@id\":\"https:\\\/\\\/naturalpoland.com\\\/fr\\\/#website\",\"url\":\"https:\\\/\\\/naturalpoland.com\\\/fr\\\/\",\"name\":\"NATURAL POLAND - Distributeur de mati\u00e8res premi\u00e8res en gros\",\"description\":\"Surowce dla przemys\u0142u spo\u017cywczego, kosmetycznego i farmaceutycznego\",\"publisher\":{\"@id\":\"https:\\\/\\\/naturalpoland.com\\\/fr\\\/#organization\"},\"potentialAction\":[{\"@type\":\"SearchAction\",\"target\":{\"@type\":\"EntryPoint\",\"urlTemplate\":\"https:\\\/\\\/naturalpoland.com\\\/fr\\\/?s={search_term_string}\"},\"query-input\":{\"@type\":\"PropertyValueSpecification\",\"valueRequired\":true,\"valueName\":\"search_term_string\"}}],\"inLanguage\":\"fr-FR\"},{\"@type\":\"Organization\",\"@id\":\"https:\\\/\\\/naturalpoland.com\\\/fr\\\/#organization\",\"name\":\"Natural Poland\",\"url\":\"https:\\\/\\\/naturalpoland.com\\\/fr\\\/\",\"logo\":{\"@type\":\"ImageObject\",\"inLanguage\":\"fr-FR\",\"@id\":\"https:\\\/\\\/naturalpoland.com\\\/fr\\\/#\\\/schema\\\/logo\\\/image\\\/\",\"url\":\"https:\\\/\\\/naturalpoland.com\\\/wp-content\\\/uploads\\\/2021\\\/05\\\/natural-poland-icon.png\",\"contentUrl\":\"https:\\\/\\\/naturalpoland.com\\\/wp-content\\\/uploads\\\/2021\\\/05\\\/natural-poland-icon.png\",\"width\":512,\"height\":512,\"caption\":\"Natural Poland\"},\"image\":{\"@id\":\"https:\\\/\\\/naturalpoland.com\\\/fr\\\/#\\\/schema\\\/logo\\\/image\\\/\"},\"sameAs\":[\"https:\\\/\\\/www.facebook.com\\\/naturalpoland.b2b\",\"https:\\\/\\\/pl.linkedin.com\\\/company\\\/natural-poland\",\"https:\\\/\\\/www.youtube.com\\\/channel\\\/UCgeGGkvOMahZo-xu_MSEWxg\"]}]}<\/script>\n<!-- \/ Yoast SEO plugin. -->","yoast_head_json":{"title":"Fruits secs - Distributeur en gros","description":"Les fruits s\u00e9ch\u00e9s conservent non seulement leurs propri\u00e9t\u00e9s nutritionnelles, mais ils ont \u00e9galement une dur\u00e9e de conservation plus longue et constituent une friandise pour de nombreux animaux.","robots":{"index":"index","follow":"follow","max-snippet":"max-snippet:-1","max-image-preview":"max-image-preview:large","max-video-preview":"max-video-preview:-1"},"canonical":"https:\/\/naturalpoland.com\/fr\/produkty\/produits-pour-lalimentation-animale\/fruits-seches\/","og_locale":"fr_FR","og_type":"article","og_title":"Fruits secs - Distributeur en gros","og_description":"Les fruits s\u00e9ch\u00e9s conservent non seulement leurs propri\u00e9t\u00e9s nutritionnelles, mais ils ont \u00e9galement une dur\u00e9e de conservation plus longue et constituent une friandise pour de nombreux animaux.","og_url":"https:\/\/naturalpoland.com\/fr\/produkty\/produits-pour-lalimentation-animale\/fruits-seches\/","og_site_name":"NATURAL POLAND - Distributeur de mati\u00e8res premi\u00e8res en gros","article_publisher":"https:\/\/www.facebook.com\/naturalpoland.b2b","og_image":[{"width":600,"height":600,"url":"https:\/\/naturalpoland.com\/wp-content\/uploads\/owoce-suszone.jpg","type":"image\/jpeg"}],"schema":{"@context":"https:\/\/schema.org","@graph":[{"@type":"WebPage","@id":"https:\/\/naturalpoland.com\/fr\/produkty\/produits-pour-lalimentation-animale\/fruits-seches\/","url":"https:\/\/naturalpoland.com\/fr\/produkty\/produits-pour-lalimentation-animale\/fruits-seches\/","name":"Fruits secs - Distributeur en gros","isPartOf":{"@id":"https:\/\/naturalpoland.com\/fr\/#website"},"primaryImageOfPage":{"@id":"https:\/\/naturalpoland.com\/fr\/produkty\/produits-pour-lalimentation-animale\/fruits-seches\/#primaryimage"},"image":{"@id":"https:\/\/naturalpoland.com\/fr\/produkty\/produits-pour-lalimentation-animale\/fruits-seches\/#primaryimage"},"thumbnailUrl":"https:\/\/naturalpoland.com\/wp-content\/uploads\/owoce-suszone.jpg","datePublished":"2023-08-11T11:46:30+00:00","description":"Les fruits s\u00e9ch\u00e9s conservent non seulement leurs propri\u00e9t\u00e9s nutritionnelles, mais ils ont \u00e9galement une dur\u00e9e de conservation plus longue et constituent une friandise pour de nombreux animaux.","breadcrumb":{"@id":"https:\/\/naturalpoland.com\/fr\/produkty\/produits-pour-lalimentation-animale\/fruits-seches\/#breadcrumb"},"inLanguage":"fr-FR","potentialAction":[{"@type":"ReadAction","target":["https:\/\/naturalpoland.com\/fr\/produkty\/produits-pour-lalimentation-animale\/fruits-seches\/"]}]},{"@type":"ImageObject","inLanguage":"fr-FR","@id":"https:\/\/naturalpoland.com\/fr\/produkty\/produits-pour-lalimentation-animale\/fruits-seches\/#primaryimage","url":"https:\/\/naturalpoland.com\/wp-content\/uploads\/owoce-suszone.jpg","contentUrl":"https:\/\/naturalpoland.com\/wp-content\/uploads\/owoce-suszone.jpg","width":600,"height":600,"caption":"fruits secs"},{"@type":"BreadcrumbList","@id":"https:\/\/naturalpoland.com\/fr\/produkty\/produits-pour-lalimentation-animale\/fruits-seches\/#breadcrumb","itemListElement":[{"@type":"ListItem","position":1,"name":"Accueil","item":"https:\/\/naturalpoland.com\/fr\/"},{"@type":"ListItem","position":2,"name":"Produits","item":"https:\/\/naturalpoland.com\/fr\/produits\/"},{"@type":"ListItem","position":3,"name":"Fruits secs"}]},{"@type":"WebSite","@id":"https:\/\/naturalpoland.com\/fr\/#website","url":"https:\/\/naturalpoland.com\/fr\/","name":"NATURAL POLAND - Distributeur de mati\u00e8res premi\u00e8res en gros","description":"Surowce dla przemys\u0142u spo\u017cywczego, kosmetycznego i farmaceutycznego","publisher":{"@id":"https:\/\/naturalpoland.com\/fr\/#organization"},"potentialAction":[{"@type":"SearchAction","target":{"@type":"EntryPoint","urlTemplate":"https:\/\/naturalpoland.com\/fr\/?s={search_term_string}"},"query-input":{"@type":"PropertyValueSpecification","valueRequired":true,"valueName":"search_term_string"}}],"inLanguage":"fr-FR"},{"@type":"Organization","@id":"https:\/\/naturalpoland.com\/fr\/#organization","name":"Natural Poland","url":"https:\/\/naturalpoland.com\/fr\/","logo":{"@type":"ImageObject","inLanguage":"fr-FR","@id":"https:\/\/naturalpoland.com\/fr\/#\/schema\/logo\/image\/","url":"https:\/\/naturalpoland.com\/wp-content\/uploads\/2021\/05\/natural-poland-icon.png","contentUrl":"https:\/\/naturalpoland.com\/wp-content\/uploads\/2021\/05\/natural-poland-icon.png","width":512,"height":512,"caption":"Natural Poland"},"image":{"@id":"https:\/\/naturalpoland.com\/fr\/#\/schema\/logo\/image\/"},"sameAs":["https:\/\/www.facebook.com\/naturalpoland.b2b","https:\/\/pl.linkedin.com\/company\/natural-poland","https:\/\/www.youtube.com\/channel\/UCgeGGkvOMahZo-xu_MSEWxg"]}]}},"_links":{"self":[{"href":"https:\/\/naturalpoland.com\/fr\/wp-json\/wp\/v2\/product\/25016","targetHints":{"allow":["GET"]}}],"collection":[{"href":"https:\/\/naturalpoland.com\/fr\/wp-json\/wp\/v2\/product"}],"about":[{"href":"https:\/\/naturalpoland.com\/fr\/wp-json\/wp\/v2\/types\/product"}],"wp:featuredmedia":[{"embeddable":true,"href":"https:\/\/naturalpoland.com\/fr\/wp-json\/wp\/v2\/media\/24997"}],"wp:attachment":[{"href":"https:\/\/naturalpoland.com\/fr\/wp-json\/wp\/v2\/media?parent=25016"}],"wp:term":[{"taxonomy":"product_brand","embeddable":true,"href":"https:\/\/naturalpoland.com\/fr\/wp-json\/wp\/v2\/product_brand?post=25016"},{"taxonomy":"product_cat","embeddable":true,"href":"https:\/\/naturalpoland.com\/fr\/wp-json\/wp\/v2\/product_cat?post=25016"},{"taxonomy":"product_tag","embeddable":true,"href":"https:\/\/naturalpoland.com\/fr\/wp-json\/wp\/v2\/product_tag?post=25016"}],"curies":[{"name":"wp","href":"https:\/\/api.w.org\/{rel}","templated":true}]}}