{"id":25018,"date":"2023-08-11T13:40:20","date_gmt":"2023-08-11T11:46:30","guid":{"rendered":"https:\/\/naturalpoland.com\/produkty\/non class\u00e9\/baies\/"},"modified":"2023-08-11T13:46:30","modified_gmt":"2023-08-11T11:46:30","slug":"baies","status":"publish","type":"product","link":"https:\/\/naturalpoland.com\/fr\/produkty\/produits-pour-lalimentation-animale\/baies\/","title":{"rendered":"Baies"},"content":{"rendered":"<h3>Produits propos\u00e9s :<\/h3>\n<h4><strong>Baies d&rsquo;airelles rouges<\/strong><\/h4>\n<p>Ils sont connus pour leurs remarquables propri\u00e9t\u00e9s antioxydantes. L&rsquo;airelle rouge est riche en vitamines C, E et K et en flavono\u00efdes, qui soutiennent le syst\u00e8me cardiovasculaire.<\/p>\n<h4><strong>Baies de sorbier<\/strong><\/h4>\n<p>Bien que leur go\u00fbt soit plus acide, les baies de sorbier sont une riche source de vitamine C et A et contiennent \u00e9galement des compos\u00e9s qui peuvent avoir des effets anti-inflammatoires.<\/p>\n<h4><strong>Cassis<\/strong><\/h4>\n<p>Ces baies, petites mais exceptionnellement nutritives, fournissent de grandes quantit\u00e9s de vitamine C et d&rsquo;antioxydants qui favorisent la sant\u00e9 de la peau et du pelage des animaux.<\/p>\n<h4><strong>Baies de Goji<\/strong><\/h4>\n<p>Souvent qualifi\u00e9es de \u00ab\u00a0superaliment\u00a0\u00bb, les baies de goji sont riches en prot\u00e9ines, en fibres, en fer et en vitamines, notamment la vitamine C.<\/p>\n<h4><strong>Canneberges<\/strong><\/h4>\n<p>Connue pour ses propri\u00e9t\u00e9s de soutien urinaire, la canneberge apporte \u00e9galement des fibres, des vitamines C et E et des min\u00e9raux.<\/p>\n<h4><strong>Gen\u00e9vrier commun<\/strong><\/h4>\n<p>Ses baies sont utilis\u00e9es depuis des si\u00e8cles dans la m\u00e9decine populaire. Ils contiennent des compos\u00e9s qui peuvent contribuer \u00e0 la sant\u00e9 digestive et urinaire des animaux.<\/p>\n<h4><strong>Baie d&rsquo;aub\u00e9pine<\/strong><\/h4>\n<p>L&rsquo;aub\u00e9pine est appr\u00e9ci\u00e9e pour ses bienfaits sur le c\u0153ur. Ses baies contiennent des compos\u00e9s qui peuvent soutenir le syst\u00e8me cardiovasculaire et r\u00e9guler la tension art\u00e9rielle.<\/p>\n<h4><strong>Sureau noir<\/strong><\/h4>\n<p>Connu pour ses effets b\u00e9n\u00e9fiques sur le syst\u00e8me immunitaire. Les baies de sureau sont \u00e9galement une source de vitamine C et d&rsquo;antioxydants qui favorisent la sant\u00e9 cellulaire.<\/p>\n","protected":false},"excerpt":{"rendered":"<p>Les baies sont de plus en plus reconnues comme ingr\u00e9dients dans l&rsquo;alimentation des animaux. Riches en antioxydants, en vitamines, en min\u00e9raux et en fibres, les baies sont une source naturelle de nombreux bienfaits pour la sant\u00e9 qui contribuent \u00e0 la sant\u00e9 g\u00e9n\u00e9rale des animaux de compagnie, en renfor\u00e7ant leur immunit\u00e9 et en soutenant leur syst\u00e8me digestif.<\/p>\n","protected":false},"featured_media":25009,"template":"","meta":[],"product_brand":[],"product_cat":[2510],"product_tag":[],"class_list":{"0":"post-25018","1":"product","2":"type-product","3":"status-publish","4":"has-post-thumbnail","6":"product_cat-produits-pour-lalimentation-animale","8":"first","9":"instock","10":"shipping-taxable","11":"product-type-simple"},"yoast_head":"<!-- This site is optimized with the Yoast SEO plugin v27.4 - https:\/\/yoast.com\/product\/yoast-seo-wordpress\/ -->\n<title>Baies - Distributeur en gros<\/title>\n<meta name=\"description\" content=\"Riches en antioxydants, en vitamines, en min\u00e9raux et en fibres, les baies sont une source naturelle de nombreux bienfaits pour la sant\u00e9 qui favorisent la sant\u00e9 g\u00e9n\u00e9rale des animaux.\" \/>\n<meta name=\"robots\" content=\"index, follow, max-snippet:-1, max-image-preview:large, max-video-preview:-1\" \/>\n<link rel=\"canonical\" href=\"https:\/\/naturalpoland.com\/fr\/produkty\/produits-pour-lalimentation-animale\/baies\/\" \/>\n<meta property=\"og:locale\" content=\"fr_FR\" \/>\n<meta property=\"og:type\" content=\"article\" \/>\n<meta property=\"og:title\" content=\"Baies - Distributeur en gros\" \/>\n<meta property=\"og:description\" content=\"Riches en antioxydants, en vitamines, en min\u00e9raux et en fibres, les baies sont une source naturelle de nombreux bienfaits pour la sant\u00e9 qui favorisent la sant\u00e9 g\u00e9n\u00e9rale des animaux.\" \/>\n<meta property=\"og:url\" content=\"https:\/\/naturalpoland.com\/fr\/produkty\/produits-pour-lalimentation-animale\/baies\/\" \/>\n<meta property=\"og:site_name\" content=\"NATURAL POLAND - Distributeur de mati\u00e8res premi\u00e8res en gros\" \/>\n<meta property=\"article:publisher\" content=\"https:\/\/www.facebook.com\/naturalpoland.b2b\" \/>\n<meta property=\"og:image\" content=\"https:\/\/naturalpoland.com\/wp-content\/uploads\/jagody-dla-zwierzat.jpg\" \/>\n\t<meta property=\"og:image:width\" content=\"600\" \/>\n\t<meta property=\"og:image:height\" content=\"600\" \/>\n\t<meta property=\"og:image:type\" content=\"image\/jpeg\" \/>\n<script type=\"application\/ld+json\" class=\"yoast-schema-graph\">{\"@context\":\"https:\\\/\\\/schema.org\",\"@graph\":[{\"@type\":\"WebPage\",\"@id\":\"https:\\\/\\\/naturalpoland.com\\\/fr\\\/produkty\\\/produits-pour-lalimentation-animale\\\/baies\\\/\",\"url\":\"https:\\\/\\\/naturalpoland.com\\\/fr\\\/produkty\\\/produits-pour-lalimentation-animale\\\/baies\\\/\",\"name\":\"Baies - Distributeur en gros\",\"isPartOf\":{\"@id\":\"https:\\\/\\\/naturalpoland.com\\\/fr\\\/#website\"},\"primaryImageOfPage\":{\"@id\":\"https:\\\/\\\/naturalpoland.com\\\/fr\\\/produkty\\\/produits-pour-lalimentation-animale\\\/baies\\\/#primaryimage\"},\"image\":{\"@id\":\"https:\\\/\\\/naturalpoland.com\\\/fr\\\/produkty\\\/produits-pour-lalimentation-animale\\\/baies\\\/#primaryimage\"},\"thumbnailUrl\":\"https:\\\/\\\/naturalpoland.com\\\/wp-content\\\/uploads\\\/jagody-dla-zwierzat.jpg\",\"datePublished\":\"2023-08-11T11:46:30+00:00\",\"description\":\"Riches en antioxydants, en vitamines, en min\u00e9raux et en fibres, les baies sont une source naturelle de nombreux bienfaits pour la sant\u00e9 qui favorisent la sant\u00e9 g\u00e9n\u00e9rale des animaux.\",\"breadcrumb\":{\"@id\":\"https:\\\/\\\/naturalpoland.com\\\/fr\\\/produkty\\\/produits-pour-lalimentation-animale\\\/baies\\\/#breadcrumb\"},\"inLanguage\":\"fr-FR\",\"potentialAction\":[{\"@type\":\"ReadAction\",\"target\":[\"https:\\\/\\\/naturalpoland.com\\\/fr\\\/produkty\\\/produits-pour-lalimentation-animale\\\/baies\\\/\"]}]},{\"@type\":\"ImageObject\",\"inLanguage\":\"fr-FR\",\"@id\":\"https:\\\/\\\/naturalpoland.com\\\/fr\\\/produkty\\\/produits-pour-lalimentation-animale\\\/baies\\\/#primaryimage\",\"url\":\"https:\\\/\\\/naturalpoland.com\\\/wp-content\\\/uploads\\\/jagody-dla-zwierzat.jpg\",\"contentUrl\":\"https:\\\/\\\/naturalpoland.com\\\/wp-content\\\/uploads\\\/jagody-dla-zwierzat.jpg\",\"width\":600,\"height\":600,\"caption\":\"baies pour les animaux\"},{\"@type\":\"BreadcrumbList\",\"@id\":\"https:\\\/\\\/naturalpoland.com\\\/fr\\\/produkty\\\/produits-pour-lalimentation-animale\\\/baies\\\/#breadcrumb\",\"itemListElement\":[{\"@type\":\"ListItem\",\"position\":1,\"name\":\"Accueil\",\"item\":\"https:\\\/\\\/naturalpoland.com\\\/fr\\\/\"},{\"@type\":\"ListItem\",\"position\":2,\"name\":\"Produits\",\"item\":\"https:\\\/\\\/naturalpoland.com\\\/fr\\\/produits\\\/\"},{\"@type\":\"ListItem\",\"position\":3,\"name\":\"Baies\"}]},{\"@type\":\"WebSite\",\"@id\":\"https:\\\/\\\/naturalpoland.com\\\/fr\\\/#website\",\"url\":\"https:\\\/\\\/naturalpoland.com\\\/fr\\\/\",\"name\":\"NATURAL POLAND - Distributeur de mati\u00e8res premi\u00e8res en gros\",\"description\":\"Surowce dla przemys\u0142u spo\u017cywczego, kosmetycznego i farmaceutycznego\",\"publisher\":{\"@id\":\"https:\\\/\\\/naturalpoland.com\\\/fr\\\/#organization\"},\"potentialAction\":[{\"@type\":\"SearchAction\",\"target\":{\"@type\":\"EntryPoint\",\"urlTemplate\":\"https:\\\/\\\/naturalpoland.com\\\/fr\\\/?s={search_term_string}\"},\"query-input\":{\"@type\":\"PropertyValueSpecification\",\"valueRequired\":true,\"valueName\":\"search_term_string\"}}],\"inLanguage\":\"fr-FR\"},{\"@type\":\"Organization\",\"@id\":\"https:\\\/\\\/naturalpoland.com\\\/fr\\\/#organization\",\"name\":\"Natural Poland\",\"url\":\"https:\\\/\\\/naturalpoland.com\\\/fr\\\/\",\"logo\":{\"@type\":\"ImageObject\",\"inLanguage\":\"fr-FR\",\"@id\":\"https:\\\/\\\/naturalpoland.com\\\/fr\\\/#\\\/schema\\\/logo\\\/image\\\/\",\"url\":\"https:\\\/\\\/naturalpoland.com\\\/wp-content\\\/uploads\\\/2021\\\/05\\\/natural-poland-icon.png\",\"contentUrl\":\"https:\\\/\\\/naturalpoland.com\\\/wp-content\\\/uploads\\\/2021\\\/05\\\/natural-poland-icon.png\",\"width\":512,\"height\":512,\"caption\":\"Natural Poland\"},\"image\":{\"@id\":\"https:\\\/\\\/naturalpoland.com\\\/fr\\\/#\\\/schema\\\/logo\\\/image\\\/\"},\"sameAs\":[\"https:\\\/\\\/www.facebook.com\\\/naturalpoland.b2b\",\"https:\\\/\\\/pl.linkedin.com\\\/company\\\/natural-poland\",\"https:\\\/\\\/www.youtube.com\\\/channel\\\/UCgeGGkvOMahZo-xu_MSEWxg\"]}]}<\/script>\n<!-- \/ Yoast SEO plugin. -->","yoast_head_json":{"title":"Baies - Distributeur en gros","description":"Riches en antioxydants, en vitamines, en min\u00e9raux et en fibres, les baies sont une source naturelle de nombreux bienfaits pour la sant\u00e9 qui favorisent la sant\u00e9 g\u00e9n\u00e9rale des animaux.","robots":{"index":"index","follow":"follow","max-snippet":"max-snippet:-1","max-image-preview":"max-image-preview:large","max-video-preview":"max-video-preview:-1"},"canonical":"https:\/\/naturalpoland.com\/fr\/produkty\/produits-pour-lalimentation-animale\/baies\/","og_locale":"fr_FR","og_type":"article","og_title":"Baies - Distributeur en gros","og_description":"Riches en antioxydants, en vitamines, en min\u00e9raux et en fibres, les baies sont une source naturelle de nombreux bienfaits pour la sant\u00e9 qui favorisent la sant\u00e9 g\u00e9n\u00e9rale des animaux.","og_url":"https:\/\/naturalpoland.com\/fr\/produkty\/produits-pour-lalimentation-animale\/baies\/","og_site_name":"NATURAL POLAND - Distributeur de mati\u00e8res premi\u00e8res en gros","article_publisher":"https:\/\/www.facebook.com\/naturalpoland.b2b","og_image":[{"width":600,"height":600,"url":"https:\/\/naturalpoland.com\/wp-content\/uploads\/jagody-dla-zwierzat.jpg","type":"image\/jpeg"}],"schema":{"@context":"https:\/\/schema.org","@graph":[{"@type":"WebPage","@id":"https:\/\/naturalpoland.com\/fr\/produkty\/produits-pour-lalimentation-animale\/baies\/","url":"https:\/\/naturalpoland.com\/fr\/produkty\/produits-pour-lalimentation-animale\/baies\/","name":"Baies - Distributeur en gros","isPartOf":{"@id":"https:\/\/naturalpoland.com\/fr\/#website"},"primaryImageOfPage":{"@id":"https:\/\/naturalpoland.com\/fr\/produkty\/produits-pour-lalimentation-animale\/baies\/#primaryimage"},"image":{"@id":"https:\/\/naturalpoland.com\/fr\/produkty\/produits-pour-lalimentation-animale\/baies\/#primaryimage"},"thumbnailUrl":"https:\/\/naturalpoland.com\/wp-content\/uploads\/jagody-dla-zwierzat.jpg","datePublished":"2023-08-11T11:46:30+00:00","description":"Riches en antioxydants, en vitamines, en min\u00e9raux et en fibres, les baies sont une source naturelle de nombreux bienfaits pour la sant\u00e9 qui favorisent la sant\u00e9 g\u00e9n\u00e9rale des animaux.","breadcrumb":{"@id":"https:\/\/naturalpoland.com\/fr\/produkty\/produits-pour-lalimentation-animale\/baies\/#breadcrumb"},"inLanguage":"fr-FR","potentialAction":[{"@type":"ReadAction","target":["https:\/\/naturalpoland.com\/fr\/produkty\/produits-pour-lalimentation-animale\/baies\/"]}]},{"@type":"ImageObject","inLanguage":"fr-FR","@id":"https:\/\/naturalpoland.com\/fr\/produkty\/produits-pour-lalimentation-animale\/baies\/#primaryimage","url":"https:\/\/naturalpoland.com\/wp-content\/uploads\/jagody-dla-zwierzat.jpg","contentUrl":"https:\/\/naturalpoland.com\/wp-content\/uploads\/jagody-dla-zwierzat.jpg","width":600,"height":600,"caption":"baies pour les animaux"},{"@type":"BreadcrumbList","@id":"https:\/\/naturalpoland.com\/fr\/produkty\/produits-pour-lalimentation-animale\/baies\/#breadcrumb","itemListElement":[{"@type":"ListItem","position":1,"name":"Accueil","item":"https:\/\/naturalpoland.com\/fr\/"},{"@type":"ListItem","position":2,"name":"Produits","item":"https:\/\/naturalpoland.com\/fr\/produits\/"},{"@type":"ListItem","position":3,"name":"Baies"}]},{"@type":"WebSite","@id":"https:\/\/naturalpoland.com\/fr\/#website","url":"https:\/\/naturalpoland.com\/fr\/","name":"NATURAL POLAND - Distributeur de mati\u00e8res premi\u00e8res en gros","description":"Surowce dla przemys\u0142u spo\u017cywczego, kosmetycznego i farmaceutycznego","publisher":{"@id":"https:\/\/naturalpoland.com\/fr\/#organization"},"potentialAction":[{"@type":"SearchAction","target":{"@type":"EntryPoint","urlTemplate":"https:\/\/naturalpoland.com\/fr\/?s={search_term_string}"},"query-input":{"@type":"PropertyValueSpecification","valueRequired":true,"valueName":"search_term_string"}}],"inLanguage":"fr-FR"},{"@type":"Organization","@id":"https:\/\/naturalpoland.com\/fr\/#organization","name":"Natural Poland","url":"https:\/\/naturalpoland.com\/fr\/","logo":{"@type":"ImageObject","inLanguage":"fr-FR","@id":"https:\/\/naturalpoland.com\/fr\/#\/schema\/logo\/image\/","url":"https:\/\/naturalpoland.com\/wp-content\/uploads\/2021\/05\/natural-poland-icon.png","contentUrl":"https:\/\/naturalpoland.com\/wp-content\/uploads\/2021\/05\/natural-poland-icon.png","width":512,"height":512,"caption":"Natural Poland"},"image":{"@id":"https:\/\/naturalpoland.com\/fr\/#\/schema\/logo\/image\/"},"sameAs":["https:\/\/www.facebook.com\/naturalpoland.b2b","https:\/\/pl.linkedin.com\/company\/natural-poland","https:\/\/www.youtube.com\/channel\/UCgeGGkvOMahZo-xu_MSEWxg"]}]}},"_links":{"self":[{"href":"https:\/\/naturalpoland.com\/fr\/wp-json\/wp\/v2\/product\/25018","targetHints":{"allow":["GET"]}}],"collection":[{"href":"https:\/\/naturalpoland.com\/fr\/wp-json\/wp\/v2\/product"}],"about":[{"href":"https:\/\/naturalpoland.com\/fr\/wp-json\/wp\/v2\/types\/product"}],"wp:featuredmedia":[{"embeddable":true,"href":"https:\/\/naturalpoland.com\/fr\/wp-json\/wp\/v2\/media\/25009"}],"wp:attachment":[{"href":"https:\/\/naturalpoland.com\/fr\/wp-json\/wp\/v2\/media?parent=25018"}],"wp:term":[{"taxonomy":"product_brand","embeddable":true,"href":"https:\/\/naturalpoland.com\/fr\/wp-json\/wp\/v2\/product_brand?post=25018"},{"taxonomy":"product_cat","embeddable":true,"href":"https:\/\/naturalpoland.com\/fr\/wp-json\/wp\/v2\/product_cat?post=25018"},{"taxonomy":"product_tag","embeddable":true,"href":"https:\/\/naturalpoland.com\/fr\/wp-json\/wp\/v2\/product_tag?post=25018"}],"curies":[{"name":"wp","href":"https:\/\/api.w.org\/{rel}","templated":true}]}}