{"id":25020,"date":"2023-08-11T13:04:03","date_gmt":"2023-08-11T11:46:30","guid":{"rendered":"https:\/\/naturalpoland.com\/produkty\/non class\u00e9\/legumes-secs\/"},"modified":"2023-08-11T13:46:30","modified_gmt":"2023-08-11T11:46:30","slug":"legumes-secs","status":"publish","type":"product","link":"https:\/\/naturalpoland.com\/fr\/produkty\/produits-pour-lalimentation-animale\/legumes-secs\/","title":{"rendered":"L\u00e9gumes secs"},"content":{"rendered":"<p>Nous proposons une large gamme de l\u00e9gumes secs qui ont \u00e9t\u00e9 trait\u00e9s selon les normes de qualit\u00e9 les plus strictes.<\/p>\n<ul>\n<li><strong>Flocons de haricots<\/strong>: Une excellente source de prot\u00e9ines et de fibres. Id\u00e9al pour enrichir le m\u00e9lange alimentaire.<\/li>\n<li>Le <strong>brocoli<\/strong>: Riche en vitamines, dont les vitamines C et K, et en antioxydants.<\/li>\n<li><strong>Flocons de pois<\/strong>: Ils contiennent beaucoup de prot\u00e9ines et sont une excellente source de fibres.<\/li>\n<li><strong>Tranches de concombre<\/strong>: Excellente source de potassium et de vitamine K.<\/li>\n<li><strong>Caroube<\/strong>: Un \u00e9dulcorant naturel, riche en vitamines et min\u00e9raux.<\/li>\n<li><strong>Carottes en cubes et en tranches<\/strong>: Fournissent du b\u00eata-carot\u00e8ne et des vitamines B.<\/li>\n<li><strong>Cubes et flocons de pommes de terre<\/strong>: Source de vitamine C et de potassium.<\/li>\n<li><strong>Flocons de citrouille<\/strong>: riches en magn\u00e9sium, en fer et en pr\u00e9cieux antioxydants.<\/li>\n<li><strong>Flocons de poireaux<\/strong>: Ils apportent du fer, des fibres et de la vitamine A.<\/li>\n<li><strong>Poivrons rouges et verts<\/strong>: riche source de vitamine C et de b\u00eata-carot\u00e8ne.<\/li>\n<li><strong>Panais<\/strong>: Teneur \u00e9lev\u00e9e en vitamine C, en folate et en potassium.<\/li>\n<li><strong>Racine de betterave<\/strong>: Contient de la b\u00e9tanine, qui a un effet antioxydant.<\/li>\n<li><strong>Flocons de c\u00e9leri<\/strong>: Source de vitamines B et de potassium.<\/li>\n<li><strong>Patate douce<\/strong>: riche en vitamine A et en fibres.<\/li>\n<li><strong>Flocons de tomates<\/strong>: Une source de licop\u00e8ne, un antioxydant du potassium.<\/li>\n<li><strong>Topinambour<\/strong>: fournit de l&rsquo;inuline, une fibre pr\u00e9biotique.<\/li>\n<li><strong>Flocons de chou<\/strong>: riches en vitamine C et K.<\/li>\n<li><strong>Courgettes en cubes<\/strong>: Source de vitamine C et de potassium.<\/li>\n<\/ul>\n","protected":false},"excerpt":{"rendered":"<p>Les l\u00e9gumes sont un ingr\u00e9dient cl\u00e9 du r\u00e9gime alimentaire de nombreux animaux, leur apportant des vitamines, des min\u00e9raux et des fibres essentiels. Le s\u00e9chage des l\u00e9gumes permet de pr\u00e9server ces pr\u00e9cieux nutriments tout en prolongeant leur dur\u00e9e de conservation.<\/p>\n","protected":false},"featured_media":24985,"template":"","meta":{"_acf_changed":false},"product_brand":[],"product_cat":[2510],"product_tag":[],"class_list":{"0":"post-25020","1":"product","2":"type-product","3":"status-publish","4":"has-post-thumbnail","6":"product_cat-produits-pour-lalimentation-animale","8":"first","9":"instock","10":"shipping-taxable","11":"product-type-simple"},"acf":[],"yoast_head":"<!-- This site is optimized with the Yoast SEO plugin v27.4 - https:\/\/yoast.com\/product\/yoast-seo-wordpress\/ -->\n<title>L\u00e9gumes secs - Distributeur en gros<\/title>\n<meta name=\"description\" content=\"Nous proposons une large gamme de l\u00e9gumes secs qui ont \u00e9t\u00e9 trait\u00e9s selon les normes de qualit\u00e9 les plus strictes.\" \/>\n<meta name=\"robots\" content=\"index, follow, max-snippet:-1, max-image-preview:large, max-video-preview:-1\" \/>\n<link rel=\"canonical\" href=\"https:\/\/naturalpoland.com\/fr\/produkty\/produits-pour-lalimentation-animale\/legumes-secs\/\" \/>\n<meta property=\"og:locale\" content=\"fr_FR\" \/>\n<meta property=\"og:type\" content=\"article\" \/>\n<meta property=\"og:title\" content=\"L\u00e9gumes secs - Distributeur en gros\" \/>\n<meta property=\"og:description\" content=\"Nous proposons une large gamme de l\u00e9gumes secs qui ont \u00e9t\u00e9 trait\u00e9s selon les normes de qualit\u00e9 les plus strictes.\" \/>\n<meta property=\"og:url\" content=\"https:\/\/naturalpoland.com\/fr\/produkty\/produits-pour-lalimentation-animale\/legumes-secs\/\" \/>\n<meta property=\"og:site_name\" content=\"NATURAL POLAND - Distributeur de mati\u00e8res premi\u00e8res en gros\" \/>\n<meta property=\"article:publisher\" content=\"https:\/\/www.facebook.com\/naturalpoland.b2b\" \/>\n<meta property=\"og:image\" content=\"https:\/\/naturalpoland.com\/wp-content\/uploads\/warzywa-suszone.jpg\" \/>\n\t<meta property=\"og:image:width\" content=\"600\" \/>\n\t<meta property=\"og:image:height\" content=\"600\" \/>\n\t<meta property=\"og:image:type\" content=\"image\/jpeg\" \/>\n<script type=\"application\/ld+json\" class=\"yoast-schema-graph\">{\"@context\":\"https:\\\/\\\/schema.org\",\"@graph\":[{\"@type\":\"WebPage\",\"@id\":\"https:\\\/\\\/naturalpoland.com\\\/fr\\\/produkty\\\/produits-pour-lalimentation-animale\\\/legumes-secs\\\/\",\"url\":\"https:\\\/\\\/naturalpoland.com\\\/fr\\\/produkty\\\/produits-pour-lalimentation-animale\\\/legumes-secs\\\/\",\"name\":\"L\u00e9gumes secs - Distributeur en gros\",\"isPartOf\":{\"@id\":\"https:\\\/\\\/naturalpoland.com\\\/fr\\\/#website\"},\"primaryImageOfPage\":{\"@id\":\"https:\\\/\\\/naturalpoland.com\\\/fr\\\/produkty\\\/produits-pour-lalimentation-animale\\\/legumes-secs\\\/#primaryimage\"},\"image\":{\"@id\":\"https:\\\/\\\/naturalpoland.com\\\/fr\\\/produkty\\\/produits-pour-lalimentation-animale\\\/legumes-secs\\\/#primaryimage\"},\"thumbnailUrl\":\"https:\\\/\\\/naturalpoland.com\\\/wp-content\\\/uploads\\\/warzywa-suszone.jpg\",\"datePublished\":\"2023-08-11T11:46:30+00:00\",\"description\":\"Nous proposons une large gamme de l\u00e9gumes secs qui ont \u00e9t\u00e9 trait\u00e9s selon les normes de qualit\u00e9 les plus strictes.\",\"breadcrumb\":{\"@id\":\"https:\\\/\\\/naturalpoland.com\\\/fr\\\/produkty\\\/produits-pour-lalimentation-animale\\\/legumes-secs\\\/#breadcrumb\"},\"inLanguage\":\"fr-FR\",\"potentialAction\":[{\"@type\":\"ReadAction\",\"target\":[\"https:\\\/\\\/naturalpoland.com\\\/fr\\\/produkty\\\/produits-pour-lalimentation-animale\\\/legumes-secs\\\/\"]}]},{\"@type\":\"ImageObject\",\"inLanguage\":\"fr-FR\",\"@id\":\"https:\\\/\\\/naturalpoland.com\\\/fr\\\/produkty\\\/produits-pour-lalimentation-animale\\\/legumes-secs\\\/#primaryimage\",\"url\":\"https:\\\/\\\/naturalpoland.com\\\/wp-content\\\/uploads\\\/warzywa-suszone.jpg\",\"contentUrl\":\"https:\\\/\\\/naturalpoland.com\\\/wp-content\\\/uploads\\\/warzywa-suszone.jpg\",\"width\":600,\"height\":600,\"caption\":\"l\u00e9gumes secs\"},{\"@type\":\"BreadcrumbList\",\"@id\":\"https:\\\/\\\/naturalpoland.com\\\/fr\\\/produkty\\\/produits-pour-lalimentation-animale\\\/legumes-secs\\\/#breadcrumb\",\"itemListElement\":[{\"@type\":\"ListItem\",\"position\":1,\"name\":\"Accueil\",\"item\":\"https:\\\/\\\/naturalpoland.com\\\/fr\\\/\"},{\"@type\":\"ListItem\",\"position\":2,\"name\":\"Produits\",\"item\":\"https:\\\/\\\/naturalpoland.com\\\/fr\\\/produits\\\/\"},{\"@type\":\"ListItem\",\"position\":3,\"name\":\"L\u00e9gumes secs\"}]},{\"@type\":\"WebSite\",\"@id\":\"https:\\\/\\\/naturalpoland.com\\\/fr\\\/#website\",\"url\":\"https:\\\/\\\/naturalpoland.com\\\/fr\\\/\",\"name\":\"NATURAL POLAND - Distributeur de mati\u00e8res premi\u00e8res en gros\",\"description\":\"Surowce dla przemys\u0142u spo\u017cywczego, kosmetycznego i farmaceutycznego\",\"publisher\":{\"@id\":\"https:\\\/\\\/naturalpoland.com\\\/fr\\\/#organization\"},\"potentialAction\":[{\"@type\":\"SearchAction\",\"target\":{\"@type\":\"EntryPoint\",\"urlTemplate\":\"https:\\\/\\\/naturalpoland.com\\\/fr\\\/?s={search_term_string}\"},\"query-input\":{\"@type\":\"PropertyValueSpecification\",\"valueRequired\":true,\"valueName\":\"search_term_string\"}}],\"inLanguage\":\"fr-FR\"},{\"@type\":\"Organization\",\"@id\":\"https:\\\/\\\/naturalpoland.com\\\/fr\\\/#organization\",\"name\":\"Natural Poland\",\"url\":\"https:\\\/\\\/naturalpoland.com\\\/fr\\\/\",\"logo\":{\"@type\":\"ImageObject\",\"inLanguage\":\"fr-FR\",\"@id\":\"https:\\\/\\\/naturalpoland.com\\\/fr\\\/#\\\/schema\\\/logo\\\/image\\\/\",\"url\":\"https:\\\/\\\/naturalpoland.com\\\/wp-content\\\/uploads\\\/2021\\\/05\\\/natural-poland-icon.png\",\"contentUrl\":\"https:\\\/\\\/naturalpoland.com\\\/wp-content\\\/uploads\\\/2021\\\/05\\\/natural-poland-icon.png\",\"width\":512,\"height\":512,\"caption\":\"Natural Poland\"},\"image\":{\"@id\":\"https:\\\/\\\/naturalpoland.com\\\/fr\\\/#\\\/schema\\\/logo\\\/image\\\/\"},\"sameAs\":[\"https:\\\/\\\/www.facebook.com\\\/naturalpoland.b2b\",\"https:\\\/\\\/pl.linkedin.com\\\/company\\\/natural-poland\",\"https:\\\/\\\/www.youtube.com\\\/channel\\\/UCgeGGkvOMahZo-xu_MSEWxg\"]}]}<\/script>\n<!-- \/ Yoast SEO plugin. -->","yoast_head_json":{"title":"L\u00e9gumes secs - Distributeur en gros","description":"Nous proposons une large gamme de l\u00e9gumes secs qui ont \u00e9t\u00e9 trait\u00e9s selon les normes de qualit\u00e9 les plus strictes.","robots":{"index":"index","follow":"follow","max-snippet":"max-snippet:-1","max-image-preview":"max-image-preview:large","max-video-preview":"max-video-preview:-1"},"canonical":"https:\/\/naturalpoland.com\/fr\/produkty\/produits-pour-lalimentation-animale\/legumes-secs\/","og_locale":"fr_FR","og_type":"article","og_title":"L\u00e9gumes secs - Distributeur en gros","og_description":"Nous proposons une large gamme de l\u00e9gumes secs qui ont \u00e9t\u00e9 trait\u00e9s selon les normes de qualit\u00e9 les plus strictes.","og_url":"https:\/\/naturalpoland.com\/fr\/produkty\/produits-pour-lalimentation-animale\/legumes-secs\/","og_site_name":"NATURAL POLAND - Distributeur de mati\u00e8res premi\u00e8res en gros","article_publisher":"https:\/\/www.facebook.com\/naturalpoland.b2b","og_image":[{"width":600,"height":600,"url":"https:\/\/naturalpoland.com\/wp-content\/uploads\/warzywa-suszone.jpg","type":"image\/jpeg"}],"schema":{"@context":"https:\/\/schema.org","@graph":[{"@type":"WebPage","@id":"https:\/\/naturalpoland.com\/fr\/produkty\/produits-pour-lalimentation-animale\/legumes-secs\/","url":"https:\/\/naturalpoland.com\/fr\/produkty\/produits-pour-lalimentation-animale\/legumes-secs\/","name":"L\u00e9gumes secs - Distributeur en gros","isPartOf":{"@id":"https:\/\/naturalpoland.com\/fr\/#website"},"primaryImageOfPage":{"@id":"https:\/\/naturalpoland.com\/fr\/produkty\/produits-pour-lalimentation-animale\/legumes-secs\/#primaryimage"},"image":{"@id":"https:\/\/naturalpoland.com\/fr\/produkty\/produits-pour-lalimentation-animale\/legumes-secs\/#primaryimage"},"thumbnailUrl":"https:\/\/naturalpoland.com\/wp-content\/uploads\/warzywa-suszone.jpg","datePublished":"2023-08-11T11:46:30+00:00","description":"Nous proposons une large gamme de l\u00e9gumes secs qui ont \u00e9t\u00e9 trait\u00e9s selon les normes de qualit\u00e9 les plus strictes.","breadcrumb":{"@id":"https:\/\/naturalpoland.com\/fr\/produkty\/produits-pour-lalimentation-animale\/legumes-secs\/#breadcrumb"},"inLanguage":"fr-FR","potentialAction":[{"@type":"ReadAction","target":["https:\/\/naturalpoland.com\/fr\/produkty\/produits-pour-lalimentation-animale\/legumes-secs\/"]}]},{"@type":"ImageObject","inLanguage":"fr-FR","@id":"https:\/\/naturalpoland.com\/fr\/produkty\/produits-pour-lalimentation-animale\/legumes-secs\/#primaryimage","url":"https:\/\/naturalpoland.com\/wp-content\/uploads\/warzywa-suszone.jpg","contentUrl":"https:\/\/naturalpoland.com\/wp-content\/uploads\/warzywa-suszone.jpg","width":600,"height":600,"caption":"l\u00e9gumes secs"},{"@type":"BreadcrumbList","@id":"https:\/\/naturalpoland.com\/fr\/produkty\/produits-pour-lalimentation-animale\/legumes-secs\/#breadcrumb","itemListElement":[{"@type":"ListItem","position":1,"name":"Accueil","item":"https:\/\/naturalpoland.com\/fr\/"},{"@type":"ListItem","position":2,"name":"Produits","item":"https:\/\/naturalpoland.com\/fr\/produits\/"},{"@type":"ListItem","position":3,"name":"L\u00e9gumes secs"}]},{"@type":"WebSite","@id":"https:\/\/naturalpoland.com\/fr\/#website","url":"https:\/\/naturalpoland.com\/fr\/","name":"NATURAL POLAND - Distributeur de mati\u00e8res premi\u00e8res en gros","description":"Surowce dla przemys\u0142u spo\u017cywczego, kosmetycznego i farmaceutycznego","publisher":{"@id":"https:\/\/naturalpoland.com\/fr\/#organization"},"potentialAction":[{"@type":"SearchAction","target":{"@type":"EntryPoint","urlTemplate":"https:\/\/naturalpoland.com\/fr\/?s={search_term_string}"},"query-input":{"@type":"PropertyValueSpecification","valueRequired":true,"valueName":"search_term_string"}}],"inLanguage":"fr-FR"},{"@type":"Organization","@id":"https:\/\/naturalpoland.com\/fr\/#organization","name":"Natural Poland","url":"https:\/\/naturalpoland.com\/fr\/","logo":{"@type":"ImageObject","inLanguage":"fr-FR","@id":"https:\/\/naturalpoland.com\/fr\/#\/schema\/logo\/image\/","url":"https:\/\/naturalpoland.com\/wp-content\/uploads\/2021\/05\/natural-poland-icon.png","contentUrl":"https:\/\/naturalpoland.com\/wp-content\/uploads\/2021\/05\/natural-poland-icon.png","width":512,"height":512,"caption":"Natural Poland"},"image":{"@id":"https:\/\/naturalpoland.com\/fr\/#\/schema\/logo\/image\/"},"sameAs":["https:\/\/www.facebook.com\/naturalpoland.b2b","https:\/\/pl.linkedin.com\/company\/natural-poland","https:\/\/www.youtube.com\/channel\/UCgeGGkvOMahZo-xu_MSEWxg"]}]}},"_links":{"self":[{"href":"https:\/\/naturalpoland.com\/fr\/wp-json\/wp\/v2\/product\/25020","targetHints":{"allow":["GET"]}}],"collection":[{"href":"https:\/\/naturalpoland.com\/fr\/wp-json\/wp\/v2\/product"}],"about":[{"href":"https:\/\/naturalpoland.com\/fr\/wp-json\/wp\/v2\/types\/product"}],"wp:featuredmedia":[{"embeddable":true,"href":"https:\/\/naturalpoland.com\/fr\/wp-json\/wp\/v2\/media\/24985"}],"wp:attachment":[{"href":"https:\/\/naturalpoland.com\/fr\/wp-json\/wp\/v2\/media?parent=25020"}],"wp:term":[{"taxonomy":"product_brand","embeddable":true,"href":"https:\/\/naturalpoland.com\/fr\/wp-json\/wp\/v2\/product_brand?post=25020"},{"taxonomy":"product_cat","embeddable":true,"href":"https:\/\/naturalpoland.com\/fr\/wp-json\/wp\/v2\/product_cat?post=25020"},{"taxonomy":"product_tag","embeddable":true,"href":"https:\/\/naturalpoland.com\/fr\/wp-json\/wp\/v2\/product_tag?post=25020"}],"curies":[{"name":"wp","href":"https:\/\/api.w.org\/{rel}","templated":true}]}}