{"id":26024,"date":"2023-10-02T15:24:23","date_gmt":"2023-10-02T13:24:23","guid":{"rendered":"https:\/\/naturalpoland.com\/produkty\/non class\u00e9\/proteines-de-citrouille\/"},"modified":"2023-10-03T09:29:03","modified_gmt":"2023-10-03T07:29:03","slug":"proteines-de-dynia","status":"publish","type":"product","link":"https:\/\/naturalpoland.com\/fr\/produkty\/produits-pour-lindustrie-alimentaire\/proteines-vegetales\/proteines-de-dynia\/","title":{"rendered":"Prot\u00e9ines de citrouille"},"content":{"rendered":"<h3>Propri\u00e9t\u00e9s de la prot\u00e9ine de courge<\/h3>\n<ol>\n<li><strong>Riche en nutriments :<\/strong> La prot\u00e9ine de citrouille fournit un large spectre d&rsquo;acides amin\u00e9s, dont l&rsquo;arginine et la glutamine, et contient des quantit\u00e9s n\u00e9gligeables de graisses satur\u00e9es et de sucres.<\/li>\n<li><strong>Soutient le m\u00e9tabolisme :<\/strong> contient du magn\u00e9sium, du fer et du zinc, qui sont essentiels au maintien d&rsquo;un m\u00e9tabolisme sain.<\/li>\n<li><strong>Action antioxydante :<\/strong> la prot\u00e9ine de citrouille est riche en antioxydants, qui soutiennent le syst\u00e8me immunitaire et acc\u00e9l\u00e8rent la r\u00e9cup\u00e9ration apr\u00e8s l&rsquo;exercice.<\/li>\n<li><strong>Convient aux v\u00e9g\u00e9taliens :<\/strong> en tant que prot\u00e9ine v\u00e9g\u00e9tale, c&rsquo;est une excellente option pour les <strong>v\u00e9g\u00e9taliens<\/strong>, les v\u00e9g\u00e9tariens et les personnes souffrant d&rsquo;une intol\u00e9rance au lactose.<\/li>\n<\/ol>\n<p>En raison de ses propri\u00e9t\u00e9s nutritionnelles et de sa teneur \u00e9lev\u00e9e en prot\u00e9ines, la prot\u00e9ine de citrouille est un ingr\u00e9dient populaire dans les compl\u00e9ments alimentaires, les produits de fitness et en tant qu&rsquo;ajout aux shakes et smoothies. Son go\u00fbt et sa texture neutres en font un excellent compl\u00e9ment aux produits de boulangerie, aux c\u00e9r\u00e9ales de petit-d\u00e9jeuner et \u00e0 d&rsquo;autres plats.<\/p>\n<p>Les produits \u00e0 base de prot\u00e9ines de citrouille peuvent \u00eatre efficacement inclus dans la gamme destin\u00e9e aux personnes ayant un mode de vie actif, aux v\u00e9g\u00e9taliens, aux v\u00e9g\u00e9tariens et \u00e0 tous ceux qui recherchent des alternatives aux prot\u00e9ines animales.<\/p>\n","protected":false},"excerpt":{"rendered":"<p>Avec environ 60 % de prot\u00e9ines, la prot\u00e9ine de citrouille est un excellent compl\u00e9ment nutritionnel utilis\u00e9 dans une vari\u00e9t\u00e9 d&rsquo;aliments. Il s&rsquo;agit d&rsquo;un type de prot\u00e9ine v\u00e9g\u00e9tale extraite des graines de citrouille, qui sont s\u00e9ch\u00e9es et press\u00e9es pour obtenir un concentr\u00e9 de prot\u00e9ines.<\/p>\n","protected":false},"featured_media":26004,"template":"","meta":[],"product_brand":[],"product_cat":[1300,2666],"product_tag":[],"class_list":{"0":"post-26024","1":"product","2":"type-product","3":"status-publish","4":"has-post-thumbnail","6":"product_cat-additifs-de-complements-alimentaires","7":"product_cat-proteines-vegetales","9":"first","10":"instock","11":"shipping-taxable","12":"product-type-simple"},"yoast_head":"<!-- This site is optimized with the Yoast SEO plugin v27.3 - https:\/\/yoast.com\/product\/yoast-seo-wordpress\/ -->\n<title>Prot\u00e9ines de citrouille - Distributeur en gros<\/title>\n<meta name=\"description\" content=\"La prot\u00e9ine de citrouille, qui contient environ 60 % de prot\u00e9ines, est un type de prot\u00e9ine v\u00e9g\u00e9tale extraite de graines de citrouille s\u00e9ch\u00e9es et press\u00e9es.\" \/>\n<meta name=\"robots\" content=\"index, follow, max-snippet:-1, max-image-preview:large, max-video-preview:-1\" \/>\n<link rel=\"canonical\" href=\"https:\/\/naturalpoland.com\/fr\/produkty\/produits-pour-lindustrie-alimentaire\/proteines-vegetales\/proteines-de-dynia\/\" \/>\n<meta property=\"og:locale\" content=\"fr_FR\" \/>\n<meta property=\"og:type\" content=\"article\" \/>\n<meta property=\"og:title\" content=\"Prot\u00e9ines de citrouille - Distributeur en gros\" \/>\n<meta property=\"og:description\" content=\"La prot\u00e9ine de citrouille, qui contient environ 60 % de prot\u00e9ines, est un type de prot\u00e9ine v\u00e9g\u00e9tale extraite de graines de citrouille s\u00e9ch\u00e9es et press\u00e9es.\" \/>\n<meta property=\"og:url\" content=\"https:\/\/naturalpoland.com\/fr\/produkty\/produits-pour-lindustrie-alimentaire\/proteines-vegetales\/proteines-de-dynia\/\" \/>\n<meta property=\"og:site_name\" content=\"NATURAL POLAND - Distributeur de mati\u00e8res premi\u00e8res en gros\" \/>\n<meta property=\"article:publisher\" content=\"https:\/\/www.facebook.com\/naturalpoland.b2b\" \/>\n<meta property=\"article:modified_time\" content=\"2023-10-03T07:29:03+00:00\" \/>\n<meta property=\"og:image\" content=\"https:\/\/naturalpoland.com\/wp-content\/uploads\/bialko-dyni.jpg\" \/>\n\t<meta property=\"og:image:width\" content=\"650\" \/>\n\t<meta property=\"og:image:height\" content=\"650\" \/>\n\t<meta property=\"og:image:type\" content=\"image\/jpeg\" \/>\n<script type=\"application\/ld+json\" class=\"yoast-schema-graph\">{\"@context\":\"https:\\\/\\\/schema.org\",\"@graph\":[{\"@type\":\"WebPage\",\"@id\":\"https:\\\/\\\/naturalpoland.com\\\/fr\\\/produkty\\\/produits-pour-lindustrie-alimentaire\\\/proteines-vegetales\\\/proteines-de-dynia\\\/\",\"url\":\"https:\\\/\\\/naturalpoland.com\\\/fr\\\/produkty\\\/produits-pour-lindustrie-alimentaire\\\/proteines-vegetales\\\/proteines-de-dynia\\\/\",\"name\":\"Prot\u00e9ines de citrouille - Distributeur en gros\",\"isPartOf\":{\"@id\":\"https:\\\/\\\/naturalpoland.com\\\/fr\\\/#website\"},\"primaryImageOfPage\":{\"@id\":\"https:\\\/\\\/naturalpoland.com\\\/fr\\\/produkty\\\/produits-pour-lindustrie-alimentaire\\\/proteines-vegetales\\\/proteines-de-dynia\\\/#primaryimage\"},\"image\":{\"@id\":\"https:\\\/\\\/naturalpoland.com\\\/fr\\\/produkty\\\/produits-pour-lindustrie-alimentaire\\\/proteines-vegetales\\\/proteines-de-dynia\\\/#primaryimage\"},\"thumbnailUrl\":\"https:\\\/\\\/naturalpoland.com\\\/wp-content\\\/uploads\\\/bialko-dyni.jpg\",\"datePublished\":\"2023-10-02T13:24:23+00:00\",\"dateModified\":\"2023-10-03T07:29:03+00:00\",\"description\":\"La prot\u00e9ine de citrouille, qui contient environ 60 % de prot\u00e9ines, est un type de prot\u00e9ine v\u00e9g\u00e9tale extraite de graines de citrouille s\u00e9ch\u00e9es et press\u00e9es.\",\"breadcrumb\":{\"@id\":\"https:\\\/\\\/naturalpoland.com\\\/fr\\\/produkty\\\/produits-pour-lindustrie-alimentaire\\\/proteines-vegetales\\\/proteines-de-dynia\\\/#breadcrumb\"},\"inLanguage\":\"fr-FR\",\"potentialAction\":[{\"@type\":\"ReadAction\",\"target\":[\"https:\\\/\\\/naturalpoland.com\\\/fr\\\/produkty\\\/produits-pour-lindustrie-alimentaire\\\/proteines-vegetales\\\/proteines-de-dynia\\\/\"]}]},{\"@type\":\"ImageObject\",\"inLanguage\":\"fr-FR\",\"@id\":\"https:\\\/\\\/naturalpoland.com\\\/fr\\\/produkty\\\/produits-pour-lindustrie-alimentaire\\\/proteines-vegetales\\\/proteines-de-dynia\\\/#primaryimage\",\"url\":\"https:\\\/\\\/naturalpoland.com\\\/wp-content\\\/uploads\\\/bialko-dyni.jpg\",\"contentUrl\":\"https:\\\/\\\/naturalpoland.com\\\/wp-content\\\/uploads\\\/bialko-dyni.jpg\",\"width\":650,\"height\":650,\"caption\":\"Prot\u00e9ines de citrouille\"},{\"@type\":\"BreadcrumbList\",\"@id\":\"https:\\\/\\\/naturalpoland.com\\\/fr\\\/produkty\\\/produits-pour-lindustrie-alimentaire\\\/proteines-vegetales\\\/proteines-de-dynia\\\/#breadcrumb\",\"itemListElement\":[{\"@type\":\"ListItem\",\"position\":1,\"name\":\"Accueil\",\"item\":\"https:\\\/\\\/naturalpoland.com\\\/fr\\\/\"},{\"@type\":\"ListItem\",\"position\":2,\"name\":\"Produits\",\"item\":\"https:\\\/\\\/naturalpoland.com\\\/fr\\\/produits\\\/\"},{\"@type\":\"ListItem\",\"position\":3,\"name\":\"Prot\u00e9ines de citrouille\"}]},{\"@type\":\"WebSite\",\"@id\":\"https:\\\/\\\/naturalpoland.com\\\/fr\\\/#website\",\"url\":\"https:\\\/\\\/naturalpoland.com\\\/fr\\\/\",\"name\":\"NATURAL POLAND - Distributeur de mati\u00e8res premi\u00e8res en gros\",\"description\":\"Surowce dla przemys\u0142u spo\u017cywczego, kosmetycznego i farmaceutycznego\",\"publisher\":{\"@id\":\"https:\\\/\\\/naturalpoland.com\\\/fr\\\/#organization\"},\"potentialAction\":[{\"@type\":\"SearchAction\",\"target\":{\"@type\":\"EntryPoint\",\"urlTemplate\":\"https:\\\/\\\/naturalpoland.com\\\/fr\\\/?s={search_term_string}\"},\"query-input\":{\"@type\":\"PropertyValueSpecification\",\"valueRequired\":true,\"valueName\":\"search_term_string\"}}],\"inLanguage\":\"fr-FR\"},{\"@type\":\"Organization\",\"@id\":\"https:\\\/\\\/naturalpoland.com\\\/fr\\\/#organization\",\"name\":\"Natural Poland\",\"url\":\"https:\\\/\\\/naturalpoland.com\\\/fr\\\/\",\"logo\":{\"@type\":\"ImageObject\",\"inLanguage\":\"fr-FR\",\"@id\":\"https:\\\/\\\/naturalpoland.com\\\/fr\\\/#\\\/schema\\\/logo\\\/image\\\/\",\"url\":\"https:\\\/\\\/naturalpoland.com\\\/wp-content\\\/uploads\\\/2021\\\/05\\\/natural-poland-icon.png\",\"contentUrl\":\"https:\\\/\\\/naturalpoland.com\\\/wp-content\\\/uploads\\\/2021\\\/05\\\/natural-poland-icon.png\",\"width\":512,\"height\":512,\"caption\":\"Natural Poland\"},\"image\":{\"@id\":\"https:\\\/\\\/naturalpoland.com\\\/fr\\\/#\\\/schema\\\/logo\\\/image\\\/\"},\"sameAs\":[\"https:\\\/\\\/www.facebook.com\\\/naturalpoland.b2b\",\"https:\\\/\\\/pl.linkedin.com\\\/company\\\/natural-poland\",\"https:\\\/\\\/www.youtube.com\\\/channel\\\/UCgeGGkvOMahZo-xu_MSEWxg\"]}]}<\/script>\n<!-- \/ Yoast SEO plugin. -->","yoast_head_json":{"title":"Prot\u00e9ines de citrouille - Distributeur en gros","description":"La prot\u00e9ine de citrouille, qui contient environ 60 % de prot\u00e9ines, est un type de prot\u00e9ine v\u00e9g\u00e9tale extraite de graines de citrouille s\u00e9ch\u00e9es et press\u00e9es.","robots":{"index":"index","follow":"follow","max-snippet":"max-snippet:-1","max-image-preview":"max-image-preview:large","max-video-preview":"max-video-preview:-1"},"canonical":"https:\/\/naturalpoland.com\/fr\/produkty\/produits-pour-lindustrie-alimentaire\/proteines-vegetales\/proteines-de-dynia\/","og_locale":"fr_FR","og_type":"article","og_title":"Prot\u00e9ines de citrouille - Distributeur en gros","og_description":"La prot\u00e9ine de citrouille, qui contient environ 60 % de prot\u00e9ines, est un type de prot\u00e9ine v\u00e9g\u00e9tale extraite de graines de citrouille s\u00e9ch\u00e9es et press\u00e9es.","og_url":"https:\/\/naturalpoland.com\/fr\/produkty\/produits-pour-lindustrie-alimentaire\/proteines-vegetales\/proteines-de-dynia\/","og_site_name":"NATURAL POLAND - Distributeur de mati\u00e8res premi\u00e8res en gros","article_publisher":"https:\/\/www.facebook.com\/naturalpoland.b2b","article_modified_time":"2023-10-03T07:29:03+00:00","og_image":[{"width":650,"height":650,"url":"https:\/\/naturalpoland.com\/wp-content\/uploads\/bialko-dyni.jpg","type":"image\/jpeg"}],"schema":{"@context":"https:\/\/schema.org","@graph":[{"@type":"WebPage","@id":"https:\/\/naturalpoland.com\/fr\/produkty\/produits-pour-lindustrie-alimentaire\/proteines-vegetales\/proteines-de-dynia\/","url":"https:\/\/naturalpoland.com\/fr\/produkty\/produits-pour-lindustrie-alimentaire\/proteines-vegetales\/proteines-de-dynia\/","name":"Prot\u00e9ines de citrouille - Distributeur en gros","isPartOf":{"@id":"https:\/\/naturalpoland.com\/fr\/#website"},"primaryImageOfPage":{"@id":"https:\/\/naturalpoland.com\/fr\/produkty\/produits-pour-lindustrie-alimentaire\/proteines-vegetales\/proteines-de-dynia\/#primaryimage"},"image":{"@id":"https:\/\/naturalpoland.com\/fr\/produkty\/produits-pour-lindustrie-alimentaire\/proteines-vegetales\/proteines-de-dynia\/#primaryimage"},"thumbnailUrl":"https:\/\/naturalpoland.com\/wp-content\/uploads\/bialko-dyni.jpg","datePublished":"2023-10-02T13:24:23+00:00","dateModified":"2023-10-03T07:29:03+00:00","description":"La prot\u00e9ine de citrouille, qui contient environ 60 % de prot\u00e9ines, est un type de prot\u00e9ine v\u00e9g\u00e9tale extraite de graines de citrouille s\u00e9ch\u00e9es et press\u00e9es.","breadcrumb":{"@id":"https:\/\/naturalpoland.com\/fr\/produkty\/produits-pour-lindustrie-alimentaire\/proteines-vegetales\/proteines-de-dynia\/#breadcrumb"},"inLanguage":"fr-FR","potentialAction":[{"@type":"ReadAction","target":["https:\/\/naturalpoland.com\/fr\/produkty\/produits-pour-lindustrie-alimentaire\/proteines-vegetales\/proteines-de-dynia\/"]}]},{"@type":"ImageObject","inLanguage":"fr-FR","@id":"https:\/\/naturalpoland.com\/fr\/produkty\/produits-pour-lindustrie-alimentaire\/proteines-vegetales\/proteines-de-dynia\/#primaryimage","url":"https:\/\/naturalpoland.com\/wp-content\/uploads\/bialko-dyni.jpg","contentUrl":"https:\/\/naturalpoland.com\/wp-content\/uploads\/bialko-dyni.jpg","width":650,"height":650,"caption":"Prot\u00e9ines de citrouille"},{"@type":"BreadcrumbList","@id":"https:\/\/naturalpoland.com\/fr\/produkty\/produits-pour-lindustrie-alimentaire\/proteines-vegetales\/proteines-de-dynia\/#breadcrumb","itemListElement":[{"@type":"ListItem","position":1,"name":"Accueil","item":"https:\/\/naturalpoland.com\/fr\/"},{"@type":"ListItem","position":2,"name":"Produits","item":"https:\/\/naturalpoland.com\/fr\/produits\/"},{"@type":"ListItem","position":3,"name":"Prot\u00e9ines de citrouille"}]},{"@type":"WebSite","@id":"https:\/\/naturalpoland.com\/fr\/#website","url":"https:\/\/naturalpoland.com\/fr\/","name":"NATURAL POLAND - Distributeur de mati\u00e8res premi\u00e8res en gros","description":"Surowce dla przemys\u0142u spo\u017cywczego, kosmetycznego i farmaceutycznego","publisher":{"@id":"https:\/\/naturalpoland.com\/fr\/#organization"},"potentialAction":[{"@type":"SearchAction","target":{"@type":"EntryPoint","urlTemplate":"https:\/\/naturalpoland.com\/fr\/?s={search_term_string}"},"query-input":{"@type":"PropertyValueSpecification","valueRequired":true,"valueName":"search_term_string"}}],"inLanguage":"fr-FR"},{"@type":"Organization","@id":"https:\/\/naturalpoland.com\/fr\/#organization","name":"Natural Poland","url":"https:\/\/naturalpoland.com\/fr\/","logo":{"@type":"ImageObject","inLanguage":"fr-FR","@id":"https:\/\/naturalpoland.com\/fr\/#\/schema\/logo\/image\/","url":"https:\/\/naturalpoland.com\/wp-content\/uploads\/2021\/05\/natural-poland-icon.png","contentUrl":"https:\/\/naturalpoland.com\/wp-content\/uploads\/2021\/05\/natural-poland-icon.png","width":512,"height":512,"caption":"Natural Poland"},"image":{"@id":"https:\/\/naturalpoland.com\/fr\/#\/schema\/logo\/image\/"},"sameAs":["https:\/\/www.facebook.com\/naturalpoland.b2b","https:\/\/pl.linkedin.com\/company\/natural-poland","https:\/\/www.youtube.com\/channel\/UCgeGGkvOMahZo-xu_MSEWxg"]}]}},"_links":{"self":[{"href":"https:\/\/naturalpoland.com\/fr\/wp-json\/wp\/v2\/product\/26024","targetHints":{"allow":["GET"]}}],"collection":[{"href":"https:\/\/naturalpoland.com\/fr\/wp-json\/wp\/v2\/product"}],"about":[{"href":"https:\/\/naturalpoland.com\/fr\/wp-json\/wp\/v2\/types\/product"}],"wp:featuredmedia":[{"embeddable":true,"href":"https:\/\/naturalpoland.com\/fr\/wp-json\/wp\/v2\/media\/26004"}],"wp:attachment":[{"href":"https:\/\/naturalpoland.com\/fr\/wp-json\/wp\/v2\/media?parent=26024"}],"wp:term":[{"taxonomy":"product_brand","embeddable":true,"href":"https:\/\/naturalpoland.com\/fr\/wp-json\/wp\/v2\/product_brand?post=26024"},{"taxonomy":"product_cat","embeddable":true,"href":"https:\/\/naturalpoland.com\/fr\/wp-json\/wp\/v2\/product_cat?post=26024"},{"taxonomy":"product_tag","embeddable":true,"href":"https:\/\/naturalpoland.com\/fr\/wp-json\/wp\/v2\/product_tag?post=26024"}],"curies":[{"name":"wp","href":"https:\/\/api.w.org\/{rel}","templated":true}]}}