{"id":26037,"date":"2023-10-02T15:03:40","date_gmt":"2023-10-02T13:03:40","guid":{"rendered":"https:\/\/naturalpoland.com\/produkty\/non class\u00e9\/proteines-damande\/"},"modified":"2023-10-03T09:29:08","modified_gmt":"2023-10-03T07:29:08","slug":"proteine-damande","status":"publish","type":"product","link":"https:\/\/naturalpoland.com\/fr\/produkty\/produits-pour-lindustrie-alimentaire\/proteines-vegetales\/proteine-damande\/","title":{"rendered":"Prot\u00e9ines d&rsquo;amande"},"content":{"rendered":"<p>La prot\u00e9ine d&rsquo;amande fabriqu\u00e9e \u00e0 partir d&rsquo;amandes de haute qualit\u00e9 a une teneur en prot\u00e9ines de 45%. Il s&rsquo;agit d&rsquo;un excellent compl\u00e9ment \u00e0 divers r\u00e9gimes alimentaires et d&rsquo;un composant cl\u00e9 de nombreux aliments.<\/p>\n<h3>Propri\u00e9t\u00e9s et utilisations de la prot\u00e9ine d&rsquo;amande<\/h3>\n<ol>\n<li><strong>Une mine de nutriments :<\/strong> La prot\u00e9ine d&rsquo;amande fournit de pr\u00e9cieux acides amin\u00e9s, des vitamines B, de la vitamine E, du magn\u00e9sium, du calcium et du fer.<\/li>\n<li><strong>Une alternative aux prot\u00e9ines animales :<\/strong> Constitue une excellente alternative pour ceux qui \u00e9vitent les produits zoonotiques, en fournissant une source pr\u00e9cieuse de prot\u00e9ines pour les v\u00e9g\u00e9tariens et les v\u00e9g\u00e9taliens.<\/li>\n<li><strong>Soutien \u00e0 la sant\u00e9 :<\/strong> Les prot\u00e9ines d&rsquo;amande favorisent le bon fonctionnement du c\u0153ur, du syst\u00e8me circulatoire, des muscles et du syst\u00e8me nerveux.<\/li>\n<li><strong>Favorable au syst\u00e8me digestif :<\/strong> Sa texture tr\u00e8s digeste est id\u00e9ale pour les personnes ayant un syst\u00e8me digestif sensible.<\/li>\n<li><strong>Multifonctionnel dans la cuisine :<\/strong> il est un excellent compl\u00e9ment aux smoothies, aux p\u00e2tisseries, au muesli ainsi qu&rsquo;\u00e0 de nombreux autres plats et desserts.<\/li>\n<\/ol>\n<p>La prot\u00e9ine d&rsquo;amande est largement utilis\u00e9e dans l&rsquo;industrie alimentaire et des compl\u00e9ments, comme additif dans les produits sans gluten, v\u00e9g\u00e9tariens et v\u00e9g\u00e9taliens. Son go\u00fbt neutre et sa texture cr\u00e9meuse en font un ingr\u00e9dient id\u00e9al dans de nombreux produits, des boissons aux produits de boulangerie.<\/p>\n","protected":false},"excerpt":{"rendered":"<p>La prot\u00e9ine d&rsquo;amande est un nutriment abondant en acides amin\u00e9s essentiels, en vitamines et en min\u00e9raux, indispensables au maintien de la sant\u00e9 et du bien-\u00eatre.<\/p>\n","protected":false},"featured_media":25991,"template":"","meta":[],"product_brand":[],"product_cat":[1300,2666],"product_tag":[],"class_list":{"0":"post-26037","1":"product","2":"type-product","3":"status-publish","4":"has-post-thumbnail","6":"product_cat-additifs-de-complements-alimentaires","7":"product_cat-proteines-vegetales","9":"first","10":"instock","11":"shipping-taxable","12":"product-type-simple"},"yoast_head":"<!-- This site is optimized with the Yoast SEO plugin v27.3 - https:\/\/yoast.com\/product\/yoast-seo-wordpress\/ -->\n<title>Prot\u00e9ines d&#039;amande - Distributeur en gros<\/title>\n<meta name=\"description\" content=\"La prot\u00e9ine d&#039;amande est un nutriment abondant en acides amin\u00e9s essentiels, en vitamines et en min\u00e9raux, indispensables au maintien de la sant\u00e9 et du bien-\u00eatre.\" \/>\n<meta name=\"robots\" content=\"index, follow, max-snippet:-1, max-image-preview:large, max-video-preview:-1\" \/>\n<link rel=\"canonical\" href=\"https:\/\/naturalpoland.com\/fr\/produkty\/produits-pour-lindustrie-alimentaire\/proteines-vegetales\/proteine-damande\/\" \/>\n<meta property=\"og:locale\" content=\"fr_FR\" \/>\n<meta property=\"og:type\" content=\"article\" \/>\n<meta property=\"og:title\" content=\"Prot\u00e9ines d&#039;amande - Distributeur en gros\" \/>\n<meta property=\"og:description\" content=\"La prot\u00e9ine d&#039;amande est un nutriment abondant en acides amin\u00e9s essentiels, en vitamines et en min\u00e9raux, indispensables au maintien de la sant\u00e9 et du bien-\u00eatre.\" \/>\n<meta property=\"og:url\" content=\"https:\/\/naturalpoland.com\/fr\/produkty\/produits-pour-lindustrie-alimentaire\/proteines-vegetales\/proteine-damande\/\" \/>\n<meta property=\"og:site_name\" content=\"NATURAL POLAND - Distributeur de mati\u00e8res premi\u00e8res en gros\" \/>\n<meta property=\"article:publisher\" content=\"https:\/\/www.facebook.com\/naturalpoland.b2b\" \/>\n<meta property=\"article:modified_time\" content=\"2023-10-03T07:29:08+00:00\" \/>\n<meta property=\"og:image\" content=\"https:\/\/naturalpoland.com\/wp-content\/uploads\/bialko-migdalowe.jpg\" \/>\n\t<meta property=\"og:image:width\" content=\"650\" \/>\n\t<meta property=\"og:image:height\" content=\"650\" \/>\n\t<meta property=\"og:image:type\" content=\"image\/jpeg\" \/>\n<script type=\"application\/ld+json\" class=\"yoast-schema-graph\">{\"@context\":\"https:\\\/\\\/schema.org\",\"@graph\":[{\"@type\":\"WebPage\",\"@id\":\"https:\\\/\\\/naturalpoland.com\\\/fr\\\/produkty\\\/produits-pour-lindustrie-alimentaire\\\/proteines-vegetales\\\/proteine-damande\\\/\",\"url\":\"https:\\\/\\\/naturalpoland.com\\\/fr\\\/produkty\\\/produits-pour-lindustrie-alimentaire\\\/proteines-vegetales\\\/proteine-damande\\\/\",\"name\":\"Prot\u00e9ines d'amande - Distributeur en gros\",\"isPartOf\":{\"@id\":\"https:\\\/\\\/naturalpoland.com\\\/fr\\\/#website\"},\"primaryImageOfPage\":{\"@id\":\"https:\\\/\\\/naturalpoland.com\\\/fr\\\/produkty\\\/produits-pour-lindustrie-alimentaire\\\/proteines-vegetales\\\/proteine-damande\\\/#primaryimage\"},\"image\":{\"@id\":\"https:\\\/\\\/naturalpoland.com\\\/fr\\\/produkty\\\/produits-pour-lindustrie-alimentaire\\\/proteines-vegetales\\\/proteine-damande\\\/#primaryimage\"},\"thumbnailUrl\":\"https:\\\/\\\/naturalpoland.com\\\/wp-content\\\/uploads\\\/bialko-migdalowe.jpg\",\"datePublished\":\"2023-10-02T13:03:40+00:00\",\"dateModified\":\"2023-10-03T07:29:08+00:00\",\"description\":\"La prot\u00e9ine d'amande est un nutriment abondant en acides amin\u00e9s essentiels, en vitamines et en min\u00e9raux, indispensables au maintien de la sant\u00e9 et du bien-\u00eatre.\",\"breadcrumb\":{\"@id\":\"https:\\\/\\\/naturalpoland.com\\\/fr\\\/produkty\\\/produits-pour-lindustrie-alimentaire\\\/proteines-vegetales\\\/proteine-damande\\\/#breadcrumb\"},\"inLanguage\":\"fr-FR\",\"potentialAction\":[{\"@type\":\"ReadAction\",\"target\":[\"https:\\\/\\\/naturalpoland.com\\\/fr\\\/produkty\\\/produits-pour-lindustrie-alimentaire\\\/proteines-vegetales\\\/proteine-damande\\\/\"]}]},{\"@type\":\"ImageObject\",\"inLanguage\":\"fr-FR\",\"@id\":\"https:\\\/\\\/naturalpoland.com\\\/fr\\\/produkty\\\/produits-pour-lindustrie-alimentaire\\\/proteines-vegetales\\\/proteine-damande\\\/#primaryimage\",\"url\":\"https:\\\/\\\/naturalpoland.com\\\/wp-content\\\/uploads\\\/bialko-migdalowe.jpg\",\"contentUrl\":\"https:\\\/\\\/naturalpoland.com\\\/wp-content\\\/uploads\\\/bialko-migdalowe.jpg\",\"width\":650,\"height\":650,\"caption\":\"prot\u00e9ine d'amande\"},{\"@type\":\"BreadcrumbList\",\"@id\":\"https:\\\/\\\/naturalpoland.com\\\/fr\\\/produkty\\\/produits-pour-lindustrie-alimentaire\\\/proteines-vegetales\\\/proteine-damande\\\/#breadcrumb\",\"itemListElement\":[{\"@type\":\"ListItem\",\"position\":1,\"name\":\"Accueil\",\"item\":\"https:\\\/\\\/naturalpoland.com\\\/fr\\\/\"},{\"@type\":\"ListItem\",\"position\":2,\"name\":\"Produits\",\"item\":\"https:\\\/\\\/naturalpoland.com\\\/fr\\\/produits\\\/\"},{\"@type\":\"ListItem\",\"position\":3,\"name\":\"Prot\u00e9ines d&rsquo;amande\"}]},{\"@type\":\"WebSite\",\"@id\":\"https:\\\/\\\/naturalpoland.com\\\/fr\\\/#website\",\"url\":\"https:\\\/\\\/naturalpoland.com\\\/fr\\\/\",\"name\":\"NATURAL POLAND - Distributeur de mati\u00e8res premi\u00e8res en gros\",\"description\":\"Surowce dla przemys\u0142u spo\u017cywczego, kosmetycznego i farmaceutycznego\",\"publisher\":{\"@id\":\"https:\\\/\\\/naturalpoland.com\\\/fr\\\/#organization\"},\"potentialAction\":[{\"@type\":\"SearchAction\",\"target\":{\"@type\":\"EntryPoint\",\"urlTemplate\":\"https:\\\/\\\/naturalpoland.com\\\/fr\\\/?s={search_term_string}\"},\"query-input\":{\"@type\":\"PropertyValueSpecification\",\"valueRequired\":true,\"valueName\":\"search_term_string\"}}],\"inLanguage\":\"fr-FR\"},{\"@type\":\"Organization\",\"@id\":\"https:\\\/\\\/naturalpoland.com\\\/fr\\\/#organization\",\"name\":\"Natural Poland\",\"url\":\"https:\\\/\\\/naturalpoland.com\\\/fr\\\/\",\"logo\":{\"@type\":\"ImageObject\",\"inLanguage\":\"fr-FR\",\"@id\":\"https:\\\/\\\/naturalpoland.com\\\/fr\\\/#\\\/schema\\\/logo\\\/image\\\/\",\"url\":\"https:\\\/\\\/naturalpoland.com\\\/wp-content\\\/uploads\\\/2021\\\/05\\\/natural-poland-icon.png\",\"contentUrl\":\"https:\\\/\\\/naturalpoland.com\\\/wp-content\\\/uploads\\\/2021\\\/05\\\/natural-poland-icon.png\",\"width\":512,\"height\":512,\"caption\":\"Natural Poland\"},\"image\":{\"@id\":\"https:\\\/\\\/naturalpoland.com\\\/fr\\\/#\\\/schema\\\/logo\\\/image\\\/\"},\"sameAs\":[\"https:\\\/\\\/www.facebook.com\\\/naturalpoland.b2b\",\"https:\\\/\\\/pl.linkedin.com\\\/company\\\/natural-poland\",\"https:\\\/\\\/www.youtube.com\\\/channel\\\/UCgeGGkvOMahZo-xu_MSEWxg\"]}]}<\/script>\n<!-- \/ Yoast SEO plugin. -->","yoast_head_json":{"title":"Prot\u00e9ines d'amande - Distributeur en gros","description":"La prot\u00e9ine d'amande est un nutriment abondant en acides amin\u00e9s essentiels, en vitamines et en min\u00e9raux, indispensables au maintien de la sant\u00e9 et du bien-\u00eatre.","robots":{"index":"index","follow":"follow","max-snippet":"max-snippet:-1","max-image-preview":"max-image-preview:large","max-video-preview":"max-video-preview:-1"},"canonical":"https:\/\/naturalpoland.com\/fr\/produkty\/produits-pour-lindustrie-alimentaire\/proteines-vegetales\/proteine-damande\/","og_locale":"fr_FR","og_type":"article","og_title":"Prot\u00e9ines d'amande - Distributeur en gros","og_description":"La prot\u00e9ine d'amande est un nutriment abondant en acides amin\u00e9s essentiels, en vitamines et en min\u00e9raux, indispensables au maintien de la sant\u00e9 et du bien-\u00eatre.","og_url":"https:\/\/naturalpoland.com\/fr\/produkty\/produits-pour-lindustrie-alimentaire\/proteines-vegetales\/proteine-damande\/","og_site_name":"NATURAL POLAND - Distributeur de mati\u00e8res premi\u00e8res en gros","article_publisher":"https:\/\/www.facebook.com\/naturalpoland.b2b","article_modified_time":"2023-10-03T07:29:08+00:00","og_image":[{"width":650,"height":650,"url":"https:\/\/naturalpoland.com\/wp-content\/uploads\/bialko-migdalowe.jpg","type":"image\/jpeg"}],"schema":{"@context":"https:\/\/schema.org","@graph":[{"@type":"WebPage","@id":"https:\/\/naturalpoland.com\/fr\/produkty\/produits-pour-lindustrie-alimentaire\/proteines-vegetales\/proteine-damande\/","url":"https:\/\/naturalpoland.com\/fr\/produkty\/produits-pour-lindustrie-alimentaire\/proteines-vegetales\/proteine-damande\/","name":"Prot\u00e9ines d'amande - Distributeur en gros","isPartOf":{"@id":"https:\/\/naturalpoland.com\/fr\/#website"},"primaryImageOfPage":{"@id":"https:\/\/naturalpoland.com\/fr\/produkty\/produits-pour-lindustrie-alimentaire\/proteines-vegetales\/proteine-damande\/#primaryimage"},"image":{"@id":"https:\/\/naturalpoland.com\/fr\/produkty\/produits-pour-lindustrie-alimentaire\/proteines-vegetales\/proteine-damande\/#primaryimage"},"thumbnailUrl":"https:\/\/naturalpoland.com\/wp-content\/uploads\/bialko-migdalowe.jpg","datePublished":"2023-10-02T13:03:40+00:00","dateModified":"2023-10-03T07:29:08+00:00","description":"La prot\u00e9ine d'amande est un nutriment abondant en acides amin\u00e9s essentiels, en vitamines et en min\u00e9raux, indispensables au maintien de la sant\u00e9 et du bien-\u00eatre.","breadcrumb":{"@id":"https:\/\/naturalpoland.com\/fr\/produkty\/produits-pour-lindustrie-alimentaire\/proteines-vegetales\/proteine-damande\/#breadcrumb"},"inLanguage":"fr-FR","potentialAction":[{"@type":"ReadAction","target":["https:\/\/naturalpoland.com\/fr\/produkty\/produits-pour-lindustrie-alimentaire\/proteines-vegetales\/proteine-damande\/"]}]},{"@type":"ImageObject","inLanguage":"fr-FR","@id":"https:\/\/naturalpoland.com\/fr\/produkty\/produits-pour-lindustrie-alimentaire\/proteines-vegetales\/proteine-damande\/#primaryimage","url":"https:\/\/naturalpoland.com\/wp-content\/uploads\/bialko-migdalowe.jpg","contentUrl":"https:\/\/naturalpoland.com\/wp-content\/uploads\/bialko-migdalowe.jpg","width":650,"height":650,"caption":"prot\u00e9ine d'amande"},{"@type":"BreadcrumbList","@id":"https:\/\/naturalpoland.com\/fr\/produkty\/produits-pour-lindustrie-alimentaire\/proteines-vegetales\/proteine-damande\/#breadcrumb","itemListElement":[{"@type":"ListItem","position":1,"name":"Accueil","item":"https:\/\/naturalpoland.com\/fr\/"},{"@type":"ListItem","position":2,"name":"Produits","item":"https:\/\/naturalpoland.com\/fr\/produits\/"},{"@type":"ListItem","position":3,"name":"Prot\u00e9ines d&rsquo;amande"}]},{"@type":"WebSite","@id":"https:\/\/naturalpoland.com\/fr\/#website","url":"https:\/\/naturalpoland.com\/fr\/","name":"NATURAL POLAND - Distributeur de mati\u00e8res premi\u00e8res en gros","description":"Surowce dla przemys\u0142u spo\u017cywczego, kosmetycznego i farmaceutycznego","publisher":{"@id":"https:\/\/naturalpoland.com\/fr\/#organization"},"potentialAction":[{"@type":"SearchAction","target":{"@type":"EntryPoint","urlTemplate":"https:\/\/naturalpoland.com\/fr\/?s={search_term_string}"},"query-input":{"@type":"PropertyValueSpecification","valueRequired":true,"valueName":"search_term_string"}}],"inLanguage":"fr-FR"},{"@type":"Organization","@id":"https:\/\/naturalpoland.com\/fr\/#organization","name":"Natural Poland","url":"https:\/\/naturalpoland.com\/fr\/","logo":{"@type":"ImageObject","inLanguage":"fr-FR","@id":"https:\/\/naturalpoland.com\/fr\/#\/schema\/logo\/image\/","url":"https:\/\/naturalpoland.com\/wp-content\/uploads\/2021\/05\/natural-poland-icon.png","contentUrl":"https:\/\/naturalpoland.com\/wp-content\/uploads\/2021\/05\/natural-poland-icon.png","width":512,"height":512,"caption":"Natural Poland"},"image":{"@id":"https:\/\/naturalpoland.com\/fr\/#\/schema\/logo\/image\/"},"sameAs":["https:\/\/www.facebook.com\/naturalpoland.b2b","https:\/\/pl.linkedin.com\/company\/natural-poland","https:\/\/www.youtube.com\/channel\/UCgeGGkvOMahZo-xu_MSEWxg"]}]}},"_links":{"self":[{"href":"https:\/\/naturalpoland.com\/fr\/wp-json\/wp\/v2\/product\/26037","targetHints":{"allow":["GET"]}}],"collection":[{"href":"https:\/\/naturalpoland.com\/fr\/wp-json\/wp\/v2\/product"}],"about":[{"href":"https:\/\/naturalpoland.com\/fr\/wp-json\/wp\/v2\/types\/product"}],"wp:featuredmedia":[{"embeddable":true,"href":"https:\/\/naturalpoland.com\/fr\/wp-json\/wp\/v2\/media\/25991"}],"wp:attachment":[{"href":"https:\/\/naturalpoland.com\/fr\/wp-json\/wp\/v2\/media?parent=26037"}],"wp:term":[{"taxonomy":"product_brand","embeddable":true,"href":"https:\/\/naturalpoland.com\/fr\/wp-json\/wp\/v2\/product_brand?post=26037"},{"taxonomy":"product_cat","embeddable":true,"href":"https:\/\/naturalpoland.com\/fr\/wp-json\/wp\/v2\/product_cat?post=26037"},{"taxonomy":"product_tag","embeddable":true,"href":"https:\/\/naturalpoland.com\/fr\/wp-json\/wp\/v2\/product_tag?post=26037"}],"curies":[{"name":"wp","href":"https:\/\/api.w.org\/{rel}","templated":true}]}}