{"id":26051,"date":"2023-10-02T14:54:20","date_gmt":"2023-10-02T12:54:20","guid":{"rendered":"https:\/\/naturalpoland.com\/produkty\/non class\u00e9\/proteine-de-lin\/"},"modified":"2023-10-03T09:29:13","modified_gmt":"2023-10-03T07:29:13","slug":"graines-de-foin-proteinees","status":"publish","type":"product","link":"https:\/\/naturalpoland.com\/fr\/produkty\/produits-pour-lindustrie-alimentaire\/proteines-vegetales\/graines-de-foin-proteinees\/","title":{"rendered":"Prot\u00e9ine de lin"},"content":{"rendered":"<p>Le produit est disponible sous forme de <strong>prot\u00e9ines de lin dor\u00e9es<\/strong> et <strong>brunes<\/strong> (chacune avec une teneur en prot\u00e9ines de 30 %), et constitue un excellent compl\u00e9ment alimentaire et un support pour une vari\u00e9t\u00e9 d&rsquo;aliments.<\/p>\n<h2>Propri\u00e9t\u00e9s de la prot\u00e9ine de lin<\/h2>\n<ol>\n<li><strong>Riche source de prot\u00e9ines :<\/strong> En tant que source de prot\u00e9ines v\u00e9g\u00e9tales, les graines de lin fournissent \u00e0 l&rsquo;organisme des acides amin\u00e9s essentiels qui contribuent \u00e0 la sant\u00e9 et au bon fonctionnement de l&rsquo;organisme.<\/li>\n<li><strong>Teneur \u00e9lev\u00e9e en fibres :<\/strong> Les prot\u00e9ines de lin sont connues pour leur teneur \u00e9lev\u00e9e en fibres, qui facilitent la digestion et contribuent \u00e0 maintenir un taux de cholest\u00e9rol sain.<\/li>\n<li><strong>Utilisation dans l&rsquo;industrie alimentaire :<\/strong> Excellent comme additif dans une vari\u00e9t\u00e9 de produits alimentaires tels que les barres \u00e9nerg\u00e9tiques, le muesli, les boissons prot\u00e9in\u00e9es et les produits de boulangerie. Il constitue \u00e9galement un excellent compl\u00e9ment aux r\u00e9gimes v\u00e9g\u00e9tariens et v\u00e9g\u00e9taliens.<\/li>\n<li><strong>Propri\u00e9t\u00e9s b\u00e9n\u00e9fiques pour la sant\u00e9 :<\/strong> les prot\u00e9ines de lin ont des propri\u00e9t\u00e9s anti-inflammatoires et antioxydantes et peuvent soutenir le syst\u00e8me immunitaire.<\/li>\n<li><strong>Favoriser la perte de poids :<\/strong> Gr\u00e2ce \u00e0 leur teneur \u00e9lev\u00e9e en fibres, les produits \u00e0 base de prot\u00e9ines de lin peuvent contribuer \u00e0 la perte de poids en procurant une sensation de sati\u00e9t\u00e9 et en satisfaisant l&rsquo;app\u00e9tit pendant une p\u00e9riode plus longue.<\/li>\n<\/ol>\n<p>La prot\u00e9ine de lin est largement utilis\u00e9e dans l&rsquo;industrie alimentaire, les compl\u00e9ments alimentaires et les cosm\u00e9tiques. Il est utilis\u00e9 comme ingr\u00e9dient dans les produits sans gluten, v\u00e9g\u00e9taliens et v\u00e9g\u00e9tariens, ainsi que comme additif d&rsquo;enrichissement dans divers aliments fonctionnels.<\/p>\n","protected":false},"excerpt":{"rendered":"<p>La prot\u00e9ine de lin, extraite des graines de lin, est un nutriment extr\u00eamement pr\u00e9cieux, offrant une s\u00e9rie d&rsquo;avantages pour la sant\u00e9 et de propri\u00e9t\u00e9s fonctionnelles.<\/p>\n","protected":false},"featured_media":25978,"template":"","meta":{"_acf_changed":false},"product_brand":[],"product_cat":[1300,2666],"product_tag":[],"class_list":{"0":"post-26051","1":"product","2":"type-product","3":"status-publish","4":"has-post-thumbnail","6":"product_cat-additifs-de-complements-alimentaires","7":"product_cat-proteines-vegetales","9":"first","10":"instock","11":"shipping-taxable","12":"product-type-simple"},"acf":[],"yoast_head":"<!-- This site is optimized with the Yoast SEO plugin v27.4 - https:\/\/yoast.com\/product\/yoast-seo-wordpress\/ -->\n<title>Prot\u00e9ine de lin - Distributeur en gros<\/title>\n<meta name=\"description\" content=\"La prot\u00e9ine de lin, extraite des graines de lin, est un nutriment pr\u00e9cieux qui pr\u00e9sente de nombreux avantages pour la sant\u00e9.\" \/>\n<meta name=\"robots\" content=\"index, follow, max-snippet:-1, max-image-preview:large, max-video-preview:-1\" \/>\n<link rel=\"canonical\" href=\"https:\/\/naturalpoland.com\/fr\/produkty\/produits-pour-lindustrie-alimentaire\/proteines-vegetales\/graines-de-foin-proteinees\/\" \/>\n<meta property=\"og:locale\" content=\"fr_FR\" \/>\n<meta property=\"og:type\" content=\"article\" \/>\n<meta property=\"og:title\" content=\"Prot\u00e9ine de lin - Distributeur en gros\" \/>\n<meta property=\"og:description\" content=\"La prot\u00e9ine de lin, extraite des graines de lin, est un nutriment pr\u00e9cieux qui pr\u00e9sente de nombreux avantages pour la sant\u00e9.\" \/>\n<meta property=\"og:url\" content=\"https:\/\/naturalpoland.com\/fr\/produkty\/produits-pour-lindustrie-alimentaire\/proteines-vegetales\/graines-de-foin-proteinees\/\" \/>\n<meta property=\"og:site_name\" content=\"NATURAL POLAND - Distributeur de mati\u00e8res premi\u00e8res en gros\" \/>\n<meta property=\"article:publisher\" content=\"https:\/\/www.facebook.com\/naturalpoland.b2b\" \/>\n<meta property=\"article:modified_time\" content=\"2023-10-03T07:29:13+00:00\" \/>\n<meta property=\"og:image\" content=\"https:\/\/naturalpoland.com\/wp-content\/uploads\/bialko-siemienia-lnianego.jpg\" \/>\n\t<meta property=\"og:image:width\" content=\"650\" \/>\n\t<meta property=\"og:image:height\" content=\"650\" \/>\n\t<meta property=\"og:image:type\" content=\"image\/jpeg\" \/>\n<script type=\"application\/ld+json\" class=\"yoast-schema-graph\">{\"@context\":\"https:\\\/\\\/schema.org\",\"@graph\":[{\"@type\":\"WebPage\",\"@id\":\"https:\\\/\\\/naturalpoland.com\\\/fr\\\/produkty\\\/produits-pour-lindustrie-alimentaire\\\/proteines-vegetales\\\/graines-de-foin-proteinees\\\/\",\"url\":\"https:\\\/\\\/naturalpoland.com\\\/fr\\\/produkty\\\/produits-pour-lindustrie-alimentaire\\\/proteines-vegetales\\\/graines-de-foin-proteinees\\\/\",\"name\":\"Prot\u00e9ine de lin - Distributeur en gros\",\"isPartOf\":{\"@id\":\"https:\\\/\\\/naturalpoland.com\\\/fr\\\/#website\"},\"primaryImageOfPage\":{\"@id\":\"https:\\\/\\\/naturalpoland.com\\\/fr\\\/produkty\\\/produits-pour-lindustrie-alimentaire\\\/proteines-vegetales\\\/graines-de-foin-proteinees\\\/#primaryimage\"},\"image\":{\"@id\":\"https:\\\/\\\/naturalpoland.com\\\/fr\\\/produkty\\\/produits-pour-lindustrie-alimentaire\\\/proteines-vegetales\\\/graines-de-foin-proteinees\\\/#primaryimage\"},\"thumbnailUrl\":\"https:\\\/\\\/naturalpoland.com\\\/wp-content\\\/uploads\\\/bialko-siemienia-lnianego.jpg\",\"datePublished\":\"2023-10-02T12:54:20+00:00\",\"dateModified\":\"2023-10-03T07:29:13+00:00\",\"description\":\"La prot\u00e9ine de lin, extraite des graines de lin, est un nutriment pr\u00e9cieux qui pr\u00e9sente de nombreux avantages pour la sant\u00e9.\",\"breadcrumb\":{\"@id\":\"https:\\\/\\\/naturalpoland.com\\\/fr\\\/produkty\\\/produits-pour-lindustrie-alimentaire\\\/proteines-vegetales\\\/graines-de-foin-proteinees\\\/#breadcrumb\"},\"inLanguage\":\"fr-FR\",\"potentialAction\":[{\"@type\":\"ReadAction\",\"target\":[\"https:\\\/\\\/naturalpoland.com\\\/fr\\\/produkty\\\/produits-pour-lindustrie-alimentaire\\\/proteines-vegetales\\\/graines-de-foin-proteinees\\\/\"]}]},{\"@type\":\"ImageObject\",\"inLanguage\":\"fr-FR\",\"@id\":\"https:\\\/\\\/naturalpoland.com\\\/fr\\\/produkty\\\/produits-pour-lindustrie-alimentaire\\\/proteines-vegetales\\\/graines-de-foin-proteinees\\\/#primaryimage\",\"url\":\"https:\\\/\\\/naturalpoland.com\\\/wp-content\\\/uploads\\\/bialko-siemienia-lnianego.jpg\",\"contentUrl\":\"https:\\\/\\\/naturalpoland.com\\\/wp-content\\\/uploads\\\/bialko-siemienia-lnianego.jpg\",\"width\":650,\"height\":650,\"caption\":\"prot\u00e9ine de lin\"},{\"@type\":\"BreadcrumbList\",\"@id\":\"https:\\\/\\\/naturalpoland.com\\\/fr\\\/produkty\\\/produits-pour-lindustrie-alimentaire\\\/proteines-vegetales\\\/graines-de-foin-proteinees\\\/#breadcrumb\",\"itemListElement\":[{\"@type\":\"ListItem\",\"position\":1,\"name\":\"Accueil\",\"item\":\"https:\\\/\\\/naturalpoland.com\\\/fr\\\/\"},{\"@type\":\"ListItem\",\"position\":2,\"name\":\"Produits\",\"item\":\"https:\\\/\\\/naturalpoland.com\\\/fr\\\/produits\\\/\"},{\"@type\":\"ListItem\",\"position\":3,\"name\":\"Prot\u00e9ine de lin\"}]},{\"@type\":\"WebSite\",\"@id\":\"https:\\\/\\\/naturalpoland.com\\\/fr\\\/#website\",\"url\":\"https:\\\/\\\/naturalpoland.com\\\/fr\\\/\",\"name\":\"NATURAL POLAND - Distributeur de mati\u00e8res premi\u00e8res en gros\",\"description\":\"Surowce dla przemys\u0142u spo\u017cywczego, kosmetycznego i farmaceutycznego\",\"publisher\":{\"@id\":\"https:\\\/\\\/naturalpoland.com\\\/fr\\\/#organization\"},\"potentialAction\":[{\"@type\":\"SearchAction\",\"target\":{\"@type\":\"EntryPoint\",\"urlTemplate\":\"https:\\\/\\\/naturalpoland.com\\\/fr\\\/?s={search_term_string}\"},\"query-input\":{\"@type\":\"PropertyValueSpecification\",\"valueRequired\":true,\"valueName\":\"search_term_string\"}}],\"inLanguage\":\"fr-FR\"},{\"@type\":\"Organization\",\"@id\":\"https:\\\/\\\/naturalpoland.com\\\/fr\\\/#organization\",\"name\":\"Natural Poland\",\"url\":\"https:\\\/\\\/naturalpoland.com\\\/fr\\\/\",\"logo\":{\"@type\":\"ImageObject\",\"inLanguage\":\"fr-FR\",\"@id\":\"https:\\\/\\\/naturalpoland.com\\\/fr\\\/#\\\/schema\\\/logo\\\/image\\\/\",\"url\":\"https:\\\/\\\/naturalpoland.com\\\/wp-content\\\/uploads\\\/2021\\\/05\\\/natural-poland-icon.png\",\"contentUrl\":\"https:\\\/\\\/naturalpoland.com\\\/wp-content\\\/uploads\\\/2021\\\/05\\\/natural-poland-icon.png\",\"width\":512,\"height\":512,\"caption\":\"Natural Poland\"},\"image\":{\"@id\":\"https:\\\/\\\/naturalpoland.com\\\/fr\\\/#\\\/schema\\\/logo\\\/image\\\/\"},\"sameAs\":[\"https:\\\/\\\/www.facebook.com\\\/naturalpoland.b2b\",\"https:\\\/\\\/pl.linkedin.com\\\/company\\\/natural-poland\",\"https:\\\/\\\/www.youtube.com\\\/channel\\\/UCgeGGkvOMahZo-xu_MSEWxg\"]}]}<\/script>\n<!-- \/ Yoast SEO plugin. -->","yoast_head_json":{"title":"Prot\u00e9ine de lin - Distributeur en gros","description":"La prot\u00e9ine de lin, extraite des graines de lin, est un nutriment pr\u00e9cieux qui pr\u00e9sente de nombreux avantages pour la sant\u00e9.","robots":{"index":"index","follow":"follow","max-snippet":"max-snippet:-1","max-image-preview":"max-image-preview:large","max-video-preview":"max-video-preview:-1"},"canonical":"https:\/\/naturalpoland.com\/fr\/produkty\/produits-pour-lindustrie-alimentaire\/proteines-vegetales\/graines-de-foin-proteinees\/","og_locale":"fr_FR","og_type":"article","og_title":"Prot\u00e9ine de lin - Distributeur en gros","og_description":"La prot\u00e9ine de lin, extraite des graines de lin, est un nutriment pr\u00e9cieux qui pr\u00e9sente de nombreux avantages pour la sant\u00e9.","og_url":"https:\/\/naturalpoland.com\/fr\/produkty\/produits-pour-lindustrie-alimentaire\/proteines-vegetales\/graines-de-foin-proteinees\/","og_site_name":"NATURAL POLAND - Distributeur de mati\u00e8res premi\u00e8res en gros","article_publisher":"https:\/\/www.facebook.com\/naturalpoland.b2b","article_modified_time":"2023-10-03T07:29:13+00:00","og_image":[{"width":650,"height":650,"url":"https:\/\/naturalpoland.com\/wp-content\/uploads\/bialko-siemienia-lnianego.jpg","type":"image\/jpeg"}],"schema":{"@context":"https:\/\/schema.org","@graph":[{"@type":"WebPage","@id":"https:\/\/naturalpoland.com\/fr\/produkty\/produits-pour-lindustrie-alimentaire\/proteines-vegetales\/graines-de-foin-proteinees\/","url":"https:\/\/naturalpoland.com\/fr\/produkty\/produits-pour-lindustrie-alimentaire\/proteines-vegetales\/graines-de-foin-proteinees\/","name":"Prot\u00e9ine de lin - Distributeur en gros","isPartOf":{"@id":"https:\/\/naturalpoland.com\/fr\/#website"},"primaryImageOfPage":{"@id":"https:\/\/naturalpoland.com\/fr\/produkty\/produits-pour-lindustrie-alimentaire\/proteines-vegetales\/graines-de-foin-proteinees\/#primaryimage"},"image":{"@id":"https:\/\/naturalpoland.com\/fr\/produkty\/produits-pour-lindustrie-alimentaire\/proteines-vegetales\/graines-de-foin-proteinees\/#primaryimage"},"thumbnailUrl":"https:\/\/naturalpoland.com\/wp-content\/uploads\/bialko-siemienia-lnianego.jpg","datePublished":"2023-10-02T12:54:20+00:00","dateModified":"2023-10-03T07:29:13+00:00","description":"La prot\u00e9ine de lin, extraite des graines de lin, est un nutriment pr\u00e9cieux qui pr\u00e9sente de nombreux avantages pour la sant\u00e9.","breadcrumb":{"@id":"https:\/\/naturalpoland.com\/fr\/produkty\/produits-pour-lindustrie-alimentaire\/proteines-vegetales\/graines-de-foin-proteinees\/#breadcrumb"},"inLanguage":"fr-FR","potentialAction":[{"@type":"ReadAction","target":["https:\/\/naturalpoland.com\/fr\/produkty\/produits-pour-lindustrie-alimentaire\/proteines-vegetales\/graines-de-foin-proteinees\/"]}]},{"@type":"ImageObject","inLanguage":"fr-FR","@id":"https:\/\/naturalpoland.com\/fr\/produkty\/produits-pour-lindustrie-alimentaire\/proteines-vegetales\/graines-de-foin-proteinees\/#primaryimage","url":"https:\/\/naturalpoland.com\/wp-content\/uploads\/bialko-siemienia-lnianego.jpg","contentUrl":"https:\/\/naturalpoland.com\/wp-content\/uploads\/bialko-siemienia-lnianego.jpg","width":650,"height":650,"caption":"prot\u00e9ine de lin"},{"@type":"BreadcrumbList","@id":"https:\/\/naturalpoland.com\/fr\/produkty\/produits-pour-lindustrie-alimentaire\/proteines-vegetales\/graines-de-foin-proteinees\/#breadcrumb","itemListElement":[{"@type":"ListItem","position":1,"name":"Accueil","item":"https:\/\/naturalpoland.com\/fr\/"},{"@type":"ListItem","position":2,"name":"Produits","item":"https:\/\/naturalpoland.com\/fr\/produits\/"},{"@type":"ListItem","position":3,"name":"Prot\u00e9ine de lin"}]},{"@type":"WebSite","@id":"https:\/\/naturalpoland.com\/fr\/#website","url":"https:\/\/naturalpoland.com\/fr\/","name":"NATURAL POLAND - Distributeur de mati\u00e8res premi\u00e8res en gros","description":"Surowce dla przemys\u0142u spo\u017cywczego, kosmetycznego i farmaceutycznego","publisher":{"@id":"https:\/\/naturalpoland.com\/fr\/#organization"},"potentialAction":[{"@type":"SearchAction","target":{"@type":"EntryPoint","urlTemplate":"https:\/\/naturalpoland.com\/fr\/?s={search_term_string}"},"query-input":{"@type":"PropertyValueSpecification","valueRequired":true,"valueName":"search_term_string"}}],"inLanguage":"fr-FR"},{"@type":"Organization","@id":"https:\/\/naturalpoland.com\/fr\/#organization","name":"Natural Poland","url":"https:\/\/naturalpoland.com\/fr\/","logo":{"@type":"ImageObject","inLanguage":"fr-FR","@id":"https:\/\/naturalpoland.com\/fr\/#\/schema\/logo\/image\/","url":"https:\/\/naturalpoland.com\/wp-content\/uploads\/2021\/05\/natural-poland-icon.png","contentUrl":"https:\/\/naturalpoland.com\/wp-content\/uploads\/2021\/05\/natural-poland-icon.png","width":512,"height":512,"caption":"Natural Poland"},"image":{"@id":"https:\/\/naturalpoland.com\/fr\/#\/schema\/logo\/image\/"},"sameAs":["https:\/\/www.facebook.com\/naturalpoland.b2b","https:\/\/pl.linkedin.com\/company\/natural-poland","https:\/\/www.youtube.com\/channel\/UCgeGGkvOMahZo-xu_MSEWxg"]}]}},"_links":{"self":[{"href":"https:\/\/naturalpoland.com\/fr\/wp-json\/wp\/v2\/product\/26051","targetHints":{"allow":["GET"]}}],"collection":[{"href":"https:\/\/naturalpoland.com\/fr\/wp-json\/wp\/v2\/product"}],"about":[{"href":"https:\/\/naturalpoland.com\/fr\/wp-json\/wp\/v2\/types\/product"}],"wp:featuredmedia":[{"embeddable":true,"href":"https:\/\/naturalpoland.com\/fr\/wp-json\/wp\/v2\/media\/25978"}],"wp:attachment":[{"href":"https:\/\/naturalpoland.com\/fr\/wp-json\/wp\/v2\/media?parent=26051"}],"wp:term":[{"taxonomy":"product_brand","embeddable":true,"href":"https:\/\/naturalpoland.com\/fr\/wp-json\/wp\/v2\/product_brand?post=26051"},{"taxonomy":"product_cat","embeddable":true,"href":"https:\/\/naturalpoland.com\/fr\/wp-json\/wp\/v2\/product_cat?post=26051"},{"taxonomy":"product_tag","embeddable":true,"href":"https:\/\/naturalpoland.com\/fr\/wp-json\/wp\/v2\/product_tag?post=26051"}],"curies":[{"name":"wp","href":"https:\/\/api.w.org\/{rel}","templated":true}]}}