{"id":26166,"date":"2023-09-15T15:46:00","date_gmt":"2023-10-03T08:29:55","guid":{"rendered":"https:\/\/naturalpoland.com\/produkty\/non class\u00e9\/melanges-pour-rongeurs-et-reptiles-herbivores\/"},"modified":"2023-10-03T10:29:55","modified_gmt":"2023-10-03T08:29:55","slug":"melanges-pour-rongeurs-et-rongeurs-de-venaison","status":"publish","type":"product","link":"https:\/\/naturalpoland.com\/fr\/produkty\/produits-pour-lalimentation-animale\/melanges-pour-rongeurs-et-rongeurs-de-venaison\/","title":{"rendered":"M\u00e9langes pour rongeurs et reptiles herbivores"},"content":{"rendered":"<ol>\n<li><strong>M\u00e9lange classique<\/strong>: luzerne, feuilles de calendula, camomille, fleurs de rose, tiges de persil &#8211; une combinaison id\u00e9ale de prot\u00e9ines, de vitamines et de min\u00e9raux.<\/li>\n<li><strong>M\u00e9lange de fruits et d&rsquo;herbes<\/strong>: tiges de persil, feuilles de framboise, ortie, plantain, pissenlit et bleuet dans les tons rouge et rose.<\/li>\n<li><strong>M\u00e9lange enrichi<\/strong>: tiges de persil, bleuet, feuilles de framboisier, m\u00fbre, \u00e9chinac\u00e9e et fleurs de camomille &#8211; une composition qui renforce l&rsquo;immunit\u00e9.<\/li>\n<li><strong>M\u00e9lange exotique<\/strong>: tiges de persil, banane, feuilles de bouleau, feuilles de framboisier, pissenlit, luzerne, hibiscus &#8211; un profil de saveur unique.<\/li>\n<li><strong>M\u00e9lange de l\u00e9gumes et de fruits<\/strong>: Feuilles de bouleau, luzerne, carotte, courgette, pomme, feuilles de framboisier, tiges de persil, plantain, tomate, concombre, pissenlit.<\/li>\n<li><strong>M\u00e9lange d&rsquo;\u00e9t\u00e9<\/strong>: Luzerne, carottes, hibiscus, tiges de persil, concombre, feuilles de souci &#8211; la combinaison parfaite pour les journ\u00e9es plus chaudes.<\/li>\n<li><strong>M\u00e9lange de plantes<\/strong>: tiges de persil, bleuet, pissenlit, plantain, ortie, camomille, houblon &#8211; soutien du syst\u00e8me digestif.<\/li>\n<\/ol>\n<p>Chacun de ces m\u00e9langes est con\u00e7u pour r\u00e9pondre aux diff\u00e9rents besoins nutritionnels des rongeurs et des reptiles herbivores, tout en offrant une vari\u00e9t\u00e9 de go\u00fbts et de valeurs nutritionnelles.<\/p>\n","protected":false},"excerpt":{"rendered":"<p>Nos m\u00e9langes pour rongeurs et reptiles herbivores ont \u00e9t\u00e9 soigneusement compos\u00e9s \u00e0 partir d&rsquo;ingr\u00e9dients de haute qualit\u00e9 d&rsquo;origine v\u00e9g\u00e9tale. Chacun d&rsquo;entre eux apporte les nutriments essentiels au bon d\u00e9veloppement et \u00e0 la sant\u00e9 des animaux.<\/p>\n","protected":false},"featured_media":25522,"template":"","meta":{"_acf_changed":false},"product_brand":[],"product_cat":[2510],"product_tag":[],"class_list":{"0":"post-26166","1":"product","2":"type-product","3":"status-publish","4":"has-post-thumbnail","6":"product_cat-produits-pour-lalimentation-animale","8":"first","9":"instock","10":"shipping-taxable","11":"product-type-simple"},"acf":[],"yoast_head":"<!-- This site is optimized with the Yoast SEO plugin v27.5 - https:\/\/yoast.com\/product\/yoast-seo-wordpress\/ -->\n<title>M\u00e9langes pour rongeurs et reptiles herbivores - Distributeur en gros<\/title>\n<meta name=\"description\" content=\"Nos m\u00e9langes pour rongeurs et reptiles herbivores ont \u00e9t\u00e9 soigneusement compos\u00e9s \u00e0 partir d&#039;ingr\u00e9dients de haute qualit\u00e9 d&#039;origine v\u00e9g\u00e9tale.\" \/>\n<meta name=\"robots\" content=\"index, follow, max-snippet:-1, max-image-preview:large, max-video-preview:-1\" \/>\n<link rel=\"canonical\" href=\"https:\/\/naturalpoland.com\/fr\/produkty\/produits-pour-lalimentation-animale\/melanges-pour-rongeurs-et-rongeurs-de-venaison\/\" \/>\n<meta property=\"og:locale\" content=\"fr_FR\" \/>\n<meta property=\"og:type\" content=\"article\" \/>\n<meta property=\"og:title\" content=\"M\u00e9langes pour rongeurs et reptiles herbivores - Distributeur en gros\" \/>\n<meta property=\"og:description\" content=\"Nos m\u00e9langes pour rongeurs et reptiles herbivores ont \u00e9t\u00e9 soigneusement compos\u00e9s \u00e0 partir d&#039;ingr\u00e9dients de haute qualit\u00e9 d&#039;origine v\u00e9g\u00e9tale.\" \/>\n<meta property=\"og:url\" content=\"https:\/\/naturalpoland.com\/fr\/produkty\/produits-pour-lalimentation-animale\/melanges-pour-rongeurs-et-rongeurs-de-venaison\/\" \/>\n<meta property=\"og:site_name\" content=\"NATURAL POLAND - Distributeur de mati\u00e8res premi\u00e8res en gros\" \/>\n<meta property=\"article:publisher\" content=\"https:\/\/www.facebook.com\/naturalpoland.b2b\" \/>\n<meta property=\"og:image\" content=\"https:\/\/naturalpoland.com\/wp-content\/uploads\/mieszanki-dla-gryzoni.jpg\" \/>\n\t<meta property=\"og:image:width\" content=\"650\" \/>\n\t<meta property=\"og:image:height\" content=\"650\" \/>\n\t<meta property=\"og:image:type\" content=\"image\/jpeg\" \/>\n<script type=\"application\/ld+json\" class=\"yoast-schema-graph\">{\"@context\":\"https:\\\/\\\/schema.org\",\"@graph\":[{\"@type\":\"WebPage\",\"@id\":\"https:\\\/\\\/naturalpoland.com\\\/fr\\\/produkty\\\/produits-pour-lalimentation-animale\\\/melanges-pour-rongeurs-et-rongeurs-de-venaison\\\/\",\"url\":\"https:\\\/\\\/naturalpoland.com\\\/fr\\\/produkty\\\/produits-pour-lalimentation-animale\\\/melanges-pour-rongeurs-et-rongeurs-de-venaison\\\/\",\"name\":\"M\u00e9langes pour rongeurs et reptiles herbivores - Distributeur en gros\",\"isPartOf\":{\"@id\":\"https:\\\/\\\/naturalpoland.com\\\/fr\\\/#website\"},\"primaryImageOfPage\":{\"@id\":\"https:\\\/\\\/naturalpoland.com\\\/fr\\\/produkty\\\/produits-pour-lalimentation-animale\\\/melanges-pour-rongeurs-et-rongeurs-de-venaison\\\/#primaryimage\"},\"image\":{\"@id\":\"https:\\\/\\\/naturalpoland.com\\\/fr\\\/produkty\\\/produits-pour-lalimentation-animale\\\/melanges-pour-rongeurs-et-rongeurs-de-venaison\\\/#primaryimage\"},\"thumbnailUrl\":\"https:\\\/\\\/naturalpoland.com\\\/wp-content\\\/uploads\\\/mieszanki-dla-gryzoni.jpg\",\"datePublished\":\"2023-10-03T08:29:55+00:00\",\"description\":\"Nos m\u00e9langes pour rongeurs et reptiles herbivores ont \u00e9t\u00e9 soigneusement compos\u00e9s \u00e0 partir d'ingr\u00e9dients de haute qualit\u00e9 d'origine v\u00e9g\u00e9tale.\",\"breadcrumb\":{\"@id\":\"https:\\\/\\\/naturalpoland.com\\\/fr\\\/produkty\\\/produits-pour-lalimentation-animale\\\/melanges-pour-rongeurs-et-rongeurs-de-venaison\\\/#breadcrumb\"},\"inLanguage\":\"fr-FR\",\"potentialAction\":[{\"@type\":\"ReadAction\",\"target\":[\"https:\\\/\\\/naturalpoland.com\\\/fr\\\/produkty\\\/produits-pour-lalimentation-animale\\\/melanges-pour-rongeurs-et-rongeurs-de-venaison\\\/\"]}]},{\"@type\":\"ImageObject\",\"inLanguage\":\"fr-FR\",\"@id\":\"https:\\\/\\\/naturalpoland.com\\\/fr\\\/produkty\\\/produits-pour-lalimentation-animale\\\/melanges-pour-rongeurs-et-rongeurs-de-venaison\\\/#primaryimage\",\"url\":\"https:\\\/\\\/naturalpoland.com\\\/wp-content\\\/uploads\\\/mieszanki-dla-gryzoni.jpg\",\"contentUrl\":\"https:\\\/\\\/naturalpoland.com\\\/wp-content\\\/uploads\\\/mieszanki-dla-gryzoni.jpg\",\"width\":650,\"height\":650,\"caption\":\"m\u00e9langes pour rongeurs\"},{\"@type\":\"BreadcrumbList\",\"@id\":\"https:\\\/\\\/naturalpoland.com\\\/fr\\\/produkty\\\/produits-pour-lalimentation-animale\\\/melanges-pour-rongeurs-et-rongeurs-de-venaison\\\/#breadcrumb\",\"itemListElement\":[{\"@type\":\"ListItem\",\"position\":1,\"name\":\"Accueil\",\"item\":\"https:\\\/\\\/naturalpoland.com\\\/fr\\\/\"},{\"@type\":\"ListItem\",\"position\":2,\"name\":\"Produits\",\"item\":\"https:\\\/\\\/naturalpoland.com\\\/fr\\\/produits\\\/\"},{\"@type\":\"ListItem\",\"position\":3,\"name\":\"M\u00e9langes pour rongeurs et reptiles herbivores\"}]},{\"@type\":\"WebSite\",\"@id\":\"https:\\\/\\\/naturalpoland.com\\\/fr\\\/#website\",\"url\":\"https:\\\/\\\/naturalpoland.com\\\/fr\\\/\",\"name\":\"NATURAL POLAND - Distributeur de mati\u00e8res premi\u00e8res en gros\",\"description\":\"Surowce dla przemys\u0142u spo\u017cywczego, kosmetycznego i farmaceutycznego\",\"publisher\":{\"@id\":\"https:\\\/\\\/naturalpoland.com\\\/fr\\\/#organization\"},\"potentialAction\":[{\"@type\":\"SearchAction\",\"target\":{\"@type\":\"EntryPoint\",\"urlTemplate\":\"https:\\\/\\\/naturalpoland.com\\\/fr\\\/?s={search_term_string}\"},\"query-input\":{\"@type\":\"PropertyValueSpecification\",\"valueRequired\":true,\"valueName\":\"search_term_string\"}}],\"inLanguage\":\"fr-FR\"},{\"@type\":\"Organization\",\"@id\":\"https:\\\/\\\/naturalpoland.com\\\/fr\\\/#organization\",\"name\":\"Natural Poland\",\"url\":\"https:\\\/\\\/naturalpoland.com\\\/fr\\\/\",\"logo\":{\"@type\":\"ImageObject\",\"inLanguage\":\"fr-FR\",\"@id\":\"https:\\\/\\\/naturalpoland.com\\\/fr\\\/#\\\/schema\\\/logo\\\/image\\\/\",\"url\":\"https:\\\/\\\/naturalpoland.com\\\/wp-content\\\/uploads\\\/2021\\\/05\\\/natural-poland-icon.png\",\"contentUrl\":\"https:\\\/\\\/naturalpoland.com\\\/wp-content\\\/uploads\\\/2021\\\/05\\\/natural-poland-icon.png\",\"width\":512,\"height\":512,\"caption\":\"Natural Poland\"},\"image\":{\"@id\":\"https:\\\/\\\/naturalpoland.com\\\/fr\\\/#\\\/schema\\\/logo\\\/image\\\/\"},\"sameAs\":[\"https:\\\/\\\/www.facebook.com\\\/naturalpoland.b2b\",\"https:\\\/\\\/pl.linkedin.com\\\/company\\\/natural-poland\",\"https:\\\/\\\/www.youtube.com\\\/channel\\\/UCgeGGkvOMahZo-xu_MSEWxg\"]}]}<\/script>\n<!-- \/ Yoast SEO plugin. -->","yoast_head_json":{"title":"M\u00e9langes pour rongeurs et reptiles herbivores - Distributeur en gros","description":"Nos m\u00e9langes pour rongeurs et reptiles herbivores ont \u00e9t\u00e9 soigneusement compos\u00e9s \u00e0 partir d'ingr\u00e9dients de haute qualit\u00e9 d'origine v\u00e9g\u00e9tale.","robots":{"index":"index","follow":"follow","max-snippet":"max-snippet:-1","max-image-preview":"max-image-preview:large","max-video-preview":"max-video-preview:-1"},"canonical":"https:\/\/naturalpoland.com\/fr\/produkty\/produits-pour-lalimentation-animale\/melanges-pour-rongeurs-et-rongeurs-de-venaison\/","og_locale":"fr_FR","og_type":"article","og_title":"M\u00e9langes pour rongeurs et reptiles herbivores - Distributeur en gros","og_description":"Nos m\u00e9langes pour rongeurs et reptiles herbivores ont \u00e9t\u00e9 soigneusement compos\u00e9s \u00e0 partir d'ingr\u00e9dients de haute qualit\u00e9 d'origine v\u00e9g\u00e9tale.","og_url":"https:\/\/naturalpoland.com\/fr\/produkty\/produits-pour-lalimentation-animale\/melanges-pour-rongeurs-et-rongeurs-de-venaison\/","og_site_name":"NATURAL POLAND - Distributeur de mati\u00e8res premi\u00e8res en gros","article_publisher":"https:\/\/www.facebook.com\/naturalpoland.b2b","og_image":[{"width":650,"height":650,"url":"https:\/\/naturalpoland.com\/wp-content\/uploads\/mieszanki-dla-gryzoni.jpg","type":"image\/jpeg"}],"schema":{"@context":"https:\/\/schema.org","@graph":[{"@type":"WebPage","@id":"https:\/\/naturalpoland.com\/fr\/produkty\/produits-pour-lalimentation-animale\/melanges-pour-rongeurs-et-rongeurs-de-venaison\/","url":"https:\/\/naturalpoland.com\/fr\/produkty\/produits-pour-lalimentation-animale\/melanges-pour-rongeurs-et-rongeurs-de-venaison\/","name":"M\u00e9langes pour rongeurs et reptiles herbivores - Distributeur en gros","isPartOf":{"@id":"https:\/\/naturalpoland.com\/fr\/#website"},"primaryImageOfPage":{"@id":"https:\/\/naturalpoland.com\/fr\/produkty\/produits-pour-lalimentation-animale\/melanges-pour-rongeurs-et-rongeurs-de-venaison\/#primaryimage"},"image":{"@id":"https:\/\/naturalpoland.com\/fr\/produkty\/produits-pour-lalimentation-animale\/melanges-pour-rongeurs-et-rongeurs-de-venaison\/#primaryimage"},"thumbnailUrl":"https:\/\/naturalpoland.com\/wp-content\/uploads\/mieszanki-dla-gryzoni.jpg","datePublished":"2023-10-03T08:29:55+00:00","description":"Nos m\u00e9langes pour rongeurs et reptiles herbivores ont \u00e9t\u00e9 soigneusement compos\u00e9s \u00e0 partir d'ingr\u00e9dients de haute qualit\u00e9 d'origine v\u00e9g\u00e9tale.","breadcrumb":{"@id":"https:\/\/naturalpoland.com\/fr\/produkty\/produits-pour-lalimentation-animale\/melanges-pour-rongeurs-et-rongeurs-de-venaison\/#breadcrumb"},"inLanguage":"fr-FR","potentialAction":[{"@type":"ReadAction","target":["https:\/\/naturalpoland.com\/fr\/produkty\/produits-pour-lalimentation-animale\/melanges-pour-rongeurs-et-rongeurs-de-venaison\/"]}]},{"@type":"ImageObject","inLanguage":"fr-FR","@id":"https:\/\/naturalpoland.com\/fr\/produkty\/produits-pour-lalimentation-animale\/melanges-pour-rongeurs-et-rongeurs-de-venaison\/#primaryimage","url":"https:\/\/naturalpoland.com\/wp-content\/uploads\/mieszanki-dla-gryzoni.jpg","contentUrl":"https:\/\/naturalpoland.com\/wp-content\/uploads\/mieszanki-dla-gryzoni.jpg","width":650,"height":650,"caption":"m\u00e9langes pour rongeurs"},{"@type":"BreadcrumbList","@id":"https:\/\/naturalpoland.com\/fr\/produkty\/produits-pour-lalimentation-animale\/melanges-pour-rongeurs-et-rongeurs-de-venaison\/#breadcrumb","itemListElement":[{"@type":"ListItem","position":1,"name":"Accueil","item":"https:\/\/naturalpoland.com\/fr\/"},{"@type":"ListItem","position":2,"name":"Produits","item":"https:\/\/naturalpoland.com\/fr\/produits\/"},{"@type":"ListItem","position":3,"name":"M\u00e9langes pour rongeurs et reptiles herbivores"}]},{"@type":"WebSite","@id":"https:\/\/naturalpoland.com\/fr\/#website","url":"https:\/\/naturalpoland.com\/fr\/","name":"NATURAL POLAND - Distributeur de mati\u00e8res premi\u00e8res en gros","description":"Surowce dla przemys\u0142u spo\u017cywczego, kosmetycznego i farmaceutycznego","publisher":{"@id":"https:\/\/naturalpoland.com\/fr\/#organization"},"potentialAction":[{"@type":"SearchAction","target":{"@type":"EntryPoint","urlTemplate":"https:\/\/naturalpoland.com\/fr\/?s={search_term_string}"},"query-input":{"@type":"PropertyValueSpecification","valueRequired":true,"valueName":"search_term_string"}}],"inLanguage":"fr-FR"},{"@type":"Organization","@id":"https:\/\/naturalpoland.com\/fr\/#organization","name":"Natural Poland","url":"https:\/\/naturalpoland.com\/fr\/","logo":{"@type":"ImageObject","inLanguage":"fr-FR","@id":"https:\/\/naturalpoland.com\/fr\/#\/schema\/logo\/image\/","url":"https:\/\/naturalpoland.com\/wp-content\/uploads\/2021\/05\/natural-poland-icon.png","contentUrl":"https:\/\/naturalpoland.com\/wp-content\/uploads\/2021\/05\/natural-poland-icon.png","width":512,"height":512,"caption":"Natural Poland"},"image":{"@id":"https:\/\/naturalpoland.com\/fr\/#\/schema\/logo\/image\/"},"sameAs":["https:\/\/www.facebook.com\/naturalpoland.b2b","https:\/\/pl.linkedin.com\/company\/natural-poland","https:\/\/www.youtube.com\/channel\/UCgeGGkvOMahZo-xu_MSEWxg"]}]}},"_links":{"self":[{"href":"https:\/\/naturalpoland.com\/fr\/wp-json\/wp\/v2\/product\/26166","targetHints":{"allow":["GET"]}}],"collection":[{"href":"https:\/\/naturalpoland.com\/fr\/wp-json\/wp\/v2\/product"}],"about":[{"href":"https:\/\/naturalpoland.com\/fr\/wp-json\/wp\/v2\/types\/product"}],"wp:featuredmedia":[{"embeddable":true,"href":"https:\/\/naturalpoland.com\/fr\/wp-json\/wp\/v2\/media\/25522"}],"wp:attachment":[{"href":"https:\/\/naturalpoland.com\/fr\/wp-json\/wp\/v2\/media?parent=26166"}],"wp:term":[{"taxonomy":"product_brand","embeddable":true,"href":"https:\/\/naturalpoland.com\/fr\/wp-json\/wp\/v2\/product_brand?post=26166"},{"taxonomy":"product_cat","embeddable":true,"href":"https:\/\/naturalpoland.com\/fr\/wp-json\/wp\/v2\/product_cat?post=26166"},{"taxonomy":"product_tag","embeddable":true,"href":"https:\/\/naturalpoland.com\/fr\/wp-json\/wp\/v2\/product_tag?post=26166"}],"curies":[{"name":"wp","href":"https:\/\/api.w.org\/{rel}","templated":true}]}}