{"id":26184,"date":"2023-09-15T15:34:19","date_gmt":"2023-10-03T08:29:59","guid":{"rendered":"https:\/\/naturalpoland.com\/produkty\/non class\u00e9\/matieres-premieres-en-poudre-pour-animaux\/"},"modified":"2023-10-03T10:29:59","modified_gmt":"2023-10-03T08:29:59","slug":"poudres-poudres-pour-animaux","status":"publish","type":"product","link":"https:\/\/naturalpoland.com\/fr\/produkty\/produits-pour-lalimentation-animale\/poudres-poudres-pour-animaux\/","title":{"rendered":"Mati\u00e8res premi\u00e8res en poudre pour animaux"},"content":{"rendered":"<ul>\n<li><strong>Poudre de coquille d&rsquo;\u0153uf<\/strong>: source naturelle de calcium et de phosphore, essentiels \u00e0 la sant\u00e9 des os et des dents. Favorise le d\u00e9veloppement correct du syst\u00e8me squelettique de l&rsquo;animal.<\/li>\n<li><strong>Compl\u00e9ment alimentaire min\u00e9ral pour chien<\/strong>: enrichi en min\u00e9raux essentiels, ce compl\u00e9ment favorise le bon fonctionnement de l&rsquo;organisme, am\u00e9liore la condition de votre chien et contribue \u00e0 lui assurer une alimentation saine.<\/li>\n<li><strong>Compl\u00e9ment alimentaire pour chiens sensibles<\/strong>: formul\u00e9 pour les chiens au syst\u00e8me digestif sensible. Favorise la digestion, aide \u00e0 pr\u00e9venir les allergies et les irritations.<\/li>\n<li><strong>Farine de k<\/strong>rill : riche en prot\u00e9ines et en acides gras om\u00e9ga-3, la farine de krill est une excellente source d&rsquo;\u00e9nergie et contribue \u00e0 la sant\u00e9 de la peau, du pelage et du syst\u00e8me cardiovasculaire.<\/li>\n<li><strong>Farine de<\/strong> calmar : Les niveaux \u00e9lev\u00e9s de prot\u00e9ines et d&rsquo;acides amin\u00e9s en font un ingr\u00e9dient pr\u00e9cieux pour la croissance et la r\u00e9g\u00e9n\u00e9ration des tissus musculaires animaux.<\/li>\n<li><strong>Poudre de MSM<\/strong>: un compos\u00e9 min\u00e9ral soufr\u00e9 organique connu pour ses propri\u00e9t\u00e9s qui favorisent la sant\u00e9 des articulations et des os et l&rsquo;am\u00e9lioration de l&rsquo;\u00e9tat de la peau et du pelage.<\/li>\n<\/ul>\n","protected":false},"excerpt":{"rendered":"<p>Les mati\u00e8res premi\u00e8res animales en poudre sont des ingr\u00e9dients de la plus haute qualit\u00e9 utilis\u00e9s dans les produits de nutrition animale. Des m\u00e9thodes de traitement sp\u00e9ciales permettent de conserver toutes les pr\u00e9cieuses propri\u00e9t\u00e9s nutritionnelles.<\/p>\n","protected":false},"featured_media":25509,"template":"","meta":{"_acf_changed":false},"product_brand":[],"product_cat":[2510],"product_tag":[],"class_list":{"0":"post-26184","1":"product","2":"type-product","3":"status-publish","4":"has-post-thumbnail","6":"product_cat-produits-pour-lalimentation-animale","8":"first","9":"instock","10":"shipping-taxable","11":"product-type-simple"},"acf":[],"yoast_head":"<!-- This site is optimized with the Yoast SEO plugin v27.4 - https:\/\/yoast.com\/product\/yoast-seo-wordpress\/ -->\n<title>Mati\u00e8res premi\u00e8res en poudre pour animaux - Distributeur en gros<\/title>\n<meta name=\"description\" content=\"Les mati\u00e8res premi\u00e8res animales en poudre sont des ingr\u00e9dients de la plus haute qualit\u00e9 utilis\u00e9s dans les produits de nutrition animale.\" \/>\n<meta name=\"robots\" content=\"index, follow, max-snippet:-1, max-image-preview:large, max-video-preview:-1\" \/>\n<link rel=\"canonical\" href=\"https:\/\/naturalpoland.com\/fr\/produkty\/produits-pour-lalimentation-animale\/poudres-poudres-pour-animaux\/\" \/>\n<meta property=\"og:locale\" content=\"fr_FR\" \/>\n<meta property=\"og:type\" content=\"article\" \/>\n<meta property=\"og:title\" content=\"Mati\u00e8res premi\u00e8res en poudre pour animaux - Distributeur en gros\" \/>\n<meta property=\"og:description\" content=\"Les mati\u00e8res premi\u00e8res animales en poudre sont des ingr\u00e9dients de la plus haute qualit\u00e9 utilis\u00e9s dans les produits de nutrition animale.\" \/>\n<meta property=\"og:url\" content=\"https:\/\/naturalpoland.com\/fr\/produkty\/produits-pour-lalimentation-animale\/poudres-poudres-pour-animaux\/\" \/>\n<meta property=\"og:site_name\" content=\"NATURAL POLAND - Distributeur de mati\u00e8res premi\u00e8res en gros\" \/>\n<meta property=\"article:publisher\" content=\"https:\/\/www.facebook.com\/naturalpoland.b2b\" \/>\n<meta property=\"og:image\" content=\"https:\/\/naturalpoland.com\/wp-content\/uploads\/maczka-z-kryla.jpg\" \/>\n\t<meta property=\"og:image:width\" content=\"650\" \/>\n\t<meta property=\"og:image:height\" content=\"650\" \/>\n\t<meta property=\"og:image:type\" content=\"image\/jpeg\" \/>\n<script type=\"application\/ld+json\" class=\"yoast-schema-graph\">{\"@context\":\"https:\\\/\\\/schema.org\",\"@graph\":[{\"@type\":\"WebPage\",\"@id\":\"https:\\\/\\\/naturalpoland.com\\\/fr\\\/produkty\\\/produits-pour-lalimentation-animale\\\/poudres-poudres-pour-animaux\\\/\",\"url\":\"https:\\\/\\\/naturalpoland.com\\\/fr\\\/produkty\\\/produits-pour-lalimentation-animale\\\/poudres-poudres-pour-animaux\\\/\",\"name\":\"Mati\u00e8res premi\u00e8res en poudre pour animaux - Distributeur en gros\",\"isPartOf\":{\"@id\":\"https:\\\/\\\/naturalpoland.com\\\/fr\\\/#website\"},\"primaryImageOfPage\":{\"@id\":\"https:\\\/\\\/naturalpoland.com\\\/fr\\\/produkty\\\/produits-pour-lalimentation-animale\\\/poudres-poudres-pour-animaux\\\/#primaryimage\"},\"image\":{\"@id\":\"https:\\\/\\\/naturalpoland.com\\\/fr\\\/produkty\\\/produits-pour-lalimentation-animale\\\/poudres-poudres-pour-animaux\\\/#primaryimage\"},\"thumbnailUrl\":\"https:\\\/\\\/naturalpoland.com\\\/wp-content\\\/uploads\\\/maczka-z-kryla.jpg\",\"datePublished\":\"2023-10-03T08:29:59+00:00\",\"description\":\"Les mati\u00e8res premi\u00e8res animales en poudre sont des ingr\u00e9dients de la plus haute qualit\u00e9 utilis\u00e9s dans les produits de nutrition animale.\",\"breadcrumb\":{\"@id\":\"https:\\\/\\\/naturalpoland.com\\\/fr\\\/produkty\\\/produits-pour-lalimentation-animale\\\/poudres-poudres-pour-animaux\\\/#breadcrumb\"},\"inLanguage\":\"fr-FR\",\"potentialAction\":[{\"@type\":\"ReadAction\",\"target\":[\"https:\\\/\\\/naturalpoland.com\\\/fr\\\/produkty\\\/produits-pour-lalimentation-animale\\\/poudres-poudres-pour-animaux\\\/\"]}]},{\"@type\":\"ImageObject\",\"inLanguage\":\"fr-FR\",\"@id\":\"https:\\\/\\\/naturalpoland.com\\\/fr\\\/produkty\\\/produits-pour-lalimentation-animale\\\/poudres-poudres-pour-animaux\\\/#primaryimage\",\"url\":\"https:\\\/\\\/naturalpoland.com\\\/wp-content\\\/uploads\\\/maczka-z-kryla.jpg\",\"contentUrl\":\"https:\\\/\\\/naturalpoland.com\\\/wp-content\\\/uploads\\\/maczka-z-kryla.jpg\",\"width\":650,\"height\":650,\"caption\":\"farine de krill\"},{\"@type\":\"BreadcrumbList\",\"@id\":\"https:\\\/\\\/naturalpoland.com\\\/fr\\\/produkty\\\/produits-pour-lalimentation-animale\\\/poudres-poudres-pour-animaux\\\/#breadcrumb\",\"itemListElement\":[{\"@type\":\"ListItem\",\"position\":1,\"name\":\"Accueil\",\"item\":\"https:\\\/\\\/naturalpoland.com\\\/fr\\\/\"},{\"@type\":\"ListItem\",\"position\":2,\"name\":\"Produits\",\"item\":\"https:\\\/\\\/naturalpoland.com\\\/fr\\\/produits\\\/\"},{\"@type\":\"ListItem\",\"position\":3,\"name\":\"Mati\u00e8res premi\u00e8res en poudre pour animaux\"}]},{\"@type\":\"WebSite\",\"@id\":\"https:\\\/\\\/naturalpoland.com\\\/fr\\\/#website\",\"url\":\"https:\\\/\\\/naturalpoland.com\\\/fr\\\/\",\"name\":\"NATURAL POLAND - Distributeur de mati\u00e8res premi\u00e8res en gros\",\"description\":\"Surowce dla przemys\u0142u spo\u017cywczego, kosmetycznego i farmaceutycznego\",\"publisher\":{\"@id\":\"https:\\\/\\\/naturalpoland.com\\\/fr\\\/#organization\"},\"potentialAction\":[{\"@type\":\"SearchAction\",\"target\":{\"@type\":\"EntryPoint\",\"urlTemplate\":\"https:\\\/\\\/naturalpoland.com\\\/fr\\\/?s={search_term_string}\"},\"query-input\":{\"@type\":\"PropertyValueSpecification\",\"valueRequired\":true,\"valueName\":\"search_term_string\"}}],\"inLanguage\":\"fr-FR\"},{\"@type\":\"Organization\",\"@id\":\"https:\\\/\\\/naturalpoland.com\\\/fr\\\/#organization\",\"name\":\"Natural Poland\",\"url\":\"https:\\\/\\\/naturalpoland.com\\\/fr\\\/\",\"logo\":{\"@type\":\"ImageObject\",\"inLanguage\":\"fr-FR\",\"@id\":\"https:\\\/\\\/naturalpoland.com\\\/fr\\\/#\\\/schema\\\/logo\\\/image\\\/\",\"url\":\"https:\\\/\\\/naturalpoland.com\\\/wp-content\\\/uploads\\\/2021\\\/05\\\/natural-poland-icon.png\",\"contentUrl\":\"https:\\\/\\\/naturalpoland.com\\\/wp-content\\\/uploads\\\/2021\\\/05\\\/natural-poland-icon.png\",\"width\":512,\"height\":512,\"caption\":\"Natural Poland\"},\"image\":{\"@id\":\"https:\\\/\\\/naturalpoland.com\\\/fr\\\/#\\\/schema\\\/logo\\\/image\\\/\"},\"sameAs\":[\"https:\\\/\\\/www.facebook.com\\\/naturalpoland.b2b\",\"https:\\\/\\\/pl.linkedin.com\\\/company\\\/natural-poland\",\"https:\\\/\\\/www.youtube.com\\\/channel\\\/UCgeGGkvOMahZo-xu_MSEWxg\"]}]}<\/script>\n<!-- \/ Yoast SEO plugin. -->","yoast_head_json":{"title":"Mati\u00e8res premi\u00e8res en poudre pour animaux - Distributeur en gros","description":"Les mati\u00e8res premi\u00e8res animales en poudre sont des ingr\u00e9dients de la plus haute qualit\u00e9 utilis\u00e9s dans les produits de nutrition animale.","robots":{"index":"index","follow":"follow","max-snippet":"max-snippet:-1","max-image-preview":"max-image-preview:large","max-video-preview":"max-video-preview:-1"},"canonical":"https:\/\/naturalpoland.com\/fr\/produkty\/produits-pour-lalimentation-animale\/poudres-poudres-pour-animaux\/","og_locale":"fr_FR","og_type":"article","og_title":"Mati\u00e8res premi\u00e8res en poudre pour animaux - Distributeur en gros","og_description":"Les mati\u00e8res premi\u00e8res animales en poudre sont des ingr\u00e9dients de la plus haute qualit\u00e9 utilis\u00e9s dans les produits de nutrition animale.","og_url":"https:\/\/naturalpoland.com\/fr\/produkty\/produits-pour-lalimentation-animale\/poudres-poudres-pour-animaux\/","og_site_name":"NATURAL POLAND - Distributeur de mati\u00e8res premi\u00e8res en gros","article_publisher":"https:\/\/www.facebook.com\/naturalpoland.b2b","og_image":[{"width":650,"height":650,"url":"https:\/\/naturalpoland.com\/wp-content\/uploads\/maczka-z-kryla.jpg","type":"image\/jpeg"}],"schema":{"@context":"https:\/\/schema.org","@graph":[{"@type":"WebPage","@id":"https:\/\/naturalpoland.com\/fr\/produkty\/produits-pour-lalimentation-animale\/poudres-poudres-pour-animaux\/","url":"https:\/\/naturalpoland.com\/fr\/produkty\/produits-pour-lalimentation-animale\/poudres-poudres-pour-animaux\/","name":"Mati\u00e8res premi\u00e8res en poudre pour animaux - Distributeur en gros","isPartOf":{"@id":"https:\/\/naturalpoland.com\/fr\/#website"},"primaryImageOfPage":{"@id":"https:\/\/naturalpoland.com\/fr\/produkty\/produits-pour-lalimentation-animale\/poudres-poudres-pour-animaux\/#primaryimage"},"image":{"@id":"https:\/\/naturalpoland.com\/fr\/produkty\/produits-pour-lalimentation-animale\/poudres-poudres-pour-animaux\/#primaryimage"},"thumbnailUrl":"https:\/\/naturalpoland.com\/wp-content\/uploads\/maczka-z-kryla.jpg","datePublished":"2023-10-03T08:29:59+00:00","description":"Les mati\u00e8res premi\u00e8res animales en poudre sont des ingr\u00e9dients de la plus haute qualit\u00e9 utilis\u00e9s dans les produits de nutrition animale.","breadcrumb":{"@id":"https:\/\/naturalpoland.com\/fr\/produkty\/produits-pour-lalimentation-animale\/poudres-poudres-pour-animaux\/#breadcrumb"},"inLanguage":"fr-FR","potentialAction":[{"@type":"ReadAction","target":["https:\/\/naturalpoland.com\/fr\/produkty\/produits-pour-lalimentation-animale\/poudres-poudres-pour-animaux\/"]}]},{"@type":"ImageObject","inLanguage":"fr-FR","@id":"https:\/\/naturalpoland.com\/fr\/produkty\/produits-pour-lalimentation-animale\/poudres-poudres-pour-animaux\/#primaryimage","url":"https:\/\/naturalpoland.com\/wp-content\/uploads\/maczka-z-kryla.jpg","contentUrl":"https:\/\/naturalpoland.com\/wp-content\/uploads\/maczka-z-kryla.jpg","width":650,"height":650,"caption":"farine de krill"},{"@type":"BreadcrumbList","@id":"https:\/\/naturalpoland.com\/fr\/produkty\/produits-pour-lalimentation-animale\/poudres-poudres-pour-animaux\/#breadcrumb","itemListElement":[{"@type":"ListItem","position":1,"name":"Accueil","item":"https:\/\/naturalpoland.com\/fr\/"},{"@type":"ListItem","position":2,"name":"Produits","item":"https:\/\/naturalpoland.com\/fr\/produits\/"},{"@type":"ListItem","position":3,"name":"Mati\u00e8res premi\u00e8res en poudre pour animaux"}]},{"@type":"WebSite","@id":"https:\/\/naturalpoland.com\/fr\/#website","url":"https:\/\/naturalpoland.com\/fr\/","name":"NATURAL POLAND - Distributeur de mati\u00e8res premi\u00e8res en gros","description":"Surowce dla przemys\u0142u spo\u017cywczego, kosmetycznego i farmaceutycznego","publisher":{"@id":"https:\/\/naturalpoland.com\/fr\/#organization"},"potentialAction":[{"@type":"SearchAction","target":{"@type":"EntryPoint","urlTemplate":"https:\/\/naturalpoland.com\/fr\/?s={search_term_string}"},"query-input":{"@type":"PropertyValueSpecification","valueRequired":true,"valueName":"search_term_string"}}],"inLanguage":"fr-FR"},{"@type":"Organization","@id":"https:\/\/naturalpoland.com\/fr\/#organization","name":"Natural Poland","url":"https:\/\/naturalpoland.com\/fr\/","logo":{"@type":"ImageObject","inLanguage":"fr-FR","@id":"https:\/\/naturalpoland.com\/fr\/#\/schema\/logo\/image\/","url":"https:\/\/naturalpoland.com\/wp-content\/uploads\/2021\/05\/natural-poland-icon.png","contentUrl":"https:\/\/naturalpoland.com\/wp-content\/uploads\/2021\/05\/natural-poland-icon.png","width":512,"height":512,"caption":"Natural Poland"},"image":{"@id":"https:\/\/naturalpoland.com\/fr\/#\/schema\/logo\/image\/"},"sameAs":["https:\/\/www.facebook.com\/naturalpoland.b2b","https:\/\/pl.linkedin.com\/company\/natural-poland","https:\/\/www.youtube.com\/channel\/UCgeGGkvOMahZo-xu_MSEWxg"]}]}},"_links":{"self":[{"href":"https:\/\/naturalpoland.com\/fr\/wp-json\/wp\/v2\/product\/26184","targetHints":{"allow":["GET"]}}],"collection":[{"href":"https:\/\/naturalpoland.com\/fr\/wp-json\/wp\/v2\/product"}],"about":[{"href":"https:\/\/naturalpoland.com\/fr\/wp-json\/wp\/v2\/types\/product"}],"wp:featuredmedia":[{"embeddable":true,"href":"https:\/\/naturalpoland.com\/fr\/wp-json\/wp\/v2\/media\/25509"}],"wp:attachment":[{"href":"https:\/\/naturalpoland.com\/fr\/wp-json\/wp\/v2\/media?parent=26184"}],"wp:term":[{"taxonomy":"product_brand","embeddable":true,"href":"https:\/\/naturalpoland.com\/fr\/wp-json\/wp\/v2\/product_brand?post=26184"},{"taxonomy":"product_cat","embeddable":true,"href":"https:\/\/naturalpoland.com\/fr\/wp-json\/wp\/v2\/product_cat?post=26184"},{"taxonomy":"product_tag","embeddable":true,"href":"https:\/\/naturalpoland.com\/fr\/wp-json\/wp\/v2\/product_tag?post=26184"}],"curies":[{"name":"wp","href":"https:\/\/api.w.org\/{rel}","templated":true}]}}