{"id":26202,"date":"2023-09-15T15:05:42","date_gmt":"2023-10-03T08:30:09","guid":{"rendered":"https:\/\/naturalpoland.com\/produkty\/non class\u00e9\/melanges-barf-pour-chiens\/"},"modified":"2023-10-03T10:30:09","modified_gmt":"2023-10-03T08:30:09","slug":"blends-barf-d-pour-chiens","status":"publish","type":"product","link":"https:\/\/naturalpoland.com\/fr\/produkty\/produits-pour-lalimentation-animale\/blends-barf-d-pour-chiens\/","title":{"rendered":"M\u00e9langes BARF pour chiens"},"content":{"rendered":"<ul>\n<li><strong>M\u00e9lange de fruits BARF<\/strong>: Une excellente source de vitamines et de fibres, id\u00e9ale pour varier l&rsquo;alimentation quotidienne. Contient une s\u00e9lection de fruits riches en antioxydants pour soutenir le syst\u00e8me immunitaire.<\/li>\n<li><strong>BARF Riz et Poisson<\/strong>: Une combinaison saine de prot\u00e9ines de poisson et de glucides de riz. Id\u00e9al pour les chiens \u00e0 l&rsquo;estomac sensible ou souffrant d&rsquo;allergies alimentaires. Le poisson fournit des acides gras om\u00e9ga-3 essentiels.<\/li>\n<li><strong>BARF M\u00e9lange de riz et de pommes de terre<\/strong>: La combinaison de riz et de pommes de terre fournit \u00e0 votre chien des hydrates de carbone complexes qui sont faciles \u00e0 dig\u00e9rer et lui donnent de l&rsquo;\u00e9nergie pour toute la journ\u00e9e.<\/li>\n<li><strong>BARF Pea Stew<\/strong>: Une riche source de prot\u00e9ines v\u00e9g\u00e9tales combin\u00e9e \u00e0 de la viande pour un m\u00e9lange savoureux et sain.<\/li>\n<li><strong>M\u00e9lange de plantes BARF<\/strong>: Un m\u00e9lange d&rsquo;herbes soigneusement s\u00e9lectionn\u00e9es pour favoriser la digestion, la d\u00e9sintoxication et la sant\u00e9 g\u00e9n\u00e9rale de votre chien. Il peut \u00eatre ajout\u00e9 au r\u00e9gime alimentaire quotidien en tant que vari\u00e9t\u00e9 ou traitement de soutien.<\/li>\n<li><strong>BARF Vegetable mix<\/strong>: une combinaison de divers l\u00e9gumes apportant des vitamines, des min\u00e9raux et des fibres. Id\u00e9al pour les chiens qui ont besoin d&rsquo;une alimentation vari\u00e9e.<\/li>\n<\/ul>\n","protected":false},"excerpt":{"rendered":"<p>Les m\u00e9langes BARF pour chiens ont \u00e9t\u00e9 soigneusement formul\u00e9s pour fournir des ingr\u00e9dients sains et naturels qui sont essentiels \u00e0 la sant\u00e9 et au bien-\u00eatre du chien.<\/p>\n","protected":false},"featured_media":25483,"template":"","meta":{"_acf_changed":false},"product_brand":[],"product_cat":[2510],"product_tag":[],"class_list":{"0":"post-26202","1":"product","2":"type-product","3":"status-publish","4":"has-post-thumbnail","6":"product_cat-produits-pour-lalimentation-animale","8":"first","9":"instock","10":"shipping-taxable","11":"product-type-simple"},"acf":[],"yoast_head":"<!-- This site is optimized with the Yoast SEO plugin v27.4 - https:\/\/yoast.com\/product\/yoast-seo-wordpress\/ -->\n<title>M\u00e9langes BARF pour chiens - Distributeur en gros<\/title>\n<meta name=\"description\" content=\"Les m\u00e9langes BARF sont une garantie de la qualit\u00e9 et de la fra\u00eecheur des ingr\u00e9dients. Chaque m\u00e9lange a \u00e9t\u00e9 compos\u00e9 pour r\u00e9pondre aux besoins nutritionnels sp\u00e9cifiques du chien.\" \/>\n<meta name=\"robots\" content=\"index, follow, max-snippet:-1, max-image-preview:large, max-video-preview:-1\" \/>\n<link rel=\"canonical\" href=\"https:\/\/naturalpoland.com\/fr\/produkty\/produits-pour-lalimentation-animale\/blends-barf-d-pour-chiens\/\" \/>\n<meta property=\"og:locale\" content=\"fr_FR\" \/>\n<meta property=\"og:type\" content=\"article\" \/>\n<meta property=\"og:title\" content=\"M\u00e9langes BARF pour chiens - Distributeur en gros\" \/>\n<meta property=\"og:description\" content=\"Les m\u00e9langes BARF sont une garantie de la qualit\u00e9 et de la fra\u00eecheur des ingr\u00e9dients. Chaque m\u00e9lange a \u00e9t\u00e9 compos\u00e9 pour r\u00e9pondre aux besoins nutritionnels sp\u00e9cifiques du chien.\" \/>\n<meta property=\"og:url\" content=\"https:\/\/naturalpoland.com\/fr\/produkty\/produits-pour-lalimentation-animale\/blends-barf-d-pour-chiens\/\" \/>\n<meta property=\"og:site_name\" content=\"NATURAL POLAND - Distributeur de mati\u00e8res premi\u00e8res en gros\" \/>\n<meta property=\"article:publisher\" content=\"https:\/\/www.facebook.com\/naturalpoland.b2b\" \/>\n<meta property=\"og:image\" content=\"https:\/\/naturalpoland.com\/wp-content\/uploads\/barf-dla-psow.jpg\" \/>\n\t<meta property=\"og:image:width\" content=\"650\" \/>\n\t<meta property=\"og:image:height\" content=\"650\" \/>\n\t<meta property=\"og:image:type\" content=\"image\/jpeg\" \/>\n<script type=\"application\/ld+json\" class=\"yoast-schema-graph\">{\"@context\":\"https:\\\/\\\/schema.org\",\"@graph\":[{\"@type\":\"WebPage\",\"@id\":\"https:\\\/\\\/naturalpoland.com\\\/fr\\\/produkty\\\/produits-pour-lalimentation-animale\\\/blends-barf-d-pour-chiens\\\/\",\"url\":\"https:\\\/\\\/naturalpoland.com\\\/fr\\\/produkty\\\/produits-pour-lalimentation-animale\\\/blends-barf-d-pour-chiens\\\/\",\"name\":\"M\u00e9langes BARF pour chiens - Distributeur en gros\",\"isPartOf\":{\"@id\":\"https:\\\/\\\/naturalpoland.com\\\/fr\\\/#website\"},\"primaryImageOfPage\":{\"@id\":\"https:\\\/\\\/naturalpoland.com\\\/fr\\\/produkty\\\/produits-pour-lalimentation-animale\\\/blends-barf-d-pour-chiens\\\/#primaryimage\"},\"image\":{\"@id\":\"https:\\\/\\\/naturalpoland.com\\\/fr\\\/produkty\\\/produits-pour-lalimentation-animale\\\/blends-barf-d-pour-chiens\\\/#primaryimage\"},\"thumbnailUrl\":\"https:\\\/\\\/naturalpoland.com\\\/wp-content\\\/uploads\\\/barf-dla-psow.jpg\",\"datePublished\":\"2023-10-03T08:30:09+00:00\",\"description\":\"Les m\u00e9langes BARF sont une garantie de la qualit\u00e9 et de la fra\u00eecheur des ingr\u00e9dients. Chaque m\u00e9lange a \u00e9t\u00e9 compos\u00e9 pour r\u00e9pondre aux besoins nutritionnels sp\u00e9cifiques du chien.\",\"breadcrumb\":{\"@id\":\"https:\\\/\\\/naturalpoland.com\\\/fr\\\/produkty\\\/produits-pour-lalimentation-animale\\\/blends-barf-d-pour-chiens\\\/#breadcrumb\"},\"inLanguage\":\"fr-FR\",\"potentialAction\":[{\"@type\":\"ReadAction\",\"target\":[\"https:\\\/\\\/naturalpoland.com\\\/fr\\\/produkty\\\/produits-pour-lalimentation-animale\\\/blends-barf-d-pour-chiens\\\/\"]}]},{\"@type\":\"ImageObject\",\"inLanguage\":\"fr-FR\",\"@id\":\"https:\\\/\\\/naturalpoland.com\\\/fr\\\/produkty\\\/produits-pour-lalimentation-animale\\\/blends-barf-d-pour-chiens\\\/#primaryimage\",\"url\":\"https:\\\/\\\/naturalpoland.com\\\/wp-content\\\/uploads\\\/barf-dla-psow.jpg\",\"contentUrl\":\"https:\\\/\\\/naturalpoland.com\\\/wp-content\\\/uploads\\\/barf-dla-psow.jpg\",\"width\":650,\"height\":650,\"caption\":\"vomi pour les chiens\"},{\"@type\":\"BreadcrumbList\",\"@id\":\"https:\\\/\\\/naturalpoland.com\\\/fr\\\/produkty\\\/produits-pour-lalimentation-animale\\\/blends-barf-d-pour-chiens\\\/#breadcrumb\",\"itemListElement\":[{\"@type\":\"ListItem\",\"position\":1,\"name\":\"Accueil\",\"item\":\"https:\\\/\\\/naturalpoland.com\\\/fr\\\/\"},{\"@type\":\"ListItem\",\"position\":2,\"name\":\"Produits\",\"item\":\"https:\\\/\\\/naturalpoland.com\\\/fr\\\/produits\\\/\"},{\"@type\":\"ListItem\",\"position\":3,\"name\":\"M\u00e9langes BARF pour chiens\"}]},{\"@type\":\"WebSite\",\"@id\":\"https:\\\/\\\/naturalpoland.com\\\/fr\\\/#website\",\"url\":\"https:\\\/\\\/naturalpoland.com\\\/fr\\\/\",\"name\":\"NATURAL POLAND - Distributeur de mati\u00e8res premi\u00e8res en gros\",\"description\":\"Surowce dla przemys\u0142u spo\u017cywczego, kosmetycznego i farmaceutycznego\",\"publisher\":{\"@id\":\"https:\\\/\\\/naturalpoland.com\\\/fr\\\/#organization\"},\"potentialAction\":[{\"@type\":\"SearchAction\",\"target\":{\"@type\":\"EntryPoint\",\"urlTemplate\":\"https:\\\/\\\/naturalpoland.com\\\/fr\\\/?s={search_term_string}\"},\"query-input\":{\"@type\":\"PropertyValueSpecification\",\"valueRequired\":true,\"valueName\":\"search_term_string\"}}],\"inLanguage\":\"fr-FR\"},{\"@type\":\"Organization\",\"@id\":\"https:\\\/\\\/naturalpoland.com\\\/fr\\\/#organization\",\"name\":\"Natural Poland\",\"url\":\"https:\\\/\\\/naturalpoland.com\\\/fr\\\/\",\"logo\":{\"@type\":\"ImageObject\",\"inLanguage\":\"fr-FR\",\"@id\":\"https:\\\/\\\/naturalpoland.com\\\/fr\\\/#\\\/schema\\\/logo\\\/image\\\/\",\"url\":\"https:\\\/\\\/naturalpoland.com\\\/wp-content\\\/uploads\\\/2021\\\/05\\\/natural-poland-icon.png\",\"contentUrl\":\"https:\\\/\\\/naturalpoland.com\\\/wp-content\\\/uploads\\\/2021\\\/05\\\/natural-poland-icon.png\",\"width\":512,\"height\":512,\"caption\":\"Natural Poland\"},\"image\":{\"@id\":\"https:\\\/\\\/naturalpoland.com\\\/fr\\\/#\\\/schema\\\/logo\\\/image\\\/\"},\"sameAs\":[\"https:\\\/\\\/www.facebook.com\\\/naturalpoland.b2b\",\"https:\\\/\\\/pl.linkedin.com\\\/company\\\/natural-poland\",\"https:\\\/\\\/www.youtube.com\\\/channel\\\/UCgeGGkvOMahZo-xu_MSEWxg\"]}]}<\/script>\n<!-- \/ Yoast SEO plugin. -->","yoast_head_json":{"title":"M\u00e9langes BARF pour chiens - Distributeur en gros","description":"Les m\u00e9langes BARF sont une garantie de la qualit\u00e9 et de la fra\u00eecheur des ingr\u00e9dients. Chaque m\u00e9lange a \u00e9t\u00e9 compos\u00e9 pour r\u00e9pondre aux besoins nutritionnels sp\u00e9cifiques du chien.","robots":{"index":"index","follow":"follow","max-snippet":"max-snippet:-1","max-image-preview":"max-image-preview:large","max-video-preview":"max-video-preview:-1"},"canonical":"https:\/\/naturalpoland.com\/fr\/produkty\/produits-pour-lalimentation-animale\/blends-barf-d-pour-chiens\/","og_locale":"fr_FR","og_type":"article","og_title":"M\u00e9langes BARF pour chiens - Distributeur en gros","og_description":"Les m\u00e9langes BARF sont une garantie de la qualit\u00e9 et de la fra\u00eecheur des ingr\u00e9dients. Chaque m\u00e9lange a \u00e9t\u00e9 compos\u00e9 pour r\u00e9pondre aux besoins nutritionnels sp\u00e9cifiques du chien.","og_url":"https:\/\/naturalpoland.com\/fr\/produkty\/produits-pour-lalimentation-animale\/blends-barf-d-pour-chiens\/","og_site_name":"NATURAL POLAND - Distributeur de mati\u00e8res premi\u00e8res en gros","article_publisher":"https:\/\/www.facebook.com\/naturalpoland.b2b","og_image":[{"width":650,"height":650,"url":"https:\/\/naturalpoland.com\/wp-content\/uploads\/barf-dla-psow.jpg","type":"image\/jpeg"}],"schema":{"@context":"https:\/\/schema.org","@graph":[{"@type":"WebPage","@id":"https:\/\/naturalpoland.com\/fr\/produkty\/produits-pour-lalimentation-animale\/blends-barf-d-pour-chiens\/","url":"https:\/\/naturalpoland.com\/fr\/produkty\/produits-pour-lalimentation-animale\/blends-barf-d-pour-chiens\/","name":"M\u00e9langes BARF pour chiens - Distributeur en gros","isPartOf":{"@id":"https:\/\/naturalpoland.com\/fr\/#website"},"primaryImageOfPage":{"@id":"https:\/\/naturalpoland.com\/fr\/produkty\/produits-pour-lalimentation-animale\/blends-barf-d-pour-chiens\/#primaryimage"},"image":{"@id":"https:\/\/naturalpoland.com\/fr\/produkty\/produits-pour-lalimentation-animale\/blends-barf-d-pour-chiens\/#primaryimage"},"thumbnailUrl":"https:\/\/naturalpoland.com\/wp-content\/uploads\/barf-dla-psow.jpg","datePublished":"2023-10-03T08:30:09+00:00","description":"Les m\u00e9langes BARF sont une garantie de la qualit\u00e9 et de la fra\u00eecheur des ingr\u00e9dients. Chaque m\u00e9lange a \u00e9t\u00e9 compos\u00e9 pour r\u00e9pondre aux besoins nutritionnels sp\u00e9cifiques du chien.","breadcrumb":{"@id":"https:\/\/naturalpoland.com\/fr\/produkty\/produits-pour-lalimentation-animale\/blends-barf-d-pour-chiens\/#breadcrumb"},"inLanguage":"fr-FR","potentialAction":[{"@type":"ReadAction","target":["https:\/\/naturalpoland.com\/fr\/produkty\/produits-pour-lalimentation-animale\/blends-barf-d-pour-chiens\/"]}]},{"@type":"ImageObject","inLanguage":"fr-FR","@id":"https:\/\/naturalpoland.com\/fr\/produkty\/produits-pour-lalimentation-animale\/blends-barf-d-pour-chiens\/#primaryimage","url":"https:\/\/naturalpoland.com\/wp-content\/uploads\/barf-dla-psow.jpg","contentUrl":"https:\/\/naturalpoland.com\/wp-content\/uploads\/barf-dla-psow.jpg","width":650,"height":650,"caption":"vomi pour les chiens"},{"@type":"BreadcrumbList","@id":"https:\/\/naturalpoland.com\/fr\/produkty\/produits-pour-lalimentation-animale\/blends-barf-d-pour-chiens\/#breadcrumb","itemListElement":[{"@type":"ListItem","position":1,"name":"Accueil","item":"https:\/\/naturalpoland.com\/fr\/"},{"@type":"ListItem","position":2,"name":"Produits","item":"https:\/\/naturalpoland.com\/fr\/produits\/"},{"@type":"ListItem","position":3,"name":"M\u00e9langes BARF pour chiens"}]},{"@type":"WebSite","@id":"https:\/\/naturalpoland.com\/fr\/#website","url":"https:\/\/naturalpoland.com\/fr\/","name":"NATURAL POLAND - Distributeur de mati\u00e8res premi\u00e8res en gros","description":"Surowce dla przemys\u0142u spo\u017cywczego, kosmetycznego i farmaceutycznego","publisher":{"@id":"https:\/\/naturalpoland.com\/fr\/#organization"},"potentialAction":[{"@type":"SearchAction","target":{"@type":"EntryPoint","urlTemplate":"https:\/\/naturalpoland.com\/fr\/?s={search_term_string}"},"query-input":{"@type":"PropertyValueSpecification","valueRequired":true,"valueName":"search_term_string"}}],"inLanguage":"fr-FR"},{"@type":"Organization","@id":"https:\/\/naturalpoland.com\/fr\/#organization","name":"Natural Poland","url":"https:\/\/naturalpoland.com\/fr\/","logo":{"@type":"ImageObject","inLanguage":"fr-FR","@id":"https:\/\/naturalpoland.com\/fr\/#\/schema\/logo\/image\/","url":"https:\/\/naturalpoland.com\/wp-content\/uploads\/2021\/05\/natural-poland-icon.png","contentUrl":"https:\/\/naturalpoland.com\/wp-content\/uploads\/2021\/05\/natural-poland-icon.png","width":512,"height":512,"caption":"Natural Poland"},"image":{"@id":"https:\/\/naturalpoland.com\/fr\/#\/schema\/logo\/image\/"},"sameAs":["https:\/\/www.facebook.com\/naturalpoland.b2b","https:\/\/pl.linkedin.com\/company\/natural-poland","https:\/\/www.youtube.com\/channel\/UCgeGGkvOMahZo-xu_MSEWxg"]}]}},"_links":{"self":[{"href":"https:\/\/naturalpoland.com\/fr\/wp-json\/wp\/v2\/product\/26202","targetHints":{"allow":["GET"]}}],"collection":[{"href":"https:\/\/naturalpoland.com\/fr\/wp-json\/wp\/v2\/product"}],"about":[{"href":"https:\/\/naturalpoland.com\/fr\/wp-json\/wp\/v2\/types\/product"}],"wp:featuredmedia":[{"embeddable":true,"href":"https:\/\/naturalpoland.com\/fr\/wp-json\/wp\/v2\/media\/25483"}],"wp:attachment":[{"href":"https:\/\/naturalpoland.com\/fr\/wp-json\/wp\/v2\/media?parent=26202"}],"wp:term":[{"taxonomy":"product_brand","embeddable":true,"href":"https:\/\/naturalpoland.com\/fr\/wp-json\/wp\/v2\/product_brand?post=26202"},{"taxonomy":"product_cat","embeddable":true,"href":"https:\/\/naturalpoland.com\/fr\/wp-json\/wp\/v2\/product_cat?post=26202"},{"taxonomy":"product_tag","embeddable":true,"href":"https:\/\/naturalpoland.com\/fr\/wp-json\/wp\/v2\/product_tag?post=26202"}],"curies":[{"name":"wp","href":"https:\/\/api.w.org\/{rel}","templated":true}]}}