{"id":26219,"date":"2023-09-15T14:46:33","date_gmt":"2023-10-03T08:30:23","guid":{"rendered":"https:\/\/naturalpoland.com\/produkty\/non%20class\u00e9\/fleurs-pour-animaux\/"},"modified":"2024-06-13T12:05:33","modified_gmt":"2024-06-13T10:05:33","slug":"des-fleurs-pour-les-animaux","status":"publish","type":"product","link":"https:\/\/naturalpoland.com\/fr\/produkty\/produits-pour-lalimentation-animale\/des-fleurs-pour-les-animaux\/","title":{"rendered":"Fleurs pour animaux"},"content":{"rendered":"<ul>\n<li><strong>Fleurs d&rsquo;arnica<\/strong>: Connues pour leurs propri\u00e9t\u00e9s anti-inflammatoires, elles favorisent la r\u00e9g\u00e9n\u00e9ration de la peau.<\/li>\n<li><strong>Fleurs d&rsquo;hibiscus<\/strong>: riches en vitamine C, soutiennent l&rsquo;immunit\u00e9.<\/li>\n<li><strong>Fleurs de sureau<\/strong>: ont un effet r\u00e9chauffant et soutiennent le syst\u00e8me respiratoire.<\/li>\n<li><strong>Fleurs de camomille<\/strong>: Calme et apaise les irritations du syst\u00e8me digestif.<\/li>\n<li><strong>Bleuet grade 1 et 2<\/strong>: appr\u00e9ci\u00e9 pour sa couleur intense et ses propri\u00e9t\u00e9s antioxydantes.<\/li>\n<li><strong>Bleuet rouge grade 1 et 2<\/strong>: source de flavono\u00efdes, soutient le syst\u00e8me cardiovasculaire.<\/li>\n<li><strong>Lavande<\/strong>: Calmante et relaxante, elle a un effet apaisant sur le syst\u00e8me nerveux.<\/li>\n<li><strong>Fleurs de la mauve sauvage (Malva sylvestris)<\/strong>: Soutient le syst\u00e8me digestif, anti-inflammatoire.<\/li>\n<li><strong>Fleurs de calendula<\/strong>: connues pour leurs propri\u00e9t\u00e9s antibact\u00e9riennes et anti-inflammatoires.<\/li>\n<li><strong>P\u00e9tales de calendula<\/strong>: hydratent intens\u00e9ment et apaisent les irritations.<\/li>\n<li><strong>Fleurs de rose<\/strong>: riches en vitamines, elles favorisent la sant\u00e9 de la peau et du pelage.<\/li>\n<li><strong>P\u00e9tales de rose<\/strong>: utilis\u00e9s dans l&rsquo;alimentation des animaux, ils peuvent avoir un effet calmant.<\/li>\n<li><strong>Fleurs de tr\u00e8fle rouge<\/strong>: Soutiennent le syst\u00e8me endocrinien et sont une riche source de phytoestrog\u00e8nes.<\/li>\n<li><strong>Houblon<\/strong>: connu pour ses propri\u00e9t\u00e9s calmantes et relaxantes.<\/li>\n<li><strong>Flocons de tournesol<\/strong>: Riches en vitamine E, ils favorisent la sant\u00e9 de la peau.<\/li>\n<\/ul>\n<p>Nos fleurs sont soigneusement s\u00e9lectionn\u00e9es et r\u00e9pondent aux normes de qualit\u00e9 les plus \u00e9lev\u00e9es. Ils constituent un compl\u00e9ment id\u00e9al \u00e0 tout r\u00e9gime alimentaire pour les animaux, apportant vari\u00e9t\u00e9 et valeur nutritionnelle.<\/p>\n","protected":false},"excerpt":{"rendered":"<p>Notre s\u00e9lection de fleurs pour animaux allie la beaut\u00e9 de la nature aux bienfaits pour la sant\u00e9. Ces ingr\u00e9dients aromatiques et pr\u00e9cieux peuvent constituer un excellent compl\u00e9ment \u00e0 l&rsquo;alimentation de vos animaux de compagnie, en favorisant leur sant\u00e9 et en ayant un impact positif sur leur bien-\u00eatre.<\/p>\n","protected":false},"featured_media":25457,"template":"","meta":{"_acf_changed":false},"product_brand":[],"product_cat":[2510],"product_tag":[],"class_list":{"0":"post-26219","1":"product","2":"type-product","3":"status-publish","4":"has-post-thumbnail","6":"product_cat-produits-pour-lalimentation-animale","8":"first","9":"instock","10":"shipping-taxable","11":"product-type-simple"},"acf":[],"yoast_head":"<!-- This site is optimized with the Yoast SEO plugin v27.5 - https:\/\/yoast.com\/product\/yoast-seo-wordpress\/ -->\n<title>Fleurs pour animaux - Distributeur en gros<\/title>\n<meta name=\"robots\" content=\"index, follow, max-snippet:-1, max-image-preview:large, max-video-preview:-1\" \/>\n<link rel=\"canonical\" href=\"https:\/\/naturalpoland.com\/fr\/produkty\/produits-pour-lalimentation-animale\/des-fleurs-pour-les-animaux\/\" \/>\n<meta property=\"og:locale\" content=\"fr_FR\" \/>\n<meta property=\"og:type\" content=\"article\" \/>\n<meta property=\"og:title\" content=\"Fleurs pour animaux - Distributeur en gros\" \/>\n<meta property=\"og:description\" content=\"Notre s\u00e9lection de fleurs pour animaux allie la beaut\u00e9 de la nature aux bienfaits pour la sant\u00e9. Ces ingr\u00e9dients aromatiques et pr\u00e9cieux peuvent constituer un excellent compl\u00e9ment \u00e0 l&#039;alimentation de vos animaux de compagnie, en favorisant leur sant\u00e9 et en ayant un impact positif sur leur bien-\u00eatre.\" \/>\n<meta property=\"og:url\" content=\"https:\/\/naturalpoland.com\/fr\/produkty\/produits-pour-lalimentation-animale\/des-fleurs-pour-les-animaux\/\" \/>\n<meta property=\"og:site_name\" content=\"NATURAL POLAND - Distributeur de mati\u00e8res premi\u00e8res en gros\" \/>\n<meta property=\"article:publisher\" content=\"https:\/\/www.facebook.com\/naturalpoland.b2b\" \/>\n<meta property=\"article:modified_time\" content=\"2024-06-13T10:05:33+00:00\" \/>\n<meta property=\"og:image\" content=\"https:\/\/naturalpoland.com\/wp-content\/uploads\/kwiaty-dla-zwierzat.jpg\" \/>\n\t<meta property=\"og:image:width\" content=\"650\" \/>\n\t<meta property=\"og:image:height\" content=\"650\" \/>\n\t<meta property=\"og:image:type\" content=\"image\/jpeg\" \/>\n<script type=\"application\/ld+json\" class=\"yoast-schema-graph\">{\"@context\":\"https:\\\/\\\/schema.org\",\"@graph\":[{\"@type\":\"WebPage\",\"@id\":\"https:\\\/\\\/naturalpoland.com\\\/fr\\\/produkty\\\/produits-pour-lalimentation-animale\\\/des-fleurs-pour-les-animaux\\\/\",\"url\":\"https:\\\/\\\/naturalpoland.com\\\/fr\\\/produkty\\\/produits-pour-lalimentation-animale\\\/des-fleurs-pour-les-animaux\\\/\",\"name\":\"Fleurs pour animaux - Distributeur en gros\",\"isPartOf\":{\"@id\":\"https:\\\/\\\/naturalpoland.com\\\/fr\\\/#website\"},\"primaryImageOfPage\":{\"@id\":\"https:\\\/\\\/naturalpoland.com\\\/fr\\\/produkty\\\/produits-pour-lalimentation-animale\\\/des-fleurs-pour-les-animaux\\\/#primaryimage\"},\"image\":{\"@id\":\"https:\\\/\\\/naturalpoland.com\\\/fr\\\/produkty\\\/produits-pour-lalimentation-animale\\\/des-fleurs-pour-les-animaux\\\/#primaryimage\"},\"thumbnailUrl\":\"https:\\\/\\\/naturalpoland.com\\\/wp-content\\\/uploads\\\/kwiaty-dla-zwierzat.jpg\",\"datePublished\":\"2023-10-03T08:30:23+00:00\",\"dateModified\":\"2024-06-13T10:05:33+00:00\",\"breadcrumb\":{\"@id\":\"https:\\\/\\\/naturalpoland.com\\\/fr\\\/produkty\\\/produits-pour-lalimentation-animale\\\/des-fleurs-pour-les-animaux\\\/#breadcrumb\"},\"inLanguage\":\"fr-FR\",\"potentialAction\":[{\"@type\":\"ReadAction\",\"target\":[\"https:\\\/\\\/naturalpoland.com\\\/fr\\\/produkty\\\/produits-pour-lalimentation-animale\\\/des-fleurs-pour-les-animaux\\\/\"]}]},{\"@type\":\"ImageObject\",\"inLanguage\":\"fr-FR\",\"@id\":\"https:\\\/\\\/naturalpoland.com\\\/fr\\\/produkty\\\/produits-pour-lalimentation-animale\\\/des-fleurs-pour-les-animaux\\\/#primaryimage\",\"url\":\"https:\\\/\\\/naturalpoland.com\\\/wp-content\\\/uploads\\\/kwiaty-dla-zwierzat.jpg\",\"contentUrl\":\"https:\\\/\\\/naturalpoland.com\\\/wp-content\\\/uploads\\\/kwiaty-dla-zwierzat.jpg\",\"width\":650,\"height\":650,\"caption\":\"des fleurs pour les animaux\"},{\"@type\":\"BreadcrumbList\",\"@id\":\"https:\\\/\\\/naturalpoland.com\\\/fr\\\/produkty\\\/produits-pour-lalimentation-animale\\\/des-fleurs-pour-les-animaux\\\/#breadcrumb\",\"itemListElement\":[{\"@type\":\"ListItem\",\"position\":1,\"name\":\"Accueil\",\"item\":\"https:\\\/\\\/naturalpoland.com\\\/fr\\\/\"},{\"@type\":\"ListItem\",\"position\":2,\"name\":\"Produits\",\"item\":\"https:\\\/\\\/naturalpoland.com\\\/fr\\\/produits\\\/\"},{\"@type\":\"ListItem\",\"position\":3,\"name\":\"Fleurs pour animaux\"}]},{\"@type\":\"WebSite\",\"@id\":\"https:\\\/\\\/naturalpoland.com\\\/fr\\\/#website\",\"url\":\"https:\\\/\\\/naturalpoland.com\\\/fr\\\/\",\"name\":\"NATURAL POLAND - Distributeur de mati\u00e8res premi\u00e8res en gros\",\"description\":\"Surowce dla przemys\u0142u spo\u017cywczego, kosmetycznego i farmaceutycznego\",\"publisher\":{\"@id\":\"https:\\\/\\\/naturalpoland.com\\\/fr\\\/#organization\"},\"potentialAction\":[{\"@type\":\"SearchAction\",\"target\":{\"@type\":\"EntryPoint\",\"urlTemplate\":\"https:\\\/\\\/naturalpoland.com\\\/fr\\\/?s={search_term_string}\"},\"query-input\":{\"@type\":\"PropertyValueSpecification\",\"valueRequired\":true,\"valueName\":\"search_term_string\"}}],\"inLanguage\":\"fr-FR\"},{\"@type\":\"Organization\",\"@id\":\"https:\\\/\\\/naturalpoland.com\\\/fr\\\/#organization\",\"name\":\"Natural Poland\",\"url\":\"https:\\\/\\\/naturalpoland.com\\\/fr\\\/\",\"logo\":{\"@type\":\"ImageObject\",\"inLanguage\":\"fr-FR\",\"@id\":\"https:\\\/\\\/naturalpoland.com\\\/fr\\\/#\\\/schema\\\/logo\\\/image\\\/\",\"url\":\"https:\\\/\\\/naturalpoland.com\\\/wp-content\\\/uploads\\\/2021\\\/05\\\/natural-poland-icon.png\",\"contentUrl\":\"https:\\\/\\\/naturalpoland.com\\\/wp-content\\\/uploads\\\/2021\\\/05\\\/natural-poland-icon.png\",\"width\":512,\"height\":512,\"caption\":\"Natural Poland\"},\"image\":{\"@id\":\"https:\\\/\\\/naturalpoland.com\\\/fr\\\/#\\\/schema\\\/logo\\\/image\\\/\"},\"sameAs\":[\"https:\\\/\\\/www.facebook.com\\\/naturalpoland.b2b\",\"https:\\\/\\\/pl.linkedin.com\\\/company\\\/natural-poland\",\"https:\\\/\\\/www.youtube.com\\\/channel\\\/UCgeGGkvOMahZo-xu_MSEWxg\"]}]}<\/script>\n<!-- \/ Yoast SEO plugin. -->","yoast_head_json":{"title":"Fleurs pour animaux - Distributeur en gros","robots":{"index":"index","follow":"follow","max-snippet":"max-snippet:-1","max-image-preview":"max-image-preview:large","max-video-preview":"max-video-preview:-1"},"canonical":"https:\/\/naturalpoland.com\/fr\/produkty\/produits-pour-lalimentation-animale\/des-fleurs-pour-les-animaux\/","og_locale":"fr_FR","og_type":"article","og_title":"Fleurs pour animaux - Distributeur en gros","og_description":"Notre s\u00e9lection de fleurs pour animaux allie la beaut\u00e9 de la nature aux bienfaits pour la sant\u00e9. Ces ingr\u00e9dients aromatiques et pr\u00e9cieux peuvent constituer un excellent compl\u00e9ment \u00e0 l'alimentation de vos animaux de compagnie, en favorisant leur sant\u00e9 et en ayant un impact positif sur leur bien-\u00eatre.","og_url":"https:\/\/naturalpoland.com\/fr\/produkty\/produits-pour-lalimentation-animale\/des-fleurs-pour-les-animaux\/","og_site_name":"NATURAL POLAND - Distributeur de mati\u00e8res premi\u00e8res en gros","article_publisher":"https:\/\/www.facebook.com\/naturalpoland.b2b","article_modified_time":"2024-06-13T10:05:33+00:00","og_image":[{"width":650,"height":650,"url":"https:\/\/naturalpoland.com\/wp-content\/uploads\/kwiaty-dla-zwierzat.jpg","type":"image\/jpeg"}],"schema":{"@context":"https:\/\/schema.org","@graph":[{"@type":"WebPage","@id":"https:\/\/naturalpoland.com\/fr\/produkty\/produits-pour-lalimentation-animale\/des-fleurs-pour-les-animaux\/","url":"https:\/\/naturalpoland.com\/fr\/produkty\/produits-pour-lalimentation-animale\/des-fleurs-pour-les-animaux\/","name":"Fleurs pour animaux - Distributeur en gros","isPartOf":{"@id":"https:\/\/naturalpoland.com\/fr\/#website"},"primaryImageOfPage":{"@id":"https:\/\/naturalpoland.com\/fr\/produkty\/produits-pour-lalimentation-animale\/des-fleurs-pour-les-animaux\/#primaryimage"},"image":{"@id":"https:\/\/naturalpoland.com\/fr\/produkty\/produits-pour-lalimentation-animale\/des-fleurs-pour-les-animaux\/#primaryimage"},"thumbnailUrl":"https:\/\/naturalpoland.com\/wp-content\/uploads\/kwiaty-dla-zwierzat.jpg","datePublished":"2023-10-03T08:30:23+00:00","dateModified":"2024-06-13T10:05:33+00:00","breadcrumb":{"@id":"https:\/\/naturalpoland.com\/fr\/produkty\/produits-pour-lalimentation-animale\/des-fleurs-pour-les-animaux\/#breadcrumb"},"inLanguage":"fr-FR","potentialAction":[{"@type":"ReadAction","target":["https:\/\/naturalpoland.com\/fr\/produkty\/produits-pour-lalimentation-animale\/des-fleurs-pour-les-animaux\/"]}]},{"@type":"ImageObject","inLanguage":"fr-FR","@id":"https:\/\/naturalpoland.com\/fr\/produkty\/produits-pour-lalimentation-animale\/des-fleurs-pour-les-animaux\/#primaryimage","url":"https:\/\/naturalpoland.com\/wp-content\/uploads\/kwiaty-dla-zwierzat.jpg","contentUrl":"https:\/\/naturalpoland.com\/wp-content\/uploads\/kwiaty-dla-zwierzat.jpg","width":650,"height":650,"caption":"des fleurs pour les animaux"},{"@type":"BreadcrumbList","@id":"https:\/\/naturalpoland.com\/fr\/produkty\/produits-pour-lalimentation-animale\/des-fleurs-pour-les-animaux\/#breadcrumb","itemListElement":[{"@type":"ListItem","position":1,"name":"Accueil","item":"https:\/\/naturalpoland.com\/fr\/"},{"@type":"ListItem","position":2,"name":"Produits","item":"https:\/\/naturalpoland.com\/fr\/produits\/"},{"@type":"ListItem","position":3,"name":"Fleurs pour animaux"}]},{"@type":"WebSite","@id":"https:\/\/naturalpoland.com\/fr\/#website","url":"https:\/\/naturalpoland.com\/fr\/","name":"NATURAL POLAND - Distributeur de mati\u00e8res premi\u00e8res en gros","description":"Surowce dla przemys\u0142u spo\u017cywczego, kosmetycznego i farmaceutycznego","publisher":{"@id":"https:\/\/naturalpoland.com\/fr\/#organization"},"potentialAction":[{"@type":"SearchAction","target":{"@type":"EntryPoint","urlTemplate":"https:\/\/naturalpoland.com\/fr\/?s={search_term_string}"},"query-input":{"@type":"PropertyValueSpecification","valueRequired":true,"valueName":"search_term_string"}}],"inLanguage":"fr-FR"},{"@type":"Organization","@id":"https:\/\/naturalpoland.com\/fr\/#organization","name":"Natural Poland","url":"https:\/\/naturalpoland.com\/fr\/","logo":{"@type":"ImageObject","inLanguage":"fr-FR","@id":"https:\/\/naturalpoland.com\/fr\/#\/schema\/logo\/image\/","url":"https:\/\/naturalpoland.com\/wp-content\/uploads\/2021\/05\/natural-poland-icon.png","contentUrl":"https:\/\/naturalpoland.com\/wp-content\/uploads\/2021\/05\/natural-poland-icon.png","width":512,"height":512,"caption":"Natural Poland"},"image":{"@id":"https:\/\/naturalpoland.com\/fr\/#\/schema\/logo\/image\/"},"sameAs":["https:\/\/www.facebook.com\/naturalpoland.b2b","https:\/\/pl.linkedin.com\/company\/natural-poland","https:\/\/www.youtube.com\/channel\/UCgeGGkvOMahZo-xu_MSEWxg"]}]}},"_links":{"self":[{"href":"https:\/\/naturalpoland.com\/fr\/wp-json\/wp\/v2\/product\/26219","targetHints":{"allow":["GET"]}}],"collection":[{"href":"https:\/\/naturalpoland.com\/fr\/wp-json\/wp\/v2\/product"}],"about":[{"href":"https:\/\/naturalpoland.com\/fr\/wp-json\/wp\/v2\/types\/product"}],"wp:featuredmedia":[{"embeddable":true,"href":"https:\/\/naturalpoland.com\/fr\/wp-json\/wp\/v2\/media\/25457"}],"wp:attachment":[{"href":"https:\/\/naturalpoland.com\/fr\/wp-json\/wp\/v2\/media?parent=26219"}],"wp:term":[{"taxonomy":"product_brand","embeddable":true,"href":"https:\/\/naturalpoland.com\/fr\/wp-json\/wp\/v2\/product_brand?post=26219"},{"taxonomy":"product_cat","embeddable":true,"href":"https:\/\/naturalpoland.com\/fr\/wp-json\/wp\/v2\/product_cat?post=26219"},{"taxonomy":"product_tag","embeddable":true,"href":"https:\/\/naturalpoland.com\/fr\/wp-json\/wp\/v2\/product_tag?post=26219"}],"curies":[{"name":"wp","href":"https:\/\/api.w.org\/{rel}","templated":true}]}}