{"id":26248,"date":"2023-09-14T15:41:28","date_gmt":"2023-10-03T09:12:19","guid":{"rendered":"https:\/\/naturalpoland.com\/produkty\/non class\u00e9\/herbes-pour-les-animaux\/"},"modified":"2023-10-03T11:12:19","modified_gmt":"2023-10-03T09:12:19","slug":"herbes","status":"publish","type":"product","link":"https:\/\/naturalpoland.com\/fr\/produkty\/produits-pour-lalimentation-animale\/herbes\/","title":{"rendered":"Herbes pour les animaux"},"content":{"rendered":"<p><strong>Lucerne<\/strong> &#8211; Renforce l&rsquo;\u00e9tat des animaux, source de vitamines et de prot\u00e9ines.<\/p>\n<p><strong>Feuilles de pomme, d&rsquo;abricot, de poire, de p\u00eache et de prune<\/strong> &#8211; Antioxydants naturels, favorisent la digestion et apportent des vitamines.<\/p>\n<p><strong>Feuilles d&rsquo;artichaut<\/strong> &#8211; Connues pour leurs propri\u00e9t\u00e9s d\u00e9toxifiantes et de soutien du foie.<\/p>\n<p><strong>Feuilles de bouleau et d&rsquo;eucalyptus<\/strong> &#8211; Elles ont un effet diur\u00e9tique et soutiennent le syst\u00e8me urinaire de l&rsquo;animal.<\/p>\n<p><strong>Plantain commun et plantain lanc\u00e9ol\u00e9<\/strong> &#8211; Soutient le syst\u00e8me digestif et a des effets anti-inflammatoires.<\/p>\n<p><strong>Feuilles d&rsquo;orties et de m\u00fbres<\/strong> &#8211; Riches en fer et en vitamines, elles renforcent l&rsquo;\u00e9tat de l&rsquo;animal.<\/p>\n<p>La verge d&rsquo;or <strong>et l&rsquo;achill\u00e9e<\/strong> &#8211; Soutiennent le syst\u00e8me digestif et ont un effet anti-inflammatoire.<\/p>\n<p><strong>Herbes d&rsquo;\u00e9peautre, d&rsquo;avoine et de bl\u00e9<\/strong> &#8211; Excellente source de prot\u00e9ines, am\u00e9liore l&rsquo;\u00e9tat des animaux.<\/p>\n<p><strong>Feuilles de noisettes et de noix<\/strong> &#8211; Riches en graisses v\u00e9g\u00e9tales, elles am\u00e9liorent l&rsquo;\u00e9tat du pelage.<\/p>\n<p><strong>Mousse d&rsquo;Islande<\/strong> &#8211; Soutient le syst\u00e8me respiratoire, source de mucilage naturel.<\/p>\n<p><strong>Feuilles de cassis, de framboise et de cerise<\/strong> &#8211; Source de vitamines et d&rsquo;antioxydants, renforce l&rsquo;immunit\u00e9.<\/p>\n<p><strong>Feuilles de pissenlit<\/strong> &#8211; Ont un effet diur\u00e9tique et soutiennent le syst\u00e8me urinaire.<\/p>\n<p><strong>Chardon<\/strong> &#8211; Favorise la fonction h\u00e9patique, action d\u00e9toxifiante.<\/p>\n<p><strong>Melissa<\/strong> &#8211; A un effet calmant et soutient le syst\u00e8me nerveux de l&rsquo;animal.<\/p>\n<p><strong>Feuilles de sauge<\/strong> &#8211; Facilite la digestion et a un effet antibact\u00e9rien.<\/p>\n<p><strong>Thym<\/strong> &#8211; Source d&rsquo;antibiotiques naturels, soutient le syst\u00e8me immunitaire.<\/p>\n<p><strong>Feuilles d&rsquo;\u00e9pinard<\/strong> &#8211; Riches en fer, elles am\u00e9liorent la condition physique et la circulation sanguine.<\/p>\n<p>Menthe <strong>verte et menthe poivr\u00e9e<\/strong> &#8211; Ont un effet rafra\u00eechissant et favorisent la digestion.<\/p>\n<p><strong>Echinacea et \u00e9chinac\u00e9e<\/strong> &#8211; Renforcent le syst\u00e8me immunitaire, ont des effets anti-inflammatoires.<\/p>\n<p><strong>Pr\u00eale<\/strong> &#8211; Riche en silicium, favorise la sant\u00e9 des os et des articulations.<\/p>\n<p>Les herbes que nous proposons sont une source naturelle de nutriments pour les animaux. Nous sommes convaincus que notre offre r\u00e9pondra aux attentes des clients les plus exigeants de l&rsquo;industrie des animaux de compagnie. Nous vous invitons \u00e0 nous contacter et \u00e0 coop\u00e9rer avec nous.<\/p>\n","protected":false},"excerpt":{"rendered":"<p>Les herbes ajout\u00e9es aux aliments garantissent d&rsquo;excellentes propri\u00e9t\u00e9s nutritionnelles et sanitaires pour les animaux. Nos herbes proviennent de cultures contr\u00f4l\u00e9es, ce qui atteste de leur qualit\u00e9 sup\u00e9rieure.<\/p>\n","protected":false},"featured_media":25407,"template":"","meta":{"_acf_changed":false},"product_brand":[],"product_cat":[2510],"product_tag":[],"class_list":{"0":"post-26248","1":"product","2":"type-product","3":"status-publish","4":"has-post-thumbnail","6":"product_cat-produits-pour-lalimentation-animale","8":"first","9":"instock","10":"shipping-taxable","11":"product-type-simple"},"acf":[],"yoast_head":"<!-- This site is optimized with the Yoast SEO plugin v27.4 - https:\/\/yoast.com\/product\/yoast-seo-wordpress\/ -->\n<title>Herbes pour les animaux - Distributeur en gros<\/title>\n<meta name=\"description\" content=\"Les herbes ajout\u00e9es aux aliments garantissent d&#039;excellentes propri\u00e9t\u00e9s nutritionnelles et sanitaires pour les animaux. Nos herbes proviennent de cultures contr\u00f4l\u00e9es.\" \/>\n<meta name=\"robots\" content=\"index, follow, max-snippet:-1, max-image-preview:large, max-video-preview:-1\" \/>\n<link rel=\"canonical\" href=\"https:\/\/naturalpoland.com\/fr\/produkty\/produits-pour-lalimentation-animale\/herbes\/\" \/>\n<meta property=\"og:locale\" content=\"fr_FR\" \/>\n<meta property=\"og:type\" content=\"article\" \/>\n<meta property=\"og:title\" content=\"Herbes pour les animaux - Distributeur en gros\" \/>\n<meta property=\"og:description\" content=\"Les herbes ajout\u00e9es aux aliments garantissent d&#039;excellentes propri\u00e9t\u00e9s nutritionnelles et sanitaires pour les animaux. Nos herbes proviennent de cultures contr\u00f4l\u00e9es.\" \/>\n<meta property=\"og:url\" content=\"https:\/\/naturalpoland.com\/fr\/produkty\/produits-pour-lalimentation-animale\/herbes\/\" \/>\n<meta property=\"og:site_name\" content=\"NATURAL POLAND - Distributeur de mati\u00e8res premi\u00e8res en gros\" \/>\n<meta property=\"article:publisher\" content=\"https:\/\/www.facebook.com\/naturalpoland.b2b\" \/>\n<meta property=\"og:image\" content=\"https:\/\/naturalpoland.com\/wp-content\/uploads\/ziola-liscie-dla-zwierzat.jpg\" \/>\n\t<meta property=\"og:image:width\" content=\"650\" \/>\n\t<meta property=\"og:image:height\" content=\"650\" \/>\n\t<meta property=\"og:image:type\" content=\"image\/jpeg\" \/>\n<script type=\"application\/ld+json\" class=\"yoast-schema-graph\">{\"@context\":\"https:\\\/\\\/schema.org\",\"@graph\":[{\"@type\":\"WebPage\",\"@id\":\"https:\\\/\\\/naturalpoland.com\\\/fr\\\/produkty\\\/produits-pour-lalimentation-animale\\\/herbes\\\/\",\"url\":\"https:\\\/\\\/naturalpoland.com\\\/fr\\\/produkty\\\/produits-pour-lalimentation-animale\\\/herbes\\\/\",\"name\":\"Herbes pour les animaux - Distributeur en gros\",\"isPartOf\":{\"@id\":\"https:\\\/\\\/naturalpoland.com\\\/fr\\\/#website\"},\"primaryImageOfPage\":{\"@id\":\"https:\\\/\\\/naturalpoland.com\\\/fr\\\/produkty\\\/produits-pour-lalimentation-animale\\\/herbes\\\/#primaryimage\"},\"image\":{\"@id\":\"https:\\\/\\\/naturalpoland.com\\\/fr\\\/produkty\\\/produits-pour-lalimentation-animale\\\/herbes\\\/#primaryimage\"},\"thumbnailUrl\":\"https:\\\/\\\/naturalpoland.com\\\/wp-content\\\/uploads\\\/ziola-liscie-dla-zwierzat.jpg\",\"datePublished\":\"2023-10-03T09:12:19+00:00\",\"description\":\"Les herbes ajout\u00e9es aux aliments garantissent d'excellentes propri\u00e9t\u00e9s nutritionnelles et sanitaires pour les animaux. Nos herbes proviennent de cultures contr\u00f4l\u00e9es.\",\"breadcrumb\":{\"@id\":\"https:\\\/\\\/naturalpoland.com\\\/fr\\\/produkty\\\/produits-pour-lalimentation-animale\\\/herbes\\\/#breadcrumb\"},\"inLanguage\":\"fr-FR\",\"potentialAction\":[{\"@type\":\"ReadAction\",\"target\":[\"https:\\\/\\\/naturalpoland.com\\\/fr\\\/produkty\\\/produits-pour-lalimentation-animale\\\/herbes\\\/\"]}]},{\"@type\":\"ImageObject\",\"inLanguage\":\"fr-FR\",\"@id\":\"https:\\\/\\\/naturalpoland.com\\\/fr\\\/produkty\\\/produits-pour-lalimentation-animale\\\/herbes\\\/#primaryimage\",\"url\":\"https:\\\/\\\/naturalpoland.com\\\/wp-content\\\/uploads\\\/ziola-liscie-dla-zwierzat.jpg\",\"contentUrl\":\"https:\\\/\\\/naturalpoland.com\\\/wp-content\\\/uploads\\\/ziola-liscie-dla-zwierzat.jpg\",\"width\":650,\"height\":650,\"caption\":\"herbes pour animaux\"},{\"@type\":\"BreadcrumbList\",\"@id\":\"https:\\\/\\\/naturalpoland.com\\\/fr\\\/produkty\\\/produits-pour-lalimentation-animale\\\/herbes\\\/#breadcrumb\",\"itemListElement\":[{\"@type\":\"ListItem\",\"position\":1,\"name\":\"Accueil\",\"item\":\"https:\\\/\\\/naturalpoland.com\\\/fr\\\/\"},{\"@type\":\"ListItem\",\"position\":2,\"name\":\"Produits\",\"item\":\"https:\\\/\\\/naturalpoland.com\\\/fr\\\/produits\\\/\"},{\"@type\":\"ListItem\",\"position\":3,\"name\":\"Herbes pour les animaux\"}]},{\"@type\":\"WebSite\",\"@id\":\"https:\\\/\\\/naturalpoland.com\\\/fr\\\/#website\",\"url\":\"https:\\\/\\\/naturalpoland.com\\\/fr\\\/\",\"name\":\"NATURAL POLAND - Distributeur de mati\u00e8res premi\u00e8res en gros\",\"description\":\"Surowce dla przemys\u0142u spo\u017cywczego, kosmetycznego i farmaceutycznego\",\"publisher\":{\"@id\":\"https:\\\/\\\/naturalpoland.com\\\/fr\\\/#organization\"},\"potentialAction\":[{\"@type\":\"SearchAction\",\"target\":{\"@type\":\"EntryPoint\",\"urlTemplate\":\"https:\\\/\\\/naturalpoland.com\\\/fr\\\/?s={search_term_string}\"},\"query-input\":{\"@type\":\"PropertyValueSpecification\",\"valueRequired\":true,\"valueName\":\"search_term_string\"}}],\"inLanguage\":\"fr-FR\"},{\"@type\":\"Organization\",\"@id\":\"https:\\\/\\\/naturalpoland.com\\\/fr\\\/#organization\",\"name\":\"Natural Poland\",\"url\":\"https:\\\/\\\/naturalpoland.com\\\/fr\\\/\",\"logo\":{\"@type\":\"ImageObject\",\"inLanguage\":\"fr-FR\",\"@id\":\"https:\\\/\\\/naturalpoland.com\\\/fr\\\/#\\\/schema\\\/logo\\\/image\\\/\",\"url\":\"https:\\\/\\\/naturalpoland.com\\\/wp-content\\\/uploads\\\/2021\\\/05\\\/natural-poland-icon.png\",\"contentUrl\":\"https:\\\/\\\/naturalpoland.com\\\/wp-content\\\/uploads\\\/2021\\\/05\\\/natural-poland-icon.png\",\"width\":512,\"height\":512,\"caption\":\"Natural Poland\"},\"image\":{\"@id\":\"https:\\\/\\\/naturalpoland.com\\\/fr\\\/#\\\/schema\\\/logo\\\/image\\\/\"},\"sameAs\":[\"https:\\\/\\\/www.facebook.com\\\/naturalpoland.b2b\",\"https:\\\/\\\/pl.linkedin.com\\\/company\\\/natural-poland\",\"https:\\\/\\\/www.youtube.com\\\/channel\\\/UCgeGGkvOMahZo-xu_MSEWxg\"]}]}<\/script>\n<!-- \/ Yoast SEO plugin. -->","yoast_head_json":{"title":"Herbes pour les animaux - Distributeur en gros","description":"Les herbes ajout\u00e9es aux aliments garantissent d'excellentes propri\u00e9t\u00e9s nutritionnelles et sanitaires pour les animaux. Nos herbes proviennent de cultures contr\u00f4l\u00e9es.","robots":{"index":"index","follow":"follow","max-snippet":"max-snippet:-1","max-image-preview":"max-image-preview:large","max-video-preview":"max-video-preview:-1"},"canonical":"https:\/\/naturalpoland.com\/fr\/produkty\/produits-pour-lalimentation-animale\/herbes\/","og_locale":"fr_FR","og_type":"article","og_title":"Herbes pour les animaux - Distributeur en gros","og_description":"Les herbes ajout\u00e9es aux aliments garantissent d'excellentes propri\u00e9t\u00e9s nutritionnelles et sanitaires pour les animaux. Nos herbes proviennent de cultures contr\u00f4l\u00e9es.","og_url":"https:\/\/naturalpoland.com\/fr\/produkty\/produits-pour-lalimentation-animale\/herbes\/","og_site_name":"NATURAL POLAND - Distributeur de mati\u00e8res premi\u00e8res en gros","article_publisher":"https:\/\/www.facebook.com\/naturalpoland.b2b","og_image":[{"width":650,"height":650,"url":"https:\/\/naturalpoland.com\/wp-content\/uploads\/ziola-liscie-dla-zwierzat.jpg","type":"image\/jpeg"}],"schema":{"@context":"https:\/\/schema.org","@graph":[{"@type":"WebPage","@id":"https:\/\/naturalpoland.com\/fr\/produkty\/produits-pour-lalimentation-animale\/herbes\/","url":"https:\/\/naturalpoland.com\/fr\/produkty\/produits-pour-lalimentation-animale\/herbes\/","name":"Herbes pour les animaux - Distributeur en gros","isPartOf":{"@id":"https:\/\/naturalpoland.com\/fr\/#website"},"primaryImageOfPage":{"@id":"https:\/\/naturalpoland.com\/fr\/produkty\/produits-pour-lalimentation-animale\/herbes\/#primaryimage"},"image":{"@id":"https:\/\/naturalpoland.com\/fr\/produkty\/produits-pour-lalimentation-animale\/herbes\/#primaryimage"},"thumbnailUrl":"https:\/\/naturalpoland.com\/wp-content\/uploads\/ziola-liscie-dla-zwierzat.jpg","datePublished":"2023-10-03T09:12:19+00:00","description":"Les herbes ajout\u00e9es aux aliments garantissent d'excellentes propri\u00e9t\u00e9s nutritionnelles et sanitaires pour les animaux. Nos herbes proviennent de cultures contr\u00f4l\u00e9es.","breadcrumb":{"@id":"https:\/\/naturalpoland.com\/fr\/produkty\/produits-pour-lalimentation-animale\/herbes\/#breadcrumb"},"inLanguage":"fr-FR","potentialAction":[{"@type":"ReadAction","target":["https:\/\/naturalpoland.com\/fr\/produkty\/produits-pour-lalimentation-animale\/herbes\/"]}]},{"@type":"ImageObject","inLanguage":"fr-FR","@id":"https:\/\/naturalpoland.com\/fr\/produkty\/produits-pour-lalimentation-animale\/herbes\/#primaryimage","url":"https:\/\/naturalpoland.com\/wp-content\/uploads\/ziola-liscie-dla-zwierzat.jpg","contentUrl":"https:\/\/naturalpoland.com\/wp-content\/uploads\/ziola-liscie-dla-zwierzat.jpg","width":650,"height":650,"caption":"herbes pour animaux"},{"@type":"BreadcrumbList","@id":"https:\/\/naturalpoland.com\/fr\/produkty\/produits-pour-lalimentation-animale\/herbes\/#breadcrumb","itemListElement":[{"@type":"ListItem","position":1,"name":"Accueil","item":"https:\/\/naturalpoland.com\/fr\/"},{"@type":"ListItem","position":2,"name":"Produits","item":"https:\/\/naturalpoland.com\/fr\/produits\/"},{"@type":"ListItem","position":3,"name":"Herbes pour les animaux"}]},{"@type":"WebSite","@id":"https:\/\/naturalpoland.com\/fr\/#website","url":"https:\/\/naturalpoland.com\/fr\/","name":"NATURAL POLAND - Distributeur de mati\u00e8res premi\u00e8res en gros","description":"Surowce dla przemys\u0142u spo\u017cywczego, kosmetycznego i farmaceutycznego","publisher":{"@id":"https:\/\/naturalpoland.com\/fr\/#organization"},"potentialAction":[{"@type":"SearchAction","target":{"@type":"EntryPoint","urlTemplate":"https:\/\/naturalpoland.com\/fr\/?s={search_term_string}"},"query-input":{"@type":"PropertyValueSpecification","valueRequired":true,"valueName":"search_term_string"}}],"inLanguage":"fr-FR"},{"@type":"Organization","@id":"https:\/\/naturalpoland.com\/fr\/#organization","name":"Natural Poland","url":"https:\/\/naturalpoland.com\/fr\/","logo":{"@type":"ImageObject","inLanguage":"fr-FR","@id":"https:\/\/naturalpoland.com\/fr\/#\/schema\/logo\/image\/","url":"https:\/\/naturalpoland.com\/wp-content\/uploads\/2021\/05\/natural-poland-icon.png","contentUrl":"https:\/\/naturalpoland.com\/wp-content\/uploads\/2021\/05\/natural-poland-icon.png","width":512,"height":512,"caption":"Natural Poland"},"image":{"@id":"https:\/\/naturalpoland.com\/fr\/#\/schema\/logo\/image\/"},"sameAs":["https:\/\/www.facebook.com\/naturalpoland.b2b","https:\/\/pl.linkedin.com\/company\/natural-poland","https:\/\/www.youtube.com\/channel\/UCgeGGkvOMahZo-xu_MSEWxg"]}]}},"_links":{"self":[{"href":"https:\/\/naturalpoland.com\/fr\/wp-json\/wp\/v2\/product\/26248","targetHints":{"allow":["GET"]}}],"collection":[{"href":"https:\/\/naturalpoland.com\/fr\/wp-json\/wp\/v2\/product"}],"about":[{"href":"https:\/\/naturalpoland.com\/fr\/wp-json\/wp\/v2\/types\/product"}],"wp:featuredmedia":[{"embeddable":true,"href":"https:\/\/naturalpoland.com\/fr\/wp-json\/wp\/v2\/media\/25407"}],"wp:attachment":[{"href":"https:\/\/naturalpoland.com\/fr\/wp-json\/wp\/v2\/media?parent=26248"}],"wp:term":[{"taxonomy":"product_brand","embeddable":true,"href":"https:\/\/naturalpoland.com\/fr\/wp-json\/wp\/v2\/product_brand?post=26248"},{"taxonomy":"product_cat","embeddable":true,"href":"https:\/\/naturalpoland.com\/fr\/wp-json\/wp\/v2\/product_cat?post=26248"},{"taxonomy":"product_tag","embeddable":true,"href":"https:\/\/naturalpoland.com\/fr\/wp-json\/wp\/v2\/product_tag?post=26248"}],"curies":[{"name":"wp","href":"https:\/\/api.w.org\/{rel}","templated":true}]}}