{"id":26264,"date":"2023-09-14T15:04:18","date_gmt":"2023-10-03T09:12:26","guid":{"rendered":"https:\/\/naturalpoland.com\/produkty\/non class\u00e9\/cereales-pour-animaux\/"},"modified":"2023-10-03T11:12:26","modified_gmt":"2023-10-03T09:12:26","slug":"cereales","status":"publish","type":"product","link":"https:\/\/naturalpoland.com\/fr\/produkty\/produits-pour-lalimentation-animale\/cereales\/","title":{"rendered":"C\u00e9r\u00e9ales pour animaux"},"content":{"rendered":"<p><strong>Flocons de ma\u00efs<\/strong> &#8211; Riches en fibres et en hydrates de carbone, ils constituent une excellente source d&rsquo;\u00e9nergie pour les animaux, facilitent la digestion et r\u00e9gulent le syst\u00e8me digestif.<\/p>\n<p><strong>Flocons de riz<\/strong> &#8211; L\u00e9g\u00e8rement digestibles, ils constituent une excellente source d&rsquo;\u00e9nergie et conviennent particuli\u00e8rement aux animaux dont le syst\u00e8me digestif est sensible.<\/p>\n<p><strong>Flocons d&rsquo;avoine<\/strong> &#8211; Connus pour leur teneur \u00e9lev\u00e9e en prot\u00e9ines et en fibres, ils favorisent la croissance musculaire et am\u00e9liorent l&rsquo;\u00e9tat de la peau et du pelage.<\/p>\n<p><strong>Flocons d&rsquo;\u00e9peautre<\/strong> &#8211; Riches en vitamines et en min\u00e9raux, ils contribuent \u00e0 renforcer l&rsquo;immunit\u00e9 et apportent des min\u00e9raux essentiels.<\/p>\n<p><strong>Flocons d&rsquo;orge<\/strong> &#8211; Une source de vitamines B importantes qui soutiennent le fonctionnement du syst\u00e8me nerveux et aident \u00e0 maintenir une peau et un pelage sains.<\/p>\n<p><strong>Flocons de bl\u00e9<\/strong> &#8211; Contiennent une grande quantit\u00e9 de prot\u00e9ines, essentielles \u00e0 la construction des muscles de l&rsquo;animal.<\/p>\n<p><strong>Ma\u00efs souffl\u00e9<\/strong> &#8211; L\u00e9g\u00e8rement digestible et riche en \u00e9nergie, id\u00e9al pour les animaux ayant besoin d&rsquo;une source d&rsquo;\u00e9nergie rapide.<\/p>\n<p><strong>Riz souffl\u00e9<\/strong> &#8211; Doux pour le syst\u00e8me digestif, il apporte des glucides essentiels.<\/p>\n<p><strong>\u00c9peautre souffl\u00e9<\/strong> &#8211; Source de prot\u00e9ines et de fibres, il favorise la digestion et fournit de l&rsquo;\u00e9nergie pendant plus longtemps.<\/p>\n<p><strong>Orge souffl\u00e9<\/strong> &#8211; Favorise la digestion, apporte des prot\u00e9ines et des vitamines importantes pour renforcer l&rsquo;\u00e9tat de sant\u00e9 des animaux.<\/p>\n<p><strong>Bl\u00e9 souffl\u00e9<\/strong> &#8211; Riche en prot\u00e9ines et en fibres, il favorise le d\u00e9veloppement musculaire et am\u00e9liore la fonction digestive.<\/p>\n","protected":false},"excerpt":{"rendered":"<p>Nous aimerions vous pr\u00e9senter notre gamme s\u00e9lectionn\u00e9e de c\u00e9r\u00e9ales pour animaux. Chacun des produits propos\u00e9s a \u00e9t\u00e9 formul\u00e9 pour r\u00e9pondre aux besoins d&rsquo;une vari\u00e9t\u00e9 d&rsquo;esp\u00e8ces animales, et les riches nutriments contenus dans les c\u00e9r\u00e9ales garantissent sant\u00e9 et \u00e9nergie au quotidien.<\/p>\n","protected":false},"featured_media":25380,"template":"","meta":{"_acf_changed":false},"product_brand":[],"product_cat":[2510],"product_tag":[],"class_list":{"0":"post-26264","1":"product","2":"type-product","3":"status-publish","4":"has-post-thumbnail","6":"product_cat-produits-pour-lalimentation-animale","8":"first","9":"instock","10":"shipping-taxable","11":"product-type-simple"},"acf":[],"yoast_head":"<!-- This site is optimized with the Yoast SEO plugin v27.4 - https:\/\/yoast.com\/product\/yoast-seo-wordpress\/ -->\n<title>C\u00e9r\u00e9ales pour animaux - Distributeur en gros<\/title>\n<meta name=\"description\" content=\"Les riches nutriments contenus dans les c\u00e9r\u00e9ales animales sont source de sant\u00e9 et d&#039;\u00e9nergie au quotidien. Nous nous r\u00e9jouissons de travailler avec vous.\" \/>\n<meta name=\"robots\" content=\"index, follow, max-snippet:-1, max-image-preview:large, max-video-preview:-1\" \/>\n<link rel=\"canonical\" href=\"https:\/\/naturalpoland.com\/fr\/produkty\/produits-pour-lalimentation-animale\/cereales\/\" \/>\n<meta property=\"og:locale\" content=\"fr_FR\" \/>\n<meta property=\"og:type\" content=\"article\" \/>\n<meta property=\"og:title\" content=\"C\u00e9r\u00e9ales pour animaux - Distributeur en gros\" \/>\n<meta property=\"og:description\" content=\"Les riches nutriments contenus dans les c\u00e9r\u00e9ales animales sont source de sant\u00e9 et d&#039;\u00e9nergie au quotidien. Nous nous r\u00e9jouissons de travailler avec vous.\" \/>\n<meta property=\"og:url\" content=\"https:\/\/naturalpoland.com\/fr\/produkty\/produits-pour-lalimentation-animale\/cereales\/\" \/>\n<meta property=\"og:site_name\" content=\"NATURAL POLAND - Distributeur de mati\u00e8res premi\u00e8res en gros\" \/>\n<meta property=\"article:publisher\" content=\"https:\/\/www.facebook.com\/naturalpoland.b2b\" \/>\n<meta property=\"og:image\" content=\"https:\/\/naturalpoland.com\/wp-content\/uploads\/zboza-dla-zwierzat.jpg\" \/>\n\t<meta property=\"og:image:width\" content=\"650\" \/>\n\t<meta property=\"og:image:height\" content=\"650\" \/>\n\t<meta property=\"og:image:type\" content=\"image\/jpeg\" \/>\n<script type=\"application\/ld+json\" class=\"yoast-schema-graph\">{\"@context\":\"https:\\\/\\\/schema.org\",\"@graph\":[{\"@type\":\"WebPage\",\"@id\":\"https:\\\/\\\/naturalpoland.com\\\/fr\\\/produkty\\\/produits-pour-lalimentation-animale\\\/cereales\\\/\",\"url\":\"https:\\\/\\\/naturalpoland.com\\\/fr\\\/produkty\\\/produits-pour-lalimentation-animale\\\/cereales\\\/\",\"name\":\"C\u00e9r\u00e9ales pour animaux - Distributeur en gros\",\"isPartOf\":{\"@id\":\"https:\\\/\\\/naturalpoland.com\\\/fr\\\/#website\"},\"primaryImageOfPage\":{\"@id\":\"https:\\\/\\\/naturalpoland.com\\\/fr\\\/produkty\\\/produits-pour-lalimentation-animale\\\/cereales\\\/#primaryimage\"},\"image\":{\"@id\":\"https:\\\/\\\/naturalpoland.com\\\/fr\\\/produkty\\\/produits-pour-lalimentation-animale\\\/cereales\\\/#primaryimage\"},\"thumbnailUrl\":\"https:\\\/\\\/naturalpoland.com\\\/wp-content\\\/uploads\\\/zboza-dla-zwierzat.jpg\",\"datePublished\":\"2023-10-03T09:12:26+00:00\",\"description\":\"Les riches nutriments contenus dans les c\u00e9r\u00e9ales animales sont source de sant\u00e9 et d'\u00e9nergie au quotidien. Nous nous r\u00e9jouissons de travailler avec vous.\",\"breadcrumb\":{\"@id\":\"https:\\\/\\\/naturalpoland.com\\\/fr\\\/produkty\\\/produits-pour-lalimentation-animale\\\/cereales\\\/#breadcrumb\"},\"inLanguage\":\"fr-FR\",\"potentialAction\":[{\"@type\":\"ReadAction\",\"target\":[\"https:\\\/\\\/naturalpoland.com\\\/fr\\\/produkty\\\/produits-pour-lalimentation-animale\\\/cereales\\\/\"]}]},{\"@type\":\"ImageObject\",\"inLanguage\":\"fr-FR\",\"@id\":\"https:\\\/\\\/naturalpoland.com\\\/fr\\\/produkty\\\/produits-pour-lalimentation-animale\\\/cereales\\\/#primaryimage\",\"url\":\"https:\\\/\\\/naturalpoland.com\\\/wp-content\\\/uploads\\\/zboza-dla-zwierzat.jpg\",\"contentUrl\":\"https:\\\/\\\/naturalpoland.com\\\/wp-content\\\/uploads\\\/zboza-dla-zwierzat.jpg\",\"width\":650,\"height\":650,\"caption\":\"c\u00e9r\u00e9ales pour animaux\"},{\"@type\":\"BreadcrumbList\",\"@id\":\"https:\\\/\\\/naturalpoland.com\\\/fr\\\/produkty\\\/produits-pour-lalimentation-animale\\\/cereales\\\/#breadcrumb\",\"itemListElement\":[{\"@type\":\"ListItem\",\"position\":1,\"name\":\"Accueil\",\"item\":\"https:\\\/\\\/naturalpoland.com\\\/fr\\\/\"},{\"@type\":\"ListItem\",\"position\":2,\"name\":\"Produits\",\"item\":\"https:\\\/\\\/naturalpoland.com\\\/fr\\\/produits\\\/\"},{\"@type\":\"ListItem\",\"position\":3,\"name\":\"C\u00e9r\u00e9ales pour animaux\"}]},{\"@type\":\"WebSite\",\"@id\":\"https:\\\/\\\/naturalpoland.com\\\/fr\\\/#website\",\"url\":\"https:\\\/\\\/naturalpoland.com\\\/fr\\\/\",\"name\":\"NATURAL POLAND - Distributeur de mati\u00e8res premi\u00e8res en gros\",\"description\":\"Surowce dla przemys\u0142u spo\u017cywczego, kosmetycznego i farmaceutycznego\",\"publisher\":{\"@id\":\"https:\\\/\\\/naturalpoland.com\\\/fr\\\/#organization\"},\"potentialAction\":[{\"@type\":\"SearchAction\",\"target\":{\"@type\":\"EntryPoint\",\"urlTemplate\":\"https:\\\/\\\/naturalpoland.com\\\/fr\\\/?s={search_term_string}\"},\"query-input\":{\"@type\":\"PropertyValueSpecification\",\"valueRequired\":true,\"valueName\":\"search_term_string\"}}],\"inLanguage\":\"fr-FR\"},{\"@type\":\"Organization\",\"@id\":\"https:\\\/\\\/naturalpoland.com\\\/fr\\\/#organization\",\"name\":\"Natural Poland\",\"url\":\"https:\\\/\\\/naturalpoland.com\\\/fr\\\/\",\"logo\":{\"@type\":\"ImageObject\",\"inLanguage\":\"fr-FR\",\"@id\":\"https:\\\/\\\/naturalpoland.com\\\/fr\\\/#\\\/schema\\\/logo\\\/image\\\/\",\"url\":\"https:\\\/\\\/naturalpoland.com\\\/wp-content\\\/uploads\\\/2021\\\/05\\\/natural-poland-icon.png\",\"contentUrl\":\"https:\\\/\\\/naturalpoland.com\\\/wp-content\\\/uploads\\\/2021\\\/05\\\/natural-poland-icon.png\",\"width\":512,\"height\":512,\"caption\":\"Natural Poland\"},\"image\":{\"@id\":\"https:\\\/\\\/naturalpoland.com\\\/fr\\\/#\\\/schema\\\/logo\\\/image\\\/\"},\"sameAs\":[\"https:\\\/\\\/www.facebook.com\\\/naturalpoland.b2b\",\"https:\\\/\\\/pl.linkedin.com\\\/company\\\/natural-poland\",\"https:\\\/\\\/www.youtube.com\\\/channel\\\/UCgeGGkvOMahZo-xu_MSEWxg\"]}]}<\/script>\n<!-- \/ Yoast SEO plugin. -->","yoast_head_json":{"title":"C\u00e9r\u00e9ales pour animaux - Distributeur en gros","description":"Les riches nutriments contenus dans les c\u00e9r\u00e9ales animales sont source de sant\u00e9 et d'\u00e9nergie au quotidien. Nous nous r\u00e9jouissons de travailler avec vous.","robots":{"index":"index","follow":"follow","max-snippet":"max-snippet:-1","max-image-preview":"max-image-preview:large","max-video-preview":"max-video-preview:-1"},"canonical":"https:\/\/naturalpoland.com\/fr\/produkty\/produits-pour-lalimentation-animale\/cereales\/","og_locale":"fr_FR","og_type":"article","og_title":"C\u00e9r\u00e9ales pour animaux - Distributeur en gros","og_description":"Les riches nutriments contenus dans les c\u00e9r\u00e9ales animales sont source de sant\u00e9 et d'\u00e9nergie au quotidien. Nous nous r\u00e9jouissons de travailler avec vous.","og_url":"https:\/\/naturalpoland.com\/fr\/produkty\/produits-pour-lalimentation-animale\/cereales\/","og_site_name":"NATURAL POLAND - Distributeur de mati\u00e8res premi\u00e8res en gros","article_publisher":"https:\/\/www.facebook.com\/naturalpoland.b2b","og_image":[{"width":650,"height":650,"url":"https:\/\/naturalpoland.com\/wp-content\/uploads\/zboza-dla-zwierzat.jpg","type":"image\/jpeg"}],"schema":{"@context":"https:\/\/schema.org","@graph":[{"@type":"WebPage","@id":"https:\/\/naturalpoland.com\/fr\/produkty\/produits-pour-lalimentation-animale\/cereales\/","url":"https:\/\/naturalpoland.com\/fr\/produkty\/produits-pour-lalimentation-animale\/cereales\/","name":"C\u00e9r\u00e9ales pour animaux - Distributeur en gros","isPartOf":{"@id":"https:\/\/naturalpoland.com\/fr\/#website"},"primaryImageOfPage":{"@id":"https:\/\/naturalpoland.com\/fr\/produkty\/produits-pour-lalimentation-animale\/cereales\/#primaryimage"},"image":{"@id":"https:\/\/naturalpoland.com\/fr\/produkty\/produits-pour-lalimentation-animale\/cereales\/#primaryimage"},"thumbnailUrl":"https:\/\/naturalpoland.com\/wp-content\/uploads\/zboza-dla-zwierzat.jpg","datePublished":"2023-10-03T09:12:26+00:00","description":"Les riches nutriments contenus dans les c\u00e9r\u00e9ales animales sont source de sant\u00e9 et d'\u00e9nergie au quotidien. Nous nous r\u00e9jouissons de travailler avec vous.","breadcrumb":{"@id":"https:\/\/naturalpoland.com\/fr\/produkty\/produits-pour-lalimentation-animale\/cereales\/#breadcrumb"},"inLanguage":"fr-FR","potentialAction":[{"@type":"ReadAction","target":["https:\/\/naturalpoland.com\/fr\/produkty\/produits-pour-lalimentation-animale\/cereales\/"]}]},{"@type":"ImageObject","inLanguage":"fr-FR","@id":"https:\/\/naturalpoland.com\/fr\/produkty\/produits-pour-lalimentation-animale\/cereales\/#primaryimage","url":"https:\/\/naturalpoland.com\/wp-content\/uploads\/zboza-dla-zwierzat.jpg","contentUrl":"https:\/\/naturalpoland.com\/wp-content\/uploads\/zboza-dla-zwierzat.jpg","width":650,"height":650,"caption":"c\u00e9r\u00e9ales pour animaux"},{"@type":"BreadcrumbList","@id":"https:\/\/naturalpoland.com\/fr\/produkty\/produits-pour-lalimentation-animale\/cereales\/#breadcrumb","itemListElement":[{"@type":"ListItem","position":1,"name":"Accueil","item":"https:\/\/naturalpoland.com\/fr\/"},{"@type":"ListItem","position":2,"name":"Produits","item":"https:\/\/naturalpoland.com\/fr\/produits\/"},{"@type":"ListItem","position":3,"name":"C\u00e9r\u00e9ales pour animaux"}]},{"@type":"WebSite","@id":"https:\/\/naturalpoland.com\/fr\/#website","url":"https:\/\/naturalpoland.com\/fr\/","name":"NATURAL POLAND - Distributeur de mati\u00e8res premi\u00e8res en gros","description":"Surowce dla przemys\u0142u spo\u017cywczego, kosmetycznego i farmaceutycznego","publisher":{"@id":"https:\/\/naturalpoland.com\/fr\/#organization"},"potentialAction":[{"@type":"SearchAction","target":{"@type":"EntryPoint","urlTemplate":"https:\/\/naturalpoland.com\/fr\/?s={search_term_string}"},"query-input":{"@type":"PropertyValueSpecification","valueRequired":true,"valueName":"search_term_string"}}],"inLanguage":"fr-FR"},{"@type":"Organization","@id":"https:\/\/naturalpoland.com\/fr\/#organization","name":"Natural Poland","url":"https:\/\/naturalpoland.com\/fr\/","logo":{"@type":"ImageObject","inLanguage":"fr-FR","@id":"https:\/\/naturalpoland.com\/fr\/#\/schema\/logo\/image\/","url":"https:\/\/naturalpoland.com\/wp-content\/uploads\/2021\/05\/natural-poland-icon.png","contentUrl":"https:\/\/naturalpoland.com\/wp-content\/uploads\/2021\/05\/natural-poland-icon.png","width":512,"height":512,"caption":"Natural Poland"},"image":{"@id":"https:\/\/naturalpoland.com\/fr\/#\/schema\/logo\/image\/"},"sameAs":["https:\/\/www.facebook.com\/naturalpoland.b2b","https:\/\/pl.linkedin.com\/company\/natural-poland","https:\/\/www.youtube.com\/channel\/UCgeGGkvOMahZo-xu_MSEWxg"]}]}},"_links":{"self":[{"href":"https:\/\/naturalpoland.com\/fr\/wp-json\/wp\/v2\/product\/26264","targetHints":{"allow":["GET"]}}],"collection":[{"href":"https:\/\/naturalpoland.com\/fr\/wp-json\/wp\/v2\/product"}],"about":[{"href":"https:\/\/naturalpoland.com\/fr\/wp-json\/wp\/v2\/types\/product"}],"wp:featuredmedia":[{"embeddable":true,"href":"https:\/\/naturalpoland.com\/fr\/wp-json\/wp\/v2\/media\/25380"}],"wp:attachment":[{"href":"https:\/\/naturalpoland.com\/fr\/wp-json\/wp\/v2\/media?parent=26264"}],"wp:term":[{"taxonomy":"product_brand","embeddable":true,"href":"https:\/\/naturalpoland.com\/fr\/wp-json\/wp\/v2\/product_brand?post=26264"},{"taxonomy":"product_cat","embeddable":true,"href":"https:\/\/naturalpoland.com\/fr\/wp-json\/wp\/v2\/product_cat?post=26264"},{"taxonomy":"product_tag","embeddable":true,"href":"https:\/\/naturalpoland.com\/fr\/wp-json\/wp\/v2\/product_tag?post=26264"}],"curies":[{"name":"wp","href":"https:\/\/api.w.org\/{rel}","templated":true}]}}