{"id":26535,"date":"2023-10-06T10:48:41","date_gmt":"2023-10-06T09:39:00","guid":{"rendered":"https:\/\/naturalpoland.com\/produkty\/non class\u00e9\/extrait-de-framboise-fermentee\/"},"modified":"2023-10-06T11:39:00","modified_gmt":"2023-10-06T09:39:00","slug":"extrait-de-framboise-fermente","status":"publish","type":"product","link":"https:\/\/naturalpoland.com\/fr\/produkty\/produits-pour-lindustrie-cosmetique\/extraits-fermentes\/extrait-de-framboise-fermente\/","title":{"rendered":"Extrait de framboise ferment\u00e9e"},"content":{"rendered":"<p>Cet extrait, extrait des framboises par un processus de fermentation avanc\u00e9, concentre une multitude d&rsquo;antioxydants, dont la vitamine C et les acides ph\u00e9noliques. Ces puissants antioxydants permettent de lutter efficacement contre les radicaux libres, qui constituent un facteur majeur d&rsquo;acc\u00e9l\u00e9ration du vieillissement de la peau. Par cons\u00e9quent, ce produit agit comme une excellente barri\u00e8re protectrice, favorisant un teint sain et jeune.<\/p>\n<p>Gr\u00e2ce \u00e0 sa teneur en <strong>acide ellagique<\/strong>, l&rsquo;extrait de framboise ferment\u00e9e pr\u00e9sente \u00e9galement de puissants effets anti-inflammatoires et antibact\u00e9riens. Il contribue \u00e0 r\u00e9duire l&rsquo;inflammation de la peau, \u00e0 att\u00e9nuer les rougeurs et \u00e0 unifier le teint, ce qui en fait un ingr\u00e9dient id\u00e9al pour les personnes ayant une peau sensible, sujette aux irritations ou \u00e0 l&rsquo;acn\u00e9.<\/p>\n<p>En outre, l&rsquo;extrait est riche en sucres naturels et en acides amin\u00e9s, qui ont un effet hydratant sur la peau, contribuant \u00e0 maintenir les niveaux d&rsquo;hydratation. Une peau hydrat\u00e9e et bien nourrie devient plus souple, lisse et \u00e9clatante, et moins sujette aux rides et ridules.<\/p>\n<p>L&rsquo;extrait de framboise ferment\u00e9e est \u00e9galement un ingr\u00e9dient qui ajoute un parfum agr\u00e9able et d\u00e9licat aux produits cosm\u00e9tiques, am\u00e9liorant ainsi l&rsquo;exp\u00e9rience d&rsquo;application. Il est id\u00e9al pour les cosm\u00e9tiques de tous les jours pour le visage, le corps et les cheveux, tels que les cr\u00e8mes, les lotions, les masques, les shampooings et les apr\u00e8s-shampooings.<\/p>\n<p>Sa multifonctionnalit\u00e9, ses propri\u00e9t\u00e9s protectrices et r\u00e9g\u00e9n\u00e9ratrices et son parfum naturel et fruit\u00e9 font de l&rsquo;extrait de framboise ferment\u00e9e un ingr\u00e9dient de choix pour les fabricants de cosm\u00e9tiques naturels et biologiques ciblant les consommateurs les plus exigeants.<\/p>\n","protected":false},"excerpt":{"rendered":"<p>L&rsquo;extrait de <em>framboise<\/em> ferment\u00e9e (INCI : <em>Raspberry Ferment Extract<\/em>) est un ingr\u00e9dient cosm\u00e9tique haut de gamme qui gagne en popularit\u00e9 dans le secteur des cosm\u00e9tiques premium pour ses nombreuses propri\u00e9t\u00e9s b\u00e9n\u00e9fiques pour la sant\u00e9.<\/p>\n","protected":false},"featured_media":26431,"template":"","meta":{"_acf_changed":false},"product_brand":[],"product_cat":[2693],"product_tag":[],"class_list":{"0":"post-26535","1":"product","2":"type-product","3":"status-publish","4":"has-post-thumbnail","6":"product_cat-extraits-fermentes","8":"first","9":"instock","10":"shipping-taxable","11":"product-type-simple"},"acf":[],"yoast_head":"<!-- This site is optimized with the Yoast SEO plugin v27.6 - https:\/\/yoast.com\/product\/yoast-seo-wordpress\/ -->\n<title>Extrait de framboise ferment\u00e9e - Distributeur en gros<\/title>\n<meta name=\"description\" content=\"L&#039;extrait de framboise ferment\u00e9e est un ingr\u00e9dient cosm\u00e9tique haut de gamme qui gagne en popularit\u00e9 dans le secteur des cosm\u00e9tiques premium.\" \/>\n<meta name=\"robots\" content=\"index, follow, max-snippet:-1, max-image-preview:large, max-video-preview:-1\" \/>\n<link rel=\"canonical\" href=\"https:\/\/naturalpoland.com\/fr\/produkty\/produits-pour-lindustrie-cosmetique\/extraits-fermentes\/extrait-de-framboise-fermente\/\" \/>\n<meta property=\"og:locale\" content=\"fr_FR\" \/>\n<meta property=\"og:type\" content=\"article\" \/>\n<meta property=\"og:title\" content=\"Extrait de framboise ferment\u00e9e - Distributeur en gros\" \/>\n<meta property=\"og:description\" content=\"L&#039;extrait de framboise ferment\u00e9e est un ingr\u00e9dient cosm\u00e9tique haut de gamme qui gagne en popularit\u00e9 dans le secteur des cosm\u00e9tiques premium.\" \/>\n<meta property=\"og:url\" content=\"https:\/\/naturalpoland.com\/fr\/produkty\/produits-pour-lindustrie-cosmetique\/extraits-fermentes\/extrait-de-framboise-fermente\/\" \/>\n<meta property=\"og:site_name\" content=\"NATURAL POLAND - Distributeur de mati\u00e8res premi\u00e8res en gros\" \/>\n<meta property=\"article:publisher\" content=\"https:\/\/www.facebook.com\/naturalpoland.b2b\" \/>\n<meta property=\"og:image\" content=\"https:\/\/naturalpoland.com\/wp-content\/uploads\/fermentowany-ekstrakt-z-maliny.png\" \/>\n\t<meta property=\"og:image:width\" content=\"590\" \/>\n\t<meta property=\"og:image:height\" content=\"590\" \/>\n\t<meta property=\"og:image:type\" content=\"image\/png\" \/>\n<script type=\"application\/ld+json\" class=\"yoast-schema-graph\">{\"@context\":\"https:\\\/\\\/schema.org\",\"@graph\":[{\"@type\":\"WebPage\",\"@id\":\"https:\\\/\\\/naturalpoland.com\\\/fr\\\/produkty\\\/produits-pour-lindustrie-cosmetique\\\/extraits-fermentes\\\/extrait-de-framboise-fermente\\\/\",\"url\":\"https:\\\/\\\/naturalpoland.com\\\/fr\\\/produkty\\\/produits-pour-lindustrie-cosmetique\\\/extraits-fermentes\\\/extrait-de-framboise-fermente\\\/\",\"name\":\"Extrait de framboise ferment\u00e9e - Distributeur en gros\",\"isPartOf\":{\"@id\":\"https:\\\/\\\/naturalpoland.com\\\/fr\\\/#website\"},\"primaryImageOfPage\":{\"@id\":\"https:\\\/\\\/naturalpoland.com\\\/fr\\\/produkty\\\/produits-pour-lindustrie-cosmetique\\\/extraits-fermentes\\\/extrait-de-framboise-fermente\\\/#primaryimage\"},\"image\":{\"@id\":\"https:\\\/\\\/naturalpoland.com\\\/fr\\\/produkty\\\/produits-pour-lindustrie-cosmetique\\\/extraits-fermentes\\\/extrait-de-framboise-fermente\\\/#primaryimage\"},\"thumbnailUrl\":\"https:\\\/\\\/naturalpoland.com\\\/wp-content\\\/uploads\\\/fermentowany-ekstrakt-z-maliny.png\",\"datePublished\":\"2023-10-06T09:39:00+00:00\",\"description\":\"L'extrait de framboise ferment\u00e9e est un ingr\u00e9dient cosm\u00e9tique haut de gamme qui gagne en popularit\u00e9 dans le secteur des cosm\u00e9tiques premium.\",\"breadcrumb\":{\"@id\":\"https:\\\/\\\/naturalpoland.com\\\/fr\\\/produkty\\\/produits-pour-lindustrie-cosmetique\\\/extraits-fermentes\\\/extrait-de-framboise-fermente\\\/#breadcrumb\"},\"inLanguage\":\"fr-FR\",\"potentialAction\":[{\"@type\":\"ReadAction\",\"target\":[\"https:\\\/\\\/naturalpoland.com\\\/fr\\\/produkty\\\/produits-pour-lindustrie-cosmetique\\\/extraits-fermentes\\\/extrait-de-framboise-fermente\\\/\"]}]},{\"@type\":\"ImageObject\",\"inLanguage\":\"fr-FR\",\"@id\":\"https:\\\/\\\/naturalpoland.com\\\/fr\\\/produkty\\\/produits-pour-lindustrie-cosmetique\\\/extraits-fermentes\\\/extrait-de-framboise-fermente\\\/#primaryimage\",\"url\":\"https:\\\/\\\/naturalpoland.com\\\/wp-content\\\/uploads\\\/fermentowany-ekstrakt-z-maliny.png\",\"contentUrl\":\"https:\\\/\\\/naturalpoland.com\\\/wp-content\\\/uploads\\\/fermentowany-ekstrakt-z-maliny.png\",\"width\":590,\"height\":590,\"caption\":\"extrait de framboise ferment\u00e9e\"},{\"@type\":\"BreadcrumbList\",\"@id\":\"https:\\\/\\\/naturalpoland.com\\\/fr\\\/produkty\\\/produits-pour-lindustrie-cosmetique\\\/extraits-fermentes\\\/extrait-de-framboise-fermente\\\/#breadcrumb\",\"itemListElement\":[{\"@type\":\"ListItem\",\"position\":1,\"name\":\"Accueil\",\"item\":\"https:\\\/\\\/naturalpoland.com\\\/fr\\\/\"},{\"@type\":\"ListItem\",\"position\":2,\"name\":\"Produits\",\"item\":\"https:\\\/\\\/naturalpoland.com\\\/fr\\\/produits\\\/\"},{\"@type\":\"ListItem\",\"position\":3,\"name\":\"Extrait de framboise ferment\u00e9e\"}]},{\"@type\":\"WebSite\",\"@id\":\"https:\\\/\\\/naturalpoland.com\\\/fr\\\/#website\",\"url\":\"https:\\\/\\\/naturalpoland.com\\\/fr\\\/\",\"name\":\"NATURAL POLAND - Distributeur de mati\u00e8res premi\u00e8res en gros\",\"description\":\"Surowce dla przemys\u0142u spo\u017cywczego, kosmetycznego i farmaceutycznego\",\"publisher\":{\"@id\":\"https:\\\/\\\/naturalpoland.com\\\/fr\\\/#organization\"},\"potentialAction\":[{\"@type\":\"SearchAction\",\"target\":{\"@type\":\"EntryPoint\",\"urlTemplate\":\"https:\\\/\\\/naturalpoland.com\\\/fr\\\/?s={search_term_string}\"},\"query-input\":{\"@type\":\"PropertyValueSpecification\",\"valueRequired\":true,\"valueName\":\"search_term_string\"}}],\"inLanguage\":\"fr-FR\"},{\"@type\":\"Organization\",\"@id\":\"https:\\\/\\\/naturalpoland.com\\\/fr\\\/#organization\",\"name\":\"Natural Poland\",\"url\":\"https:\\\/\\\/naturalpoland.com\\\/fr\\\/\",\"logo\":{\"@type\":\"ImageObject\",\"inLanguage\":\"fr-FR\",\"@id\":\"https:\\\/\\\/naturalpoland.com\\\/fr\\\/#\\\/schema\\\/logo\\\/image\\\/\",\"url\":\"https:\\\/\\\/naturalpoland.com\\\/wp-content\\\/uploads\\\/2021\\\/05\\\/natural-poland-icon.png\",\"contentUrl\":\"https:\\\/\\\/naturalpoland.com\\\/wp-content\\\/uploads\\\/2021\\\/05\\\/natural-poland-icon.png\",\"width\":512,\"height\":512,\"caption\":\"Natural Poland\"},\"image\":{\"@id\":\"https:\\\/\\\/naturalpoland.com\\\/fr\\\/#\\\/schema\\\/logo\\\/image\\\/\"},\"sameAs\":[\"https:\\\/\\\/www.facebook.com\\\/naturalpoland.b2b\",\"https:\\\/\\\/pl.linkedin.com\\\/company\\\/natural-poland\",\"https:\\\/\\\/www.youtube.com\\\/channel\\\/UCgeGGkvOMahZo-xu_MSEWxg\"]}]}<\/script>\n<!-- \/ Yoast SEO plugin. -->","yoast_head_json":{"title":"Extrait de framboise ferment\u00e9e - Distributeur en gros","description":"L'extrait de framboise ferment\u00e9e est un ingr\u00e9dient cosm\u00e9tique haut de gamme qui gagne en popularit\u00e9 dans le secteur des cosm\u00e9tiques premium.","robots":{"index":"index","follow":"follow","max-snippet":"max-snippet:-1","max-image-preview":"max-image-preview:large","max-video-preview":"max-video-preview:-1"},"canonical":"https:\/\/naturalpoland.com\/fr\/produkty\/produits-pour-lindustrie-cosmetique\/extraits-fermentes\/extrait-de-framboise-fermente\/","og_locale":"fr_FR","og_type":"article","og_title":"Extrait de framboise ferment\u00e9e - Distributeur en gros","og_description":"L'extrait de framboise ferment\u00e9e est un ingr\u00e9dient cosm\u00e9tique haut de gamme qui gagne en popularit\u00e9 dans le secteur des cosm\u00e9tiques premium.","og_url":"https:\/\/naturalpoland.com\/fr\/produkty\/produits-pour-lindustrie-cosmetique\/extraits-fermentes\/extrait-de-framboise-fermente\/","og_site_name":"NATURAL POLAND - Distributeur de mati\u00e8res premi\u00e8res en gros","article_publisher":"https:\/\/www.facebook.com\/naturalpoland.b2b","og_image":[{"width":590,"height":590,"url":"https:\/\/naturalpoland.com\/wp-content\/uploads\/fermentowany-ekstrakt-z-maliny.png","type":"image\/png"}],"schema":{"@context":"https:\/\/schema.org","@graph":[{"@type":"WebPage","@id":"https:\/\/naturalpoland.com\/fr\/produkty\/produits-pour-lindustrie-cosmetique\/extraits-fermentes\/extrait-de-framboise-fermente\/","url":"https:\/\/naturalpoland.com\/fr\/produkty\/produits-pour-lindustrie-cosmetique\/extraits-fermentes\/extrait-de-framboise-fermente\/","name":"Extrait de framboise ferment\u00e9e - Distributeur en gros","isPartOf":{"@id":"https:\/\/naturalpoland.com\/fr\/#website"},"primaryImageOfPage":{"@id":"https:\/\/naturalpoland.com\/fr\/produkty\/produits-pour-lindustrie-cosmetique\/extraits-fermentes\/extrait-de-framboise-fermente\/#primaryimage"},"image":{"@id":"https:\/\/naturalpoland.com\/fr\/produkty\/produits-pour-lindustrie-cosmetique\/extraits-fermentes\/extrait-de-framboise-fermente\/#primaryimage"},"thumbnailUrl":"https:\/\/naturalpoland.com\/wp-content\/uploads\/fermentowany-ekstrakt-z-maliny.png","datePublished":"2023-10-06T09:39:00+00:00","description":"L'extrait de framboise ferment\u00e9e est un ingr\u00e9dient cosm\u00e9tique haut de gamme qui gagne en popularit\u00e9 dans le secteur des cosm\u00e9tiques premium.","breadcrumb":{"@id":"https:\/\/naturalpoland.com\/fr\/produkty\/produits-pour-lindustrie-cosmetique\/extraits-fermentes\/extrait-de-framboise-fermente\/#breadcrumb"},"inLanguage":"fr-FR","potentialAction":[{"@type":"ReadAction","target":["https:\/\/naturalpoland.com\/fr\/produkty\/produits-pour-lindustrie-cosmetique\/extraits-fermentes\/extrait-de-framboise-fermente\/"]}]},{"@type":"ImageObject","inLanguage":"fr-FR","@id":"https:\/\/naturalpoland.com\/fr\/produkty\/produits-pour-lindustrie-cosmetique\/extraits-fermentes\/extrait-de-framboise-fermente\/#primaryimage","url":"https:\/\/naturalpoland.com\/wp-content\/uploads\/fermentowany-ekstrakt-z-maliny.png","contentUrl":"https:\/\/naturalpoland.com\/wp-content\/uploads\/fermentowany-ekstrakt-z-maliny.png","width":590,"height":590,"caption":"extrait de framboise ferment\u00e9e"},{"@type":"BreadcrumbList","@id":"https:\/\/naturalpoland.com\/fr\/produkty\/produits-pour-lindustrie-cosmetique\/extraits-fermentes\/extrait-de-framboise-fermente\/#breadcrumb","itemListElement":[{"@type":"ListItem","position":1,"name":"Accueil","item":"https:\/\/naturalpoland.com\/fr\/"},{"@type":"ListItem","position":2,"name":"Produits","item":"https:\/\/naturalpoland.com\/fr\/produits\/"},{"@type":"ListItem","position":3,"name":"Extrait de framboise ferment\u00e9e"}]},{"@type":"WebSite","@id":"https:\/\/naturalpoland.com\/fr\/#website","url":"https:\/\/naturalpoland.com\/fr\/","name":"NATURAL POLAND - Distributeur de mati\u00e8res premi\u00e8res en gros","description":"Surowce dla przemys\u0142u spo\u017cywczego, kosmetycznego i farmaceutycznego","publisher":{"@id":"https:\/\/naturalpoland.com\/fr\/#organization"},"potentialAction":[{"@type":"SearchAction","target":{"@type":"EntryPoint","urlTemplate":"https:\/\/naturalpoland.com\/fr\/?s={search_term_string}"},"query-input":{"@type":"PropertyValueSpecification","valueRequired":true,"valueName":"search_term_string"}}],"inLanguage":"fr-FR"},{"@type":"Organization","@id":"https:\/\/naturalpoland.com\/fr\/#organization","name":"Natural Poland","url":"https:\/\/naturalpoland.com\/fr\/","logo":{"@type":"ImageObject","inLanguage":"fr-FR","@id":"https:\/\/naturalpoland.com\/fr\/#\/schema\/logo\/image\/","url":"https:\/\/naturalpoland.com\/wp-content\/uploads\/2021\/05\/natural-poland-icon.png","contentUrl":"https:\/\/naturalpoland.com\/wp-content\/uploads\/2021\/05\/natural-poland-icon.png","width":512,"height":512,"caption":"Natural Poland"},"image":{"@id":"https:\/\/naturalpoland.com\/fr\/#\/schema\/logo\/image\/"},"sameAs":["https:\/\/www.facebook.com\/naturalpoland.b2b","https:\/\/pl.linkedin.com\/company\/natural-poland","https:\/\/www.youtube.com\/channel\/UCgeGGkvOMahZo-xu_MSEWxg"]}]}},"_links":{"self":[{"href":"https:\/\/naturalpoland.com\/fr\/wp-json\/wp\/v2\/product\/26535","targetHints":{"allow":["GET"]}}],"collection":[{"href":"https:\/\/naturalpoland.com\/fr\/wp-json\/wp\/v2\/product"}],"about":[{"href":"https:\/\/naturalpoland.com\/fr\/wp-json\/wp\/v2\/types\/product"}],"wp:featuredmedia":[{"embeddable":true,"href":"https:\/\/naturalpoland.com\/fr\/wp-json\/wp\/v2\/media\/26431"}],"wp:attachment":[{"href":"https:\/\/naturalpoland.com\/fr\/wp-json\/wp\/v2\/media?parent=26535"}],"wp:term":[{"taxonomy":"product_brand","embeddable":true,"href":"https:\/\/naturalpoland.com\/fr\/wp-json\/wp\/v2\/product_brand?post=26535"},{"taxonomy":"product_cat","embeddable":true,"href":"https:\/\/naturalpoland.com\/fr\/wp-json\/wp\/v2\/product_cat?post=26535"},{"taxonomy":"product_tag","embeddable":true,"href":"https:\/\/naturalpoland.com\/fr\/wp-json\/wp\/v2\/product_tag?post=26535"}],"curies":[{"name":"wp","href":"https:\/\/api.w.org\/{rel}","templated":true}]}}