{"id":26599,"date":"2023-10-06T09:52:28","date_gmt":"2023-10-06T09:40:03","guid":{"rendered":"https:\/\/naturalpoland.com\/produkty\/non class\u00e9\/extrait-de-pomme-fermentee\/"},"modified":"2023-10-06T11:40:03","modified_gmt":"2023-10-06T09:40:03","slug":"extrait-de-pomme-fermentee","status":"publish","type":"product","link":"https:\/\/naturalpoland.com\/fr\/produkty\/produits-pour-lindustrie-cosmetique\/extraits-fermentes\/extrait-de-pomme-fermentee\/","title":{"rendered":"Extrait de pomme ferment\u00e9e"},"content":{"rendered":"<p>Les pommes sont une riche source de vitamines, dont la vitamine C, et d&rsquo;antioxydants qui prot\u00e8gent la peau contre les dommages caus\u00e9s par les radicaux libres. Il agit comme un pr\u00e9ventif contre le vieillissement pr\u00e9matur\u00e9 de la peau, laissant la peau radieuse et pleine d&rsquo;\u00e9nergie. L&rsquo;extrait de pomme est \u00e9galement connu pour ses propri\u00e9t\u00e9s hydratantes, qui contribuent \u00e0 maintenir la peau souple et douce, r\u00e9duisant ainsi l&rsquo;apparence des rides et ridules.<\/p>\n<p>Son action exfoliante douce acc\u00e9l\u00e8re le renouvellement cellulaire de la peau, contribuant \u00e0 minimiser les imperfections et \u00e0 am\u00e9liorer le teint g\u00e9n\u00e9ral. L&rsquo;extrait de pomme ferment\u00e9e favorise \u00e9galement l&rsquo;\u00e9quilibre de la microflore cutan\u00e9e gr\u00e2ce \u00e0 ses propri\u00e9t\u00e9s probiotiques, cr\u00e9ant ainsi un environnement sain pour la peau et renfor\u00e7ant ses barri\u00e8res protectrices naturelles.<\/p>\n<p>Cet ingr\u00e9dient actif multifonctionnel est un excellent choix pour enrichir diverses formules cosm\u00e9tiques telles que les cr\u00e8mes, les lotions, les s\u00e9rums, les masques ou les toniques. Il est id\u00e9al pour les produits destin\u00e9s aux peaux matures, s\u00e8ches, sensibles ou \u00e0 probl\u00e8mes, offrant une action globale pour am\u00e9liorer l&rsquo;aspect et l&rsquo;\u00e9tat de la peau.<\/p>\n<p>L&rsquo;extrait de pomme ferment\u00e9e est un compl\u00e9ment inestimable aux cosm\u00e9tiques naturels et biologiques, car il est non seulement efficace mais aussi s\u00fbr pour la peau. Il est v\u00e9g\u00e9talien et n&rsquo;a pas \u00e9t\u00e9 test\u00e9 sur les animaux, ce qui souligne sa nature \u00e9thique et durable.<\/p>\n","protected":false},"excerpt":{"rendered":"<p>L&rsquo;extrait de pomme ferment\u00e9e (INCI :<em> Apple Ferment Extract<\/em>) est un principe actif de haute qualit\u00e9 pour tous les types de peau. Cet extrait unique b\u00e9n\u00e9ficie d&rsquo;un processus de fermentation qui rend les nutriments de la pomme plus absorbables et plus actifs au niveau cellulaire.<\/p>\n","protected":false},"featured_media":26353,"template":"","meta":[],"product_brand":[],"product_cat":[2693],"product_tag":[],"class_list":{"0":"post-26599","1":"product","2":"type-product","3":"status-publish","4":"has-post-thumbnail","6":"product_cat-extraits-fermentes","8":"first","9":"instock","10":"shipping-taxable","11":"product-type-simple"},"yoast_head":"<!-- This site is optimized with the Yoast SEO plugin v27.3 - https:\/\/yoast.com\/product\/yoast-seo-wordpress\/ -->\n<title>Extrait de pomme ferment\u00e9e - Distributeur en gros<\/title>\n<meta name=\"description\" content=\"L&#039;extrait de pomme ferment\u00e9e (INCI : Apple Ferment Extract) est un principe actif de haute qualit\u00e9 pour tous les types de peau.\" \/>\n<meta name=\"robots\" content=\"index, follow, max-snippet:-1, max-image-preview:large, max-video-preview:-1\" \/>\n<link rel=\"canonical\" href=\"https:\/\/naturalpoland.com\/fr\/produkty\/produits-pour-lindustrie-cosmetique\/extraits-fermentes\/extrait-de-pomme-fermentee\/\" \/>\n<meta property=\"og:locale\" content=\"fr_FR\" \/>\n<meta property=\"og:type\" content=\"article\" \/>\n<meta property=\"og:title\" content=\"Extrait de pomme ferment\u00e9e - Distributeur en gros\" \/>\n<meta property=\"og:description\" content=\"L&#039;extrait de pomme ferment\u00e9e (INCI : Apple Ferment Extract) est un principe actif de haute qualit\u00e9 pour tous les types de peau.\" \/>\n<meta property=\"og:url\" content=\"https:\/\/naturalpoland.com\/fr\/produkty\/produits-pour-lindustrie-cosmetique\/extraits-fermentes\/extrait-de-pomme-fermentee\/\" \/>\n<meta property=\"og:site_name\" content=\"NATURAL POLAND - Distributeur de mati\u00e8res premi\u00e8res en gros\" \/>\n<meta property=\"article:publisher\" content=\"https:\/\/www.facebook.com\/naturalpoland.b2b\" \/>\n<meta property=\"og:image\" content=\"https:\/\/naturalpoland.com\/wp-content\/uploads\/fermentowany-ekstrakt-z-jablka.jpg\" \/>\n\t<meta property=\"og:image:width\" content=\"590\" \/>\n\t<meta property=\"og:image:height\" content=\"590\" \/>\n\t<meta property=\"og:image:type\" content=\"image\/jpeg\" \/>\n<script type=\"application\/ld+json\" class=\"yoast-schema-graph\">{\"@context\":\"https:\\\/\\\/schema.org\",\"@graph\":[{\"@type\":\"WebPage\",\"@id\":\"https:\\\/\\\/naturalpoland.com\\\/fr\\\/produkty\\\/produits-pour-lindustrie-cosmetique\\\/extraits-fermentes\\\/extrait-de-pomme-fermentee\\\/\",\"url\":\"https:\\\/\\\/naturalpoland.com\\\/fr\\\/produkty\\\/produits-pour-lindustrie-cosmetique\\\/extraits-fermentes\\\/extrait-de-pomme-fermentee\\\/\",\"name\":\"Extrait de pomme ferment\u00e9e - Distributeur en gros\",\"isPartOf\":{\"@id\":\"https:\\\/\\\/naturalpoland.com\\\/fr\\\/#website\"},\"primaryImageOfPage\":{\"@id\":\"https:\\\/\\\/naturalpoland.com\\\/fr\\\/produkty\\\/produits-pour-lindustrie-cosmetique\\\/extraits-fermentes\\\/extrait-de-pomme-fermentee\\\/#primaryimage\"},\"image\":{\"@id\":\"https:\\\/\\\/naturalpoland.com\\\/fr\\\/produkty\\\/produits-pour-lindustrie-cosmetique\\\/extraits-fermentes\\\/extrait-de-pomme-fermentee\\\/#primaryimage\"},\"thumbnailUrl\":\"https:\\\/\\\/naturalpoland.com\\\/wp-content\\\/uploads\\\/fermentowany-ekstrakt-z-jablka.jpg\",\"datePublished\":\"2023-10-06T09:40:03+00:00\",\"description\":\"L'extrait de pomme ferment\u00e9e (INCI : Apple Ferment Extract) est un principe actif de haute qualit\u00e9 pour tous les types de peau.\",\"breadcrumb\":{\"@id\":\"https:\\\/\\\/naturalpoland.com\\\/fr\\\/produkty\\\/produits-pour-lindustrie-cosmetique\\\/extraits-fermentes\\\/extrait-de-pomme-fermentee\\\/#breadcrumb\"},\"inLanguage\":\"fr-FR\",\"potentialAction\":[{\"@type\":\"ReadAction\",\"target\":[\"https:\\\/\\\/naturalpoland.com\\\/fr\\\/produkty\\\/produits-pour-lindustrie-cosmetique\\\/extraits-fermentes\\\/extrait-de-pomme-fermentee\\\/\"]}]},{\"@type\":\"ImageObject\",\"inLanguage\":\"fr-FR\",\"@id\":\"https:\\\/\\\/naturalpoland.com\\\/fr\\\/produkty\\\/produits-pour-lindustrie-cosmetique\\\/extraits-fermentes\\\/extrait-de-pomme-fermentee\\\/#primaryimage\",\"url\":\"https:\\\/\\\/naturalpoland.com\\\/wp-content\\\/uploads\\\/fermentowany-ekstrakt-z-jablka.jpg\",\"contentUrl\":\"https:\\\/\\\/naturalpoland.com\\\/wp-content\\\/uploads\\\/fermentowany-ekstrakt-z-jablka.jpg\",\"width\":590,\"height\":590,\"caption\":\"extrait de pomme ferment\u00e9e\"},{\"@type\":\"BreadcrumbList\",\"@id\":\"https:\\\/\\\/naturalpoland.com\\\/fr\\\/produkty\\\/produits-pour-lindustrie-cosmetique\\\/extraits-fermentes\\\/extrait-de-pomme-fermentee\\\/#breadcrumb\",\"itemListElement\":[{\"@type\":\"ListItem\",\"position\":1,\"name\":\"Accueil\",\"item\":\"https:\\\/\\\/naturalpoland.com\\\/fr\\\/\"},{\"@type\":\"ListItem\",\"position\":2,\"name\":\"Produits\",\"item\":\"https:\\\/\\\/naturalpoland.com\\\/fr\\\/produits\\\/\"},{\"@type\":\"ListItem\",\"position\":3,\"name\":\"Extrait de pomme ferment\u00e9e\"}]},{\"@type\":\"WebSite\",\"@id\":\"https:\\\/\\\/naturalpoland.com\\\/fr\\\/#website\",\"url\":\"https:\\\/\\\/naturalpoland.com\\\/fr\\\/\",\"name\":\"NATURAL POLAND - Distributeur de mati\u00e8res premi\u00e8res en gros\",\"description\":\"Surowce dla przemys\u0142u spo\u017cywczego, kosmetycznego i farmaceutycznego\",\"publisher\":{\"@id\":\"https:\\\/\\\/naturalpoland.com\\\/fr\\\/#organization\"},\"potentialAction\":[{\"@type\":\"SearchAction\",\"target\":{\"@type\":\"EntryPoint\",\"urlTemplate\":\"https:\\\/\\\/naturalpoland.com\\\/fr\\\/?s={search_term_string}\"},\"query-input\":{\"@type\":\"PropertyValueSpecification\",\"valueRequired\":true,\"valueName\":\"search_term_string\"}}],\"inLanguage\":\"fr-FR\"},{\"@type\":\"Organization\",\"@id\":\"https:\\\/\\\/naturalpoland.com\\\/fr\\\/#organization\",\"name\":\"Natural Poland\",\"url\":\"https:\\\/\\\/naturalpoland.com\\\/fr\\\/\",\"logo\":{\"@type\":\"ImageObject\",\"inLanguage\":\"fr-FR\",\"@id\":\"https:\\\/\\\/naturalpoland.com\\\/fr\\\/#\\\/schema\\\/logo\\\/image\\\/\",\"url\":\"https:\\\/\\\/naturalpoland.com\\\/wp-content\\\/uploads\\\/2021\\\/05\\\/natural-poland-icon.png\",\"contentUrl\":\"https:\\\/\\\/naturalpoland.com\\\/wp-content\\\/uploads\\\/2021\\\/05\\\/natural-poland-icon.png\",\"width\":512,\"height\":512,\"caption\":\"Natural Poland\"},\"image\":{\"@id\":\"https:\\\/\\\/naturalpoland.com\\\/fr\\\/#\\\/schema\\\/logo\\\/image\\\/\"},\"sameAs\":[\"https:\\\/\\\/www.facebook.com\\\/naturalpoland.b2b\",\"https:\\\/\\\/pl.linkedin.com\\\/company\\\/natural-poland\",\"https:\\\/\\\/www.youtube.com\\\/channel\\\/UCgeGGkvOMahZo-xu_MSEWxg\"]}]}<\/script>\n<!-- \/ Yoast SEO plugin. -->","yoast_head_json":{"title":"Extrait de pomme ferment\u00e9e - Distributeur en gros","description":"L'extrait de pomme ferment\u00e9e (INCI : Apple Ferment Extract) est un principe actif de haute qualit\u00e9 pour tous les types de peau.","robots":{"index":"index","follow":"follow","max-snippet":"max-snippet:-1","max-image-preview":"max-image-preview:large","max-video-preview":"max-video-preview:-1"},"canonical":"https:\/\/naturalpoland.com\/fr\/produkty\/produits-pour-lindustrie-cosmetique\/extraits-fermentes\/extrait-de-pomme-fermentee\/","og_locale":"fr_FR","og_type":"article","og_title":"Extrait de pomme ferment\u00e9e - Distributeur en gros","og_description":"L'extrait de pomme ferment\u00e9e (INCI : Apple Ferment Extract) est un principe actif de haute qualit\u00e9 pour tous les types de peau.","og_url":"https:\/\/naturalpoland.com\/fr\/produkty\/produits-pour-lindustrie-cosmetique\/extraits-fermentes\/extrait-de-pomme-fermentee\/","og_site_name":"NATURAL POLAND - Distributeur de mati\u00e8res premi\u00e8res en gros","article_publisher":"https:\/\/www.facebook.com\/naturalpoland.b2b","og_image":[{"width":590,"height":590,"url":"https:\/\/naturalpoland.com\/wp-content\/uploads\/fermentowany-ekstrakt-z-jablka.jpg","type":"image\/jpeg"}],"schema":{"@context":"https:\/\/schema.org","@graph":[{"@type":"WebPage","@id":"https:\/\/naturalpoland.com\/fr\/produkty\/produits-pour-lindustrie-cosmetique\/extraits-fermentes\/extrait-de-pomme-fermentee\/","url":"https:\/\/naturalpoland.com\/fr\/produkty\/produits-pour-lindustrie-cosmetique\/extraits-fermentes\/extrait-de-pomme-fermentee\/","name":"Extrait de pomme ferment\u00e9e - Distributeur en gros","isPartOf":{"@id":"https:\/\/naturalpoland.com\/fr\/#website"},"primaryImageOfPage":{"@id":"https:\/\/naturalpoland.com\/fr\/produkty\/produits-pour-lindustrie-cosmetique\/extraits-fermentes\/extrait-de-pomme-fermentee\/#primaryimage"},"image":{"@id":"https:\/\/naturalpoland.com\/fr\/produkty\/produits-pour-lindustrie-cosmetique\/extraits-fermentes\/extrait-de-pomme-fermentee\/#primaryimage"},"thumbnailUrl":"https:\/\/naturalpoland.com\/wp-content\/uploads\/fermentowany-ekstrakt-z-jablka.jpg","datePublished":"2023-10-06T09:40:03+00:00","description":"L'extrait de pomme ferment\u00e9e (INCI : Apple Ferment Extract) est un principe actif de haute qualit\u00e9 pour tous les types de peau.","breadcrumb":{"@id":"https:\/\/naturalpoland.com\/fr\/produkty\/produits-pour-lindustrie-cosmetique\/extraits-fermentes\/extrait-de-pomme-fermentee\/#breadcrumb"},"inLanguage":"fr-FR","potentialAction":[{"@type":"ReadAction","target":["https:\/\/naturalpoland.com\/fr\/produkty\/produits-pour-lindustrie-cosmetique\/extraits-fermentes\/extrait-de-pomme-fermentee\/"]}]},{"@type":"ImageObject","inLanguage":"fr-FR","@id":"https:\/\/naturalpoland.com\/fr\/produkty\/produits-pour-lindustrie-cosmetique\/extraits-fermentes\/extrait-de-pomme-fermentee\/#primaryimage","url":"https:\/\/naturalpoland.com\/wp-content\/uploads\/fermentowany-ekstrakt-z-jablka.jpg","contentUrl":"https:\/\/naturalpoland.com\/wp-content\/uploads\/fermentowany-ekstrakt-z-jablka.jpg","width":590,"height":590,"caption":"extrait de pomme ferment\u00e9e"},{"@type":"BreadcrumbList","@id":"https:\/\/naturalpoland.com\/fr\/produkty\/produits-pour-lindustrie-cosmetique\/extraits-fermentes\/extrait-de-pomme-fermentee\/#breadcrumb","itemListElement":[{"@type":"ListItem","position":1,"name":"Accueil","item":"https:\/\/naturalpoland.com\/fr\/"},{"@type":"ListItem","position":2,"name":"Produits","item":"https:\/\/naturalpoland.com\/fr\/produits\/"},{"@type":"ListItem","position":3,"name":"Extrait de pomme ferment\u00e9e"}]},{"@type":"WebSite","@id":"https:\/\/naturalpoland.com\/fr\/#website","url":"https:\/\/naturalpoland.com\/fr\/","name":"NATURAL POLAND - Distributeur de mati\u00e8res premi\u00e8res en gros","description":"Surowce dla przemys\u0142u spo\u017cywczego, kosmetycznego i farmaceutycznego","publisher":{"@id":"https:\/\/naturalpoland.com\/fr\/#organization"},"potentialAction":[{"@type":"SearchAction","target":{"@type":"EntryPoint","urlTemplate":"https:\/\/naturalpoland.com\/fr\/?s={search_term_string}"},"query-input":{"@type":"PropertyValueSpecification","valueRequired":true,"valueName":"search_term_string"}}],"inLanguage":"fr-FR"},{"@type":"Organization","@id":"https:\/\/naturalpoland.com\/fr\/#organization","name":"Natural Poland","url":"https:\/\/naturalpoland.com\/fr\/","logo":{"@type":"ImageObject","inLanguage":"fr-FR","@id":"https:\/\/naturalpoland.com\/fr\/#\/schema\/logo\/image\/","url":"https:\/\/naturalpoland.com\/wp-content\/uploads\/2021\/05\/natural-poland-icon.png","contentUrl":"https:\/\/naturalpoland.com\/wp-content\/uploads\/2021\/05\/natural-poland-icon.png","width":512,"height":512,"caption":"Natural Poland"},"image":{"@id":"https:\/\/naturalpoland.com\/fr\/#\/schema\/logo\/image\/"},"sameAs":["https:\/\/www.facebook.com\/naturalpoland.b2b","https:\/\/pl.linkedin.com\/company\/natural-poland","https:\/\/www.youtube.com\/channel\/UCgeGGkvOMahZo-xu_MSEWxg"]}]}},"_links":{"self":[{"href":"https:\/\/naturalpoland.com\/fr\/wp-json\/wp\/v2\/product\/26599","targetHints":{"allow":["GET"]}}],"collection":[{"href":"https:\/\/naturalpoland.com\/fr\/wp-json\/wp\/v2\/product"}],"about":[{"href":"https:\/\/naturalpoland.com\/fr\/wp-json\/wp\/v2\/types\/product"}],"wp:featuredmedia":[{"embeddable":true,"href":"https:\/\/naturalpoland.com\/fr\/wp-json\/wp\/v2\/media\/26353"}],"wp:attachment":[{"href":"https:\/\/naturalpoland.com\/fr\/wp-json\/wp\/v2\/media?parent=26599"}],"wp:term":[{"taxonomy":"product_brand","embeddable":true,"href":"https:\/\/naturalpoland.com\/fr\/wp-json\/wp\/v2\/product_brand?post=26599"},{"taxonomy":"product_cat","embeddable":true,"href":"https:\/\/naturalpoland.com\/fr\/wp-json\/wp\/v2\/product_cat?post=26599"},{"taxonomy":"product_tag","embeddable":true,"href":"https:\/\/naturalpoland.com\/fr\/wp-json\/wp\/v2\/product_tag?post=26599"}],"curies":[{"name":"wp","href":"https:\/\/api.w.org\/{rel}","templated":true}]}}