{"id":27186,"date":"2023-10-18T16:25:38","date_gmt":"2023-10-26T13:01:58","guid":{"rendered":"https:\/\/naturalpoland.com\/produkty\/non class\u00e9\/cellulases-ec-3-2-1-4\/"},"modified":"2023-10-26T15:01:58","modified_gmt":"2023-10-26T13:01:58","slug":"cellulases","status":"publish","type":"product","link":"https:\/\/naturalpoland.com\/fr\/produkty\/produits-pour-lindustrie-alimentaire\/enzymes-fr\/de-boulangerie\/cellulases\/","title":{"rendered":"Cellulases EC 3.2.1.4"},"content":{"rendered":"<p>Un autre avantage de cette enzyme est qu&rsquo;elle augmente la concentration d&rsquo;arabino-xyl-oligosaccharides dans le pain, qui ont des effets b\u00e9n\u00e9fiques sur la sant\u00e9 humaine.<\/p>\n<h3>Origines :<\/h3>\n<ul>\n<li>Champignons du genre <em>Trichoderma<\/em>: <em>T. reesei QM 6a<\/em> et ses mutants, <em>T. harzianum, T. viride<\/em>.<\/li>\n<li>Bacilles bact\u00e9riens survivants : <em>Aspergillus, Penicillium, Humicola, Cellulomonas, Pseudomonas<\/em>.<\/li>\n<li>Les actinobact\u00e9ries telles que <em>Streptomyces<\/em><\/li>\n<\/ul>\n<h3>Action:<\/h3>\n<ul>\n<li>Catalyse de la d\u00e9composition de la cellulose par l&rsquo;eau.<br \/>\nHydrolyse de la liaison \u03b2- 1,4-glycosidique de la cellulose et raccourcissement progressif du polym\u00e8re pour donner le produit final, le glucose.<\/li>\n<\/ul>\n","protected":false},"excerpt":{"rendered":"<p>Les cellulases sont des enzymes boulang\u00e8res qui \u00e9liminent les arabinoxylanes insolubles, qui interf\u00e8rent avec la formation du r\u00e9seau de gluten, ce qui entra\u00eene la formation d&rsquo;arabinoxylanes dissous de poids mol\u00e9culaire \u00e9lev\u00e9, d&rsquo;o\u00f9 une augmentation de la viscosit\u00e9 et donc <strong>une am\u00e9lioration de la stabilit\u00e9 de la p\u00e2te<\/strong>. L&rsquo;utilisation de cellulases dans l&rsquo;industrie boulang\u00e8re affecte les propri\u00e9t\u00e9s rh\u00e9ologiques de la p\u00e2te et les propri\u00e9t\u00e9s organoleptiques du pain.<\/p>\n","protected":false},"featured_media":27527,"template":"","meta":{"_acf_changed":false},"product_brand":[],"product_cat":[2715],"product_tag":[],"class_list":{"0":"post-27186","1":"product","2":"type-product","3":"status-publish","4":"has-post-thumbnail","6":"product_cat-de-boulangerie","8":"first","9":"instock","10":"shipping-taxable","11":"product-type-simple"},"acf":[],"yoast_head":"<!-- This site is optimized with the Yoast SEO plugin v27.4 - https:\/\/yoast.com\/product\/yoast-seo-wordpress\/ -->\n<title>Cellulases EC 3.2.1.4 - Distributeur en gros<\/title>\n<meta name=\"description\" content=\"Les cellulases sont des enzymes boulang\u00e8res qui \u00e9liminent les arabinoxylanes insolubles, qui interf\u00e8rent avec la formation du r\u00e9seau de gluten, am\u00e9liorant ainsi la viscosit\u00e9 de la p\u00e2te.\" \/>\n<meta name=\"robots\" content=\"index, follow, max-snippet:-1, max-image-preview:large, max-video-preview:-1\" \/>\n<link rel=\"canonical\" href=\"https:\/\/naturalpoland.com\/fr\/produkty\/produits-pour-lindustrie-alimentaire\/enzymes-fr\/de-boulangerie\/cellulases\/\" \/>\n<meta property=\"og:locale\" content=\"fr_FR\" \/>\n<meta property=\"og:type\" content=\"article\" \/>\n<meta property=\"og:title\" content=\"Cellulases EC 3.2.1.4 - Distributeur en gros\" \/>\n<meta property=\"og:description\" content=\"Les cellulases sont des enzymes boulang\u00e8res qui \u00e9liminent les arabinoxylanes insolubles, qui interf\u00e8rent avec la formation du r\u00e9seau de gluten, am\u00e9liorant ainsi la viscosit\u00e9 de la p\u00e2te.\" \/>\n<meta property=\"og:url\" content=\"https:\/\/naturalpoland.com\/fr\/produkty\/produits-pour-lindustrie-alimentaire\/enzymes-fr\/de-boulangerie\/cellulases\/\" \/>\n<meta property=\"og:site_name\" content=\"NATURAL POLAND - Distributeur de mati\u00e8res premi\u00e8res en gros\" \/>\n<meta property=\"article:publisher\" content=\"https:\/\/www.facebook.com\/naturalpoland.b2b\" \/>\n<meta property=\"og:image\" content=\"https:\/\/naturalpoland.com\/wp-content\/uploads\/celulaza.jpg\" \/>\n\t<meta property=\"og:image:width\" content=\"650\" \/>\n\t<meta property=\"og:image:height\" content=\"650\" \/>\n\t<meta property=\"og:image:type\" content=\"image\/jpeg\" \/>\n<script type=\"application\/ld+json\" class=\"yoast-schema-graph\">{\"@context\":\"https:\\\/\\\/schema.org\",\"@graph\":[{\"@type\":\"WebPage\",\"@id\":\"https:\\\/\\\/naturalpoland.com\\\/fr\\\/produkty\\\/produits-pour-lindustrie-alimentaire\\\/enzymes-fr\\\/de-boulangerie\\\/cellulases\\\/\",\"url\":\"https:\\\/\\\/naturalpoland.com\\\/fr\\\/produkty\\\/produits-pour-lindustrie-alimentaire\\\/enzymes-fr\\\/de-boulangerie\\\/cellulases\\\/\",\"name\":\"Cellulases EC 3.2.1.4 - Distributeur en gros\",\"isPartOf\":{\"@id\":\"https:\\\/\\\/naturalpoland.com\\\/fr\\\/#website\"},\"primaryImageOfPage\":{\"@id\":\"https:\\\/\\\/naturalpoland.com\\\/fr\\\/produkty\\\/produits-pour-lindustrie-alimentaire\\\/enzymes-fr\\\/de-boulangerie\\\/cellulases\\\/#primaryimage\"},\"image\":{\"@id\":\"https:\\\/\\\/naturalpoland.com\\\/fr\\\/produkty\\\/produits-pour-lindustrie-alimentaire\\\/enzymes-fr\\\/de-boulangerie\\\/cellulases\\\/#primaryimage\"},\"thumbnailUrl\":\"https:\\\/\\\/naturalpoland.com\\\/wp-content\\\/uploads\\\/celulaza.jpg\",\"datePublished\":\"2023-10-26T13:01:58+00:00\",\"description\":\"Les cellulases sont des enzymes boulang\u00e8res qui \u00e9liminent les arabinoxylanes insolubles, qui interf\u00e8rent avec la formation du r\u00e9seau de gluten, am\u00e9liorant ainsi la viscosit\u00e9 de la p\u00e2te.\",\"breadcrumb\":{\"@id\":\"https:\\\/\\\/naturalpoland.com\\\/fr\\\/produkty\\\/produits-pour-lindustrie-alimentaire\\\/enzymes-fr\\\/de-boulangerie\\\/cellulases\\\/#breadcrumb\"},\"inLanguage\":\"fr-FR\",\"potentialAction\":[{\"@type\":\"ReadAction\",\"target\":[\"https:\\\/\\\/naturalpoland.com\\\/fr\\\/produkty\\\/produits-pour-lindustrie-alimentaire\\\/enzymes-fr\\\/de-boulangerie\\\/cellulases\\\/\"]}]},{\"@type\":\"ImageObject\",\"inLanguage\":\"fr-FR\",\"@id\":\"https:\\\/\\\/naturalpoland.com\\\/fr\\\/produkty\\\/produits-pour-lindustrie-alimentaire\\\/enzymes-fr\\\/de-boulangerie\\\/cellulases\\\/#primaryimage\",\"url\":\"https:\\\/\\\/naturalpoland.com\\\/wp-content\\\/uploads\\\/celulaza.jpg\",\"contentUrl\":\"https:\\\/\\\/naturalpoland.com\\\/wp-content\\\/uploads\\\/celulaza.jpg\",\"width\":650,\"height\":650,\"caption\":\"celulaza\"},{\"@type\":\"BreadcrumbList\",\"@id\":\"https:\\\/\\\/naturalpoland.com\\\/fr\\\/produkty\\\/produits-pour-lindustrie-alimentaire\\\/enzymes-fr\\\/de-boulangerie\\\/cellulases\\\/#breadcrumb\",\"itemListElement\":[{\"@type\":\"ListItem\",\"position\":1,\"name\":\"Accueil\",\"item\":\"https:\\\/\\\/naturalpoland.com\\\/fr\\\/\"},{\"@type\":\"ListItem\",\"position\":2,\"name\":\"Produits\",\"item\":\"https:\\\/\\\/naturalpoland.com\\\/fr\\\/produits\\\/\"},{\"@type\":\"ListItem\",\"position\":3,\"name\":\"Cellulases EC 3.2.1.4\"}]},{\"@type\":\"WebSite\",\"@id\":\"https:\\\/\\\/naturalpoland.com\\\/fr\\\/#website\",\"url\":\"https:\\\/\\\/naturalpoland.com\\\/fr\\\/\",\"name\":\"NATURAL POLAND - Distributeur de mati\u00e8res premi\u00e8res en gros\",\"description\":\"Surowce dla przemys\u0142u spo\u017cywczego, kosmetycznego i farmaceutycznego\",\"publisher\":{\"@id\":\"https:\\\/\\\/naturalpoland.com\\\/fr\\\/#organization\"},\"potentialAction\":[{\"@type\":\"SearchAction\",\"target\":{\"@type\":\"EntryPoint\",\"urlTemplate\":\"https:\\\/\\\/naturalpoland.com\\\/fr\\\/?s={search_term_string}\"},\"query-input\":{\"@type\":\"PropertyValueSpecification\",\"valueRequired\":true,\"valueName\":\"search_term_string\"}}],\"inLanguage\":\"fr-FR\"},{\"@type\":\"Organization\",\"@id\":\"https:\\\/\\\/naturalpoland.com\\\/fr\\\/#organization\",\"name\":\"Natural Poland\",\"url\":\"https:\\\/\\\/naturalpoland.com\\\/fr\\\/\",\"logo\":{\"@type\":\"ImageObject\",\"inLanguage\":\"fr-FR\",\"@id\":\"https:\\\/\\\/naturalpoland.com\\\/fr\\\/#\\\/schema\\\/logo\\\/image\\\/\",\"url\":\"https:\\\/\\\/naturalpoland.com\\\/wp-content\\\/uploads\\\/2021\\\/05\\\/natural-poland-icon.png\",\"contentUrl\":\"https:\\\/\\\/naturalpoland.com\\\/wp-content\\\/uploads\\\/2021\\\/05\\\/natural-poland-icon.png\",\"width\":512,\"height\":512,\"caption\":\"Natural Poland\"},\"image\":{\"@id\":\"https:\\\/\\\/naturalpoland.com\\\/fr\\\/#\\\/schema\\\/logo\\\/image\\\/\"},\"sameAs\":[\"https:\\\/\\\/www.facebook.com\\\/naturalpoland.b2b\",\"https:\\\/\\\/pl.linkedin.com\\\/company\\\/natural-poland\",\"https:\\\/\\\/www.youtube.com\\\/channel\\\/UCgeGGkvOMahZo-xu_MSEWxg\"]}]}<\/script>\n<!-- \/ Yoast SEO plugin. -->","yoast_head_json":{"title":"Cellulases EC 3.2.1.4 - Distributeur en gros","description":"Les cellulases sont des enzymes boulang\u00e8res qui \u00e9liminent les arabinoxylanes insolubles, qui interf\u00e8rent avec la formation du r\u00e9seau de gluten, am\u00e9liorant ainsi la viscosit\u00e9 de la p\u00e2te.","robots":{"index":"index","follow":"follow","max-snippet":"max-snippet:-1","max-image-preview":"max-image-preview:large","max-video-preview":"max-video-preview:-1"},"canonical":"https:\/\/naturalpoland.com\/fr\/produkty\/produits-pour-lindustrie-alimentaire\/enzymes-fr\/de-boulangerie\/cellulases\/","og_locale":"fr_FR","og_type":"article","og_title":"Cellulases EC 3.2.1.4 - Distributeur en gros","og_description":"Les cellulases sont des enzymes boulang\u00e8res qui \u00e9liminent les arabinoxylanes insolubles, qui interf\u00e8rent avec la formation du r\u00e9seau de gluten, am\u00e9liorant ainsi la viscosit\u00e9 de la p\u00e2te.","og_url":"https:\/\/naturalpoland.com\/fr\/produkty\/produits-pour-lindustrie-alimentaire\/enzymes-fr\/de-boulangerie\/cellulases\/","og_site_name":"NATURAL POLAND - Distributeur de mati\u00e8res premi\u00e8res en gros","article_publisher":"https:\/\/www.facebook.com\/naturalpoland.b2b","og_image":[{"width":650,"height":650,"url":"https:\/\/naturalpoland.com\/wp-content\/uploads\/celulaza.jpg","type":"image\/jpeg"}],"schema":{"@context":"https:\/\/schema.org","@graph":[{"@type":"WebPage","@id":"https:\/\/naturalpoland.com\/fr\/produkty\/produits-pour-lindustrie-alimentaire\/enzymes-fr\/de-boulangerie\/cellulases\/","url":"https:\/\/naturalpoland.com\/fr\/produkty\/produits-pour-lindustrie-alimentaire\/enzymes-fr\/de-boulangerie\/cellulases\/","name":"Cellulases EC 3.2.1.4 - Distributeur en gros","isPartOf":{"@id":"https:\/\/naturalpoland.com\/fr\/#website"},"primaryImageOfPage":{"@id":"https:\/\/naturalpoland.com\/fr\/produkty\/produits-pour-lindustrie-alimentaire\/enzymes-fr\/de-boulangerie\/cellulases\/#primaryimage"},"image":{"@id":"https:\/\/naturalpoland.com\/fr\/produkty\/produits-pour-lindustrie-alimentaire\/enzymes-fr\/de-boulangerie\/cellulases\/#primaryimage"},"thumbnailUrl":"https:\/\/naturalpoland.com\/wp-content\/uploads\/celulaza.jpg","datePublished":"2023-10-26T13:01:58+00:00","description":"Les cellulases sont des enzymes boulang\u00e8res qui \u00e9liminent les arabinoxylanes insolubles, qui interf\u00e8rent avec la formation du r\u00e9seau de gluten, am\u00e9liorant ainsi la viscosit\u00e9 de la p\u00e2te.","breadcrumb":{"@id":"https:\/\/naturalpoland.com\/fr\/produkty\/produits-pour-lindustrie-alimentaire\/enzymes-fr\/de-boulangerie\/cellulases\/#breadcrumb"},"inLanguage":"fr-FR","potentialAction":[{"@type":"ReadAction","target":["https:\/\/naturalpoland.com\/fr\/produkty\/produits-pour-lindustrie-alimentaire\/enzymes-fr\/de-boulangerie\/cellulases\/"]}]},{"@type":"ImageObject","inLanguage":"fr-FR","@id":"https:\/\/naturalpoland.com\/fr\/produkty\/produits-pour-lindustrie-alimentaire\/enzymes-fr\/de-boulangerie\/cellulases\/#primaryimage","url":"https:\/\/naturalpoland.com\/wp-content\/uploads\/celulaza.jpg","contentUrl":"https:\/\/naturalpoland.com\/wp-content\/uploads\/celulaza.jpg","width":650,"height":650,"caption":"celulaza"},{"@type":"BreadcrumbList","@id":"https:\/\/naturalpoland.com\/fr\/produkty\/produits-pour-lindustrie-alimentaire\/enzymes-fr\/de-boulangerie\/cellulases\/#breadcrumb","itemListElement":[{"@type":"ListItem","position":1,"name":"Accueil","item":"https:\/\/naturalpoland.com\/fr\/"},{"@type":"ListItem","position":2,"name":"Produits","item":"https:\/\/naturalpoland.com\/fr\/produits\/"},{"@type":"ListItem","position":3,"name":"Cellulases EC 3.2.1.4"}]},{"@type":"WebSite","@id":"https:\/\/naturalpoland.com\/fr\/#website","url":"https:\/\/naturalpoland.com\/fr\/","name":"NATURAL POLAND - Distributeur de mati\u00e8res premi\u00e8res en gros","description":"Surowce dla przemys\u0142u spo\u017cywczego, kosmetycznego i farmaceutycznego","publisher":{"@id":"https:\/\/naturalpoland.com\/fr\/#organization"},"potentialAction":[{"@type":"SearchAction","target":{"@type":"EntryPoint","urlTemplate":"https:\/\/naturalpoland.com\/fr\/?s={search_term_string}"},"query-input":{"@type":"PropertyValueSpecification","valueRequired":true,"valueName":"search_term_string"}}],"inLanguage":"fr-FR"},{"@type":"Organization","@id":"https:\/\/naturalpoland.com\/fr\/#organization","name":"Natural Poland","url":"https:\/\/naturalpoland.com\/fr\/","logo":{"@type":"ImageObject","inLanguage":"fr-FR","@id":"https:\/\/naturalpoland.com\/fr\/#\/schema\/logo\/image\/","url":"https:\/\/naturalpoland.com\/wp-content\/uploads\/2021\/05\/natural-poland-icon.png","contentUrl":"https:\/\/naturalpoland.com\/wp-content\/uploads\/2021\/05\/natural-poland-icon.png","width":512,"height":512,"caption":"Natural Poland"},"image":{"@id":"https:\/\/naturalpoland.com\/fr\/#\/schema\/logo\/image\/"},"sameAs":["https:\/\/www.facebook.com\/naturalpoland.b2b","https:\/\/pl.linkedin.com\/company\/natural-poland","https:\/\/www.youtube.com\/channel\/UCgeGGkvOMahZo-xu_MSEWxg"]}]}},"_links":{"self":[{"href":"https:\/\/naturalpoland.com\/fr\/wp-json\/wp\/v2\/product\/27186","targetHints":{"allow":["GET"]}}],"collection":[{"href":"https:\/\/naturalpoland.com\/fr\/wp-json\/wp\/v2\/product"}],"about":[{"href":"https:\/\/naturalpoland.com\/fr\/wp-json\/wp\/v2\/types\/product"}],"wp:featuredmedia":[{"embeddable":true,"href":"https:\/\/naturalpoland.com\/fr\/wp-json\/wp\/v2\/media\/27527"}],"wp:attachment":[{"href":"https:\/\/naturalpoland.com\/fr\/wp-json\/wp\/v2\/media?parent=27186"}],"wp:term":[{"taxonomy":"product_brand","embeddable":true,"href":"https:\/\/naturalpoland.com\/fr\/wp-json\/wp\/v2\/product_brand?post=27186"},{"taxonomy":"product_cat","embeddable":true,"href":"https:\/\/naturalpoland.com\/fr\/wp-json\/wp\/v2\/product_cat?post=27186"},{"taxonomy":"product_tag","embeddable":true,"href":"https:\/\/naturalpoland.com\/fr\/wp-json\/wp\/v2\/product_tag?post=27186"}],"curies":[{"name":"wp","href":"https:\/\/api.w.org\/{rel}","templated":true}]}}