{"id":27232,"date":"2023-10-26T13:34:03","date_gmt":"2023-10-26T13:33:20","guid":{"rendered":"https:\/\/naturalpoland.com\/produkty\/non class\u00e9\/lactase-ec-3-4-23-1\/"},"modified":"2023-10-26T15:33:20","modified_gmt":"2023-10-26T13:33:20","slug":"lactase","status":"publish","type":"product","link":"https:\/\/naturalpoland.com\/fr\/produkty\/produits-pour-lindustrie-alimentaire\/enzymes-fr\/laitieres\/lactase\/","title":{"rendered":"Lactase EC 3.4.23.1"},"content":{"rendered":"<h3>Origines :<\/h3>\n<ul>\n<li><strong>Champignons :<\/strong> <em>Aspergillus niger, Aspergillus oryzae, Candida pseudotropicalis, Kluyveromyces lactis, Kluyveromyces fragilis<\/em><\/li>\n<\/ul>\n<h3>Action:<\/h3>\n<ul>\n<li><strong>Hydrolyse du lactose :<\/strong> La lactase transforme le disaccharide lactose en monosaccharides glucose et galactose, ce qui permet la production d&rsquo;aliments laitiers adapt\u00e9s aux <strong>personnes souffrant d&rsquo;intol\u00e9rance au lactose<\/strong>.<\/li>\n<\/ul>\n<h3>Applications :<\/h3>\n<ul>\n<li><strong>Produits laitiers \u00e0 teneur r\u00e9duite en lactose et sans lactose :<\/strong> Gr\u00e2ce \u00e0 la lactase, il est possible de fabriquer des produits laitiers adapt\u00e9s aux intol\u00e9rants au lactose.<\/li>\n<li><strong>Douceur naturelle : Les<\/strong> \u00e9dulcorants hydrolys\u00e9s et les sirops de lactos\u00e9rum, obtenus par l&rsquo;action de la lactase, permettent d&rsquo;accentuer la douceur naturelle des produits laitiers.<\/li>\n<li><strong>Excellente texture de la cr\u00e8me glac\u00e9e :<\/strong> Cette enzyme contribue \u00e0 am\u00e9liorer la texture des produits glac\u00e9s, en leur donnant une texture cr\u00e9meuse et ferme, que les amateurs de ce dessert ne manqueront pas d&rsquo;appr\u00e9cier.<\/li>\n<\/ul>\n<p>La lactase EC 3.4.23.1 est sans aucun doute l&rsquo;une des cl\u00e9s pour cr\u00e9er des produits laitiers innovants, savoureux et sains qui r\u00e9pondent aux exigences des consommateurs d&rsquo;aujourd&rsquo;hui.<\/p>\n","protected":false},"excerpt":{"rendered":"<p><strong>La lactase<\/strong>, code <strong>EC 3.4.23.1<\/strong>, est une enzyme sp\u00e9ciale qui est essentielle dans l&rsquo;industrie laiti\u00e8re moderne. Obtenu \u00e0 partir de champignons s\u00e9lectionn\u00e9s, il r\u00e9pond \u00e0 la demande croissante du march\u00e9 pour des produits laitiers adapt\u00e9s aux besoins des personnes souffrant d&rsquo;intol\u00e9rance au lactose.<\/p>\n","protected":false},"featured_media":27467,"template":"","meta":{"_acf_changed":false},"product_brand":[],"product_cat":[2727],"product_tag":[],"class_list":{"0":"post-27232","1":"product","2":"type-product","3":"status-publish","4":"has-post-thumbnail","6":"product_cat-laitieres","8":"first","9":"instock","10":"shipping-taxable","11":"product-type-simple"},"acf":[],"yoast_head":"<!-- This site is optimized with the Yoast SEO plugin v27.4 - https:\/\/yoast.com\/product\/yoast-seo-wordpress\/ -->\n<title>Lactase EC 3.4.23.1 - Distributeur en gros<\/title>\n<meta name=\"description\" content=\"La lactase est utilis\u00e9e pour cr\u00e9er des produits laitiers innovants, savoureux et sains qui r\u00e9pondent aux exigences des consommateurs modernes.\" \/>\n<meta name=\"robots\" content=\"index, follow, max-snippet:-1, max-image-preview:large, max-video-preview:-1\" \/>\n<link rel=\"canonical\" href=\"https:\/\/naturalpoland.com\/fr\/produkty\/produits-pour-lindustrie-alimentaire\/enzymes-fr\/laitieres\/lactase\/\" \/>\n<meta property=\"og:locale\" content=\"fr_FR\" \/>\n<meta property=\"og:type\" content=\"article\" \/>\n<meta property=\"og:title\" content=\"Lactase EC 3.4.23.1 - Distributeur en gros\" \/>\n<meta property=\"og:description\" content=\"La lactase est utilis\u00e9e pour cr\u00e9er des produits laitiers innovants, savoureux et sains qui r\u00e9pondent aux exigences des consommateurs modernes.\" \/>\n<meta property=\"og:url\" content=\"https:\/\/naturalpoland.com\/fr\/produkty\/produits-pour-lindustrie-alimentaire\/enzymes-fr\/laitieres\/lactase\/\" \/>\n<meta property=\"og:site_name\" content=\"NATURAL POLAND - Distributeur de mati\u00e8res premi\u00e8res en gros\" \/>\n<meta property=\"article:publisher\" content=\"https:\/\/www.facebook.com\/naturalpoland.b2b\" \/>\n<meta property=\"og:image\" content=\"https:\/\/naturalpoland.com\/wp-content\/uploads\/laktaza.jpg\" \/>\n\t<meta property=\"og:image:width\" content=\"650\" \/>\n\t<meta property=\"og:image:height\" content=\"650\" \/>\n\t<meta property=\"og:image:type\" content=\"image\/jpeg\" \/>\n<script type=\"application\/ld+json\" class=\"yoast-schema-graph\">{\"@context\":\"https:\\\/\\\/schema.org\",\"@graph\":[{\"@type\":\"WebPage\",\"@id\":\"https:\\\/\\\/naturalpoland.com\\\/fr\\\/produkty\\\/produits-pour-lindustrie-alimentaire\\\/enzymes-fr\\\/laitieres\\\/lactase\\\/\",\"url\":\"https:\\\/\\\/naturalpoland.com\\\/fr\\\/produkty\\\/produits-pour-lindustrie-alimentaire\\\/enzymes-fr\\\/laitieres\\\/lactase\\\/\",\"name\":\"Lactase EC 3.4.23.1 - Distributeur en gros\",\"isPartOf\":{\"@id\":\"https:\\\/\\\/naturalpoland.com\\\/fr\\\/#website\"},\"primaryImageOfPage\":{\"@id\":\"https:\\\/\\\/naturalpoland.com\\\/fr\\\/produkty\\\/produits-pour-lindustrie-alimentaire\\\/enzymes-fr\\\/laitieres\\\/lactase\\\/#primaryimage\"},\"image\":{\"@id\":\"https:\\\/\\\/naturalpoland.com\\\/fr\\\/produkty\\\/produits-pour-lindustrie-alimentaire\\\/enzymes-fr\\\/laitieres\\\/lactase\\\/#primaryimage\"},\"thumbnailUrl\":\"https:\\\/\\\/naturalpoland.com\\\/wp-content\\\/uploads\\\/laktaza.jpg\",\"datePublished\":\"2023-10-26T13:33:20+00:00\",\"description\":\"La lactase est utilis\u00e9e pour cr\u00e9er des produits laitiers innovants, savoureux et sains qui r\u00e9pondent aux exigences des consommateurs modernes.\",\"breadcrumb\":{\"@id\":\"https:\\\/\\\/naturalpoland.com\\\/fr\\\/produkty\\\/produits-pour-lindustrie-alimentaire\\\/enzymes-fr\\\/laitieres\\\/lactase\\\/#breadcrumb\"},\"inLanguage\":\"fr-FR\",\"potentialAction\":[{\"@type\":\"ReadAction\",\"target\":[\"https:\\\/\\\/naturalpoland.com\\\/fr\\\/produkty\\\/produits-pour-lindustrie-alimentaire\\\/enzymes-fr\\\/laitieres\\\/lactase\\\/\"]}]},{\"@type\":\"ImageObject\",\"inLanguage\":\"fr-FR\",\"@id\":\"https:\\\/\\\/naturalpoland.com\\\/fr\\\/produkty\\\/produits-pour-lindustrie-alimentaire\\\/enzymes-fr\\\/laitieres\\\/lactase\\\/#primaryimage\",\"url\":\"https:\\\/\\\/naturalpoland.com\\\/wp-content\\\/uploads\\\/laktaza.jpg\",\"contentUrl\":\"https:\\\/\\\/naturalpoland.com\\\/wp-content\\\/uploads\\\/laktaza.jpg\",\"width\":650,\"height\":650,\"caption\":\"laktaza\"},{\"@type\":\"BreadcrumbList\",\"@id\":\"https:\\\/\\\/naturalpoland.com\\\/fr\\\/produkty\\\/produits-pour-lindustrie-alimentaire\\\/enzymes-fr\\\/laitieres\\\/lactase\\\/#breadcrumb\",\"itemListElement\":[{\"@type\":\"ListItem\",\"position\":1,\"name\":\"Accueil\",\"item\":\"https:\\\/\\\/naturalpoland.com\\\/fr\\\/\"},{\"@type\":\"ListItem\",\"position\":2,\"name\":\"Produits\",\"item\":\"https:\\\/\\\/naturalpoland.com\\\/fr\\\/produits\\\/\"},{\"@type\":\"ListItem\",\"position\":3,\"name\":\"Lactase EC 3.4.23.1\"}]},{\"@type\":\"WebSite\",\"@id\":\"https:\\\/\\\/naturalpoland.com\\\/fr\\\/#website\",\"url\":\"https:\\\/\\\/naturalpoland.com\\\/fr\\\/\",\"name\":\"NATURAL POLAND - Distributeur de mati\u00e8res premi\u00e8res en gros\",\"description\":\"Surowce dla przemys\u0142u spo\u017cywczego, kosmetycznego i farmaceutycznego\",\"publisher\":{\"@id\":\"https:\\\/\\\/naturalpoland.com\\\/fr\\\/#organization\"},\"potentialAction\":[{\"@type\":\"SearchAction\",\"target\":{\"@type\":\"EntryPoint\",\"urlTemplate\":\"https:\\\/\\\/naturalpoland.com\\\/fr\\\/?s={search_term_string}\"},\"query-input\":{\"@type\":\"PropertyValueSpecification\",\"valueRequired\":true,\"valueName\":\"search_term_string\"}}],\"inLanguage\":\"fr-FR\"},{\"@type\":\"Organization\",\"@id\":\"https:\\\/\\\/naturalpoland.com\\\/fr\\\/#organization\",\"name\":\"Natural Poland\",\"url\":\"https:\\\/\\\/naturalpoland.com\\\/fr\\\/\",\"logo\":{\"@type\":\"ImageObject\",\"inLanguage\":\"fr-FR\",\"@id\":\"https:\\\/\\\/naturalpoland.com\\\/fr\\\/#\\\/schema\\\/logo\\\/image\\\/\",\"url\":\"https:\\\/\\\/naturalpoland.com\\\/wp-content\\\/uploads\\\/2021\\\/05\\\/natural-poland-icon.png\",\"contentUrl\":\"https:\\\/\\\/naturalpoland.com\\\/wp-content\\\/uploads\\\/2021\\\/05\\\/natural-poland-icon.png\",\"width\":512,\"height\":512,\"caption\":\"Natural Poland\"},\"image\":{\"@id\":\"https:\\\/\\\/naturalpoland.com\\\/fr\\\/#\\\/schema\\\/logo\\\/image\\\/\"},\"sameAs\":[\"https:\\\/\\\/www.facebook.com\\\/naturalpoland.b2b\",\"https:\\\/\\\/pl.linkedin.com\\\/company\\\/natural-poland\",\"https:\\\/\\\/www.youtube.com\\\/channel\\\/UCgeGGkvOMahZo-xu_MSEWxg\"]}]}<\/script>\n<!-- \/ Yoast SEO plugin. -->","yoast_head_json":{"title":"Lactase EC 3.4.23.1 - Distributeur en gros","description":"La lactase est utilis\u00e9e pour cr\u00e9er des produits laitiers innovants, savoureux et sains qui r\u00e9pondent aux exigences des consommateurs modernes.","robots":{"index":"index","follow":"follow","max-snippet":"max-snippet:-1","max-image-preview":"max-image-preview:large","max-video-preview":"max-video-preview:-1"},"canonical":"https:\/\/naturalpoland.com\/fr\/produkty\/produits-pour-lindustrie-alimentaire\/enzymes-fr\/laitieres\/lactase\/","og_locale":"fr_FR","og_type":"article","og_title":"Lactase EC 3.4.23.1 - Distributeur en gros","og_description":"La lactase est utilis\u00e9e pour cr\u00e9er des produits laitiers innovants, savoureux et sains qui r\u00e9pondent aux exigences des consommateurs modernes.","og_url":"https:\/\/naturalpoland.com\/fr\/produkty\/produits-pour-lindustrie-alimentaire\/enzymes-fr\/laitieres\/lactase\/","og_site_name":"NATURAL POLAND - Distributeur de mati\u00e8res premi\u00e8res en gros","article_publisher":"https:\/\/www.facebook.com\/naturalpoland.b2b","og_image":[{"width":650,"height":650,"url":"https:\/\/naturalpoland.com\/wp-content\/uploads\/laktaza.jpg","type":"image\/jpeg"}],"schema":{"@context":"https:\/\/schema.org","@graph":[{"@type":"WebPage","@id":"https:\/\/naturalpoland.com\/fr\/produkty\/produits-pour-lindustrie-alimentaire\/enzymes-fr\/laitieres\/lactase\/","url":"https:\/\/naturalpoland.com\/fr\/produkty\/produits-pour-lindustrie-alimentaire\/enzymes-fr\/laitieres\/lactase\/","name":"Lactase EC 3.4.23.1 - Distributeur en gros","isPartOf":{"@id":"https:\/\/naturalpoland.com\/fr\/#website"},"primaryImageOfPage":{"@id":"https:\/\/naturalpoland.com\/fr\/produkty\/produits-pour-lindustrie-alimentaire\/enzymes-fr\/laitieres\/lactase\/#primaryimage"},"image":{"@id":"https:\/\/naturalpoland.com\/fr\/produkty\/produits-pour-lindustrie-alimentaire\/enzymes-fr\/laitieres\/lactase\/#primaryimage"},"thumbnailUrl":"https:\/\/naturalpoland.com\/wp-content\/uploads\/laktaza.jpg","datePublished":"2023-10-26T13:33:20+00:00","description":"La lactase est utilis\u00e9e pour cr\u00e9er des produits laitiers innovants, savoureux et sains qui r\u00e9pondent aux exigences des consommateurs modernes.","breadcrumb":{"@id":"https:\/\/naturalpoland.com\/fr\/produkty\/produits-pour-lindustrie-alimentaire\/enzymes-fr\/laitieres\/lactase\/#breadcrumb"},"inLanguage":"fr-FR","potentialAction":[{"@type":"ReadAction","target":["https:\/\/naturalpoland.com\/fr\/produkty\/produits-pour-lindustrie-alimentaire\/enzymes-fr\/laitieres\/lactase\/"]}]},{"@type":"ImageObject","inLanguage":"fr-FR","@id":"https:\/\/naturalpoland.com\/fr\/produkty\/produits-pour-lindustrie-alimentaire\/enzymes-fr\/laitieres\/lactase\/#primaryimage","url":"https:\/\/naturalpoland.com\/wp-content\/uploads\/laktaza.jpg","contentUrl":"https:\/\/naturalpoland.com\/wp-content\/uploads\/laktaza.jpg","width":650,"height":650,"caption":"laktaza"},{"@type":"BreadcrumbList","@id":"https:\/\/naturalpoland.com\/fr\/produkty\/produits-pour-lindustrie-alimentaire\/enzymes-fr\/laitieres\/lactase\/#breadcrumb","itemListElement":[{"@type":"ListItem","position":1,"name":"Accueil","item":"https:\/\/naturalpoland.com\/fr\/"},{"@type":"ListItem","position":2,"name":"Produits","item":"https:\/\/naturalpoland.com\/fr\/produits\/"},{"@type":"ListItem","position":3,"name":"Lactase EC 3.4.23.1"}]},{"@type":"WebSite","@id":"https:\/\/naturalpoland.com\/fr\/#website","url":"https:\/\/naturalpoland.com\/fr\/","name":"NATURAL POLAND - Distributeur de mati\u00e8res premi\u00e8res en gros","description":"Surowce dla przemys\u0142u spo\u017cywczego, kosmetycznego i farmaceutycznego","publisher":{"@id":"https:\/\/naturalpoland.com\/fr\/#organization"},"potentialAction":[{"@type":"SearchAction","target":{"@type":"EntryPoint","urlTemplate":"https:\/\/naturalpoland.com\/fr\/?s={search_term_string}"},"query-input":{"@type":"PropertyValueSpecification","valueRequired":true,"valueName":"search_term_string"}}],"inLanguage":"fr-FR"},{"@type":"Organization","@id":"https:\/\/naturalpoland.com\/fr\/#organization","name":"Natural Poland","url":"https:\/\/naturalpoland.com\/fr\/","logo":{"@type":"ImageObject","inLanguage":"fr-FR","@id":"https:\/\/naturalpoland.com\/fr\/#\/schema\/logo\/image\/","url":"https:\/\/naturalpoland.com\/wp-content\/uploads\/2021\/05\/natural-poland-icon.png","contentUrl":"https:\/\/naturalpoland.com\/wp-content\/uploads\/2021\/05\/natural-poland-icon.png","width":512,"height":512,"caption":"Natural Poland"},"image":{"@id":"https:\/\/naturalpoland.com\/fr\/#\/schema\/logo\/image\/"},"sameAs":["https:\/\/www.facebook.com\/naturalpoland.b2b","https:\/\/pl.linkedin.com\/company\/natural-poland","https:\/\/www.youtube.com\/channel\/UCgeGGkvOMahZo-xu_MSEWxg"]}]}},"_links":{"self":[{"href":"https:\/\/naturalpoland.com\/fr\/wp-json\/wp\/v2\/product\/27232","targetHints":{"allow":["GET"]}}],"collection":[{"href":"https:\/\/naturalpoland.com\/fr\/wp-json\/wp\/v2\/product"}],"about":[{"href":"https:\/\/naturalpoland.com\/fr\/wp-json\/wp\/v2\/types\/product"}],"wp:featuredmedia":[{"embeddable":true,"href":"https:\/\/naturalpoland.com\/fr\/wp-json\/wp\/v2\/media\/27467"}],"wp:attachment":[{"href":"https:\/\/naturalpoland.com\/fr\/wp-json\/wp\/v2\/media?parent=27232"}],"wp:term":[{"taxonomy":"product_brand","embeddable":true,"href":"https:\/\/naturalpoland.com\/fr\/wp-json\/wp\/v2\/product_brand?post=27232"},{"taxonomy":"product_cat","embeddable":true,"href":"https:\/\/naturalpoland.com\/fr\/wp-json\/wp\/v2\/product_cat?post=27232"},{"taxonomy":"product_tag","embeddable":true,"href":"https:\/\/naturalpoland.com\/fr\/wp-json\/wp\/v2\/product_tag?post=27232"}],"curies":[{"name":"wp","href":"https:\/\/api.w.org\/{rel}","templated":true}]}}