{"id":27260,"date":"2023-10-26T12:12:17","date_gmt":"2023-10-27T08:46:37","guid":{"rendered":"https:\/\/naturalpoland.com\/produkty\/non class\u00e9\/chymosine-ec-3-4-23-4\/"},"modified":"2023-10-27T10:46:37","modified_gmt":"2023-10-27T08:46:37","slug":"chymosine","status":"publish","type":"product","link":"https:\/\/naturalpoland.com\/fr\/produkty\/produits-pour-lindustrie-alimentaire\/enzymes-fr\/laitieres\/chymosine\/","title":{"rendered":"Chymosine EC 3.4.23.4"},"content":{"rendered":"<h3>Origines :<\/h3>\n<ul>\n<li><strong>Bact\u00e9ries :<\/strong> <em>Escherichia coli K-12<\/em><\/li>\n<li><strong>Champignons :<\/strong> <em>Aspergillus niger, Kluyveromyces lactis, Rhizomucor miehei<\/em><\/li>\n<\/ul>\n<h3>Action:<\/h3>\n<ul>\n<li><strong>Catalyse de d\u00e9composition :<\/strong> La chymosine catalyse la rupture des liaisons peptidiques des prot\u00e9ines, conduisant \u00e0 la formation de mol\u00e9cules plus petites.<\/li>\n<li><strong>Conversion de la cas\u00e9ine :<\/strong> cette enzyme est responsable du passage de la cas\u00e9ine du lait de la forme collo\u00efdale \u00e0 la forme de caill\u00e9, un processus cl\u00e9 dans la production de fromage.<\/li>\n<\/ul>\n<h3>Applications :<\/h3>\n<ul>\n<li><strong>Formation de la caillebotte :<\/strong> En utilisant la m\u00e9thode de la pr\u00e9sure, la chymosine acc\u00e9l\u00e8re le processus de formation de la caillebotte.<\/li>\n<li><strong>Clarification du lactos\u00e9rum :<\/strong> Participe \u00e0 la formation de l&rsquo;\u00e9mulsion claire qu&rsquo;est le lactos\u00e9rum et \u00e0 la formation du caill\u00e9 solide et enchev\u00eatr\u00e9.<\/li>\n<li>Affinage du fromage <strong>:<\/strong> son action prot\u00e9olytique est cruciale pendant l&rsquo;affinage du fromage, influen\u00e7ant son go\u00fbt, sa texture et ses propri\u00e9t\u00e9s.<\/li>\n<li><strong>Hydrolyse du lactos\u00e9rum :<\/strong> Un processus qui permet d&rsquo;utiliser le lactos\u00e9rum dans des produits m\u00e9dicaux.<\/li>\n<li><strong>Production de yaourt :<\/strong> La chymosine r\u00e9agit avec le lactose, ce qui lui permet de passer de l&rsquo;\u00e9tat liquide \u00e0 l&rsquo;\u00e9tat solide, ce qui est essentiel pour la production de yaourt.<\/li>\n<\/ul>\n<p>Gr\u00e2ce \u00e0 sa polyvalence et \u00e0 son efficacit\u00e9, la chymosine EC 3.4.23.4 est devenue une enzyme indispensable dans l&rsquo;industrie laiti\u00e8re, contribuant \u00e0 la production de produits laitiers de haute qualit\u00e9.<\/p>\n","protected":false},"excerpt":{"rendered":"<p>La <strong>chymosine<\/strong>, dont le symbole est <strong>EC 3.4.23.<\/strong>4, est une enzyme dot\u00e9e d&rsquo;une activit\u00e9 prot\u00e9olytique sp\u00e9cifique qui joue un r\u00f4le cl\u00e9 dans la transformation du lait. D\u00e9riv\u00e9 de bact\u00e9ries et de champignons, il est un outil indispensable dans de nombreux aspects de la technologie laiti\u00e8re.<\/p>\n","protected":false},"featured_media":27479,"template":"","meta":[],"product_brand":[],"product_cat":[2727],"product_tag":[],"class_list":{"0":"post-27260","1":"product","2":"type-product","3":"status-publish","4":"has-post-thumbnail","6":"product_cat-laitieres","8":"first","9":"instock","10":"shipping-taxable","11":"product-type-simple"},"yoast_head":"<!-- This site is optimized with the Yoast SEO plugin v27.3 - https:\/\/yoast.com\/product\/yoast-seo-wordpress\/ -->\n<title>Chymosine EC 3.4.23.4 - Distributeur en gros<\/title>\n<meta name=\"description\" content=\"La chymosine EC 3.4.23.4 est une enzyme indispensable dans l&#039;industrie laiti\u00e8re, contribuant \u00e0 la production de produits laitiers de haute qualit\u00e9.\" \/>\n<meta name=\"robots\" content=\"index, follow, max-snippet:-1, max-image-preview:large, max-video-preview:-1\" \/>\n<link rel=\"canonical\" href=\"https:\/\/naturalpoland.com\/fr\/produkty\/produits-pour-lindustrie-alimentaire\/enzymes-fr\/laitieres\/chymosine\/\" \/>\n<meta property=\"og:locale\" content=\"fr_FR\" \/>\n<meta property=\"og:type\" content=\"article\" \/>\n<meta property=\"og:title\" content=\"Chymosine EC 3.4.23.4 - Distributeur en gros\" \/>\n<meta property=\"og:description\" content=\"La chymosine EC 3.4.23.4 est une enzyme indispensable dans l&#039;industrie laiti\u00e8re, contribuant \u00e0 la production de produits laitiers de haute qualit\u00e9.\" \/>\n<meta property=\"og:url\" content=\"https:\/\/naturalpoland.com\/fr\/produkty\/produits-pour-lindustrie-alimentaire\/enzymes-fr\/laitieres\/chymosine\/\" \/>\n<meta property=\"og:site_name\" content=\"NATURAL POLAND - Distributeur de mati\u00e8res premi\u00e8res en gros\" \/>\n<meta property=\"article:publisher\" content=\"https:\/\/www.facebook.com\/naturalpoland.b2b\" \/>\n<meta property=\"og:image\" content=\"https:\/\/naturalpoland.com\/wp-content\/uploads\/chymozyna.jpg\" \/>\n\t<meta property=\"og:image:width\" content=\"650\" \/>\n\t<meta property=\"og:image:height\" content=\"650\" \/>\n\t<meta property=\"og:image:type\" content=\"image\/jpeg\" \/>\n<script type=\"application\/ld+json\" class=\"yoast-schema-graph\">{\"@context\":\"https:\\\/\\\/schema.org\",\"@graph\":[{\"@type\":\"WebPage\",\"@id\":\"https:\\\/\\\/naturalpoland.com\\\/fr\\\/produkty\\\/produits-pour-lindustrie-alimentaire\\\/enzymes-fr\\\/laitieres\\\/chymosine\\\/\",\"url\":\"https:\\\/\\\/naturalpoland.com\\\/fr\\\/produkty\\\/produits-pour-lindustrie-alimentaire\\\/enzymes-fr\\\/laitieres\\\/chymosine\\\/\",\"name\":\"Chymosine EC 3.4.23.4 - Distributeur en gros\",\"isPartOf\":{\"@id\":\"https:\\\/\\\/naturalpoland.com\\\/fr\\\/#website\"},\"primaryImageOfPage\":{\"@id\":\"https:\\\/\\\/naturalpoland.com\\\/fr\\\/produkty\\\/produits-pour-lindustrie-alimentaire\\\/enzymes-fr\\\/laitieres\\\/chymosine\\\/#primaryimage\"},\"image\":{\"@id\":\"https:\\\/\\\/naturalpoland.com\\\/fr\\\/produkty\\\/produits-pour-lindustrie-alimentaire\\\/enzymes-fr\\\/laitieres\\\/chymosine\\\/#primaryimage\"},\"thumbnailUrl\":\"https:\\\/\\\/naturalpoland.com\\\/wp-content\\\/uploads\\\/chymozyna.jpg\",\"datePublished\":\"2023-10-27T08:46:37+00:00\",\"description\":\"La chymosine EC 3.4.23.4 est une enzyme indispensable dans l'industrie laiti\u00e8re, contribuant \u00e0 la production de produits laitiers de haute qualit\u00e9.\",\"breadcrumb\":{\"@id\":\"https:\\\/\\\/naturalpoland.com\\\/fr\\\/produkty\\\/produits-pour-lindustrie-alimentaire\\\/enzymes-fr\\\/laitieres\\\/chymosine\\\/#breadcrumb\"},\"inLanguage\":\"fr-FR\",\"potentialAction\":[{\"@type\":\"ReadAction\",\"target\":[\"https:\\\/\\\/naturalpoland.com\\\/fr\\\/produkty\\\/produits-pour-lindustrie-alimentaire\\\/enzymes-fr\\\/laitieres\\\/chymosine\\\/\"]}]},{\"@type\":\"ImageObject\",\"inLanguage\":\"fr-FR\",\"@id\":\"https:\\\/\\\/naturalpoland.com\\\/fr\\\/produkty\\\/produits-pour-lindustrie-alimentaire\\\/enzymes-fr\\\/laitieres\\\/chymosine\\\/#primaryimage\",\"url\":\"https:\\\/\\\/naturalpoland.com\\\/wp-content\\\/uploads\\\/chymozyna.jpg\",\"contentUrl\":\"https:\\\/\\\/naturalpoland.com\\\/wp-content\\\/uploads\\\/chymozyna.jpg\",\"width\":650,\"height\":650,\"caption\":\"chymozyna\"},{\"@type\":\"BreadcrumbList\",\"@id\":\"https:\\\/\\\/naturalpoland.com\\\/fr\\\/produkty\\\/produits-pour-lindustrie-alimentaire\\\/enzymes-fr\\\/laitieres\\\/chymosine\\\/#breadcrumb\",\"itemListElement\":[{\"@type\":\"ListItem\",\"position\":1,\"name\":\"Accueil\",\"item\":\"https:\\\/\\\/naturalpoland.com\\\/fr\\\/\"},{\"@type\":\"ListItem\",\"position\":2,\"name\":\"Produits\",\"item\":\"https:\\\/\\\/naturalpoland.com\\\/fr\\\/produits\\\/\"},{\"@type\":\"ListItem\",\"position\":3,\"name\":\"Chymosine EC 3.4.23.4\"}]},{\"@type\":\"WebSite\",\"@id\":\"https:\\\/\\\/naturalpoland.com\\\/fr\\\/#website\",\"url\":\"https:\\\/\\\/naturalpoland.com\\\/fr\\\/\",\"name\":\"NATURAL POLAND - Distributeur de mati\u00e8res premi\u00e8res en gros\",\"description\":\"Surowce dla przemys\u0142u spo\u017cywczego, kosmetycznego i farmaceutycznego\",\"publisher\":{\"@id\":\"https:\\\/\\\/naturalpoland.com\\\/fr\\\/#organization\"},\"potentialAction\":[{\"@type\":\"SearchAction\",\"target\":{\"@type\":\"EntryPoint\",\"urlTemplate\":\"https:\\\/\\\/naturalpoland.com\\\/fr\\\/?s={search_term_string}\"},\"query-input\":{\"@type\":\"PropertyValueSpecification\",\"valueRequired\":true,\"valueName\":\"search_term_string\"}}],\"inLanguage\":\"fr-FR\"},{\"@type\":\"Organization\",\"@id\":\"https:\\\/\\\/naturalpoland.com\\\/fr\\\/#organization\",\"name\":\"Natural Poland\",\"url\":\"https:\\\/\\\/naturalpoland.com\\\/fr\\\/\",\"logo\":{\"@type\":\"ImageObject\",\"inLanguage\":\"fr-FR\",\"@id\":\"https:\\\/\\\/naturalpoland.com\\\/fr\\\/#\\\/schema\\\/logo\\\/image\\\/\",\"url\":\"https:\\\/\\\/naturalpoland.com\\\/wp-content\\\/uploads\\\/2021\\\/05\\\/natural-poland-icon.png\",\"contentUrl\":\"https:\\\/\\\/naturalpoland.com\\\/wp-content\\\/uploads\\\/2021\\\/05\\\/natural-poland-icon.png\",\"width\":512,\"height\":512,\"caption\":\"Natural Poland\"},\"image\":{\"@id\":\"https:\\\/\\\/naturalpoland.com\\\/fr\\\/#\\\/schema\\\/logo\\\/image\\\/\"},\"sameAs\":[\"https:\\\/\\\/www.facebook.com\\\/naturalpoland.b2b\",\"https:\\\/\\\/pl.linkedin.com\\\/company\\\/natural-poland\",\"https:\\\/\\\/www.youtube.com\\\/channel\\\/UCgeGGkvOMahZo-xu_MSEWxg\"]}]}<\/script>\n<!-- \/ Yoast SEO plugin. -->","yoast_head_json":{"title":"Chymosine EC 3.4.23.4 - Distributeur en gros","description":"La chymosine EC 3.4.23.4 est une enzyme indispensable dans l'industrie laiti\u00e8re, contribuant \u00e0 la production de produits laitiers de haute qualit\u00e9.","robots":{"index":"index","follow":"follow","max-snippet":"max-snippet:-1","max-image-preview":"max-image-preview:large","max-video-preview":"max-video-preview:-1"},"canonical":"https:\/\/naturalpoland.com\/fr\/produkty\/produits-pour-lindustrie-alimentaire\/enzymes-fr\/laitieres\/chymosine\/","og_locale":"fr_FR","og_type":"article","og_title":"Chymosine EC 3.4.23.4 - Distributeur en gros","og_description":"La chymosine EC 3.4.23.4 est une enzyme indispensable dans l'industrie laiti\u00e8re, contribuant \u00e0 la production de produits laitiers de haute qualit\u00e9.","og_url":"https:\/\/naturalpoland.com\/fr\/produkty\/produits-pour-lindustrie-alimentaire\/enzymes-fr\/laitieres\/chymosine\/","og_site_name":"NATURAL POLAND - Distributeur de mati\u00e8res premi\u00e8res en gros","article_publisher":"https:\/\/www.facebook.com\/naturalpoland.b2b","og_image":[{"width":650,"height":650,"url":"https:\/\/naturalpoland.com\/wp-content\/uploads\/chymozyna.jpg","type":"image\/jpeg"}],"schema":{"@context":"https:\/\/schema.org","@graph":[{"@type":"WebPage","@id":"https:\/\/naturalpoland.com\/fr\/produkty\/produits-pour-lindustrie-alimentaire\/enzymes-fr\/laitieres\/chymosine\/","url":"https:\/\/naturalpoland.com\/fr\/produkty\/produits-pour-lindustrie-alimentaire\/enzymes-fr\/laitieres\/chymosine\/","name":"Chymosine EC 3.4.23.4 - Distributeur en gros","isPartOf":{"@id":"https:\/\/naturalpoland.com\/fr\/#website"},"primaryImageOfPage":{"@id":"https:\/\/naturalpoland.com\/fr\/produkty\/produits-pour-lindustrie-alimentaire\/enzymes-fr\/laitieres\/chymosine\/#primaryimage"},"image":{"@id":"https:\/\/naturalpoland.com\/fr\/produkty\/produits-pour-lindustrie-alimentaire\/enzymes-fr\/laitieres\/chymosine\/#primaryimage"},"thumbnailUrl":"https:\/\/naturalpoland.com\/wp-content\/uploads\/chymozyna.jpg","datePublished":"2023-10-27T08:46:37+00:00","description":"La chymosine EC 3.4.23.4 est une enzyme indispensable dans l'industrie laiti\u00e8re, contribuant \u00e0 la production de produits laitiers de haute qualit\u00e9.","breadcrumb":{"@id":"https:\/\/naturalpoland.com\/fr\/produkty\/produits-pour-lindustrie-alimentaire\/enzymes-fr\/laitieres\/chymosine\/#breadcrumb"},"inLanguage":"fr-FR","potentialAction":[{"@type":"ReadAction","target":["https:\/\/naturalpoland.com\/fr\/produkty\/produits-pour-lindustrie-alimentaire\/enzymes-fr\/laitieres\/chymosine\/"]}]},{"@type":"ImageObject","inLanguage":"fr-FR","@id":"https:\/\/naturalpoland.com\/fr\/produkty\/produits-pour-lindustrie-alimentaire\/enzymes-fr\/laitieres\/chymosine\/#primaryimage","url":"https:\/\/naturalpoland.com\/wp-content\/uploads\/chymozyna.jpg","contentUrl":"https:\/\/naturalpoland.com\/wp-content\/uploads\/chymozyna.jpg","width":650,"height":650,"caption":"chymozyna"},{"@type":"BreadcrumbList","@id":"https:\/\/naturalpoland.com\/fr\/produkty\/produits-pour-lindustrie-alimentaire\/enzymes-fr\/laitieres\/chymosine\/#breadcrumb","itemListElement":[{"@type":"ListItem","position":1,"name":"Accueil","item":"https:\/\/naturalpoland.com\/fr\/"},{"@type":"ListItem","position":2,"name":"Produits","item":"https:\/\/naturalpoland.com\/fr\/produits\/"},{"@type":"ListItem","position":3,"name":"Chymosine EC 3.4.23.4"}]},{"@type":"WebSite","@id":"https:\/\/naturalpoland.com\/fr\/#website","url":"https:\/\/naturalpoland.com\/fr\/","name":"NATURAL POLAND - Distributeur de mati\u00e8res premi\u00e8res en gros","description":"Surowce dla przemys\u0142u spo\u017cywczego, kosmetycznego i farmaceutycznego","publisher":{"@id":"https:\/\/naturalpoland.com\/fr\/#organization"},"potentialAction":[{"@type":"SearchAction","target":{"@type":"EntryPoint","urlTemplate":"https:\/\/naturalpoland.com\/fr\/?s={search_term_string}"},"query-input":{"@type":"PropertyValueSpecification","valueRequired":true,"valueName":"search_term_string"}}],"inLanguage":"fr-FR"},{"@type":"Organization","@id":"https:\/\/naturalpoland.com\/fr\/#organization","name":"Natural Poland","url":"https:\/\/naturalpoland.com\/fr\/","logo":{"@type":"ImageObject","inLanguage":"fr-FR","@id":"https:\/\/naturalpoland.com\/fr\/#\/schema\/logo\/image\/","url":"https:\/\/naturalpoland.com\/wp-content\/uploads\/2021\/05\/natural-poland-icon.png","contentUrl":"https:\/\/naturalpoland.com\/wp-content\/uploads\/2021\/05\/natural-poland-icon.png","width":512,"height":512,"caption":"Natural Poland"},"image":{"@id":"https:\/\/naturalpoland.com\/fr\/#\/schema\/logo\/image\/"},"sameAs":["https:\/\/www.facebook.com\/naturalpoland.b2b","https:\/\/pl.linkedin.com\/company\/natural-poland","https:\/\/www.youtube.com\/channel\/UCgeGGkvOMahZo-xu_MSEWxg"]}]}},"_links":{"self":[{"href":"https:\/\/naturalpoland.com\/fr\/wp-json\/wp\/v2\/product\/27260","targetHints":{"allow":["GET"]}}],"collection":[{"href":"https:\/\/naturalpoland.com\/fr\/wp-json\/wp\/v2\/product"}],"about":[{"href":"https:\/\/naturalpoland.com\/fr\/wp-json\/wp\/v2\/types\/product"}],"wp:featuredmedia":[{"embeddable":true,"href":"https:\/\/naturalpoland.com\/fr\/wp-json\/wp\/v2\/media\/27479"}],"wp:attachment":[{"href":"https:\/\/naturalpoland.com\/fr\/wp-json\/wp\/v2\/media?parent=27260"}],"wp:term":[{"taxonomy":"product_brand","embeddable":true,"href":"https:\/\/naturalpoland.com\/fr\/wp-json\/wp\/v2\/product_brand?post=27260"},{"taxonomy":"product_cat","embeddable":true,"href":"https:\/\/naturalpoland.com\/fr\/wp-json\/wp\/v2\/product_cat?post=27260"},{"taxonomy":"product_tag","embeddable":true,"href":"https:\/\/naturalpoland.com\/fr\/wp-json\/wp\/v2\/product_tag?post=27260"}],"curies":[{"name":"wp","href":"https:\/\/api.w.org\/{rel}","templated":true}]}}