{"id":27583,"date":"2023-11-13T11:23:04","date_gmt":"2023-11-13T10:25:59","guid":{"rendered":"https:\/\/naturalpoland.com\/produkty\/non class\u00e9\/l-arginine-alpha-cetoglutarate\/"},"modified":"2023-11-13T11:25:59","modified_gmt":"2023-11-13T10:25:59","slug":"alpha-cetoglutarate-l-arginine","status":"publish","type":"product","link":"https:\/\/naturalpoland.com\/fr\/produkty\/produits-pour-les-industries-pharmaceutiques-et-medicales\/additifs-de-complements-alimentaires\/alpha-cetoglutarate-l-arginine\/","title":{"rendered":"L-arginine alpha-c\u00e9toglutarate"},"content":{"rendered":"<p>La L-arginine alpha-c\u00e9toglutarate est particuli\u00e8rement recommand\u00e9e aux sportifs, aux personnes qui s&rsquo;entra\u00eenent activement et \u00e0 celles qui souhaitent aider leur organisme \u00e0 maintenir une bonne condition physique. Ce produit est id\u00e9al pour ceux qui recherchent un soutien \u00e9nerg\u00e9tique complet et une am\u00e9lioration des performances.<\/p>\n<h3>Avantages de la L-arginine alpha-c\u00e9toglutarate<\/h3>\n<ol>\n<li><strong>Soutien \u00e0 la production d&rsquo;oxyde nitrique :<\/strong> La L-arginine est un pr\u00e9curseur de l&rsquo;oxyde nitrique, qui joue un r\u00f4le important dans la r\u00e9gulation du flux sanguin, le transport de l&rsquo;oxyg\u00e8ne et la fonction musculaire. Une suppl\u00e9mentation en L-arginine alpha-c\u00e9toglutarate favorise ce processus, ce qui peut conduire \u00e0 une am\u00e9lioration des performances et de la forme physique.<\/li>\n<li><strong>Efficacit\u00e9 \u00e9nerg\u00e9tique : l<\/strong> &lsquo;alpha-c\u00e9toglutarate, en tant que composant du cycle de Krebs, contribue \u00e0 l&rsquo;optimisation des processus \u00e9nerg\u00e9tiques dans l&rsquo;organisme, ce qui est particuli\u00e8rement important lors d&rsquo;exercices intensifs.<\/li>\n<li><strong>Am\u00e9lioration de la r\u00e9cup\u00e9ration et des performances musculaires :<\/strong> Gr\u00e2ce \u00e0 ses propri\u00e9t\u00e9s, la L-arginine alpha-c\u00e9toglutarate peut contribuer \u00e0 une r\u00e9cup\u00e9ration musculaire plus rapide et \u00e0 une meilleure nutrition des muscles, ce qui est crucial pour les athl\u00e8tes et les personnes physiquement actives.<\/li>\n<\/ol>\n<p>Le L-arginine alpha-c\u00e9toglutarate est un compl\u00e9ment tr\u00e8s avanc\u00e9 qui combine des ingr\u00e9dients cl\u00e9s pour optimiser le fonctionnement de l&rsquo;organisme. C&rsquo;est le choix id\u00e9al pour ceux qui veulent soutenir naturellement leurs capacit\u00e9s d&rsquo;entra\u00eenement et de r\u00e9cup\u00e9ration.<\/p>\n","protected":false},"excerpt":{"rendered":"<p>L-arginine alpha-c\u00e9toglutarate est un compl\u00e9ment alimentaire avanc\u00e9 qui combine deux substances cl\u00e9s : La L-arginine, un acide amin\u00e9 essentiel \u00e0 de nombreux processus de l&rsquo;organisme, et l&rsquo;alpha-c\u00e9toglutarate, un m\u00e9tabolite impliqu\u00e9 dans le cycle de Krebs qui est un \u00e9l\u00e9ment cl\u00e9 de la production d&rsquo;\u00e9nergie au niveau cellulaire.<\/p>\n","protected":false},"featured_media":27574,"template":"","meta":{"_acf_changed":false},"product_brand":[],"product_cat":[1300],"product_tag":[],"class_list":{"0":"post-27583","1":"product","2":"type-product","3":"status-publish","4":"has-post-thumbnail","6":"product_cat-additifs-de-complements-alimentaires","8":"first","9":"instock","10":"shipping-taxable","11":"product-type-simple"},"acf":[],"yoast_head":"<!-- This site is optimized with the Yoast SEO plugin v27.6 - https:\/\/yoast.com\/product\/yoast-seo-wordpress\/ -->\n<title>L-arginine alpha-c\u00e9toglutarate - Distributeur en gros<\/title>\n<meta name=\"description\" content=\"La L-arginine alpha-c\u00e9toglutarate est particuli\u00e8rement recommand\u00e9e pour les athl\u00e8tes, les personnes en formation active et les personnes soucieuses de leur forme physique.\" \/>\n<meta name=\"robots\" content=\"index, follow, max-snippet:-1, max-image-preview:large, max-video-preview:-1\" \/>\n<link rel=\"canonical\" href=\"https:\/\/naturalpoland.com\/fr\/produkty\/produits-pour-les-industries-pharmaceutiques-et-medicales\/additifs-de-complements-alimentaires\/alpha-cetoglutarate-l-arginine\/\" \/>\n<meta property=\"og:locale\" content=\"fr_FR\" \/>\n<meta property=\"og:type\" content=\"article\" \/>\n<meta property=\"og:title\" content=\"L-arginine alpha-c\u00e9toglutarate - Distributeur en gros\" \/>\n<meta property=\"og:description\" content=\"La L-arginine alpha-c\u00e9toglutarate est particuli\u00e8rement recommand\u00e9e pour les athl\u00e8tes, les personnes en formation active et les personnes soucieuses de leur forme physique.\" \/>\n<meta property=\"og:url\" content=\"https:\/\/naturalpoland.com\/fr\/produkty\/produits-pour-les-industries-pharmaceutiques-et-medicales\/additifs-de-complements-alimentaires\/alpha-cetoglutarate-l-arginine\/\" \/>\n<meta property=\"og:site_name\" content=\"NATURAL POLAND - Distributeur de mati\u00e8res premi\u00e8res en gros\" \/>\n<meta property=\"article:publisher\" content=\"https:\/\/www.facebook.com\/naturalpoland.b2b\" \/>\n<meta property=\"og:image\" content=\"https:\/\/naturalpoland.com\/wp-content\/uploads\/alfa-ketoglutaran-l-argininy.png\" \/>\n\t<meta property=\"og:image:width\" content=\"618\" \/>\n\t<meta property=\"og:image:height\" content=\"618\" \/>\n\t<meta property=\"og:image:type\" content=\"image\/png\" \/>\n<script type=\"application\/ld+json\" class=\"yoast-schema-graph\">{\"@context\":\"https:\\\/\\\/schema.org\",\"@graph\":[{\"@type\":\"WebPage\",\"@id\":\"https:\\\/\\\/naturalpoland.com\\\/fr\\\/produkty\\\/produits-pour-les-industries-pharmaceutiques-et-medicales\\\/additifs-de-complements-alimentaires\\\/alpha-cetoglutarate-l-arginine\\\/\",\"url\":\"https:\\\/\\\/naturalpoland.com\\\/fr\\\/produkty\\\/produits-pour-les-industries-pharmaceutiques-et-medicales\\\/additifs-de-complements-alimentaires\\\/alpha-cetoglutarate-l-arginine\\\/\",\"name\":\"L-arginine alpha-c\u00e9toglutarate - Distributeur en gros\",\"isPartOf\":{\"@id\":\"https:\\\/\\\/naturalpoland.com\\\/fr\\\/#website\"},\"primaryImageOfPage\":{\"@id\":\"https:\\\/\\\/naturalpoland.com\\\/fr\\\/produkty\\\/produits-pour-les-industries-pharmaceutiques-et-medicales\\\/additifs-de-complements-alimentaires\\\/alpha-cetoglutarate-l-arginine\\\/#primaryimage\"},\"image\":{\"@id\":\"https:\\\/\\\/naturalpoland.com\\\/fr\\\/produkty\\\/produits-pour-les-industries-pharmaceutiques-et-medicales\\\/additifs-de-complements-alimentaires\\\/alpha-cetoglutarate-l-arginine\\\/#primaryimage\"},\"thumbnailUrl\":\"https:\\\/\\\/naturalpoland.com\\\/wp-content\\\/uploads\\\/alfa-ketoglutaran-l-argininy.png\",\"datePublished\":\"2023-11-13T10:25:59+00:00\",\"description\":\"La L-arginine alpha-c\u00e9toglutarate est particuli\u00e8rement recommand\u00e9e pour les athl\u00e8tes, les personnes en formation active et les personnes soucieuses de leur forme physique.\",\"breadcrumb\":{\"@id\":\"https:\\\/\\\/naturalpoland.com\\\/fr\\\/produkty\\\/produits-pour-les-industries-pharmaceutiques-et-medicales\\\/additifs-de-complements-alimentaires\\\/alpha-cetoglutarate-l-arginine\\\/#breadcrumb\"},\"inLanguage\":\"fr-FR\",\"potentialAction\":[{\"@type\":\"ReadAction\",\"target\":[\"https:\\\/\\\/naturalpoland.com\\\/fr\\\/produkty\\\/produits-pour-les-industries-pharmaceutiques-et-medicales\\\/additifs-de-complements-alimentaires\\\/alpha-cetoglutarate-l-arginine\\\/\"]}]},{\"@type\":\"ImageObject\",\"inLanguage\":\"fr-FR\",\"@id\":\"https:\\\/\\\/naturalpoland.com\\\/fr\\\/produkty\\\/produits-pour-les-industries-pharmaceutiques-et-medicales\\\/additifs-de-complements-alimentaires\\\/alpha-cetoglutarate-l-arginine\\\/#primaryimage\",\"url\":\"https:\\\/\\\/naturalpoland.com\\\/wp-content\\\/uploads\\\/alfa-ketoglutaran-l-argininy.png\",\"contentUrl\":\"https:\\\/\\\/naturalpoland.com\\\/wp-content\\\/uploads\\\/alfa-ketoglutaran-l-argininy.png\",\"width\":618,\"height\":618,\"caption\":\"L-arginine alpha-c\u00e9toglutarate\"},{\"@type\":\"BreadcrumbList\",\"@id\":\"https:\\\/\\\/naturalpoland.com\\\/fr\\\/produkty\\\/produits-pour-les-industries-pharmaceutiques-et-medicales\\\/additifs-de-complements-alimentaires\\\/alpha-cetoglutarate-l-arginine\\\/#breadcrumb\",\"itemListElement\":[{\"@type\":\"ListItem\",\"position\":1,\"name\":\"Accueil\",\"item\":\"https:\\\/\\\/naturalpoland.com\\\/fr\\\/\"},{\"@type\":\"ListItem\",\"position\":2,\"name\":\"Produits\",\"item\":\"https:\\\/\\\/naturalpoland.com\\\/fr\\\/produits\\\/\"},{\"@type\":\"ListItem\",\"position\":3,\"name\":\"L-arginine alpha-c\u00e9toglutarate\"}]},{\"@type\":\"WebSite\",\"@id\":\"https:\\\/\\\/naturalpoland.com\\\/fr\\\/#website\",\"url\":\"https:\\\/\\\/naturalpoland.com\\\/fr\\\/\",\"name\":\"NATURAL POLAND - Distributeur de mati\u00e8res premi\u00e8res en gros\",\"description\":\"Surowce dla przemys\u0142u spo\u017cywczego, kosmetycznego i farmaceutycznego\",\"publisher\":{\"@id\":\"https:\\\/\\\/naturalpoland.com\\\/fr\\\/#organization\"},\"potentialAction\":[{\"@type\":\"SearchAction\",\"target\":{\"@type\":\"EntryPoint\",\"urlTemplate\":\"https:\\\/\\\/naturalpoland.com\\\/fr\\\/?s={search_term_string}\"},\"query-input\":{\"@type\":\"PropertyValueSpecification\",\"valueRequired\":true,\"valueName\":\"search_term_string\"}}],\"inLanguage\":\"fr-FR\"},{\"@type\":\"Organization\",\"@id\":\"https:\\\/\\\/naturalpoland.com\\\/fr\\\/#organization\",\"name\":\"Natural Poland\",\"url\":\"https:\\\/\\\/naturalpoland.com\\\/fr\\\/\",\"logo\":{\"@type\":\"ImageObject\",\"inLanguage\":\"fr-FR\",\"@id\":\"https:\\\/\\\/naturalpoland.com\\\/fr\\\/#\\\/schema\\\/logo\\\/image\\\/\",\"url\":\"https:\\\/\\\/naturalpoland.com\\\/wp-content\\\/uploads\\\/2021\\\/05\\\/natural-poland-icon.png\",\"contentUrl\":\"https:\\\/\\\/naturalpoland.com\\\/wp-content\\\/uploads\\\/2021\\\/05\\\/natural-poland-icon.png\",\"width\":512,\"height\":512,\"caption\":\"Natural Poland\"},\"image\":{\"@id\":\"https:\\\/\\\/naturalpoland.com\\\/fr\\\/#\\\/schema\\\/logo\\\/image\\\/\"},\"sameAs\":[\"https:\\\/\\\/www.facebook.com\\\/naturalpoland.b2b\",\"https:\\\/\\\/pl.linkedin.com\\\/company\\\/natural-poland\",\"https:\\\/\\\/www.youtube.com\\\/channel\\\/UCgeGGkvOMahZo-xu_MSEWxg\"]}]}<\/script>\n<!-- \/ Yoast SEO plugin. -->","yoast_head_json":{"title":"L-arginine alpha-c\u00e9toglutarate - Distributeur en gros","description":"La L-arginine alpha-c\u00e9toglutarate est particuli\u00e8rement recommand\u00e9e pour les athl\u00e8tes, les personnes en formation active et les personnes soucieuses de leur forme physique.","robots":{"index":"index","follow":"follow","max-snippet":"max-snippet:-1","max-image-preview":"max-image-preview:large","max-video-preview":"max-video-preview:-1"},"canonical":"https:\/\/naturalpoland.com\/fr\/produkty\/produits-pour-les-industries-pharmaceutiques-et-medicales\/additifs-de-complements-alimentaires\/alpha-cetoglutarate-l-arginine\/","og_locale":"fr_FR","og_type":"article","og_title":"L-arginine alpha-c\u00e9toglutarate - Distributeur en gros","og_description":"La L-arginine alpha-c\u00e9toglutarate est particuli\u00e8rement recommand\u00e9e pour les athl\u00e8tes, les personnes en formation active et les personnes soucieuses de leur forme physique.","og_url":"https:\/\/naturalpoland.com\/fr\/produkty\/produits-pour-les-industries-pharmaceutiques-et-medicales\/additifs-de-complements-alimentaires\/alpha-cetoglutarate-l-arginine\/","og_site_name":"NATURAL POLAND - Distributeur de mati\u00e8res premi\u00e8res en gros","article_publisher":"https:\/\/www.facebook.com\/naturalpoland.b2b","og_image":[{"width":618,"height":618,"url":"https:\/\/naturalpoland.com\/wp-content\/uploads\/alfa-ketoglutaran-l-argininy.png","type":"image\/png"}],"schema":{"@context":"https:\/\/schema.org","@graph":[{"@type":"WebPage","@id":"https:\/\/naturalpoland.com\/fr\/produkty\/produits-pour-les-industries-pharmaceutiques-et-medicales\/additifs-de-complements-alimentaires\/alpha-cetoglutarate-l-arginine\/","url":"https:\/\/naturalpoland.com\/fr\/produkty\/produits-pour-les-industries-pharmaceutiques-et-medicales\/additifs-de-complements-alimentaires\/alpha-cetoglutarate-l-arginine\/","name":"L-arginine alpha-c\u00e9toglutarate - Distributeur en gros","isPartOf":{"@id":"https:\/\/naturalpoland.com\/fr\/#website"},"primaryImageOfPage":{"@id":"https:\/\/naturalpoland.com\/fr\/produkty\/produits-pour-les-industries-pharmaceutiques-et-medicales\/additifs-de-complements-alimentaires\/alpha-cetoglutarate-l-arginine\/#primaryimage"},"image":{"@id":"https:\/\/naturalpoland.com\/fr\/produkty\/produits-pour-les-industries-pharmaceutiques-et-medicales\/additifs-de-complements-alimentaires\/alpha-cetoglutarate-l-arginine\/#primaryimage"},"thumbnailUrl":"https:\/\/naturalpoland.com\/wp-content\/uploads\/alfa-ketoglutaran-l-argininy.png","datePublished":"2023-11-13T10:25:59+00:00","description":"La L-arginine alpha-c\u00e9toglutarate est particuli\u00e8rement recommand\u00e9e pour les athl\u00e8tes, les personnes en formation active et les personnes soucieuses de leur forme physique.","breadcrumb":{"@id":"https:\/\/naturalpoland.com\/fr\/produkty\/produits-pour-les-industries-pharmaceutiques-et-medicales\/additifs-de-complements-alimentaires\/alpha-cetoglutarate-l-arginine\/#breadcrumb"},"inLanguage":"fr-FR","potentialAction":[{"@type":"ReadAction","target":["https:\/\/naturalpoland.com\/fr\/produkty\/produits-pour-les-industries-pharmaceutiques-et-medicales\/additifs-de-complements-alimentaires\/alpha-cetoglutarate-l-arginine\/"]}]},{"@type":"ImageObject","inLanguage":"fr-FR","@id":"https:\/\/naturalpoland.com\/fr\/produkty\/produits-pour-les-industries-pharmaceutiques-et-medicales\/additifs-de-complements-alimentaires\/alpha-cetoglutarate-l-arginine\/#primaryimage","url":"https:\/\/naturalpoland.com\/wp-content\/uploads\/alfa-ketoglutaran-l-argininy.png","contentUrl":"https:\/\/naturalpoland.com\/wp-content\/uploads\/alfa-ketoglutaran-l-argininy.png","width":618,"height":618,"caption":"L-arginine alpha-c\u00e9toglutarate"},{"@type":"BreadcrumbList","@id":"https:\/\/naturalpoland.com\/fr\/produkty\/produits-pour-les-industries-pharmaceutiques-et-medicales\/additifs-de-complements-alimentaires\/alpha-cetoglutarate-l-arginine\/#breadcrumb","itemListElement":[{"@type":"ListItem","position":1,"name":"Accueil","item":"https:\/\/naturalpoland.com\/fr\/"},{"@type":"ListItem","position":2,"name":"Produits","item":"https:\/\/naturalpoland.com\/fr\/produits\/"},{"@type":"ListItem","position":3,"name":"L-arginine alpha-c\u00e9toglutarate"}]},{"@type":"WebSite","@id":"https:\/\/naturalpoland.com\/fr\/#website","url":"https:\/\/naturalpoland.com\/fr\/","name":"NATURAL POLAND - Distributeur de mati\u00e8res premi\u00e8res en gros","description":"Surowce dla przemys\u0142u spo\u017cywczego, kosmetycznego i farmaceutycznego","publisher":{"@id":"https:\/\/naturalpoland.com\/fr\/#organization"},"potentialAction":[{"@type":"SearchAction","target":{"@type":"EntryPoint","urlTemplate":"https:\/\/naturalpoland.com\/fr\/?s={search_term_string}"},"query-input":{"@type":"PropertyValueSpecification","valueRequired":true,"valueName":"search_term_string"}}],"inLanguage":"fr-FR"},{"@type":"Organization","@id":"https:\/\/naturalpoland.com\/fr\/#organization","name":"Natural Poland","url":"https:\/\/naturalpoland.com\/fr\/","logo":{"@type":"ImageObject","inLanguage":"fr-FR","@id":"https:\/\/naturalpoland.com\/fr\/#\/schema\/logo\/image\/","url":"https:\/\/naturalpoland.com\/wp-content\/uploads\/2021\/05\/natural-poland-icon.png","contentUrl":"https:\/\/naturalpoland.com\/wp-content\/uploads\/2021\/05\/natural-poland-icon.png","width":512,"height":512,"caption":"Natural Poland"},"image":{"@id":"https:\/\/naturalpoland.com\/fr\/#\/schema\/logo\/image\/"},"sameAs":["https:\/\/www.facebook.com\/naturalpoland.b2b","https:\/\/pl.linkedin.com\/company\/natural-poland","https:\/\/www.youtube.com\/channel\/UCgeGGkvOMahZo-xu_MSEWxg"]}]}},"_links":{"self":[{"href":"https:\/\/naturalpoland.com\/fr\/wp-json\/wp\/v2\/product\/27583","targetHints":{"allow":["GET"]}}],"collection":[{"href":"https:\/\/naturalpoland.com\/fr\/wp-json\/wp\/v2\/product"}],"about":[{"href":"https:\/\/naturalpoland.com\/fr\/wp-json\/wp\/v2\/types\/product"}],"wp:featuredmedia":[{"embeddable":true,"href":"https:\/\/naturalpoland.com\/fr\/wp-json\/wp\/v2\/media\/27574"}],"wp:attachment":[{"href":"https:\/\/naturalpoland.com\/fr\/wp-json\/wp\/v2\/media?parent=27583"}],"wp:term":[{"taxonomy":"product_brand","embeddable":true,"href":"https:\/\/naturalpoland.com\/fr\/wp-json\/wp\/v2\/product_brand?post=27583"},{"taxonomy":"product_cat","embeddable":true,"href":"https:\/\/naturalpoland.com\/fr\/wp-json\/wp\/v2\/product_cat?post=27583"},{"taxonomy":"product_tag","embeddable":true,"href":"https:\/\/naturalpoland.com\/fr\/wp-json\/wp\/v2\/product_tag?post=27583"}],"curies":[{"name":"wp","href":"https:\/\/api.w.org\/{rel}","templated":true}]}}