{"id":29961,"date":"2024-01-16T16:18:33","date_gmt":"2024-01-26T10:47:25","guid":{"rendered":"https:\/\/naturalpoland.com\/produkty\/non class\u00e9\/acetyl-dipeptide-1-ester-cetylique\/"},"modified":"2024-01-26T11:47:25","modified_gmt":"2024-01-26T10:47:25","slug":"acetyl-dipeptide-1-ester-cetylique","status":"publish","type":"product","link":"https:\/\/naturalpoland.com\/fr\/produkty\/produits-pour-lindustrie-cosmetique\/peptides-fr\/acetyl-dipeptide-1-ester-cetylique\/","title":{"rendered":"Ac\u00e9tyl dipeptide-1 ester c\u00e9tylique"},"content":{"rendered":"<h2>M\u00e9canisme d&rsquo;action :<\/h2>\n<p>L&rsquo;ac\u00e9tyl dipeptide-1 cetyl ester imite la structure de la \u03b2-endorphine, ce qui lui permet d&rsquo;att\u00e9nuer la stimulation et d&rsquo;inhiber la lib\u00e9ration de CGPR, r\u00e9duisant ainsi la synth\u00e8se des facteurs inflammatoires et soulageant l&rsquo;inflammation et la sensation de br\u00fblure de la peau. Sa structure lipidique unique fournit \u00e0 la peau des graisses essentielles, r\u00e9duit l&rsquo;\u00e9vaporation de l&rsquo;eau et rend la peau douce et \u00e9clatante. Ce peptide est capable de p\u00e9n\u00e9trer facilement la couche corn\u00e9e et d&rsquo;atteindre les couches profondes de la peau pour y agir efficacement.<\/p>\n<h2>Application :<\/h2>\n<p>L&rsquo;ac\u00e9tyl dipeptide-1 cetyl ester est largement utilis\u00e9 dans les produits cosm\u00e9tiques, notamment les s\u00e9rums, les cr\u00e8mes pour les yeux, les masques pour le visage et les cr\u00e8mes hydratantes.  <strong>Ses effets comprennent l&rsquo;anti-inflammation, l&rsquo;action anti-irritante, l&rsquo;apaisement des irritations, la r\u00e9g\u00e9n\u00e9ration de la peau et l&rsquo;am\u00e9lioration de son \u00e9tat g\u00e9n\u00e9ral.<\/strong><\/p>\n<p>La concentration recommand\u00e9e de l&rsquo;additif dans les produits cosm\u00e9tiques est comprise entre 0,01% et 0,025%. Cet ingr\u00e9dient est particuli\u00e8rement recommand\u00e9 pour les produits destin\u00e9s aux peaux sensibles, irrit\u00e9es et ayant besoin d&rsquo;une r\u00e9g\u00e9n\u00e9ration et d&rsquo;une hydratation intensives.<\/p>\n","protected":false},"excerpt":{"rendered":"<p>L&rsquo;ac\u00e9tyl dipeptide-1 cetyl ester est un ingr\u00e9dient actif avanc\u00e9 utilis\u00e9 en cosm\u00e9tologie, d&rsquo;une puret\u00e9 \u226598% et produit par fermentation biologique. Gr\u00e2ce \u00e0 ses propri\u00e9t\u00e9s uniques, ce peptide am\u00e9liore consid\u00e9rablement l&rsquo;\u00e9tat de la peau et offre de nombreux avantages en mati\u00e8re de soins et de r\u00e9g\u00e9n\u00e9ration.<\/p>\n","protected":false},"featured_media":29535,"template":"","meta":[],"product_brand":[],"product_cat":[2491],"product_tag":[],"class_list":{"0":"post-29961","1":"product","2":"type-product","3":"status-publish","4":"has-post-thumbnail","6":"product_cat-peptides-fr","7":"pa_metoda-pozyskiwania-fermentation-biologique","9":"first","10":"instock","11":"shipping-taxable","12":"product-type-simple"},"yoast_head":"<!-- This site is optimized with the Yoast SEO plugin v27.3 - https:\/\/yoast.com\/product\/yoast-seo-wordpress\/ -->\n<title>Ac\u00e9tyl dipeptide-1 ester c\u00e9tylique - Distributeur en gros<\/title>\n<meta name=\"description\" content=\"L&#039;ac\u00e9tyl dipeptide-1 cetyl ester am\u00e9liore de mani\u00e8re significative l&#039;\u00e9tat de la peau et offre de nombreux avantages en mati\u00e8re de soin et de r\u00e9g\u00e9n\u00e9ration de la peau.\" \/>\n<meta name=\"robots\" content=\"index, follow, max-snippet:-1, max-image-preview:large, max-video-preview:-1\" \/>\n<link rel=\"canonical\" href=\"https:\/\/naturalpoland.com\/fr\/produkty\/produits-pour-lindustrie-cosmetique\/peptides-fr\/acetyl-dipeptide-1-ester-cetylique\/\" \/>\n<meta property=\"og:locale\" content=\"fr_FR\" \/>\n<meta property=\"og:type\" content=\"article\" \/>\n<meta property=\"og:title\" content=\"Ac\u00e9tyl dipeptide-1 ester c\u00e9tylique - Distributeur en gros\" \/>\n<meta property=\"og:description\" content=\"L&#039;ac\u00e9tyl dipeptide-1 cetyl ester am\u00e9liore de mani\u00e8re significative l&#039;\u00e9tat de la peau et offre de nombreux avantages en mati\u00e8re de soin et de r\u00e9g\u00e9n\u00e9ration de la peau.\" \/>\n<meta property=\"og:url\" content=\"https:\/\/naturalpoland.com\/fr\/produkty\/produits-pour-lindustrie-cosmetique\/peptides-fr\/acetyl-dipeptide-1-ester-cetylique\/\" \/>\n<meta property=\"og:site_name\" content=\"NATURAL POLAND - Distributeur de mati\u00e8res premi\u00e8res en gros\" \/>\n<meta property=\"article:publisher\" content=\"https:\/\/www.facebook.com\/naturalpoland.b2b\" \/>\n<meta property=\"og:image\" content=\"https:\/\/naturalpoland.com\/wp-content\/uploads\/acetyl_dipeptide-1_cetyl_ester.webp\" \/>\n\t<meta property=\"og:image:width\" content=\"618\" \/>\n\t<meta property=\"og:image:height\" content=\"618\" \/>\n\t<meta property=\"og:image:type\" content=\"image\/webp\" \/>\n<script type=\"application\/ld+json\" class=\"yoast-schema-graph\">{\"@context\":\"https:\\\/\\\/schema.org\",\"@graph\":[{\"@type\":\"WebPage\",\"@id\":\"https:\\\/\\\/naturalpoland.com\\\/fr\\\/produkty\\\/produits-pour-lindustrie-cosmetique\\\/peptides-fr\\\/acetyl-dipeptide-1-ester-cetylique\\\/\",\"url\":\"https:\\\/\\\/naturalpoland.com\\\/fr\\\/produkty\\\/produits-pour-lindustrie-cosmetique\\\/peptides-fr\\\/acetyl-dipeptide-1-ester-cetylique\\\/\",\"name\":\"Ac\u00e9tyl dipeptide-1 ester c\u00e9tylique - Distributeur en gros\",\"isPartOf\":{\"@id\":\"https:\\\/\\\/naturalpoland.com\\\/fr\\\/#website\"},\"primaryImageOfPage\":{\"@id\":\"https:\\\/\\\/naturalpoland.com\\\/fr\\\/produkty\\\/produits-pour-lindustrie-cosmetique\\\/peptides-fr\\\/acetyl-dipeptide-1-ester-cetylique\\\/#primaryimage\"},\"image\":{\"@id\":\"https:\\\/\\\/naturalpoland.com\\\/fr\\\/produkty\\\/produits-pour-lindustrie-cosmetique\\\/peptides-fr\\\/acetyl-dipeptide-1-ester-cetylique\\\/#primaryimage\"},\"thumbnailUrl\":\"https:\\\/\\\/naturalpoland.com\\\/wp-content\\\/uploads\\\/acetyl_dipeptide-1_cetyl_ester.webp\",\"datePublished\":\"2024-01-26T10:47:25+00:00\",\"description\":\"L'ac\u00e9tyl dipeptide-1 cetyl ester am\u00e9liore de mani\u00e8re significative l'\u00e9tat de la peau et offre de nombreux avantages en mati\u00e8re de soin et de r\u00e9g\u00e9n\u00e9ration de la peau.\",\"breadcrumb\":{\"@id\":\"https:\\\/\\\/naturalpoland.com\\\/fr\\\/produkty\\\/produits-pour-lindustrie-cosmetique\\\/peptides-fr\\\/acetyl-dipeptide-1-ester-cetylique\\\/#breadcrumb\"},\"inLanguage\":\"fr-FR\",\"potentialAction\":[{\"@type\":\"ReadAction\",\"target\":[\"https:\\\/\\\/naturalpoland.com\\\/fr\\\/produkty\\\/produits-pour-lindustrie-cosmetique\\\/peptides-fr\\\/acetyl-dipeptide-1-ester-cetylique\\\/\"]}]},{\"@type\":\"ImageObject\",\"inLanguage\":\"fr-FR\",\"@id\":\"https:\\\/\\\/naturalpoland.com\\\/fr\\\/produkty\\\/produits-pour-lindustrie-cosmetique\\\/peptides-fr\\\/acetyl-dipeptide-1-ester-cetylique\\\/#primaryimage\",\"url\":\"https:\\\/\\\/naturalpoland.com\\\/wp-content\\\/uploads\\\/acetyl_dipeptide-1_cetyl_ester.webp\",\"contentUrl\":\"https:\\\/\\\/naturalpoland.com\\\/wp-content\\\/uploads\\\/acetyl_dipeptide-1_cetyl_ester.webp\",\"width\":618,\"height\":618,\"caption\":\"Acetyl dipeptyd-1 cetylowy ester\"},{\"@type\":\"BreadcrumbList\",\"@id\":\"https:\\\/\\\/naturalpoland.com\\\/fr\\\/produkty\\\/produits-pour-lindustrie-cosmetique\\\/peptides-fr\\\/acetyl-dipeptide-1-ester-cetylique\\\/#breadcrumb\",\"itemListElement\":[{\"@type\":\"ListItem\",\"position\":1,\"name\":\"Accueil\",\"item\":\"https:\\\/\\\/naturalpoland.com\\\/fr\\\/\"},{\"@type\":\"ListItem\",\"position\":2,\"name\":\"Produits\",\"item\":\"https:\\\/\\\/naturalpoland.com\\\/fr\\\/produits\\\/\"},{\"@type\":\"ListItem\",\"position\":3,\"name\":\"Ac\u00e9tyl dipeptide-1 ester c\u00e9tylique\"}]},{\"@type\":\"WebSite\",\"@id\":\"https:\\\/\\\/naturalpoland.com\\\/fr\\\/#website\",\"url\":\"https:\\\/\\\/naturalpoland.com\\\/fr\\\/\",\"name\":\"NATURAL POLAND - Distributeur de mati\u00e8res premi\u00e8res en gros\",\"description\":\"Surowce dla przemys\u0142u spo\u017cywczego, kosmetycznego i farmaceutycznego\",\"publisher\":{\"@id\":\"https:\\\/\\\/naturalpoland.com\\\/fr\\\/#organization\"},\"potentialAction\":[{\"@type\":\"SearchAction\",\"target\":{\"@type\":\"EntryPoint\",\"urlTemplate\":\"https:\\\/\\\/naturalpoland.com\\\/fr\\\/?s={search_term_string}\"},\"query-input\":{\"@type\":\"PropertyValueSpecification\",\"valueRequired\":true,\"valueName\":\"search_term_string\"}}],\"inLanguage\":\"fr-FR\"},{\"@type\":\"Organization\",\"@id\":\"https:\\\/\\\/naturalpoland.com\\\/fr\\\/#organization\",\"name\":\"Natural Poland\",\"url\":\"https:\\\/\\\/naturalpoland.com\\\/fr\\\/\",\"logo\":{\"@type\":\"ImageObject\",\"inLanguage\":\"fr-FR\",\"@id\":\"https:\\\/\\\/naturalpoland.com\\\/fr\\\/#\\\/schema\\\/logo\\\/image\\\/\",\"url\":\"https:\\\/\\\/naturalpoland.com\\\/wp-content\\\/uploads\\\/2021\\\/05\\\/natural-poland-icon.png\",\"contentUrl\":\"https:\\\/\\\/naturalpoland.com\\\/wp-content\\\/uploads\\\/2021\\\/05\\\/natural-poland-icon.png\",\"width\":512,\"height\":512,\"caption\":\"Natural Poland\"},\"image\":{\"@id\":\"https:\\\/\\\/naturalpoland.com\\\/fr\\\/#\\\/schema\\\/logo\\\/image\\\/\"},\"sameAs\":[\"https:\\\/\\\/www.facebook.com\\\/naturalpoland.b2b\",\"https:\\\/\\\/pl.linkedin.com\\\/company\\\/natural-poland\",\"https:\\\/\\\/www.youtube.com\\\/channel\\\/UCgeGGkvOMahZo-xu_MSEWxg\"]}]}<\/script>\n<!-- \/ Yoast SEO plugin. -->","yoast_head_json":{"title":"Ac\u00e9tyl dipeptide-1 ester c\u00e9tylique - Distributeur en gros","description":"L'ac\u00e9tyl dipeptide-1 cetyl ester am\u00e9liore de mani\u00e8re significative l'\u00e9tat de la peau et offre de nombreux avantages en mati\u00e8re de soin et de r\u00e9g\u00e9n\u00e9ration de la peau.","robots":{"index":"index","follow":"follow","max-snippet":"max-snippet:-1","max-image-preview":"max-image-preview:large","max-video-preview":"max-video-preview:-1"},"canonical":"https:\/\/naturalpoland.com\/fr\/produkty\/produits-pour-lindustrie-cosmetique\/peptides-fr\/acetyl-dipeptide-1-ester-cetylique\/","og_locale":"fr_FR","og_type":"article","og_title":"Ac\u00e9tyl dipeptide-1 ester c\u00e9tylique - Distributeur en gros","og_description":"L'ac\u00e9tyl dipeptide-1 cetyl ester am\u00e9liore de mani\u00e8re significative l'\u00e9tat de la peau et offre de nombreux avantages en mati\u00e8re de soin et de r\u00e9g\u00e9n\u00e9ration de la peau.","og_url":"https:\/\/naturalpoland.com\/fr\/produkty\/produits-pour-lindustrie-cosmetique\/peptides-fr\/acetyl-dipeptide-1-ester-cetylique\/","og_site_name":"NATURAL POLAND - Distributeur de mati\u00e8res premi\u00e8res en gros","article_publisher":"https:\/\/www.facebook.com\/naturalpoland.b2b","og_image":[{"width":618,"height":618,"url":"https:\/\/naturalpoland.com\/wp-content\/uploads\/acetyl_dipeptide-1_cetyl_ester.webp","type":"image\/webp"}],"schema":{"@context":"https:\/\/schema.org","@graph":[{"@type":"WebPage","@id":"https:\/\/naturalpoland.com\/fr\/produkty\/produits-pour-lindustrie-cosmetique\/peptides-fr\/acetyl-dipeptide-1-ester-cetylique\/","url":"https:\/\/naturalpoland.com\/fr\/produkty\/produits-pour-lindustrie-cosmetique\/peptides-fr\/acetyl-dipeptide-1-ester-cetylique\/","name":"Ac\u00e9tyl dipeptide-1 ester c\u00e9tylique - Distributeur en gros","isPartOf":{"@id":"https:\/\/naturalpoland.com\/fr\/#website"},"primaryImageOfPage":{"@id":"https:\/\/naturalpoland.com\/fr\/produkty\/produits-pour-lindustrie-cosmetique\/peptides-fr\/acetyl-dipeptide-1-ester-cetylique\/#primaryimage"},"image":{"@id":"https:\/\/naturalpoland.com\/fr\/produkty\/produits-pour-lindustrie-cosmetique\/peptides-fr\/acetyl-dipeptide-1-ester-cetylique\/#primaryimage"},"thumbnailUrl":"https:\/\/naturalpoland.com\/wp-content\/uploads\/acetyl_dipeptide-1_cetyl_ester.webp","datePublished":"2024-01-26T10:47:25+00:00","description":"L'ac\u00e9tyl dipeptide-1 cetyl ester am\u00e9liore de mani\u00e8re significative l'\u00e9tat de la peau et offre de nombreux avantages en mati\u00e8re de soin et de r\u00e9g\u00e9n\u00e9ration de la peau.","breadcrumb":{"@id":"https:\/\/naturalpoland.com\/fr\/produkty\/produits-pour-lindustrie-cosmetique\/peptides-fr\/acetyl-dipeptide-1-ester-cetylique\/#breadcrumb"},"inLanguage":"fr-FR","potentialAction":[{"@type":"ReadAction","target":["https:\/\/naturalpoland.com\/fr\/produkty\/produits-pour-lindustrie-cosmetique\/peptides-fr\/acetyl-dipeptide-1-ester-cetylique\/"]}]},{"@type":"ImageObject","inLanguage":"fr-FR","@id":"https:\/\/naturalpoland.com\/fr\/produkty\/produits-pour-lindustrie-cosmetique\/peptides-fr\/acetyl-dipeptide-1-ester-cetylique\/#primaryimage","url":"https:\/\/naturalpoland.com\/wp-content\/uploads\/acetyl_dipeptide-1_cetyl_ester.webp","contentUrl":"https:\/\/naturalpoland.com\/wp-content\/uploads\/acetyl_dipeptide-1_cetyl_ester.webp","width":618,"height":618,"caption":"Acetyl dipeptyd-1 cetylowy ester"},{"@type":"BreadcrumbList","@id":"https:\/\/naturalpoland.com\/fr\/produkty\/produits-pour-lindustrie-cosmetique\/peptides-fr\/acetyl-dipeptide-1-ester-cetylique\/#breadcrumb","itemListElement":[{"@type":"ListItem","position":1,"name":"Accueil","item":"https:\/\/naturalpoland.com\/fr\/"},{"@type":"ListItem","position":2,"name":"Produits","item":"https:\/\/naturalpoland.com\/fr\/produits\/"},{"@type":"ListItem","position":3,"name":"Ac\u00e9tyl dipeptide-1 ester c\u00e9tylique"}]},{"@type":"WebSite","@id":"https:\/\/naturalpoland.com\/fr\/#website","url":"https:\/\/naturalpoland.com\/fr\/","name":"NATURAL POLAND - Distributeur de mati\u00e8res premi\u00e8res en gros","description":"Surowce dla przemys\u0142u spo\u017cywczego, kosmetycznego i farmaceutycznego","publisher":{"@id":"https:\/\/naturalpoland.com\/fr\/#organization"},"potentialAction":[{"@type":"SearchAction","target":{"@type":"EntryPoint","urlTemplate":"https:\/\/naturalpoland.com\/fr\/?s={search_term_string}"},"query-input":{"@type":"PropertyValueSpecification","valueRequired":true,"valueName":"search_term_string"}}],"inLanguage":"fr-FR"},{"@type":"Organization","@id":"https:\/\/naturalpoland.com\/fr\/#organization","name":"Natural Poland","url":"https:\/\/naturalpoland.com\/fr\/","logo":{"@type":"ImageObject","inLanguage":"fr-FR","@id":"https:\/\/naturalpoland.com\/fr\/#\/schema\/logo\/image\/","url":"https:\/\/naturalpoland.com\/wp-content\/uploads\/2021\/05\/natural-poland-icon.png","contentUrl":"https:\/\/naturalpoland.com\/wp-content\/uploads\/2021\/05\/natural-poland-icon.png","width":512,"height":512,"caption":"Natural Poland"},"image":{"@id":"https:\/\/naturalpoland.com\/fr\/#\/schema\/logo\/image\/"},"sameAs":["https:\/\/www.facebook.com\/naturalpoland.b2b","https:\/\/pl.linkedin.com\/company\/natural-poland","https:\/\/www.youtube.com\/channel\/UCgeGGkvOMahZo-xu_MSEWxg"]}]}},"_links":{"self":[{"href":"https:\/\/naturalpoland.com\/fr\/wp-json\/wp\/v2\/product\/29961","targetHints":{"allow":["GET"]}}],"collection":[{"href":"https:\/\/naturalpoland.com\/fr\/wp-json\/wp\/v2\/product"}],"about":[{"href":"https:\/\/naturalpoland.com\/fr\/wp-json\/wp\/v2\/types\/product"}],"wp:featuredmedia":[{"embeddable":true,"href":"https:\/\/naturalpoland.com\/fr\/wp-json\/wp\/v2\/media\/29535"}],"wp:attachment":[{"href":"https:\/\/naturalpoland.com\/fr\/wp-json\/wp\/v2\/media?parent=29961"}],"wp:term":[{"taxonomy":"product_brand","embeddable":true,"href":"https:\/\/naturalpoland.com\/fr\/wp-json\/wp\/v2\/product_brand?post=29961"},{"taxonomy":"product_cat","embeddable":true,"href":"https:\/\/naturalpoland.com\/fr\/wp-json\/wp\/v2\/product_cat?post=29961"},{"taxonomy":"product_tag","embeddable":true,"href":"https:\/\/naturalpoland.com\/fr\/wp-json\/wp\/v2\/product_tag?post=29961"}],"curies":[{"name":"wp","href":"https:\/\/api.w.org\/{rel}","templated":true}]}}