{"id":30004,"date":"2024-01-25T12:48:21","date_gmt":"2024-01-26T12:27:02","guid":{"rendered":"https:\/\/naturalpoland.com\/produkty\/non class\u00e9\/cire-de-macadamia\/"},"modified":"2024-01-26T13:27:02","modified_gmt":"2024-01-26T12:27:02","slug":"cire-de-macadamia","status":"publish","type":"product","link":"https:\/\/naturalpoland.com\/fr\/produkty\/cires\/cire-de-macadamia\/","title":{"rendered":"Cire de macadamia"},"content":{"rendered":"<p>La cire de macadamia a une couleur jaune cr\u00e8me et est inodore, ce qui la rend facile \u00e0 utiliser dans une vari\u00e9t\u00e9 de formulations cosm\u00e9tiques.<\/p>\n<p>La teneur en acides gras de la cire de macadamia, notamment les acides ol\u00e9ique, palmitique et st\u00e9arique, contribue \u00e0 ses propri\u00e9t\u00e9s hydratantes et \u00e9mollientes. Ces m\u00eames acides gras font de cette cire un ingr\u00e9dient id\u00e9al pour les produits destin\u00e9s aux peaux s\u00e8ches et matures, qu&rsquo;elle nourrit et prot\u00e8ge.<\/p>\n<p>La cire de macadamia a \u00e9galement un <strong>effet protecteur<\/strong>, formant un film d\u00e9licat sur la peau qui aide \u00e0 retenir l&rsquo;humidit\u00e9 et \u00e0 pr\u00e9venir la perte d&rsquo;eau. Gr\u00e2ce \u00e0 cet ingr\u00e9dient, les produits cosm\u00e9tiques peuvent mieux prot\u00e9ger la peau contre les facteurs externes nocifs, notamment la pollution et la s\u00e9cheresse.<\/p>\n<p><strong>Application<\/strong><\/p>\n<p>Les utilisations de la cire de macadamia vont des cr\u00e8mes hydratantes aux lotions corporelles en passant par les produits de coiffure. Sa polyvalence en fait un ingr\u00e9dient pr\u00e9cieux dans l&rsquo;<a href=\"https:\/\/naturalpoland.com\/fr\/cat\u00e9gorie\/produits-pour-lindustrie-cosmetique\/\">industrie cosm\u00e9tique<\/a>, et sa non-toxicit\u00e9 et sa douceur en font un ingr\u00e9dient adapt\u00e9 m\u00eame aux peaux sensibles.<\/p>\n<p>Gr\u00e2ce \u00e0 ses propri\u00e9t\u00e9s hydratantes et adoucissantes, cette cire est particuli\u00e8rement recommand\u00e9e pour les produits destin\u00e9s aux peaux s\u00e8ches, sensibles et matures.<\/p>\n","protected":false},"excerpt":{"rendered":"<p>La cire de macadamia est une mati\u00e8re premi\u00e8re cosm\u00e9tique unique extraite de la noix de macadamia. Ses propri\u00e9t\u00e9s uniques proviennent du processus d&rsquo;hydrog\u00e9nation de l&rsquo;huile de noix de macadamia, qui lui conf\u00e8re une consistance solide.<\/p>\n","protected":false},"featured_media":29868,"template":"","meta":{"_acf_changed":false},"product_brand":[],"product_cat":[1315],"product_tag":[],"class_list":{"0":"post-30004","1":"product","2":"type-product","3":"status-publish","4":"has-post-thumbnail","6":"product_cat-cires","8":"first","9":"instock","10":"shipping-taxable","11":"product-type-simple"},"acf":[],"yoast_head":"<!-- This site is optimized with the Yoast SEO plugin v27.5 - https:\/\/yoast.com\/product\/yoast-seo-wordpress\/ -->\n<title>Cire de macadamia - Distributeur en gros<\/title>\n<meta name=\"description\" content=\"La cire de macadamia est particuli\u00e8rement recommand\u00e9e pour les produits destin\u00e9s aux peaux s\u00e8ches, sensibles et matures.\" \/>\n<meta name=\"robots\" content=\"index, follow, max-snippet:-1, max-image-preview:large, max-video-preview:-1\" \/>\n<link rel=\"canonical\" href=\"https:\/\/naturalpoland.com\/fr\/produkty\/cires\/cire-de-macadamia\/\" \/>\n<meta property=\"og:locale\" content=\"fr_FR\" \/>\n<meta property=\"og:type\" content=\"article\" \/>\n<meta property=\"og:title\" content=\"Cire de macadamia - Distributeur en gros\" \/>\n<meta property=\"og:description\" content=\"La cire de macadamia est particuli\u00e8rement recommand\u00e9e pour les produits destin\u00e9s aux peaux s\u00e8ches, sensibles et matures.\" \/>\n<meta property=\"og:url\" content=\"https:\/\/naturalpoland.com\/fr\/produkty\/cires\/cire-de-macadamia\/\" \/>\n<meta property=\"og:site_name\" content=\"NATURAL POLAND - Distributeur de mati\u00e8res premi\u00e8res en gros\" \/>\n<meta property=\"article:publisher\" content=\"https:\/\/www.facebook.com\/naturalpoland.b2b\" \/>\n<meta property=\"og:image\" content=\"https:\/\/naturalpoland.com\/wp-content\/uploads\/wosk-makadamia.webp\" \/>\n\t<meta property=\"og:image:width\" content=\"614\" \/>\n\t<meta property=\"og:image:height\" content=\"614\" \/>\n\t<meta property=\"og:image:type\" content=\"image\/webp\" \/>\n<script type=\"application\/ld+json\" class=\"yoast-schema-graph\">{\"@context\":\"https:\\\/\\\/schema.org\",\"@graph\":[{\"@type\":\"WebPage\",\"@id\":\"https:\\\/\\\/naturalpoland.com\\\/fr\\\/produkty\\\/cires\\\/cire-de-macadamia\\\/\",\"url\":\"https:\\\/\\\/naturalpoland.com\\\/fr\\\/produkty\\\/cires\\\/cire-de-macadamia\\\/\",\"name\":\"Cire de macadamia - Distributeur en gros\",\"isPartOf\":{\"@id\":\"https:\\\/\\\/naturalpoland.com\\\/fr\\\/#website\"},\"primaryImageOfPage\":{\"@id\":\"https:\\\/\\\/naturalpoland.com\\\/fr\\\/produkty\\\/cires\\\/cire-de-macadamia\\\/#primaryimage\"},\"image\":{\"@id\":\"https:\\\/\\\/naturalpoland.com\\\/fr\\\/produkty\\\/cires\\\/cire-de-macadamia\\\/#primaryimage\"},\"thumbnailUrl\":\"https:\\\/\\\/naturalpoland.com\\\/wp-content\\\/uploads\\\/wosk-makadamia.webp\",\"datePublished\":\"2024-01-26T12:27:02+00:00\",\"description\":\"La cire de macadamia est particuli\u00e8rement recommand\u00e9e pour les produits destin\u00e9s aux peaux s\u00e8ches, sensibles et matures.\",\"breadcrumb\":{\"@id\":\"https:\\\/\\\/naturalpoland.com\\\/fr\\\/produkty\\\/cires\\\/cire-de-macadamia\\\/#breadcrumb\"},\"inLanguage\":\"fr-FR\",\"potentialAction\":[{\"@type\":\"ReadAction\",\"target\":[\"https:\\\/\\\/naturalpoland.com\\\/fr\\\/produkty\\\/cires\\\/cire-de-macadamia\\\/\"]}]},{\"@type\":\"ImageObject\",\"inLanguage\":\"fr-FR\",\"@id\":\"https:\\\/\\\/naturalpoland.com\\\/fr\\\/produkty\\\/cires\\\/cire-de-macadamia\\\/#primaryimage\",\"url\":\"https:\\\/\\\/naturalpoland.com\\\/wp-content\\\/uploads\\\/wosk-makadamia.webp\",\"contentUrl\":\"https:\\\/\\\/naturalpoland.com\\\/wp-content\\\/uploads\\\/wosk-makadamia.webp\",\"width\":614,\"height\":614,\"caption\":\"wosk makadamia\"},{\"@type\":\"BreadcrumbList\",\"@id\":\"https:\\\/\\\/naturalpoland.com\\\/fr\\\/produkty\\\/cires\\\/cire-de-macadamia\\\/#breadcrumb\",\"itemListElement\":[{\"@type\":\"ListItem\",\"position\":1,\"name\":\"Accueil\",\"item\":\"https:\\\/\\\/naturalpoland.com\\\/fr\\\/\"},{\"@type\":\"ListItem\",\"position\":2,\"name\":\"Produits\",\"item\":\"https:\\\/\\\/naturalpoland.com\\\/fr\\\/produits\\\/\"},{\"@type\":\"ListItem\",\"position\":3,\"name\":\"Cire de macadamia\"}]},{\"@type\":\"WebSite\",\"@id\":\"https:\\\/\\\/naturalpoland.com\\\/fr\\\/#website\",\"url\":\"https:\\\/\\\/naturalpoland.com\\\/fr\\\/\",\"name\":\"NATURAL POLAND - Distributeur de mati\u00e8res premi\u00e8res en gros\",\"description\":\"Surowce dla przemys\u0142u spo\u017cywczego, kosmetycznego i farmaceutycznego\",\"publisher\":{\"@id\":\"https:\\\/\\\/naturalpoland.com\\\/fr\\\/#organization\"},\"potentialAction\":[{\"@type\":\"SearchAction\",\"target\":{\"@type\":\"EntryPoint\",\"urlTemplate\":\"https:\\\/\\\/naturalpoland.com\\\/fr\\\/?s={search_term_string}\"},\"query-input\":{\"@type\":\"PropertyValueSpecification\",\"valueRequired\":true,\"valueName\":\"search_term_string\"}}],\"inLanguage\":\"fr-FR\"},{\"@type\":\"Organization\",\"@id\":\"https:\\\/\\\/naturalpoland.com\\\/fr\\\/#organization\",\"name\":\"Natural Poland\",\"url\":\"https:\\\/\\\/naturalpoland.com\\\/fr\\\/\",\"logo\":{\"@type\":\"ImageObject\",\"inLanguage\":\"fr-FR\",\"@id\":\"https:\\\/\\\/naturalpoland.com\\\/fr\\\/#\\\/schema\\\/logo\\\/image\\\/\",\"url\":\"https:\\\/\\\/naturalpoland.com\\\/wp-content\\\/uploads\\\/2021\\\/05\\\/natural-poland-icon.png\",\"contentUrl\":\"https:\\\/\\\/naturalpoland.com\\\/wp-content\\\/uploads\\\/2021\\\/05\\\/natural-poland-icon.png\",\"width\":512,\"height\":512,\"caption\":\"Natural Poland\"},\"image\":{\"@id\":\"https:\\\/\\\/naturalpoland.com\\\/fr\\\/#\\\/schema\\\/logo\\\/image\\\/\"},\"sameAs\":[\"https:\\\/\\\/www.facebook.com\\\/naturalpoland.b2b\",\"https:\\\/\\\/pl.linkedin.com\\\/company\\\/natural-poland\",\"https:\\\/\\\/www.youtube.com\\\/channel\\\/UCgeGGkvOMahZo-xu_MSEWxg\"]}]}<\/script>\n<!-- \/ Yoast SEO plugin. -->","yoast_head_json":{"title":"Cire de macadamia - Distributeur en gros","description":"La cire de macadamia est particuli\u00e8rement recommand\u00e9e pour les produits destin\u00e9s aux peaux s\u00e8ches, sensibles et matures.","robots":{"index":"index","follow":"follow","max-snippet":"max-snippet:-1","max-image-preview":"max-image-preview:large","max-video-preview":"max-video-preview:-1"},"canonical":"https:\/\/naturalpoland.com\/fr\/produkty\/cires\/cire-de-macadamia\/","og_locale":"fr_FR","og_type":"article","og_title":"Cire de macadamia - Distributeur en gros","og_description":"La cire de macadamia est particuli\u00e8rement recommand\u00e9e pour les produits destin\u00e9s aux peaux s\u00e8ches, sensibles et matures.","og_url":"https:\/\/naturalpoland.com\/fr\/produkty\/cires\/cire-de-macadamia\/","og_site_name":"NATURAL POLAND - Distributeur de mati\u00e8res premi\u00e8res en gros","article_publisher":"https:\/\/www.facebook.com\/naturalpoland.b2b","og_image":[{"width":614,"height":614,"url":"https:\/\/naturalpoland.com\/wp-content\/uploads\/wosk-makadamia.webp","type":"image\/webp"}],"schema":{"@context":"https:\/\/schema.org","@graph":[{"@type":"WebPage","@id":"https:\/\/naturalpoland.com\/fr\/produkty\/cires\/cire-de-macadamia\/","url":"https:\/\/naturalpoland.com\/fr\/produkty\/cires\/cire-de-macadamia\/","name":"Cire de macadamia - Distributeur en gros","isPartOf":{"@id":"https:\/\/naturalpoland.com\/fr\/#website"},"primaryImageOfPage":{"@id":"https:\/\/naturalpoland.com\/fr\/produkty\/cires\/cire-de-macadamia\/#primaryimage"},"image":{"@id":"https:\/\/naturalpoland.com\/fr\/produkty\/cires\/cire-de-macadamia\/#primaryimage"},"thumbnailUrl":"https:\/\/naturalpoland.com\/wp-content\/uploads\/wosk-makadamia.webp","datePublished":"2024-01-26T12:27:02+00:00","description":"La cire de macadamia est particuli\u00e8rement recommand\u00e9e pour les produits destin\u00e9s aux peaux s\u00e8ches, sensibles et matures.","breadcrumb":{"@id":"https:\/\/naturalpoland.com\/fr\/produkty\/cires\/cire-de-macadamia\/#breadcrumb"},"inLanguage":"fr-FR","potentialAction":[{"@type":"ReadAction","target":["https:\/\/naturalpoland.com\/fr\/produkty\/cires\/cire-de-macadamia\/"]}]},{"@type":"ImageObject","inLanguage":"fr-FR","@id":"https:\/\/naturalpoland.com\/fr\/produkty\/cires\/cire-de-macadamia\/#primaryimage","url":"https:\/\/naturalpoland.com\/wp-content\/uploads\/wosk-makadamia.webp","contentUrl":"https:\/\/naturalpoland.com\/wp-content\/uploads\/wosk-makadamia.webp","width":614,"height":614,"caption":"wosk makadamia"},{"@type":"BreadcrumbList","@id":"https:\/\/naturalpoland.com\/fr\/produkty\/cires\/cire-de-macadamia\/#breadcrumb","itemListElement":[{"@type":"ListItem","position":1,"name":"Accueil","item":"https:\/\/naturalpoland.com\/fr\/"},{"@type":"ListItem","position":2,"name":"Produits","item":"https:\/\/naturalpoland.com\/fr\/produits\/"},{"@type":"ListItem","position":3,"name":"Cire de macadamia"}]},{"@type":"WebSite","@id":"https:\/\/naturalpoland.com\/fr\/#website","url":"https:\/\/naturalpoland.com\/fr\/","name":"NATURAL POLAND - Distributeur de mati\u00e8res premi\u00e8res en gros","description":"Surowce dla przemys\u0142u spo\u017cywczego, kosmetycznego i farmaceutycznego","publisher":{"@id":"https:\/\/naturalpoland.com\/fr\/#organization"},"potentialAction":[{"@type":"SearchAction","target":{"@type":"EntryPoint","urlTemplate":"https:\/\/naturalpoland.com\/fr\/?s={search_term_string}"},"query-input":{"@type":"PropertyValueSpecification","valueRequired":true,"valueName":"search_term_string"}}],"inLanguage":"fr-FR"},{"@type":"Organization","@id":"https:\/\/naturalpoland.com\/fr\/#organization","name":"Natural Poland","url":"https:\/\/naturalpoland.com\/fr\/","logo":{"@type":"ImageObject","inLanguage":"fr-FR","@id":"https:\/\/naturalpoland.com\/fr\/#\/schema\/logo\/image\/","url":"https:\/\/naturalpoland.com\/wp-content\/uploads\/2021\/05\/natural-poland-icon.png","contentUrl":"https:\/\/naturalpoland.com\/wp-content\/uploads\/2021\/05\/natural-poland-icon.png","width":512,"height":512,"caption":"Natural Poland"},"image":{"@id":"https:\/\/naturalpoland.com\/fr\/#\/schema\/logo\/image\/"},"sameAs":["https:\/\/www.facebook.com\/naturalpoland.b2b","https:\/\/pl.linkedin.com\/company\/natural-poland","https:\/\/www.youtube.com\/channel\/UCgeGGkvOMahZo-xu_MSEWxg"]}]}},"_links":{"self":[{"href":"https:\/\/naturalpoland.com\/fr\/wp-json\/wp\/v2\/product\/30004","targetHints":{"allow":["GET"]}}],"collection":[{"href":"https:\/\/naturalpoland.com\/fr\/wp-json\/wp\/v2\/product"}],"about":[{"href":"https:\/\/naturalpoland.com\/fr\/wp-json\/wp\/v2\/types\/product"}],"wp:featuredmedia":[{"embeddable":true,"href":"https:\/\/naturalpoland.com\/fr\/wp-json\/wp\/v2\/media\/29868"}],"wp:attachment":[{"href":"https:\/\/naturalpoland.com\/fr\/wp-json\/wp\/v2\/media?parent=30004"}],"wp:term":[{"taxonomy":"product_brand","embeddable":true,"href":"https:\/\/naturalpoland.com\/fr\/wp-json\/wp\/v2\/product_brand?post=30004"},{"taxonomy":"product_cat","embeddable":true,"href":"https:\/\/naturalpoland.com\/fr\/wp-json\/wp\/v2\/product_cat?post=30004"},{"taxonomy":"product_tag","embeddable":true,"href":"https:\/\/naturalpoland.com\/fr\/wp-json\/wp\/v2\/product_tag?post=30004"}],"curies":[{"name":"wp","href":"https:\/\/api.w.org\/{rel}","templated":true}]}}