{"id":30006,"date":"2024-01-18T15:41:53","date_gmt":"2024-01-26T12:27:06","guid":{"rendered":"https:\/\/naturalpoland.com\/produkty\/non%20class\u00e9\/acetyl-tetrapeptide-5\/"},"modified":"2024-06-05T14:16:47","modified_gmt":"2024-06-05T12:16:47","slug":"acetyl-tetrapeptide-5","status":"publish","type":"product","link":"https:\/\/naturalpoland.com\/fr\/produkty\/produits-pour-lindustrie-cosmetique\/peptides-fr\/acetyl-tetrapeptide-5\/","title":{"rendered":"Ac\u00e9tyl T\u00e9trapeptide-5"},"content":{"rendered":"<h3>M\u00e9canisme d&rsquo;action<\/h3>\n<p><strong>Augmentation de l&rsquo;activit\u00e9 de la superoxyde dismutase (SOD)<\/strong><\/p>\n<p>L&rsquo;ac\u00e9tyl t\u00e9trapeptide-5 soutient l&rsquo;activit\u00e9 de la SOD, qui contribue \u00e0 la protection des cellules de la peau contre le stress oxydatif. Le peptide contribue ainsi \u00e0 inhiber le processus de glycation qui entra\u00eene la r\u00e9ticulation des prot\u00e9ines, ce qui am\u00e9liore l&rsquo;\u00e9lasticit\u00e9 de la peau et pr\u00e9vient le vieillissement pr\u00e9matur\u00e9.<\/p>\n<p><strong>Am\u00e9lioration de la microcirculation<\/strong><\/p>\n<p>En stimulant la microcirculation dans la r\u00e9gion des yeux, l&rsquo;ac\u00e9tyl t\u00e9trapeptide-5 r\u00e9duit la perm\u00e9abilit\u00e9 des vaisseaux sanguins et la perte d&rsquo;hydratation. Cette action contribue \u00e0 r\u00e9duire les poches et les cernes sous les yeux, ce qui donne une apparence plus repos\u00e9e et plus jeune.<\/p>\n<p><strong>Action anti-glycation<\/strong><\/p>\n<p>La glycation est le processus par lequel les sucres r\u00e9agissent avec les prot\u00e9ines pour former des produits finaux de glycation avanc\u00e9e (AGE), qui endommagent le collag\u00e8ne et l&rsquo;\u00e9lastine, entra\u00eenant une perte de fermet\u00e9 et des rides. L&rsquo;ac\u00e9tyl t\u00e9trapeptide-5 inhibe efficacement ce processus, favorisant ainsi la structure et l&rsquo;\u00e9lasticit\u00e9 de la peau.<\/p>\n<h3>Avantages cosm\u00e9tiques<\/h3>\n<p>Gr\u00e2ce \u00e0 ses propri\u00e9t\u00e9s <strong>anti-\u0153d\u00e9mateuses<\/strong>, l&rsquo;Acetyl Tetrapeptide-5 est particuli\u00e8rement efficace pour r\u00e9duire les poches sous les yeux, qui sont souvent le r\u00e9sultat d&rsquo;une mauvaise circulation lymphatique et d&rsquo;une accumulation de liquide. Ce peptide am\u00e9liore la circulation lymphatique, ce qui <strong>r\u00e9duit les poches<\/strong> et donne une apparence plus repos\u00e9e. En outre, il a un <strong>effet calmant et hydratant<\/strong> sur la peau, dont il am\u00e9liore la douceur et l&rsquo;\u00e9lasticit\u00e9. Ce peptide pr\u00e9sente \u00e9galement des <strong>propri\u00e9t\u00e9s anti-inflammatoires<\/strong>, ce qui contribue \u00e0 r\u00e9duire les irritations et les rougeurs de la peau. C&rsquo;est un excellent ingr\u00e9dient pour les produits destin\u00e9s aux peaux sensibles et allergiques.<\/p>\n<h3>Recherche<\/h3>\n<p>L&rsquo;efficacit\u00e9 de l&rsquo;Acetyl Tetrapeptide-5 a \u00e9t\u00e9 confirm\u00e9e par de nombreuses \u00e9tudes in vivo. Dans une \u00e9tude, 20 volontaires ont appliqu\u00e9 une cr\u00e8me contenant de l&rsquo;Acetyl Tetrapeptide-5 pendant 60 jours. Les r\u00e9sultats ont montr\u00e9 que chez 70 % des participants, l&rsquo;apparence des poches sous les yeux \u00e9tait r\u00e9duite d\u00e8s le 15e jour d&rsquo;utilisation, et chez 95 % des participants \u00e0 la fin de l&rsquo;\u00e9tude.<\/p>\n<h3>S\u00e9curit\u00e9<\/h3>\n<p>Le produit est reconnu comme un ingr\u00e9dient cosm\u00e9tique s\u00fbr. Il ne pr\u00e9sente aucun effet irritant ou toxique aux concentrations utilis\u00e9es. Son absence de classification en tant que substance dangereuse selon les r\u00e9glementations chimiques confirme son innocuit\u00e9 pour les utilisateurs et l&rsquo;environnement.<\/p>\n","protected":false},"excerpt":{"rendered":"<p>L&rsquo;ac\u00e9tyl t\u00e9trapeptide-5 est un peptide synth\u00e9tique \u00e0 quatre acides amin\u00e9s dont les propri\u00e9t\u00e9s r\u00e9duisent les poches et les cernes sous les yeux. Le produit est largement utilis\u00e9 dans l&rsquo;industrie cosm\u00e9tique, notamment dans les gels, les cr\u00e8mes, les s\u00e9rums pour les yeux et les masques.<\/p>\n","protected":false},"featured_media":29609,"template":"","meta":[],"product_brand":[],"product_cat":[2491],"product_tag":[],"class_list":{"0":"post-30006","1":"product","2":"type-product","3":"status-publish","4":"has-post-thumbnail","6":"product_cat-peptides-fr","7":"pa_metoda-pozyskiwania-fermentation-biologique","9":"first","10":"instock","11":"shipping-taxable","12":"product-type-simple"},"yoast_head":"<!-- This site is optimized with the Yoast SEO plugin v27.3 - https:\/\/yoast.com\/product\/yoast-seo-wordpress\/ -->\n<title>Ac\u00e9tyl T\u00e9trapeptide-5 - NATURAL POLAND - Distributeur de mati\u00e8res premi\u00e8res en gros<\/title>\n<meta name=\"description\" content=\"L&#039;ac\u00e9tyl t\u00e9trapeptide-5, \u00e9galement connu sous le nom d&#039;Eyeseryl, est un peptide utilis\u00e9 en cosm\u00e9tologie pour ses propri\u00e9t\u00e9s uniques.\" \/>\n<meta name=\"robots\" content=\"index, follow, max-snippet:-1, max-image-preview:large, max-video-preview:-1\" \/>\n<link rel=\"canonical\" href=\"https:\/\/naturalpoland.com\/fr\/produkty\/produits-pour-lindustrie-cosmetique\/peptides-fr\/acetyl-tetrapeptide-5\/\" \/>\n<meta property=\"og:locale\" content=\"fr_FR\" \/>\n<meta property=\"og:type\" content=\"article\" \/>\n<meta property=\"og:title\" content=\"Ac\u00e9tyl T\u00e9trapeptide-5 - NATURAL POLAND - Distributeur de mati\u00e8res premi\u00e8res en gros\" \/>\n<meta property=\"og:description\" content=\"L&#039;ac\u00e9tyl t\u00e9trapeptide-5, \u00e9galement connu sous le nom d&#039;Eyeseryl, est un peptide utilis\u00e9 en cosm\u00e9tologie pour ses propri\u00e9t\u00e9s uniques.\" \/>\n<meta property=\"og:url\" content=\"https:\/\/naturalpoland.com\/fr\/produkty\/produits-pour-lindustrie-cosmetique\/peptides-fr\/acetyl-tetrapeptide-5\/\" \/>\n<meta property=\"og:site_name\" content=\"NATURAL POLAND - Distributeur de mati\u00e8res premi\u00e8res en gros\" \/>\n<meta property=\"article:publisher\" content=\"https:\/\/www.facebook.com\/naturalpoland.b2b\" \/>\n<meta property=\"article:modified_time\" content=\"2024-06-05T12:16:47+00:00\" \/>\n<meta property=\"og:image\" content=\"https:\/\/naturalpoland.com\/wp-content\/uploads\/tetrapeptide-5.webp\" \/>\n\t<meta property=\"og:image:width\" content=\"614\" \/>\n\t<meta property=\"og:image:height\" content=\"614\" \/>\n\t<meta property=\"og:image:type\" content=\"image\/webp\" \/>\n<script type=\"application\/ld+json\" class=\"yoast-schema-graph\">{\"@context\":\"https:\\\/\\\/schema.org\",\"@graph\":[{\"@type\":\"WebPage\",\"@id\":\"https:\\\/\\\/naturalpoland.com\\\/fr\\\/produkty\\\/produits-pour-lindustrie-cosmetique\\\/peptides-fr\\\/acetyl-tetrapeptide-5\\\/\",\"url\":\"https:\\\/\\\/naturalpoland.com\\\/fr\\\/produkty\\\/produits-pour-lindustrie-cosmetique\\\/peptides-fr\\\/acetyl-tetrapeptide-5\\\/\",\"name\":\"Ac\u00e9tyl T\u00e9trapeptide-5 - NATURAL POLAND - Distributeur de mati\u00e8res premi\u00e8res en gros\",\"isPartOf\":{\"@id\":\"https:\\\/\\\/naturalpoland.com\\\/fr\\\/#website\"},\"primaryImageOfPage\":{\"@id\":\"https:\\\/\\\/naturalpoland.com\\\/fr\\\/produkty\\\/produits-pour-lindustrie-cosmetique\\\/peptides-fr\\\/acetyl-tetrapeptide-5\\\/#primaryimage\"},\"image\":{\"@id\":\"https:\\\/\\\/naturalpoland.com\\\/fr\\\/produkty\\\/produits-pour-lindustrie-cosmetique\\\/peptides-fr\\\/acetyl-tetrapeptide-5\\\/#primaryimage\"},\"thumbnailUrl\":\"https:\\\/\\\/naturalpoland.com\\\/wp-content\\\/uploads\\\/tetrapeptide-5.webp\",\"datePublished\":\"2024-01-26T12:27:06+00:00\",\"dateModified\":\"2024-06-05T12:16:47+00:00\",\"description\":\"L'ac\u00e9tyl t\u00e9trapeptide-5, \u00e9galement connu sous le nom d'Eyeseryl, est un peptide utilis\u00e9 en cosm\u00e9tologie pour ses propri\u00e9t\u00e9s uniques.\",\"breadcrumb\":{\"@id\":\"https:\\\/\\\/naturalpoland.com\\\/fr\\\/produkty\\\/produits-pour-lindustrie-cosmetique\\\/peptides-fr\\\/acetyl-tetrapeptide-5\\\/#breadcrumb\"},\"inLanguage\":\"fr-FR\",\"potentialAction\":[{\"@type\":\"ReadAction\",\"target\":[\"https:\\\/\\\/naturalpoland.com\\\/fr\\\/produkty\\\/produits-pour-lindustrie-cosmetique\\\/peptides-fr\\\/acetyl-tetrapeptide-5\\\/\"]}]},{\"@type\":\"ImageObject\",\"inLanguage\":\"fr-FR\",\"@id\":\"https:\\\/\\\/naturalpoland.com\\\/fr\\\/produkty\\\/produits-pour-lindustrie-cosmetique\\\/peptides-fr\\\/acetyl-tetrapeptide-5\\\/#primaryimage\",\"url\":\"https:\\\/\\\/naturalpoland.com\\\/wp-content\\\/uploads\\\/tetrapeptide-5.webp\",\"contentUrl\":\"https:\\\/\\\/naturalpoland.com\\\/wp-content\\\/uploads\\\/tetrapeptide-5.webp\",\"width\":614,\"height\":614,\"caption\":\"Acetyl Tetrapeptide-5\"},{\"@type\":\"BreadcrumbList\",\"@id\":\"https:\\\/\\\/naturalpoland.com\\\/fr\\\/produkty\\\/produits-pour-lindustrie-cosmetique\\\/peptides-fr\\\/acetyl-tetrapeptide-5\\\/#breadcrumb\",\"itemListElement\":[{\"@type\":\"ListItem\",\"position\":1,\"name\":\"Accueil\",\"item\":\"https:\\\/\\\/naturalpoland.com\\\/fr\\\/\"},{\"@type\":\"ListItem\",\"position\":2,\"name\":\"Produits\",\"item\":\"https:\\\/\\\/naturalpoland.com\\\/fr\\\/produits\\\/\"},{\"@type\":\"ListItem\",\"position\":3,\"name\":\"Ac\u00e9tyl T\u00e9trapeptide-5\"}]},{\"@type\":\"WebSite\",\"@id\":\"https:\\\/\\\/naturalpoland.com\\\/fr\\\/#website\",\"url\":\"https:\\\/\\\/naturalpoland.com\\\/fr\\\/\",\"name\":\"NATURAL POLAND - Distributeur de mati\u00e8res premi\u00e8res en gros\",\"description\":\"Surowce dla przemys\u0142u spo\u017cywczego, kosmetycznego i farmaceutycznego\",\"publisher\":{\"@id\":\"https:\\\/\\\/naturalpoland.com\\\/fr\\\/#organization\"},\"potentialAction\":[{\"@type\":\"SearchAction\",\"target\":{\"@type\":\"EntryPoint\",\"urlTemplate\":\"https:\\\/\\\/naturalpoland.com\\\/fr\\\/?s={search_term_string}\"},\"query-input\":{\"@type\":\"PropertyValueSpecification\",\"valueRequired\":true,\"valueName\":\"search_term_string\"}}],\"inLanguage\":\"fr-FR\"},{\"@type\":\"Organization\",\"@id\":\"https:\\\/\\\/naturalpoland.com\\\/fr\\\/#organization\",\"name\":\"Natural Poland\",\"url\":\"https:\\\/\\\/naturalpoland.com\\\/fr\\\/\",\"logo\":{\"@type\":\"ImageObject\",\"inLanguage\":\"fr-FR\",\"@id\":\"https:\\\/\\\/naturalpoland.com\\\/fr\\\/#\\\/schema\\\/logo\\\/image\\\/\",\"url\":\"https:\\\/\\\/naturalpoland.com\\\/wp-content\\\/uploads\\\/2021\\\/05\\\/natural-poland-icon.png\",\"contentUrl\":\"https:\\\/\\\/naturalpoland.com\\\/wp-content\\\/uploads\\\/2021\\\/05\\\/natural-poland-icon.png\",\"width\":512,\"height\":512,\"caption\":\"Natural Poland\"},\"image\":{\"@id\":\"https:\\\/\\\/naturalpoland.com\\\/fr\\\/#\\\/schema\\\/logo\\\/image\\\/\"},\"sameAs\":[\"https:\\\/\\\/www.facebook.com\\\/naturalpoland.b2b\",\"https:\\\/\\\/pl.linkedin.com\\\/company\\\/natural-poland\",\"https:\\\/\\\/www.youtube.com\\\/channel\\\/UCgeGGkvOMahZo-xu_MSEWxg\"]}]}<\/script>\n<!-- \/ Yoast SEO plugin. -->","yoast_head_json":{"title":"Ac\u00e9tyl T\u00e9trapeptide-5 - NATURAL POLAND - Distributeur de mati\u00e8res premi\u00e8res en gros","description":"L'ac\u00e9tyl t\u00e9trapeptide-5, \u00e9galement connu sous le nom d'Eyeseryl, est un peptide utilis\u00e9 en cosm\u00e9tologie pour ses propri\u00e9t\u00e9s uniques.","robots":{"index":"index","follow":"follow","max-snippet":"max-snippet:-1","max-image-preview":"max-image-preview:large","max-video-preview":"max-video-preview:-1"},"canonical":"https:\/\/naturalpoland.com\/fr\/produkty\/produits-pour-lindustrie-cosmetique\/peptides-fr\/acetyl-tetrapeptide-5\/","og_locale":"fr_FR","og_type":"article","og_title":"Ac\u00e9tyl T\u00e9trapeptide-5 - NATURAL POLAND - Distributeur de mati\u00e8res premi\u00e8res en gros","og_description":"L'ac\u00e9tyl t\u00e9trapeptide-5, \u00e9galement connu sous le nom d'Eyeseryl, est un peptide utilis\u00e9 en cosm\u00e9tologie pour ses propri\u00e9t\u00e9s uniques.","og_url":"https:\/\/naturalpoland.com\/fr\/produkty\/produits-pour-lindustrie-cosmetique\/peptides-fr\/acetyl-tetrapeptide-5\/","og_site_name":"NATURAL POLAND - Distributeur de mati\u00e8res premi\u00e8res en gros","article_publisher":"https:\/\/www.facebook.com\/naturalpoland.b2b","article_modified_time":"2024-06-05T12:16:47+00:00","og_image":[{"width":614,"height":614,"url":"https:\/\/naturalpoland.com\/wp-content\/uploads\/tetrapeptide-5.webp","type":"image\/webp"}],"schema":{"@context":"https:\/\/schema.org","@graph":[{"@type":"WebPage","@id":"https:\/\/naturalpoland.com\/fr\/produkty\/produits-pour-lindustrie-cosmetique\/peptides-fr\/acetyl-tetrapeptide-5\/","url":"https:\/\/naturalpoland.com\/fr\/produkty\/produits-pour-lindustrie-cosmetique\/peptides-fr\/acetyl-tetrapeptide-5\/","name":"Ac\u00e9tyl T\u00e9trapeptide-5 - NATURAL POLAND - Distributeur de mati\u00e8res premi\u00e8res en gros","isPartOf":{"@id":"https:\/\/naturalpoland.com\/fr\/#website"},"primaryImageOfPage":{"@id":"https:\/\/naturalpoland.com\/fr\/produkty\/produits-pour-lindustrie-cosmetique\/peptides-fr\/acetyl-tetrapeptide-5\/#primaryimage"},"image":{"@id":"https:\/\/naturalpoland.com\/fr\/produkty\/produits-pour-lindustrie-cosmetique\/peptides-fr\/acetyl-tetrapeptide-5\/#primaryimage"},"thumbnailUrl":"https:\/\/naturalpoland.com\/wp-content\/uploads\/tetrapeptide-5.webp","datePublished":"2024-01-26T12:27:06+00:00","dateModified":"2024-06-05T12:16:47+00:00","description":"L'ac\u00e9tyl t\u00e9trapeptide-5, \u00e9galement connu sous le nom d'Eyeseryl, est un peptide utilis\u00e9 en cosm\u00e9tologie pour ses propri\u00e9t\u00e9s uniques.","breadcrumb":{"@id":"https:\/\/naturalpoland.com\/fr\/produkty\/produits-pour-lindustrie-cosmetique\/peptides-fr\/acetyl-tetrapeptide-5\/#breadcrumb"},"inLanguage":"fr-FR","potentialAction":[{"@type":"ReadAction","target":["https:\/\/naturalpoland.com\/fr\/produkty\/produits-pour-lindustrie-cosmetique\/peptides-fr\/acetyl-tetrapeptide-5\/"]}]},{"@type":"ImageObject","inLanguage":"fr-FR","@id":"https:\/\/naturalpoland.com\/fr\/produkty\/produits-pour-lindustrie-cosmetique\/peptides-fr\/acetyl-tetrapeptide-5\/#primaryimage","url":"https:\/\/naturalpoland.com\/wp-content\/uploads\/tetrapeptide-5.webp","contentUrl":"https:\/\/naturalpoland.com\/wp-content\/uploads\/tetrapeptide-5.webp","width":614,"height":614,"caption":"Acetyl Tetrapeptide-5"},{"@type":"BreadcrumbList","@id":"https:\/\/naturalpoland.com\/fr\/produkty\/produits-pour-lindustrie-cosmetique\/peptides-fr\/acetyl-tetrapeptide-5\/#breadcrumb","itemListElement":[{"@type":"ListItem","position":1,"name":"Accueil","item":"https:\/\/naturalpoland.com\/fr\/"},{"@type":"ListItem","position":2,"name":"Produits","item":"https:\/\/naturalpoland.com\/fr\/produits\/"},{"@type":"ListItem","position":3,"name":"Ac\u00e9tyl T\u00e9trapeptide-5"}]},{"@type":"WebSite","@id":"https:\/\/naturalpoland.com\/fr\/#website","url":"https:\/\/naturalpoland.com\/fr\/","name":"NATURAL POLAND - Distributeur de mati\u00e8res premi\u00e8res en gros","description":"Surowce dla przemys\u0142u spo\u017cywczego, kosmetycznego i farmaceutycznego","publisher":{"@id":"https:\/\/naturalpoland.com\/fr\/#organization"},"potentialAction":[{"@type":"SearchAction","target":{"@type":"EntryPoint","urlTemplate":"https:\/\/naturalpoland.com\/fr\/?s={search_term_string}"},"query-input":{"@type":"PropertyValueSpecification","valueRequired":true,"valueName":"search_term_string"}}],"inLanguage":"fr-FR"},{"@type":"Organization","@id":"https:\/\/naturalpoland.com\/fr\/#organization","name":"Natural Poland","url":"https:\/\/naturalpoland.com\/fr\/","logo":{"@type":"ImageObject","inLanguage":"fr-FR","@id":"https:\/\/naturalpoland.com\/fr\/#\/schema\/logo\/image\/","url":"https:\/\/naturalpoland.com\/wp-content\/uploads\/2021\/05\/natural-poland-icon.png","contentUrl":"https:\/\/naturalpoland.com\/wp-content\/uploads\/2021\/05\/natural-poland-icon.png","width":512,"height":512,"caption":"Natural Poland"},"image":{"@id":"https:\/\/naturalpoland.com\/fr\/#\/schema\/logo\/image\/"},"sameAs":["https:\/\/www.facebook.com\/naturalpoland.b2b","https:\/\/pl.linkedin.com\/company\/natural-poland","https:\/\/www.youtube.com\/channel\/UCgeGGkvOMahZo-xu_MSEWxg"]}]}},"_links":{"self":[{"href":"https:\/\/naturalpoland.com\/fr\/wp-json\/wp\/v2\/product\/30006","targetHints":{"allow":["GET"]}}],"collection":[{"href":"https:\/\/naturalpoland.com\/fr\/wp-json\/wp\/v2\/product"}],"about":[{"href":"https:\/\/naturalpoland.com\/fr\/wp-json\/wp\/v2\/types\/product"}],"wp:featuredmedia":[{"embeddable":true,"href":"https:\/\/naturalpoland.com\/fr\/wp-json\/wp\/v2\/media\/29609"}],"wp:attachment":[{"href":"https:\/\/naturalpoland.com\/fr\/wp-json\/wp\/v2\/media?parent=30006"}],"wp:term":[{"taxonomy":"product_brand","embeddable":true,"href":"https:\/\/naturalpoland.com\/fr\/wp-json\/wp\/v2\/product_brand?post=30006"},{"taxonomy":"product_cat","embeddable":true,"href":"https:\/\/naturalpoland.com\/fr\/wp-json\/wp\/v2\/product_cat?post=30006"},{"taxonomy":"product_tag","embeddable":true,"href":"https:\/\/naturalpoland.com\/fr\/wp-json\/wp\/v2\/product_tag?post=30006"}],"curies":[{"name":"wp","href":"https:\/\/api.w.org\/{rel}","templated":true}]}}