{"id":30028,"date":"2024-01-18T15:27:26","date_gmt":"2024-01-26T14:13:04","guid":{"rendered":"https:\/\/naturalpoland.com\/produkty\/non class\u00e9\/ergotioneina\/"},"modified":"2024-01-26T15:13:04","modified_gmt":"2024-01-26T14:13:04","slug":"ergotioneina","status":"publish","type":"product","link":"https:\/\/naturalpoland.com\/fr\/produkty\/produits-pour-lindustrie-cosmetique\/peptides-fr\/ergotioneina\/","title":{"rendered":"Ergotioneina"},"content":{"rendered":"<p>L&rsquo;ergothion\u00e9ine p\u00e9n\u00e8tre dans les cellules et les mitochondries via le transporteur OCTN-1 dans les k\u00e9ratinocytes et les fibroblastes, neutralisant directement les esp\u00e8ces r\u00e9actives de l&rsquo;oxyg\u00e8ne (ROS). Ainsi, l&rsquo;ergothion\u00e9ine prot\u00e8ge non seulement contre le stress oxydatif, mais aussi les mitochondries et l&rsquo;ADN mitochondrial contre les dommages caus\u00e9s par l&rsquo;exc\u00e8s de radicaux libres.<\/p>\n<p>Gr\u00e2ce \u00e0 ses propri\u00e9t\u00e9s, l <strong>&lsquo;ergothion\u00e9ine prot\u00e8ge efficacement la peau des effets nocifs des rayons UV<\/strong>, en minimisant la formation d&rsquo;esp\u00e8ces r\u00e9actives de l&rsquo;oxyg\u00e8ne, ce qui se traduit par une r\u00e9duction des dommages caus\u00e9s \u00e0 la peau par les radiations. Ceci est particuli\u00e8rement important dans le contexte de la protection contre le vieillissement de la peau et les dommages caus\u00e9s \u00e0 l&rsquo;ADN. L&rsquo;ergothion\u00e9ine a \u00e9galement la <strong>capacit\u00e9 de r\u00e9duire les processus inflammatoires<\/strong> et de prot\u00e9ger les prot\u00e9ines de l&rsquo;eau contre les dommages oxydatifs.<\/p>\n<p>Dans des \u00e9tudes in vitro, l&rsquo;ergothion\u00e9ine s&rsquo;est r\u00e9v\u00e9l\u00e9e tr\u00e8s efficace en tant qu&rsquo;<strong>antioxydant<\/strong>, comme l&rsquo;ont confirm\u00e9 des tests physico-chimiques portant sur sa capacit\u00e9 \u00e0 neutraliser les radicaux libres DPPH. Des exp\u00e9riences sur le poisson z\u00e8bre ont r\u00e9v\u00e9l\u00e9 ses effets antioxydants prononc\u00e9s.<\/p>\n<p>L&rsquo;ergothion\u00e9ine est utilis\u00e9e dans une large gamme de produits cosm\u00e9tiques, notamment les s\u00e9rums, les cr\u00e8mes et les gels pour les yeux, qui ont des effets blanchissants, anti-cernes, anti-\u00e2ge et hydratants. Il s&rsquo;agit d&rsquo;un compos\u00e9 polyvalent qui r\u00e9pond aux divers besoins de la peau, la prot\u00e9geant des facteurs externes et internes qui causent le vieillissement et les dommages.<\/p>\n","protected":false},"excerpt":{"rendered":"<p>L&rsquo;<strong>ergothion\u00e9ine<\/strong>, \u00e9galement connue sous le nom de <strong>2-mercaptohistidine trim\u00e9thylbeta<\/strong> ou d&rsquo;<strong>alcalo\u00efde d&rsquo;ergothion\u00e9ine<\/strong>, est un ingr\u00e9dient actif unique en cosm\u00e9tique qui poss\u00e8de des propri\u00e9t\u00e9s antioxydantes et protectrices exceptionnelles.<\/p>\n","protected":false},"featured_media":29596,"template":"","meta":{"_acf_changed":false},"product_brand":[],"product_cat":[2491],"product_tag":[],"class_list":{"0":"post-30028","1":"product","2":"type-product","3":"status-publish","4":"has-post-thumbnail","6":"product_cat-peptides-fr","7":"pa_metoda-pozyskiwania-biosynthese-fr","9":"first","10":"instock","11":"shipping-taxable","12":"product-type-simple"},"acf":[],"yoast_head":"<!-- This site is optimized with the Yoast SEO plugin v27.4 - https:\/\/yoast.com\/product\/yoast-seo-wordpress\/ -->\n<title>Ergotioneina - Distributeur en gros<\/title>\n<meta name=\"description\" content=\"L&#039;ergothion\u00e9ine, \u00e9galement connue sous le nom de 2-mercaptohistidine trim\u00e9thylb\u00e9ta\u00efne ou alcalo\u00efde d&#039;ergoth, est un ingr\u00e9dient actif unique dans les cosm\u00e9tiques.\" \/>\n<meta name=\"robots\" content=\"index, follow, max-snippet:-1, max-image-preview:large, max-video-preview:-1\" \/>\n<link rel=\"canonical\" href=\"https:\/\/naturalpoland.com\/fr\/produkty\/produits-pour-lindustrie-cosmetique\/peptides-fr\/ergotioneina\/\" \/>\n<meta property=\"og:locale\" content=\"fr_FR\" \/>\n<meta property=\"og:type\" content=\"article\" \/>\n<meta property=\"og:title\" content=\"Ergotioneina - Distributeur en gros\" \/>\n<meta property=\"og:description\" content=\"L&#039;ergothion\u00e9ine, \u00e9galement connue sous le nom de 2-mercaptohistidine trim\u00e9thylb\u00e9ta\u00efne ou alcalo\u00efde d&#039;ergoth, est un ingr\u00e9dient actif unique dans les cosm\u00e9tiques.\" \/>\n<meta property=\"og:url\" content=\"https:\/\/naturalpoland.com\/fr\/produkty\/produits-pour-lindustrie-cosmetique\/peptides-fr\/ergotioneina\/\" \/>\n<meta property=\"og:site_name\" content=\"NATURAL POLAND - Distributeur de mati\u00e8res premi\u00e8res en gros\" \/>\n<meta property=\"article:publisher\" content=\"https:\/\/www.facebook.com\/naturalpoland.b2b\" \/>\n<meta property=\"og:image\" content=\"https:\/\/naturalpoland.com\/wp-content\/uploads\/ergothioneine.webp\" \/>\n\t<meta property=\"og:image:width\" content=\"614\" \/>\n\t<meta property=\"og:image:height\" content=\"614\" \/>\n\t<meta property=\"og:image:type\" content=\"image\/webp\" \/>\n<script type=\"application\/ld+json\" class=\"yoast-schema-graph\">{\"@context\":\"https:\\\/\\\/schema.org\",\"@graph\":[{\"@type\":\"WebPage\",\"@id\":\"https:\\\/\\\/naturalpoland.com\\\/fr\\\/produkty\\\/produits-pour-lindustrie-cosmetique\\\/peptides-fr\\\/ergotioneina\\\/\",\"url\":\"https:\\\/\\\/naturalpoland.com\\\/fr\\\/produkty\\\/produits-pour-lindustrie-cosmetique\\\/peptides-fr\\\/ergotioneina\\\/\",\"name\":\"Ergotioneina - Distributeur en gros\",\"isPartOf\":{\"@id\":\"https:\\\/\\\/naturalpoland.com\\\/fr\\\/#website\"},\"primaryImageOfPage\":{\"@id\":\"https:\\\/\\\/naturalpoland.com\\\/fr\\\/produkty\\\/produits-pour-lindustrie-cosmetique\\\/peptides-fr\\\/ergotioneina\\\/#primaryimage\"},\"image\":{\"@id\":\"https:\\\/\\\/naturalpoland.com\\\/fr\\\/produkty\\\/produits-pour-lindustrie-cosmetique\\\/peptides-fr\\\/ergotioneina\\\/#primaryimage\"},\"thumbnailUrl\":\"https:\\\/\\\/naturalpoland.com\\\/wp-content\\\/uploads\\\/ergothioneine.webp\",\"datePublished\":\"2024-01-26T14:13:04+00:00\",\"description\":\"L'ergothion\u00e9ine, \u00e9galement connue sous le nom de 2-mercaptohistidine trim\u00e9thylb\u00e9ta\u00efne ou alcalo\u00efde d'ergoth, est un ingr\u00e9dient actif unique dans les cosm\u00e9tiques.\",\"breadcrumb\":{\"@id\":\"https:\\\/\\\/naturalpoland.com\\\/fr\\\/produkty\\\/produits-pour-lindustrie-cosmetique\\\/peptides-fr\\\/ergotioneina\\\/#breadcrumb\"},\"inLanguage\":\"fr-FR\",\"potentialAction\":[{\"@type\":\"ReadAction\",\"target\":[\"https:\\\/\\\/naturalpoland.com\\\/fr\\\/produkty\\\/produits-pour-lindustrie-cosmetique\\\/peptides-fr\\\/ergotioneina\\\/\"]}]},{\"@type\":\"ImageObject\",\"inLanguage\":\"fr-FR\",\"@id\":\"https:\\\/\\\/naturalpoland.com\\\/fr\\\/produkty\\\/produits-pour-lindustrie-cosmetique\\\/peptides-fr\\\/ergotioneina\\\/#primaryimage\",\"url\":\"https:\\\/\\\/naturalpoland.com\\\/wp-content\\\/uploads\\\/ergothioneine.webp\",\"contentUrl\":\"https:\\\/\\\/naturalpoland.com\\\/wp-content\\\/uploads\\\/ergothioneine.webp\",\"width\":614,\"height\":614,\"caption\":\"Ergotioneina\"},{\"@type\":\"BreadcrumbList\",\"@id\":\"https:\\\/\\\/naturalpoland.com\\\/fr\\\/produkty\\\/produits-pour-lindustrie-cosmetique\\\/peptides-fr\\\/ergotioneina\\\/#breadcrumb\",\"itemListElement\":[{\"@type\":\"ListItem\",\"position\":1,\"name\":\"Accueil\",\"item\":\"https:\\\/\\\/naturalpoland.com\\\/fr\\\/\"},{\"@type\":\"ListItem\",\"position\":2,\"name\":\"Produits\",\"item\":\"https:\\\/\\\/naturalpoland.com\\\/fr\\\/produits\\\/\"},{\"@type\":\"ListItem\",\"position\":3,\"name\":\"Ergotioneina\"}]},{\"@type\":\"WebSite\",\"@id\":\"https:\\\/\\\/naturalpoland.com\\\/fr\\\/#website\",\"url\":\"https:\\\/\\\/naturalpoland.com\\\/fr\\\/\",\"name\":\"NATURAL POLAND - Distributeur de mati\u00e8res premi\u00e8res en gros\",\"description\":\"Surowce dla przemys\u0142u spo\u017cywczego, kosmetycznego i farmaceutycznego\",\"publisher\":{\"@id\":\"https:\\\/\\\/naturalpoland.com\\\/fr\\\/#organization\"},\"potentialAction\":[{\"@type\":\"SearchAction\",\"target\":{\"@type\":\"EntryPoint\",\"urlTemplate\":\"https:\\\/\\\/naturalpoland.com\\\/fr\\\/?s={search_term_string}\"},\"query-input\":{\"@type\":\"PropertyValueSpecification\",\"valueRequired\":true,\"valueName\":\"search_term_string\"}}],\"inLanguage\":\"fr-FR\"},{\"@type\":\"Organization\",\"@id\":\"https:\\\/\\\/naturalpoland.com\\\/fr\\\/#organization\",\"name\":\"Natural Poland\",\"url\":\"https:\\\/\\\/naturalpoland.com\\\/fr\\\/\",\"logo\":{\"@type\":\"ImageObject\",\"inLanguage\":\"fr-FR\",\"@id\":\"https:\\\/\\\/naturalpoland.com\\\/fr\\\/#\\\/schema\\\/logo\\\/image\\\/\",\"url\":\"https:\\\/\\\/naturalpoland.com\\\/wp-content\\\/uploads\\\/2021\\\/05\\\/natural-poland-icon.png\",\"contentUrl\":\"https:\\\/\\\/naturalpoland.com\\\/wp-content\\\/uploads\\\/2021\\\/05\\\/natural-poland-icon.png\",\"width\":512,\"height\":512,\"caption\":\"Natural Poland\"},\"image\":{\"@id\":\"https:\\\/\\\/naturalpoland.com\\\/fr\\\/#\\\/schema\\\/logo\\\/image\\\/\"},\"sameAs\":[\"https:\\\/\\\/www.facebook.com\\\/naturalpoland.b2b\",\"https:\\\/\\\/pl.linkedin.com\\\/company\\\/natural-poland\",\"https:\\\/\\\/www.youtube.com\\\/channel\\\/UCgeGGkvOMahZo-xu_MSEWxg\"]}]}<\/script>\n<!-- \/ Yoast SEO plugin. -->","yoast_head_json":{"title":"Ergotioneina - Distributeur en gros","description":"L'ergothion\u00e9ine, \u00e9galement connue sous le nom de 2-mercaptohistidine trim\u00e9thylb\u00e9ta\u00efne ou alcalo\u00efde d'ergoth, est un ingr\u00e9dient actif unique dans les cosm\u00e9tiques.","robots":{"index":"index","follow":"follow","max-snippet":"max-snippet:-1","max-image-preview":"max-image-preview:large","max-video-preview":"max-video-preview:-1"},"canonical":"https:\/\/naturalpoland.com\/fr\/produkty\/produits-pour-lindustrie-cosmetique\/peptides-fr\/ergotioneina\/","og_locale":"fr_FR","og_type":"article","og_title":"Ergotioneina - Distributeur en gros","og_description":"L'ergothion\u00e9ine, \u00e9galement connue sous le nom de 2-mercaptohistidine trim\u00e9thylb\u00e9ta\u00efne ou alcalo\u00efde d'ergoth, est un ingr\u00e9dient actif unique dans les cosm\u00e9tiques.","og_url":"https:\/\/naturalpoland.com\/fr\/produkty\/produits-pour-lindustrie-cosmetique\/peptides-fr\/ergotioneina\/","og_site_name":"NATURAL POLAND - Distributeur de mati\u00e8res premi\u00e8res en gros","article_publisher":"https:\/\/www.facebook.com\/naturalpoland.b2b","og_image":[{"width":614,"height":614,"url":"https:\/\/naturalpoland.com\/wp-content\/uploads\/ergothioneine.webp","type":"image\/webp"}],"schema":{"@context":"https:\/\/schema.org","@graph":[{"@type":"WebPage","@id":"https:\/\/naturalpoland.com\/fr\/produkty\/produits-pour-lindustrie-cosmetique\/peptides-fr\/ergotioneina\/","url":"https:\/\/naturalpoland.com\/fr\/produkty\/produits-pour-lindustrie-cosmetique\/peptides-fr\/ergotioneina\/","name":"Ergotioneina - Distributeur en gros","isPartOf":{"@id":"https:\/\/naturalpoland.com\/fr\/#website"},"primaryImageOfPage":{"@id":"https:\/\/naturalpoland.com\/fr\/produkty\/produits-pour-lindustrie-cosmetique\/peptides-fr\/ergotioneina\/#primaryimage"},"image":{"@id":"https:\/\/naturalpoland.com\/fr\/produkty\/produits-pour-lindustrie-cosmetique\/peptides-fr\/ergotioneina\/#primaryimage"},"thumbnailUrl":"https:\/\/naturalpoland.com\/wp-content\/uploads\/ergothioneine.webp","datePublished":"2024-01-26T14:13:04+00:00","description":"L'ergothion\u00e9ine, \u00e9galement connue sous le nom de 2-mercaptohistidine trim\u00e9thylb\u00e9ta\u00efne ou alcalo\u00efde d'ergoth, est un ingr\u00e9dient actif unique dans les cosm\u00e9tiques.","breadcrumb":{"@id":"https:\/\/naturalpoland.com\/fr\/produkty\/produits-pour-lindustrie-cosmetique\/peptides-fr\/ergotioneina\/#breadcrumb"},"inLanguage":"fr-FR","potentialAction":[{"@type":"ReadAction","target":["https:\/\/naturalpoland.com\/fr\/produkty\/produits-pour-lindustrie-cosmetique\/peptides-fr\/ergotioneina\/"]}]},{"@type":"ImageObject","inLanguage":"fr-FR","@id":"https:\/\/naturalpoland.com\/fr\/produkty\/produits-pour-lindustrie-cosmetique\/peptides-fr\/ergotioneina\/#primaryimage","url":"https:\/\/naturalpoland.com\/wp-content\/uploads\/ergothioneine.webp","contentUrl":"https:\/\/naturalpoland.com\/wp-content\/uploads\/ergothioneine.webp","width":614,"height":614,"caption":"Ergotioneina"},{"@type":"BreadcrumbList","@id":"https:\/\/naturalpoland.com\/fr\/produkty\/produits-pour-lindustrie-cosmetique\/peptides-fr\/ergotioneina\/#breadcrumb","itemListElement":[{"@type":"ListItem","position":1,"name":"Accueil","item":"https:\/\/naturalpoland.com\/fr\/"},{"@type":"ListItem","position":2,"name":"Produits","item":"https:\/\/naturalpoland.com\/fr\/produits\/"},{"@type":"ListItem","position":3,"name":"Ergotioneina"}]},{"@type":"WebSite","@id":"https:\/\/naturalpoland.com\/fr\/#website","url":"https:\/\/naturalpoland.com\/fr\/","name":"NATURAL POLAND - Distributeur de mati\u00e8res premi\u00e8res en gros","description":"Surowce dla przemys\u0142u spo\u017cywczego, kosmetycznego i farmaceutycznego","publisher":{"@id":"https:\/\/naturalpoland.com\/fr\/#organization"},"potentialAction":[{"@type":"SearchAction","target":{"@type":"EntryPoint","urlTemplate":"https:\/\/naturalpoland.com\/fr\/?s={search_term_string}"},"query-input":{"@type":"PropertyValueSpecification","valueRequired":true,"valueName":"search_term_string"}}],"inLanguage":"fr-FR"},{"@type":"Organization","@id":"https:\/\/naturalpoland.com\/fr\/#organization","name":"Natural Poland","url":"https:\/\/naturalpoland.com\/fr\/","logo":{"@type":"ImageObject","inLanguage":"fr-FR","@id":"https:\/\/naturalpoland.com\/fr\/#\/schema\/logo\/image\/","url":"https:\/\/naturalpoland.com\/wp-content\/uploads\/2021\/05\/natural-poland-icon.png","contentUrl":"https:\/\/naturalpoland.com\/wp-content\/uploads\/2021\/05\/natural-poland-icon.png","width":512,"height":512,"caption":"Natural Poland"},"image":{"@id":"https:\/\/naturalpoland.com\/fr\/#\/schema\/logo\/image\/"},"sameAs":["https:\/\/www.facebook.com\/naturalpoland.b2b","https:\/\/pl.linkedin.com\/company\/natural-poland","https:\/\/www.youtube.com\/channel\/UCgeGGkvOMahZo-xu_MSEWxg"]}]}},"_links":{"self":[{"href":"https:\/\/naturalpoland.com\/fr\/wp-json\/wp\/v2\/product\/30028","targetHints":{"allow":["GET"]}}],"collection":[{"href":"https:\/\/naturalpoland.com\/fr\/wp-json\/wp\/v2\/product"}],"about":[{"href":"https:\/\/naturalpoland.com\/fr\/wp-json\/wp\/v2\/types\/product"}],"wp:featuredmedia":[{"embeddable":true,"href":"https:\/\/naturalpoland.com\/fr\/wp-json\/wp\/v2\/media\/29596"}],"wp:attachment":[{"href":"https:\/\/naturalpoland.com\/fr\/wp-json\/wp\/v2\/media?parent=30028"}],"wp:term":[{"taxonomy":"product_brand","embeddable":true,"href":"https:\/\/naturalpoland.com\/fr\/wp-json\/wp\/v2\/product_brand?post=30028"},{"taxonomy":"product_cat","embeddable":true,"href":"https:\/\/naturalpoland.com\/fr\/wp-json\/wp\/v2\/product_cat?post=30028"},{"taxonomy":"product_tag","embeddable":true,"href":"https:\/\/naturalpoland.com\/fr\/wp-json\/wp\/v2\/product_tag?post=30028"}],"curies":[{"name":"wp","href":"https:\/\/api.w.org\/{rel}","templated":true}]}}