{"id":30233,"date":"2024-02-01T14:59:39","date_gmt":"2024-02-01T14:01:59","guid":{"rendered":"https:\/\/naturalpoland.com\/produkty\/non%20class\u00e9\/extrait-de-mumio\/"},"modified":"2024-04-29T14:46:45","modified_gmt":"2024-04-29T12:46:45","slug":"extrait-de-mumio","status":"publish","type":"product","link":"https:\/\/naturalpoland.com\/fr\/produkty\/extraits-de-plantes\/extrait-de-mumio\/","title":{"rendered":"Extrait de mumio"},"content":{"rendered":"<p>L&rsquo;extrait de mumio contient <strong>entre 5% et 20% d&rsquo;acide fulvique<\/strong>, ce qui d\u00e9montre sa haute qualit\u00e9 et son efficacit\u00e9. Il se pr\u00e9sente sous la forme d&rsquo;une fine poudre brune \u00e0 l&rsquo;odeur et au go\u00fbt caract\u00e9ristiques, confirm\u00e9s par des tests organoleptiques. Le produit r\u00e9pond \u00e0 des normes strictes en mati\u00e8re de teneur en m\u00e9taux lourds et en pesticides, ce qui garantit sa s\u00e9curit\u00e9 et sa puret\u00e9.<\/p>\n<p>Le shilajit est appr\u00e9ci\u00e9 pour ses nombreux bienfaits pour la sant\u00e9, notamment pour <strong>le fonctionnement du syst\u00e8me immunitaire<\/strong>, l&rsquo;<strong>am\u00e9lioration de l&rsquo;\u00e9tat de la peau<\/strong> et l&rsquo;<strong>activit\u00e9 antioxydante<\/strong>. Ses propri\u00e9t\u00e9s uniques sont dues \u00e0 sa richesse en acide fulvique et autres min\u00e9raux pr\u00e9cieux. Gr\u00e2ce au processus d&rsquo;extraction naturel, elle conserve les compos\u00e9s bioactifs les plus importants, ce qui la rend extr\u00eamement efficace pour de nombreuses applications dans le domaine de la sant\u00e9 et de la cosm\u00e9tique.<\/p>\n<p>Le produit est enti\u00e8rement compatible avec les v\u00e9g\u00e9taliens et les v\u00e9g\u00e9tariens. Le shilajit est utilis\u00e9 \u00e0 la fois dans les <strong>compl\u00e9ments alimentaires<\/strong> et dans la <strong>production de cosm\u00e9tiques<\/strong>, o\u00f9 ses propri\u00e9t\u00e9s r\u00e9g\u00e9n\u00e9ratrices et nourrissantes sont exploit\u00e9es.<\/p>\n<p>L&rsquo;utilisation de l&rsquo;extrait de mumio peut avoir des effets b\u00e9n\u00e9fiques importants sur la sant\u00e9 et la beaut\u00e9, en ayant un impact positif sur la sant\u00e9 g\u00e9n\u00e9rale de l&rsquo;organisme et l&rsquo;\u00e9tat de la peau. Son origine naturelle et son mode d&rsquo;extraction par fermentation lui garantissent de conserver sa qualit\u00e9 sup\u00e9rieure et son efficacit\u00e9.<\/p>\n","protected":false},"excerpt":{"rendered":"<p>L&rsquo;<strong>extrait de Mumio<\/strong>, \u00e9galement connu sous le nom de <strong>Shilajit<\/strong>, est un ingr\u00e9dient pr\u00e9cieux utilis\u00e9 dans la m\u00e9decine traditionnelle asiatique, extrait de sources complexes naturelles dans les montagnes de Chine.<\/p>\n","protected":false},"featured_media":30224,"template":"","meta":[],"product_brand":[],"product_cat":[1293],"product_tag":[],"class_list":{"0":"post-30233","1":"product","2":"type-product","3":"status-publish","4":"has-post-thumbnail","6":"product_cat-extraits-de-plantes","7":"pa_certyfikaty-certification-cachere","8":"pa_certyfikaty-halal-fr","10":"first","11":"instock","12":"shipping-taxable","13":"product-type-simple"},"yoast_head":"<!-- This site is optimized with the Yoast SEO plugin v27.4 - https:\/\/yoast.com\/product\/yoast-seo-wordpress\/ -->\n<title>Extrait de mumio - Distributeur en gros<\/title>\n<meta name=\"description\" content=\"L&#039;extrait de Mumio, \u00e9galement connu sous le nom de Shilajit, est un ingr\u00e9dient pr\u00e9cieux utilis\u00e9 dans la m\u00e9decine traditionnelle asiatique et est extrait de sources naturelles.\" \/>\n<meta name=\"robots\" content=\"index, follow, max-snippet:-1, max-image-preview:large, max-video-preview:-1\" \/>\n<link rel=\"canonical\" href=\"https:\/\/naturalpoland.com\/fr\/produkty\/extraits-de-plantes\/extrait-de-mumio\/\" \/>\n<meta property=\"og:locale\" content=\"fr_FR\" \/>\n<meta property=\"og:type\" content=\"article\" \/>\n<meta property=\"og:title\" content=\"Extrait de mumio - Distributeur en gros\" \/>\n<meta property=\"og:description\" content=\"L&#039;extrait de Mumio, \u00e9galement connu sous le nom de Shilajit, est un ingr\u00e9dient pr\u00e9cieux utilis\u00e9 dans la m\u00e9decine traditionnelle asiatique et est extrait de sources naturelles.\" \/>\n<meta property=\"og:url\" content=\"https:\/\/naturalpoland.com\/fr\/produkty\/extraits-de-plantes\/extrait-de-mumio\/\" \/>\n<meta property=\"og:site_name\" content=\"NATURAL POLAND - Distributeur de mati\u00e8res premi\u00e8res en gros\" \/>\n<meta property=\"article:publisher\" content=\"https:\/\/www.facebook.com\/naturalpoland.b2b\" \/>\n<meta property=\"article:modified_time\" content=\"2024-04-29T12:46:45+00:00\" \/>\n<meta property=\"og:image\" content=\"https:\/\/naturalpoland.com\/wp-content\/uploads\/shilajit_extract.webp\" \/>\n\t<meta property=\"og:image:width\" content=\"613\" \/>\n\t<meta property=\"og:image:height\" content=\"613\" \/>\n\t<meta property=\"og:image:type\" content=\"image\/webp\" \/>\n<script type=\"application\/ld+json\" class=\"yoast-schema-graph\">{\"@context\":\"https:\\\/\\\/schema.org\",\"@graph\":[{\"@type\":\"WebPage\",\"@id\":\"https:\\\/\\\/naturalpoland.com\\\/fr\\\/produkty\\\/extraits-de-plantes\\\/extrait-de-mumio\\\/\",\"url\":\"https:\\\/\\\/naturalpoland.com\\\/fr\\\/produkty\\\/extraits-de-plantes\\\/extrait-de-mumio\\\/\",\"name\":\"Extrait de mumio - Distributeur en gros\",\"isPartOf\":{\"@id\":\"https:\\\/\\\/naturalpoland.com\\\/fr\\\/#website\"},\"primaryImageOfPage\":{\"@id\":\"https:\\\/\\\/naturalpoland.com\\\/fr\\\/produkty\\\/extraits-de-plantes\\\/extrait-de-mumio\\\/#primaryimage\"},\"image\":{\"@id\":\"https:\\\/\\\/naturalpoland.com\\\/fr\\\/produkty\\\/extraits-de-plantes\\\/extrait-de-mumio\\\/#primaryimage\"},\"thumbnailUrl\":\"https:\\\/\\\/naturalpoland.com\\\/wp-content\\\/uploads\\\/shilajit_extract.webp\",\"datePublished\":\"2024-02-01T14:01:59+00:00\",\"dateModified\":\"2024-04-29T12:46:45+00:00\",\"description\":\"L'extrait de Mumio, \u00e9galement connu sous le nom de Shilajit, est un ingr\u00e9dient pr\u00e9cieux utilis\u00e9 dans la m\u00e9decine traditionnelle asiatique et est extrait de sources naturelles.\",\"breadcrumb\":{\"@id\":\"https:\\\/\\\/naturalpoland.com\\\/fr\\\/produkty\\\/extraits-de-plantes\\\/extrait-de-mumio\\\/#breadcrumb\"},\"inLanguage\":\"fr-FR\",\"potentialAction\":[{\"@type\":\"ReadAction\",\"target\":[\"https:\\\/\\\/naturalpoland.com\\\/fr\\\/produkty\\\/extraits-de-plantes\\\/extrait-de-mumio\\\/\"]}]},{\"@type\":\"ImageObject\",\"inLanguage\":\"fr-FR\",\"@id\":\"https:\\\/\\\/naturalpoland.com\\\/fr\\\/produkty\\\/extraits-de-plantes\\\/extrait-de-mumio\\\/#primaryimage\",\"url\":\"https:\\\/\\\/naturalpoland.com\\\/wp-content\\\/uploads\\\/shilajit_extract.webp\",\"contentUrl\":\"https:\\\/\\\/naturalpoland.com\\\/wp-content\\\/uploads\\\/shilajit_extract.webp\",\"width\":613,\"height\":613,\"caption\":\"ekstrakt z mumio\"},{\"@type\":\"BreadcrumbList\",\"@id\":\"https:\\\/\\\/naturalpoland.com\\\/fr\\\/produkty\\\/extraits-de-plantes\\\/extrait-de-mumio\\\/#breadcrumb\",\"itemListElement\":[{\"@type\":\"ListItem\",\"position\":1,\"name\":\"Accueil\",\"item\":\"https:\\\/\\\/naturalpoland.com\\\/fr\\\/\"},{\"@type\":\"ListItem\",\"position\":2,\"name\":\"Produits\",\"item\":\"https:\\\/\\\/naturalpoland.com\\\/fr\\\/produits\\\/\"},{\"@type\":\"ListItem\",\"position\":3,\"name\":\"Extrait de mumio\"}]},{\"@type\":\"WebSite\",\"@id\":\"https:\\\/\\\/naturalpoland.com\\\/fr\\\/#website\",\"url\":\"https:\\\/\\\/naturalpoland.com\\\/fr\\\/\",\"name\":\"NATURAL POLAND - Distributeur de mati\u00e8res premi\u00e8res en gros\",\"description\":\"Surowce dla przemys\u0142u spo\u017cywczego, kosmetycznego i farmaceutycznego\",\"publisher\":{\"@id\":\"https:\\\/\\\/naturalpoland.com\\\/fr\\\/#organization\"},\"potentialAction\":[{\"@type\":\"SearchAction\",\"target\":{\"@type\":\"EntryPoint\",\"urlTemplate\":\"https:\\\/\\\/naturalpoland.com\\\/fr\\\/?s={search_term_string}\"},\"query-input\":{\"@type\":\"PropertyValueSpecification\",\"valueRequired\":true,\"valueName\":\"search_term_string\"}}],\"inLanguage\":\"fr-FR\"},{\"@type\":\"Organization\",\"@id\":\"https:\\\/\\\/naturalpoland.com\\\/fr\\\/#organization\",\"name\":\"Natural Poland\",\"url\":\"https:\\\/\\\/naturalpoland.com\\\/fr\\\/\",\"logo\":{\"@type\":\"ImageObject\",\"inLanguage\":\"fr-FR\",\"@id\":\"https:\\\/\\\/naturalpoland.com\\\/fr\\\/#\\\/schema\\\/logo\\\/image\\\/\",\"url\":\"https:\\\/\\\/naturalpoland.com\\\/wp-content\\\/uploads\\\/2021\\\/05\\\/natural-poland-icon.png\",\"contentUrl\":\"https:\\\/\\\/naturalpoland.com\\\/wp-content\\\/uploads\\\/2021\\\/05\\\/natural-poland-icon.png\",\"width\":512,\"height\":512,\"caption\":\"Natural Poland\"},\"image\":{\"@id\":\"https:\\\/\\\/naturalpoland.com\\\/fr\\\/#\\\/schema\\\/logo\\\/image\\\/\"},\"sameAs\":[\"https:\\\/\\\/www.facebook.com\\\/naturalpoland.b2b\",\"https:\\\/\\\/pl.linkedin.com\\\/company\\\/natural-poland\",\"https:\\\/\\\/www.youtube.com\\\/channel\\\/UCgeGGkvOMahZo-xu_MSEWxg\"]}]}<\/script>\n<!-- \/ Yoast SEO plugin. -->","yoast_head_json":{"title":"Extrait de mumio - Distributeur en gros","description":"L'extrait de Mumio, \u00e9galement connu sous le nom de Shilajit, est un ingr\u00e9dient pr\u00e9cieux utilis\u00e9 dans la m\u00e9decine traditionnelle asiatique et est extrait de sources naturelles.","robots":{"index":"index","follow":"follow","max-snippet":"max-snippet:-1","max-image-preview":"max-image-preview:large","max-video-preview":"max-video-preview:-1"},"canonical":"https:\/\/naturalpoland.com\/fr\/produkty\/extraits-de-plantes\/extrait-de-mumio\/","og_locale":"fr_FR","og_type":"article","og_title":"Extrait de mumio - Distributeur en gros","og_description":"L'extrait de Mumio, \u00e9galement connu sous le nom de Shilajit, est un ingr\u00e9dient pr\u00e9cieux utilis\u00e9 dans la m\u00e9decine traditionnelle asiatique et est extrait de sources naturelles.","og_url":"https:\/\/naturalpoland.com\/fr\/produkty\/extraits-de-plantes\/extrait-de-mumio\/","og_site_name":"NATURAL POLAND - Distributeur de mati\u00e8res premi\u00e8res en gros","article_publisher":"https:\/\/www.facebook.com\/naturalpoland.b2b","article_modified_time":"2024-04-29T12:46:45+00:00","og_image":[{"width":613,"height":613,"url":"https:\/\/naturalpoland.com\/wp-content\/uploads\/shilajit_extract.webp","type":"image\/webp"}],"schema":{"@context":"https:\/\/schema.org","@graph":[{"@type":"WebPage","@id":"https:\/\/naturalpoland.com\/fr\/produkty\/extraits-de-plantes\/extrait-de-mumio\/","url":"https:\/\/naturalpoland.com\/fr\/produkty\/extraits-de-plantes\/extrait-de-mumio\/","name":"Extrait de mumio - Distributeur en gros","isPartOf":{"@id":"https:\/\/naturalpoland.com\/fr\/#website"},"primaryImageOfPage":{"@id":"https:\/\/naturalpoland.com\/fr\/produkty\/extraits-de-plantes\/extrait-de-mumio\/#primaryimage"},"image":{"@id":"https:\/\/naturalpoland.com\/fr\/produkty\/extraits-de-plantes\/extrait-de-mumio\/#primaryimage"},"thumbnailUrl":"https:\/\/naturalpoland.com\/wp-content\/uploads\/shilajit_extract.webp","datePublished":"2024-02-01T14:01:59+00:00","dateModified":"2024-04-29T12:46:45+00:00","description":"L'extrait de Mumio, \u00e9galement connu sous le nom de Shilajit, est un ingr\u00e9dient pr\u00e9cieux utilis\u00e9 dans la m\u00e9decine traditionnelle asiatique et est extrait de sources naturelles.","breadcrumb":{"@id":"https:\/\/naturalpoland.com\/fr\/produkty\/extraits-de-plantes\/extrait-de-mumio\/#breadcrumb"},"inLanguage":"fr-FR","potentialAction":[{"@type":"ReadAction","target":["https:\/\/naturalpoland.com\/fr\/produkty\/extraits-de-plantes\/extrait-de-mumio\/"]}]},{"@type":"ImageObject","inLanguage":"fr-FR","@id":"https:\/\/naturalpoland.com\/fr\/produkty\/extraits-de-plantes\/extrait-de-mumio\/#primaryimage","url":"https:\/\/naturalpoland.com\/wp-content\/uploads\/shilajit_extract.webp","contentUrl":"https:\/\/naturalpoland.com\/wp-content\/uploads\/shilajit_extract.webp","width":613,"height":613,"caption":"ekstrakt z mumio"},{"@type":"BreadcrumbList","@id":"https:\/\/naturalpoland.com\/fr\/produkty\/extraits-de-plantes\/extrait-de-mumio\/#breadcrumb","itemListElement":[{"@type":"ListItem","position":1,"name":"Accueil","item":"https:\/\/naturalpoland.com\/fr\/"},{"@type":"ListItem","position":2,"name":"Produits","item":"https:\/\/naturalpoland.com\/fr\/produits\/"},{"@type":"ListItem","position":3,"name":"Extrait de mumio"}]},{"@type":"WebSite","@id":"https:\/\/naturalpoland.com\/fr\/#website","url":"https:\/\/naturalpoland.com\/fr\/","name":"NATURAL POLAND - Distributeur de mati\u00e8res premi\u00e8res en gros","description":"Surowce dla przemys\u0142u spo\u017cywczego, kosmetycznego i farmaceutycznego","publisher":{"@id":"https:\/\/naturalpoland.com\/fr\/#organization"},"potentialAction":[{"@type":"SearchAction","target":{"@type":"EntryPoint","urlTemplate":"https:\/\/naturalpoland.com\/fr\/?s={search_term_string}"},"query-input":{"@type":"PropertyValueSpecification","valueRequired":true,"valueName":"search_term_string"}}],"inLanguage":"fr-FR"},{"@type":"Organization","@id":"https:\/\/naturalpoland.com\/fr\/#organization","name":"Natural Poland","url":"https:\/\/naturalpoland.com\/fr\/","logo":{"@type":"ImageObject","inLanguage":"fr-FR","@id":"https:\/\/naturalpoland.com\/fr\/#\/schema\/logo\/image\/","url":"https:\/\/naturalpoland.com\/wp-content\/uploads\/2021\/05\/natural-poland-icon.png","contentUrl":"https:\/\/naturalpoland.com\/wp-content\/uploads\/2021\/05\/natural-poland-icon.png","width":512,"height":512,"caption":"Natural Poland"},"image":{"@id":"https:\/\/naturalpoland.com\/fr\/#\/schema\/logo\/image\/"},"sameAs":["https:\/\/www.facebook.com\/naturalpoland.b2b","https:\/\/pl.linkedin.com\/company\/natural-poland","https:\/\/www.youtube.com\/channel\/UCgeGGkvOMahZo-xu_MSEWxg"]}]}},"_links":{"self":[{"href":"https:\/\/naturalpoland.com\/fr\/wp-json\/wp\/v2\/product\/30233","targetHints":{"allow":["GET"]}}],"collection":[{"href":"https:\/\/naturalpoland.com\/fr\/wp-json\/wp\/v2\/product"}],"about":[{"href":"https:\/\/naturalpoland.com\/fr\/wp-json\/wp\/v2\/types\/product"}],"wp:featuredmedia":[{"embeddable":true,"href":"https:\/\/naturalpoland.com\/fr\/wp-json\/wp\/v2\/media\/30224"}],"wp:attachment":[{"href":"https:\/\/naturalpoland.com\/fr\/wp-json\/wp\/v2\/media?parent=30233"}],"wp:term":[{"taxonomy":"product_brand","embeddable":true,"href":"https:\/\/naturalpoland.com\/fr\/wp-json\/wp\/v2\/product_brand?post=30233"},{"taxonomy":"product_cat","embeddable":true,"href":"https:\/\/naturalpoland.com\/fr\/wp-json\/wp\/v2\/product_cat?post=30233"},{"taxonomy":"product_tag","embeddable":true,"href":"https:\/\/naturalpoland.com\/fr\/wp-json\/wp\/v2\/product_tag?post=30233"}],"curies":[{"name":"wp","href":"https:\/\/api.w.org\/{rel}","templated":true}]}}