{"id":30245,"date":"2024-01-26T11:36:50","date_gmt":"2024-01-26T10:36:50","guid":{"rendered":"https:\/\/naturalpoland.com\/produkty\/non%20class\u00e9\/extrait-de-gale\/"},"modified":"2024-04-29T14:52:57","modified_gmt":"2024-04-29T12:52:57","slug":"extrait-de-gale","status":"publish","type":"product","link":"https:\/\/naturalpoland.com\/fr\/produkty\/extraits-de-plantes\/extrait-de-gale\/","title":{"rendered":"Extrait de gale"},"content":{"rendered":"<p>Les utilisations de l&rsquo;extrait de gale vont du soutien de la sant\u00e9 c\u00e9r\u00e9brale et de l&rsquo;am\u00e9lioration de l&rsquo;humeur au soutien du syst\u00e8me reproducteur. Dans la m\u00e9decine ayurv\u00e9dique, le Mucuna Pruriens est utilis\u00e9 pour am\u00e9liorer la libido, la fertilit\u00e9 et comme tonique g\u00e9n\u00e9ral pour renforcer l&rsquo;organisme.<\/p>\n<p>Dans le cadre de la sant\u00e9 c\u00e9r\u00e9brale, cet extrait peut contribuer \u00e0 am\u00e9liorer les fonctions cognitives et \u00e0 r\u00e9duire les sympt\u00f4mes de la d\u00e9pression, gr\u00e2ce \u00e0 son effet sur les niveaux de dopamine. En m\u00e9decine naturelle, il est \u00e9galement utilis\u00e9 pour traiter la maladie de Parkinson, bien que cela n\u00e9cessite des recherches suppl\u00e9mentaires.<\/p>\n<p>En tant que compl\u00e9ment, il est appr\u00e9ci\u00e9 pour ses propri\u00e9t\u00e9s adaptog\u00e8nes, qui aident l&rsquo;organisme \u00e0 mieux faire face au stress et \u00e0 la fatigue. Il peut \u00e9galement contribuer \u00e0 la sant\u00e9 de la peau et des cheveux gr\u00e2ce \u00e0 ses propri\u00e9t\u00e9s antioxydantes.<\/p>\n<p>En termes de s\u00e9curit\u00e9, l&rsquo;extrait de Mucuna Pruriens est g\u00e9n\u00e9ralement consid\u00e9r\u00e9 comme s\u00fbr, mais doit \u00eatre utilis\u00e9 avec prudence, en particulier pour les personnes souffrant de maladies cardiaques, de diab\u00e8te ou qui sont enceintes.<\/p>\n<p>En termes de sp\u00e9cifications, l&rsquo;extrait se pr\u00e9sente sous la forme d&rsquo;une poudre brun clair \u00e0 l&rsquo;odeur et au go\u00fbt caract\u00e9ristiques, r\u00e9pondant \u00e0 toutes les normes de qualit\u00e9, y compris les tests relatifs aux m\u00e9taux lourds et \u00e0 la microbiologie. Il est produit en utilisant l&rsquo;eau comme solvant et ne contient pas d&rsquo;OGM.<\/p>\n","protected":false},"excerpt":{"rendered":"<p><strong>Extrait de gale<\/strong> (<strong><br \/>\n  <em>Mucuna Pruriens<\/em><br \/>\n<\/strong>) est un ingr\u00e9dient appr\u00e9ci\u00e9 dans le monde de la suppl\u00e9mentation et de la m\u00e9decine naturelle. Extrait des graines de la plante, cet extrait est riche de nombreux principes actifs, dont la L-dopa, pr\u00e9curseur de la dopamine, un neurotransmetteur.<\/p>\n","protected":false},"featured_media":29922,"template":"","meta":[],"product_brand":[],"product_cat":[1293],"product_tag":[],"class_list":{"0":"post-30245","1":"product","2":"type-product","3":"status-publish","4":"has-post-thumbnail","6":"product_cat-extraits-de-plantes","7":"pa_certyfikaty-certification-cachere","8":"pa_certyfikaty-halal-fr","9":"pa_czesc-rosliny-des-graines","11":"first","12":"instock","13":"shipping-taxable","14":"product-type-simple"},"yoast_head":"<!-- This site is optimized with the Yoast SEO plugin v27.4 - https:\/\/yoast.com\/product\/yoast-seo-wordpress\/ -->\n<title>Extrait de gale - Distributeur en gros<\/title>\n<meta name=\"description\" content=\"L&#039;extrait de gale (Mucuna Pruriens) est un ingr\u00e9dient appr\u00e9ci\u00e9 dans le monde de la suppl\u00e9mentation et de la m\u00e9decine naturelle.\" \/>\n<meta name=\"robots\" content=\"index, follow, max-snippet:-1, max-image-preview:large, max-video-preview:-1\" \/>\n<link rel=\"canonical\" href=\"https:\/\/naturalpoland.com\/fr\/produkty\/extraits-de-plantes\/extrait-de-gale\/\" \/>\n<meta property=\"og:locale\" content=\"fr_FR\" \/>\n<meta property=\"og:type\" content=\"article\" \/>\n<meta property=\"og:title\" content=\"Extrait de gale - Distributeur en gros\" \/>\n<meta property=\"og:description\" content=\"L&#039;extrait de gale (Mucuna Pruriens) est un ingr\u00e9dient appr\u00e9ci\u00e9 dans le monde de la suppl\u00e9mentation et de la m\u00e9decine naturelle.\" \/>\n<meta property=\"og:url\" content=\"https:\/\/naturalpoland.com\/fr\/produkty\/extraits-de-plantes\/extrait-de-gale\/\" \/>\n<meta property=\"og:site_name\" content=\"NATURAL POLAND - Distributeur de mati\u00e8res premi\u00e8res en gros\" \/>\n<meta property=\"article:publisher\" content=\"https:\/\/www.facebook.com\/naturalpoland.b2b\" \/>\n<meta property=\"article:modified_time\" content=\"2024-04-29T12:52:57+00:00\" \/>\n<meta property=\"og:image\" content=\"https:\/\/naturalpoland.com\/wp-content\/uploads\/mucuna_pruriens_extract.webp\" \/>\n\t<meta property=\"og:image:width\" content=\"614\" \/>\n\t<meta property=\"og:image:height\" content=\"614\" \/>\n\t<meta property=\"og:image:type\" content=\"image\/webp\" \/>\n<script type=\"application\/ld+json\" class=\"yoast-schema-graph\">{\"@context\":\"https:\\\/\\\/schema.org\",\"@graph\":[{\"@type\":\"WebPage\",\"@id\":\"https:\\\/\\\/naturalpoland.com\\\/fr\\\/produkty\\\/extraits-de-plantes\\\/extrait-de-gale\\\/\",\"url\":\"https:\\\/\\\/naturalpoland.com\\\/fr\\\/produkty\\\/extraits-de-plantes\\\/extrait-de-gale\\\/\",\"name\":\"Extrait de gale - Distributeur en gros\",\"isPartOf\":{\"@id\":\"https:\\\/\\\/naturalpoland.com\\\/fr\\\/#website\"},\"primaryImageOfPage\":{\"@id\":\"https:\\\/\\\/naturalpoland.com\\\/fr\\\/produkty\\\/extraits-de-plantes\\\/extrait-de-gale\\\/#primaryimage\"},\"image\":{\"@id\":\"https:\\\/\\\/naturalpoland.com\\\/fr\\\/produkty\\\/extraits-de-plantes\\\/extrait-de-gale\\\/#primaryimage\"},\"thumbnailUrl\":\"https:\\\/\\\/naturalpoland.com\\\/wp-content\\\/uploads\\\/mucuna_pruriens_extract.webp\",\"datePublished\":\"2024-01-26T10:36:50+00:00\",\"dateModified\":\"2024-04-29T12:52:57+00:00\",\"description\":\"L'extrait de gale (Mucuna Pruriens) est un ingr\u00e9dient appr\u00e9ci\u00e9 dans le monde de la suppl\u00e9mentation et de la m\u00e9decine naturelle.\",\"breadcrumb\":{\"@id\":\"https:\\\/\\\/naturalpoland.com\\\/fr\\\/produkty\\\/extraits-de-plantes\\\/extrait-de-gale\\\/#breadcrumb\"},\"inLanguage\":\"fr-FR\",\"potentialAction\":[{\"@type\":\"ReadAction\",\"target\":[\"https:\\\/\\\/naturalpoland.com\\\/fr\\\/produkty\\\/extraits-de-plantes\\\/extrait-de-gale\\\/\"]}]},{\"@type\":\"ImageObject\",\"inLanguage\":\"fr-FR\",\"@id\":\"https:\\\/\\\/naturalpoland.com\\\/fr\\\/produkty\\\/extraits-de-plantes\\\/extrait-de-gale\\\/#primaryimage\",\"url\":\"https:\\\/\\\/naturalpoland.com\\\/wp-content\\\/uploads\\\/mucuna_pruriens_extract.webp\",\"contentUrl\":\"https:\\\/\\\/naturalpoland.com\\\/wp-content\\\/uploads\\\/mucuna_pruriens_extract.webp\",\"width\":614,\"height\":614,\"caption\":\"Ekstrakt z \u015bwierzbca w\u0142a\u015bciwego\"},{\"@type\":\"BreadcrumbList\",\"@id\":\"https:\\\/\\\/naturalpoland.com\\\/fr\\\/produkty\\\/extraits-de-plantes\\\/extrait-de-gale\\\/#breadcrumb\",\"itemListElement\":[{\"@type\":\"ListItem\",\"position\":1,\"name\":\"Accueil\",\"item\":\"https:\\\/\\\/naturalpoland.com\\\/fr\\\/\"},{\"@type\":\"ListItem\",\"position\":2,\"name\":\"Produits\",\"item\":\"https:\\\/\\\/naturalpoland.com\\\/fr\\\/produits\\\/\"},{\"@type\":\"ListItem\",\"position\":3,\"name\":\"Extrait de gale\"}]},{\"@type\":\"WebSite\",\"@id\":\"https:\\\/\\\/naturalpoland.com\\\/fr\\\/#website\",\"url\":\"https:\\\/\\\/naturalpoland.com\\\/fr\\\/\",\"name\":\"NATURAL POLAND - Distributeur de mati\u00e8res premi\u00e8res en gros\",\"description\":\"Surowce dla przemys\u0142u spo\u017cywczego, kosmetycznego i farmaceutycznego\",\"publisher\":{\"@id\":\"https:\\\/\\\/naturalpoland.com\\\/fr\\\/#organization\"},\"potentialAction\":[{\"@type\":\"SearchAction\",\"target\":{\"@type\":\"EntryPoint\",\"urlTemplate\":\"https:\\\/\\\/naturalpoland.com\\\/fr\\\/?s={search_term_string}\"},\"query-input\":{\"@type\":\"PropertyValueSpecification\",\"valueRequired\":true,\"valueName\":\"search_term_string\"}}],\"inLanguage\":\"fr-FR\"},{\"@type\":\"Organization\",\"@id\":\"https:\\\/\\\/naturalpoland.com\\\/fr\\\/#organization\",\"name\":\"Natural Poland\",\"url\":\"https:\\\/\\\/naturalpoland.com\\\/fr\\\/\",\"logo\":{\"@type\":\"ImageObject\",\"inLanguage\":\"fr-FR\",\"@id\":\"https:\\\/\\\/naturalpoland.com\\\/fr\\\/#\\\/schema\\\/logo\\\/image\\\/\",\"url\":\"https:\\\/\\\/naturalpoland.com\\\/wp-content\\\/uploads\\\/2021\\\/05\\\/natural-poland-icon.png\",\"contentUrl\":\"https:\\\/\\\/naturalpoland.com\\\/wp-content\\\/uploads\\\/2021\\\/05\\\/natural-poland-icon.png\",\"width\":512,\"height\":512,\"caption\":\"Natural Poland\"},\"image\":{\"@id\":\"https:\\\/\\\/naturalpoland.com\\\/fr\\\/#\\\/schema\\\/logo\\\/image\\\/\"},\"sameAs\":[\"https:\\\/\\\/www.facebook.com\\\/naturalpoland.b2b\",\"https:\\\/\\\/pl.linkedin.com\\\/company\\\/natural-poland\",\"https:\\\/\\\/www.youtube.com\\\/channel\\\/UCgeGGkvOMahZo-xu_MSEWxg\"]}]}<\/script>\n<!-- \/ Yoast SEO plugin. -->","yoast_head_json":{"title":"Extrait de gale - Distributeur en gros","description":"L'extrait de gale (Mucuna Pruriens) est un ingr\u00e9dient appr\u00e9ci\u00e9 dans le monde de la suppl\u00e9mentation et de la m\u00e9decine naturelle.","robots":{"index":"index","follow":"follow","max-snippet":"max-snippet:-1","max-image-preview":"max-image-preview:large","max-video-preview":"max-video-preview:-1"},"canonical":"https:\/\/naturalpoland.com\/fr\/produkty\/extraits-de-plantes\/extrait-de-gale\/","og_locale":"fr_FR","og_type":"article","og_title":"Extrait de gale - Distributeur en gros","og_description":"L'extrait de gale (Mucuna Pruriens) est un ingr\u00e9dient appr\u00e9ci\u00e9 dans le monde de la suppl\u00e9mentation et de la m\u00e9decine naturelle.","og_url":"https:\/\/naturalpoland.com\/fr\/produkty\/extraits-de-plantes\/extrait-de-gale\/","og_site_name":"NATURAL POLAND - Distributeur de mati\u00e8res premi\u00e8res en gros","article_publisher":"https:\/\/www.facebook.com\/naturalpoland.b2b","article_modified_time":"2024-04-29T12:52:57+00:00","og_image":[{"width":614,"height":614,"url":"https:\/\/naturalpoland.com\/wp-content\/uploads\/mucuna_pruriens_extract.webp","type":"image\/webp"}],"schema":{"@context":"https:\/\/schema.org","@graph":[{"@type":"WebPage","@id":"https:\/\/naturalpoland.com\/fr\/produkty\/extraits-de-plantes\/extrait-de-gale\/","url":"https:\/\/naturalpoland.com\/fr\/produkty\/extraits-de-plantes\/extrait-de-gale\/","name":"Extrait de gale - Distributeur en gros","isPartOf":{"@id":"https:\/\/naturalpoland.com\/fr\/#website"},"primaryImageOfPage":{"@id":"https:\/\/naturalpoland.com\/fr\/produkty\/extraits-de-plantes\/extrait-de-gale\/#primaryimage"},"image":{"@id":"https:\/\/naturalpoland.com\/fr\/produkty\/extraits-de-plantes\/extrait-de-gale\/#primaryimage"},"thumbnailUrl":"https:\/\/naturalpoland.com\/wp-content\/uploads\/mucuna_pruriens_extract.webp","datePublished":"2024-01-26T10:36:50+00:00","dateModified":"2024-04-29T12:52:57+00:00","description":"L'extrait de gale (Mucuna Pruriens) est un ingr\u00e9dient appr\u00e9ci\u00e9 dans le monde de la suppl\u00e9mentation et de la m\u00e9decine naturelle.","breadcrumb":{"@id":"https:\/\/naturalpoland.com\/fr\/produkty\/extraits-de-plantes\/extrait-de-gale\/#breadcrumb"},"inLanguage":"fr-FR","potentialAction":[{"@type":"ReadAction","target":["https:\/\/naturalpoland.com\/fr\/produkty\/extraits-de-plantes\/extrait-de-gale\/"]}]},{"@type":"ImageObject","inLanguage":"fr-FR","@id":"https:\/\/naturalpoland.com\/fr\/produkty\/extraits-de-plantes\/extrait-de-gale\/#primaryimage","url":"https:\/\/naturalpoland.com\/wp-content\/uploads\/mucuna_pruriens_extract.webp","contentUrl":"https:\/\/naturalpoland.com\/wp-content\/uploads\/mucuna_pruriens_extract.webp","width":614,"height":614,"caption":"Ekstrakt z \u015bwierzbca w\u0142a\u015bciwego"},{"@type":"BreadcrumbList","@id":"https:\/\/naturalpoland.com\/fr\/produkty\/extraits-de-plantes\/extrait-de-gale\/#breadcrumb","itemListElement":[{"@type":"ListItem","position":1,"name":"Accueil","item":"https:\/\/naturalpoland.com\/fr\/"},{"@type":"ListItem","position":2,"name":"Produits","item":"https:\/\/naturalpoland.com\/fr\/produits\/"},{"@type":"ListItem","position":3,"name":"Extrait de gale"}]},{"@type":"WebSite","@id":"https:\/\/naturalpoland.com\/fr\/#website","url":"https:\/\/naturalpoland.com\/fr\/","name":"NATURAL POLAND - Distributeur de mati\u00e8res premi\u00e8res en gros","description":"Surowce dla przemys\u0142u spo\u017cywczego, kosmetycznego i farmaceutycznego","publisher":{"@id":"https:\/\/naturalpoland.com\/fr\/#organization"},"potentialAction":[{"@type":"SearchAction","target":{"@type":"EntryPoint","urlTemplate":"https:\/\/naturalpoland.com\/fr\/?s={search_term_string}"},"query-input":{"@type":"PropertyValueSpecification","valueRequired":true,"valueName":"search_term_string"}}],"inLanguage":"fr-FR"},{"@type":"Organization","@id":"https:\/\/naturalpoland.com\/fr\/#organization","name":"Natural Poland","url":"https:\/\/naturalpoland.com\/fr\/","logo":{"@type":"ImageObject","inLanguage":"fr-FR","@id":"https:\/\/naturalpoland.com\/fr\/#\/schema\/logo\/image\/","url":"https:\/\/naturalpoland.com\/wp-content\/uploads\/2021\/05\/natural-poland-icon.png","contentUrl":"https:\/\/naturalpoland.com\/wp-content\/uploads\/2021\/05\/natural-poland-icon.png","width":512,"height":512,"caption":"Natural Poland"},"image":{"@id":"https:\/\/naturalpoland.com\/fr\/#\/schema\/logo\/image\/"},"sameAs":["https:\/\/www.facebook.com\/naturalpoland.b2b","https:\/\/pl.linkedin.com\/company\/natural-poland","https:\/\/www.youtube.com\/channel\/UCgeGGkvOMahZo-xu_MSEWxg"]}]}},"_links":{"self":[{"href":"https:\/\/naturalpoland.com\/fr\/wp-json\/wp\/v2\/product\/30245","targetHints":{"allow":["GET"]}}],"collection":[{"href":"https:\/\/naturalpoland.com\/fr\/wp-json\/wp\/v2\/product"}],"about":[{"href":"https:\/\/naturalpoland.com\/fr\/wp-json\/wp\/v2\/types\/product"}],"wp:featuredmedia":[{"embeddable":true,"href":"https:\/\/naturalpoland.com\/fr\/wp-json\/wp\/v2\/media\/29922"}],"wp:attachment":[{"href":"https:\/\/naturalpoland.com\/fr\/wp-json\/wp\/v2\/media?parent=30245"}],"wp:term":[{"taxonomy":"product_brand","embeddable":true,"href":"https:\/\/naturalpoland.com\/fr\/wp-json\/wp\/v2\/product_brand?post=30245"},{"taxonomy":"product_cat","embeddable":true,"href":"https:\/\/naturalpoland.com\/fr\/wp-json\/wp\/v2\/product_cat?post=30245"},{"taxonomy":"product_tag","embeddable":true,"href":"https:\/\/naturalpoland.com\/fr\/wp-json\/wp\/v2\/product_tag?post=30245"}],"curies":[{"name":"wp","href":"https:\/\/api.w.org\/{rel}","templated":true}]}}