{"id":30265,"date":"2024-01-25T15:30:07","date_gmt":"2024-02-01T14:02:21","guid":{"rendered":"https:\/\/naturalpoland.com\/produkty\/non%20class\u00e9\/extrait-de-poivre-du-perou\/"},"modified":"2024-04-29T14:48:33","modified_gmt":"2024-04-29T12:48:33","slug":"extrait-de-poivre-du-perou","status":"publish","type":"product","link":"https:\/\/naturalpoland.com\/fr\/produkty\/extraits-de-plantes\/extrait-de-poivre-du-perou\/","title":{"rendered":"Extrait de poivre du P\u00e9rou"},"content":{"rendered":"<p>Originaire de Chine, cet extrait de poivre p\u00e9ruvien est fabriqu\u00e9 \u00e0 partir de la racine de la plante et se caract\u00e9rise par sa couleur brune, son odeur et son go\u00fbt distinctifs. Sa poudre finement broy\u00e9e passe par un tamis de 80 mesh, ce qui lui conf\u00e8re une consistance uniforme.<\/p>\n<p>La teneur en humidit\u00e9 de l&rsquo;extrait est inf\u00e9rieure \u00e0 5 % et la teneur en cendres ne d\u00e9passe pas 5 %. Le produit est exempt d&rsquo;OGM et r\u00e9pond aux normes USP en mati\u00e8re de r\u00e9sidus de pesticides. Les tests de d\u00e9tection des m\u00e9taux lourds confirment que la teneur en arsenic, en mercure, en plomb et en cadmium est inf\u00e9rieure aux limites fix\u00e9es, ce qui d\u00e9montre son innocuit\u00e9. En outre, l&rsquo;extrait est exempt de risques microbiologiques tels que E.coli, Salmonella et Staphylococcus aureus.<\/p>\n<h2>Propri\u00e9t\u00e9s et applications<\/h2>\n<p>L&rsquo;extrait de poivre du P\u00e9rou est connu pour sa haute teneur en nutriments naturels, notamment en vitamines, min\u00e9raux et acides amin\u00e9s. C&rsquo;est un ingr\u00e9dient populaire dans les compl\u00e9ments alimentaires pour ses <strong>propri\u00e9t\u00e9s adaptog\u00e8nes<\/strong>, qui aident le corps \u00e0 faire face au stress et \u00e0 augmenter l&rsquo;endurance et l&rsquo;\u00e9nergie. Il est \u00e9galement utilis\u00e9 pour ses effets b\u00e9n\u00e9fiques sur l&rsquo;\u00e9quilibre hormonal, la sant\u00e9 sexuelle et les fonctions cognitives.<\/p>\n<p>L&rsquo;utilisation de l&rsquo;extrait de poivre p\u00e9ruvien est polyvalente, allant des compl\u00e9ments alimentaires aux applications cosm\u00e9tiques, gr\u00e2ce \u00e0 sa riche teneur en nutriments et \u00e0 ses bienfaits potentiels pour la sant\u00e9.<\/p>\n","protected":false},"excerpt":{"rendered":"<p>L&rsquo;<strong>extrait de poivre du P\u00e9rou<\/strong>, scientifiquement connu sous le nom de <strong>Lepidium Meyenii<\/strong>, est un compl\u00e9ment alimentaire tr\u00e8s r\u00e9put\u00e9, reconnu pour ses propri\u00e9t\u00e9s uniques en mati\u00e8re de sant\u00e9 et de nutrition.<\/p>\n","protected":false},"featured_media":29894,"template":"","meta":[],"product_brand":[],"product_cat":[1293],"product_tag":[],"class_list":{"0":"post-30265","1":"product","2":"type-product","3":"status-publish","4":"has-post-thumbnail","6":"product_cat-extraits-de-plantes","7":"pa_certyfikaty-certification-cachere","8":"pa_certyfikaty-halal-fr","9":"pa_czesc-rosliny-racine","11":"first","12":"instock","13":"shipping-taxable","14":"product-type-simple"},"yoast_head":"<!-- This site is optimized with the Yoast SEO plugin v27.4 - https:\/\/yoast.com\/product\/yoast-seo-wordpress\/ -->\n<title>Extrait de poivre du P\u00e9rou - Distributeur en gros<\/title>\n<meta name=\"description\" content=\"L&#039;extrait de capsicum p\u00e9ruvien est un compl\u00e9ment appr\u00e9ci\u00e9 des compl\u00e9ments alimentaires, reconnu pour ses propri\u00e9t\u00e9s uniques en mati\u00e8re de sant\u00e9 et de nutrition.\" \/>\n<meta name=\"robots\" content=\"index, follow, max-snippet:-1, max-image-preview:large, max-video-preview:-1\" \/>\n<link rel=\"canonical\" href=\"https:\/\/naturalpoland.com\/fr\/produkty\/extraits-de-plantes\/extrait-de-poivre-du-perou\/\" \/>\n<meta property=\"og:locale\" content=\"fr_FR\" \/>\n<meta property=\"og:type\" content=\"article\" \/>\n<meta property=\"og:title\" content=\"Extrait de poivre du P\u00e9rou - Distributeur en gros\" \/>\n<meta property=\"og:description\" content=\"L&#039;extrait de capsicum p\u00e9ruvien est un compl\u00e9ment appr\u00e9ci\u00e9 des compl\u00e9ments alimentaires, reconnu pour ses propri\u00e9t\u00e9s uniques en mati\u00e8re de sant\u00e9 et de nutrition.\" \/>\n<meta property=\"og:url\" content=\"https:\/\/naturalpoland.com\/fr\/produkty\/extraits-de-plantes\/extrait-de-poivre-du-perou\/\" \/>\n<meta property=\"og:site_name\" content=\"NATURAL POLAND - Distributeur de mati\u00e8res premi\u00e8res en gros\" \/>\n<meta property=\"article:publisher\" content=\"https:\/\/www.facebook.com\/naturalpoland.b2b\" \/>\n<meta property=\"article:modified_time\" content=\"2024-04-29T12:48:33+00:00\" \/>\n<meta property=\"og:image\" content=\"https:\/\/naturalpoland.com\/wp-content\/uploads\/ekstrakt-z-pieprzycy-peruwianskiej.webp\" \/>\n\t<meta property=\"og:image:width\" content=\"614\" \/>\n\t<meta property=\"og:image:height\" content=\"614\" \/>\n\t<meta property=\"og:image:type\" content=\"image\/webp\" \/>\n<script type=\"application\/ld+json\" class=\"yoast-schema-graph\">{\"@context\":\"https:\\\/\\\/schema.org\",\"@graph\":[{\"@type\":\"WebPage\",\"@id\":\"https:\\\/\\\/naturalpoland.com\\\/fr\\\/produkty\\\/extraits-de-plantes\\\/extrait-de-poivre-du-perou\\\/\",\"url\":\"https:\\\/\\\/naturalpoland.com\\\/fr\\\/produkty\\\/extraits-de-plantes\\\/extrait-de-poivre-du-perou\\\/\",\"name\":\"Extrait de poivre du P\u00e9rou - Distributeur en gros\",\"isPartOf\":{\"@id\":\"https:\\\/\\\/naturalpoland.com\\\/fr\\\/#website\"},\"primaryImageOfPage\":{\"@id\":\"https:\\\/\\\/naturalpoland.com\\\/fr\\\/produkty\\\/extraits-de-plantes\\\/extrait-de-poivre-du-perou\\\/#primaryimage\"},\"image\":{\"@id\":\"https:\\\/\\\/naturalpoland.com\\\/fr\\\/produkty\\\/extraits-de-plantes\\\/extrait-de-poivre-du-perou\\\/#primaryimage\"},\"thumbnailUrl\":\"https:\\\/\\\/naturalpoland.com\\\/wp-content\\\/uploads\\\/ekstrakt-z-pieprzycy-peruwianskiej.webp\",\"datePublished\":\"2024-02-01T14:02:21+00:00\",\"dateModified\":\"2024-04-29T12:48:33+00:00\",\"description\":\"L'extrait de capsicum p\u00e9ruvien est un compl\u00e9ment appr\u00e9ci\u00e9 des compl\u00e9ments alimentaires, reconnu pour ses propri\u00e9t\u00e9s uniques en mati\u00e8re de sant\u00e9 et de nutrition.\",\"breadcrumb\":{\"@id\":\"https:\\\/\\\/naturalpoland.com\\\/fr\\\/produkty\\\/extraits-de-plantes\\\/extrait-de-poivre-du-perou\\\/#breadcrumb\"},\"inLanguage\":\"fr-FR\",\"potentialAction\":[{\"@type\":\"ReadAction\",\"target\":[\"https:\\\/\\\/naturalpoland.com\\\/fr\\\/produkty\\\/extraits-de-plantes\\\/extrait-de-poivre-du-perou\\\/\"]}]},{\"@type\":\"ImageObject\",\"inLanguage\":\"fr-FR\",\"@id\":\"https:\\\/\\\/naturalpoland.com\\\/fr\\\/produkty\\\/extraits-de-plantes\\\/extrait-de-poivre-du-perou\\\/#primaryimage\",\"url\":\"https:\\\/\\\/naturalpoland.com\\\/wp-content\\\/uploads\\\/ekstrakt-z-pieprzycy-peruwianskiej.webp\",\"contentUrl\":\"https:\\\/\\\/naturalpoland.com\\\/wp-content\\\/uploads\\\/ekstrakt-z-pieprzycy-peruwianskiej.webp\",\"width\":614,\"height\":614,\"caption\":\"ekstrakt z pieprzycy peruwia\u0144skiej\"},{\"@type\":\"BreadcrumbList\",\"@id\":\"https:\\\/\\\/naturalpoland.com\\\/fr\\\/produkty\\\/extraits-de-plantes\\\/extrait-de-poivre-du-perou\\\/#breadcrumb\",\"itemListElement\":[{\"@type\":\"ListItem\",\"position\":1,\"name\":\"Accueil\",\"item\":\"https:\\\/\\\/naturalpoland.com\\\/fr\\\/\"},{\"@type\":\"ListItem\",\"position\":2,\"name\":\"Produits\",\"item\":\"https:\\\/\\\/naturalpoland.com\\\/fr\\\/produits\\\/\"},{\"@type\":\"ListItem\",\"position\":3,\"name\":\"Extrait de poivre du P\u00e9rou\"}]},{\"@type\":\"WebSite\",\"@id\":\"https:\\\/\\\/naturalpoland.com\\\/fr\\\/#website\",\"url\":\"https:\\\/\\\/naturalpoland.com\\\/fr\\\/\",\"name\":\"NATURAL POLAND - Distributeur de mati\u00e8res premi\u00e8res en gros\",\"description\":\"Surowce dla przemys\u0142u spo\u017cywczego, kosmetycznego i farmaceutycznego\",\"publisher\":{\"@id\":\"https:\\\/\\\/naturalpoland.com\\\/fr\\\/#organization\"},\"potentialAction\":[{\"@type\":\"SearchAction\",\"target\":{\"@type\":\"EntryPoint\",\"urlTemplate\":\"https:\\\/\\\/naturalpoland.com\\\/fr\\\/?s={search_term_string}\"},\"query-input\":{\"@type\":\"PropertyValueSpecification\",\"valueRequired\":true,\"valueName\":\"search_term_string\"}}],\"inLanguage\":\"fr-FR\"},{\"@type\":\"Organization\",\"@id\":\"https:\\\/\\\/naturalpoland.com\\\/fr\\\/#organization\",\"name\":\"Natural Poland\",\"url\":\"https:\\\/\\\/naturalpoland.com\\\/fr\\\/\",\"logo\":{\"@type\":\"ImageObject\",\"inLanguage\":\"fr-FR\",\"@id\":\"https:\\\/\\\/naturalpoland.com\\\/fr\\\/#\\\/schema\\\/logo\\\/image\\\/\",\"url\":\"https:\\\/\\\/naturalpoland.com\\\/wp-content\\\/uploads\\\/2021\\\/05\\\/natural-poland-icon.png\",\"contentUrl\":\"https:\\\/\\\/naturalpoland.com\\\/wp-content\\\/uploads\\\/2021\\\/05\\\/natural-poland-icon.png\",\"width\":512,\"height\":512,\"caption\":\"Natural Poland\"},\"image\":{\"@id\":\"https:\\\/\\\/naturalpoland.com\\\/fr\\\/#\\\/schema\\\/logo\\\/image\\\/\"},\"sameAs\":[\"https:\\\/\\\/www.facebook.com\\\/naturalpoland.b2b\",\"https:\\\/\\\/pl.linkedin.com\\\/company\\\/natural-poland\",\"https:\\\/\\\/www.youtube.com\\\/channel\\\/UCgeGGkvOMahZo-xu_MSEWxg\"]}]}<\/script>\n<!-- \/ Yoast SEO plugin. -->","yoast_head_json":{"title":"Extrait de poivre du P\u00e9rou - Distributeur en gros","description":"L'extrait de capsicum p\u00e9ruvien est un compl\u00e9ment appr\u00e9ci\u00e9 des compl\u00e9ments alimentaires, reconnu pour ses propri\u00e9t\u00e9s uniques en mati\u00e8re de sant\u00e9 et de nutrition.","robots":{"index":"index","follow":"follow","max-snippet":"max-snippet:-1","max-image-preview":"max-image-preview:large","max-video-preview":"max-video-preview:-1"},"canonical":"https:\/\/naturalpoland.com\/fr\/produkty\/extraits-de-plantes\/extrait-de-poivre-du-perou\/","og_locale":"fr_FR","og_type":"article","og_title":"Extrait de poivre du P\u00e9rou - Distributeur en gros","og_description":"L'extrait de capsicum p\u00e9ruvien est un compl\u00e9ment appr\u00e9ci\u00e9 des compl\u00e9ments alimentaires, reconnu pour ses propri\u00e9t\u00e9s uniques en mati\u00e8re de sant\u00e9 et de nutrition.","og_url":"https:\/\/naturalpoland.com\/fr\/produkty\/extraits-de-plantes\/extrait-de-poivre-du-perou\/","og_site_name":"NATURAL POLAND - Distributeur de mati\u00e8res premi\u00e8res en gros","article_publisher":"https:\/\/www.facebook.com\/naturalpoland.b2b","article_modified_time":"2024-04-29T12:48:33+00:00","og_image":[{"width":614,"height":614,"url":"https:\/\/naturalpoland.com\/wp-content\/uploads\/ekstrakt-z-pieprzycy-peruwianskiej.webp","type":"image\/webp"}],"schema":{"@context":"https:\/\/schema.org","@graph":[{"@type":"WebPage","@id":"https:\/\/naturalpoland.com\/fr\/produkty\/extraits-de-plantes\/extrait-de-poivre-du-perou\/","url":"https:\/\/naturalpoland.com\/fr\/produkty\/extraits-de-plantes\/extrait-de-poivre-du-perou\/","name":"Extrait de poivre du P\u00e9rou - Distributeur en gros","isPartOf":{"@id":"https:\/\/naturalpoland.com\/fr\/#website"},"primaryImageOfPage":{"@id":"https:\/\/naturalpoland.com\/fr\/produkty\/extraits-de-plantes\/extrait-de-poivre-du-perou\/#primaryimage"},"image":{"@id":"https:\/\/naturalpoland.com\/fr\/produkty\/extraits-de-plantes\/extrait-de-poivre-du-perou\/#primaryimage"},"thumbnailUrl":"https:\/\/naturalpoland.com\/wp-content\/uploads\/ekstrakt-z-pieprzycy-peruwianskiej.webp","datePublished":"2024-02-01T14:02:21+00:00","dateModified":"2024-04-29T12:48:33+00:00","description":"L'extrait de capsicum p\u00e9ruvien est un compl\u00e9ment appr\u00e9ci\u00e9 des compl\u00e9ments alimentaires, reconnu pour ses propri\u00e9t\u00e9s uniques en mati\u00e8re de sant\u00e9 et de nutrition.","breadcrumb":{"@id":"https:\/\/naturalpoland.com\/fr\/produkty\/extraits-de-plantes\/extrait-de-poivre-du-perou\/#breadcrumb"},"inLanguage":"fr-FR","potentialAction":[{"@type":"ReadAction","target":["https:\/\/naturalpoland.com\/fr\/produkty\/extraits-de-plantes\/extrait-de-poivre-du-perou\/"]}]},{"@type":"ImageObject","inLanguage":"fr-FR","@id":"https:\/\/naturalpoland.com\/fr\/produkty\/extraits-de-plantes\/extrait-de-poivre-du-perou\/#primaryimage","url":"https:\/\/naturalpoland.com\/wp-content\/uploads\/ekstrakt-z-pieprzycy-peruwianskiej.webp","contentUrl":"https:\/\/naturalpoland.com\/wp-content\/uploads\/ekstrakt-z-pieprzycy-peruwianskiej.webp","width":614,"height":614,"caption":"ekstrakt z pieprzycy peruwia\u0144skiej"},{"@type":"BreadcrumbList","@id":"https:\/\/naturalpoland.com\/fr\/produkty\/extraits-de-plantes\/extrait-de-poivre-du-perou\/#breadcrumb","itemListElement":[{"@type":"ListItem","position":1,"name":"Accueil","item":"https:\/\/naturalpoland.com\/fr\/"},{"@type":"ListItem","position":2,"name":"Produits","item":"https:\/\/naturalpoland.com\/fr\/produits\/"},{"@type":"ListItem","position":3,"name":"Extrait de poivre du P\u00e9rou"}]},{"@type":"WebSite","@id":"https:\/\/naturalpoland.com\/fr\/#website","url":"https:\/\/naturalpoland.com\/fr\/","name":"NATURAL POLAND - Distributeur de mati\u00e8res premi\u00e8res en gros","description":"Surowce dla przemys\u0142u spo\u017cywczego, kosmetycznego i farmaceutycznego","publisher":{"@id":"https:\/\/naturalpoland.com\/fr\/#organization"},"potentialAction":[{"@type":"SearchAction","target":{"@type":"EntryPoint","urlTemplate":"https:\/\/naturalpoland.com\/fr\/?s={search_term_string}"},"query-input":{"@type":"PropertyValueSpecification","valueRequired":true,"valueName":"search_term_string"}}],"inLanguage":"fr-FR"},{"@type":"Organization","@id":"https:\/\/naturalpoland.com\/fr\/#organization","name":"Natural Poland","url":"https:\/\/naturalpoland.com\/fr\/","logo":{"@type":"ImageObject","inLanguage":"fr-FR","@id":"https:\/\/naturalpoland.com\/fr\/#\/schema\/logo\/image\/","url":"https:\/\/naturalpoland.com\/wp-content\/uploads\/2021\/05\/natural-poland-icon.png","contentUrl":"https:\/\/naturalpoland.com\/wp-content\/uploads\/2021\/05\/natural-poland-icon.png","width":512,"height":512,"caption":"Natural Poland"},"image":{"@id":"https:\/\/naturalpoland.com\/fr\/#\/schema\/logo\/image\/"},"sameAs":["https:\/\/www.facebook.com\/naturalpoland.b2b","https:\/\/pl.linkedin.com\/company\/natural-poland","https:\/\/www.youtube.com\/channel\/UCgeGGkvOMahZo-xu_MSEWxg"]}]}},"_links":{"self":[{"href":"https:\/\/naturalpoland.com\/fr\/wp-json\/wp\/v2\/product\/30265","targetHints":{"allow":["GET"]}}],"collection":[{"href":"https:\/\/naturalpoland.com\/fr\/wp-json\/wp\/v2\/product"}],"about":[{"href":"https:\/\/naturalpoland.com\/fr\/wp-json\/wp\/v2\/types\/product"}],"wp:featuredmedia":[{"embeddable":true,"href":"https:\/\/naturalpoland.com\/fr\/wp-json\/wp\/v2\/media\/29894"}],"wp:attachment":[{"href":"https:\/\/naturalpoland.com\/fr\/wp-json\/wp\/v2\/media?parent=30265"}],"wp:term":[{"taxonomy":"product_brand","embeddable":true,"href":"https:\/\/naturalpoland.com\/fr\/wp-json\/wp\/v2\/product_brand?post=30265"},{"taxonomy":"product_cat","embeddable":true,"href":"https:\/\/naturalpoland.com\/fr\/wp-json\/wp\/v2\/product_cat?post=30265"},{"taxonomy":"product_tag","embeddable":true,"href":"https:\/\/naturalpoland.com\/fr\/wp-json\/wp\/v2\/product_tag?post=30265"}],"curies":[{"name":"wp","href":"https:\/\/api.w.org\/{rel}","templated":true}]}}