{"id":30718,"date":"2024-03-26T08:23:36","date_gmt":"2024-03-26T07:23:36","guid":{"rendered":"https:\/\/naturalpoland.com\/produkty\/non%20class\u00e9\/akkermansia-muciniphila-akk11\/"},"modified":"2026-01-15T12:27:22","modified_gmt":"2026-01-15T11:27:22","slug":"akkermansia-muciniphila-akk11","status":"publish","type":"product","link":"https:\/\/naturalpoland.com\/fr\/produkty\/produits-pour-lindustrie-cosmetique\/probiotiques\/akkermansia-muciniphila-akk11\/","title":{"rendered":"Akkermansia Muciniphila Akk11"},"content":{"rendered":"<p>La souche bact\u00e9rienne <strong>Akkermansia Muciniphila Akk11<\/strong> appartient au groupe de bact\u00e9ries faisant l&rsquo;objet de recherches scientifiques intensives dans le contexte des interactions avec les barri\u00e8res biologiques de l&rsquo;organisme et le microbiome.<\/p>\n<p>Le produit est propos\u00e9 sous forme de biomasse bact\u00e9rienne stable et s\u00e8che, destin\u00e9e \u00e0 des travaux de recherche-d\u00e9veloppement, d&rsquo;application et de formulation ult\u00e9rieurs, selon le profil d&rsquo;activit\u00e9 du destinataire.<\/p>\n<h2>Propri\u00e9t\u00e9s et action dans les cosm\u00e9tiques<\/h2>\n<p>Akkermansia muciniphila est largement d\u00e9crite dans la litt\u00e9rature scientifique, principalement en r\u00e9f\u00e9rence \u00e0 son r\u00f4le dans le <strong>maintien de l&rsquo;\u00e9quilibre microbiologique<\/strong> et l&rsquo;<strong>int\u00e9grit\u00e9 des barri\u00e8res biologiques<\/strong>. Pour cette raison, cette souche suscite l&rsquo;int\u00e9r\u00eat non seulement dans le secteur alimentaire, mais \u00e9galement dans d&rsquo;autres domaines de recherche sur le microbiome et ses d\u00e9riv\u00e9s. <\/p>\n<p>Ces derni\u00e8res ann\u00e9es, on observe un int\u00e9r\u00eat croissant pour les ingr\u00e9dients microbiologiques et leurs d\u00e9riv\u00e9s \u00e9galement dans les secteurs non directement li\u00e9s \u00e0 la suppl\u00e9mentation, notamment dans les projets conceptuels et les recherches sur les nouvelles g\u00e9n\u00e9rations de mati\u00e8res premi\u00e8res inspir\u00e9es du microbiome.<\/p>\n<p>Selon la strat\u00e9gie adopt\u00e9e et le cadre r\u00e9glementaire, Akkermansia muciniphila Akk11 peut constituer un point de d\u00e9part pour des travaux ult\u00e9rieurs sur :<\/p>\n<ul>\n<li>les mati\u00e8res premi\u00e8res inspir\u00e9es du microbiome,<\/li>\n<li>les composants biotechnologiques,<\/li>\n<li>les fractions, m\u00e9tabolites ou d\u00e9riv\u00e9s de micro-organismes,<\/li>\n<li>les concepts de formulation bas\u00e9s sur la synergie de la microbiologie et des sciences des barri\u00e8res biologiques.<\/li>\n<\/ul>\n<p>La port\u00e9e et le mode d&rsquo;utilisation de la mati\u00e8re premi\u00e8re d\u00e9pendent du mod\u00e8le commercial et du march\u00e9 cible du destinataire.<\/p>\n","protected":false},"excerpt":{"rendered":"<p><strong>Akkermansia muciniphila Akk11<\/strong> est une mati\u00e8re premi\u00e8re microbiologique moderne obtenue gr\u00e2ce \u00e0 des processus contr\u00f4l\u00e9s de fermentation et de lyophilisation.<\/p>\n","protected":false},"featured_media":30712,"template":"","meta":[],"product_brand":[],"product_cat":[2091],"product_tag":[],"class_list":{"0":"post-30718","1":"product","2":"type-product","3":"status-publish","4":"has-post-thumbnail","6":"product_cat-probiotiques","7":"pa_grupa-substancji-bacteries-probiotiques","9":"first","10":"instock","11":"shipping-taxable","12":"product-type-simple"},"yoast_head":"<!-- This site is optimized with the Yoast SEO plugin v27.3 - https:\/\/yoast.com\/product\/yoast-seo-wordpress\/ -->\n<title>Akkermansia Muciniphila Akk11 - NATURAL POLAND - Distributeur de mati\u00e8res premi\u00e8res en gros<\/title>\n<meta name=\"description\" content=\"Akkermansia muciniphila Akk11 est une mati\u00e8re premi\u00e8re microbiologique moderne obtenue gr\u00e2ce \u00e0 des processus contr\u00f4l\u00e9s de fermentation et de lyophilisation.\" \/>\n<meta name=\"robots\" content=\"index, follow, max-snippet:-1, max-image-preview:large, max-video-preview:-1\" \/>\n<link rel=\"canonical\" href=\"https:\/\/naturalpoland.com\/fr\/produkty\/produits-pour-lindustrie-cosmetique\/probiotiques\/akkermansia-muciniphila-akk11\/\" \/>\n<meta property=\"og:locale\" content=\"fr_FR\" \/>\n<meta property=\"og:type\" content=\"article\" \/>\n<meta property=\"og:title\" content=\"Akkermansia Muciniphila Akk11 - NATURAL POLAND - Distributeur de mati\u00e8res premi\u00e8res en gros\" \/>\n<meta property=\"og:description\" content=\"Akkermansia muciniphila Akk11 est une mati\u00e8re premi\u00e8re microbiologique moderne obtenue gr\u00e2ce \u00e0 des processus contr\u00f4l\u00e9s de fermentation et de lyophilisation.\" \/>\n<meta property=\"og:url\" content=\"https:\/\/naturalpoland.com\/fr\/produkty\/produits-pour-lindustrie-cosmetique\/probiotiques\/akkermansia-muciniphila-akk11\/\" \/>\n<meta property=\"og:site_name\" content=\"NATURAL POLAND - Distributeur de mati\u00e8res premi\u00e8res en gros\" \/>\n<meta property=\"article:publisher\" content=\"https:\/\/www.facebook.com\/naturalpoland.b2b\" \/>\n<meta property=\"article:modified_time\" content=\"2026-01-15T11:27:22+00:00\" \/>\n<meta property=\"og:image\" content=\"https:\/\/naturalpoland.com\/wp-content\/uploads\/akkermansia-muciniphila.webp\" \/>\n\t<meta property=\"og:image:width\" content=\"1024\" \/>\n\t<meta property=\"og:image:height\" content=\"1024\" \/>\n\t<meta property=\"og:image:type\" content=\"image\/webp\" \/>\n<script type=\"application\/ld+json\" class=\"yoast-schema-graph\">{\"@context\":\"https:\\\/\\\/schema.org\",\"@graph\":[{\"@type\":\"WebPage\",\"@id\":\"https:\\\/\\\/naturalpoland.com\\\/fr\\\/produkty\\\/produits-pour-lindustrie-cosmetique\\\/probiotiques\\\/akkermansia-muciniphila-akk11\\\/\",\"url\":\"https:\\\/\\\/naturalpoland.com\\\/fr\\\/produkty\\\/produits-pour-lindustrie-cosmetique\\\/probiotiques\\\/akkermansia-muciniphila-akk11\\\/\",\"name\":\"Akkermansia Muciniphila Akk11 - NATURAL POLAND - Distributeur de mati\u00e8res premi\u00e8res en gros\",\"isPartOf\":{\"@id\":\"https:\\\/\\\/naturalpoland.com\\\/fr\\\/#website\"},\"primaryImageOfPage\":{\"@id\":\"https:\\\/\\\/naturalpoland.com\\\/fr\\\/produkty\\\/produits-pour-lindustrie-cosmetique\\\/probiotiques\\\/akkermansia-muciniphila-akk11\\\/#primaryimage\"},\"image\":{\"@id\":\"https:\\\/\\\/naturalpoland.com\\\/fr\\\/produkty\\\/produits-pour-lindustrie-cosmetique\\\/probiotiques\\\/akkermansia-muciniphila-akk11\\\/#primaryimage\"},\"thumbnailUrl\":\"https:\\\/\\\/naturalpoland.com\\\/wp-content\\\/uploads\\\/akkermansia-muciniphila.webp\",\"datePublished\":\"2024-03-26T07:23:36+00:00\",\"dateModified\":\"2026-01-15T11:27:22+00:00\",\"description\":\"Akkermansia muciniphila Akk11 est une mati\u00e8re premi\u00e8re microbiologique moderne obtenue gr\u00e2ce \u00e0 des processus contr\u00f4l\u00e9s de fermentation et de lyophilisation.\",\"breadcrumb\":{\"@id\":\"https:\\\/\\\/naturalpoland.com\\\/fr\\\/produkty\\\/produits-pour-lindustrie-cosmetique\\\/probiotiques\\\/akkermansia-muciniphila-akk11\\\/#breadcrumb\"},\"inLanguage\":\"fr-FR\",\"potentialAction\":[{\"@type\":\"ReadAction\",\"target\":[\"https:\\\/\\\/naturalpoland.com\\\/fr\\\/produkty\\\/produits-pour-lindustrie-cosmetique\\\/probiotiques\\\/akkermansia-muciniphila-akk11\\\/\"]}]},{\"@type\":\"ImageObject\",\"inLanguage\":\"fr-FR\",\"@id\":\"https:\\\/\\\/naturalpoland.com\\\/fr\\\/produkty\\\/produits-pour-lindustrie-cosmetique\\\/probiotiques\\\/akkermansia-muciniphila-akk11\\\/#primaryimage\",\"url\":\"https:\\\/\\\/naturalpoland.com\\\/wp-content\\\/uploads\\\/akkermansia-muciniphila.webp\",\"contentUrl\":\"https:\\\/\\\/naturalpoland.com\\\/wp-content\\\/uploads\\\/akkermansia-muciniphila.webp\",\"width\":1024,\"height\":1024,\"caption\":\"Akkermansia muciniphila\"},{\"@type\":\"BreadcrumbList\",\"@id\":\"https:\\\/\\\/naturalpoland.com\\\/fr\\\/produkty\\\/produits-pour-lindustrie-cosmetique\\\/probiotiques\\\/akkermansia-muciniphila-akk11\\\/#breadcrumb\",\"itemListElement\":[{\"@type\":\"ListItem\",\"position\":1,\"name\":\"Accueil\",\"item\":\"https:\\\/\\\/naturalpoland.com\\\/fr\\\/\"},{\"@type\":\"ListItem\",\"position\":2,\"name\":\"Produits\",\"item\":\"https:\\\/\\\/naturalpoland.com\\\/fr\\\/produits\\\/\"},{\"@type\":\"ListItem\",\"position\":3,\"name\":\"Akkermansia Muciniphila Akk11\"}]},{\"@type\":\"WebSite\",\"@id\":\"https:\\\/\\\/naturalpoland.com\\\/fr\\\/#website\",\"url\":\"https:\\\/\\\/naturalpoland.com\\\/fr\\\/\",\"name\":\"NATURAL POLAND - Distributeur de mati\u00e8res premi\u00e8res en gros\",\"description\":\"Surowce dla przemys\u0142u spo\u017cywczego, kosmetycznego i farmaceutycznego\",\"publisher\":{\"@id\":\"https:\\\/\\\/naturalpoland.com\\\/fr\\\/#organization\"},\"potentialAction\":[{\"@type\":\"SearchAction\",\"target\":{\"@type\":\"EntryPoint\",\"urlTemplate\":\"https:\\\/\\\/naturalpoland.com\\\/fr\\\/?s={search_term_string}\"},\"query-input\":{\"@type\":\"PropertyValueSpecification\",\"valueRequired\":true,\"valueName\":\"search_term_string\"}}],\"inLanguage\":\"fr-FR\"},{\"@type\":\"Organization\",\"@id\":\"https:\\\/\\\/naturalpoland.com\\\/fr\\\/#organization\",\"name\":\"Natural Poland\",\"url\":\"https:\\\/\\\/naturalpoland.com\\\/fr\\\/\",\"logo\":{\"@type\":\"ImageObject\",\"inLanguage\":\"fr-FR\",\"@id\":\"https:\\\/\\\/naturalpoland.com\\\/fr\\\/#\\\/schema\\\/logo\\\/image\\\/\",\"url\":\"https:\\\/\\\/naturalpoland.com\\\/wp-content\\\/uploads\\\/2021\\\/05\\\/natural-poland-icon.png\",\"contentUrl\":\"https:\\\/\\\/naturalpoland.com\\\/wp-content\\\/uploads\\\/2021\\\/05\\\/natural-poland-icon.png\",\"width\":512,\"height\":512,\"caption\":\"Natural Poland\"},\"image\":{\"@id\":\"https:\\\/\\\/naturalpoland.com\\\/fr\\\/#\\\/schema\\\/logo\\\/image\\\/\"},\"sameAs\":[\"https:\\\/\\\/www.facebook.com\\\/naturalpoland.b2b\",\"https:\\\/\\\/pl.linkedin.com\\\/company\\\/natural-poland\",\"https:\\\/\\\/www.youtube.com\\\/channel\\\/UCgeGGkvOMahZo-xu_MSEWxg\"]}]}<\/script>\n<!-- \/ Yoast SEO plugin. -->","yoast_head_json":{"title":"Akkermansia Muciniphila Akk11 - NATURAL POLAND - Distributeur de mati\u00e8res premi\u00e8res en gros","description":"Akkermansia muciniphila Akk11 est une mati\u00e8re premi\u00e8re microbiologique moderne obtenue gr\u00e2ce \u00e0 des processus contr\u00f4l\u00e9s de fermentation et de lyophilisation.","robots":{"index":"index","follow":"follow","max-snippet":"max-snippet:-1","max-image-preview":"max-image-preview:large","max-video-preview":"max-video-preview:-1"},"canonical":"https:\/\/naturalpoland.com\/fr\/produkty\/produits-pour-lindustrie-cosmetique\/probiotiques\/akkermansia-muciniphila-akk11\/","og_locale":"fr_FR","og_type":"article","og_title":"Akkermansia Muciniphila Akk11 - NATURAL POLAND - Distributeur de mati\u00e8res premi\u00e8res en gros","og_description":"Akkermansia muciniphila Akk11 est une mati\u00e8re premi\u00e8re microbiologique moderne obtenue gr\u00e2ce \u00e0 des processus contr\u00f4l\u00e9s de fermentation et de lyophilisation.","og_url":"https:\/\/naturalpoland.com\/fr\/produkty\/produits-pour-lindustrie-cosmetique\/probiotiques\/akkermansia-muciniphila-akk11\/","og_site_name":"NATURAL POLAND - Distributeur de mati\u00e8res premi\u00e8res en gros","article_publisher":"https:\/\/www.facebook.com\/naturalpoland.b2b","article_modified_time":"2026-01-15T11:27:22+00:00","og_image":[{"width":1024,"height":1024,"url":"https:\/\/naturalpoland.com\/wp-content\/uploads\/akkermansia-muciniphila.webp","type":"image\/webp"}],"schema":{"@context":"https:\/\/schema.org","@graph":[{"@type":"WebPage","@id":"https:\/\/naturalpoland.com\/fr\/produkty\/produits-pour-lindustrie-cosmetique\/probiotiques\/akkermansia-muciniphila-akk11\/","url":"https:\/\/naturalpoland.com\/fr\/produkty\/produits-pour-lindustrie-cosmetique\/probiotiques\/akkermansia-muciniphila-akk11\/","name":"Akkermansia Muciniphila Akk11 - NATURAL POLAND - Distributeur de mati\u00e8res premi\u00e8res en gros","isPartOf":{"@id":"https:\/\/naturalpoland.com\/fr\/#website"},"primaryImageOfPage":{"@id":"https:\/\/naturalpoland.com\/fr\/produkty\/produits-pour-lindustrie-cosmetique\/probiotiques\/akkermansia-muciniphila-akk11\/#primaryimage"},"image":{"@id":"https:\/\/naturalpoland.com\/fr\/produkty\/produits-pour-lindustrie-cosmetique\/probiotiques\/akkermansia-muciniphila-akk11\/#primaryimage"},"thumbnailUrl":"https:\/\/naturalpoland.com\/wp-content\/uploads\/akkermansia-muciniphila.webp","datePublished":"2024-03-26T07:23:36+00:00","dateModified":"2026-01-15T11:27:22+00:00","description":"Akkermansia muciniphila Akk11 est une mati\u00e8re premi\u00e8re microbiologique moderne obtenue gr\u00e2ce \u00e0 des processus contr\u00f4l\u00e9s de fermentation et de lyophilisation.","breadcrumb":{"@id":"https:\/\/naturalpoland.com\/fr\/produkty\/produits-pour-lindustrie-cosmetique\/probiotiques\/akkermansia-muciniphila-akk11\/#breadcrumb"},"inLanguage":"fr-FR","potentialAction":[{"@type":"ReadAction","target":["https:\/\/naturalpoland.com\/fr\/produkty\/produits-pour-lindustrie-cosmetique\/probiotiques\/akkermansia-muciniphila-akk11\/"]}]},{"@type":"ImageObject","inLanguage":"fr-FR","@id":"https:\/\/naturalpoland.com\/fr\/produkty\/produits-pour-lindustrie-cosmetique\/probiotiques\/akkermansia-muciniphila-akk11\/#primaryimage","url":"https:\/\/naturalpoland.com\/wp-content\/uploads\/akkermansia-muciniphila.webp","contentUrl":"https:\/\/naturalpoland.com\/wp-content\/uploads\/akkermansia-muciniphila.webp","width":1024,"height":1024,"caption":"Akkermansia muciniphila"},{"@type":"BreadcrumbList","@id":"https:\/\/naturalpoland.com\/fr\/produkty\/produits-pour-lindustrie-cosmetique\/probiotiques\/akkermansia-muciniphila-akk11\/#breadcrumb","itemListElement":[{"@type":"ListItem","position":1,"name":"Accueil","item":"https:\/\/naturalpoland.com\/fr\/"},{"@type":"ListItem","position":2,"name":"Produits","item":"https:\/\/naturalpoland.com\/fr\/produits\/"},{"@type":"ListItem","position":3,"name":"Akkermansia Muciniphila Akk11"}]},{"@type":"WebSite","@id":"https:\/\/naturalpoland.com\/fr\/#website","url":"https:\/\/naturalpoland.com\/fr\/","name":"NATURAL POLAND - Distributeur de mati\u00e8res premi\u00e8res en gros","description":"Surowce dla przemys\u0142u spo\u017cywczego, kosmetycznego i farmaceutycznego","publisher":{"@id":"https:\/\/naturalpoland.com\/fr\/#organization"},"potentialAction":[{"@type":"SearchAction","target":{"@type":"EntryPoint","urlTemplate":"https:\/\/naturalpoland.com\/fr\/?s={search_term_string}"},"query-input":{"@type":"PropertyValueSpecification","valueRequired":true,"valueName":"search_term_string"}}],"inLanguage":"fr-FR"},{"@type":"Organization","@id":"https:\/\/naturalpoland.com\/fr\/#organization","name":"Natural Poland","url":"https:\/\/naturalpoland.com\/fr\/","logo":{"@type":"ImageObject","inLanguage":"fr-FR","@id":"https:\/\/naturalpoland.com\/fr\/#\/schema\/logo\/image\/","url":"https:\/\/naturalpoland.com\/wp-content\/uploads\/2021\/05\/natural-poland-icon.png","contentUrl":"https:\/\/naturalpoland.com\/wp-content\/uploads\/2021\/05\/natural-poland-icon.png","width":512,"height":512,"caption":"Natural Poland"},"image":{"@id":"https:\/\/naturalpoland.com\/fr\/#\/schema\/logo\/image\/"},"sameAs":["https:\/\/www.facebook.com\/naturalpoland.b2b","https:\/\/pl.linkedin.com\/company\/natural-poland","https:\/\/www.youtube.com\/channel\/UCgeGGkvOMahZo-xu_MSEWxg"]}]}},"_links":{"self":[{"href":"https:\/\/naturalpoland.com\/fr\/wp-json\/wp\/v2\/product\/30718","targetHints":{"allow":["GET"]}}],"collection":[{"href":"https:\/\/naturalpoland.com\/fr\/wp-json\/wp\/v2\/product"}],"about":[{"href":"https:\/\/naturalpoland.com\/fr\/wp-json\/wp\/v2\/types\/product"}],"wp:featuredmedia":[{"embeddable":true,"href":"https:\/\/naturalpoland.com\/fr\/wp-json\/wp\/v2\/media\/30712"}],"wp:attachment":[{"href":"https:\/\/naturalpoland.com\/fr\/wp-json\/wp\/v2\/media?parent=30718"}],"wp:term":[{"taxonomy":"product_brand","embeddable":true,"href":"https:\/\/naturalpoland.com\/fr\/wp-json\/wp\/v2\/product_brand?post=30718"},{"taxonomy":"product_cat","embeddable":true,"href":"https:\/\/naturalpoland.com\/fr\/wp-json\/wp\/v2\/product_cat?post=30718"},{"taxonomy":"product_tag","embeddable":true,"href":"https:\/\/naturalpoland.com\/fr\/wp-json\/wp\/v2\/product_tag?post=30718"}],"curies":[{"name":"wp","href":"https:\/\/api.w.org\/{rel}","templated":true}]}}