{"id":31429,"date":"2024-04-11T14:18:45","date_gmt":"2024-04-29T11:59:16","guid":{"rendered":"https:\/\/naturalpoland.com\/produkty\/non class\u00e9\/hydrolat-dhamamelis\/"},"modified":"2024-04-29T13:59:16","modified_gmt":"2024-04-29T11:59:16","slug":"hydrolat-dhamamelis","status":"publish","type":"product","link":"https:\/\/naturalpoland.com\/fr\/produkty\/produits-pour-lindustrie-cosmetique\/eaux-florales\/hydrolat-dhamamelis\/","title":{"rendered":"Hydrolat d&rsquo;hamam\u00e9lis"},"content":{"rendered":"<p><strong>Propri\u00e9t\u00e9s et applications<\/strong><\/p>\n<p>Le principal avantage de l&rsquo;hydrolat d&rsquo;hamam\u00e9lis est sa <strong>capacit\u00e9 \u00e0 resserrer les pores<\/strong>. L&rsquo;utilisation r\u00e9guli\u00e8re de ce produit permet donc de garder la peau propre et de r\u00e9duire l&rsquo;apparence des pores. Ses propri\u00e9t\u00e9s antibact\u00e9riennes aident \u00e0 r\u00e9duire les boutons et les points noirs, pour un teint plus sain.<\/p>\n<p>L&rsquo;hydrolat d&rsquo;\u00e9chinac\u00e9e a \u00e9galement des <strong>effets anti-inflammatoires <\/strong>sur les irritations, les rougeurs et les inflammations de la peau. Ceci est particuli\u00e8rement important pour les peaux sensibles et \u00e0 probl\u00e8mes, sujettes aux r\u00e9actions allergiques.<\/p>\n<p>Le produit est \u00e9galement appr\u00e9ci\u00e9 pour ses <strong>propri\u00e9t\u00e9s apaisantes<\/strong>. Il a un effet calmant sur la peau, apportant soulagement et confort. Elle peut \u00eatre utilis\u00e9e comme tonique apr\u00e8s le nettoyage du visage, comme brume rafra\u00eechissante pendant la journ\u00e9e ou comme ingr\u00e9dient dans les masques et les compresses maison pour renforcer ses effets sur la peau.<\/p>\n","protected":false},"excerpt":{"rendered":"<p>L&rsquo;hydrolat d&rsquo;hamam\u00e9lis, extrait des feuilles et des rameaux de l&rsquo;hamam\u00e9lis<em>(Hamamelis virginiana<\/em>), est utilis\u00e9 dans les soins de la peau. Elle poss\u00e8de des propri\u00e9t\u00e9s antibact\u00e9riennes et anti-inflammatoires et est particuli\u00e8rement recommand\u00e9e pour les peaux grasses, mixtes et \u00e0 probl\u00e8mes.<\/p>\n","protected":false},"featured_media":30981,"template":"","meta":{"_acf_changed":false},"product_brand":[],"product_cat":[3551],"product_tag":[],"class_list":{"0":"post-31429","1":"product","2":"type-product","3":"status-publish","4":"has-post-thumbnail","6":"product_cat-eaux-florales","7":"pa_grupa-substancji-distillats","9":"first","10":"instock","11":"shipping-taxable","12":"product-type-simple"},"acf":[],"yoast_head":"<!-- This site is optimized with the Yoast SEO plugin v27.5 - https:\/\/yoast.com\/product\/yoast-seo-wordpress\/ -->\n<title>Hydrolat d&#039;hamam\u00e9lis - Distributeur en gros<\/title>\n<meta name=\"description\" content=\"L&#039;hydrolat d&#039;hamam\u00e9lis a une consistance l\u00e9g\u00e8re et aqueuse et s&#039;applique facilement. Il p\u00e9n\u00e8tre rapidement sans laisser de film gras,\" \/>\n<meta name=\"robots\" content=\"index, follow, max-snippet:-1, max-image-preview:large, max-video-preview:-1\" \/>\n<link rel=\"canonical\" href=\"https:\/\/naturalpoland.com\/fr\/produkty\/produits-pour-lindustrie-cosmetique\/eaux-florales\/hydrolat-dhamamelis\/\" \/>\n<meta property=\"og:locale\" content=\"fr_FR\" \/>\n<meta property=\"og:type\" content=\"article\" \/>\n<meta property=\"og:title\" content=\"Hydrolat d&#039;hamam\u00e9lis - Distributeur en gros\" \/>\n<meta property=\"og:description\" content=\"L&#039;hydrolat d&#039;hamam\u00e9lis a une consistance l\u00e9g\u00e8re et aqueuse et s&#039;applique facilement. Il p\u00e9n\u00e8tre rapidement sans laisser de film gras,\" \/>\n<meta property=\"og:url\" content=\"https:\/\/naturalpoland.com\/fr\/produkty\/produits-pour-lindustrie-cosmetique\/eaux-florales\/hydrolat-dhamamelis\/\" \/>\n<meta property=\"og:site_name\" content=\"NATURAL POLAND - Distributeur de mati\u00e8res premi\u00e8res en gros\" \/>\n<meta property=\"article:publisher\" content=\"https:\/\/www.facebook.com\/naturalpoland.b2b\" \/>\n<meta property=\"og:image\" content=\"https:\/\/naturalpoland.com\/wp-content\/uploads\/hydrolat-oczarowy.webp\" \/>\n\t<meta property=\"og:image:width\" content=\"618\" \/>\n\t<meta property=\"og:image:height\" content=\"618\" \/>\n\t<meta property=\"og:image:type\" content=\"image\/webp\" \/>\n<script type=\"application\/ld+json\" class=\"yoast-schema-graph\">{\"@context\":\"https:\\\/\\\/schema.org\",\"@graph\":[{\"@type\":\"WebPage\",\"@id\":\"https:\\\/\\\/naturalpoland.com\\\/fr\\\/produkty\\\/produits-pour-lindustrie-cosmetique\\\/eaux-florales\\\/hydrolat-dhamamelis\\\/\",\"url\":\"https:\\\/\\\/naturalpoland.com\\\/fr\\\/produkty\\\/produits-pour-lindustrie-cosmetique\\\/eaux-florales\\\/hydrolat-dhamamelis\\\/\",\"name\":\"Hydrolat d'hamam\u00e9lis - Distributeur en gros\",\"isPartOf\":{\"@id\":\"https:\\\/\\\/naturalpoland.com\\\/fr\\\/#website\"},\"primaryImageOfPage\":{\"@id\":\"https:\\\/\\\/naturalpoland.com\\\/fr\\\/produkty\\\/produits-pour-lindustrie-cosmetique\\\/eaux-florales\\\/hydrolat-dhamamelis\\\/#primaryimage\"},\"image\":{\"@id\":\"https:\\\/\\\/naturalpoland.com\\\/fr\\\/produkty\\\/produits-pour-lindustrie-cosmetique\\\/eaux-florales\\\/hydrolat-dhamamelis\\\/#primaryimage\"},\"thumbnailUrl\":\"https:\\\/\\\/naturalpoland.com\\\/wp-content\\\/uploads\\\/hydrolat-oczarowy.webp\",\"datePublished\":\"2024-04-29T11:59:16+00:00\",\"description\":\"L'hydrolat d'hamam\u00e9lis a une consistance l\u00e9g\u00e8re et aqueuse et s'applique facilement. Il p\u00e9n\u00e8tre rapidement sans laisser de film gras,\",\"breadcrumb\":{\"@id\":\"https:\\\/\\\/naturalpoland.com\\\/fr\\\/produkty\\\/produits-pour-lindustrie-cosmetique\\\/eaux-florales\\\/hydrolat-dhamamelis\\\/#breadcrumb\"},\"inLanguage\":\"fr-FR\",\"potentialAction\":[{\"@type\":\"ReadAction\",\"target\":[\"https:\\\/\\\/naturalpoland.com\\\/fr\\\/produkty\\\/produits-pour-lindustrie-cosmetique\\\/eaux-florales\\\/hydrolat-dhamamelis\\\/\"]}]},{\"@type\":\"ImageObject\",\"inLanguage\":\"fr-FR\",\"@id\":\"https:\\\/\\\/naturalpoland.com\\\/fr\\\/produkty\\\/produits-pour-lindustrie-cosmetique\\\/eaux-florales\\\/hydrolat-dhamamelis\\\/#primaryimage\",\"url\":\"https:\\\/\\\/naturalpoland.com\\\/wp-content\\\/uploads\\\/hydrolat-oczarowy.webp\",\"contentUrl\":\"https:\\\/\\\/naturalpoland.com\\\/wp-content\\\/uploads\\\/hydrolat-oczarowy.webp\",\"width\":618,\"height\":618,\"caption\":\"hydrolat oczarowy\"},{\"@type\":\"BreadcrumbList\",\"@id\":\"https:\\\/\\\/naturalpoland.com\\\/fr\\\/produkty\\\/produits-pour-lindustrie-cosmetique\\\/eaux-florales\\\/hydrolat-dhamamelis\\\/#breadcrumb\",\"itemListElement\":[{\"@type\":\"ListItem\",\"position\":1,\"name\":\"Accueil\",\"item\":\"https:\\\/\\\/naturalpoland.com\\\/fr\\\/\"},{\"@type\":\"ListItem\",\"position\":2,\"name\":\"Produits\",\"item\":\"https:\\\/\\\/naturalpoland.com\\\/fr\\\/produits\\\/\"},{\"@type\":\"ListItem\",\"position\":3,\"name\":\"Hydrolat d&rsquo;hamam\u00e9lis\"}]},{\"@type\":\"WebSite\",\"@id\":\"https:\\\/\\\/naturalpoland.com\\\/fr\\\/#website\",\"url\":\"https:\\\/\\\/naturalpoland.com\\\/fr\\\/\",\"name\":\"NATURAL POLAND - Distributeur de mati\u00e8res premi\u00e8res en gros\",\"description\":\"Surowce dla przemys\u0142u spo\u017cywczego, kosmetycznego i farmaceutycznego\",\"publisher\":{\"@id\":\"https:\\\/\\\/naturalpoland.com\\\/fr\\\/#organization\"},\"potentialAction\":[{\"@type\":\"SearchAction\",\"target\":{\"@type\":\"EntryPoint\",\"urlTemplate\":\"https:\\\/\\\/naturalpoland.com\\\/fr\\\/?s={search_term_string}\"},\"query-input\":{\"@type\":\"PropertyValueSpecification\",\"valueRequired\":true,\"valueName\":\"search_term_string\"}}],\"inLanguage\":\"fr-FR\"},{\"@type\":\"Organization\",\"@id\":\"https:\\\/\\\/naturalpoland.com\\\/fr\\\/#organization\",\"name\":\"Natural Poland\",\"url\":\"https:\\\/\\\/naturalpoland.com\\\/fr\\\/\",\"logo\":{\"@type\":\"ImageObject\",\"inLanguage\":\"fr-FR\",\"@id\":\"https:\\\/\\\/naturalpoland.com\\\/fr\\\/#\\\/schema\\\/logo\\\/image\\\/\",\"url\":\"https:\\\/\\\/naturalpoland.com\\\/wp-content\\\/uploads\\\/2021\\\/05\\\/natural-poland-icon.png\",\"contentUrl\":\"https:\\\/\\\/naturalpoland.com\\\/wp-content\\\/uploads\\\/2021\\\/05\\\/natural-poland-icon.png\",\"width\":512,\"height\":512,\"caption\":\"Natural Poland\"},\"image\":{\"@id\":\"https:\\\/\\\/naturalpoland.com\\\/fr\\\/#\\\/schema\\\/logo\\\/image\\\/\"},\"sameAs\":[\"https:\\\/\\\/www.facebook.com\\\/naturalpoland.b2b\",\"https:\\\/\\\/pl.linkedin.com\\\/company\\\/natural-poland\",\"https:\\\/\\\/www.youtube.com\\\/channel\\\/UCgeGGkvOMahZo-xu_MSEWxg\"]}]}<\/script>\n<!-- \/ Yoast SEO plugin. -->","yoast_head_json":{"title":"Hydrolat d'hamam\u00e9lis - Distributeur en gros","description":"L'hydrolat d'hamam\u00e9lis a une consistance l\u00e9g\u00e8re et aqueuse et s'applique facilement. Il p\u00e9n\u00e8tre rapidement sans laisser de film gras,","robots":{"index":"index","follow":"follow","max-snippet":"max-snippet:-1","max-image-preview":"max-image-preview:large","max-video-preview":"max-video-preview:-1"},"canonical":"https:\/\/naturalpoland.com\/fr\/produkty\/produits-pour-lindustrie-cosmetique\/eaux-florales\/hydrolat-dhamamelis\/","og_locale":"fr_FR","og_type":"article","og_title":"Hydrolat d'hamam\u00e9lis - Distributeur en gros","og_description":"L'hydrolat d'hamam\u00e9lis a une consistance l\u00e9g\u00e8re et aqueuse et s'applique facilement. Il p\u00e9n\u00e8tre rapidement sans laisser de film gras,","og_url":"https:\/\/naturalpoland.com\/fr\/produkty\/produits-pour-lindustrie-cosmetique\/eaux-florales\/hydrolat-dhamamelis\/","og_site_name":"NATURAL POLAND - Distributeur de mati\u00e8res premi\u00e8res en gros","article_publisher":"https:\/\/www.facebook.com\/naturalpoland.b2b","og_image":[{"width":618,"height":618,"url":"https:\/\/naturalpoland.com\/wp-content\/uploads\/hydrolat-oczarowy.webp","type":"image\/webp"}],"schema":{"@context":"https:\/\/schema.org","@graph":[{"@type":"WebPage","@id":"https:\/\/naturalpoland.com\/fr\/produkty\/produits-pour-lindustrie-cosmetique\/eaux-florales\/hydrolat-dhamamelis\/","url":"https:\/\/naturalpoland.com\/fr\/produkty\/produits-pour-lindustrie-cosmetique\/eaux-florales\/hydrolat-dhamamelis\/","name":"Hydrolat d'hamam\u00e9lis - Distributeur en gros","isPartOf":{"@id":"https:\/\/naturalpoland.com\/fr\/#website"},"primaryImageOfPage":{"@id":"https:\/\/naturalpoland.com\/fr\/produkty\/produits-pour-lindustrie-cosmetique\/eaux-florales\/hydrolat-dhamamelis\/#primaryimage"},"image":{"@id":"https:\/\/naturalpoland.com\/fr\/produkty\/produits-pour-lindustrie-cosmetique\/eaux-florales\/hydrolat-dhamamelis\/#primaryimage"},"thumbnailUrl":"https:\/\/naturalpoland.com\/wp-content\/uploads\/hydrolat-oczarowy.webp","datePublished":"2024-04-29T11:59:16+00:00","description":"L'hydrolat d'hamam\u00e9lis a une consistance l\u00e9g\u00e8re et aqueuse et s'applique facilement. Il p\u00e9n\u00e8tre rapidement sans laisser de film gras,","breadcrumb":{"@id":"https:\/\/naturalpoland.com\/fr\/produkty\/produits-pour-lindustrie-cosmetique\/eaux-florales\/hydrolat-dhamamelis\/#breadcrumb"},"inLanguage":"fr-FR","potentialAction":[{"@type":"ReadAction","target":["https:\/\/naturalpoland.com\/fr\/produkty\/produits-pour-lindustrie-cosmetique\/eaux-florales\/hydrolat-dhamamelis\/"]}]},{"@type":"ImageObject","inLanguage":"fr-FR","@id":"https:\/\/naturalpoland.com\/fr\/produkty\/produits-pour-lindustrie-cosmetique\/eaux-florales\/hydrolat-dhamamelis\/#primaryimage","url":"https:\/\/naturalpoland.com\/wp-content\/uploads\/hydrolat-oczarowy.webp","contentUrl":"https:\/\/naturalpoland.com\/wp-content\/uploads\/hydrolat-oczarowy.webp","width":618,"height":618,"caption":"hydrolat oczarowy"},{"@type":"BreadcrumbList","@id":"https:\/\/naturalpoland.com\/fr\/produkty\/produits-pour-lindustrie-cosmetique\/eaux-florales\/hydrolat-dhamamelis\/#breadcrumb","itemListElement":[{"@type":"ListItem","position":1,"name":"Accueil","item":"https:\/\/naturalpoland.com\/fr\/"},{"@type":"ListItem","position":2,"name":"Produits","item":"https:\/\/naturalpoland.com\/fr\/produits\/"},{"@type":"ListItem","position":3,"name":"Hydrolat d&rsquo;hamam\u00e9lis"}]},{"@type":"WebSite","@id":"https:\/\/naturalpoland.com\/fr\/#website","url":"https:\/\/naturalpoland.com\/fr\/","name":"NATURAL POLAND - Distributeur de mati\u00e8res premi\u00e8res en gros","description":"Surowce dla przemys\u0142u spo\u017cywczego, kosmetycznego i farmaceutycznego","publisher":{"@id":"https:\/\/naturalpoland.com\/fr\/#organization"},"potentialAction":[{"@type":"SearchAction","target":{"@type":"EntryPoint","urlTemplate":"https:\/\/naturalpoland.com\/fr\/?s={search_term_string}"},"query-input":{"@type":"PropertyValueSpecification","valueRequired":true,"valueName":"search_term_string"}}],"inLanguage":"fr-FR"},{"@type":"Organization","@id":"https:\/\/naturalpoland.com\/fr\/#organization","name":"Natural Poland","url":"https:\/\/naturalpoland.com\/fr\/","logo":{"@type":"ImageObject","inLanguage":"fr-FR","@id":"https:\/\/naturalpoland.com\/fr\/#\/schema\/logo\/image\/","url":"https:\/\/naturalpoland.com\/wp-content\/uploads\/2021\/05\/natural-poland-icon.png","contentUrl":"https:\/\/naturalpoland.com\/wp-content\/uploads\/2021\/05\/natural-poland-icon.png","width":512,"height":512,"caption":"Natural Poland"},"image":{"@id":"https:\/\/naturalpoland.com\/fr\/#\/schema\/logo\/image\/"},"sameAs":["https:\/\/www.facebook.com\/naturalpoland.b2b","https:\/\/pl.linkedin.com\/company\/natural-poland","https:\/\/www.youtube.com\/channel\/UCgeGGkvOMahZo-xu_MSEWxg"]}]}},"_links":{"self":[{"href":"https:\/\/naturalpoland.com\/fr\/wp-json\/wp\/v2\/product\/31429","targetHints":{"allow":["GET"]}}],"collection":[{"href":"https:\/\/naturalpoland.com\/fr\/wp-json\/wp\/v2\/product"}],"about":[{"href":"https:\/\/naturalpoland.com\/fr\/wp-json\/wp\/v2\/types\/product"}],"wp:featuredmedia":[{"embeddable":true,"href":"https:\/\/naturalpoland.com\/fr\/wp-json\/wp\/v2\/media\/30981"}],"wp:attachment":[{"href":"https:\/\/naturalpoland.com\/fr\/wp-json\/wp\/v2\/media?parent=31429"}],"wp:term":[{"taxonomy":"product_brand","embeddable":true,"href":"https:\/\/naturalpoland.com\/fr\/wp-json\/wp\/v2\/product_brand?post=31429"},{"taxonomy":"product_cat","embeddable":true,"href":"https:\/\/naturalpoland.com\/fr\/wp-json\/wp\/v2\/product_cat?post=31429"},{"taxonomy":"product_tag","embeddable":true,"href":"https:\/\/naturalpoland.com\/fr\/wp-json\/wp\/v2\/product_tag?post=31429"}],"curies":[{"name":"wp","href":"https:\/\/api.w.org\/{rel}","templated":true}]}}