{"id":31475,"date":"2024-04-10T14:38:24","date_gmt":"2024-04-29T12:04:22","guid":{"rendered":"https:\/\/naturalpoland.com\/produkty\/non class\u00e9\/extrait-de-fleur-de-pasque-chinois-pulsatilla-chinensis\/"},"modified":"2024-04-29T14:04:22","modified_gmt":"2024-04-29T12:04:22","slug":"extrait-de-fleur-de-pasque-chinois-pulsatilla-chinensis","status":"publish","type":"product","link":"https:\/\/naturalpoland.com\/fr\/produkty\/extraits-de-plantes\/extrait-de-fleur-de-pasque-chinois-pulsatilla-chinensis\/","title":{"rendered":"Extrait de fleur de pasque chinois (Pulsatilla chinensis)"},"content":{"rendered":"<p><strong>Propri\u00e9t\u00e9s<\/strong><\/p>\n<p>L&rsquo;extrait de pasquale chinoise est produit en utilisant de l&rsquo;eau comme solvant, ce qui permet de pr\u00e9server les pr\u00e9cieux composants de la plante. Le produit est exempt d&rsquo;OGM, de m\u00e9taux lourds et de mycotoxines, ce qui rend son utilisation s\u00fbre. En outre, il est exempt de pathog\u00e8nes nocifs.<\/p>\n<p>L&rsquo;une des principales caract\u00e9ristiques de l&rsquo;extrait de pasquale chinoise est son <strong>potentiel anti-inflammatoire et antibact\u00e9rien<\/strong>. Ces propri\u00e9t\u00e9s font que l&rsquo;extrait est utilis\u00e9 dans les th\u00e9rapies naturelles pour lutter contre diverses infections et pour soulager l&rsquo;inflammation dans l&rsquo;organisme. En outre, les compos\u00e9s actifs pr\u00e9sents dans le sassana chinois peuvent soutenir le syst\u00e8me immunitaire, en augmentant les capacit\u00e9s de d\u00e9fense de l&rsquo;organisme contre les agents pathog\u00e8nes.<\/p>\n<p>L&rsquo;extrait se caract\u00e9rise \u00e9galement par son action de<strong>soutien du syst\u00e8me digestif<\/strong>. Gr\u00e2ce \u00e0 ses propri\u00e9t\u00e9s, il peut aider \u00e0 r\u00e9guler le tube digestif, \u00e0 soulager l&rsquo;inconfort gastrique et \u00e0 am\u00e9liorer la fonction digestive en g\u00e9n\u00e9ral.<\/p>\n<p><strong>Application<\/strong><\/p>\n<p>L&rsquo;extrait de pasqueflower chinois trouve sa place dans la production d&rsquo;une large gamme de compl\u00e9ments alimentaires destin\u00e9s \u00e0 ceux qui recherchent un soutien naturel pour pr\u00e9server leur sant\u00e9. Il est particuli\u00e8rement appr\u00e9ci\u00e9 dans les formules visant \u00e0 soutenir le syst\u00e8me immunitaire, la sant\u00e9 digestive et comme ingr\u00e9dient dans les produits antibact\u00e9riens et anti-inflammatoires.<\/p>\n<p>&nbsp;<\/p>\n","protected":false},"excerpt":{"rendered":"<p>L&rsquo;extrait de pasquale chinoise<em>(Pulsatilla chinensis<\/em>) est une mati\u00e8re premi\u00e8re extraite du rhizome de cette plante. L&rsquo;extrait est appr\u00e9ci\u00e9 pour sa capacit\u00e9 \u00e0 soutenir les m\u00e9canismes de d\u00e9fense naturels de l&rsquo;organisme et pour ses propri\u00e9t\u00e9s anti-inflammatoires et antibact\u00e9riennes.<\/p>\n","protected":false},"featured_media":30915,"template":"","meta":[],"product_brand":[],"product_cat":[1293],"product_tag":[],"class_list":{"0":"post-31475","1":"product","2":"type-product","3":"status-publish","4":"has-post-thumbnail","6":"product_cat-extraits-de-plantes","7":"pa_certyfikaty-certification-cachere","8":"pa_certyfikaty-halal-fr","9":"pa_czesc-rosliny-rhizome","11":"first","12":"instock","13":"shipping-taxable","14":"product-type-simple"},"yoast_head":"<!-- This site is optimized with the Yoast SEO plugin v27.4 - https:\/\/yoast.com\/product\/yoast-seo-wordpress\/ -->\n<title>Extrait de fleur de pasque chinois (Pulsatilla chinensis) - Distributeur en gros<\/title>\n<meta name=\"description\" content=\"L&#039;extrait de pasquale chinoise (Pulsatilla chinensis) est un composant appr\u00e9ci\u00e9 dans le domaine des compl\u00e9ments de sant\u00e9 naturels.\" \/>\n<meta name=\"robots\" content=\"index, follow, max-snippet:-1, max-image-preview:large, max-video-preview:-1\" \/>\n<link rel=\"canonical\" href=\"https:\/\/naturalpoland.com\/fr\/produkty\/extraits-de-plantes\/extrait-de-fleur-de-pasque-chinois-pulsatilla-chinensis\/\" \/>\n<meta property=\"og:locale\" content=\"fr_FR\" \/>\n<meta property=\"og:type\" content=\"article\" \/>\n<meta property=\"og:title\" content=\"Extrait de fleur de pasque chinois (Pulsatilla chinensis) - Distributeur en gros\" \/>\n<meta property=\"og:description\" content=\"L&#039;extrait de pasquale chinoise (Pulsatilla chinensis) est un composant appr\u00e9ci\u00e9 dans le domaine des compl\u00e9ments de sant\u00e9 naturels.\" \/>\n<meta property=\"og:url\" content=\"https:\/\/naturalpoland.com\/fr\/produkty\/extraits-de-plantes\/extrait-de-fleur-de-pasque-chinois-pulsatilla-chinensis\/\" \/>\n<meta property=\"og:site_name\" content=\"NATURAL POLAND - Distributeur de mati\u00e8res premi\u00e8res en gros\" \/>\n<meta property=\"article:publisher\" content=\"https:\/\/www.facebook.com\/naturalpoland.b2b\" \/>\n<meta property=\"og:image\" content=\"https:\/\/naturalpoland.com\/wp-content\/uploads\/pulsatilla_chinensis_extract.webp\" \/>\n\t<meta property=\"og:image:width\" content=\"1024\" \/>\n\t<meta property=\"og:image:height\" content=\"1024\" \/>\n\t<meta property=\"og:image:type\" content=\"image\/webp\" \/>\n<script type=\"application\/ld+json\" class=\"yoast-schema-graph\">{\"@context\":\"https:\\\/\\\/schema.org\",\"@graph\":[{\"@type\":\"WebPage\",\"@id\":\"https:\\\/\\\/naturalpoland.com\\\/fr\\\/produkty\\\/extraits-de-plantes\\\/extrait-de-fleur-de-pasque-chinois-pulsatilla-chinensis\\\/\",\"url\":\"https:\\\/\\\/naturalpoland.com\\\/fr\\\/produkty\\\/extraits-de-plantes\\\/extrait-de-fleur-de-pasque-chinois-pulsatilla-chinensis\\\/\",\"name\":\"Extrait de fleur de pasque chinois (Pulsatilla chinensis) - Distributeur en gros\",\"isPartOf\":{\"@id\":\"https:\\\/\\\/naturalpoland.com\\\/fr\\\/#website\"},\"primaryImageOfPage\":{\"@id\":\"https:\\\/\\\/naturalpoland.com\\\/fr\\\/produkty\\\/extraits-de-plantes\\\/extrait-de-fleur-de-pasque-chinois-pulsatilla-chinensis\\\/#primaryimage\"},\"image\":{\"@id\":\"https:\\\/\\\/naturalpoland.com\\\/fr\\\/produkty\\\/extraits-de-plantes\\\/extrait-de-fleur-de-pasque-chinois-pulsatilla-chinensis\\\/#primaryimage\"},\"thumbnailUrl\":\"https:\\\/\\\/naturalpoland.com\\\/wp-content\\\/uploads\\\/pulsatilla_chinensis_extract.webp\",\"datePublished\":\"2024-04-29T12:04:22+00:00\",\"description\":\"L'extrait de pasquale chinoise (Pulsatilla chinensis) est un composant appr\u00e9ci\u00e9 dans le domaine des compl\u00e9ments de sant\u00e9 naturels.\",\"breadcrumb\":{\"@id\":\"https:\\\/\\\/naturalpoland.com\\\/fr\\\/produkty\\\/extraits-de-plantes\\\/extrait-de-fleur-de-pasque-chinois-pulsatilla-chinensis\\\/#breadcrumb\"},\"inLanguage\":\"fr-FR\",\"potentialAction\":[{\"@type\":\"ReadAction\",\"target\":[\"https:\\\/\\\/naturalpoland.com\\\/fr\\\/produkty\\\/extraits-de-plantes\\\/extrait-de-fleur-de-pasque-chinois-pulsatilla-chinensis\\\/\"]}]},{\"@type\":\"ImageObject\",\"inLanguage\":\"fr-FR\",\"@id\":\"https:\\\/\\\/naturalpoland.com\\\/fr\\\/produkty\\\/extraits-de-plantes\\\/extrait-de-fleur-de-pasque-chinois-pulsatilla-chinensis\\\/#primaryimage\",\"url\":\"https:\\\/\\\/naturalpoland.com\\\/wp-content\\\/uploads\\\/pulsatilla_chinensis_extract.webp\",\"contentUrl\":\"https:\\\/\\\/naturalpoland.com\\\/wp-content\\\/uploads\\\/pulsatilla_chinensis_extract.webp\",\"width\":1024,\"height\":1024,\"caption\":\"Ekstrakt z sasanki chi\u0144skiej\"},{\"@type\":\"BreadcrumbList\",\"@id\":\"https:\\\/\\\/naturalpoland.com\\\/fr\\\/produkty\\\/extraits-de-plantes\\\/extrait-de-fleur-de-pasque-chinois-pulsatilla-chinensis\\\/#breadcrumb\",\"itemListElement\":[{\"@type\":\"ListItem\",\"position\":1,\"name\":\"Accueil\",\"item\":\"https:\\\/\\\/naturalpoland.com\\\/fr\\\/\"},{\"@type\":\"ListItem\",\"position\":2,\"name\":\"Produits\",\"item\":\"https:\\\/\\\/naturalpoland.com\\\/fr\\\/produits\\\/\"},{\"@type\":\"ListItem\",\"position\":3,\"name\":\"Extrait de fleur de pasque chinois (Pulsatilla chinensis)\"}]},{\"@type\":\"WebSite\",\"@id\":\"https:\\\/\\\/naturalpoland.com\\\/fr\\\/#website\",\"url\":\"https:\\\/\\\/naturalpoland.com\\\/fr\\\/\",\"name\":\"NATURAL POLAND - Distributeur de mati\u00e8res premi\u00e8res en gros\",\"description\":\"Surowce dla przemys\u0142u spo\u017cywczego, kosmetycznego i farmaceutycznego\",\"publisher\":{\"@id\":\"https:\\\/\\\/naturalpoland.com\\\/fr\\\/#organization\"},\"potentialAction\":[{\"@type\":\"SearchAction\",\"target\":{\"@type\":\"EntryPoint\",\"urlTemplate\":\"https:\\\/\\\/naturalpoland.com\\\/fr\\\/?s={search_term_string}\"},\"query-input\":{\"@type\":\"PropertyValueSpecification\",\"valueRequired\":true,\"valueName\":\"search_term_string\"}}],\"inLanguage\":\"fr-FR\"},{\"@type\":\"Organization\",\"@id\":\"https:\\\/\\\/naturalpoland.com\\\/fr\\\/#organization\",\"name\":\"Natural Poland\",\"url\":\"https:\\\/\\\/naturalpoland.com\\\/fr\\\/\",\"logo\":{\"@type\":\"ImageObject\",\"inLanguage\":\"fr-FR\",\"@id\":\"https:\\\/\\\/naturalpoland.com\\\/fr\\\/#\\\/schema\\\/logo\\\/image\\\/\",\"url\":\"https:\\\/\\\/naturalpoland.com\\\/wp-content\\\/uploads\\\/2021\\\/05\\\/natural-poland-icon.png\",\"contentUrl\":\"https:\\\/\\\/naturalpoland.com\\\/wp-content\\\/uploads\\\/2021\\\/05\\\/natural-poland-icon.png\",\"width\":512,\"height\":512,\"caption\":\"Natural Poland\"},\"image\":{\"@id\":\"https:\\\/\\\/naturalpoland.com\\\/fr\\\/#\\\/schema\\\/logo\\\/image\\\/\"},\"sameAs\":[\"https:\\\/\\\/www.facebook.com\\\/naturalpoland.b2b\",\"https:\\\/\\\/pl.linkedin.com\\\/company\\\/natural-poland\",\"https:\\\/\\\/www.youtube.com\\\/channel\\\/UCgeGGkvOMahZo-xu_MSEWxg\"]}]}<\/script>\n<!-- \/ Yoast SEO plugin. -->","yoast_head_json":{"title":"Extrait de fleur de pasque chinois (Pulsatilla chinensis) - Distributeur en gros","description":"L'extrait de pasquale chinoise (Pulsatilla chinensis) est un composant appr\u00e9ci\u00e9 dans le domaine des compl\u00e9ments de sant\u00e9 naturels.","robots":{"index":"index","follow":"follow","max-snippet":"max-snippet:-1","max-image-preview":"max-image-preview:large","max-video-preview":"max-video-preview:-1"},"canonical":"https:\/\/naturalpoland.com\/fr\/produkty\/extraits-de-plantes\/extrait-de-fleur-de-pasque-chinois-pulsatilla-chinensis\/","og_locale":"fr_FR","og_type":"article","og_title":"Extrait de fleur de pasque chinois (Pulsatilla chinensis) - Distributeur en gros","og_description":"L'extrait de pasquale chinoise (Pulsatilla chinensis) est un composant appr\u00e9ci\u00e9 dans le domaine des compl\u00e9ments de sant\u00e9 naturels.","og_url":"https:\/\/naturalpoland.com\/fr\/produkty\/extraits-de-plantes\/extrait-de-fleur-de-pasque-chinois-pulsatilla-chinensis\/","og_site_name":"NATURAL POLAND - Distributeur de mati\u00e8res premi\u00e8res en gros","article_publisher":"https:\/\/www.facebook.com\/naturalpoland.b2b","og_image":[{"width":1024,"height":1024,"url":"https:\/\/naturalpoland.com\/wp-content\/uploads\/pulsatilla_chinensis_extract.webp","type":"image\/webp"}],"schema":{"@context":"https:\/\/schema.org","@graph":[{"@type":"WebPage","@id":"https:\/\/naturalpoland.com\/fr\/produkty\/extraits-de-plantes\/extrait-de-fleur-de-pasque-chinois-pulsatilla-chinensis\/","url":"https:\/\/naturalpoland.com\/fr\/produkty\/extraits-de-plantes\/extrait-de-fleur-de-pasque-chinois-pulsatilla-chinensis\/","name":"Extrait de fleur de pasque chinois (Pulsatilla chinensis) - Distributeur en gros","isPartOf":{"@id":"https:\/\/naturalpoland.com\/fr\/#website"},"primaryImageOfPage":{"@id":"https:\/\/naturalpoland.com\/fr\/produkty\/extraits-de-plantes\/extrait-de-fleur-de-pasque-chinois-pulsatilla-chinensis\/#primaryimage"},"image":{"@id":"https:\/\/naturalpoland.com\/fr\/produkty\/extraits-de-plantes\/extrait-de-fleur-de-pasque-chinois-pulsatilla-chinensis\/#primaryimage"},"thumbnailUrl":"https:\/\/naturalpoland.com\/wp-content\/uploads\/pulsatilla_chinensis_extract.webp","datePublished":"2024-04-29T12:04:22+00:00","description":"L'extrait de pasquale chinoise (Pulsatilla chinensis) est un composant appr\u00e9ci\u00e9 dans le domaine des compl\u00e9ments de sant\u00e9 naturels.","breadcrumb":{"@id":"https:\/\/naturalpoland.com\/fr\/produkty\/extraits-de-plantes\/extrait-de-fleur-de-pasque-chinois-pulsatilla-chinensis\/#breadcrumb"},"inLanguage":"fr-FR","potentialAction":[{"@type":"ReadAction","target":["https:\/\/naturalpoland.com\/fr\/produkty\/extraits-de-plantes\/extrait-de-fleur-de-pasque-chinois-pulsatilla-chinensis\/"]}]},{"@type":"ImageObject","inLanguage":"fr-FR","@id":"https:\/\/naturalpoland.com\/fr\/produkty\/extraits-de-plantes\/extrait-de-fleur-de-pasque-chinois-pulsatilla-chinensis\/#primaryimage","url":"https:\/\/naturalpoland.com\/wp-content\/uploads\/pulsatilla_chinensis_extract.webp","contentUrl":"https:\/\/naturalpoland.com\/wp-content\/uploads\/pulsatilla_chinensis_extract.webp","width":1024,"height":1024,"caption":"Ekstrakt z sasanki chi\u0144skiej"},{"@type":"BreadcrumbList","@id":"https:\/\/naturalpoland.com\/fr\/produkty\/extraits-de-plantes\/extrait-de-fleur-de-pasque-chinois-pulsatilla-chinensis\/#breadcrumb","itemListElement":[{"@type":"ListItem","position":1,"name":"Accueil","item":"https:\/\/naturalpoland.com\/fr\/"},{"@type":"ListItem","position":2,"name":"Produits","item":"https:\/\/naturalpoland.com\/fr\/produits\/"},{"@type":"ListItem","position":3,"name":"Extrait de fleur de pasque chinois (Pulsatilla chinensis)"}]},{"@type":"WebSite","@id":"https:\/\/naturalpoland.com\/fr\/#website","url":"https:\/\/naturalpoland.com\/fr\/","name":"NATURAL POLAND - Distributeur de mati\u00e8res premi\u00e8res en gros","description":"Surowce dla przemys\u0142u spo\u017cywczego, kosmetycznego i farmaceutycznego","publisher":{"@id":"https:\/\/naturalpoland.com\/fr\/#organization"},"potentialAction":[{"@type":"SearchAction","target":{"@type":"EntryPoint","urlTemplate":"https:\/\/naturalpoland.com\/fr\/?s={search_term_string}"},"query-input":{"@type":"PropertyValueSpecification","valueRequired":true,"valueName":"search_term_string"}}],"inLanguage":"fr-FR"},{"@type":"Organization","@id":"https:\/\/naturalpoland.com\/fr\/#organization","name":"Natural Poland","url":"https:\/\/naturalpoland.com\/fr\/","logo":{"@type":"ImageObject","inLanguage":"fr-FR","@id":"https:\/\/naturalpoland.com\/fr\/#\/schema\/logo\/image\/","url":"https:\/\/naturalpoland.com\/wp-content\/uploads\/2021\/05\/natural-poland-icon.png","contentUrl":"https:\/\/naturalpoland.com\/wp-content\/uploads\/2021\/05\/natural-poland-icon.png","width":512,"height":512,"caption":"Natural Poland"},"image":{"@id":"https:\/\/naturalpoland.com\/fr\/#\/schema\/logo\/image\/"},"sameAs":["https:\/\/www.facebook.com\/naturalpoland.b2b","https:\/\/pl.linkedin.com\/company\/natural-poland","https:\/\/www.youtube.com\/channel\/UCgeGGkvOMahZo-xu_MSEWxg"]}]}},"_links":{"self":[{"href":"https:\/\/naturalpoland.com\/fr\/wp-json\/wp\/v2\/product\/31475","targetHints":{"allow":["GET"]}}],"collection":[{"href":"https:\/\/naturalpoland.com\/fr\/wp-json\/wp\/v2\/product"}],"about":[{"href":"https:\/\/naturalpoland.com\/fr\/wp-json\/wp\/v2\/types\/product"}],"wp:featuredmedia":[{"embeddable":true,"href":"https:\/\/naturalpoland.com\/fr\/wp-json\/wp\/v2\/media\/30915"}],"wp:attachment":[{"href":"https:\/\/naturalpoland.com\/fr\/wp-json\/wp\/v2\/media?parent=31475"}],"wp:term":[{"taxonomy":"product_brand","embeddable":true,"href":"https:\/\/naturalpoland.com\/fr\/wp-json\/wp\/v2\/product_brand?post=31475"},{"taxonomy":"product_cat","embeddable":true,"href":"https:\/\/naturalpoland.com\/fr\/wp-json\/wp\/v2\/product_cat?post=31475"},{"taxonomy":"product_tag","embeddable":true,"href":"https:\/\/naturalpoland.com\/fr\/wp-json\/wp\/v2\/product_tag?post=31475"}],"curies":[{"name":"wp","href":"https:\/\/api.w.org\/{rel}","templated":true}]}}