{"id":31497,"date":"2024-04-10T11:44:06","date_gmt":"2024-04-29T12:11:57","guid":{"rendered":"https:\/\/naturalpoland.com\/produkty\/non class\u00e9\/extrait-de-graines-de-mangue-africaine\/"},"modified":"2024-04-29T14:11:57","modified_gmt":"2024-04-29T12:11:57","slug":"extrait-de-graines-de-mangue-africaine","status":"publish","type":"product","link":"https:\/\/naturalpoland.com\/fr\/produkty\/extraits-de-plantes\/extrait-de-graines-de-mangue-africaine\/","title":{"rendered":"Extrait de graines de mangue africaine"},"content":{"rendered":"<p>L&rsquo;extrait est obtenu \u00e0 partir des graines de mangues africaines s\u00e9lectionn\u00e9es. Il peut \u00eatre largement utilis\u00e9 dans une vari\u00e9t\u00e9 de formulations de compl\u00e9ments alimentaires et de produits de sant\u00e9.<\/p>\n<p><strong>Les effets antioxydants de l&rsquo;<\/strong> extrait de graines de mangue africaine ont un impact direct sur la sant\u00e9 cardiovasculaire et la r\u00e9gulation de la glyc\u00e9mie. Gr\u00e2ce \u00e0 ces propri\u00e9t\u00e9s, le produit est utilis\u00e9 dans la pr\u00e9vention des maladies li\u00e9es au mode de vie, telles que le diab\u00e8te de type 2 et les maladies cardiaques. En outre, les flavones pr\u00e9sents dans l&rsquo;extrait soutiennent les processus m\u00e9taboliques, ce qui peut contribuer \u00e0 une gestion plus efficace du poids et \u00e0 l&rsquo;am\u00e9lioration de la condition physique g\u00e9n\u00e9rale.<\/p>\n<p>L&rsquo;<strong>utilisation de l&rsquo;extrait de graines de mangue africaine<\/strong> ne se limite pas aux compl\u00e9ments alimentaires. Ses propri\u00e9t\u00e9s uniques en font \u00e9galement un ingr\u00e9dient appr\u00e9ci\u00e9 dans les cosm\u00e9tiques naturels, o\u00f9 ses effets antioxydants et r\u00e9g\u00e9n\u00e9rateurs peuvent contribuer \u00e0 am\u00e9liorer l&rsquo;apparence et l&rsquo;\u00e9tat de la peau.<\/p>\n<p>Pour les fabricants de produits de sant\u00e9 et de beaut\u00e9, l&rsquo;extrait de graines de mangue africaine offre la possibilit\u00e9 d&rsquo;enrichir leurs offres avec des formulations innovantes, r\u00e9pondant \u00e0 la demande croissante des consommateurs pour des produits \u00e0 base d&rsquo;ingr\u00e9dients naturels. Son utilisation polyvalente, combin\u00e9e \u00e0 ses propri\u00e9t\u00e9s \u00e9prouv\u00e9es par la recherche, fait de cet extrait un investissement pr\u00e9cieux pour le d\u00e9veloppement de produits de qualit\u00e9 sup\u00e9rieure.<\/p>\n","protected":false},"excerpt":{"rendered":"<p>L&rsquo;extrait de graines de mangue africaine est un ingr\u00e9dient pr\u00e9cieux dans les compl\u00e9ments alimentaires, appr\u00e9ci\u00e9 pour ses propri\u00e9t\u00e9s uniques en mati\u00e8re de sant\u00e9. Extrait de <strong><br \/>\n  <em>Irvingia Gabonensis<\/em><br \/>\n<\/strong>une plante originaire de la for\u00eat tropicale africaine, cet extrait est une riche source de <strong><br \/>\n  <a href=\"https:\/\/naturalpoland.com\/artykuly\/produkty-naturalne\/czym-sa-i-jak-dzialaja-flawonoidy\/\">flavones<\/a><br \/>\n<\/strong>. Sa teneur est sup\u00e9rieure \u00e0 10 %, comme l&rsquo;ont confirm\u00e9 les tests UV.<\/p>\n","protected":false},"featured_media":30887,"template":"","meta":[],"product_brand":[],"product_cat":[1293],"product_tag":[],"class_list":{"0":"post-31497","1":"product","2":"type-product","3":"status-publish","4":"has-post-thumbnail","6":"product_cat-extraits-de-plantes","7":"pa_certyfikaty-certification-cachere","8":"pa_certyfikaty-halal-fr","10":"first","11":"instock","12":"shipping-taxable","13":"product-type-simple"},"yoast_head":"<!-- This site is optimized with the Yoast SEO plugin v27.4 - https:\/\/yoast.com\/product\/yoast-seo-wordpress\/ -->\n<title>Extrait de graines de mangue africaine - Distributeur en gros<\/title>\n<meta name=\"description\" content=\"L&#039;extrait de graines de mangue africaine permet d&#039;enrichir la gamme avec des formulations innovantes \u00e0 base d&#039;ingr\u00e9dients naturels.\" \/>\n<meta name=\"robots\" content=\"index, follow, max-snippet:-1, max-image-preview:large, max-video-preview:-1\" \/>\n<link rel=\"canonical\" href=\"https:\/\/naturalpoland.com\/fr\/produkty\/extraits-de-plantes\/extrait-de-graines-de-mangue-africaine\/\" \/>\n<meta property=\"og:locale\" content=\"fr_FR\" \/>\n<meta property=\"og:type\" content=\"article\" \/>\n<meta property=\"og:title\" content=\"Extrait de graines de mangue africaine - Distributeur en gros\" \/>\n<meta property=\"og:description\" content=\"L&#039;extrait de graines de mangue africaine permet d&#039;enrichir la gamme avec des formulations innovantes \u00e0 base d&#039;ingr\u00e9dients naturels.\" \/>\n<meta property=\"og:url\" content=\"https:\/\/naturalpoland.com\/fr\/produkty\/extraits-de-plantes\/extrait-de-graines-de-mangue-africaine\/\" \/>\n<meta property=\"og:site_name\" content=\"NATURAL POLAND - Distributeur de mati\u00e8res premi\u00e8res en gros\" \/>\n<meta property=\"article:publisher\" content=\"https:\/\/www.facebook.com\/naturalpoland.b2b\" \/>\n<meta property=\"og:image\" content=\"https:\/\/naturalpoland.com\/wp-content\/uploads\/african_mango_seed_extract.webp\" \/>\n\t<meta property=\"og:image:width\" content=\"700\" \/>\n\t<meta property=\"og:image:height\" content=\"700\" \/>\n\t<meta property=\"og:image:type\" content=\"image\/webp\" \/>\n<script type=\"application\/ld+json\" class=\"yoast-schema-graph\">{\"@context\":\"https:\\\/\\\/schema.org\",\"@graph\":[{\"@type\":\"WebPage\",\"@id\":\"https:\\\/\\\/naturalpoland.com\\\/fr\\\/produkty\\\/extraits-de-plantes\\\/extrait-de-graines-de-mangue-africaine\\\/\",\"url\":\"https:\\\/\\\/naturalpoland.com\\\/fr\\\/produkty\\\/extraits-de-plantes\\\/extrait-de-graines-de-mangue-africaine\\\/\",\"name\":\"Extrait de graines de mangue africaine - Distributeur en gros\",\"isPartOf\":{\"@id\":\"https:\\\/\\\/naturalpoland.com\\\/fr\\\/#website\"},\"primaryImageOfPage\":{\"@id\":\"https:\\\/\\\/naturalpoland.com\\\/fr\\\/produkty\\\/extraits-de-plantes\\\/extrait-de-graines-de-mangue-africaine\\\/#primaryimage\"},\"image\":{\"@id\":\"https:\\\/\\\/naturalpoland.com\\\/fr\\\/produkty\\\/extraits-de-plantes\\\/extrait-de-graines-de-mangue-africaine\\\/#primaryimage\"},\"thumbnailUrl\":\"https:\\\/\\\/naturalpoland.com\\\/wp-content\\\/uploads\\\/african_mango_seed_extract.webp\",\"datePublished\":\"2024-04-29T12:11:57+00:00\",\"description\":\"L'extrait de graines de mangue africaine permet d'enrichir la gamme avec des formulations innovantes \u00e0 base d'ingr\u00e9dients naturels.\",\"breadcrumb\":{\"@id\":\"https:\\\/\\\/naturalpoland.com\\\/fr\\\/produkty\\\/extraits-de-plantes\\\/extrait-de-graines-de-mangue-africaine\\\/#breadcrumb\"},\"inLanguage\":\"fr-FR\",\"potentialAction\":[{\"@type\":\"ReadAction\",\"target\":[\"https:\\\/\\\/naturalpoland.com\\\/fr\\\/produkty\\\/extraits-de-plantes\\\/extrait-de-graines-de-mangue-africaine\\\/\"]}]},{\"@type\":\"ImageObject\",\"inLanguage\":\"fr-FR\",\"@id\":\"https:\\\/\\\/naturalpoland.com\\\/fr\\\/produkty\\\/extraits-de-plantes\\\/extrait-de-graines-de-mangue-africaine\\\/#primaryimage\",\"url\":\"https:\\\/\\\/naturalpoland.com\\\/wp-content\\\/uploads\\\/african_mango_seed_extract.webp\",\"contentUrl\":\"https:\\\/\\\/naturalpoland.com\\\/wp-content\\\/uploads\\\/african_mango_seed_extract.webp\",\"width\":700,\"height\":700,\"caption\":\"Ekstrakt z nasion afryka\u0144skiego mango\"},{\"@type\":\"BreadcrumbList\",\"@id\":\"https:\\\/\\\/naturalpoland.com\\\/fr\\\/produkty\\\/extraits-de-plantes\\\/extrait-de-graines-de-mangue-africaine\\\/#breadcrumb\",\"itemListElement\":[{\"@type\":\"ListItem\",\"position\":1,\"name\":\"Accueil\",\"item\":\"https:\\\/\\\/naturalpoland.com\\\/fr\\\/\"},{\"@type\":\"ListItem\",\"position\":2,\"name\":\"Produits\",\"item\":\"https:\\\/\\\/naturalpoland.com\\\/fr\\\/produits\\\/\"},{\"@type\":\"ListItem\",\"position\":3,\"name\":\"Extrait de graines de mangue africaine\"}]},{\"@type\":\"WebSite\",\"@id\":\"https:\\\/\\\/naturalpoland.com\\\/fr\\\/#website\",\"url\":\"https:\\\/\\\/naturalpoland.com\\\/fr\\\/\",\"name\":\"NATURAL POLAND - Distributeur de mati\u00e8res premi\u00e8res en gros\",\"description\":\"Surowce dla przemys\u0142u spo\u017cywczego, kosmetycznego i farmaceutycznego\",\"publisher\":{\"@id\":\"https:\\\/\\\/naturalpoland.com\\\/fr\\\/#organization\"},\"potentialAction\":[{\"@type\":\"SearchAction\",\"target\":{\"@type\":\"EntryPoint\",\"urlTemplate\":\"https:\\\/\\\/naturalpoland.com\\\/fr\\\/?s={search_term_string}\"},\"query-input\":{\"@type\":\"PropertyValueSpecification\",\"valueRequired\":true,\"valueName\":\"search_term_string\"}}],\"inLanguage\":\"fr-FR\"},{\"@type\":\"Organization\",\"@id\":\"https:\\\/\\\/naturalpoland.com\\\/fr\\\/#organization\",\"name\":\"Natural Poland\",\"url\":\"https:\\\/\\\/naturalpoland.com\\\/fr\\\/\",\"logo\":{\"@type\":\"ImageObject\",\"inLanguage\":\"fr-FR\",\"@id\":\"https:\\\/\\\/naturalpoland.com\\\/fr\\\/#\\\/schema\\\/logo\\\/image\\\/\",\"url\":\"https:\\\/\\\/naturalpoland.com\\\/wp-content\\\/uploads\\\/2021\\\/05\\\/natural-poland-icon.png\",\"contentUrl\":\"https:\\\/\\\/naturalpoland.com\\\/wp-content\\\/uploads\\\/2021\\\/05\\\/natural-poland-icon.png\",\"width\":512,\"height\":512,\"caption\":\"Natural Poland\"},\"image\":{\"@id\":\"https:\\\/\\\/naturalpoland.com\\\/fr\\\/#\\\/schema\\\/logo\\\/image\\\/\"},\"sameAs\":[\"https:\\\/\\\/www.facebook.com\\\/naturalpoland.b2b\",\"https:\\\/\\\/pl.linkedin.com\\\/company\\\/natural-poland\",\"https:\\\/\\\/www.youtube.com\\\/channel\\\/UCgeGGkvOMahZo-xu_MSEWxg\"]}]}<\/script>\n<!-- \/ Yoast SEO plugin. -->","yoast_head_json":{"title":"Extrait de graines de mangue africaine - Distributeur en gros","description":"L'extrait de graines de mangue africaine permet d'enrichir la gamme avec des formulations innovantes \u00e0 base d'ingr\u00e9dients naturels.","robots":{"index":"index","follow":"follow","max-snippet":"max-snippet:-1","max-image-preview":"max-image-preview:large","max-video-preview":"max-video-preview:-1"},"canonical":"https:\/\/naturalpoland.com\/fr\/produkty\/extraits-de-plantes\/extrait-de-graines-de-mangue-africaine\/","og_locale":"fr_FR","og_type":"article","og_title":"Extrait de graines de mangue africaine - Distributeur en gros","og_description":"L'extrait de graines de mangue africaine permet d'enrichir la gamme avec des formulations innovantes \u00e0 base d'ingr\u00e9dients naturels.","og_url":"https:\/\/naturalpoland.com\/fr\/produkty\/extraits-de-plantes\/extrait-de-graines-de-mangue-africaine\/","og_site_name":"NATURAL POLAND - Distributeur de mati\u00e8res premi\u00e8res en gros","article_publisher":"https:\/\/www.facebook.com\/naturalpoland.b2b","og_image":[{"width":700,"height":700,"url":"https:\/\/naturalpoland.com\/wp-content\/uploads\/african_mango_seed_extract.webp","type":"image\/webp"}],"schema":{"@context":"https:\/\/schema.org","@graph":[{"@type":"WebPage","@id":"https:\/\/naturalpoland.com\/fr\/produkty\/extraits-de-plantes\/extrait-de-graines-de-mangue-africaine\/","url":"https:\/\/naturalpoland.com\/fr\/produkty\/extraits-de-plantes\/extrait-de-graines-de-mangue-africaine\/","name":"Extrait de graines de mangue africaine - Distributeur en gros","isPartOf":{"@id":"https:\/\/naturalpoland.com\/fr\/#website"},"primaryImageOfPage":{"@id":"https:\/\/naturalpoland.com\/fr\/produkty\/extraits-de-plantes\/extrait-de-graines-de-mangue-africaine\/#primaryimage"},"image":{"@id":"https:\/\/naturalpoland.com\/fr\/produkty\/extraits-de-plantes\/extrait-de-graines-de-mangue-africaine\/#primaryimage"},"thumbnailUrl":"https:\/\/naturalpoland.com\/wp-content\/uploads\/african_mango_seed_extract.webp","datePublished":"2024-04-29T12:11:57+00:00","description":"L'extrait de graines de mangue africaine permet d'enrichir la gamme avec des formulations innovantes \u00e0 base d'ingr\u00e9dients naturels.","breadcrumb":{"@id":"https:\/\/naturalpoland.com\/fr\/produkty\/extraits-de-plantes\/extrait-de-graines-de-mangue-africaine\/#breadcrumb"},"inLanguage":"fr-FR","potentialAction":[{"@type":"ReadAction","target":["https:\/\/naturalpoland.com\/fr\/produkty\/extraits-de-plantes\/extrait-de-graines-de-mangue-africaine\/"]}]},{"@type":"ImageObject","inLanguage":"fr-FR","@id":"https:\/\/naturalpoland.com\/fr\/produkty\/extraits-de-plantes\/extrait-de-graines-de-mangue-africaine\/#primaryimage","url":"https:\/\/naturalpoland.com\/wp-content\/uploads\/african_mango_seed_extract.webp","contentUrl":"https:\/\/naturalpoland.com\/wp-content\/uploads\/african_mango_seed_extract.webp","width":700,"height":700,"caption":"Ekstrakt z nasion afryka\u0144skiego mango"},{"@type":"BreadcrumbList","@id":"https:\/\/naturalpoland.com\/fr\/produkty\/extraits-de-plantes\/extrait-de-graines-de-mangue-africaine\/#breadcrumb","itemListElement":[{"@type":"ListItem","position":1,"name":"Accueil","item":"https:\/\/naturalpoland.com\/fr\/"},{"@type":"ListItem","position":2,"name":"Produits","item":"https:\/\/naturalpoland.com\/fr\/produits\/"},{"@type":"ListItem","position":3,"name":"Extrait de graines de mangue africaine"}]},{"@type":"WebSite","@id":"https:\/\/naturalpoland.com\/fr\/#website","url":"https:\/\/naturalpoland.com\/fr\/","name":"NATURAL POLAND - Distributeur de mati\u00e8res premi\u00e8res en gros","description":"Surowce dla przemys\u0142u spo\u017cywczego, kosmetycznego i farmaceutycznego","publisher":{"@id":"https:\/\/naturalpoland.com\/fr\/#organization"},"potentialAction":[{"@type":"SearchAction","target":{"@type":"EntryPoint","urlTemplate":"https:\/\/naturalpoland.com\/fr\/?s={search_term_string}"},"query-input":{"@type":"PropertyValueSpecification","valueRequired":true,"valueName":"search_term_string"}}],"inLanguage":"fr-FR"},{"@type":"Organization","@id":"https:\/\/naturalpoland.com\/fr\/#organization","name":"Natural Poland","url":"https:\/\/naturalpoland.com\/fr\/","logo":{"@type":"ImageObject","inLanguage":"fr-FR","@id":"https:\/\/naturalpoland.com\/fr\/#\/schema\/logo\/image\/","url":"https:\/\/naturalpoland.com\/wp-content\/uploads\/2021\/05\/natural-poland-icon.png","contentUrl":"https:\/\/naturalpoland.com\/wp-content\/uploads\/2021\/05\/natural-poland-icon.png","width":512,"height":512,"caption":"Natural Poland"},"image":{"@id":"https:\/\/naturalpoland.com\/fr\/#\/schema\/logo\/image\/"},"sameAs":["https:\/\/www.facebook.com\/naturalpoland.b2b","https:\/\/pl.linkedin.com\/company\/natural-poland","https:\/\/www.youtube.com\/channel\/UCgeGGkvOMahZo-xu_MSEWxg"]}]}},"_links":{"self":[{"href":"https:\/\/naturalpoland.com\/fr\/wp-json\/wp\/v2\/product\/31497","targetHints":{"allow":["GET"]}}],"collection":[{"href":"https:\/\/naturalpoland.com\/fr\/wp-json\/wp\/v2\/product"}],"about":[{"href":"https:\/\/naturalpoland.com\/fr\/wp-json\/wp\/v2\/types\/product"}],"wp:featuredmedia":[{"embeddable":true,"href":"https:\/\/naturalpoland.com\/fr\/wp-json\/wp\/v2\/media\/30887"}],"wp:attachment":[{"href":"https:\/\/naturalpoland.com\/fr\/wp-json\/wp\/v2\/media?parent=31497"}],"wp:term":[{"taxonomy":"product_brand","embeddable":true,"href":"https:\/\/naturalpoland.com\/fr\/wp-json\/wp\/v2\/product_brand?post=31497"},{"taxonomy":"product_cat","embeddable":true,"href":"https:\/\/naturalpoland.com\/fr\/wp-json\/wp\/v2\/product_cat?post=31497"},{"taxonomy":"product_tag","embeddable":true,"href":"https:\/\/naturalpoland.com\/fr\/wp-json\/wp\/v2\/product_tag?post=31497"}],"curies":[{"name":"wp","href":"https:\/\/api.w.org\/{rel}","templated":true}]}}