{"id":31519,"date":"2024-02-22T16:32:29","date_gmt":"2024-04-29T12:45:39","guid":{"rendered":"https:\/\/naturalpoland.com\/produkty\/non class\u00e9\/extrait-de-fruit-de-schisandra\/"},"modified":"2024-04-29T14:45:39","modified_gmt":"2024-04-29T12:45:39","slug":"extrait-de-fruit-de-schisandra","status":"publish","type":"product","link":"https:\/\/naturalpoland.com\/fr\/produkty\/extraits-de-plantes\/extrait-de-fruit-de-schisandra\/","title":{"rendered":"Extrait de fruit de Schisandra"},"content":{"rendered":"<p>L&rsquo;extrait de fruit de Schisandra se pr\u00e9sente sous la forme d&rsquo;une poudre naturelle finement moulue, de couleur jaune brun\u00e2tre, \u00e0 l&rsquo;odeur et au go\u00fbt caract\u00e9ristiques. Il est fabriqu\u00e9 \u00e0 partir de fruits de Schisandra s\u00e9ch\u00e9s. Son excellente solubilit\u00e9 dans l&rsquo;eau facilite son utilisation sous diverses formes, ce qui le rend pratique et facile \u00e0 utiliser.<\/p>\n<p>L&rsquo;extrait est obtenu en utilisant l&rsquo;eau comme solvant d&rsquo;extraction, ce qui garantit la s\u00e9curit\u00e9 et la pr\u00e9servation des propri\u00e9t\u00e9s naturelles de la mati\u00e8re premi\u00e8re. L&rsquo;ajout de %-10% maltodextrine assure la stabilit\u00e9 et la texture appropri\u00e9e du produit, tout en soulignant sa haute qualit\u00e9. De mani\u00e8re caract\u00e9ristique, 95 % de l&rsquo;extrait passe \u00e0 travers un tamis de 80 mesh, ce qui d\u00e9montre son excellente consistance et son homog\u00e9n\u00e9it\u00e9.<\/p>\n<p>La teneur en eau du produit est faible, comme l&rsquo;indique la perte au s\u00e9chage de 3,68 %, et la teneur en cendres est de 3,74 %, ce qui confirme la puret\u00e9 et la haute qualit\u00e9 de l&rsquo;extrait. L&rsquo;utilisation de fruits de Schisandra s\u00e9ch\u00e9s, 100% naturels, sans additifs ni agents de remplissage, souligne son caract\u00e8re naturel et sa valeur nutritionnelle.<\/p>\n<h2>Propri\u00e9t\u00e9s de l&rsquo;extrait de fruit de Schisandra<\/h2>\n<p>L&rsquo;extrait de fruit de Schisandra est appr\u00e9ci\u00e9 pour ses <strong>propri\u00e9t\u00e9s adaptog\u00e8nes<\/strong>, qui aident l&rsquo;organisme \u00e0 faire face au stress et am\u00e9liorent la concentration et l&rsquo;endurance physique. Il est id\u00e9al pour les personnes qui recherchent des m\u00e9thodes naturelles pour am\u00e9liorer leur bien-\u00eatre g\u00e9n\u00e9ral et augmenter leur \u00e9nergie vitale.<\/p>\n<p>En choisissant l&rsquo;extrait de fruit de Schisandra, vous optez pour un soutien naturel \u00e0 votre organisme, tout en appr\u00e9ciant la facilit\u00e9 d&rsquo;utilisation et le go\u00fbt agr\u00e9able du produit. C&rsquo;est un excellent choix pour tous ceux qui souhaitent enrichir leur alimentation d&rsquo;un ingr\u00e9dient naturel de haute qualit\u00e9 pour favoriser la sant\u00e9 et le bien-\u00eatre.<\/p>\n","protected":false},"excerpt":{"rendered":"<p>L&rsquo;extrait de fruit de Schisandra, en provenance directe de Chine, est un produit naturel exceptionnel dont les propri\u00e9t\u00e9s uniques sont reconnues dans le monde entier.<\/p>\n","protected":false},"featured_media":30502,"template":"","meta":[],"product_brand":[],"product_cat":[1293],"product_tag":[],"class_list":{"0":"post-31519","1":"product","2":"type-product","3":"status-publish","4":"has-post-thumbnail","6":"product_cat-extraits-de-plantes","7":"pa_czesc-rosliny-fruits","9":"first","10":"instock","11":"shipping-taxable","12":"product-type-simple"},"yoast_head":"<!-- This site is optimized with the Yoast SEO plugin v27.4 - https:\/\/yoast.com\/product\/yoast-seo-wordpress\/ -->\n<title>Extrait de fruit de Schisandra - Distributeur en gros<\/title>\n<meta name=\"description\" content=\"L&#039;extrait de fruit de Schisandra est appr\u00e9ci\u00e9 pour ses propri\u00e9t\u00e9s adaptog\u00e8nes, qui aident l&#039;organisme \u00e0 faire face au stress.\" \/>\n<meta name=\"robots\" content=\"index, follow, max-snippet:-1, max-image-preview:large, max-video-preview:-1\" \/>\n<link rel=\"canonical\" href=\"https:\/\/naturalpoland.com\/fr\/produkty\/extraits-de-plantes\/extrait-de-fruit-de-schisandra\/\" \/>\n<meta property=\"og:locale\" content=\"fr_FR\" \/>\n<meta property=\"og:type\" content=\"article\" \/>\n<meta property=\"og:title\" content=\"Extrait de fruit de Schisandra - Distributeur en gros\" \/>\n<meta property=\"og:description\" content=\"L&#039;extrait de fruit de Schisandra est appr\u00e9ci\u00e9 pour ses propri\u00e9t\u00e9s adaptog\u00e8nes, qui aident l&#039;organisme \u00e0 faire face au stress.\" \/>\n<meta property=\"og:url\" content=\"https:\/\/naturalpoland.com\/fr\/produkty\/extraits-de-plantes\/extrait-de-fruit-de-schisandra\/\" \/>\n<meta property=\"og:site_name\" content=\"NATURAL POLAND - Distributeur de mati\u00e8res premi\u00e8res en gros\" \/>\n<meta property=\"article:publisher\" content=\"https:\/\/www.facebook.com\/naturalpoland.b2b\" \/>\n<meta property=\"og:image\" content=\"https:\/\/naturalpoland.com\/wp-content\/uploads\/schisandra_berry_extract.webp\" \/>\n\t<meta property=\"og:image:width\" content=\"350\" \/>\n\t<meta property=\"og:image:height\" content=\"350\" \/>\n\t<meta property=\"og:image:type\" content=\"image\/webp\" \/>\n<script type=\"application\/ld+json\" class=\"yoast-schema-graph\">{\"@context\":\"https:\\\/\\\/schema.org\",\"@graph\":[{\"@type\":\"WebPage\",\"@id\":\"https:\\\/\\\/naturalpoland.com\\\/fr\\\/produkty\\\/extraits-de-plantes\\\/extrait-de-fruit-de-schisandra\\\/\",\"url\":\"https:\\\/\\\/naturalpoland.com\\\/fr\\\/produkty\\\/extraits-de-plantes\\\/extrait-de-fruit-de-schisandra\\\/\",\"name\":\"Extrait de fruit de Schisandra - Distributeur en gros\",\"isPartOf\":{\"@id\":\"https:\\\/\\\/naturalpoland.com\\\/fr\\\/#website\"},\"primaryImageOfPage\":{\"@id\":\"https:\\\/\\\/naturalpoland.com\\\/fr\\\/produkty\\\/extraits-de-plantes\\\/extrait-de-fruit-de-schisandra\\\/#primaryimage\"},\"image\":{\"@id\":\"https:\\\/\\\/naturalpoland.com\\\/fr\\\/produkty\\\/extraits-de-plantes\\\/extrait-de-fruit-de-schisandra\\\/#primaryimage\"},\"thumbnailUrl\":\"https:\\\/\\\/naturalpoland.com\\\/wp-content\\\/uploads\\\/schisandra_berry_extract.webp\",\"datePublished\":\"2024-04-29T12:45:39+00:00\",\"description\":\"L'extrait de fruit de Schisandra est appr\u00e9ci\u00e9 pour ses propri\u00e9t\u00e9s adaptog\u00e8nes, qui aident l'organisme \u00e0 faire face au stress.\",\"breadcrumb\":{\"@id\":\"https:\\\/\\\/naturalpoland.com\\\/fr\\\/produkty\\\/extraits-de-plantes\\\/extrait-de-fruit-de-schisandra\\\/#breadcrumb\"},\"inLanguage\":\"fr-FR\",\"potentialAction\":[{\"@type\":\"ReadAction\",\"target\":[\"https:\\\/\\\/naturalpoland.com\\\/fr\\\/produkty\\\/extraits-de-plantes\\\/extrait-de-fruit-de-schisandra\\\/\"]}]},{\"@type\":\"ImageObject\",\"inLanguage\":\"fr-FR\",\"@id\":\"https:\\\/\\\/naturalpoland.com\\\/fr\\\/produkty\\\/extraits-de-plantes\\\/extrait-de-fruit-de-schisandra\\\/#primaryimage\",\"url\":\"https:\\\/\\\/naturalpoland.com\\\/wp-content\\\/uploads\\\/schisandra_berry_extract.webp\",\"contentUrl\":\"https:\\\/\\\/naturalpoland.com\\\/wp-content\\\/uploads\\\/schisandra_berry_extract.webp\",\"width\":350,\"height\":350,\"caption\":\"ekstrakt z owoc\u00f3w Schisandra\"},{\"@type\":\"BreadcrumbList\",\"@id\":\"https:\\\/\\\/naturalpoland.com\\\/fr\\\/produkty\\\/extraits-de-plantes\\\/extrait-de-fruit-de-schisandra\\\/#breadcrumb\",\"itemListElement\":[{\"@type\":\"ListItem\",\"position\":1,\"name\":\"Accueil\",\"item\":\"https:\\\/\\\/naturalpoland.com\\\/fr\\\/\"},{\"@type\":\"ListItem\",\"position\":2,\"name\":\"Produits\",\"item\":\"https:\\\/\\\/naturalpoland.com\\\/fr\\\/produits\\\/\"},{\"@type\":\"ListItem\",\"position\":3,\"name\":\"Extrait de fruit de Schisandra\"}]},{\"@type\":\"WebSite\",\"@id\":\"https:\\\/\\\/naturalpoland.com\\\/fr\\\/#website\",\"url\":\"https:\\\/\\\/naturalpoland.com\\\/fr\\\/\",\"name\":\"NATURAL POLAND - Distributeur de mati\u00e8res premi\u00e8res en gros\",\"description\":\"Surowce dla przemys\u0142u spo\u017cywczego, kosmetycznego i farmaceutycznego\",\"publisher\":{\"@id\":\"https:\\\/\\\/naturalpoland.com\\\/fr\\\/#organization\"},\"potentialAction\":[{\"@type\":\"SearchAction\",\"target\":{\"@type\":\"EntryPoint\",\"urlTemplate\":\"https:\\\/\\\/naturalpoland.com\\\/fr\\\/?s={search_term_string}\"},\"query-input\":{\"@type\":\"PropertyValueSpecification\",\"valueRequired\":true,\"valueName\":\"search_term_string\"}}],\"inLanguage\":\"fr-FR\"},{\"@type\":\"Organization\",\"@id\":\"https:\\\/\\\/naturalpoland.com\\\/fr\\\/#organization\",\"name\":\"Natural Poland\",\"url\":\"https:\\\/\\\/naturalpoland.com\\\/fr\\\/\",\"logo\":{\"@type\":\"ImageObject\",\"inLanguage\":\"fr-FR\",\"@id\":\"https:\\\/\\\/naturalpoland.com\\\/fr\\\/#\\\/schema\\\/logo\\\/image\\\/\",\"url\":\"https:\\\/\\\/naturalpoland.com\\\/wp-content\\\/uploads\\\/2021\\\/05\\\/natural-poland-icon.png\",\"contentUrl\":\"https:\\\/\\\/naturalpoland.com\\\/wp-content\\\/uploads\\\/2021\\\/05\\\/natural-poland-icon.png\",\"width\":512,\"height\":512,\"caption\":\"Natural Poland\"},\"image\":{\"@id\":\"https:\\\/\\\/naturalpoland.com\\\/fr\\\/#\\\/schema\\\/logo\\\/image\\\/\"},\"sameAs\":[\"https:\\\/\\\/www.facebook.com\\\/naturalpoland.b2b\",\"https:\\\/\\\/pl.linkedin.com\\\/company\\\/natural-poland\",\"https:\\\/\\\/www.youtube.com\\\/channel\\\/UCgeGGkvOMahZo-xu_MSEWxg\"]}]}<\/script>\n<!-- \/ Yoast SEO plugin. -->","yoast_head_json":{"title":"Extrait de fruit de Schisandra - Distributeur en gros","description":"L'extrait de fruit de Schisandra est appr\u00e9ci\u00e9 pour ses propri\u00e9t\u00e9s adaptog\u00e8nes, qui aident l'organisme \u00e0 faire face au stress.","robots":{"index":"index","follow":"follow","max-snippet":"max-snippet:-1","max-image-preview":"max-image-preview:large","max-video-preview":"max-video-preview:-1"},"canonical":"https:\/\/naturalpoland.com\/fr\/produkty\/extraits-de-plantes\/extrait-de-fruit-de-schisandra\/","og_locale":"fr_FR","og_type":"article","og_title":"Extrait de fruit de Schisandra - Distributeur en gros","og_description":"L'extrait de fruit de Schisandra est appr\u00e9ci\u00e9 pour ses propri\u00e9t\u00e9s adaptog\u00e8nes, qui aident l'organisme \u00e0 faire face au stress.","og_url":"https:\/\/naturalpoland.com\/fr\/produkty\/extraits-de-plantes\/extrait-de-fruit-de-schisandra\/","og_site_name":"NATURAL POLAND - Distributeur de mati\u00e8res premi\u00e8res en gros","article_publisher":"https:\/\/www.facebook.com\/naturalpoland.b2b","og_image":[{"width":350,"height":350,"url":"https:\/\/naturalpoland.com\/wp-content\/uploads\/schisandra_berry_extract.webp","type":"image\/webp"}],"schema":{"@context":"https:\/\/schema.org","@graph":[{"@type":"WebPage","@id":"https:\/\/naturalpoland.com\/fr\/produkty\/extraits-de-plantes\/extrait-de-fruit-de-schisandra\/","url":"https:\/\/naturalpoland.com\/fr\/produkty\/extraits-de-plantes\/extrait-de-fruit-de-schisandra\/","name":"Extrait de fruit de Schisandra - Distributeur en gros","isPartOf":{"@id":"https:\/\/naturalpoland.com\/fr\/#website"},"primaryImageOfPage":{"@id":"https:\/\/naturalpoland.com\/fr\/produkty\/extraits-de-plantes\/extrait-de-fruit-de-schisandra\/#primaryimage"},"image":{"@id":"https:\/\/naturalpoland.com\/fr\/produkty\/extraits-de-plantes\/extrait-de-fruit-de-schisandra\/#primaryimage"},"thumbnailUrl":"https:\/\/naturalpoland.com\/wp-content\/uploads\/schisandra_berry_extract.webp","datePublished":"2024-04-29T12:45:39+00:00","description":"L'extrait de fruit de Schisandra est appr\u00e9ci\u00e9 pour ses propri\u00e9t\u00e9s adaptog\u00e8nes, qui aident l'organisme \u00e0 faire face au stress.","breadcrumb":{"@id":"https:\/\/naturalpoland.com\/fr\/produkty\/extraits-de-plantes\/extrait-de-fruit-de-schisandra\/#breadcrumb"},"inLanguage":"fr-FR","potentialAction":[{"@type":"ReadAction","target":["https:\/\/naturalpoland.com\/fr\/produkty\/extraits-de-plantes\/extrait-de-fruit-de-schisandra\/"]}]},{"@type":"ImageObject","inLanguage":"fr-FR","@id":"https:\/\/naturalpoland.com\/fr\/produkty\/extraits-de-plantes\/extrait-de-fruit-de-schisandra\/#primaryimage","url":"https:\/\/naturalpoland.com\/wp-content\/uploads\/schisandra_berry_extract.webp","contentUrl":"https:\/\/naturalpoland.com\/wp-content\/uploads\/schisandra_berry_extract.webp","width":350,"height":350,"caption":"ekstrakt z owoc\u00f3w Schisandra"},{"@type":"BreadcrumbList","@id":"https:\/\/naturalpoland.com\/fr\/produkty\/extraits-de-plantes\/extrait-de-fruit-de-schisandra\/#breadcrumb","itemListElement":[{"@type":"ListItem","position":1,"name":"Accueil","item":"https:\/\/naturalpoland.com\/fr\/"},{"@type":"ListItem","position":2,"name":"Produits","item":"https:\/\/naturalpoland.com\/fr\/produits\/"},{"@type":"ListItem","position":3,"name":"Extrait de fruit de Schisandra"}]},{"@type":"WebSite","@id":"https:\/\/naturalpoland.com\/fr\/#website","url":"https:\/\/naturalpoland.com\/fr\/","name":"NATURAL POLAND - Distributeur de mati\u00e8res premi\u00e8res en gros","description":"Surowce dla przemys\u0142u spo\u017cywczego, kosmetycznego i farmaceutycznego","publisher":{"@id":"https:\/\/naturalpoland.com\/fr\/#organization"},"potentialAction":[{"@type":"SearchAction","target":{"@type":"EntryPoint","urlTemplate":"https:\/\/naturalpoland.com\/fr\/?s={search_term_string}"},"query-input":{"@type":"PropertyValueSpecification","valueRequired":true,"valueName":"search_term_string"}}],"inLanguage":"fr-FR"},{"@type":"Organization","@id":"https:\/\/naturalpoland.com\/fr\/#organization","name":"Natural Poland","url":"https:\/\/naturalpoland.com\/fr\/","logo":{"@type":"ImageObject","inLanguage":"fr-FR","@id":"https:\/\/naturalpoland.com\/fr\/#\/schema\/logo\/image\/","url":"https:\/\/naturalpoland.com\/wp-content\/uploads\/2021\/05\/natural-poland-icon.png","contentUrl":"https:\/\/naturalpoland.com\/wp-content\/uploads\/2021\/05\/natural-poland-icon.png","width":512,"height":512,"caption":"Natural Poland"},"image":{"@id":"https:\/\/naturalpoland.com\/fr\/#\/schema\/logo\/image\/"},"sameAs":["https:\/\/www.facebook.com\/naturalpoland.b2b","https:\/\/pl.linkedin.com\/company\/natural-poland","https:\/\/www.youtube.com\/channel\/UCgeGGkvOMahZo-xu_MSEWxg"]}]}},"_links":{"self":[{"href":"https:\/\/naturalpoland.com\/fr\/wp-json\/wp\/v2\/product\/31519","targetHints":{"allow":["GET"]}}],"collection":[{"href":"https:\/\/naturalpoland.com\/fr\/wp-json\/wp\/v2\/product"}],"about":[{"href":"https:\/\/naturalpoland.com\/fr\/wp-json\/wp\/v2\/types\/product"}],"wp:featuredmedia":[{"embeddable":true,"href":"https:\/\/naturalpoland.com\/fr\/wp-json\/wp\/v2\/media\/30502"}],"wp:attachment":[{"href":"https:\/\/naturalpoland.com\/fr\/wp-json\/wp\/v2\/media?parent=31519"}],"wp:term":[{"taxonomy":"product_brand","embeddable":true,"href":"https:\/\/naturalpoland.com\/fr\/wp-json\/wp\/v2\/product_brand?post=31519"},{"taxonomy":"product_cat","embeddable":true,"href":"https:\/\/naturalpoland.com\/fr\/wp-json\/wp\/v2\/product_cat?post=31519"},{"taxonomy":"product_tag","embeddable":true,"href":"https:\/\/naturalpoland.com\/fr\/wp-json\/wp\/v2\/product_tag?post=31519"}],"curies":[{"name":"wp","href":"https:\/\/api.w.org\/{rel}","templated":true}]}}