{"id":31532,"date":"2023-10-11T10:25:55","date_gmt":"2024-04-29T12:58:32","guid":{"rendered":"https:\/\/naturalpoland.com\/produkty\/non class\u00e9\/acide-tauroursodesoxycholique-tudca\/"},"modified":"2024-04-29T14:58:32","modified_gmt":"2024-04-29T12:58:32","slug":"acide-tauroursodesoxycholique-tudca","status":"publish","type":"product","link":"https:\/\/naturalpoland.com\/fr\/produkty\/produits-pour-les-industries-pharmaceutiques-et-medicales\/additifs-de-complements-alimentaires\/acide-tauroursodesoxycholique-tudca\/","title":{"rendered":"Acide tauroursod\u00e9soxycholique (TUDCA)"},"content":{"rendered":"<p>L&rsquo;acide tauroursod\u00e9soxycholique (TUDCA) est la forme conjugu\u00e9e de l&rsquo;acide ursod\u00e9soxycholique (UDCA), d\u00e9riv\u00e9 des acides biliaires, qui sont un composant naturel de la bile produite par le foie. Ce produit est largement utilis\u00e9 comme compl\u00e9ment alimentaire, en particulier chez les athl\u00e8tes et les personnes ayant un mode de vie actif.<\/p>\n<h3><strong>Propri\u00e9t\u00e9s et utilisations du TUDCA :<\/strong><\/h3>\n<ul>\n<li><strong>Soutien du foie : <\/strong>le TUDCA est un ingr\u00e9dient cl\u00e9 qui favorise la d\u00e9sintoxication et la protection du foie, en assurant son fonctionnement normal et en pr\u00e9venant les dommages. Il s&rsquo;agit d&rsquo;un produit populaire parmi les athl\u00e8tes, en particulier ceux qui utilisent des suppl\u00e9ments ou des m\u00e9dicaments qui peuvent stresser le foie, tels que les st\u00e9ro\u00efdes anabolisants.<\/li>\n<li><strong>Protection des cellules <\/strong>nerveuses <strong>: <\/strong>montre la capacit\u00e9 \u00e0 prot\u00e9ger les cellules nerveuses du stress oxydatif et de la toxicit\u00e9 (par exemple lors d&rsquo;une activit\u00e9 physique), ce qui peut \u00eatre b\u00e9n\u00e9fique dans le contexte de diverses affections neurologiques.<\/li>\n<li><strong>Sant\u00e9 oculaire : <\/strong>TUDCA contribue \u00e0 la sant\u00e9 de la r\u00e9tine et fait l&rsquo;objet d&rsquo;\u00e9tudes sur sa capacit\u00e9 \u00e0 minimiser le risque de diverses affections oculaires, notamment la r\u00e9tinopathie et la d\u00e9g\u00e9n\u00e9rescence maculaire.<\/li>\n<li><strong>Effet anti-inflammatoire : l <\/strong>&lsquo;exercice r\u00e9gulier peut provoquer une inflammation dans l&rsquo;organisme. Le TUDCA a des effets anti-inflammatoires, ce qui est b\u00e9n\u00e9fique pour les athl\u00e8tes qui visent une r\u00e9cup\u00e9ration rapide et la pr\u00e9vention de l&rsquo;inflammation chronique.<\/li>\n<\/ul>\n<h3><strong>Utilisation de TUDCA dans la suppl\u00e9mentation :<\/strong><\/h3>\n<ul>\n<li>Le TUDCA est largement utilis\u00e9 dans les compl\u00e9ments alimentaires destin\u00e9s \u00e0 soutenir la fonction h\u00e9patique, en particulier dans le cadre de traitements de d\u00e9sintoxication et de soutien du foie lors de l&rsquo;utilisation de divers compl\u00e9ments et m\u00e9dicaments qui sollicitent cet organe.<\/li>\n<li>Gr\u00e2ce \u00e0 ses propri\u00e9t\u00e9s uniques, le TUDCA est \u00e9galement \u00e9tudi\u00e9 pour \u00eatre utilis\u00e9 dans des th\u00e9rapies adjuvantes dans le contexte des maladies neurod\u00e9g\u00e9n\u00e9ratives et pour la protection des yeux.<\/li>\n<\/ul>\n","protected":false},"excerpt":{"rendered":"<p>L&rsquo;acide tauroursod\u00e9soxycholique (TUDCA) est l&rsquo;un des ingr\u00e9dients les plus r\u00e9put\u00e9s et les plus efficaces pour favoriser une fonction h\u00e9patique saine et l&rsquo;hom\u00e9ostasie globale de l&rsquo;organisme.<\/p>\n","protected":false},"featured_media":31306,"template":"","meta":[],"product_brand":[],"product_cat":[1300],"product_tag":[],"class_list":{"0":"post-31532","1":"product","2":"type-product","3":"status-publish","4":"has-post-thumbnail","6":"product_cat-additifs-de-complements-alimentaires","8":"first","9":"instock","10":"shipping-taxable","11":"product-type-simple"},"yoast_head":"<!-- This site is optimized with the Yoast SEO plugin v27.3 - https:\/\/yoast.com\/product\/yoast-seo-wordpress\/ -->\n<title>Acide tauroursod\u00e9soxycholique (TUDCA) - Distributeur en gros<\/title>\n<meta name=\"description\" content=\"TUDCA est un outil pr\u00e9cieux pour soutenir la sant\u00e9 du foie, la r\u00e9g\u00e9n\u00e9ration et l&#039;hom\u00e9ostasie globale du corps face \u00e0 un exercice intense.\" \/>\n<meta name=\"robots\" content=\"index, follow, max-snippet:-1, max-image-preview:large, max-video-preview:-1\" \/>\n<link rel=\"canonical\" href=\"https:\/\/naturalpoland.com\/fr\/produkty\/produits-pour-les-industries-pharmaceutiques-et-medicales\/additifs-de-complements-alimentaires\/acide-tauroursodesoxycholique-tudca\/\" \/>\n<meta property=\"og:locale\" content=\"fr_FR\" \/>\n<meta property=\"og:type\" content=\"article\" \/>\n<meta property=\"og:title\" content=\"Acide tauroursod\u00e9soxycholique (TUDCA) - Distributeur en gros\" \/>\n<meta property=\"og:description\" content=\"TUDCA est un outil pr\u00e9cieux pour soutenir la sant\u00e9 du foie, la r\u00e9g\u00e9n\u00e9ration et l&#039;hom\u00e9ostasie globale du corps face \u00e0 un exercice intense.\" \/>\n<meta property=\"og:url\" content=\"https:\/\/naturalpoland.com\/fr\/produkty\/produits-pour-les-industries-pharmaceutiques-et-medicales\/additifs-de-complements-alimentaires\/acide-tauroursodesoxycholique-tudca\/\" \/>\n<meta property=\"og:site_name\" content=\"NATURAL POLAND - Distributeur de mati\u00e8res premi\u00e8res en gros\" \/>\n<meta property=\"article:publisher\" content=\"https:\/\/www.facebook.com\/naturalpoland.b2b\" \/>\n<meta property=\"og:image\" content=\"https:\/\/naturalpoland.com\/wp-content\/uploads\/tauroursodeoxycholic-acid.jpg\" \/>\n\t<meta property=\"og:image:width\" content=\"500\" \/>\n\t<meta property=\"og:image:height\" content=\"500\" \/>\n\t<meta property=\"og:image:type\" content=\"image\/jpeg\" \/>\n<script type=\"application\/ld+json\" class=\"yoast-schema-graph\">{\"@context\":\"https:\\\/\\\/schema.org\",\"@graph\":[{\"@type\":\"WebPage\",\"@id\":\"https:\\\/\\\/naturalpoland.com\\\/fr\\\/produkty\\\/produits-pour-les-industries-pharmaceutiques-et-medicales\\\/additifs-de-complements-alimentaires\\\/acide-tauroursodesoxycholique-tudca\\\/\",\"url\":\"https:\\\/\\\/naturalpoland.com\\\/fr\\\/produkty\\\/produits-pour-les-industries-pharmaceutiques-et-medicales\\\/additifs-de-complements-alimentaires\\\/acide-tauroursodesoxycholique-tudca\\\/\",\"name\":\"Acide tauroursod\u00e9soxycholique (TUDCA) - Distributeur en gros\",\"isPartOf\":{\"@id\":\"https:\\\/\\\/naturalpoland.com\\\/fr\\\/#website\"},\"primaryImageOfPage\":{\"@id\":\"https:\\\/\\\/naturalpoland.com\\\/fr\\\/produkty\\\/produits-pour-les-industries-pharmaceutiques-et-medicales\\\/additifs-de-complements-alimentaires\\\/acide-tauroursodesoxycholique-tudca\\\/#primaryimage\"},\"image\":{\"@id\":\"https:\\\/\\\/naturalpoland.com\\\/fr\\\/produkty\\\/produits-pour-les-industries-pharmaceutiques-et-medicales\\\/additifs-de-complements-alimentaires\\\/acide-tauroursodesoxycholique-tudca\\\/#primaryimage\"},\"thumbnailUrl\":\"https:\\\/\\\/naturalpoland.com\\\/wp-content\\\/uploads\\\/tauroursodeoxycholic-acid.jpg\",\"datePublished\":\"2024-04-29T12:58:32+00:00\",\"description\":\"TUDCA est un outil pr\u00e9cieux pour soutenir la sant\u00e9 du foie, la r\u00e9g\u00e9n\u00e9ration et l'hom\u00e9ostasie globale du corps face \u00e0 un exercice intense.\",\"breadcrumb\":{\"@id\":\"https:\\\/\\\/naturalpoland.com\\\/fr\\\/produkty\\\/produits-pour-les-industries-pharmaceutiques-et-medicales\\\/additifs-de-complements-alimentaires\\\/acide-tauroursodesoxycholique-tudca\\\/#breadcrumb\"},\"inLanguage\":\"fr-FR\",\"potentialAction\":[{\"@type\":\"ReadAction\",\"target\":[\"https:\\\/\\\/naturalpoland.com\\\/fr\\\/produkty\\\/produits-pour-les-industries-pharmaceutiques-et-medicales\\\/additifs-de-complements-alimentaires\\\/acide-tauroursodesoxycholique-tudca\\\/\"]}]},{\"@type\":\"ImageObject\",\"inLanguage\":\"fr-FR\",\"@id\":\"https:\\\/\\\/naturalpoland.com\\\/fr\\\/produkty\\\/produits-pour-les-industries-pharmaceutiques-et-medicales\\\/additifs-de-complements-alimentaires\\\/acide-tauroursodesoxycholique-tudca\\\/#primaryimage\",\"url\":\"https:\\\/\\\/naturalpoland.com\\\/wp-content\\\/uploads\\\/tauroursodeoxycholic-acid.jpg\",\"contentUrl\":\"https:\\\/\\\/naturalpoland.com\\\/wp-content\\\/uploads\\\/tauroursodeoxycholic-acid.jpg\",\"width\":500,\"height\":500,\"caption\":\"tauroursodeoxycholic acid\"},{\"@type\":\"BreadcrumbList\",\"@id\":\"https:\\\/\\\/naturalpoland.com\\\/fr\\\/produkty\\\/produits-pour-les-industries-pharmaceutiques-et-medicales\\\/additifs-de-complements-alimentaires\\\/acide-tauroursodesoxycholique-tudca\\\/#breadcrumb\",\"itemListElement\":[{\"@type\":\"ListItem\",\"position\":1,\"name\":\"Accueil\",\"item\":\"https:\\\/\\\/naturalpoland.com\\\/fr\\\/\"},{\"@type\":\"ListItem\",\"position\":2,\"name\":\"Produits\",\"item\":\"https:\\\/\\\/naturalpoland.com\\\/fr\\\/produits\\\/\"},{\"@type\":\"ListItem\",\"position\":3,\"name\":\"Acide tauroursod\u00e9soxycholique (TUDCA)\"}]},{\"@type\":\"WebSite\",\"@id\":\"https:\\\/\\\/naturalpoland.com\\\/fr\\\/#website\",\"url\":\"https:\\\/\\\/naturalpoland.com\\\/fr\\\/\",\"name\":\"NATURAL POLAND - Distributeur de mati\u00e8res premi\u00e8res en gros\",\"description\":\"Surowce dla przemys\u0142u spo\u017cywczego, kosmetycznego i farmaceutycznego\",\"publisher\":{\"@id\":\"https:\\\/\\\/naturalpoland.com\\\/fr\\\/#organization\"},\"potentialAction\":[{\"@type\":\"SearchAction\",\"target\":{\"@type\":\"EntryPoint\",\"urlTemplate\":\"https:\\\/\\\/naturalpoland.com\\\/fr\\\/?s={search_term_string}\"},\"query-input\":{\"@type\":\"PropertyValueSpecification\",\"valueRequired\":true,\"valueName\":\"search_term_string\"}}],\"inLanguage\":\"fr-FR\"},{\"@type\":\"Organization\",\"@id\":\"https:\\\/\\\/naturalpoland.com\\\/fr\\\/#organization\",\"name\":\"Natural Poland\",\"url\":\"https:\\\/\\\/naturalpoland.com\\\/fr\\\/\",\"logo\":{\"@type\":\"ImageObject\",\"inLanguage\":\"fr-FR\",\"@id\":\"https:\\\/\\\/naturalpoland.com\\\/fr\\\/#\\\/schema\\\/logo\\\/image\\\/\",\"url\":\"https:\\\/\\\/naturalpoland.com\\\/wp-content\\\/uploads\\\/2021\\\/05\\\/natural-poland-icon.png\",\"contentUrl\":\"https:\\\/\\\/naturalpoland.com\\\/wp-content\\\/uploads\\\/2021\\\/05\\\/natural-poland-icon.png\",\"width\":512,\"height\":512,\"caption\":\"Natural Poland\"},\"image\":{\"@id\":\"https:\\\/\\\/naturalpoland.com\\\/fr\\\/#\\\/schema\\\/logo\\\/image\\\/\"},\"sameAs\":[\"https:\\\/\\\/www.facebook.com\\\/naturalpoland.b2b\",\"https:\\\/\\\/pl.linkedin.com\\\/company\\\/natural-poland\",\"https:\\\/\\\/www.youtube.com\\\/channel\\\/UCgeGGkvOMahZo-xu_MSEWxg\"]}]}<\/script>\n<!-- \/ Yoast SEO plugin. -->","yoast_head_json":{"title":"Acide tauroursod\u00e9soxycholique (TUDCA) - Distributeur en gros","description":"TUDCA est un outil pr\u00e9cieux pour soutenir la sant\u00e9 du foie, la r\u00e9g\u00e9n\u00e9ration et l'hom\u00e9ostasie globale du corps face \u00e0 un exercice intense.","robots":{"index":"index","follow":"follow","max-snippet":"max-snippet:-1","max-image-preview":"max-image-preview:large","max-video-preview":"max-video-preview:-1"},"canonical":"https:\/\/naturalpoland.com\/fr\/produkty\/produits-pour-les-industries-pharmaceutiques-et-medicales\/additifs-de-complements-alimentaires\/acide-tauroursodesoxycholique-tudca\/","og_locale":"fr_FR","og_type":"article","og_title":"Acide tauroursod\u00e9soxycholique (TUDCA) - Distributeur en gros","og_description":"TUDCA est un outil pr\u00e9cieux pour soutenir la sant\u00e9 du foie, la r\u00e9g\u00e9n\u00e9ration et l'hom\u00e9ostasie globale du corps face \u00e0 un exercice intense.","og_url":"https:\/\/naturalpoland.com\/fr\/produkty\/produits-pour-les-industries-pharmaceutiques-et-medicales\/additifs-de-complements-alimentaires\/acide-tauroursodesoxycholique-tudca\/","og_site_name":"NATURAL POLAND - Distributeur de mati\u00e8res premi\u00e8res en gros","article_publisher":"https:\/\/www.facebook.com\/naturalpoland.b2b","og_image":[{"width":500,"height":500,"url":"https:\/\/naturalpoland.com\/wp-content\/uploads\/tauroursodeoxycholic-acid.jpg","type":"image\/jpeg"}],"schema":{"@context":"https:\/\/schema.org","@graph":[{"@type":"WebPage","@id":"https:\/\/naturalpoland.com\/fr\/produkty\/produits-pour-les-industries-pharmaceutiques-et-medicales\/additifs-de-complements-alimentaires\/acide-tauroursodesoxycholique-tudca\/","url":"https:\/\/naturalpoland.com\/fr\/produkty\/produits-pour-les-industries-pharmaceutiques-et-medicales\/additifs-de-complements-alimentaires\/acide-tauroursodesoxycholique-tudca\/","name":"Acide tauroursod\u00e9soxycholique (TUDCA) - Distributeur en gros","isPartOf":{"@id":"https:\/\/naturalpoland.com\/fr\/#website"},"primaryImageOfPage":{"@id":"https:\/\/naturalpoland.com\/fr\/produkty\/produits-pour-les-industries-pharmaceutiques-et-medicales\/additifs-de-complements-alimentaires\/acide-tauroursodesoxycholique-tudca\/#primaryimage"},"image":{"@id":"https:\/\/naturalpoland.com\/fr\/produkty\/produits-pour-les-industries-pharmaceutiques-et-medicales\/additifs-de-complements-alimentaires\/acide-tauroursodesoxycholique-tudca\/#primaryimage"},"thumbnailUrl":"https:\/\/naturalpoland.com\/wp-content\/uploads\/tauroursodeoxycholic-acid.jpg","datePublished":"2024-04-29T12:58:32+00:00","description":"TUDCA est un outil pr\u00e9cieux pour soutenir la sant\u00e9 du foie, la r\u00e9g\u00e9n\u00e9ration et l'hom\u00e9ostasie globale du corps face \u00e0 un exercice intense.","breadcrumb":{"@id":"https:\/\/naturalpoland.com\/fr\/produkty\/produits-pour-les-industries-pharmaceutiques-et-medicales\/additifs-de-complements-alimentaires\/acide-tauroursodesoxycholique-tudca\/#breadcrumb"},"inLanguage":"fr-FR","potentialAction":[{"@type":"ReadAction","target":["https:\/\/naturalpoland.com\/fr\/produkty\/produits-pour-les-industries-pharmaceutiques-et-medicales\/additifs-de-complements-alimentaires\/acide-tauroursodesoxycholique-tudca\/"]}]},{"@type":"ImageObject","inLanguage":"fr-FR","@id":"https:\/\/naturalpoland.com\/fr\/produkty\/produits-pour-les-industries-pharmaceutiques-et-medicales\/additifs-de-complements-alimentaires\/acide-tauroursodesoxycholique-tudca\/#primaryimage","url":"https:\/\/naturalpoland.com\/wp-content\/uploads\/tauroursodeoxycholic-acid.jpg","contentUrl":"https:\/\/naturalpoland.com\/wp-content\/uploads\/tauroursodeoxycholic-acid.jpg","width":500,"height":500,"caption":"tauroursodeoxycholic acid"},{"@type":"BreadcrumbList","@id":"https:\/\/naturalpoland.com\/fr\/produkty\/produits-pour-les-industries-pharmaceutiques-et-medicales\/additifs-de-complements-alimentaires\/acide-tauroursodesoxycholique-tudca\/#breadcrumb","itemListElement":[{"@type":"ListItem","position":1,"name":"Accueil","item":"https:\/\/naturalpoland.com\/fr\/"},{"@type":"ListItem","position":2,"name":"Produits","item":"https:\/\/naturalpoland.com\/fr\/produits\/"},{"@type":"ListItem","position":3,"name":"Acide tauroursod\u00e9soxycholique (TUDCA)"}]},{"@type":"WebSite","@id":"https:\/\/naturalpoland.com\/fr\/#website","url":"https:\/\/naturalpoland.com\/fr\/","name":"NATURAL POLAND - Distributeur de mati\u00e8res premi\u00e8res en gros","description":"Surowce dla przemys\u0142u spo\u017cywczego, kosmetycznego i farmaceutycznego","publisher":{"@id":"https:\/\/naturalpoland.com\/fr\/#organization"},"potentialAction":[{"@type":"SearchAction","target":{"@type":"EntryPoint","urlTemplate":"https:\/\/naturalpoland.com\/fr\/?s={search_term_string}"},"query-input":{"@type":"PropertyValueSpecification","valueRequired":true,"valueName":"search_term_string"}}],"inLanguage":"fr-FR"},{"@type":"Organization","@id":"https:\/\/naturalpoland.com\/fr\/#organization","name":"Natural Poland","url":"https:\/\/naturalpoland.com\/fr\/","logo":{"@type":"ImageObject","inLanguage":"fr-FR","@id":"https:\/\/naturalpoland.com\/fr\/#\/schema\/logo\/image\/","url":"https:\/\/naturalpoland.com\/wp-content\/uploads\/2021\/05\/natural-poland-icon.png","contentUrl":"https:\/\/naturalpoland.com\/wp-content\/uploads\/2021\/05\/natural-poland-icon.png","width":512,"height":512,"caption":"Natural Poland"},"image":{"@id":"https:\/\/naturalpoland.com\/fr\/#\/schema\/logo\/image\/"},"sameAs":["https:\/\/www.facebook.com\/naturalpoland.b2b","https:\/\/pl.linkedin.com\/company\/natural-poland","https:\/\/www.youtube.com\/channel\/UCgeGGkvOMahZo-xu_MSEWxg"]}]}},"_links":{"self":[{"href":"https:\/\/naturalpoland.com\/fr\/wp-json\/wp\/v2\/product\/31532","targetHints":{"allow":["GET"]}}],"collection":[{"href":"https:\/\/naturalpoland.com\/fr\/wp-json\/wp\/v2\/product"}],"about":[{"href":"https:\/\/naturalpoland.com\/fr\/wp-json\/wp\/v2\/types\/product"}],"wp:featuredmedia":[{"embeddable":true,"href":"https:\/\/naturalpoland.com\/fr\/wp-json\/wp\/v2\/media\/31306"}],"wp:attachment":[{"href":"https:\/\/naturalpoland.com\/fr\/wp-json\/wp\/v2\/media?parent=31532"}],"wp:term":[{"taxonomy":"product_brand","embeddable":true,"href":"https:\/\/naturalpoland.com\/fr\/wp-json\/wp\/v2\/product_brand?post=31532"},{"taxonomy":"product_cat","embeddable":true,"href":"https:\/\/naturalpoland.com\/fr\/wp-json\/wp\/v2\/product_cat?post=31532"},{"taxonomy":"product_tag","embeddable":true,"href":"https:\/\/naturalpoland.com\/fr\/wp-json\/wp\/v2\/product_tag?post=31532"}],"curies":[{"name":"wp","href":"https:\/\/api.w.org\/{rel}","templated":true}]}}