{"id":31878,"date":"2024-05-09T14:11:18","date_gmt":"2024-05-13T11:33:41","guid":{"rendered":"https:\/\/naturalpoland.com\/produkty\/non class\u00e9\/hydrolat-de-millepertuis\/"},"modified":"2024-05-13T13:33:41","modified_gmt":"2024-05-13T11:33:41","slug":"hydrolat-de-millepertuis","status":"publish","type":"product","link":"https:\/\/naturalpoland.com\/fr\/produkty\/produits-pour-lindustrie-cosmetique\/eaux-florales\/hydrolat-de-millepertuis\/","title":{"rendered":"Hydrolat de millepertuis"},"content":{"rendered":"<p>L&rsquo;hydrolat de millepertuis est riche en compos\u00e9s naturels qui ont des propri\u00e9t\u00e9s antibact\u00e9riennes et anti-inflammatoires, ce qui le rend efficace pour soulager l&rsquo;inflammation de la peau. La pr\u00e9sence d&rsquo;<strong>hyp\u00e9ricine<\/strong>, l&rsquo;un des principaux principes actifs du millepertuis, contribue \u00e0 son action r\u00e9g\u00e9n\u00e9ratrice et cicatrisante. Cet hydrolat contribue \u00e9galement \u00e0 r\u00e9duire les rougeurs et \u00e0 am\u00e9liorer l&rsquo;aspect g\u00e9n\u00e9ral de la peau, la rendant plus saine et plus uniforme.<\/p>\n<h3>Applications cosm\u00e9tiques<\/h3>\n<p>L&rsquo;hydrolat de millepertuis est id\u00e9al pour les peaux qui ont besoin d&rsquo;\u00eatre r\u00e9g\u00e9n\u00e9r\u00e9es, en particulier apr\u00e8s une exposition \u00e0 des facteurs externes susceptibles de provoquer des irritations et des inflammations. Il peut \u00eatre utilis\u00e9 comme ingr\u00e9dient dans les toniques, les cr\u00e8mes et les \u00e9mulsions, o\u00f9 son action apaisante et r\u00e9paratrice pourra servir de soutien dans les soins quotidiens.<\/p>\n<p>De plus, gr\u00e2ce \u00e0 ses propri\u00e9t\u00e9s anti-inflammatoires, l&rsquo;hydrolat de millepertuis est particuli\u00e8rement recommand\u00e9 pour les personnes ayant une peau \u00e0 probl\u00e8mes, y compris l&rsquo;acn\u00e9. Son utilisation r\u00e9guli\u00e8re peut contribuer \u00e0 r\u00e9duire l&rsquo;inflammation associ\u00e9e aux boutons, \u00e0 acc\u00e9l\u00e9rer leur gu\u00e9rison et \u00e0 pr\u00e9venir la formation de nouveaux boutons.<\/p>\n","protected":false},"excerpt":{"rendered":"<p>L&rsquo;hydrolat de millepertuis est obtenu par distillation \u00e0 la vapeur des fleurs de millepertuis. Elle poss\u00e8de de fortes propri\u00e9t\u00e9s anti-inflammatoires et la capacit\u00e9 de favoriser la cicatrisation de la peau. Gr\u00e2ce \u00e0 ses ingr\u00e9dients bioactifs tels que les <a href=\"https:\/\/naturalpoland.com\/artykuly\/produkty-naturalne\/czym-sa-i-jak-dzialaja-flawonoidy\/\">flavono\u00efdes<\/a> et les tanins, cet hydrolat est un excellent choix pour les personnes souffrant de probl\u00e8mes de peau.<\/p>\n","protected":false},"featured_media":31674,"template":"","meta":[],"product_brand":[],"product_cat":[3551],"product_tag":[],"class_list":{"0":"post-31878","1":"product","2":"type-product","3":"status-publish","4":"has-post-thumbnail","6":"product_cat-eaux-florales","7":"pa_grupa-substancji-distillats","9":"first","10":"instock","11":"shipping-taxable","12":"product-type-simple"},"yoast_head":"<!-- This site is optimized with the Yoast SEO plugin v27.3 - https:\/\/yoast.com\/product\/yoast-seo-wordpress\/ -->\n<title>Hydrolat de millepertuis - NATURAL POLAND - Distributeur de mati\u00e8res premi\u00e8res en gros<\/title>\n<meta name=\"description\" content=\"L&#039;hydrolat de millepertuis est appr\u00e9ci\u00e9 en cosm\u00e9tique naturelle pour ses fortes propri\u00e9t\u00e9s anti-inflammatoires et sa capacit\u00e9 \u00e0 favoriser la cicatrisation de la peau.\" \/>\n<meta name=\"robots\" content=\"index, follow, max-snippet:-1, max-image-preview:large, max-video-preview:-1\" \/>\n<link rel=\"canonical\" href=\"https:\/\/naturalpoland.com\/fr\/produkty\/produits-pour-lindustrie-cosmetique\/eaux-florales\/hydrolat-de-millepertuis\/\" \/>\n<meta property=\"og:locale\" content=\"fr_FR\" \/>\n<meta property=\"og:type\" content=\"article\" \/>\n<meta property=\"og:title\" content=\"Hydrolat de millepertuis - NATURAL POLAND - Distributeur de mati\u00e8res premi\u00e8res en gros\" \/>\n<meta property=\"og:description\" content=\"L&#039;hydrolat de millepertuis est appr\u00e9ci\u00e9 en cosm\u00e9tique naturelle pour ses fortes propri\u00e9t\u00e9s anti-inflammatoires et sa capacit\u00e9 \u00e0 favoriser la cicatrisation de la peau.\" \/>\n<meta property=\"og:url\" content=\"https:\/\/naturalpoland.com\/fr\/produkty\/produits-pour-lindustrie-cosmetique\/eaux-florales\/hydrolat-de-millepertuis\/\" \/>\n<meta property=\"og:site_name\" content=\"NATURAL POLAND - Distributeur de mati\u00e8res premi\u00e8res en gros\" \/>\n<meta property=\"article:publisher\" content=\"https:\/\/www.facebook.com\/naturalpoland.b2b\" \/>\n<meta property=\"og:image\" content=\"https:\/\/naturalpoland.com\/wp-content\/uploads\/hydrolat-z-dziurawca.webp\" \/>\n\t<meta property=\"og:image:width\" content=\"614\" \/>\n\t<meta property=\"og:image:height\" content=\"614\" \/>\n\t<meta property=\"og:image:type\" content=\"image\/webp\" \/>\n<script type=\"application\/ld+json\" class=\"yoast-schema-graph\">{\"@context\":\"https:\\\/\\\/schema.org\",\"@graph\":[{\"@type\":\"WebPage\",\"@id\":\"https:\\\/\\\/naturalpoland.com\\\/fr\\\/produkty\\\/produits-pour-lindustrie-cosmetique\\\/eaux-florales\\\/hydrolat-de-millepertuis\\\/\",\"url\":\"https:\\\/\\\/naturalpoland.com\\\/fr\\\/produkty\\\/produits-pour-lindustrie-cosmetique\\\/eaux-florales\\\/hydrolat-de-millepertuis\\\/\",\"name\":\"Hydrolat de millepertuis - NATURAL POLAND - Distributeur de mati\u00e8res premi\u00e8res en gros\",\"isPartOf\":{\"@id\":\"https:\\\/\\\/naturalpoland.com\\\/fr\\\/#website\"},\"primaryImageOfPage\":{\"@id\":\"https:\\\/\\\/naturalpoland.com\\\/fr\\\/produkty\\\/produits-pour-lindustrie-cosmetique\\\/eaux-florales\\\/hydrolat-de-millepertuis\\\/#primaryimage\"},\"image\":{\"@id\":\"https:\\\/\\\/naturalpoland.com\\\/fr\\\/produkty\\\/produits-pour-lindustrie-cosmetique\\\/eaux-florales\\\/hydrolat-de-millepertuis\\\/#primaryimage\"},\"thumbnailUrl\":\"https:\\\/\\\/naturalpoland.com\\\/wp-content\\\/uploads\\\/hydrolat-z-dziurawca.webp\",\"datePublished\":\"2024-05-13T11:33:41+00:00\",\"description\":\"L'hydrolat de millepertuis est appr\u00e9ci\u00e9 en cosm\u00e9tique naturelle pour ses fortes propri\u00e9t\u00e9s anti-inflammatoires et sa capacit\u00e9 \u00e0 favoriser la cicatrisation de la peau.\",\"breadcrumb\":{\"@id\":\"https:\\\/\\\/naturalpoland.com\\\/fr\\\/produkty\\\/produits-pour-lindustrie-cosmetique\\\/eaux-florales\\\/hydrolat-de-millepertuis\\\/#breadcrumb\"},\"inLanguage\":\"fr-FR\",\"potentialAction\":[{\"@type\":\"ReadAction\",\"target\":[\"https:\\\/\\\/naturalpoland.com\\\/fr\\\/produkty\\\/produits-pour-lindustrie-cosmetique\\\/eaux-florales\\\/hydrolat-de-millepertuis\\\/\"]}]},{\"@type\":\"ImageObject\",\"inLanguage\":\"fr-FR\",\"@id\":\"https:\\\/\\\/naturalpoland.com\\\/fr\\\/produkty\\\/produits-pour-lindustrie-cosmetique\\\/eaux-florales\\\/hydrolat-de-millepertuis\\\/#primaryimage\",\"url\":\"https:\\\/\\\/naturalpoland.com\\\/wp-content\\\/uploads\\\/hydrolat-z-dziurawca.webp\",\"contentUrl\":\"https:\\\/\\\/naturalpoland.com\\\/wp-content\\\/uploads\\\/hydrolat-z-dziurawca.webp\",\"width\":614,\"height\":614,\"caption\":\"hydrolat z dziurawca\"},{\"@type\":\"BreadcrumbList\",\"@id\":\"https:\\\/\\\/naturalpoland.com\\\/fr\\\/produkty\\\/produits-pour-lindustrie-cosmetique\\\/eaux-florales\\\/hydrolat-de-millepertuis\\\/#breadcrumb\",\"itemListElement\":[{\"@type\":\"ListItem\",\"position\":1,\"name\":\"Accueil\",\"item\":\"https:\\\/\\\/naturalpoland.com\\\/fr\\\/\"},{\"@type\":\"ListItem\",\"position\":2,\"name\":\"Produits\",\"item\":\"https:\\\/\\\/naturalpoland.com\\\/fr\\\/produits\\\/\"},{\"@type\":\"ListItem\",\"position\":3,\"name\":\"Hydrolat de millepertuis\"}]},{\"@type\":\"WebSite\",\"@id\":\"https:\\\/\\\/naturalpoland.com\\\/fr\\\/#website\",\"url\":\"https:\\\/\\\/naturalpoland.com\\\/fr\\\/\",\"name\":\"NATURAL POLAND - Distributeur de mati\u00e8res premi\u00e8res en gros\",\"description\":\"Surowce dla przemys\u0142u spo\u017cywczego, kosmetycznego i farmaceutycznego\",\"publisher\":{\"@id\":\"https:\\\/\\\/naturalpoland.com\\\/fr\\\/#organization\"},\"potentialAction\":[{\"@type\":\"SearchAction\",\"target\":{\"@type\":\"EntryPoint\",\"urlTemplate\":\"https:\\\/\\\/naturalpoland.com\\\/fr\\\/?s={search_term_string}\"},\"query-input\":{\"@type\":\"PropertyValueSpecification\",\"valueRequired\":true,\"valueName\":\"search_term_string\"}}],\"inLanguage\":\"fr-FR\"},{\"@type\":\"Organization\",\"@id\":\"https:\\\/\\\/naturalpoland.com\\\/fr\\\/#organization\",\"name\":\"Natural Poland\",\"url\":\"https:\\\/\\\/naturalpoland.com\\\/fr\\\/\",\"logo\":{\"@type\":\"ImageObject\",\"inLanguage\":\"fr-FR\",\"@id\":\"https:\\\/\\\/naturalpoland.com\\\/fr\\\/#\\\/schema\\\/logo\\\/image\\\/\",\"url\":\"https:\\\/\\\/naturalpoland.com\\\/wp-content\\\/uploads\\\/2021\\\/05\\\/natural-poland-icon.png\",\"contentUrl\":\"https:\\\/\\\/naturalpoland.com\\\/wp-content\\\/uploads\\\/2021\\\/05\\\/natural-poland-icon.png\",\"width\":512,\"height\":512,\"caption\":\"Natural Poland\"},\"image\":{\"@id\":\"https:\\\/\\\/naturalpoland.com\\\/fr\\\/#\\\/schema\\\/logo\\\/image\\\/\"},\"sameAs\":[\"https:\\\/\\\/www.facebook.com\\\/naturalpoland.b2b\",\"https:\\\/\\\/pl.linkedin.com\\\/company\\\/natural-poland\",\"https:\\\/\\\/www.youtube.com\\\/channel\\\/UCgeGGkvOMahZo-xu_MSEWxg\"]}]}<\/script>\n<!-- \/ Yoast SEO plugin. -->","yoast_head_json":{"title":"Hydrolat de millepertuis - NATURAL POLAND - Distributeur de mati\u00e8res premi\u00e8res en gros","description":"L'hydrolat de millepertuis est appr\u00e9ci\u00e9 en cosm\u00e9tique naturelle pour ses fortes propri\u00e9t\u00e9s anti-inflammatoires et sa capacit\u00e9 \u00e0 favoriser la cicatrisation de la peau.","robots":{"index":"index","follow":"follow","max-snippet":"max-snippet:-1","max-image-preview":"max-image-preview:large","max-video-preview":"max-video-preview:-1"},"canonical":"https:\/\/naturalpoland.com\/fr\/produkty\/produits-pour-lindustrie-cosmetique\/eaux-florales\/hydrolat-de-millepertuis\/","og_locale":"fr_FR","og_type":"article","og_title":"Hydrolat de millepertuis - NATURAL POLAND - Distributeur de mati\u00e8res premi\u00e8res en gros","og_description":"L'hydrolat de millepertuis est appr\u00e9ci\u00e9 en cosm\u00e9tique naturelle pour ses fortes propri\u00e9t\u00e9s anti-inflammatoires et sa capacit\u00e9 \u00e0 favoriser la cicatrisation de la peau.","og_url":"https:\/\/naturalpoland.com\/fr\/produkty\/produits-pour-lindustrie-cosmetique\/eaux-florales\/hydrolat-de-millepertuis\/","og_site_name":"NATURAL POLAND - Distributeur de mati\u00e8res premi\u00e8res en gros","article_publisher":"https:\/\/www.facebook.com\/naturalpoland.b2b","og_image":[{"width":614,"height":614,"url":"https:\/\/naturalpoland.com\/wp-content\/uploads\/hydrolat-z-dziurawca.webp","type":"image\/webp"}],"schema":{"@context":"https:\/\/schema.org","@graph":[{"@type":"WebPage","@id":"https:\/\/naturalpoland.com\/fr\/produkty\/produits-pour-lindustrie-cosmetique\/eaux-florales\/hydrolat-de-millepertuis\/","url":"https:\/\/naturalpoland.com\/fr\/produkty\/produits-pour-lindustrie-cosmetique\/eaux-florales\/hydrolat-de-millepertuis\/","name":"Hydrolat de millepertuis - NATURAL POLAND - Distributeur de mati\u00e8res premi\u00e8res en gros","isPartOf":{"@id":"https:\/\/naturalpoland.com\/fr\/#website"},"primaryImageOfPage":{"@id":"https:\/\/naturalpoland.com\/fr\/produkty\/produits-pour-lindustrie-cosmetique\/eaux-florales\/hydrolat-de-millepertuis\/#primaryimage"},"image":{"@id":"https:\/\/naturalpoland.com\/fr\/produkty\/produits-pour-lindustrie-cosmetique\/eaux-florales\/hydrolat-de-millepertuis\/#primaryimage"},"thumbnailUrl":"https:\/\/naturalpoland.com\/wp-content\/uploads\/hydrolat-z-dziurawca.webp","datePublished":"2024-05-13T11:33:41+00:00","description":"L'hydrolat de millepertuis est appr\u00e9ci\u00e9 en cosm\u00e9tique naturelle pour ses fortes propri\u00e9t\u00e9s anti-inflammatoires et sa capacit\u00e9 \u00e0 favoriser la cicatrisation de la peau.","breadcrumb":{"@id":"https:\/\/naturalpoland.com\/fr\/produkty\/produits-pour-lindustrie-cosmetique\/eaux-florales\/hydrolat-de-millepertuis\/#breadcrumb"},"inLanguage":"fr-FR","potentialAction":[{"@type":"ReadAction","target":["https:\/\/naturalpoland.com\/fr\/produkty\/produits-pour-lindustrie-cosmetique\/eaux-florales\/hydrolat-de-millepertuis\/"]}]},{"@type":"ImageObject","inLanguage":"fr-FR","@id":"https:\/\/naturalpoland.com\/fr\/produkty\/produits-pour-lindustrie-cosmetique\/eaux-florales\/hydrolat-de-millepertuis\/#primaryimage","url":"https:\/\/naturalpoland.com\/wp-content\/uploads\/hydrolat-z-dziurawca.webp","contentUrl":"https:\/\/naturalpoland.com\/wp-content\/uploads\/hydrolat-z-dziurawca.webp","width":614,"height":614,"caption":"hydrolat z dziurawca"},{"@type":"BreadcrumbList","@id":"https:\/\/naturalpoland.com\/fr\/produkty\/produits-pour-lindustrie-cosmetique\/eaux-florales\/hydrolat-de-millepertuis\/#breadcrumb","itemListElement":[{"@type":"ListItem","position":1,"name":"Accueil","item":"https:\/\/naturalpoland.com\/fr\/"},{"@type":"ListItem","position":2,"name":"Produits","item":"https:\/\/naturalpoland.com\/fr\/produits\/"},{"@type":"ListItem","position":3,"name":"Hydrolat de millepertuis"}]},{"@type":"WebSite","@id":"https:\/\/naturalpoland.com\/fr\/#website","url":"https:\/\/naturalpoland.com\/fr\/","name":"NATURAL POLAND - Distributeur de mati\u00e8res premi\u00e8res en gros","description":"Surowce dla przemys\u0142u spo\u017cywczego, kosmetycznego i farmaceutycznego","publisher":{"@id":"https:\/\/naturalpoland.com\/fr\/#organization"},"potentialAction":[{"@type":"SearchAction","target":{"@type":"EntryPoint","urlTemplate":"https:\/\/naturalpoland.com\/fr\/?s={search_term_string}"},"query-input":{"@type":"PropertyValueSpecification","valueRequired":true,"valueName":"search_term_string"}}],"inLanguage":"fr-FR"},{"@type":"Organization","@id":"https:\/\/naturalpoland.com\/fr\/#organization","name":"Natural Poland","url":"https:\/\/naturalpoland.com\/fr\/","logo":{"@type":"ImageObject","inLanguage":"fr-FR","@id":"https:\/\/naturalpoland.com\/fr\/#\/schema\/logo\/image\/","url":"https:\/\/naturalpoland.com\/wp-content\/uploads\/2021\/05\/natural-poland-icon.png","contentUrl":"https:\/\/naturalpoland.com\/wp-content\/uploads\/2021\/05\/natural-poland-icon.png","width":512,"height":512,"caption":"Natural Poland"},"image":{"@id":"https:\/\/naturalpoland.com\/fr\/#\/schema\/logo\/image\/"},"sameAs":["https:\/\/www.facebook.com\/naturalpoland.b2b","https:\/\/pl.linkedin.com\/company\/natural-poland","https:\/\/www.youtube.com\/channel\/UCgeGGkvOMahZo-xu_MSEWxg"]}]}},"_links":{"self":[{"href":"https:\/\/naturalpoland.com\/fr\/wp-json\/wp\/v2\/product\/31878","targetHints":{"allow":["GET"]}}],"collection":[{"href":"https:\/\/naturalpoland.com\/fr\/wp-json\/wp\/v2\/product"}],"about":[{"href":"https:\/\/naturalpoland.com\/fr\/wp-json\/wp\/v2\/types\/product"}],"wp:featuredmedia":[{"embeddable":true,"href":"https:\/\/naturalpoland.com\/fr\/wp-json\/wp\/v2\/media\/31674"}],"wp:attachment":[{"href":"https:\/\/naturalpoland.com\/fr\/wp-json\/wp\/v2\/media?parent=31878"}],"wp:term":[{"taxonomy":"product_brand","embeddable":true,"href":"https:\/\/naturalpoland.com\/fr\/wp-json\/wp\/v2\/product_brand?post=31878"},{"taxonomy":"product_cat","embeddable":true,"href":"https:\/\/naturalpoland.com\/fr\/wp-json\/wp\/v2\/product_cat?post=31878"},{"taxonomy":"product_tag","embeddable":true,"href":"https:\/\/naturalpoland.com\/fr\/wp-json\/wp\/v2\/product_tag?post=31878"}],"curies":[{"name":"wp","href":"https:\/\/api.w.org\/{rel}","templated":true}]}}