{"id":33468,"date":"2024-07-09T13:12:18","date_gmt":"2024-07-10T08:29:14","guid":{"rendered":"https:\/\/naturalpoland.com\/produkty\/non class\u00e9\/extrait-de-graines-de-rose-sauvage\/"},"modified":"2024-07-10T10:29:14","modified_gmt":"2024-07-10T08:29:14","slug":"extrait-de-graines-de-rose-sauvage","status":"publish","type":"product","link":"https:\/\/naturalpoland.com\/fr\/produkty\/extraits-de-plantes\/extrait-de-graines-de-rose-sauvage\/","title":{"rendered":"Extrait de graines d&rsquo;\u00e9glantier"},"content":{"rendered":"<h2>Extrait de CO2<\/h2>\n<p>Nous proposons de l&rsquo;extrait de CO2 obtenu par une m\u00e9thode d&rsquo;extraction moderne utilisant le dioxyde de carbone dans des conditions supercritiques. Le r\u00e9sultat est un produit d&rsquo;une grande puret\u00e9 et aux propri\u00e9t\u00e9s concentr\u00e9es, tout en conservant la pl\u00e9nitude des principes actifs naturels de la plante.<\/p>\n<p>L&rsquo;extraction au CO2 est une technologie avanc\u00e9e qui permet d&rsquo;isoler les ingr\u00e9dients bioactifs sans utiliser de temp\u00e9ratures \u00e9lev\u00e9es ou de solvants chimiques, ce qui garantit la valeur nutritionnelle et la fra\u00eecheur de l&rsquo;extrait. Chaque 12-15 kg de graines s\u00e9ch\u00e9es donne 1 kg de ce pr\u00e9cieux produit, ce qui d\u00e9montre sa concentration exceptionnelle.<\/p>\n<h2>Propri\u00e9t\u00e9s de l&rsquo;extrait de cynorrhodon<\/h2>\n<p>L&rsquo;extrait de graines de rose musqu\u00e9e est riche en acides gras essentiels tels que l&rsquo;acide linol\u00e9ique (om\u00e9ga-6) et l&rsquo;acide alpha-linol\u00e9nique (om\u00e9ga-3), qui sont essentiels au maintien de la sant\u00e9 et de l&rsquo;\u00e9lasticit\u00e9 de la peau. Elle contient \u00e9galement des antioxydants naturels, notamment de la vitamine E et des carot\u00e9no\u00efdes, qui prot\u00e8gent la peau des radicaux libres et des rayons UV. En outre, la pr\u00e9sence d&rsquo;un extrait naturel de romarin apporte une protection antioxydante suppl\u00e9mentaire, prolongeant ainsi la dur\u00e9e de conservation du produit.<\/p>\n<h2>Application<\/h2>\n<p><strong>Cosm\u00e9tiques<\/strong><\/p>\n<p>L&rsquo;extrait est largement utilis\u00e9 dans les produits de soins de la peau, en particulier dans les cr\u00e8mes, s\u00e9rums et lotions pour les peaux s\u00e8ches, matures et \u00e0 probl\u00e8mes. Ses propri\u00e9t\u00e9s r\u00e9g\u00e9n\u00e9rantes et hydratantes en font un produit id\u00e9al pour lutter contre les rides, les cicatrices et autres probl\u00e8mes de peau.<\/p>\n<p><strong>Suppl\u00e9mentation<\/strong><\/p>\n<p>Gr\u00e2ce \u00e0 ses propri\u00e9t\u00e9s b\u00e9n\u00e9fiques pour la sant\u00e9, l&rsquo;extrait peut \u00e9galement \u00eatre utilis\u00e9 comme ingr\u00e9dient dans les compl\u00e9ments alimentaires pour soutenir la sant\u00e9 de la peau, des cheveux et des ongles.<\/p>\n","protected":false},"excerpt":{"rendered":"<p>L&rsquo;extrait de graines de cynorrhodon<em>(Rosa canina<\/em>) est extrait de graines de rose s\u00e9ch\u00e9es provenant de cultures biologiques.<\/p>\n","protected":false},"featured_media":33347,"template":"","meta":[],"product_brand":[],"product_cat":[1293],"product_tag":[],"class_list":{"0":"post-33468","1":"product","2":"type-product","3":"status-publish","4":"has-post-thumbnail","6":"product_cat-extraits-de-plantes","7":"pa_czesc-rosliny-des-graines","8":"pa_metoda-pozyskiwania-extraction-de-co2","10":"first","11":"instock","12":"shipping-taxable","13":"product-type-simple"},"yoast_head":"<!-- This site is optimized with the Yoast SEO plugin v27.3 - https:\/\/yoast.com\/product\/yoast-seo-wordpress\/ -->\n<title>Extrait de graines d&#039;\u00e9glantier - NATURAL POLAND - Distributeur de mati\u00e8res premi\u00e8res en gros<\/title>\n<meta name=\"description\" content=\"L&#039;extrait de graines d&#039;\u00e9glantier combine non seulement des avantages exceptionnels pour la peau, mais aussi un engagement en faveur de la protection de l&#039;environnement et de la durabilit\u00e9.\" \/>\n<meta name=\"robots\" content=\"index, follow, max-snippet:-1, max-image-preview:large, max-video-preview:-1\" \/>\n<link rel=\"canonical\" href=\"https:\/\/naturalpoland.com\/fr\/produkty\/extraits-de-plantes\/extrait-de-graines-de-rose-sauvage\/\" \/>\n<meta property=\"og:locale\" content=\"fr_FR\" \/>\n<meta property=\"og:type\" content=\"article\" \/>\n<meta property=\"og:title\" content=\"Extrait de graines d&#039;\u00e9glantier - NATURAL POLAND - Distributeur de mati\u00e8res premi\u00e8res en gros\" \/>\n<meta property=\"og:description\" content=\"L&#039;extrait de graines d&#039;\u00e9glantier combine non seulement des avantages exceptionnels pour la peau, mais aussi un engagement en faveur de la protection de l&#039;environnement et de la durabilit\u00e9.\" \/>\n<meta property=\"og:url\" content=\"https:\/\/naturalpoland.com\/fr\/produkty\/extraits-de-plantes\/extrait-de-graines-de-rose-sauvage\/\" \/>\n<meta property=\"og:site_name\" content=\"NATURAL POLAND - Distributeur de mati\u00e8res premi\u00e8res en gros\" \/>\n<meta property=\"article:publisher\" content=\"https:\/\/www.facebook.com\/naturalpoland.b2b\" \/>\n<meta property=\"og:image\" content=\"https:\/\/naturalpoland.com\/wp-content\/uploads\/ekstrakt-z-nasion-dzikiej-rozy.webp\" \/>\n\t<meta property=\"og:image:width\" content=\"615\" \/>\n\t<meta property=\"og:image:height\" content=\"615\" \/>\n\t<meta property=\"og:image:type\" content=\"image\/webp\" \/>\n<script type=\"application\/ld+json\" class=\"yoast-schema-graph\">{\"@context\":\"https:\\\/\\\/schema.org\",\"@graph\":[{\"@type\":\"WebPage\",\"@id\":\"https:\\\/\\\/naturalpoland.com\\\/fr\\\/produkty\\\/extraits-de-plantes\\\/extrait-de-graines-de-rose-sauvage\\\/\",\"url\":\"https:\\\/\\\/naturalpoland.com\\\/fr\\\/produkty\\\/extraits-de-plantes\\\/extrait-de-graines-de-rose-sauvage\\\/\",\"name\":\"Extrait de graines d'\u00e9glantier - NATURAL POLAND - Distributeur de mati\u00e8res premi\u00e8res en gros\",\"isPartOf\":{\"@id\":\"https:\\\/\\\/naturalpoland.com\\\/fr\\\/#website\"},\"primaryImageOfPage\":{\"@id\":\"https:\\\/\\\/naturalpoland.com\\\/fr\\\/produkty\\\/extraits-de-plantes\\\/extrait-de-graines-de-rose-sauvage\\\/#primaryimage\"},\"image\":{\"@id\":\"https:\\\/\\\/naturalpoland.com\\\/fr\\\/produkty\\\/extraits-de-plantes\\\/extrait-de-graines-de-rose-sauvage\\\/#primaryimage\"},\"thumbnailUrl\":\"https:\\\/\\\/naturalpoland.com\\\/wp-content\\\/uploads\\\/ekstrakt-z-nasion-dzikiej-rozy.webp\",\"datePublished\":\"2024-07-10T08:29:14+00:00\",\"description\":\"L'extrait de graines d'\u00e9glantier combine non seulement des avantages exceptionnels pour la peau, mais aussi un engagement en faveur de la protection de l'environnement et de la durabilit\u00e9.\",\"breadcrumb\":{\"@id\":\"https:\\\/\\\/naturalpoland.com\\\/fr\\\/produkty\\\/extraits-de-plantes\\\/extrait-de-graines-de-rose-sauvage\\\/#breadcrumb\"},\"inLanguage\":\"fr-FR\",\"potentialAction\":[{\"@type\":\"ReadAction\",\"target\":[\"https:\\\/\\\/naturalpoland.com\\\/fr\\\/produkty\\\/extraits-de-plantes\\\/extrait-de-graines-de-rose-sauvage\\\/\"]}]},{\"@type\":\"ImageObject\",\"inLanguage\":\"fr-FR\",\"@id\":\"https:\\\/\\\/naturalpoland.com\\\/fr\\\/produkty\\\/extraits-de-plantes\\\/extrait-de-graines-de-rose-sauvage\\\/#primaryimage\",\"url\":\"https:\\\/\\\/naturalpoland.com\\\/wp-content\\\/uploads\\\/ekstrakt-z-nasion-dzikiej-rozy.webp\",\"contentUrl\":\"https:\\\/\\\/naturalpoland.com\\\/wp-content\\\/uploads\\\/ekstrakt-z-nasion-dzikiej-rozy.webp\",\"width\":615,\"height\":615,\"caption\":\"ekstrakt z nasion dzikiej r\u00f3\u017cy\"},{\"@type\":\"BreadcrumbList\",\"@id\":\"https:\\\/\\\/naturalpoland.com\\\/fr\\\/produkty\\\/extraits-de-plantes\\\/extrait-de-graines-de-rose-sauvage\\\/#breadcrumb\",\"itemListElement\":[{\"@type\":\"ListItem\",\"position\":1,\"name\":\"Accueil\",\"item\":\"https:\\\/\\\/naturalpoland.com\\\/fr\\\/\"},{\"@type\":\"ListItem\",\"position\":2,\"name\":\"Produits\",\"item\":\"https:\\\/\\\/naturalpoland.com\\\/fr\\\/produits\\\/\"},{\"@type\":\"ListItem\",\"position\":3,\"name\":\"Extrait de graines d&rsquo;\u00e9glantier\"}]},{\"@type\":\"WebSite\",\"@id\":\"https:\\\/\\\/naturalpoland.com\\\/fr\\\/#website\",\"url\":\"https:\\\/\\\/naturalpoland.com\\\/fr\\\/\",\"name\":\"NATURAL POLAND - Distributeur de mati\u00e8res premi\u00e8res en gros\",\"description\":\"Surowce dla przemys\u0142u spo\u017cywczego, kosmetycznego i farmaceutycznego\",\"publisher\":{\"@id\":\"https:\\\/\\\/naturalpoland.com\\\/fr\\\/#organization\"},\"potentialAction\":[{\"@type\":\"SearchAction\",\"target\":{\"@type\":\"EntryPoint\",\"urlTemplate\":\"https:\\\/\\\/naturalpoland.com\\\/fr\\\/?s={search_term_string}\"},\"query-input\":{\"@type\":\"PropertyValueSpecification\",\"valueRequired\":true,\"valueName\":\"search_term_string\"}}],\"inLanguage\":\"fr-FR\"},{\"@type\":\"Organization\",\"@id\":\"https:\\\/\\\/naturalpoland.com\\\/fr\\\/#organization\",\"name\":\"Natural Poland\",\"url\":\"https:\\\/\\\/naturalpoland.com\\\/fr\\\/\",\"logo\":{\"@type\":\"ImageObject\",\"inLanguage\":\"fr-FR\",\"@id\":\"https:\\\/\\\/naturalpoland.com\\\/fr\\\/#\\\/schema\\\/logo\\\/image\\\/\",\"url\":\"https:\\\/\\\/naturalpoland.com\\\/wp-content\\\/uploads\\\/2021\\\/05\\\/natural-poland-icon.png\",\"contentUrl\":\"https:\\\/\\\/naturalpoland.com\\\/wp-content\\\/uploads\\\/2021\\\/05\\\/natural-poland-icon.png\",\"width\":512,\"height\":512,\"caption\":\"Natural Poland\"},\"image\":{\"@id\":\"https:\\\/\\\/naturalpoland.com\\\/fr\\\/#\\\/schema\\\/logo\\\/image\\\/\"},\"sameAs\":[\"https:\\\/\\\/www.facebook.com\\\/naturalpoland.b2b\",\"https:\\\/\\\/pl.linkedin.com\\\/company\\\/natural-poland\",\"https:\\\/\\\/www.youtube.com\\\/channel\\\/UCgeGGkvOMahZo-xu_MSEWxg\"]}]}<\/script>\n<!-- \/ Yoast SEO plugin. -->","yoast_head_json":{"title":"Extrait de graines d'\u00e9glantier - NATURAL POLAND - Distributeur de mati\u00e8res premi\u00e8res en gros","description":"L'extrait de graines d'\u00e9glantier combine non seulement des avantages exceptionnels pour la peau, mais aussi un engagement en faveur de la protection de l'environnement et de la durabilit\u00e9.","robots":{"index":"index","follow":"follow","max-snippet":"max-snippet:-1","max-image-preview":"max-image-preview:large","max-video-preview":"max-video-preview:-1"},"canonical":"https:\/\/naturalpoland.com\/fr\/produkty\/extraits-de-plantes\/extrait-de-graines-de-rose-sauvage\/","og_locale":"fr_FR","og_type":"article","og_title":"Extrait de graines d'\u00e9glantier - NATURAL POLAND - Distributeur de mati\u00e8res premi\u00e8res en gros","og_description":"L'extrait de graines d'\u00e9glantier combine non seulement des avantages exceptionnels pour la peau, mais aussi un engagement en faveur de la protection de l'environnement et de la durabilit\u00e9.","og_url":"https:\/\/naturalpoland.com\/fr\/produkty\/extraits-de-plantes\/extrait-de-graines-de-rose-sauvage\/","og_site_name":"NATURAL POLAND - Distributeur de mati\u00e8res premi\u00e8res en gros","article_publisher":"https:\/\/www.facebook.com\/naturalpoland.b2b","og_image":[{"width":615,"height":615,"url":"https:\/\/naturalpoland.com\/wp-content\/uploads\/ekstrakt-z-nasion-dzikiej-rozy.webp","type":"image\/webp"}],"schema":{"@context":"https:\/\/schema.org","@graph":[{"@type":"WebPage","@id":"https:\/\/naturalpoland.com\/fr\/produkty\/extraits-de-plantes\/extrait-de-graines-de-rose-sauvage\/","url":"https:\/\/naturalpoland.com\/fr\/produkty\/extraits-de-plantes\/extrait-de-graines-de-rose-sauvage\/","name":"Extrait de graines d'\u00e9glantier - NATURAL POLAND - Distributeur de mati\u00e8res premi\u00e8res en gros","isPartOf":{"@id":"https:\/\/naturalpoland.com\/fr\/#website"},"primaryImageOfPage":{"@id":"https:\/\/naturalpoland.com\/fr\/produkty\/extraits-de-plantes\/extrait-de-graines-de-rose-sauvage\/#primaryimage"},"image":{"@id":"https:\/\/naturalpoland.com\/fr\/produkty\/extraits-de-plantes\/extrait-de-graines-de-rose-sauvage\/#primaryimage"},"thumbnailUrl":"https:\/\/naturalpoland.com\/wp-content\/uploads\/ekstrakt-z-nasion-dzikiej-rozy.webp","datePublished":"2024-07-10T08:29:14+00:00","description":"L'extrait de graines d'\u00e9glantier combine non seulement des avantages exceptionnels pour la peau, mais aussi un engagement en faveur de la protection de l'environnement et de la durabilit\u00e9.","breadcrumb":{"@id":"https:\/\/naturalpoland.com\/fr\/produkty\/extraits-de-plantes\/extrait-de-graines-de-rose-sauvage\/#breadcrumb"},"inLanguage":"fr-FR","potentialAction":[{"@type":"ReadAction","target":["https:\/\/naturalpoland.com\/fr\/produkty\/extraits-de-plantes\/extrait-de-graines-de-rose-sauvage\/"]}]},{"@type":"ImageObject","inLanguage":"fr-FR","@id":"https:\/\/naturalpoland.com\/fr\/produkty\/extraits-de-plantes\/extrait-de-graines-de-rose-sauvage\/#primaryimage","url":"https:\/\/naturalpoland.com\/wp-content\/uploads\/ekstrakt-z-nasion-dzikiej-rozy.webp","contentUrl":"https:\/\/naturalpoland.com\/wp-content\/uploads\/ekstrakt-z-nasion-dzikiej-rozy.webp","width":615,"height":615,"caption":"ekstrakt z nasion dzikiej r\u00f3\u017cy"},{"@type":"BreadcrumbList","@id":"https:\/\/naturalpoland.com\/fr\/produkty\/extraits-de-plantes\/extrait-de-graines-de-rose-sauvage\/#breadcrumb","itemListElement":[{"@type":"ListItem","position":1,"name":"Accueil","item":"https:\/\/naturalpoland.com\/fr\/"},{"@type":"ListItem","position":2,"name":"Produits","item":"https:\/\/naturalpoland.com\/fr\/produits\/"},{"@type":"ListItem","position":3,"name":"Extrait de graines d&rsquo;\u00e9glantier"}]},{"@type":"WebSite","@id":"https:\/\/naturalpoland.com\/fr\/#website","url":"https:\/\/naturalpoland.com\/fr\/","name":"NATURAL POLAND - Distributeur de mati\u00e8res premi\u00e8res en gros","description":"Surowce dla przemys\u0142u spo\u017cywczego, kosmetycznego i farmaceutycznego","publisher":{"@id":"https:\/\/naturalpoland.com\/fr\/#organization"},"potentialAction":[{"@type":"SearchAction","target":{"@type":"EntryPoint","urlTemplate":"https:\/\/naturalpoland.com\/fr\/?s={search_term_string}"},"query-input":{"@type":"PropertyValueSpecification","valueRequired":true,"valueName":"search_term_string"}}],"inLanguage":"fr-FR"},{"@type":"Organization","@id":"https:\/\/naturalpoland.com\/fr\/#organization","name":"Natural Poland","url":"https:\/\/naturalpoland.com\/fr\/","logo":{"@type":"ImageObject","inLanguage":"fr-FR","@id":"https:\/\/naturalpoland.com\/fr\/#\/schema\/logo\/image\/","url":"https:\/\/naturalpoland.com\/wp-content\/uploads\/2021\/05\/natural-poland-icon.png","contentUrl":"https:\/\/naturalpoland.com\/wp-content\/uploads\/2021\/05\/natural-poland-icon.png","width":512,"height":512,"caption":"Natural Poland"},"image":{"@id":"https:\/\/naturalpoland.com\/fr\/#\/schema\/logo\/image\/"},"sameAs":["https:\/\/www.facebook.com\/naturalpoland.b2b","https:\/\/pl.linkedin.com\/company\/natural-poland","https:\/\/www.youtube.com\/channel\/UCgeGGkvOMahZo-xu_MSEWxg"]}]}},"_links":{"self":[{"href":"https:\/\/naturalpoland.com\/fr\/wp-json\/wp\/v2\/product\/33468","targetHints":{"allow":["GET"]}}],"collection":[{"href":"https:\/\/naturalpoland.com\/fr\/wp-json\/wp\/v2\/product"}],"about":[{"href":"https:\/\/naturalpoland.com\/fr\/wp-json\/wp\/v2\/types\/product"}],"wp:featuredmedia":[{"embeddable":true,"href":"https:\/\/naturalpoland.com\/fr\/wp-json\/wp\/v2\/media\/33347"}],"wp:attachment":[{"href":"https:\/\/naturalpoland.com\/fr\/wp-json\/wp\/v2\/media?parent=33468"}],"wp:term":[{"taxonomy":"product_brand","embeddable":true,"href":"https:\/\/naturalpoland.com\/fr\/wp-json\/wp\/v2\/product_brand?post=33468"},{"taxonomy":"product_cat","embeddable":true,"href":"https:\/\/naturalpoland.com\/fr\/wp-json\/wp\/v2\/product_cat?post=33468"},{"taxonomy":"product_tag","embeddable":true,"href":"https:\/\/naturalpoland.com\/fr\/wp-json\/wp\/v2\/product_tag?post=33468"}],"curies":[{"name":"wp","href":"https:\/\/api.w.org\/{rel}","templated":true}]}}