{"id":33542,"date":"2024-07-04T14:17:52","date_gmt":"2024-07-10T08:55:17","guid":{"rendered":"https:\/\/naturalpoland.com\/produkty\/non%20class\u00e9\/prolithin-a-lsme-urolithin-a\/"},"modified":"2024-08-29T13:08:46","modified_gmt":"2024-08-29T11:08:46","slug":"prolithin-a-lsme-urolithin-a","status":"publish","type":"product","link":"https:\/\/naturalpoland.com\/fr\/produkty\/produits-pour-lindustrie-cosmetique\/matieres-premieres-cosmetiques\/prolithin-a-lsme-urolithin-a\/","title":{"rendered":"Urolithine A"},"content":{"rendered":"<h2>Propri\u00e9t\u00e9s et applications :<\/h2>\n<p>  L&rsquo;urolithine A a d\u00e9montr\u00e9 sa capacit\u00e9 \u00e0 prolonger la dur\u00e9e de vie des cellules en induisant la mitophagie, le processus de nettoyage des mitochondries endommag\u00e9es.<br \/>\nDes \u00e9tudes sur des souris ont montr\u00e9 qu&rsquo;une suppl\u00e9mentation en Urolithine A peut am\u00e9liorer la fonction musculaire.<br \/>\nLe produit est donc recommand\u00e9 aux athl\u00e8tes et aux personnes \u00e2g\u00e9es qui souhaitent am\u00e9liorer leurs performances et retarder le vieillissement musculaire.<br \/>\nLe produit peut \u00e9galement soutenir la th\u00e9rapie immunitaire par l&rsquo;induction de l&rsquo;autophagie mitochondriale dans les cellules T, conduisant \u00e0 une meilleure r\u00e9ponse immunitaire contre le cancer.<br \/>\nCeci est particuli\u00e8rement pertinent dans le contexte des th\u00e9rapies modernes contre le cancer, o\u00f9 l&rsquo;Urolithine A peut am\u00e9liorer l&rsquo;efficacit\u00e9 du traitement en augmentant le nombre de cellules T dans le microenvironnement de la tumeur.<br \/>\nLa suppl\u00e9mentation en Urolithine A a montr\u00e9 sa capacit\u00e9 \u00e0 inverser le vieillissement des cellules souches h\u00e9matopo\u00ef\u00e9tiques.<br \/>\nCeci est confirm\u00e9 par des \u00e9tudes sur des souris, dans lesquelles une augmentation des cellules souches et prog\u00e9nitrices a \u00e9t\u00e9 observ\u00e9e.        <\/p>\n<h2>Application du march\u00e9 :<\/h2>\n<p><strong>Compl\u00e9ments alimentaires<\/strong> L&rsquo;urolithine A est largement utilis\u00e9e comme ingr\u00e9dient dans les compl\u00e9ments alimentaires pour soutenir la sant\u00e9 musculaire, les fonctions cognitives et la vitalit\u00e9 g\u00e9n\u00e9rale.<br \/>\nElle est particuli\u00e8rement populaire aux \u00c9tats-Unis, o\u00f9 elle a \u00e9t\u00e9 reconnue comme un ingr\u00e9dient s\u00fbr pour la consommation (GRAS).<br \/>\n<strong>Cosm\u00e9tiques<\/strong> En 2023, l&rsquo;Urolithine A a \u00e9t\u00e9 enregistr\u00e9e en Chine comme nouvelle mati\u00e8re premi\u00e8re cosm\u00e9tique, principalement pour les produits anti-\u00e2ge.    <\/p>\n<hr>\n<h2>Nous disposons de ce produit dans la technologie BioSNEDS\u2122 sous la forme de ProLithin A\u2122.<\/h2>\n<ul>\n<li>ProLithin A\u2122 est 15 fois plus biodisponible par rapport \u00e0 l&rsquo;urolithine A conventionnelle, ce qui signifie que 1 mg d&rsquo;urolithine A active dans BioSNEDS\u2122 est bio\u00e9quivalent \u00e0 15 mg d&rsquo;urolithine A conventionnelle.<\/li>\n<li>Plus de doses par kilogramme &#8211; 10 000 doses par kilogramme contre 5 000 doses pour l&rsquo;urolithine A conventionnelle.<\/li>\n<li>Disponible sous forme de poudres et d&rsquo;\u00e9mulsions avec un go\u00fbt neutre et sans odeur.<\/li>\n<\/ul>\n<p>&nbsp;<\/p>\n","protected":false},"excerpt":{"rendered":"<p><strong>L <\/strong>&lsquo;<strong>urolithine A <\/strong>est un m\u00e9tabolite naturel form\u00e9 \u00e0 partir des polyph\u00e9nols pr\u00e9sents dans les fruits, qui poss\u00e8de de puissantes propri\u00e9t\u00e9s antioxydantes et favorise la sant\u00e9 mitochondriale. <strong>ProLithin A\u2122 <\/strong>est un produit avanc\u00e9 utilisant la technologie BioSNEDS\u2122, qui augmente de mani\u00e8re significative la biodisponibilit\u00e9 de l&rsquo;urolithine A.<\/p>\n","protected":false},"featured_media":33228,"template":"","meta":[],"product_brand":[],"product_cat":[1300,1309],"product_tag":[],"class_list":{"0":"post-33542","1":"product","2":"type-product","3":"status-publish","4":"has-post-thumbnail","6":"product_cat-additifs-de-complements-alimentaires","7":"product_cat-matieres-premieres-cosmetiques","8":"pa_grupa-substancji-produits-nutraceutiques","10":"first","11":"instock","12":"shipping-taxable","13":"product-type-simple"},"yoast_head":"<!-- This site is optimized with the Yoast SEO plugin v27.3 - https:\/\/yoast.com\/product\/yoast-seo-wordpress\/ -->\n<title>Urolithine A - NATURAL POLAND - Distributeur de mati\u00e8res premi\u00e8res en gros<\/title>\n<meta name=\"description\" content=\"L&#039;urolithine A est un ingr\u00e9dient innovant qui soutient la sant\u00e9 musculaire et le syst\u00e8me immunitaire gr\u00e2ce \u00e0 ses propri\u00e9t\u00e9s anti-\u00e2ge uniques.\" \/>\n<meta name=\"robots\" content=\"index, follow, max-snippet:-1, max-image-preview:large, max-video-preview:-1\" \/>\n<link rel=\"canonical\" href=\"https:\/\/naturalpoland.com\/fr\/produkty\/produits-pour-lindustrie-cosmetique\/matieres-premieres-cosmetiques\/prolithin-a-lsme-urolithin-a\/\" \/>\n<meta property=\"og:locale\" content=\"fr_FR\" \/>\n<meta property=\"og:type\" content=\"article\" \/>\n<meta property=\"og:title\" content=\"Urolithine A - NATURAL POLAND - Distributeur de mati\u00e8res premi\u00e8res en gros\" \/>\n<meta property=\"og:description\" content=\"L&#039;urolithine A est un ingr\u00e9dient innovant qui soutient la sant\u00e9 musculaire et le syst\u00e8me immunitaire gr\u00e2ce \u00e0 ses propri\u00e9t\u00e9s anti-\u00e2ge uniques.\" \/>\n<meta property=\"og:url\" content=\"https:\/\/naturalpoland.com\/fr\/produkty\/produits-pour-lindustrie-cosmetique\/matieres-premieres-cosmetiques\/prolithin-a-lsme-urolithin-a\/\" \/>\n<meta property=\"og:site_name\" content=\"NATURAL POLAND - Distributeur de mati\u00e8res premi\u00e8res en gros\" \/>\n<meta property=\"article:publisher\" content=\"https:\/\/www.facebook.com\/naturalpoland.b2b\" \/>\n<meta property=\"article:modified_time\" content=\"2024-08-29T11:08:46+00:00\" \/>\n<meta property=\"og:image\" content=\"https:\/\/naturalpoland.com\/wp-content\/uploads\/urolithin.webp\" \/>\n\t<meta property=\"og:image:width\" content=\"606\" \/>\n\t<meta property=\"og:image:height\" content=\"606\" \/>\n\t<meta property=\"og:image:type\" content=\"image\/webp\" \/>\n<script type=\"application\/ld+json\" class=\"yoast-schema-graph\">{\"@context\":\"https:\\\/\\\/schema.org\",\"@graph\":[{\"@type\":\"WebPage\",\"@id\":\"https:\\\/\\\/naturalpoland.com\\\/fr\\\/produkty\\\/produits-pour-lindustrie-cosmetique\\\/matieres-premieres-cosmetiques\\\/prolithin-a-lsme-urolithin-a\\\/\",\"url\":\"https:\\\/\\\/naturalpoland.com\\\/fr\\\/produkty\\\/produits-pour-lindustrie-cosmetique\\\/matieres-premieres-cosmetiques\\\/prolithin-a-lsme-urolithin-a\\\/\",\"name\":\"Urolithine A - NATURAL POLAND - Distributeur de mati\u00e8res premi\u00e8res en gros\",\"isPartOf\":{\"@id\":\"https:\\\/\\\/naturalpoland.com\\\/fr\\\/#website\"},\"primaryImageOfPage\":{\"@id\":\"https:\\\/\\\/naturalpoland.com\\\/fr\\\/produkty\\\/produits-pour-lindustrie-cosmetique\\\/matieres-premieres-cosmetiques\\\/prolithin-a-lsme-urolithin-a\\\/#primaryimage\"},\"image\":{\"@id\":\"https:\\\/\\\/naturalpoland.com\\\/fr\\\/produkty\\\/produits-pour-lindustrie-cosmetique\\\/matieres-premieres-cosmetiques\\\/prolithin-a-lsme-urolithin-a\\\/#primaryimage\"},\"thumbnailUrl\":\"https:\\\/\\\/naturalpoland.com\\\/wp-content\\\/uploads\\\/urolithin.webp\",\"datePublished\":\"2024-07-10T08:55:17+00:00\",\"dateModified\":\"2024-08-29T11:08:46+00:00\",\"description\":\"L'urolithine A est un ingr\u00e9dient innovant qui soutient la sant\u00e9 musculaire et le syst\u00e8me immunitaire gr\u00e2ce \u00e0 ses propri\u00e9t\u00e9s anti-\u00e2ge uniques.\",\"breadcrumb\":{\"@id\":\"https:\\\/\\\/naturalpoland.com\\\/fr\\\/produkty\\\/produits-pour-lindustrie-cosmetique\\\/matieres-premieres-cosmetiques\\\/prolithin-a-lsme-urolithin-a\\\/#breadcrumb\"},\"inLanguage\":\"fr-FR\",\"potentialAction\":[{\"@type\":\"ReadAction\",\"target\":[\"https:\\\/\\\/naturalpoland.com\\\/fr\\\/produkty\\\/produits-pour-lindustrie-cosmetique\\\/matieres-premieres-cosmetiques\\\/prolithin-a-lsme-urolithin-a\\\/\"]}]},{\"@type\":\"ImageObject\",\"inLanguage\":\"fr-FR\",\"@id\":\"https:\\\/\\\/naturalpoland.com\\\/fr\\\/produkty\\\/produits-pour-lindustrie-cosmetique\\\/matieres-premieres-cosmetiques\\\/prolithin-a-lsme-urolithin-a\\\/#primaryimage\",\"url\":\"https:\\\/\\\/naturalpoland.com\\\/wp-content\\\/uploads\\\/urolithin.webp\",\"contentUrl\":\"https:\\\/\\\/naturalpoland.com\\\/wp-content\\\/uploads\\\/urolithin.webp\",\"width\":606,\"height\":606,\"caption\":\"Urolityna A w postaci\"},{\"@type\":\"BreadcrumbList\",\"@id\":\"https:\\\/\\\/naturalpoland.com\\\/fr\\\/produkty\\\/produits-pour-lindustrie-cosmetique\\\/matieres-premieres-cosmetiques\\\/prolithin-a-lsme-urolithin-a\\\/#breadcrumb\",\"itemListElement\":[{\"@type\":\"ListItem\",\"position\":1,\"name\":\"Accueil\",\"item\":\"https:\\\/\\\/naturalpoland.com\\\/fr\\\/\"},{\"@type\":\"ListItem\",\"position\":2,\"name\":\"Produits\",\"item\":\"https:\\\/\\\/naturalpoland.com\\\/fr\\\/produits\\\/\"},{\"@type\":\"ListItem\",\"position\":3,\"name\":\"Urolithine A\"}]},{\"@type\":\"WebSite\",\"@id\":\"https:\\\/\\\/naturalpoland.com\\\/fr\\\/#website\",\"url\":\"https:\\\/\\\/naturalpoland.com\\\/fr\\\/\",\"name\":\"NATURAL POLAND - Distributeur de mati\u00e8res premi\u00e8res en gros\",\"description\":\"Surowce dla przemys\u0142u spo\u017cywczego, kosmetycznego i farmaceutycznego\",\"publisher\":{\"@id\":\"https:\\\/\\\/naturalpoland.com\\\/fr\\\/#organization\"},\"potentialAction\":[{\"@type\":\"SearchAction\",\"target\":{\"@type\":\"EntryPoint\",\"urlTemplate\":\"https:\\\/\\\/naturalpoland.com\\\/fr\\\/?s={search_term_string}\"},\"query-input\":{\"@type\":\"PropertyValueSpecification\",\"valueRequired\":true,\"valueName\":\"search_term_string\"}}],\"inLanguage\":\"fr-FR\"},{\"@type\":\"Organization\",\"@id\":\"https:\\\/\\\/naturalpoland.com\\\/fr\\\/#organization\",\"name\":\"Natural Poland\",\"url\":\"https:\\\/\\\/naturalpoland.com\\\/fr\\\/\",\"logo\":{\"@type\":\"ImageObject\",\"inLanguage\":\"fr-FR\",\"@id\":\"https:\\\/\\\/naturalpoland.com\\\/fr\\\/#\\\/schema\\\/logo\\\/image\\\/\",\"url\":\"https:\\\/\\\/naturalpoland.com\\\/wp-content\\\/uploads\\\/2021\\\/05\\\/natural-poland-icon.png\",\"contentUrl\":\"https:\\\/\\\/naturalpoland.com\\\/wp-content\\\/uploads\\\/2021\\\/05\\\/natural-poland-icon.png\",\"width\":512,\"height\":512,\"caption\":\"Natural Poland\"},\"image\":{\"@id\":\"https:\\\/\\\/naturalpoland.com\\\/fr\\\/#\\\/schema\\\/logo\\\/image\\\/\"},\"sameAs\":[\"https:\\\/\\\/www.facebook.com\\\/naturalpoland.b2b\",\"https:\\\/\\\/pl.linkedin.com\\\/company\\\/natural-poland\",\"https:\\\/\\\/www.youtube.com\\\/channel\\\/UCgeGGkvOMahZo-xu_MSEWxg\"]}]}<\/script>\n<!-- \/ Yoast SEO plugin. -->","yoast_head_json":{"title":"Urolithine A - NATURAL POLAND - Distributeur de mati\u00e8res premi\u00e8res en gros","description":"L'urolithine A est un ingr\u00e9dient innovant qui soutient la sant\u00e9 musculaire et le syst\u00e8me immunitaire gr\u00e2ce \u00e0 ses propri\u00e9t\u00e9s anti-\u00e2ge uniques.","robots":{"index":"index","follow":"follow","max-snippet":"max-snippet:-1","max-image-preview":"max-image-preview:large","max-video-preview":"max-video-preview:-1"},"canonical":"https:\/\/naturalpoland.com\/fr\/produkty\/produits-pour-lindustrie-cosmetique\/matieres-premieres-cosmetiques\/prolithin-a-lsme-urolithin-a\/","og_locale":"fr_FR","og_type":"article","og_title":"Urolithine A - NATURAL POLAND - Distributeur de mati\u00e8res premi\u00e8res en gros","og_description":"L'urolithine A est un ingr\u00e9dient innovant qui soutient la sant\u00e9 musculaire et le syst\u00e8me immunitaire gr\u00e2ce \u00e0 ses propri\u00e9t\u00e9s anti-\u00e2ge uniques.","og_url":"https:\/\/naturalpoland.com\/fr\/produkty\/produits-pour-lindustrie-cosmetique\/matieres-premieres-cosmetiques\/prolithin-a-lsme-urolithin-a\/","og_site_name":"NATURAL POLAND - Distributeur de mati\u00e8res premi\u00e8res en gros","article_publisher":"https:\/\/www.facebook.com\/naturalpoland.b2b","article_modified_time":"2024-08-29T11:08:46+00:00","og_image":[{"width":606,"height":606,"url":"https:\/\/naturalpoland.com\/wp-content\/uploads\/urolithin.webp","type":"image\/webp"}],"schema":{"@context":"https:\/\/schema.org","@graph":[{"@type":"WebPage","@id":"https:\/\/naturalpoland.com\/fr\/produkty\/produits-pour-lindustrie-cosmetique\/matieres-premieres-cosmetiques\/prolithin-a-lsme-urolithin-a\/","url":"https:\/\/naturalpoland.com\/fr\/produkty\/produits-pour-lindustrie-cosmetique\/matieres-premieres-cosmetiques\/prolithin-a-lsme-urolithin-a\/","name":"Urolithine A - NATURAL POLAND - Distributeur de mati\u00e8res premi\u00e8res en gros","isPartOf":{"@id":"https:\/\/naturalpoland.com\/fr\/#website"},"primaryImageOfPage":{"@id":"https:\/\/naturalpoland.com\/fr\/produkty\/produits-pour-lindustrie-cosmetique\/matieres-premieres-cosmetiques\/prolithin-a-lsme-urolithin-a\/#primaryimage"},"image":{"@id":"https:\/\/naturalpoland.com\/fr\/produkty\/produits-pour-lindustrie-cosmetique\/matieres-premieres-cosmetiques\/prolithin-a-lsme-urolithin-a\/#primaryimage"},"thumbnailUrl":"https:\/\/naturalpoland.com\/wp-content\/uploads\/urolithin.webp","datePublished":"2024-07-10T08:55:17+00:00","dateModified":"2024-08-29T11:08:46+00:00","description":"L'urolithine A est un ingr\u00e9dient innovant qui soutient la sant\u00e9 musculaire et le syst\u00e8me immunitaire gr\u00e2ce \u00e0 ses propri\u00e9t\u00e9s anti-\u00e2ge uniques.","breadcrumb":{"@id":"https:\/\/naturalpoland.com\/fr\/produkty\/produits-pour-lindustrie-cosmetique\/matieres-premieres-cosmetiques\/prolithin-a-lsme-urolithin-a\/#breadcrumb"},"inLanguage":"fr-FR","potentialAction":[{"@type":"ReadAction","target":["https:\/\/naturalpoland.com\/fr\/produkty\/produits-pour-lindustrie-cosmetique\/matieres-premieres-cosmetiques\/prolithin-a-lsme-urolithin-a\/"]}]},{"@type":"ImageObject","inLanguage":"fr-FR","@id":"https:\/\/naturalpoland.com\/fr\/produkty\/produits-pour-lindustrie-cosmetique\/matieres-premieres-cosmetiques\/prolithin-a-lsme-urolithin-a\/#primaryimage","url":"https:\/\/naturalpoland.com\/wp-content\/uploads\/urolithin.webp","contentUrl":"https:\/\/naturalpoland.com\/wp-content\/uploads\/urolithin.webp","width":606,"height":606,"caption":"Urolityna A w postaci"},{"@type":"BreadcrumbList","@id":"https:\/\/naturalpoland.com\/fr\/produkty\/produits-pour-lindustrie-cosmetique\/matieres-premieres-cosmetiques\/prolithin-a-lsme-urolithin-a\/#breadcrumb","itemListElement":[{"@type":"ListItem","position":1,"name":"Accueil","item":"https:\/\/naturalpoland.com\/fr\/"},{"@type":"ListItem","position":2,"name":"Produits","item":"https:\/\/naturalpoland.com\/fr\/produits\/"},{"@type":"ListItem","position":3,"name":"Urolithine A"}]},{"@type":"WebSite","@id":"https:\/\/naturalpoland.com\/fr\/#website","url":"https:\/\/naturalpoland.com\/fr\/","name":"NATURAL POLAND - Distributeur de mati\u00e8res premi\u00e8res en gros","description":"Surowce dla przemys\u0142u spo\u017cywczego, kosmetycznego i farmaceutycznego","publisher":{"@id":"https:\/\/naturalpoland.com\/fr\/#organization"},"potentialAction":[{"@type":"SearchAction","target":{"@type":"EntryPoint","urlTemplate":"https:\/\/naturalpoland.com\/fr\/?s={search_term_string}"},"query-input":{"@type":"PropertyValueSpecification","valueRequired":true,"valueName":"search_term_string"}}],"inLanguage":"fr-FR"},{"@type":"Organization","@id":"https:\/\/naturalpoland.com\/fr\/#organization","name":"Natural Poland","url":"https:\/\/naturalpoland.com\/fr\/","logo":{"@type":"ImageObject","inLanguage":"fr-FR","@id":"https:\/\/naturalpoland.com\/fr\/#\/schema\/logo\/image\/","url":"https:\/\/naturalpoland.com\/wp-content\/uploads\/2021\/05\/natural-poland-icon.png","contentUrl":"https:\/\/naturalpoland.com\/wp-content\/uploads\/2021\/05\/natural-poland-icon.png","width":512,"height":512,"caption":"Natural Poland"},"image":{"@id":"https:\/\/naturalpoland.com\/fr\/#\/schema\/logo\/image\/"},"sameAs":["https:\/\/www.facebook.com\/naturalpoland.b2b","https:\/\/pl.linkedin.com\/company\/natural-poland","https:\/\/www.youtube.com\/channel\/UCgeGGkvOMahZo-xu_MSEWxg"]}]}},"_links":{"self":[{"href":"https:\/\/naturalpoland.com\/fr\/wp-json\/wp\/v2\/product\/33542","targetHints":{"allow":["GET"]}}],"collection":[{"href":"https:\/\/naturalpoland.com\/fr\/wp-json\/wp\/v2\/product"}],"about":[{"href":"https:\/\/naturalpoland.com\/fr\/wp-json\/wp\/v2\/types\/product"}],"wp:featuredmedia":[{"embeddable":true,"href":"https:\/\/naturalpoland.com\/fr\/wp-json\/wp\/v2\/media\/33228"}],"wp:attachment":[{"href":"https:\/\/naturalpoland.com\/fr\/wp-json\/wp\/v2\/media?parent=33542"}],"wp:term":[{"taxonomy":"product_brand","embeddable":true,"href":"https:\/\/naturalpoland.com\/fr\/wp-json\/wp\/v2\/product_brand?post=33542"},{"taxonomy":"product_cat","embeddable":true,"href":"https:\/\/naturalpoland.com\/fr\/wp-json\/wp\/v2\/product_cat?post=33542"},{"taxonomy":"product_tag","embeddable":true,"href":"https:\/\/naturalpoland.com\/fr\/wp-json\/wp\/v2\/product_tag?post=33542"}],"curies":[{"name":"wp","href":"https:\/\/api.w.org\/{rel}","templated":true}]}}