{"id":33877,"date":"2024-07-04T12:48:14","date_gmt":"2024-07-17T09:57:58","guid":{"rendered":"https:\/\/naturalpoland.com\/produkty\/non class\u00e9\/ellagisol-lsme-elagic-acid\/"},"modified":"2024-07-17T11:57:58","modified_gmt":"2024-07-17T09:57:58","slug":"ellagisol-lsme-elagic-acid","status":"publish","type":"product","link":"https:\/\/naturalpoland.com\/fr\/produkty\/produits-pour-les-industries-pharmaceutiques-et-medicales\/additifs-de-complements-alimentaires\/ellagisol-lsme-elagic-acid\/","title":{"rendered":"EllagiSol\u2122 (acide ellagique)"},"content":{"rendered":"<h2>Avantages de la technologie BioSNEDS\u2122<\/h2>\n<ul>\n<li>EllagiSol\u2122 est 100 fois plus biodisponible que l&rsquo;acide ellagique conventionnel, ce qui signifie que 5 mg d&rsquo;acide ellagique actif dans BioSNEDS\u2122 sont bio\u00e9quivalents \u00e0 500 mg d&rsquo;acide ellagique conventionnel.<\/li>\n<li>Plus de doses par kilogramme &#8211; 10 000 doses par kilogramme contre 1 940 doses pour l&rsquo;acide ellagique conventionnel.<\/li>\n<\/ul>\n<h2>Avantages pour la sant\u00e9<\/h2>\n<ul>\n<li>Renforce la fonction immunitaire de l&rsquo;organisme.<\/li>\n<li>Favorise la sant\u00e9 du cerveau et la fonction neurologique.<\/li>\n<li>R\u00e9duit l&rsquo;inflammation dans l&rsquo;organisme.<\/li>\n<li>Favorise la sant\u00e9 cardiovasculaire.<\/li>\n<li>Aide \u00e0 la r\u00e9cup\u00e9ration apr\u00e8s l&rsquo;exercice.<\/li>\n<li>Prot\u00e8ge les cellules du stress oxydatif, ce qui peut pr\u00e9venir le vieillissement.<\/li>\n<li>Favorise la sant\u00e9 de la peau et r\u00e9duit les signes de vieillissement.<\/li>\n<\/ul>\n<h2>Application :<\/h2>\n<p>Compl\u00e9ments alimentaires, aliments fonctionnels, cosm\u00e9tiques topiques, nutrition animale.<\/p>\n","protected":false},"excerpt":{"rendered":"<p><strong>EllagiSol\u2122 <\/strong>est un produit avanc\u00e9 utilisant la technologie BioSNEDS\u2122, qui augmente consid\u00e9rablement la biodisponibilit\u00e9 de l&rsquo;acide ellagique, un puissant polyph\u00e9nol dot\u00e9 d&rsquo;un large \u00e9ventail de bienfaits pour la sant\u00e9, notamment des propri\u00e9t\u00e9s antioxydantes et anti-inflammatoires.<\/p>\n","protected":false},"featured_media":33189,"template":"","meta":[],"product_brand":[],"product_cat":[1300],"product_tag":[],"class_list":{"0":"post-33877","1":"product","2":"type-product","3":"status-publish","4":"has-post-thumbnail","6":"product_cat-additifs-de-complements-alimentaires","7":"pa_grupa-substancji-produits-nutraceutiques","8":"pa_technologia-technologie-biosneds-fr","10":"first","11":"instock","12":"shipping-taxable","13":"product-type-simple"},"yoast_head":"<!-- This site is optimized with the Yoast SEO plugin v27.3 - https:\/\/yoast.com\/product\/yoast-seo-wordpress\/ -->\n<title>EllagiSol\u2122 (acide ellagique) - NATURAL POLAND - Distributeur de mati\u00e8res premi\u00e8res en gros<\/title>\n<meta name=\"description\" content=\"L&#039;acide ellagique favorise la sant\u00e9 du syst\u00e8me immunitaire, la fonction neurologique, la sant\u00e9 cardiaque, les propri\u00e9t\u00e9s anti-inflammatoires et de nombreux autres aspects de la sant\u00e9.\" \/>\n<meta name=\"robots\" content=\"index, follow, max-snippet:-1, max-image-preview:large, max-video-preview:-1\" \/>\n<link rel=\"canonical\" href=\"https:\/\/naturalpoland.com\/fr\/produkty\/produits-pour-les-industries-pharmaceutiques-et-medicales\/additifs-de-complements-alimentaires\/ellagisol-lsme-elagic-acid\/\" \/>\n<meta property=\"og:locale\" content=\"fr_FR\" \/>\n<meta property=\"og:type\" content=\"article\" \/>\n<meta property=\"og:title\" content=\"EllagiSol\u2122 (acide ellagique) - NATURAL POLAND - Distributeur de mati\u00e8res premi\u00e8res en gros\" \/>\n<meta property=\"og:description\" content=\"L&#039;acide ellagique favorise la sant\u00e9 du syst\u00e8me immunitaire, la fonction neurologique, la sant\u00e9 cardiaque, les propri\u00e9t\u00e9s anti-inflammatoires et de nombreux autres aspects de la sant\u00e9.\" \/>\n<meta property=\"og:url\" content=\"https:\/\/naturalpoland.com\/fr\/produkty\/produits-pour-les-industries-pharmaceutiques-et-medicales\/additifs-de-complements-alimentaires\/ellagisol-lsme-elagic-acid\/\" \/>\n<meta property=\"og:site_name\" content=\"NATURAL POLAND - Distributeur de mati\u00e8res premi\u00e8res en gros\" \/>\n<meta property=\"article:publisher\" content=\"https:\/\/www.facebook.com\/naturalpoland.b2b\" \/>\n<meta property=\"og:image\" content=\"https:\/\/naturalpoland.com\/wp-content\/uploads\/kwas-elagowy-1.webp\" \/>\n\t<meta property=\"og:image:width\" content=\"614\" \/>\n\t<meta property=\"og:image:height\" content=\"614\" \/>\n\t<meta property=\"og:image:type\" content=\"image\/webp\" \/>\n<script type=\"application\/ld+json\" class=\"yoast-schema-graph\">{\"@context\":\"https:\\\/\\\/schema.org\",\"@graph\":[{\"@type\":\"WebPage\",\"@id\":\"https:\\\/\\\/naturalpoland.com\\\/fr\\\/produkty\\\/produits-pour-les-industries-pharmaceutiques-et-medicales\\\/additifs-de-complements-alimentaires\\\/ellagisol-lsme-elagic-acid\\\/\",\"url\":\"https:\\\/\\\/naturalpoland.com\\\/fr\\\/produkty\\\/produits-pour-les-industries-pharmaceutiques-et-medicales\\\/additifs-de-complements-alimentaires\\\/ellagisol-lsme-elagic-acid\\\/\",\"name\":\"EllagiSol\u2122 (acide ellagique) - NATURAL POLAND - Distributeur de mati\u00e8res premi\u00e8res en gros\",\"isPartOf\":{\"@id\":\"https:\\\/\\\/naturalpoland.com\\\/fr\\\/#website\"},\"primaryImageOfPage\":{\"@id\":\"https:\\\/\\\/naturalpoland.com\\\/fr\\\/produkty\\\/produits-pour-les-industries-pharmaceutiques-et-medicales\\\/additifs-de-complements-alimentaires\\\/ellagisol-lsme-elagic-acid\\\/#primaryimage\"},\"image\":{\"@id\":\"https:\\\/\\\/naturalpoland.com\\\/fr\\\/produkty\\\/produits-pour-les-industries-pharmaceutiques-et-medicales\\\/additifs-de-complements-alimentaires\\\/ellagisol-lsme-elagic-acid\\\/#primaryimage\"},\"thumbnailUrl\":\"https:\\\/\\\/naturalpoland.com\\\/wp-content\\\/uploads\\\/kwas-elagowy-1.webp\",\"datePublished\":\"2024-07-17T09:57:58+00:00\",\"description\":\"L'acide ellagique favorise la sant\u00e9 du syst\u00e8me immunitaire, la fonction neurologique, la sant\u00e9 cardiaque, les propri\u00e9t\u00e9s anti-inflammatoires et de nombreux autres aspects de la sant\u00e9.\",\"breadcrumb\":{\"@id\":\"https:\\\/\\\/naturalpoland.com\\\/fr\\\/produkty\\\/produits-pour-les-industries-pharmaceutiques-et-medicales\\\/additifs-de-complements-alimentaires\\\/ellagisol-lsme-elagic-acid\\\/#breadcrumb\"},\"inLanguage\":\"fr-FR\",\"potentialAction\":[{\"@type\":\"ReadAction\",\"target\":[\"https:\\\/\\\/naturalpoland.com\\\/fr\\\/produkty\\\/produits-pour-les-industries-pharmaceutiques-et-medicales\\\/additifs-de-complements-alimentaires\\\/ellagisol-lsme-elagic-acid\\\/\"]}]},{\"@type\":\"ImageObject\",\"inLanguage\":\"fr-FR\",\"@id\":\"https:\\\/\\\/naturalpoland.com\\\/fr\\\/produkty\\\/produits-pour-les-industries-pharmaceutiques-et-medicales\\\/additifs-de-complements-alimentaires\\\/ellagisol-lsme-elagic-acid\\\/#primaryimage\",\"url\":\"https:\\\/\\\/naturalpoland.com\\\/wp-content\\\/uploads\\\/kwas-elagowy-1.webp\",\"contentUrl\":\"https:\\\/\\\/naturalpoland.com\\\/wp-content\\\/uploads\\\/kwas-elagowy-1.webp\",\"width\":614,\"height\":614,\"caption\":\"kwas elagowy w formie be\u017cowego proszku\"},{\"@type\":\"BreadcrumbList\",\"@id\":\"https:\\\/\\\/naturalpoland.com\\\/fr\\\/produkty\\\/produits-pour-les-industries-pharmaceutiques-et-medicales\\\/additifs-de-complements-alimentaires\\\/ellagisol-lsme-elagic-acid\\\/#breadcrumb\",\"itemListElement\":[{\"@type\":\"ListItem\",\"position\":1,\"name\":\"Accueil\",\"item\":\"https:\\\/\\\/naturalpoland.com\\\/fr\\\/\"},{\"@type\":\"ListItem\",\"position\":2,\"name\":\"Produits\",\"item\":\"https:\\\/\\\/naturalpoland.com\\\/fr\\\/produits\\\/\"},{\"@type\":\"ListItem\",\"position\":3,\"name\":\"EllagiSol\u2122 (acide ellagique)\"}]},{\"@type\":\"WebSite\",\"@id\":\"https:\\\/\\\/naturalpoland.com\\\/fr\\\/#website\",\"url\":\"https:\\\/\\\/naturalpoland.com\\\/fr\\\/\",\"name\":\"NATURAL POLAND - Distributeur de mati\u00e8res premi\u00e8res en gros\",\"description\":\"Surowce dla przemys\u0142u spo\u017cywczego, kosmetycznego i farmaceutycznego\",\"publisher\":{\"@id\":\"https:\\\/\\\/naturalpoland.com\\\/fr\\\/#organization\"},\"potentialAction\":[{\"@type\":\"SearchAction\",\"target\":{\"@type\":\"EntryPoint\",\"urlTemplate\":\"https:\\\/\\\/naturalpoland.com\\\/fr\\\/?s={search_term_string}\"},\"query-input\":{\"@type\":\"PropertyValueSpecification\",\"valueRequired\":true,\"valueName\":\"search_term_string\"}}],\"inLanguage\":\"fr-FR\"},{\"@type\":\"Organization\",\"@id\":\"https:\\\/\\\/naturalpoland.com\\\/fr\\\/#organization\",\"name\":\"Natural Poland\",\"url\":\"https:\\\/\\\/naturalpoland.com\\\/fr\\\/\",\"logo\":{\"@type\":\"ImageObject\",\"inLanguage\":\"fr-FR\",\"@id\":\"https:\\\/\\\/naturalpoland.com\\\/fr\\\/#\\\/schema\\\/logo\\\/image\\\/\",\"url\":\"https:\\\/\\\/naturalpoland.com\\\/wp-content\\\/uploads\\\/2021\\\/05\\\/natural-poland-icon.png\",\"contentUrl\":\"https:\\\/\\\/naturalpoland.com\\\/wp-content\\\/uploads\\\/2021\\\/05\\\/natural-poland-icon.png\",\"width\":512,\"height\":512,\"caption\":\"Natural Poland\"},\"image\":{\"@id\":\"https:\\\/\\\/naturalpoland.com\\\/fr\\\/#\\\/schema\\\/logo\\\/image\\\/\"},\"sameAs\":[\"https:\\\/\\\/www.facebook.com\\\/naturalpoland.b2b\",\"https:\\\/\\\/pl.linkedin.com\\\/company\\\/natural-poland\",\"https:\\\/\\\/www.youtube.com\\\/channel\\\/UCgeGGkvOMahZo-xu_MSEWxg\"]}]}<\/script>\n<!-- \/ Yoast SEO plugin. -->","yoast_head_json":{"title":"EllagiSol\u2122 (acide ellagique) - NATURAL POLAND - Distributeur de mati\u00e8res premi\u00e8res en gros","description":"L'acide ellagique favorise la sant\u00e9 du syst\u00e8me immunitaire, la fonction neurologique, la sant\u00e9 cardiaque, les propri\u00e9t\u00e9s anti-inflammatoires et de nombreux autres aspects de la sant\u00e9.","robots":{"index":"index","follow":"follow","max-snippet":"max-snippet:-1","max-image-preview":"max-image-preview:large","max-video-preview":"max-video-preview:-1"},"canonical":"https:\/\/naturalpoland.com\/fr\/produkty\/produits-pour-les-industries-pharmaceutiques-et-medicales\/additifs-de-complements-alimentaires\/ellagisol-lsme-elagic-acid\/","og_locale":"fr_FR","og_type":"article","og_title":"EllagiSol\u2122 (acide ellagique) - NATURAL POLAND - Distributeur de mati\u00e8res premi\u00e8res en gros","og_description":"L'acide ellagique favorise la sant\u00e9 du syst\u00e8me immunitaire, la fonction neurologique, la sant\u00e9 cardiaque, les propri\u00e9t\u00e9s anti-inflammatoires et de nombreux autres aspects de la sant\u00e9.","og_url":"https:\/\/naturalpoland.com\/fr\/produkty\/produits-pour-les-industries-pharmaceutiques-et-medicales\/additifs-de-complements-alimentaires\/ellagisol-lsme-elagic-acid\/","og_site_name":"NATURAL POLAND - Distributeur de mati\u00e8res premi\u00e8res en gros","article_publisher":"https:\/\/www.facebook.com\/naturalpoland.b2b","og_image":[{"width":614,"height":614,"url":"https:\/\/naturalpoland.com\/wp-content\/uploads\/kwas-elagowy-1.webp","type":"image\/webp"}],"schema":{"@context":"https:\/\/schema.org","@graph":[{"@type":"WebPage","@id":"https:\/\/naturalpoland.com\/fr\/produkty\/produits-pour-les-industries-pharmaceutiques-et-medicales\/additifs-de-complements-alimentaires\/ellagisol-lsme-elagic-acid\/","url":"https:\/\/naturalpoland.com\/fr\/produkty\/produits-pour-les-industries-pharmaceutiques-et-medicales\/additifs-de-complements-alimentaires\/ellagisol-lsme-elagic-acid\/","name":"EllagiSol\u2122 (acide ellagique) - NATURAL POLAND - Distributeur de mati\u00e8res premi\u00e8res en gros","isPartOf":{"@id":"https:\/\/naturalpoland.com\/fr\/#website"},"primaryImageOfPage":{"@id":"https:\/\/naturalpoland.com\/fr\/produkty\/produits-pour-les-industries-pharmaceutiques-et-medicales\/additifs-de-complements-alimentaires\/ellagisol-lsme-elagic-acid\/#primaryimage"},"image":{"@id":"https:\/\/naturalpoland.com\/fr\/produkty\/produits-pour-les-industries-pharmaceutiques-et-medicales\/additifs-de-complements-alimentaires\/ellagisol-lsme-elagic-acid\/#primaryimage"},"thumbnailUrl":"https:\/\/naturalpoland.com\/wp-content\/uploads\/kwas-elagowy-1.webp","datePublished":"2024-07-17T09:57:58+00:00","description":"L'acide ellagique favorise la sant\u00e9 du syst\u00e8me immunitaire, la fonction neurologique, la sant\u00e9 cardiaque, les propri\u00e9t\u00e9s anti-inflammatoires et de nombreux autres aspects de la sant\u00e9.","breadcrumb":{"@id":"https:\/\/naturalpoland.com\/fr\/produkty\/produits-pour-les-industries-pharmaceutiques-et-medicales\/additifs-de-complements-alimentaires\/ellagisol-lsme-elagic-acid\/#breadcrumb"},"inLanguage":"fr-FR","potentialAction":[{"@type":"ReadAction","target":["https:\/\/naturalpoland.com\/fr\/produkty\/produits-pour-les-industries-pharmaceutiques-et-medicales\/additifs-de-complements-alimentaires\/ellagisol-lsme-elagic-acid\/"]}]},{"@type":"ImageObject","inLanguage":"fr-FR","@id":"https:\/\/naturalpoland.com\/fr\/produkty\/produits-pour-les-industries-pharmaceutiques-et-medicales\/additifs-de-complements-alimentaires\/ellagisol-lsme-elagic-acid\/#primaryimage","url":"https:\/\/naturalpoland.com\/wp-content\/uploads\/kwas-elagowy-1.webp","contentUrl":"https:\/\/naturalpoland.com\/wp-content\/uploads\/kwas-elagowy-1.webp","width":614,"height":614,"caption":"kwas elagowy w formie be\u017cowego proszku"},{"@type":"BreadcrumbList","@id":"https:\/\/naturalpoland.com\/fr\/produkty\/produits-pour-les-industries-pharmaceutiques-et-medicales\/additifs-de-complements-alimentaires\/ellagisol-lsme-elagic-acid\/#breadcrumb","itemListElement":[{"@type":"ListItem","position":1,"name":"Accueil","item":"https:\/\/naturalpoland.com\/fr\/"},{"@type":"ListItem","position":2,"name":"Produits","item":"https:\/\/naturalpoland.com\/fr\/produits\/"},{"@type":"ListItem","position":3,"name":"EllagiSol\u2122 (acide ellagique)"}]},{"@type":"WebSite","@id":"https:\/\/naturalpoland.com\/fr\/#website","url":"https:\/\/naturalpoland.com\/fr\/","name":"NATURAL POLAND - Distributeur de mati\u00e8res premi\u00e8res en gros","description":"Surowce dla przemys\u0142u spo\u017cywczego, kosmetycznego i farmaceutycznego","publisher":{"@id":"https:\/\/naturalpoland.com\/fr\/#organization"},"potentialAction":[{"@type":"SearchAction","target":{"@type":"EntryPoint","urlTemplate":"https:\/\/naturalpoland.com\/fr\/?s={search_term_string}"},"query-input":{"@type":"PropertyValueSpecification","valueRequired":true,"valueName":"search_term_string"}}],"inLanguage":"fr-FR"},{"@type":"Organization","@id":"https:\/\/naturalpoland.com\/fr\/#organization","name":"Natural Poland","url":"https:\/\/naturalpoland.com\/fr\/","logo":{"@type":"ImageObject","inLanguage":"fr-FR","@id":"https:\/\/naturalpoland.com\/fr\/#\/schema\/logo\/image\/","url":"https:\/\/naturalpoland.com\/wp-content\/uploads\/2021\/05\/natural-poland-icon.png","contentUrl":"https:\/\/naturalpoland.com\/wp-content\/uploads\/2021\/05\/natural-poland-icon.png","width":512,"height":512,"caption":"Natural Poland"},"image":{"@id":"https:\/\/naturalpoland.com\/fr\/#\/schema\/logo\/image\/"},"sameAs":["https:\/\/www.facebook.com\/naturalpoland.b2b","https:\/\/pl.linkedin.com\/company\/natural-poland","https:\/\/www.youtube.com\/channel\/UCgeGGkvOMahZo-xu_MSEWxg"]}]}},"_links":{"self":[{"href":"https:\/\/naturalpoland.com\/fr\/wp-json\/wp\/v2\/product\/33877","targetHints":{"allow":["GET"]}}],"collection":[{"href":"https:\/\/naturalpoland.com\/fr\/wp-json\/wp\/v2\/product"}],"about":[{"href":"https:\/\/naturalpoland.com\/fr\/wp-json\/wp\/v2\/types\/product"}],"wp:featuredmedia":[{"embeddable":true,"href":"https:\/\/naturalpoland.com\/fr\/wp-json\/wp\/v2\/media\/33189"}],"wp:attachment":[{"href":"https:\/\/naturalpoland.com\/fr\/wp-json\/wp\/v2\/media?parent=33877"}],"wp:term":[{"taxonomy":"product_brand","embeddable":true,"href":"https:\/\/naturalpoland.com\/fr\/wp-json\/wp\/v2\/product_brand?post=33877"},{"taxonomy":"product_cat","embeddable":true,"href":"https:\/\/naturalpoland.com\/fr\/wp-json\/wp\/v2\/product_cat?post=33877"},{"taxonomy":"product_tag","embeddable":true,"href":"https:\/\/naturalpoland.com\/fr\/wp-json\/wp\/v2\/product_tag?post=33877"}],"curies":[{"name":"wp","href":"https:\/\/api.w.org\/{rel}","templated":true}]}}