{"id":33889,"date":"2024-07-04T13:08:12","date_gmt":"2024-07-17T09:58:20","guid":{"rendered":"https:\/\/naturalpoland.com\/produkty\/non class\u00e9\/supra-lsme-quercetin-niacinamide\/"},"modified":"2024-07-17T11:58:20","modified_gmt":"2024-07-17T09:58:20","slug":"supra-lsme-quercetin-niacinamide","status":"publish","type":"product","link":"https:\/\/naturalpoland.com\/fr\/produkty\/produits-pour-les-industries-pharmaceutiques-et-medicales\/additifs-de-complements-alimentaires\/supra-lsme-quercetin-niacinamide\/","title":{"rendered":"NADPro\u2122 (Querc\u00e9tine, Niacinamide)"},"content":{"rendered":"<h2>Avantages de la technologie BioSNEDS\u2122<\/h2>\n<ul>\n<li>NADPro\u2122 est 44 fois plus biodisponible par rapport \u00e0 la querc\u00e9tine classique, ce qui signifie que les 12 mg de querc\u00e9tine\/niacinamide active contenus dans BioSNEDS\u2122 sont bio\u00e9quivalents \u00e0 500 mg de querc\u00e9tine classique.<\/li>\n<li>Plus de doses par kilogramme &#8211; 8 333 doses par kilogramme contre 1 940 doses de querc\u00e9tine classique.<\/li>\n<li>Disponible sous forme de poudres et d&rsquo;\u00e9mulsions avec un go\u00fbt neutre et sans odeur.<\/li>\n<\/ul>\n<h2>Avantages pour la sant\u00e9<\/h2>\n<ul>\n<li>Augmente les niveaux de NAD+ dans le corps, ce qui est crucial pour la production d&rsquo;\u00e9nergie cellulaire.<\/li>\n<li>Favorise la sant\u00e9 du cerveau et la fonction neurologique.<\/li>\n<li>Favorise la sant\u00e9 cardiovasculaire.<\/li>\n<li>Aide \u00e0 augmenter les niveaux d&rsquo;\u00e9nergie et d&rsquo;endurance.<\/li>\n<li>Renforce la fonction immunitaire de l&rsquo;organisme.<\/li>\n<li>Soutient les fonctions anti-\u00e2ge en am\u00e9liorant la synth\u00e8se du NAD+ et en optimisant l&rsquo;activit\u00e9 des sirtuines.<\/li>\n<\/ul>\n<h2>Application :<\/h2>\n<p>Compl\u00e9ments alimentaires, aliments fonctionnels, cosm\u00e9tiques topiques, nutrition animale.<\/p>\n","protected":false},"excerpt":{"rendered":"<p><strong>NADPro\u2122 <\/strong>est un produit avanc\u00e9 utilisant la technologie BioSNEDS\u2122 qui augmente de mani\u00e8re significative la biodisponibilit\u00e9 de la querc\u00e9tine et du niacinamide, des ingr\u00e9dients cl\u00e9s pour soutenir les niveaux de NAD+ dans l&rsquo;organisme, ce qui est important pour la fonction \u00e9nerg\u00e9tique, le soutien neurologique et la lutte contre le vieillissement.<\/p>\n","protected":false},"featured_media":33202,"template":"","meta":[],"product_brand":[],"product_cat":[1300],"product_tag":[],"class_list":{"0":"post-33889","1":"product","2":"type-product","3":"status-publish","4":"has-post-thumbnail","6":"product_cat-additifs-de-complements-alimentaires","7":"pa_grupa-substancji-produits-nutraceutiques","8":"pa_technologia-technologie-biosneds-fr","10":"first","11":"instock","12":"shipping-taxable","13":"product-type-simple"},"yoast_head":"<!-- This site is optimized with the Yoast SEO plugin v27.3 - https:\/\/yoast.com\/product\/yoast-seo-wordpress\/ -->\n<title>NADPro\u2122 (Querc\u00e9tine, Niacinamide) - NATURAL POLAND - Distributeur de mati\u00e8res premi\u00e8res en gros<\/title>\n<meta name=\"description\" content=\"NADPro\u2122 est un produit avanc\u00e9 bas\u00e9 sur la technologie BioSNEDS\u2122, offrant une biodisponibilit\u00e9 plus \u00e9lev\u00e9e, une plus grande efficacit\u00e9 et une application plus large.\" \/>\n<meta name=\"robots\" content=\"index, follow, max-snippet:-1, max-image-preview:large, max-video-preview:-1\" \/>\n<link rel=\"canonical\" href=\"https:\/\/naturalpoland.com\/fr\/produkty\/produits-pour-les-industries-pharmaceutiques-et-medicales\/additifs-de-complements-alimentaires\/supra-lsme-quercetin-niacinamide\/\" \/>\n<meta property=\"og:locale\" content=\"fr_FR\" \/>\n<meta property=\"og:type\" content=\"article\" \/>\n<meta property=\"og:title\" content=\"NADPro\u2122 (Querc\u00e9tine, Niacinamide) - NATURAL POLAND - Distributeur de mati\u00e8res premi\u00e8res en gros\" \/>\n<meta property=\"og:description\" content=\"NADPro\u2122 est un produit avanc\u00e9 bas\u00e9 sur la technologie BioSNEDS\u2122, offrant une biodisponibilit\u00e9 plus \u00e9lev\u00e9e, une plus grande efficacit\u00e9 et une application plus large.\" \/>\n<meta property=\"og:url\" content=\"https:\/\/naturalpoland.com\/fr\/produkty\/produits-pour-les-industries-pharmaceutiques-et-medicales\/additifs-de-complements-alimentaires\/supra-lsme-quercetin-niacinamide\/\" \/>\n<meta property=\"og:site_name\" content=\"NATURAL POLAND - Distributeur de mati\u00e8res premi\u00e8res en gros\" \/>\n<meta property=\"article:publisher\" content=\"https:\/\/www.facebook.com\/naturalpoland.b2b\" \/>\n<meta property=\"og:image\" content=\"https:\/\/naturalpoland.com\/wp-content\/uploads\/kwercetyna-niacynamid.webp\" \/>\n\t<meta property=\"og:image:width\" content=\"614\" \/>\n\t<meta property=\"og:image:height\" content=\"614\" \/>\n\t<meta property=\"og:image:type\" content=\"image\/webp\" \/>\n<script type=\"application\/ld+json\" class=\"yoast-schema-graph\">{\"@context\":\"https:\\\/\\\/schema.org\",\"@graph\":[{\"@type\":\"WebPage\",\"@id\":\"https:\\\/\\\/naturalpoland.com\\\/fr\\\/produkty\\\/produits-pour-les-industries-pharmaceutiques-et-medicales\\\/additifs-de-complements-alimentaires\\\/supra-lsme-quercetin-niacinamide\\\/\",\"url\":\"https:\\\/\\\/naturalpoland.com\\\/fr\\\/produkty\\\/produits-pour-les-industries-pharmaceutiques-et-medicales\\\/additifs-de-complements-alimentaires\\\/supra-lsme-quercetin-niacinamide\\\/\",\"name\":\"NADPro\u2122 (Querc\u00e9tine, Niacinamide) - NATURAL POLAND - Distributeur de mati\u00e8res premi\u00e8res en gros\",\"isPartOf\":{\"@id\":\"https:\\\/\\\/naturalpoland.com\\\/fr\\\/#website\"},\"primaryImageOfPage\":{\"@id\":\"https:\\\/\\\/naturalpoland.com\\\/fr\\\/produkty\\\/produits-pour-les-industries-pharmaceutiques-et-medicales\\\/additifs-de-complements-alimentaires\\\/supra-lsme-quercetin-niacinamide\\\/#primaryimage\"},\"image\":{\"@id\":\"https:\\\/\\\/naturalpoland.com\\\/fr\\\/produkty\\\/produits-pour-les-industries-pharmaceutiques-et-medicales\\\/additifs-de-complements-alimentaires\\\/supra-lsme-quercetin-niacinamide\\\/#primaryimage\"},\"thumbnailUrl\":\"https:\\\/\\\/naturalpoland.com\\\/wp-content\\\/uploads\\\/kwercetyna-niacynamid.webp\",\"datePublished\":\"2024-07-17T09:58:20+00:00\",\"description\":\"NADPro\u2122 est un produit avanc\u00e9 bas\u00e9 sur la technologie BioSNEDS\u2122, offrant une biodisponibilit\u00e9 plus \u00e9lev\u00e9e, une plus grande efficacit\u00e9 et une application plus large.\",\"breadcrumb\":{\"@id\":\"https:\\\/\\\/naturalpoland.com\\\/fr\\\/produkty\\\/produits-pour-les-industries-pharmaceutiques-et-medicales\\\/additifs-de-complements-alimentaires\\\/supra-lsme-quercetin-niacinamide\\\/#breadcrumb\"},\"inLanguage\":\"fr-FR\",\"potentialAction\":[{\"@type\":\"ReadAction\",\"target\":[\"https:\\\/\\\/naturalpoland.com\\\/fr\\\/produkty\\\/produits-pour-les-industries-pharmaceutiques-et-medicales\\\/additifs-de-complements-alimentaires\\\/supra-lsme-quercetin-niacinamide\\\/\"]}]},{\"@type\":\"ImageObject\",\"inLanguage\":\"fr-FR\",\"@id\":\"https:\\\/\\\/naturalpoland.com\\\/fr\\\/produkty\\\/produits-pour-les-industries-pharmaceutiques-et-medicales\\\/additifs-de-complements-alimentaires\\\/supra-lsme-quercetin-niacinamide\\\/#primaryimage\",\"url\":\"https:\\\/\\\/naturalpoland.com\\\/wp-content\\\/uploads\\\/kwercetyna-niacynamid.webp\",\"contentUrl\":\"https:\\\/\\\/naturalpoland.com\\\/wp-content\\\/uploads\\\/kwercetyna-niacynamid.webp\",\"width\":614,\"height\":614,\"caption\":\"Kwercetyna, Niacynamid\"},{\"@type\":\"BreadcrumbList\",\"@id\":\"https:\\\/\\\/naturalpoland.com\\\/fr\\\/produkty\\\/produits-pour-les-industries-pharmaceutiques-et-medicales\\\/additifs-de-complements-alimentaires\\\/supra-lsme-quercetin-niacinamide\\\/#breadcrumb\",\"itemListElement\":[{\"@type\":\"ListItem\",\"position\":1,\"name\":\"Accueil\",\"item\":\"https:\\\/\\\/naturalpoland.com\\\/fr\\\/\"},{\"@type\":\"ListItem\",\"position\":2,\"name\":\"Produits\",\"item\":\"https:\\\/\\\/naturalpoland.com\\\/fr\\\/produits\\\/\"},{\"@type\":\"ListItem\",\"position\":3,\"name\":\"NADPro\u2122 (Querc\u00e9tine, Niacinamide)\"}]},{\"@type\":\"WebSite\",\"@id\":\"https:\\\/\\\/naturalpoland.com\\\/fr\\\/#website\",\"url\":\"https:\\\/\\\/naturalpoland.com\\\/fr\\\/\",\"name\":\"NATURAL POLAND - Distributeur de mati\u00e8res premi\u00e8res en gros\",\"description\":\"Surowce dla przemys\u0142u spo\u017cywczego, kosmetycznego i farmaceutycznego\",\"publisher\":{\"@id\":\"https:\\\/\\\/naturalpoland.com\\\/fr\\\/#organization\"},\"potentialAction\":[{\"@type\":\"SearchAction\",\"target\":{\"@type\":\"EntryPoint\",\"urlTemplate\":\"https:\\\/\\\/naturalpoland.com\\\/fr\\\/?s={search_term_string}\"},\"query-input\":{\"@type\":\"PropertyValueSpecification\",\"valueRequired\":true,\"valueName\":\"search_term_string\"}}],\"inLanguage\":\"fr-FR\"},{\"@type\":\"Organization\",\"@id\":\"https:\\\/\\\/naturalpoland.com\\\/fr\\\/#organization\",\"name\":\"Natural Poland\",\"url\":\"https:\\\/\\\/naturalpoland.com\\\/fr\\\/\",\"logo\":{\"@type\":\"ImageObject\",\"inLanguage\":\"fr-FR\",\"@id\":\"https:\\\/\\\/naturalpoland.com\\\/fr\\\/#\\\/schema\\\/logo\\\/image\\\/\",\"url\":\"https:\\\/\\\/naturalpoland.com\\\/wp-content\\\/uploads\\\/2021\\\/05\\\/natural-poland-icon.png\",\"contentUrl\":\"https:\\\/\\\/naturalpoland.com\\\/wp-content\\\/uploads\\\/2021\\\/05\\\/natural-poland-icon.png\",\"width\":512,\"height\":512,\"caption\":\"Natural Poland\"},\"image\":{\"@id\":\"https:\\\/\\\/naturalpoland.com\\\/fr\\\/#\\\/schema\\\/logo\\\/image\\\/\"},\"sameAs\":[\"https:\\\/\\\/www.facebook.com\\\/naturalpoland.b2b\",\"https:\\\/\\\/pl.linkedin.com\\\/company\\\/natural-poland\",\"https:\\\/\\\/www.youtube.com\\\/channel\\\/UCgeGGkvOMahZo-xu_MSEWxg\"]}]}<\/script>\n<!-- \/ Yoast SEO plugin. -->","yoast_head_json":{"title":"NADPro\u2122 (Querc\u00e9tine, Niacinamide) - NATURAL POLAND - Distributeur de mati\u00e8res premi\u00e8res en gros","description":"NADPro\u2122 est un produit avanc\u00e9 bas\u00e9 sur la technologie BioSNEDS\u2122, offrant une biodisponibilit\u00e9 plus \u00e9lev\u00e9e, une plus grande efficacit\u00e9 et une application plus large.","robots":{"index":"index","follow":"follow","max-snippet":"max-snippet:-1","max-image-preview":"max-image-preview:large","max-video-preview":"max-video-preview:-1"},"canonical":"https:\/\/naturalpoland.com\/fr\/produkty\/produits-pour-les-industries-pharmaceutiques-et-medicales\/additifs-de-complements-alimentaires\/supra-lsme-quercetin-niacinamide\/","og_locale":"fr_FR","og_type":"article","og_title":"NADPro\u2122 (Querc\u00e9tine, Niacinamide) - NATURAL POLAND - Distributeur de mati\u00e8res premi\u00e8res en gros","og_description":"NADPro\u2122 est un produit avanc\u00e9 bas\u00e9 sur la technologie BioSNEDS\u2122, offrant une biodisponibilit\u00e9 plus \u00e9lev\u00e9e, une plus grande efficacit\u00e9 et une application plus large.","og_url":"https:\/\/naturalpoland.com\/fr\/produkty\/produits-pour-les-industries-pharmaceutiques-et-medicales\/additifs-de-complements-alimentaires\/supra-lsme-quercetin-niacinamide\/","og_site_name":"NATURAL POLAND - Distributeur de mati\u00e8res premi\u00e8res en gros","article_publisher":"https:\/\/www.facebook.com\/naturalpoland.b2b","og_image":[{"width":614,"height":614,"url":"https:\/\/naturalpoland.com\/wp-content\/uploads\/kwercetyna-niacynamid.webp","type":"image\/webp"}],"schema":{"@context":"https:\/\/schema.org","@graph":[{"@type":"WebPage","@id":"https:\/\/naturalpoland.com\/fr\/produkty\/produits-pour-les-industries-pharmaceutiques-et-medicales\/additifs-de-complements-alimentaires\/supra-lsme-quercetin-niacinamide\/","url":"https:\/\/naturalpoland.com\/fr\/produkty\/produits-pour-les-industries-pharmaceutiques-et-medicales\/additifs-de-complements-alimentaires\/supra-lsme-quercetin-niacinamide\/","name":"NADPro\u2122 (Querc\u00e9tine, Niacinamide) - NATURAL POLAND - Distributeur de mati\u00e8res premi\u00e8res en gros","isPartOf":{"@id":"https:\/\/naturalpoland.com\/fr\/#website"},"primaryImageOfPage":{"@id":"https:\/\/naturalpoland.com\/fr\/produkty\/produits-pour-les-industries-pharmaceutiques-et-medicales\/additifs-de-complements-alimentaires\/supra-lsme-quercetin-niacinamide\/#primaryimage"},"image":{"@id":"https:\/\/naturalpoland.com\/fr\/produkty\/produits-pour-les-industries-pharmaceutiques-et-medicales\/additifs-de-complements-alimentaires\/supra-lsme-quercetin-niacinamide\/#primaryimage"},"thumbnailUrl":"https:\/\/naturalpoland.com\/wp-content\/uploads\/kwercetyna-niacynamid.webp","datePublished":"2024-07-17T09:58:20+00:00","description":"NADPro\u2122 est un produit avanc\u00e9 bas\u00e9 sur la technologie BioSNEDS\u2122, offrant une biodisponibilit\u00e9 plus \u00e9lev\u00e9e, une plus grande efficacit\u00e9 et une application plus large.","breadcrumb":{"@id":"https:\/\/naturalpoland.com\/fr\/produkty\/produits-pour-les-industries-pharmaceutiques-et-medicales\/additifs-de-complements-alimentaires\/supra-lsme-quercetin-niacinamide\/#breadcrumb"},"inLanguage":"fr-FR","potentialAction":[{"@type":"ReadAction","target":["https:\/\/naturalpoland.com\/fr\/produkty\/produits-pour-les-industries-pharmaceutiques-et-medicales\/additifs-de-complements-alimentaires\/supra-lsme-quercetin-niacinamide\/"]}]},{"@type":"ImageObject","inLanguage":"fr-FR","@id":"https:\/\/naturalpoland.com\/fr\/produkty\/produits-pour-les-industries-pharmaceutiques-et-medicales\/additifs-de-complements-alimentaires\/supra-lsme-quercetin-niacinamide\/#primaryimage","url":"https:\/\/naturalpoland.com\/wp-content\/uploads\/kwercetyna-niacynamid.webp","contentUrl":"https:\/\/naturalpoland.com\/wp-content\/uploads\/kwercetyna-niacynamid.webp","width":614,"height":614,"caption":"Kwercetyna, Niacynamid"},{"@type":"BreadcrumbList","@id":"https:\/\/naturalpoland.com\/fr\/produkty\/produits-pour-les-industries-pharmaceutiques-et-medicales\/additifs-de-complements-alimentaires\/supra-lsme-quercetin-niacinamide\/#breadcrumb","itemListElement":[{"@type":"ListItem","position":1,"name":"Accueil","item":"https:\/\/naturalpoland.com\/fr\/"},{"@type":"ListItem","position":2,"name":"Produits","item":"https:\/\/naturalpoland.com\/fr\/produits\/"},{"@type":"ListItem","position":3,"name":"NADPro\u2122 (Querc\u00e9tine, Niacinamide)"}]},{"@type":"WebSite","@id":"https:\/\/naturalpoland.com\/fr\/#website","url":"https:\/\/naturalpoland.com\/fr\/","name":"NATURAL POLAND - Distributeur de mati\u00e8res premi\u00e8res en gros","description":"Surowce dla przemys\u0142u spo\u017cywczego, kosmetycznego i farmaceutycznego","publisher":{"@id":"https:\/\/naturalpoland.com\/fr\/#organization"},"potentialAction":[{"@type":"SearchAction","target":{"@type":"EntryPoint","urlTemplate":"https:\/\/naturalpoland.com\/fr\/?s={search_term_string}"},"query-input":{"@type":"PropertyValueSpecification","valueRequired":true,"valueName":"search_term_string"}}],"inLanguage":"fr-FR"},{"@type":"Organization","@id":"https:\/\/naturalpoland.com\/fr\/#organization","name":"Natural Poland","url":"https:\/\/naturalpoland.com\/fr\/","logo":{"@type":"ImageObject","inLanguage":"fr-FR","@id":"https:\/\/naturalpoland.com\/fr\/#\/schema\/logo\/image\/","url":"https:\/\/naturalpoland.com\/wp-content\/uploads\/2021\/05\/natural-poland-icon.png","contentUrl":"https:\/\/naturalpoland.com\/wp-content\/uploads\/2021\/05\/natural-poland-icon.png","width":512,"height":512,"caption":"Natural Poland"},"image":{"@id":"https:\/\/naturalpoland.com\/fr\/#\/schema\/logo\/image\/"},"sameAs":["https:\/\/www.facebook.com\/naturalpoland.b2b","https:\/\/pl.linkedin.com\/company\/natural-poland","https:\/\/www.youtube.com\/channel\/UCgeGGkvOMahZo-xu_MSEWxg"]}]}},"_links":{"self":[{"href":"https:\/\/naturalpoland.com\/fr\/wp-json\/wp\/v2\/product\/33889","targetHints":{"allow":["GET"]}}],"collection":[{"href":"https:\/\/naturalpoland.com\/fr\/wp-json\/wp\/v2\/product"}],"about":[{"href":"https:\/\/naturalpoland.com\/fr\/wp-json\/wp\/v2\/types\/product"}],"wp:featuredmedia":[{"embeddable":true,"href":"https:\/\/naturalpoland.com\/fr\/wp-json\/wp\/v2\/media\/33202"}],"wp:attachment":[{"href":"https:\/\/naturalpoland.com\/fr\/wp-json\/wp\/v2\/media?parent=33889"}],"wp:term":[{"taxonomy":"product_brand","embeddable":true,"href":"https:\/\/naturalpoland.com\/fr\/wp-json\/wp\/v2\/product_brand?post=33889"},{"taxonomy":"product_cat","embeddable":true,"href":"https:\/\/naturalpoland.com\/fr\/wp-json\/wp\/v2\/product_cat?post=33889"},{"taxonomy":"product_tag","embeddable":true,"href":"https:\/\/naturalpoland.com\/fr\/wp-json\/wp\/v2\/product_tag?post=33889"}],"curies":[{"name":"wp","href":"https:\/\/api.w.org\/{rel}","templated":true}]}}