{"id":34978,"date":"2024-08-30T11:17:37","date_gmt":"2024-08-30T10:01:49","guid":{"rendered":"https:\/\/naturalpoland.com\/produkty\/non class\u00e9\/riboside-chlorhydrate-de-nicotinamide-nr\/"},"modified":"2024-08-30T12:01:49","modified_gmt":"2024-08-30T10:01:49","slug":"riboside-chlorhydrate-de-nicotinamide-nr","status":"publish","type":"product","link":"https:\/\/naturalpoland.com\/fr\/produkty\/produits-pour-les-industries-pharmaceutiques-et-medicales\/additifs-de-complements-alimentaires\/riboside-chlorhydrate-de-nicotinamide-nr\/","title":{"rendered":"Chlorhydrate de riboside de nicotinamide (NR)"},"content":{"rendered":"<h2>Propri\u00e9t\u00e9s du NR<\/h2>\n<p>  Le chlorhydrate de nicotinamide riboside contribue \u00e0 augmenter les niveaux de NAD+ dans les cellules.<br \/>\nLe NAD+ est une coenzyme cl\u00e9 dans les processus m\u00e9taboliques, responsable de la production d&rsquo;\u00e9nergie, de la r\u00e9paration de l&rsquo;ADN, de la r\u00e9gulation des cycles de sommeil et d&rsquo;\u00e9veil et de la sant\u00e9 du syst\u00e8me nerveux.<br \/>\nPar cons\u00e9quent, le NR est particuli\u00e8rement appr\u00e9ci\u00e9 pour ses propri\u00e9t\u00e9s anti-\u00e2ge, car il favorise la r\u00e9g\u00e9n\u00e9ration cellulaire et am\u00e9liore la fonction mitochondriale.<br \/>\nEn outre, la recherche indique qu&rsquo;une suppl\u00e9mentation en NR peut favoriser la sant\u00e9 cardiaque, le syst\u00e8me immunitaire et am\u00e9liorer la vitalit\u00e9 g\u00e9n\u00e9rale de l&rsquo;organisme.     <\/p>\n<h2>Application NR<\/h2>\n<p>  Le chlorhydrate de nicotinamide riboside est utilis\u00e9 comme ingr\u00e9dient dans les compl\u00e9ments alimentaires, en particulier ceux qui visent \u00e0 soutenir la sant\u00e9 cellulaire, \u00e0 am\u00e9liorer l&rsquo;\u00e9nergie et \u00e0 soutenir la sant\u00e9 cardiaque et c\u00e9r\u00e9brale.<br \/>\nEt \u00e0 lutter contre les effets du vieillissement.<br \/>\nLe NR est \u00e9galement utilis\u00e9 dans les produits anti-\u00e2ge visant \u00e0 <span style=\"font-size: 14.4px;\">ralentir le processus de vieillissement, \u00e0 am\u00e9liorer l&rsquo;\u00e9lasticit\u00e9 de la peau et \u00e0 favoriser la r\u00e9g\u00e9n\u00e9ration cellulaire.<\/span> En tant que pr\u00e9curseur du NAD+, le NR peut \u00eatre utilis\u00e9 dans des produits visant \u00e0 am\u00e9liorer les niveaux d&rsquo;\u00e9nergie et \u00e0 soutenir les performances physiques et mentales.  <\/p>\n","protected":false},"excerpt":{"rendered":"<p>Le <strong>chlorhydrate de nicotinamide riboside (NR)<\/strong> est une forme de vitamine B3 (niacine).<br \/>\nIl a la capacit\u00e9 d&rsquo;augmenter les niveaux de NAD+ (nicotinamide ad\u00e9nine dinucl\u00e9otide) dans l&rsquo;organisme, am\u00e9liorant ainsi la fonction mitochondriale et augmentant la vitalit\u00e9. <\/p>\n","protected":false},"featured_media":34945,"template":"","meta":{"_acf_changed":false},"product_brand":[],"product_cat":[1300,1302],"product_tag":[],"class_list":{"0":"post-34978","1":"product","2":"type-product","3":"status-publish","4":"has-post-thumbnail","6":"product_cat-additifs-de-complements-alimentaires","7":"product_cat-vitamines","9":"first","10":"instock","11":"shipping-taxable","12":"product-type-simple"},"acf":[],"yoast_head":"<!-- This site is optimized with the Yoast SEO plugin v27.5 - https:\/\/yoast.com\/product\/yoast-seo-wordpress\/ -->\n<title>Chlorhydrate de riboside de nicotinamide (NR) - NATURAL POLAND - Distributeur de mati\u00e8res premi\u00e8res en gros<\/title>\n<meta name=\"description\" content=\"Le chlorhydrate de nicotinamide riboside a la capacit\u00e9 d&#039;augmenter les niveaux de NAD+. C&#039;est un ingr\u00e9dient id\u00e9al pour les compl\u00e9ments alimentaires et les produits anti-\u00e2ge.\" \/>\n<meta name=\"robots\" content=\"index, follow, max-snippet:-1, max-image-preview:large, max-video-preview:-1\" \/>\n<link rel=\"canonical\" href=\"https:\/\/naturalpoland.com\/fr\/produkty\/produits-pour-les-industries-pharmaceutiques-et-medicales\/additifs-de-complements-alimentaires\/riboside-chlorhydrate-de-nicotinamide-nr\/\" \/>\n<meta property=\"og:locale\" content=\"fr_FR\" \/>\n<meta property=\"og:type\" content=\"article\" \/>\n<meta property=\"og:title\" content=\"Chlorhydrate de riboside de nicotinamide (NR) - NATURAL POLAND - Distributeur de mati\u00e8res premi\u00e8res en gros\" \/>\n<meta property=\"og:description\" content=\"Le chlorhydrate de nicotinamide riboside a la capacit\u00e9 d&#039;augmenter les niveaux de NAD+. C&#039;est un ingr\u00e9dient id\u00e9al pour les compl\u00e9ments alimentaires et les produits anti-\u00e2ge.\" \/>\n<meta property=\"og:url\" content=\"https:\/\/naturalpoland.com\/fr\/produkty\/produits-pour-les-industries-pharmaceutiques-et-medicales\/additifs-de-complements-alimentaires\/riboside-chlorhydrate-de-nicotinamide-nr\/\" \/>\n<meta property=\"og:site_name\" content=\"NATURAL POLAND - Distributeur de mati\u00e8res premi\u00e8res en gros\" \/>\n<meta property=\"article:publisher\" content=\"https:\/\/www.facebook.com\/naturalpoland.b2b\" \/>\n<meta property=\"og:image\" content=\"https:\/\/naturalpoland.com\/wp-content\/uploads\/nr.webp\" \/>\n\t<meta property=\"og:image:width\" content=\"618\" \/>\n\t<meta property=\"og:image:height\" content=\"618\" \/>\n\t<meta property=\"og:image:type\" content=\"image\/webp\" \/>\n<script type=\"application\/ld+json\" class=\"yoast-schema-graph\">{\"@context\":\"https:\\\/\\\/schema.org\",\"@graph\":[{\"@type\":\"WebPage\",\"@id\":\"https:\\\/\\\/naturalpoland.com\\\/fr\\\/produkty\\\/produits-pour-les-industries-pharmaceutiques-et-medicales\\\/additifs-de-complements-alimentaires\\\/riboside-chlorhydrate-de-nicotinamide-nr\\\/\",\"url\":\"https:\\\/\\\/naturalpoland.com\\\/fr\\\/produkty\\\/produits-pour-les-industries-pharmaceutiques-et-medicales\\\/additifs-de-complements-alimentaires\\\/riboside-chlorhydrate-de-nicotinamide-nr\\\/\",\"name\":\"Chlorhydrate de riboside de nicotinamide (NR) - NATURAL POLAND - Distributeur de mati\u00e8res premi\u00e8res en gros\",\"isPartOf\":{\"@id\":\"https:\\\/\\\/naturalpoland.com\\\/fr\\\/#website\"},\"primaryImageOfPage\":{\"@id\":\"https:\\\/\\\/naturalpoland.com\\\/fr\\\/produkty\\\/produits-pour-les-industries-pharmaceutiques-et-medicales\\\/additifs-de-complements-alimentaires\\\/riboside-chlorhydrate-de-nicotinamide-nr\\\/#primaryimage\"},\"image\":{\"@id\":\"https:\\\/\\\/naturalpoland.com\\\/fr\\\/produkty\\\/produits-pour-les-industries-pharmaceutiques-et-medicales\\\/additifs-de-complements-alimentaires\\\/riboside-chlorhydrate-de-nicotinamide-nr\\\/#primaryimage\"},\"thumbnailUrl\":\"https:\\\/\\\/naturalpoland.com\\\/wp-content\\\/uploads\\\/nr.webp\",\"datePublished\":\"2024-08-30T10:01:49+00:00\",\"description\":\"Le chlorhydrate de nicotinamide riboside a la capacit\u00e9 d'augmenter les niveaux de NAD+. C'est un ingr\u00e9dient id\u00e9al pour les compl\u00e9ments alimentaires et les produits anti-\u00e2ge.\",\"breadcrumb\":{\"@id\":\"https:\\\/\\\/naturalpoland.com\\\/fr\\\/produkty\\\/produits-pour-les-industries-pharmaceutiques-et-medicales\\\/additifs-de-complements-alimentaires\\\/riboside-chlorhydrate-de-nicotinamide-nr\\\/#breadcrumb\"},\"inLanguage\":\"fr-FR\",\"potentialAction\":[{\"@type\":\"ReadAction\",\"target\":[\"https:\\\/\\\/naturalpoland.com\\\/fr\\\/produkty\\\/produits-pour-les-industries-pharmaceutiques-et-medicales\\\/additifs-de-complements-alimentaires\\\/riboside-chlorhydrate-de-nicotinamide-nr\\\/\"]}]},{\"@type\":\"ImageObject\",\"inLanguage\":\"fr-FR\",\"@id\":\"https:\\\/\\\/naturalpoland.com\\\/fr\\\/produkty\\\/produits-pour-les-industries-pharmaceutiques-et-medicales\\\/additifs-de-complements-alimentaires\\\/riboside-chlorhydrate-de-nicotinamide-nr\\\/#primaryimage\",\"url\":\"https:\\\/\\\/naturalpoland.com\\\/wp-content\\\/uploads\\\/nr.webp\",\"contentUrl\":\"https:\\\/\\\/naturalpoland.com\\\/wp-content\\\/uploads\\\/nr.webp\",\"width\":618,\"height\":618,\"caption\":\"chlorowodorek rybozydu nikotynamidu\"},{\"@type\":\"BreadcrumbList\",\"@id\":\"https:\\\/\\\/naturalpoland.com\\\/fr\\\/produkty\\\/produits-pour-les-industries-pharmaceutiques-et-medicales\\\/additifs-de-complements-alimentaires\\\/riboside-chlorhydrate-de-nicotinamide-nr\\\/#breadcrumb\",\"itemListElement\":[{\"@type\":\"ListItem\",\"position\":1,\"name\":\"Accueil\",\"item\":\"https:\\\/\\\/naturalpoland.com\\\/fr\\\/\"},{\"@type\":\"ListItem\",\"position\":2,\"name\":\"Produits\",\"item\":\"https:\\\/\\\/naturalpoland.com\\\/fr\\\/produits\\\/\"},{\"@type\":\"ListItem\",\"position\":3,\"name\":\"Chlorhydrate de riboside de nicotinamide (NR)\"}]},{\"@type\":\"WebSite\",\"@id\":\"https:\\\/\\\/naturalpoland.com\\\/fr\\\/#website\",\"url\":\"https:\\\/\\\/naturalpoland.com\\\/fr\\\/\",\"name\":\"NATURAL POLAND - Distributeur de mati\u00e8res premi\u00e8res en gros\",\"description\":\"Surowce dla przemys\u0142u spo\u017cywczego, kosmetycznego i farmaceutycznego\",\"publisher\":{\"@id\":\"https:\\\/\\\/naturalpoland.com\\\/fr\\\/#organization\"},\"potentialAction\":[{\"@type\":\"SearchAction\",\"target\":{\"@type\":\"EntryPoint\",\"urlTemplate\":\"https:\\\/\\\/naturalpoland.com\\\/fr\\\/?s={search_term_string}\"},\"query-input\":{\"@type\":\"PropertyValueSpecification\",\"valueRequired\":true,\"valueName\":\"search_term_string\"}}],\"inLanguage\":\"fr-FR\"},{\"@type\":\"Organization\",\"@id\":\"https:\\\/\\\/naturalpoland.com\\\/fr\\\/#organization\",\"name\":\"Natural Poland\",\"url\":\"https:\\\/\\\/naturalpoland.com\\\/fr\\\/\",\"logo\":{\"@type\":\"ImageObject\",\"inLanguage\":\"fr-FR\",\"@id\":\"https:\\\/\\\/naturalpoland.com\\\/fr\\\/#\\\/schema\\\/logo\\\/image\\\/\",\"url\":\"https:\\\/\\\/naturalpoland.com\\\/wp-content\\\/uploads\\\/2021\\\/05\\\/natural-poland-icon.png\",\"contentUrl\":\"https:\\\/\\\/naturalpoland.com\\\/wp-content\\\/uploads\\\/2021\\\/05\\\/natural-poland-icon.png\",\"width\":512,\"height\":512,\"caption\":\"Natural Poland\"},\"image\":{\"@id\":\"https:\\\/\\\/naturalpoland.com\\\/fr\\\/#\\\/schema\\\/logo\\\/image\\\/\"},\"sameAs\":[\"https:\\\/\\\/www.facebook.com\\\/naturalpoland.b2b\",\"https:\\\/\\\/pl.linkedin.com\\\/company\\\/natural-poland\",\"https:\\\/\\\/www.youtube.com\\\/channel\\\/UCgeGGkvOMahZo-xu_MSEWxg\"]}]}<\/script>\n<!-- \/ Yoast SEO plugin. -->","yoast_head_json":{"title":"Chlorhydrate de riboside de nicotinamide (NR) - NATURAL POLAND - Distributeur de mati\u00e8res premi\u00e8res en gros","description":"Le chlorhydrate de nicotinamide riboside a la capacit\u00e9 d'augmenter les niveaux de NAD+. C'est un ingr\u00e9dient id\u00e9al pour les compl\u00e9ments alimentaires et les produits anti-\u00e2ge.","robots":{"index":"index","follow":"follow","max-snippet":"max-snippet:-1","max-image-preview":"max-image-preview:large","max-video-preview":"max-video-preview:-1"},"canonical":"https:\/\/naturalpoland.com\/fr\/produkty\/produits-pour-les-industries-pharmaceutiques-et-medicales\/additifs-de-complements-alimentaires\/riboside-chlorhydrate-de-nicotinamide-nr\/","og_locale":"fr_FR","og_type":"article","og_title":"Chlorhydrate de riboside de nicotinamide (NR) - NATURAL POLAND - Distributeur de mati\u00e8res premi\u00e8res en gros","og_description":"Le chlorhydrate de nicotinamide riboside a la capacit\u00e9 d'augmenter les niveaux de NAD+. C'est un ingr\u00e9dient id\u00e9al pour les compl\u00e9ments alimentaires et les produits anti-\u00e2ge.","og_url":"https:\/\/naturalpoland.com\/fr\/produkty\/produits-pour-les-industries-pharmaceutiques-et-medicales\/additifs-de-complements-alimentaires\/riboside-chlorhydrate-de-nicotinamide-nr\/","og_site_name":"NATURAL POLAND - Distributeur de mati\u00e8res premi\u00e8res en gros","article_publisher":"https:\/\/www.facebook.com\/naturalpoland.b2b","og_image":[{"width":618,"height":618,"url":"https:\/\/naturalpoland.com\/wp-content\/uploads\/nr.webp","type":"image\/webp"}],"schema":{"@context":"https:\/\/schema.org","@graph":[{"@type":"WebPage","@id":"https:\/\/naturalpoland.com\/fr\/produkty\/produits-pour-les-industries-pharmaceutiques-et-medicales\/additifs-de-complements-alimentaires\/riboside-chlorhydrate-de-nicotinamide-nr\/","url":"https:\/\/naturalpoland.com\/fr\/produkty\/produits-pour-les-industries-pharmaceutiques-et-medicales\/additifs-de-complements-alimentaires\/riboside-chlorhydrate-de-nicotinamide-nr\/","name":"Chlorhydrate de riboside de nicotinamide (NR) - NATURAL POLAND - Distributeur de mati\u00e8res premi\u00e8res en gros","isPartOf":{"@id":"https:\/\/naturalpoland.com\/fr\/#website"},"primaryImageOfPage":{"@id":"https:\/\/naturalpoland.com\/fr\/produkty\/produits-pour-les-industries-pharmaceutiques-et-medicales\/additifs-de-complements-alimentaires\/riboside-chlorhydrate-de-nicotinamide-nr\/#primaryimage"},"image":{"@id":"https:\/\/naturalpoland.com\/fr\/produkty\/produits-pour-les-industries-pharmaceutiques-et-medicales\/additifs-de-complements-alimentaires\/riboside-chlorhydrate-de-nicotinamide-nr\/#primaryimage"},"thumbnailUrl":"https:\/\/naturalpoland.com\/wp-content\/uploads\/nr.webp","datePublished":"2024-08-30T10:01:49+00:00","description":"Le chlorhydrate de nicotinamide riboside a la capacit\u00e9 d'augmenter les niveaux de NAD+. C'est un ingr\u00e9dient id\u00e9al pour les compl\u00e9ments alimentaires et les produits anti-\u00e2ge.","breadcrumb":{"@id":"https:\/\/naturalpoland.com\/fr\/produkty\/produits-pour-les-industries-pharmaceutiques-et-medicales\/additifs-de-complements-alimentaires\/riboside-chlorhydrate-de-nicotinamide-nr\/#breadcrumb"},"inLanguage":"fr-FR","potentialAction":[{"@type":"ReadAction","target":["https:\/\/naturalpoland.com\/fr\/produkty\/produits-pour-les-industries-pharmaceutiques-et-medicales\/additifs-de-complements-alimentaires\/riboside-chlorhydrate-de-nicotinamide-nr\/"]}]},{"@type":"ImageObject","inLanguage":"fr-FR","@id":"https:\/\/naturalpoland.com\/fr\/produkty\/produits-pour-les-industries-pharmaceutiques-et-medicales\/additifs-de-complements-alimentaires\/riboside-chlorhydrate-de-nicotinamide-nr\/#primaryimage","url":"https:\/\/naturalpoland.com\/wp-content\/uploads\/nr.webp","contentUrl":"https:\/\/naturalpoland.com\/wp-content\/uploads\/nr.webp","width":618,"height":618,"caption":"chlorowodorek rybozydu nikotynamidu"},{"@type":"BreadcrumbList","@id":"https:\/\/naturalpoland.com\/fr\/produkty\/produits-pour-les-industries-pharmaceutiques-et-medicales\/additifs-de-complements-alimentaires\/riboside-chlorhydrate-de-nicotinamide-nr\/#breadcrumb","itemListElement":[{"@type":"ListItem","position":1,"name":"Accueil","item":"https:\/\/naturalpoland.com\/fr\/"},{"@type":"ListItem","position":2,"name":"Produits","item":"https:\/\/naturalpoland.com\/fr\/produits\/"},{"@type":"ListItem","position":3,"name":"Chlorhydrate de riboside de nicotinamide (NR)"}]},{"@type":"WebSite","@id":"https:\/\/naturalpoland.com\/fr\/#website","url":"https:\/\/naturalpoland.com\/fr\/","name":"NATURAL POLAND - Distributeur de mati\u00e8res premi\u00e8res en gros","description":"Surowce dla przemys\u0142u spo\u017cywczego, kosmetycznego i farmaceutycznego","publisher":{"@id":"https:\/\/naturalpoland.com\/fr\/#organization"},"potentialAction":[{"@type":"SearchAction","target":{"@type":"EntryPoint","urlTemplate":"https:\/\/naturalpoland.com\/fr\/?s={search_term_string}"},"query-input":{"@type":"PropertyValueSpecification","valueRequired":true,"valueName":"search_term_string"}}],"inLanguage":"fr-FR"},{"@type":"Organization","@id":"https:\/\/naturalpoland.com\/fr\/#organization","name":"Natural Poland","url":"https:\/\/naturalpoland.com\/fr\/","logo":{"@type":"ImageObject","inLanguage":"fr-FR","@id":"https:\/\/naturalpoland.com\/fr\/#\/schema\/logo\/image\/","url":"https:\/\/naturalpoland.com\/wp-content\/uploads\/2021\/05\/natural-poland-icon.png","contentUrl":"https:\/\/naturalpoland.com\/wp-content\/uploads\/2021\/05\/natural-poland-icon.png","width":512,"height":512,"caption":"Natural Poland"},"image":{"@id":"https:\/\/naturalpoland.com\/fr\/#\/schema\/logo\/image\/"},"sameAs":["https:\/\/www.facebook.com\/naturalpoland.b2b","https:\/\/pl.linkedin.com\/company\/natural-poland","https:\/\/www.youtube.com\/channel\/UCgeGGkvOMahZo-xu_MSEWxg"]}]}},"_links":{"self":[{"href":"https:\/\/naturalpoland.com\/fr\/wp-json\/wp\/v2\/product\/34978","targetHints":{"allow":["GET"]}}],"collection":[{"href":"https:\/\/naturalpoland.com\/fr\/wp-json\/wp\/v2\/product"}],"about":[{"href":"https:\/\/naturalpoland.com\/fr\/wp-json\/wp\/v2\/types\/product"}],"wp:featuredmedia":[{"embeddable":true,"href":"https:\/\/naturalpoland.com\/fr\/wp-json\/wp\/v2\/media\/34945"}],"wp:attachment":[{"href":"https:\/\/naturalpoland.com\/fr\/wp-json\/wp\/v2\/media?parent=34978"}],"wp:term":[{"taxonomy":"product_brand","embeddable":true,"href":"https:\/\/naturalpoland.com\/fr\/wp-json\/wp\/v2\/product_brand?post=34978"},{"taxonomy":"product_cat","embeddable":true,"href":"https:\/\/naturalpoland.com\/fr\/wp-json\/wp\/v2\/product_cat?post=34978"},{"taxonomy":"product_tag","embeddable":true,"href":"https:\/\/naturalpoland.com\/fr\/wp-json\/wp\/v2\/product_tag?post=34978"}],"curies":[{"name":"wp","href":"https:\/\/api.w.org\/{rel}","templated":true}]}}