{"id":34989,"date":"2024-08-30T11:45:49","date_gmt":"2024-08-30T10:02:10","guid":{"rendered":"https:\/\/naturalpoland.com\/produkty\/non class\u00e9\/sol-disodium-quinone-pyrroloquinoline-pqq\/"},"modified":"2024-08-30T12:02:10","modified_gmt":"2024-08-30T10:02:10","slug":"sol-disodium-quinone-pyrroloquinoline-pqq","status":"publish","type":"product","link":"https:\/\/naturalpoland.com\/fr\/produkty\/produits-pour-les-industries-pharmaceutiques-et-medicales\/additifs-de-complements-alimentaires\/sol-disodium-quinone-pyrroloquinoline-pqq\/","title":{"rendered":"Sel disodique de pyrroloquinoline (PQQ)"},"content":{"rendered":"<p>La PQQ est naturellement pr\u00e9sente dans de nombreux aliments, tels que les produits ferment\u00e9s, les l\u00e9gumes et les fruits, mais sa concentration peut \u00eatre trop faible dans certains r\u00e9gimes.  <\/p>\n<h2>Propri\u00e9t\u00e9s PQQ :<\/h2>\n<p>  La PQQ pr\u00e9sente une <strong>activit\u00e9 antioxydante<\/strong> extr\u00eamement puissante, catalysant de nombreuses r\u00e9actions d&rsquo;oxydor\u00e9duction et neutralisant les radicaux libres qui endommagent les cellules.<br \/>\nLa PQQ est capable d&rsquo;effectuer environ 20 000 r\u00e9actions catalytiques, alors que la vitamine C n&rsquo;en effectue que quatre dans les m\u00eames conditions.<br \/>\nDes \u00e9tudes ont montr\u00e9 que la PQQ <strong>favorise la croissance des cellules nerveuses<\/strong>, ce qui peut \u00eatre b\u00e9n\u00e9fique dans le traitement des troubles cognitifs et de la d\u00e9mence.<br \/>\nLa PQQ stimule la croissance des neurones, multipliant leur synth\u00e8se par 40.<br \/>\nLa PQQ agit \u00e9galement comme cofacteur dans la <strong>r\u00e9g\u00e9n\u00e9ration des mitochondries<\/strong> dans les cellules vieillissantes, en augmentant l&rsquo;activit\u00e9 des enzymes li\u00e9es aux mitochondries et en stimulant leur croissance.<br \/>\nDes \u00e9tudes montrent qu&rsquo;une suppl\u00e9mentation en PQQ peut augmenter de 20 \u00e0 30 % le nombre de mitochondries dans le foie.       <\/p>\n<h2>Application PQQ :<\/h2>\n<p>  Le sel disodique de la pyrroloquinoline quinone est un ingr\u00e9dient populaire dans les compl\u00e9ments alimentaires pour soutenir la sant\u00e9 cardiaque, la fonction cognitive, am\u00e9liorer la qualit\u00e9 du sommeil et r\u00e9duire la fatigue.<br \/>\nAux \u00c9tats-Unis, il est utilis\u00e9 comme ingr\u00e9dient dans les boissons \u00e9nerg\u00e9tiques, les boissons pour sportifs, les boissons \u00e9lectrolytiques et l&rsquo;eau en bouteille.<br \/>\nDans l&rsquo;Union europ\u00e9enne et au Canada, il est disponible en tant que compl\u00e9ment alimentaire ou produit de sant\u00e9 naturel.    &nbsp;<\/p>\n","protected":false},"excerpt":{"rendered":"<p>Le <strong>sel disodique de la pyrroloquinoline quinone (PQQ) <\/strong>est un compos\u00e9 chimique avanc\u00e9 dot\u00e9 de puissantes propri\u00e9t\u00e9s antioxydantes.<br \/>\nC&rsquo;est un cofacteur d&rsquo;oxydor\u00e9duction qui soutient les processus m\u00e9taboliques et prot\u00e8ge les cellules des dommages oxydatifs. <\/p>\n","protected":false},"featured_media":34958,"template":"","meta":[],"product_brand":[],"product_cat":[1300],"product_tag":[],"class_list":{"0":"post-34989","1":"product","2":"type-product","3":"status-publish","4":"has-post-thumbnail","6":"product_cat-additifs-de-complements-alimentaires","7":"pa_grupa-substancji-antioxydants","9":"first","10":"instock","11":"shipping-taxable","12":"product-type-simple"},"yoast_head":"<!-- This site is optimized with the Yoast SEO plugin v27.3 - https:\/\/yoast.com\/product\/yoast-seo-wordpress\/ -->\n<title>Sel disodique de pyrroloquinoline (PQQ) - NATURAL POLAND - Distributeur de mati\u00e8res premi\u00e8res en gros<\/title>\n<meta name=\"description\" content=\"Le sel disodique de pyrroloquinoline (PQQ) est un antioxydant puissant qui favorise la sant\u00e9 cellulaire, les fonctions cognitives et la sant\u00e9 cardiaque.\" \/>\n<meta name=\"robots\" content=\"index, follow, max-snippet:-1, max-image-preview:large, max-video-preview:-1\" \/>\n<link rel=\"canonical\" href=\"https:\/\/naturalpoland.com\/fr\/produkty\/produits-pour-les-industries-pharmaceutiques-et-medicales\/additifs-de-complements-alimentaires\/sol-disodium-quinone-pyrroloquinoline-pqq\/\" \/>\n<meta property=\"og:locale\" content=\"fr_FR\" \/>\n<meta property=\"og:type\" content=\"article\" \/>\n<meta property=\"og:title\" content=\"Sel disodique de pyrroloquinoline (PQQ) - NATURAL POLAND - Distributeur de mati\u00e8res premi\u00e8res en gros\" \/>\n<meta property=\"og:description\" content=\"Le sel disodique de pyrroloquinoline (PQQ) est un antioxydant puissant qui favorise la sant\u00e9 cellulaire, les fonctions cognitives et la sant\u00e9 cardiaque.\" \/>\n<meta property=\"og:url\" content=\"https:\/\/naturalpoland.com\/fr\/produkty\/produits-pour-les-industries-pharmaceutiques-et-medicales\/additifs-de-complements-alimentaires\/sol-disodium-quinone-pyrroloquinoline-pqq\/\" \/>\n<meta property=\"og:site_name\" content=\"NATURAL POLAND - Distributeur de mati\u00e8res premi\u00e8res en gros\" \/>\n<meta property=\"article:publisher\" content=\"https:\/\/www.facebook.com\/naturalpoland.b2b\" \/>\n<meta property=\"og:image\" content=\"https:\/\/naturalpoland.com\/wp-content\/uploads\/pqq.webp\" \/>\n\t<meta property=\"og:image:width\" content=\"618\" \/>\n\t<meta property=\"og:image:height\" content=\"618\" \/>\n\t<meta property=\"og:image:type\" content=\"image\/webp\" \/>\n<script type=\"application\/ld+json\" class=\"yoast-schema-graph\">{\"@context\":\"https:\\\/\\\/schema.org\",\"@graph\":[{\"@type\":\"WebPage\",\"@id\":\"https:\\\/\\\/naturalpoland.com\\\/fr\\\/produkty\\\/produits-pour-les-industries-pharmaceutiques-et-medicales\\\/additifs-de-complements-alimentaires\\\/sol-disodium-quinone-pyrroloquinoline-pqq\\\/\",\"url\":\"https:\\\/\\\/naturalpoland.com\\\/fr\\\/produkty\\\/produits-pour-les-industries-pharmaceutiques-et-medicales\\\/additifs-de-complements-alimentaires\\\/sol-disodium-quinone-pyrroloquinoline-pqq\\\/\",\"name\":\"Sel disodique de pyrroloquinoline (PQQ) - NATURAL POLAND - Distributeur de mati\u00e8res premi\u00e8res en gros\",\"isPartOf\":{\"@id\":\"https:\\\/\\\/naturalpoland.com\\\/fr\\\/#website\"},\"primaryImageOfPage\":{\"@id\":\"https:\\\/\\\/naturalpoland.com\\\/fr\\\/produkty\\\/produits-pour-les-industries-pharmaceutiques-et-medicales\\\/additifs-de-complements-alimentaires\\\/sol-disodium-quinone-pyrroloquinoline-pqq\\\/#primaryimage\"},\"image\":{\"@id\":\"https:\\\/\\\/naturalpoland.com\\\/fr\\\/produkty\\\/produits-pour-les-industries-pharmaceutiques-et-medicales\\\/additifs-de-complements-alimentaires\\\/sol-disodium-quinone-pyrroloquinoline-pqq\\\/#primaryimage\"},\"thumbnailUrl\":\"https:\\\/\\\/naturalpoland.com\\\/wp-content\\\/uploads\\\/pqq.webp\",\"datePublished\":\"2024-08-30T10:02:10+00:00\",\"description\":\"Le sel disodique de pyrroloquinoline (PQQ) est un antioxydant puissant qui favorise la sant\u00e9 cellulaire, les fonctions cognitives et la sant\u00e9 cardiaque.\",\"breadcrumb\":{\"@id\":\"https:\\\/\\\/naturalpoland.com\\\/fr\\\/produkty\\\/produits-pour-les-industries-pharmaceutiques-et-medicales\\\/additifs-de-complements-alimentaires\\\/sol-disodium-quinone-pyrroloquinoline-pqq\\\/#breadcrumb\"},\"inLanguage\":\"fr-FR\",\"potentialAction\":[{\"@type\":\"ReadAction\",\"target\":[\"https:\\\/\\\/naturalpoland.com\\\/fr\\\/produkty\\\/produits-pour-les-industries-pharmaceutiques-et-medicales\\\/additifs-de-complements-alimentaires\\\/sol-disodium-quinone-pyrroloquinoline-pqq\\\/\"]}]},{\"@type\":\"ImageObject\",\"inLanguage\":\"fr-FR\",\"@id\":\"https:\\\/\\\/naturalpoland.com\\\/fr\\\/produkty\\\/produits-pour-les-industries-pharmaceutiques-et-medicales\\\/additifs-de-complements-alimentaires\\\/sol-disodium-quinone-pyrroloquinoline-pqq\\\/#primaryimage\",\"url\":\"https:\\\/\\\/naturalpoland.com\\\/wp-content\\\/uploads\\\/pqq.webp\",\"contentUrl\":\"https:\\\/\\\/naturalpoland.com\\\/wp-content\\\/uploads\\\/pqq.webp\",\"width\":618,\"height\":618,\"caption\":\"S\u00f3l disodowa chinonu pirolochinoliny\"},{\"@type\":\"BreadcrumbList\",\"@id\":\"https:\\\/\\\/naturalpoland.com\\\/fr\\\/produkty\\\/produits-pour-les-industries-pharmaceutiques-et-medicales\\\/additifs-de-complements-alimentaires\\\/sol-disodium-quinone-pyrroloquinoline-pqq\\\/#breadcrumb\",\"itemListElement\":[{\"@type\":\"ListItem\",\"position\":1,\"name\":\"Accueil\",\"item\":\"https:\\\/\\\/naturalpoland.com\\\/fr\\\/\"},{\"@type\":\"ListItem\",\"position\":2,\"name\":\"Produits\",\"item\":\"https:\\\/\\\/naturalpoland.com\\\/fr\\\/produits\\\/\"},{\"@type\":\"ListItem\",\"position\":3,\"name\":\"Sel disodique de pyrroloquinoline (PQQ)\"}]},{\"@type\":\"WebSite\",\"@id\":\"https:\\\/\\\/naturalpoland.com\\\/fr\\\/#website\",\"url\":\"https:\\\/\\\/naturalpoland.com\\\/fr\\\/\",\"name\":\"NATURAL POLAND - Distributeur de mati\u00e8res premi\u00e8res en gros\",\"description\":\"Surowce dla przemys\u0142u spo\u017cywczego, kosmetycznego i farmaceutycznego\",\"publisher\":{\"@id\":\"https:\\\/\\\/naturalpoland.com\\\/fr\\\/#organization\"},\"potentialAction\":[{\"@type\":\"SearchAction\",\"target\":{\"@type\":\"EntryPoint\",\"urlTemplate\":\"https:\\\/\\\/naturalpoland.com\\\/fr\\\/?s={search_term_string}\"},\"query-input\":{\"@type\":\"PropertyValueSpecification\",\"valueRequired\":true,\"valueName\":\"search_term_string\"}}],\"inLanguage\":\"fr-FR\"},{\"@type\":\"Organization\",\"@id\":\"https:\\\/\\\/naturalpoland.com\\\/fr\\\/#organization\",\"name\":\"Natural Poland\",\"url\":\"https:\\\/\\\/naturalpoland.com\\\/fr\\\/\",\"logo\":{\"@type\":\"ImageObject\",\"inLanguage\":\"fr-FR\",\"@id\":\"https:\\\/\\\/naturalpoland.com\\\/fr\\\/#\\\/schema\\\/logo\\\/image\\\/\",\"url\":\"https:\\\/\\\/naturalpoland.com\\\/wp-content\\\/uploads\\\/2021\\\/05\\\/natural-poland-icon.png\",\"contentUrl\":\"https:\\\/\\\/naturalpoland.com\\\/wp-content\\\/uploads\\\/2021\\\/05\\\/natural-poland-icon.png\",\"width\":512,\"height\":512,\"caption\":\"Natural Poland\"},\"image\":{\"@id\":\"https:\\\/\\\/naturalpoland.com\\\/fr\\\/#\\\/schema\\\/logo\\\/image\\\/\"},\"sameAs\":[\"https:\\\/\\\/www.facebook.com\\\/naturalpoland.b2b\",\"https:\\\/\\\/pl.linkedin.com\\\/company\\\/natural-poland\",\"https:\\\/\\\/www.youtube.com\\\/channel\\\/UCgeGGkvOMahZo-xu_MSEWxg\"]}]}<\/script>\n<!-- \/ Yoast SEO plugin. -->","yoast_head_json":{"title":"Sel disodique de pyrroloquinoline (PQQ) - NATURAL POLAND - Distributeur de mati\u00e8res premi\u00e8res en gros","description":"Le sel disodique de pyrroloquinoline (PQQ) est un antioxydant puissant qui favorise la sant\u00e9 cellulaire, les fonctions cognitives et la sant\u00e9 cardiaque.","robots":{"index":"index","follow":"follow","max-snippet":"max-snippet:-1","max-image-preview":"max-image-preview:large","max-video-preview":"max-video-preview:-1"},"canonical":"https:\/\/naturalpoland.com\/fr\/produkty\/produits-pour-les-industries-pharmaceutiques-et-medicales\/additifs-de-complements-alimentaires\/sol-disodium-quinone-pyrroloquinoline-pqq\/","og_locale":"fr_FR","og_type":"article","og_title":"Sel disodique de pyrroloquinoline (PQQ) - NATURAL POLAND - Distributeur de mati\u00e8res premi\u00e8res en gros","og_description":"Le sel disodique de pyrroloquinoline (PQQ) est un antioxydant puissant qui favorise la sant\u00e9 cellulaire, les fonctions cognitives et la sant\u00e9 cardiaque.","og_url":"https:\/\/naturalpoland.com\/fr\/produkty\/produits-pour-les-industries-pharmaceutiques-et-medicales\/additifs-de-complements-alimentaires\/sol-disodium-quinone-pyrroloquinoline-pqq\/","og_site_name":"NATURAL POLAND - Distributeur de mati\u00e8res premi\u00e8res en gros","article_publisher":"https:\/\/www.facebook.com\/naturalpoland.b2b","og_image":[{"width":618,"height":618,"url":"https:\/\/naturalpoland.com\/wp-content\/uploads\/pqq.webp","type":"image\/webp"}],"schema":{"@context":"https:\/\/schema.org","@graph":[{"@type":"WebPage","@id":"https:\/\/naturalpoland.com\/fr\/produkty\/produits-pour-les-industries-pharmaceutiques-et-medicales\/additifs-de-complements-alimentaires\/sol-disodium-quinone-pyrroloquinoline-pqq\/","url":"https:\/\/naturalpoland.com\/fr\/produkty\/produits-pour-les-industries-pharmaceutiques-et-medicales\/additifs-de-complements-alimentaires\/sol-disodium-quinone-pyrroloquinoline-pqq\/","name":"Sel disodique de pyrroloquinoline (PQQ) - NATURAL POLAND - Distributeur de mati\u00e8res premi\u00e8res en gros","isPartOf":{"@id":"https:\/\/naturalpoland.com\/fr\/#website"},"primaryImageOfPage":{"@id":"https:\/\/naturalpoland.com\/fr\/produkty\/produits-pour-les-industries-pharmaceutiques-et-medicales\/additifs-de-complements-alimentaires\/sol-disodium-quinone-pyrroloquinoline-pqq\/#primaryimage"},"image":{"@id":"https:\/\/naturalpoland.com\/fr\/produkty\/produits-pour-les-industries-pharmaceutiques-et-medicales\/additifs-de-complements-alimentaires\/sol-disodium-quinone-pyrroloquinoline-pqq\/#primaryimage"},"thumbnailUrl":"https:\/\/naturalpoland.com\/wp-content\/uploads\/pqq.webp","datePublished":"2024-08-30T10:02:10+00:00","description":"Le sel disodique de pyrroloquinoline (PQQ) est un antioxydant puissant qui favorise la sant\u00e9 cellulaire, les fonctions cognitives et la sant\u00e9 cardiaque.","breadcrumb":{"@id":"https:\/\/naturalpoland.com\/fr\/produkty\/produits-pour-les-industries-pharmaceutiques-et-medicales\/additifs-de-complements-alimentaires\/sol-disodium-quinone-pyrroloquinoline-pqq\/#breadcrumb"},"inLanguage":"fr-FR","potentialAction":[{"@type":"ReadAction","target":["https:\/\/naturalpoland.com\/fr\/produkty\/produits-pour-les-industries-pharmaceutiques-et-medicales\/additifs-de-complements-alimentaires\/sol-disodium-quinone-pyrroloquinoline-pqq\/"]}]},{"@type":"ImageObject","inLanguage":"fr-FR","@id":"https:\/\/naturalpoland.com\/fr\/produkty\/produits-pour-les-industries-pharmaceutiques-et-medicales\/additifs-de-complements-alimentaires\/sol-disodium-quinone-pyrroloquinoline-pqq\/#primaryimage","url":"https:\/\/naturalpoland.com\/wp-content\/uploads\/pqq.webp","contentUrl":"https:\/\/naturalpoland.com\/wp-content\/uploads\/pqq.webp","width":618,"height":618,"caption":"S\u00f3l disodowa chinonu pirolochinoliny"},{"@type":"BreadcrumbList","@id":"https:\/\/naturalpoland.com\/fr\/produkty\/produits-pour-les-industries-pharmaceutiques-et-medicales\/additifs-de-complements-alimentaires\/sol-disodium-quinone-pyrroloquinoline-pqq\/#breadcrumb","itemListElement":[{"@type":"ListItem","position":1,"name":"Accueil","item":"https:\/\/naturalpoland.com\/fr\/"},{"@type":"ListItem","position":2,"name":"Produits","item":"https:\/\/naturalpoland.com\/fr\/produits\/"},{"@type":"ListItem","position":3,"name":"Sel disodique de pyrroloquinoline (PQQ)"}]},{"@type":"WebSite","@id":"https:\/\/naturalpoland.com\/fr\/#website","url":"https:\/\/naturalpoland.com\/fr\/","name":"NATURAL POLAND - Distributeur de mati\u00e8res premi\u00e8res en gros","description":"Surowce dla przemys\u0142u spo\u017cywczego, kosmetycznego i farmaceutycznego","publisher":{"@id":"https:\/\/naturalpoland.com\/fr\/#organization"},"potentialAction":[{"@type":"SearchAction","target":{"@type":"EntryPoint","urlTemplate":"https:\/\/naturalpoland.com\/fr\/?s={search_term_string}"},"query-input":{"@type":"PropertyValueSpecification","valueRequired":true,"valueName":"search_term_string"}}],"inLanguage":"fr-FR"},{"@type":"Organization","@id":"https:\/\/naturalpoland.com\/fr\/#organization","name":"Natural Poland","url":"https:\/\/naturalpoland.com\/fr\/","logo":{"@type":"ImageObject","inLanguage":"fr-FR","@id":"https:\/\/naturalpoland.com\/fr\/#\/schema\/logo\/image\/","url":"https:\/\/naturalpoland.com\/wp-content\/uploads\/2021\/05\/natural-poland-icon.png","contentUrl":"https:\/\/naturalpoland.com\/wp-content\/uploads\/2021\/05\/natural-poland-icon.png","width":512,"height":512,"caption":"Natural Poland"},"image":{"@id":"https:\/\/naturalpoland.com\/fr\/#\/schema\/logo\/image\/"},"sameAs":["https:\/\/www.facebook.com\/naturalpoland.b2b","https:\/\/pl.linkedin.com\/company\/natural-poland","https:\/\/www.youtube.com\/channel\/UCgeGGkvOMahZo-xu_MSEWxg"]}]}},"_links":{"self":[{"href":"https:\/\/naturalpoland.com\/fr\/wp-json\/wp\/v2\/product\/34989","targetHints":{"allow":["GET"]}}],"collection":[{"href":"https:\/\/naturalpoland.com\/fr\/wp-json\/wp\/v2\/product"}],"about":[{"href":"https:\/\/naturalpoland.com\/fr\/wp-json\/wp\/v2\/types\/product"}],"wp:featuredmedia":[{"embeddable":true,"href":"https:\/\/naturalpoland.com\/fr\/wp-json\/wp\/v2\/media\/34958"}],"wp:attachment":[{"href":"https:\/\/naturalpoland.com\/fr\/wp-json\/wp\/v2\/media?parent=34989"}],"wp:term":[{"taxonomy":"product_brand","embeddable":true,"href":"https:\/\/naturalpoland.com\/fr\/wp-json\/wp\/v2\/product_brand?post=34989"},{"taxonomy":"product_cat","embeddable":true,"href":"https:\/\/naturalpoland.com\/fr\/wp-json\/wp\/v2\/product_cat?post=34989"},{"taxonomy":"product_tag","embeddable":true,"href":"https:\/\/naturalpoland.com\/fr\/wp-json\/wp\/v2\/product_tag?post=34989"}],"curies":[{"name":"wp","href":"https:\/\/api.w.org\/{rel}","templated":true}]}}