{"id":35408,"date":"2024-09-09T15:47:49","date_gmt":"2024-09-10T11:55:10","guid":{"rendered":"https:\/\/naturalpoland.com\/produkty\/non class\u00e9\/acide-rosmarinique\/"},"modified":"2024-09-10T13:55:10","modified_gmt":"2024-09-10T11:55:10","slug":"acide-rosmarinique","status":"publish","type":"product","link":"https:\/\/naturalpoland.com\/fr\/produkty\/produits-pour-lindustrie-cosmetique\/acides\/acide-rosmarinique\/","title":{"rendered":"Acide rosmarinique"},"content":{"rendered":"<h2>Effet de l&rsquo;acide rosmarinique<\/h2>\n<p>  Des \u00e9tudes cliniques ont montr\u00e9 que l&rsquo;acide rosmarinique agit comme un inhibiteur naturel des enzymes responsables de l&rsquo;inflammation, telles que la cyclooxyg\u00e9nase (COX) et la lipoxyg\u00e9nase (LOX).<br \/>\nIl r\u00e9duit la production de leucotri\u00e8nes et de prostaglandines, qui sont des m\u00e9diateurs de l&rsquo;inflammation, et constitue donc un agent anti-inflammatoire efficace.<br \/>\nEn outre, il a des effets antiprolif\u00e9ratifs et antiviraux et inhibe la croissance des bact\u00e9ries \u00e0 Gram positif telles que <em>Staphylococcus<\/em> et <em>Listeria<\/em>.    <\/p>\n<h2>Applications cosm\u00e9tiques<\/h2>\n<p>  L&rsquo;acide rosmarinique est utilis\u00e9 en cosm\u00e9tique comme ingr\u00e9dient anti-inflammatoire, antioxydant et protecteur contre les UV.<br \/>\nOn le trouve dans les produits de soins pour les peaux sujettes \u00e0 l&rsquo;acn\u00e9 et dans les \u00e9crans solaires.<br \/>\nEn outre, il pr\u00e9sente des effets antiseptiques et antibact\u00e9riens, r\u00e9duisant l&rsquo;inflammation de la peau.<br \/>\nGr\u00e2ce \u00e0 ses propri\u00e9t\u00e9s, il stimule les follicules pileux, am\u00e9liorant ainsi leur \u00e9tat.     <\/p>\n<h2>Applications dans d&rsquo;autres secteurs<\/h2>\n<p>  L&rsquo;acide rosmarinique est \u00e9galement utilis\u00e9 dans les industries pharmaceutiques et nutritionnelles, o\u00f9 ses effets antioxydants, anti-inflammatoires et antiviraux sont utilis\u00e9s dans les compl\u00e9ments alimentaires et en tant qu&rsquo;ingr\u00e9dient fonctionnel dans les aliments.<br \/>\nIl peut \u00e9galement \u00eatre utilis\u00e9 pour traiter l&rsquo;herp\u00e8s labial et d&rsquo;autres affections inflammatoires de la peau.<br \/>\nLa mati\u00e8re premi\u00e8re est consid\u00e9r\u00e9e comme un ingr\u00e9dient prometteur dans la pr\u00e9vention et le traitement des maladies li\u00e9es \u00e0 l&rsquo;inflammation telles que l&rsquo;asthme, l&rsquo;ath\u00e9roscl\u00e9rose, les ulc\u00e8res gastroduod\u00e9naux et les cardiopathies isch\u00e9miques.  <\/p>\n","protected":false},"excerpt":{"rendered":"<p>L&rsquo;acide rosmarinique est un polyph\u00e9nol appartenant au groupe des d\u00e9psides.<br \/>\nOn le trouve dans les feuilles de romarin et dans d&rsquo;autres plantes de la famille des <em>Lamiac\u00e9es<\/em>, telles que la m\u00e9lisse, la sauge, le thym et la menthe. <\/p>\n","protected":false},"featured_media":35246,"template":"","meta":[],"product_brand":[],"product_cat":[5451],"product_tag":[],"class_list":{"0":"post-35408","1":"product","2":"type-product","3":"status-publish","4":"has-post-thumbnail","6":"product_cat-acides","8":"first","9":"instock","10":"shipping-taxable","11":"product-type-simple"},"yoast_head":"<!-- This site is optimized with the Yoast SEO plugin v27.3 - https:\/\/yoast.com\/product\/yoast-seo-wordpress\/ -->\n<title>Acide rosmarinique - NATURAL POLAND - Distributeur de mati\u00e8res premi\u00e8res en gros<\/title>\n<meta name=\"description\" content=\"En raison de sa biodisponibilit\u00e9 \u00e9lev\u00e9e et de ses propri\u00e9t\u00e9s th\u00e9rapeutiques polyvalentes, l&#039;acide rosmarinique pr\u00e9sente un grand int\u00e9r\u00eat en cosm\u00e9tique et en pharmacie.\" \/>\n<meta name=\"robots\" content=\"index, follow, max-snippet:-1, max-image-preview:large, max-video-preview:-1\" \/>\n<link rel=\"canonical\" href=\"https:\/\/naturalpoland.com\/fr\/produkty\/produits-pour-lindustrie-cosmetique\/acides\/acide-rosmarinique\/\" \/>\n<meta property=\"og:locale\" content=\"fr_FR\" \/>\n<meta property=\"og:type\" content=\"article\" \/>\n<meta property=\"og:title\" content=\"Acide rosmarinique - NATURAL POLAND - Distributeur de mati\u00e8res premi\u00e8res en gros\" \/>\n<meta property=\"og:description\" content=\"En raison de sa biodisponibilit\u00e9 \u00e9lev\u00e9e et de ses propri\u00e9t\u00e9s th\u00e9rapeutiques polyvalentes, l&#039;acide rosmarinique pr\u00e9sente un grand int\u00e9r\u00eat en cosm\u00e9tique et en pharmacie.\" \/>\n<meta property=\"og:url\" content=\"https:\/\/naturalpoland.com\/fr\/produkty\/produits-pour-lindustrie-cosmetique\/acides\/acide-rosmarinique\/\" \/>\n<meta property=\"og:site_name\" content=\"NATURAL POLAND - Distributeur de mati\u00e8res premi\u00e8res en gros\" \/>\n<meta property=\"article:publisher\" content=\"https:\/\/www.facebook.com\/naturalpoland.b2b\" \/>\n<meta property=\"og:image\" content=\"https:\/\/naturalpoland.com\/wp-content\/uploads\/kwas-rozmarynowy.webp\" \/>\n\t<meta property=\"og:image:width\" content=\"615\" \/>\n\t<meta property=\"og:image:height\" content=\"615\" \/>\n\t<meta property=\"og:image:type\" content=\"image\/webp\" \/>\n<script type=\"application\/ld+json\" class=\"yoast-schema-graph\">{\"@context\":\"https:\\\/\\\/schema.org\",\"@graph\":[{\"@type\":\"WebPage\",\"@id\":\"https:\\\/\\\/naturalpoland.com\\\/fr\\\/produkty\\\/produits-pour-lindustrie-cosmetique\\\/acides\\\/acide-rosmarinique\\\/\",\"url\":\"https:\\\/\\\/naturalpoland.com\\\/fr\\\/produkty\\\/produits-pour-lindustrie-cosmetique\\\/acides\\\/acide-rosmarinique\\\/\",\"name\":\"Acide rosmarinique - NATURAL POLAND - Distributeur de mati\u00e8res premi\u00e8res en gros\",\"isPartOf\":{\"@id\":\"https:\\\/\\\/naturalpoland.com\\\/fr\\\/#website\"},\"primaryImageOfPage\":{\"@id\":\"https:\\\/\\\/naturalpoland.com\\\/fr\\\/produkty\\\/produits-pour-lindustrie-cosmetique\\\/acides\\\/acide-rosmarinique\\\/#primaryimage\"},\"image\":{\"@id\":\"https:\\\/\\\/naturalpoland.com\\\/fr\\\/produkty\\\/produits-pour-lindustrie-cosmetique\\\/acides\\\/acide-rosmarinique\\\/#primaryimage\"},\"thumbnailUrl\":\"https:\\\/\\\/naturalpoland.com\\\/wp-content\\\/uploads\\\/kwas-rozmarynowy.webp\",\"datePublished\":\"2024-09-10T11:55:10+00:00\",\"description\":\"En raison de sa biodisponibilit\u00e9 \u00e9lev\u00e9e et de ses propri\u00e9t\u00e9s th\u00e9rapeutiques polyvalentes, l'acide rosmarinique pr\u00e9sente un grand int\u00e9r\u00eat en cosm\u00e9tique et en pharmacie.\",\"breadcrumb\":{\"@id\":\"https:\\\/\\\/naturalpoland.com\\\/fr\\\/produkty\\\/produits-pour-lindustrie-cosmetique\\\/acides\\\/acide-rosmarinique\\\/#breadcrumb\"},\"inLanguage\":\"fr-FR\",\"potentialAction\":[{\"@type\":\"ReadAction\",\"target\":[\"https:\\\/\\\/naturalpoland.com\\\/fr\\\/produkty\\\/produits-pour-lindustrie-cosmetique\\\/acides\\\/acide-rosmarinique\\\/\"]}]},{\"@type\":\"ImageObject\",\"inLanguage\":\"fr-FR\",\"@id\":\"https:\\\/\\\/naturalpoland.com\\\/fr\\\/produkty\\\/produits-pour-lindustrie-cosmetique\\\/acides\\\/acide-rosmarinique\\\/#primaryimage\",\"url\":\"https:\\\/\\\/naturalpoland.com\\\/wp-content\\\/uploads\\\/kwas-rozmarynowy.webp\",\"contentUrl\":\"https:\\\/\\\/naturalpoland.com\\\/wp-content\\\/uploads\\\/kwas-rozmarynowy.webp\",\"width\":615,\"height\":615,\"caption\":\"kwas rozmarynowy\"},{\"@type\":\"BreadcrumbList\",\"@id\":\"https:\\\/\\\/naturalpoland.com\\\/fr\\\/produkty\\\/produits-pour-lindustrie-cosmetique\\\/acides\\\/acide-rosmarinique\\\/#breadcrumb\",\"itemListElement\":[{\"@type\":\"ListItem\",\"position\":1,\"name\":\"Accueil\",\"item\":\"https:\\\/\\\/naturalpoland.com\\\/fr\\\/\"},{\"@type\":\"ListItem\",\"position\":2,\"name\":\"Produits\",\"item\":\"https:\\\/\\\/naturalpoland.com\\\/fr\\\/produits\\\/\"},{\"@type\":\"ListItem\",\"position\":3,\"name\":\"Acide rosmarinique\"}]},{\"@type\":\"WebSite\",\"@id\":\"https:\\\/\\\/naturalpoland.com\\\/fr\\\/#website\",\"url\":\"https:\\\/\\\/naturalpoland.com\\\/fr\\\/\",\"name\":\"NATURAL POLAND - Distributeur de mati\u00e8res premi\u00e8res en gros\",\"description\":\"Surowce dla przemys\u0142u spo\u017cywczego, kosmetycznego i farmaceutycznego\",\"publisher\":{\"@id\":\"https:\\\/\\\/naturalpoland.com\\\/fr\\\/#organization\"},\"potentialAction\":[{\"@type\":\"SearchAction\",\"target\":{\"@type\":\"EntryPoint\",\"urlTemplate\":\"https:\\\/\\\/naturalpoland.com\\\/fr\\\/?s={search_term_string}\"},\"query-input\":{\"@type\":\"PropertyValueSpecification\",\"valueRequired\":true,\"valueName\":\"search_term_string\"}}],\"inLanguage\":\"fr-FR\"},{\"@type\":\"Organization\",\"@id\":\"https:\\\/\\\/naturalpoland.com\\\/fr\\\/#organization\",\"name\":\"Natural Poland\",\"url\":\"https:\\\/\\\/naturalpoland.com\\\/fr\\\/\",\"logo\":{\"@type\":\"ImageObject\",\"inLanguage\":\"fr-FR\",\"@id\":\"https:\\\/\\\/naturalpoland.com\\\/fr\\\/#\\\/schema\\\/logo\\\/image\\\/\",\"url\":\"https:\\\/\\\/naturalpoland.com\\\/wp-content\\\/uploads\\\/2021\\\/05\\\/natural-poland-icon.png\",\"contentUrl\":\"https:\\\/\\\/naturalpoland.com\\\/wp-content\\\/uploads\\\/2021\\\/05\\\/natural-poland-icon.png\",\"width\":512,\"height\":512,\"caption\":\"Natural Poland\"},\"image\":{\"@id\":\"https:\\\/\\\/naturalpoland.com\\\/fr\\\/#\\\/schema\\\/logo\\\/image\\\/\"},\"sameAs\":[\"https:\\\/\\\/www.facebook.com\\\/naturalpoland.b2b\",\"https:\\\/\\\/pl.linkedin.com\\\/company\\\/natural-poland\",\"https:\\\/\\\/www.youtube.com\\\/channel\\\/UCgeGGkvOMahZo-xu_MSEWxg\"]}]}<\/script>\n<!-- \/ Yoast SEO plugin. -->","yoast_head_json":{"title":"Acide rosmarinique - NATURAL POLAND - Distributeur de mati\u00e8res premi\u00e8res en gros","description":"En raison de sa biodisponibilit\u00e9 \u00e9lev\u00e9e et de ses propri\u00e9t\u00e9s th\u00e9rapeutiques polyvalentes, l'acide rosmarinique pr\u00e9sente un grand int\u00e9r\u00eat en cosm\u00e9tique et en pharmacie.","robots":{"index":"index","follow":"follow","max-snippet":"max-snippet:-1","max-image-preview":"max-image-preview:large","max-video-preview":"max-video-preview:-1"},"canonical":"https:\/\/naturalpoland.com\/fr\/produkty\/produits-pour-lindustrie-cosmetique\/acides\/acide-rosmarinique\/","og_locale":"fr_FR","og_type":"article","og_title":"Acide rosmarinique - NATURAL POLAND - Distributeur de mati\u00e8res premi\u00e8res en gros","og_description":"En raison de sa biodisponibilit\u00e9 \u00e9lev\u00e9e et de ses propri\u00e9t\u00e9s th\u00e9rapeutiques polyvalentes, l'acide rosmarinique pr\u00e9sente un grand int\u00e9r\u00eat en cosm\u00e9tique et en pharmacie.","og_url":"https:\/\/naturalpoland.com\/fr\/produkty\/produits-pour-lindustrie-cosmetique\/acides\/acide-rosmarinique\/","og_site_name":"NATURAL POLAND - Distributeur de mati\u00e8res premi\u00e8res en gros","article_publisher":"https:\/\/www.facebook.com\/naturalpoland.b2b","og_image":[{"width":615,"height":615,"url":"https:\/\/naturalpoland.com\/wp-content\/uploads\/kwas-rozmarynowy.webp","type":"image\/webp"}],"schema":{"@context":"https:\/\/schema.org","@graph":[{"@type":"WebPage","@id":"https:\/\/naturalpoland.com\/fr\/produkty\/produits-pour-lindustrie-cosmetique\/acides\/acide-rosmarinique\/","url":"https:\/\/naturalpoland.com\/fr\/produkty\/produits-pour-lindustrie-cosmetique\/acides\/acide-rosmarinique\/","name":"Acide rosmarinique - NATURAL POLAND - Distributeur de mati\u00e8res premi\u00e8res en gros","isPartOf":{"@id":"https:\/\/naturalpoland.com\/fr\/#website"},"primaryImageOfPage":{"@id":"https:\/\/naturalpoland.com\/fr\/produkty\/produits-pour-lindustrie-cosmetique\/acides\/acide-rosmarinique\/#primaryimage"},"image":{"@id":"https:\/\/naturalpoland.com\/fr\/produkty\/produits-pour-lindustrie-cosmetique\/acides\/acide-rosmarinique\/#primaryimage"},"thumbnailUrl":"https:\/\/naturalpoland.com\/wp-content\/uploads\/kwas-rozmarynowy.webp","datePublished":"2024-09-10T11:55:10+00:00","description":"En raison de sa biodisponibilit\u00e9 \u00e9lev\u00e9e et de ses propri\u00e9t\u00e9s th\u00e9rapeutiques polyvalentes, l'acide rosmarinique pr\u00e9sente un grand int\u00e9r\u00eat en cosm\u00e9tique et en pharmacie.","breadcrumb":{"@id":"https:\/\/naturalpoland.com\/fr\/produkty\/produits-pour-lindustrie-cosmetique\/acides\/acide-rosmarinique\/#breadcrumb"},"inLanguage":"fr-FR","potentialAction":[{"@type":"ReadAction","target":["https:\/\/naturalpoland.com\/fr\/produkty\/produits-pour-lindustrie-cosmetique\/acides\/acide-rosmarinique\/"]}]},{"@type":"ImageObject","inLanguage":"fr-FR","@id":"https:\/\/naturalpoland.com\/fr\/produkty\/produits-pour-lindustrie-cosmetique\/acides\/acide-rosmarinique\/#primaryimage","url":"https:\/\/naturalpoland.com\/wp-content\/uploads\/kwas-rozmarynowy.webp","contentUrl":"https:\/\/naturalpoland.com\/wp-content\/uploads\/kwas-rozmarynowy.webp","width":615,"height":615,"caption":"kwas rozmarynowy"},{"@type":"BreadcrumbList","@id":"https:\/\/naturalpoland.com\/fr\/produkty\/produits-pour-lindustrie-cosmetique\/acides\/acide-rosmarinique\/#breadcrumb","itemListElement":[{"@type":"ListItem","position":1,"name":"Accueil","item":"https:\/\/naturalpoland.com\/fr\/"},{"@type":"ListItem","position":2,"name":"Produits","item":"https:\/\/naturalpoland.com\/fr\/produits\/"},{"@type":"ListItem","position":3,"name":"Acide rosmarinique"}]},{"@type":"WebSite","@id":"https:\/\/naturalpoland.com\/fr\/#website","url":"https:\/\/naturalpoland.com\/fr\/","name":"NATURAL POLAND - Distributeur de mati\u00e8res premi\u00e8res en gros","description":"Surowce dla przemys\u0142u spo\u017cywczego, kosmetycznego i farmaceutycznego","publisher":{"@id":"https:\/\/naturalpoland.com\/fr\/#organization"},"potentialAction":[{"@type":"SearchAction","target":{"@type":"EntryPoint","urlTemplate":"https:\/\/naturalpoland.com\/fr\/?s={search_term_string}"},"query-input":{"@type":"PropertyValueSpecification","valueRequired":true,"valueName":"search_term_string"}}],"inLanguage":"fr-FR"},{"@type":"Organization","@id":"https:\/\/naturalpoland.com\/fr\/#organization","name":"Natural Poland","url":"https:\/\/naturalpoland.com\/fr\/","logo":{"@type":"ImageObject","inLanguage":"fr-FR","@id":"https:\/\/naturalpoland.com\/fr\/#\/schema\/logo\/image\/","url":"https:\/\/naturalpoland.com\/wp-content\/uploads\/2021\/05\/natural-poland-icon.png","contentUrl":"https:\/\/naturalpoland.com\/wp-content\/uploads\/2021\/05\/natural-poland-icon.png","width":512,"height":512,"caption":"Natural Poland"},"image":{"@id":"https:\/\/naturalpoland.com\/fr\/#\/schema\/logo\/image\/"},"sameAs":["https:\/\/www.facebook.com\/naturalpoland.b2b","https:\/\/pl.linkedin.com\/company\/natural-poland","https:\/\/www.youtube.com\/channel\/UCgeGGkvOMahZo-xu_MSEWxg"]}]}},"_links":{"self":[{"href":"https:\/\/naturalpoland.com\/fr\/wp-json\/wp\/v2\/product\/35408","targetHints":{"allow":["GET"]}}],"collection":[{"href":"https:\/\/naturalpoland.com\/fr\/wp-json\/wp\/v2\/product"}],"about":[{"href":"https:\/\/naturalpoland.com\/fr\/wp-json\/wp\/v2\/types\/product"}],"wp:featuredmedia":[{"embeddable":true,"href":"https:\/\/naturalpoland.com\/fr\/wp-json\/wp\/v2\/media\/35246"}],"wp:attachment":[{"href":"https:\/\/naturalpoland.com\/fr\/wp-json\/wp\/v2\/media?parent=35408"}],"wp:term":[{"taxonomy":"product_brand","embeddable":true,"href":"https:\/\/naturalpoland.com\/fr\/wp-json\/wp\/v2\/product_brand?post=35408"},{"taxonomy":"product_cat","embeddable":true,"href":"https:\/\/naturalpoland.com\/fr\/wp-json\/wp\/v2\/product_cat?post=35408"},{"taxonomy":"product_tag","embeddable":true,"href":"https:\/\/naturalpoland.com\/fr\/wp-json\/wp\/v2\/product_tag?post=35408"}],"curies":[{"name":"wp","href":"https:\/\/api.w.org\/{rel}","templated":true}]}}