{"id":35999,"date":"2024-10-03T13:42:52","date_gmt":"2024-10-03T13:14:08","guid":{"rendered":"https:\/\/naturalpoland.com\/produkty\/non class\u00e9\/extrait-de-cassia-nomame\/"},"modified":"2024-10-03T15:14:08","modified_gmt":"2024-10-03T13:14:08","slug":"extrait-de-cassia-nomame","status":"publish","type":"product","link":"https:\/\/naturalpoland.com\/fr\/produkty\/extraits-de-plantes\/extrait-de-cassia-nomame\/","title":{"rendered":"Extrait de Cassia Nomame"},"content":{"rendered":"<h2>Propri\u00e9t\u00e9s<\/h2>\n<p>  L&rsquo;extrait de Cassia Nomame contient des compos\u00e9s naturels <strong>qui inhibent la lipase<\/strong>, l&rsquo;enzyme responsable de la d\u00e9composition des graisses dans l&rsquo;organisme.<br \/>\nPar cons\u00e9quent, les graisses consomm\u00e9es dans l&rsquo;alimentation ne sont pas absorb\u00e9es mais passent par le tube digestif, ce qui entra\u00eene leur excr\u00e9tion au lieu d&rsquo;\u00eatre stock\u00e9es dans l&rsquo;organisme.<br \/>\nC&rsquo;est le m\u00e9canisme d&rsquo;action cl\u00e9 de cet extrait dans la r\u00e9duction du poids.<br \/>\nL&rsquo;extrait <strong>stimule la thermogen\u00e8se<\/strong>, le processus de production de chaleur de l&rsquo;organisme, ce qui augmente la combustion des graisses.<br \/>\nIl soutient ainsi les processus m\u00e9taboliques naturels, contribuant \u00e0 r\u00e9duire la graisse corporelle.<br \/>\nEn plus de son action lipolytique, le Cassia Nomame a des propri\u00e9t\u00e9s <strong>coupe-faim<\/strong>.<br \/>\nCela facilite le d\u00e9veloppement de la masse musculaire maigre et soutient les processus de perte de poids.<br \/>\nLe Cassia Nomame est un <strong>diur\u00e9tique<\/strong> naturel qui favorise l&rsquo;\u00e9limination de l&rsquo;eau en exc\u00e8s dans l&rsquo;organisme, ce qui contribue \u00e0 la r\u00e9duction des gonflements et \u00e0 la d\u00e9sintoxication.<br \/>\nIl a \u00e9galement \u00e9t\u00e9 utilis\u00e9 comme laxatif dans la m\u00e9decine traditionnelle chinoise, mais la recherche moderne indique que la r\u00e9duction du poids n&rsquo;est pas principalement due \u00e0 ces propri\u00e9t\u00e9s, mais \u00e0 son action sur le m\u00e9tabolisme des graisses.          <\/p>\n<h2>Application<\/h2>\n<p>  L&rsquo;extrait de <em>Cassia Nomame<\/em> est largement utilis\u00e9 dans les compl\u00e9ments alimentaires pour favoriser la gestion et la perte de poids.<br \/>\nEn tant que br\u00fbleur de graisse naturel et inhibiteur de lipase, c&rsquo;est un ingr\u00e9dient id\u00e9al dans les produits qui favorisent la r\u00e9duction des graisses, le contr\u00f4le de l&rsquo;app\u00e9tit et la purification du corps. <\/p>\n","protected":false},"excerpt":{"rendered":"<p>L&rsquo;extrait de Cassia Nomame, botaniquement connu sous le nom de <em>Cassia nomame (Sieb.) K.<\/em>, est un produit naturel extrait de la plante enti\u00e8re.<br \/>\nL&rsquo;extrait est obtenu en utilisant l&rsquo;eau comme solvant <\/p>\n","protected":false},"featured_media":35942,"template":"","meta":[],"product_brand":[],"product_cat":[1293],"product_tag":[],"class_list":{"0":"post-35999","1":"product","2":"type-product","3":"status-publish","4":"has-post-thumbnail","6":"product_cat-extraits-de-plantes","7":"pa_czesc-rosliny-plante-entiere","9":"first","10":"instock","11":"shipping-taxable","12":"product-type-simple"},"yoast_head":"<!-- This site is optimized with the Yoast SEO plugin v27.4 - https:\/\/yoast.com\/product\/yoast-seo-wordpress\/ -->\n<title>Extrait de Cassia Nomame - NATURAL POLAND - Distributeur de mati\u00e8res premi\u00e8res en gros<\/title>\n<meta name=\"description\" content=\"L&#039;extrait de Cassia Nomame est un ingr\u00e9dient naturel innovant qui favorise la perte de poids, le contr\u00f4le du poids et la thermogen\u00e8se et am\u00e9liore le m\u00e9tabolisme.\" \/>\n<meta name=\"robots\" content=\"index, follow, max-snippet:-1, max-image-preview:large, max-video-preview:-1\" \/>\n<link rel=\"canonical\" href=\"https:\/\/naturalpoland.com\/fr\/produkty\/extraits-de-plantes\/extrait-de-cassia-nomame\/\" \/>\n<meta property=\"og:locale\" content=\"fr_FR\" \/>\n<meta property=\"og:type\" content=\"article\" \/>\n<meta property=\"og:title\" content=\"Extrait de Cassia Nomame - NATURAL POLAND - Distributeur de mati\u00e8res premi\u00e8res en gros\" \/>\n<meta property=\"og:description\" content=\"L&#039;extrait de Cassia Nomame est un ingr\u00e9dient naturel innovant qui favorise la perte de poids, le contr\u00f4le du poids et la thermogen\u00e8se et am\u00e9liore le m\u00e9tabolisme.\" \/>\n<meta property=\"og:url\" content=\"https:\/\/naturalpoland.com\/fr\/produkty\/extraits-de-plantes\/extrait-de-cassia-nomame\/\" \/>\n<meta property=\"og:site_name\" content=\"NATURAL POLAND - Distributeur de mati\u00e8res premi\u00e8res en gros\" \/>\n<meta property=\"article:publisher\" content=\"https:\/\/www.facebook.com\/naturalpoland.b2b\" \/>\n<meta property=\"og:image\" content=\"https:\/\/naturalpoland.com\/wp-content\/uploads\/ekstrakt-z-cassia-nomame.webp\" \/>\n\t<meta property=\"og:image:width\" content=\"350\" \/>\n\t<meta property=\"og:image:height\" content=\"350\" \/>\n\t<meta property=\"og:image:type\" content=\"image\/webp\" \/>\n<script type=\"application\/ld+json\" class=\"yoast-schema-graph\">{\"@context\":\"https:\\\/\\\/schema.org\",\"@graph\":[{\"@type\":\"WebPage\",\"@id\":\"https:\\\/\\\/naturalpoland.com\\\/fr\\\/produkty\\\/extraits-de-plantes\\\/extrait-de-cassia-nomame\\\/\",\"url\":\"https:\\\/\\\/naturalpoland.com\\\/fr\\\/produkty\\\/extraits-de-plantes\\\/extrait-de-cassia-nomame\\\/\",\"name\":\"Extrait de Cassia Nomame - NATURAL POLAND - Distributeur de mati\u00e8res premi\u00e8res en gros\",\"isPartOf\":{\"@id\":\"https:\\\/\\\/naturalpoland.com\\\/fr\\\/#website\"},\"primaryImageOfPage\":{\"@id\":\"https:\\\/\\\/naturalpoland.com\\\/fr\\\/produkty\\\/extraits-de-plantes\\\/extrait-de-cassia-nomame\\\/#primaryimage\"},\"image\":{\"@id\":\"https:\\\/\\\/naturalpoland.com\\\/fr\\\/produkty\\\/extraits-de-plantes\\\/extrait-de-cassia-nomame\\\/#primaryimage\"},\"thumbnailUrl\":\"https:\\\/\\\/naturalpoland.com\\\/wp-content\\\/uploads\\\/ekstrakt-z-cassia-nomame.webp\",\"datePublished\":\"2024-10-03T13:14:08+00:00\",\"description\":\"L'extrait de Cassia Nomame est un ingr\u00e9dient naturel innovant qui favorise la perte de poids, le contr\u00f4le du poids et la thermogen\u00e8se et am\u00e9liore le m\u00e9tabolisme.\",\"breadcrumb\":{\"@id\":\"https:\\\/\\\/naturalpoland.com\\\/fr\\\/produkty\\\/extraits-de-plantes\\\/extrait-de-cassia-nomame\\\/#breadcrumb\"},\"inLanguage\":\"fr-FR\",\"potentialAction\":[{\"@type\":\"ReadAction\",\"target\":[\"https:\\\/\\\/naturalpoland.com\\\/fr\\\/produkty\\\/extraits-de-plantes\\\/extrait-de-cassia-nomame\\\/\"]}]},{\"@type\":\"ImageObject\",\"inLanguage\":\"fr-FR\",\"@id\":\"https:\\\/\\\/naturalpoland.com\\\/fr\\\/produkty\\\/extraits-de-plantes\\\/extrait-de-cassia-nomame\\\/#primaryimage\",\"url\":\"https:\\\/\\\/naturalpoland.com\\\/wp-content\\\/uploads\\\/ekstrakt-z-cassia-nomame.webp\",\"contentUrl\":\"https:\\\/\\\/naturalpoland.com\\\/wp-content\\\/uploads\\\/ekstrakt-z-cassia-nomame.webp\",\"width\":350,\"height\":350,\"caption\":\"Ekstrakt z Cassia Nomame\"},{\"@type\":\"BreadcrumbList\",\"@id\":\"https:\\\/\\\/naturalpoland.com\\\/fr\\\/produkty\\\/extraits-de-plantes\\\/extrait-de-cassia-nomame\\\/#breadcrumb\",\"itemListElement\":[{\"@type\":\"ListItem\",\"position\":1,\"name\":\"Accueil\",\"item\":\"https:\\\/\\\/naturalpoland.com\\\/fr\\\/\"},{\"@type\":\"ListItem\",\"position\":2,\"name\":\"Produits\",\"item\":\"https:\\\/\\\/naturalpoland.com\\\/fr\\\/produits\\\/\"},{\"@type\":\"ListItem\",\"position\":3,\"name\":\"Extrait de Cassia Nomame\"}]},{\"@type\":\"WebSite\",\"@id\":\"https:\\\/\\\/naturalpoland.com\\\/fr\\\/#website\",\"url\":\"https:\\\/\\\/naturalpoland.com\\\/fr\\\/\",\"name\":\"NATURAL POLAND - Distributeur de mati\u00e8res premi\u00e8res en gros\",\"description\":\"Surowce dla przemys\u0142u spo\u017cywczego, kosmetycznego i farmaceutycznego\",\"publisher\":{\"@id\":\"https:\\\/\\\/naturalpoland.com\\\/fr\\\/#organization\"},\"potentialAction\":[{\"@type\":\"SearchAction\",\"target\":{\"@type\":\"EntryPoint\",\"urlTemplate\":\"https:\\\/\\\/naturalpoland.com\\\/fr\\\/?s={search_term_string}\"},\"query-input\":{\"@type\":\"PropertyValueSpecification\",\"valueRequired\":true,\"valueName\":\"search_term_string\"}}],\"inLanguage\":\"fr-FR\"},{\"@type\":\"Organization\",\"@id\":\"https:\\\/\\\/naturalpoland.com\\\/fr\\\/#organization\",\"name\":\"Natural Poland\",\"url\":\"https:\\\/\\\/naturalpoland.com\\\/fr\\\/\",\"logo\":{\"@type\":\"ImageObject\",\"inLanguage\":\"fr-FR\",\"@id\":\"https:\\\/\\\/naturalpoland.com\\\/fr\\\/#\\\/schema\\\/logo\\\/image\\\/\",\"url\":\"https:\\\/\\\/naturalpoland.com\\\/wp-content\\\/uploads\\\/2021\\\/05\\\/natural-poland-icon.png\",\"contentUrl\":\"https:\\\/\\\/naturalpoland.com\\\/wp-content\\\/uploads\\\/2021\\\/05\\\/natural-poland-icon.png\",\"width\":512,\"height\":512,\"caption\":\"Natural Poland\"},\"image\":{\"@id\":\"https:\\\/\\\/naturalpoland.com\\\/fr\\\/#\\\/schema\\\/logo\\\/image\\\/\"},\"sameAs\":[\"https:\\\/\\\/www.facebook.com\\\/naturalpoland.b2b\",\"https:\\\/\\\/pl.linkedin.com\\\/company\\\/natural-poland\",\"https:\\\/\\\/www.youtube.com\\\/channel\\\/UCgeGGkvOMahZo-xu_MSEWxg\"]}]}<\/script>\n<!-- \/ Yoast SEO plugin. -->","yoast_head_json":{"title":"Extrait de Cassia Nomame - NATURAL POLAND - Distributeur de mati\u00e8res premi\u00e8res en gros","description":"L'extrait de Cassia Nomame est un ingr\u00e9dient naturel innovant qui favorise la perte de poids, le contr\u00f4le du poids et la thermogen\u00e8se et am\u00e9liore le m\u00e9tabolisme.","robots":{"index":"index","follow":"follow","max-snippet":"max-snippet:-1","max-image-preview":"max-image-preview:large","max-video-preview":"max-video-preview:-1"},"canonical":"https:\/\/naturalpoland.com\/fr\/produkty\/extraits-de-plantes\/extrait-de-cassia-nomame\/","og_locale":"fr_FR","og_type":"article","og_title":"Extrait de Cassia Nomame - NATURAL POLAND - Distributeur de mati\u00e8res premi\u00e8res en gros","og_description":"L'extrait de Cassia Nomame est un ingr\u00e9dient naturel innovant qui favorise la perte de poids, le contr\u00f4le du poids et la thermogen\u00e8se et am\u00e9liore le m\u00e9tabolisme.","og_url":"https:\/\/naturalpoland.com\/fr\/produkty\/extraits-de-plantes\/extrait-de-cassia-nomame\/","og_site_name":"NATURAL POLAND - Distributeur de mati\u00e8res premi\u00e8res en gros","article_publisher":"https:\/\/www.facebook.com\/naturalpoland.b2b","og_image":[{"width":350,"height":350,"url":"https:\/\/naturalpoland.com\/wp-content\/uploads\/ekstrakt-z-cassia-nomame.webp","type":"image\/webp"}],"schema":{"@context":"https:\/\/schema.org","@graph":[{"@type":"WebPage","@id":"https:\/\/naturalpoland.com\/fr\/produkty\/extraits-de-plantes\/extrait-de-cassia-nomame\/","url":"https:\/\/naturalpoland.com\/fr\/produkty\/extraits-de-plantes\/extrait-de-cassia-nomame\/","name":"Extrait de Cassia Nomame - NATURAL POLAND - Distributeur de mati\u00e8res premi\u00e8res en gros","isPartOf":{"@id":"https:\/\/naturalpoland.com\/fr\/#website"},"primaryImageOfPage":{"@id":"https:\/\/naturalpoland.com\/fr\/produkty\/extraits-de-plantes\/extrait-de-cassia-nomame\/#primaryimage"},"image":{"@id":"https:\/\/naturalpoland.com\/fr\/produkty\/extraits-de-plantes\/extrait-de-cassia-nomame\/#primaryimage"},"thumbnailUrl":"https:\/\/naturalpoland.com\/wp-content\/uploads\/ekstrakt-z-cassia-nomame.webp","datePublished":"2024-10-03T13:14:08+00:00","description":"L'extrait de Cassia Nomame est un ingr\u00e9dient naturel innovant qui favorise la perte de poids, le contr\u00f4le du poids et la thermogen\u00e8se et am\u00e9liore le m\u00e9tabolisme.","breadcrumb":{"@id":"https:\/\/naturalpoland.com\/fr\/produkty\/extraits-de-plantes\/extrait-de-cassia-nomame\/#breadcrumb"},"inLanguage":"fr-FR","potentialAction":[{"@type":"ReadAction","target":["https:\/\/naturalpoland.com\/fr\/produkty\/extraits-de-plantes\/extrait-de-cassia-nomame\/"]}]},{"@type":"ImageObject","inLanguage":"fr-FR","@id":"https:\/\/naturalpoland.com\/fr\/produkty\/extraits-de-plantes\/extrait-de-cassia-nomame\/#primaryimage","url":"https:\/\/naturalpoland.com\/wp-content\/uploads\/ekstrakt-z-cassia-nomame.webp","contentUrl":"https:\/\/naturalpoland.com\/wp-content\/uploads\/ekstrakt-z-cassia-nomame.webp","width":350,"height":350,"caption":"Ekstrakt z Cassia Nomame"},{"@type":"BreadcrumbList","@id":"https:\/\/naturalpoland.com\/fr\/produkty\/extraits-de-plantes\/extrait-de-cassia-nomame\/#breadcrumb","itemListElement":[{"@type":"ListItem","position":1,"name":"Accueil","item":"https:\/\/naturalpoland.com\/fr\/"},{"@type":"ListItem","position":2,"name":"Produits","item":"https:\/\/naturalpoland.com\/fr\/produits\/"},{"@type":"ListItem","position":3,"name":"Extrait de Cassia Nomame"}]},{"@type":"WebSite","@id":"https:\/\/naturalpoland.com\/fr\/#website","url":"https:\/\/naturalpoland.com\/fr\/","name":"NATURAL POLAND - Distributeur de mati\u00e8res premi\u00e8res en gros","description":"Surowce dla przemys\u0142u spo\u017cywczego, kosmetycznego i farmaceutycznego","publisher":{"@id":"https:\/\/naturalpoland.com\/fr\/#organization"},"potentialAction":[{"@type":"SearchAction","target":{"@type":"EntryPoint","urlTemplate":"https:\/\/naturalpoland.com\/fr\/?s={search_term_string}"},"query-input":{"@type":"PropertyValueSpecification","valueRequired":true,"valueName":"search_term_string"}}],"inLanguage":"fr-FR"},{"@type":"Organization","@id":"https:\/\/naturalpoland.com\/fr\/#organization","name":"Natural Poland","url":"https:\/\/naturalpoland.com\/fr\/","logo":{"@type":"ImageObject","inLanguage":"fr-FR","@id":"https:\/\/naturalpoland.com\/fr\/#\/schema\/logo\/image\/","url":"https:\/\/naturalpoland.com\/wp-content\/uploads\/2021\/05\/natural-poland-icon.png","contentUrl":"https:\/\/naturalpoland.com\/wp-content\/uploads\/2021\/05\/natural-poland-icon.png","width":512,"height":512,"caption":"Natural Poland"},"image":{"@id":"https:\/\/naturalpoland.com\/fr\/#\/schema\/logo\/image\/"},"sameAs":["https:\/\/www.facebook.com\/naturalpoland.b2b","https:\/\/pl.linkedin.com\/company\/natural-poland","https:\/\/www.youtube.com\/channel\/UCgeGGkvOMahZo-xu_MSEWxg"]}]}},"_links":{"self":[{"href":"https:\/\/naturalpoland.com\/fr\/wp-json\/wp\/v2\/product\/35999","targetHints":{"allow":["GET"]}}],"collection":[{"href":"https:\/\/naturalpoland.com\/fr\/wp-json\/wp\/v2\/product"}],"about":[{"href":"https:\/\/naturalpoland.com\/fr\/wp-json\/wp\/v2\/types\/product"}],"wp:featuredmedia":[{"embeddable":true,"href":"https:\/\/naturalpoland.com\/fr\/wp-json\/wp\/v2\/media\/35942"}],"wp:attachment":[{"href":"https:\/\/naturalpoland.com\/fr\/wp-json\/wp\/v2\/media?parent=35999"}],"wp:term":[{"taxonomy":"product_brand","embeddable":true,"href":"https:\/\/naturalpoland.com\/fr\/wp-json\/wp\/v2\/product_brand?post=35999"},{"taxonomy":"product_cat","embeddable":true,"href":"https:\/\/naturalpoland.com\/fr\/wp-json\/wp\/v2\/product_cat?post=35999"},{"taxonomy":"product_tag","embeddable":true,"href":"https:\/\/naturalpoland.com\/fr\/wp-json\/wp\/v2\/product_tag?post=35999"}],"curies":[{"name":"wp","href":"https:\/\/api.w.org\/{rel}","templated":true}]}}