{"id":36712,"date":"2024-10-14T15:21:32","date_gmt":"2024-10-16T12:47:31","guid":{"rendered":"https:\/\/naturalpoland.com\/produkty\/non class\u00e9\/petrole-de-geranium\/"},"modified":"2024-10-16T14:47:31","modified_gmt":"2024-10-16T12:47:31","slug":"petrole-de-geranium","status":"publish","type":"product","link":"https:\/\/naturalpoland.com\/fr\/produkty\/produits-pour-lindustrie-cosmetique\/huiles-essentielles\/petrole-de-geranium\/","title":{"rendered":"Huile de g\u00e9ranium"},"content":{"rendered":"<h2>Propri\u00e9t\u00e9s<\/h2>\n<p>L&rsquo;huile de g\u00e9ranium est utile en cas d&rsquo;infections cutan\u00e9es, car elle a un effet <strong>r\u00e9g\u00e9n\u00e9rateur<\/strong> et <strong>anti-inflammatoire<\/strong>. En outre, elle soutient le traitement de la candidose. Gr\u00e2ce \u00e0 ses propri\u00e9t\u00e9s <strong>raffermissantes<\/strong>, elle est recommand\u00e9e pour lutter contre la cellulite. En outre, elle favorise l&rsquo;<strong>\u00e9quilibre hormonal<\/strong> en r\u00e9gulant les contractions musculaires, ce qui la rend populaire pour les troubles menstruels et m\u00e9nopausiques. Utilis\u00e9e en massage, elle<strong> soulage les tensions<\/strong> et a un effet calmant, am\u00e9liorant l&rsquo;humeur et att\u00e9nuant les sympt\u00f4mes du stress.    <\/p>\n<h2>Application<\/h2>\n<p>L&rsquo;huile de g\u00e9ranium est utilis\u00e9e en aromath\u00e9rapie pour soulager le stress et am\u00e9liorer la qualit\u00e9 du sommeil. Dans le domaine des soins de la peau, elle est ajout\u00e9e aux cr\u00e8mes, aux lotions et aux huiles pour soigner et tonifier la peau. Elle est particuli\u00e8rement recommand\u00e9e pour les peaux matures, grasses et acn\u00e9iques. Associ\u00e9e \u00e0 une huile de support, l&rsquo;huile de g\u00e9ranium est excellente pour les massages relaxants qui soulagent les muscles fatigu\u00e9s et am\u00e9liorent la circulation. Les propri\u00e9t\u00e9s r\u00e9pulsives naturelles de l&rsquo;huile la rendent efficace pour repousser les insectes, en particulier les moustiques, offrant ainsi une protection pendant les soir\u00e9es d&rsquo;\u00e9t\u00e9.  <\/p>\n","protected":false},"excerpt":{"rendered":"<p>L&rsquo;<strong>huile essentielle de g\u00e9ranium<\/strong> est extraite des feuilles et des fleurs aromatiques du<em>g\u00e9ranium<\/em> odorant<em>(Pelargonium graveolens<\/em>). Son ar\u00f4me est profond et floral, alliant des notes de rose \u00e0 la fra\u00eecheur subtile des herbes.<\/p>\n<h3><\/h3>\n","protected":false},"featured_media":36548,"template":"","meta":[],"product_brand":[],"product_cat":[6265],"product_tag":[],"class_list":{"0":"post-36712","1":"product","2":"type-product","3":"status-publish","4":"has-post-thumbnail","6":"product_cat-huiles-essentielles","8":"first","9":"instock","10":"shipping-taxable","11":"product-type-simple"},"yoast_head":"<!-- This site is optimized with the Yoast SEO plugin v27.4 - https:\/\/yoast.com\/product\/yoast-seo-wordpress\/ -->\n<title>Huile de g\u00e9ranium - NATURAL POLAND - Distributeur de mati\u00e8res premi\u00e8res en gros<\/title>\n<meta name=\"description\" content=\"L&#039;huile essentielle de g\u00e9ranium, extraite des feuilles et des fleurs aromatiques du g\u00e9ranium odorant, est un produit aux propri\u00e9t\u00e9s extr\u00eamement polyvalentes.\" \/>\n<meta name=\"robots\" content=\"index, follow, max-snippet:-1, max-image-preview:large, max-video-preview:-1\" \/>\n<link rel=\"canonical\" href=\"https:\/\/naturalpoland.com\/fr\/produkty\/produits-pour-lindustrie-cosmetique\/huiles-essentielles\/petrole-de-geranium\/\" \/>\n<meta property=\"og:locale\" content=\"fr_FR\" \/>\n<meta property=\"og:type\" content=\"article\" \/>\n<meta property=\"og:title\" content=\"Huile de g\u00e9ranium - NATURAL POLAND - Distributeur de mati\u00e8res premi\u00e8res en gros\" \/>\n<meta property=\"og:description\" content=\"L&#039;huile essentielle de g\u00e9ranium, extraite des feuilles et des fleurs aromatiques du g\u00e9ranium odorant, est un produit aux propri\u00e9t\u00e9s extr\u00eamement polyvalentes.\" \/>\n<meta property=\"og:url\" content=\"https:\/\/naturalpoland.com\/fr\/produkty\/produits-pour-lindustrie-cosmetique\/huiles-essentielles\/petrole-de-geranium\/\" \/>\n<meta property=\"og:site_name\" content=\"NATURAL POLAND - Distributeur de mati\u00e8res premi\u00e8res en gros\" \/>\n<meta property=\"article:publisher\" content=\"https:\/\/www.facebook.com\/naturalpoland.b2b\" \/>\n<meta property=\"og:image\" content=\"https:\/\/naturalpoland.com\/wp-content\/uploads\/olejek-z-geranium.webp\" \/>\n\t<meta property=\"og:image:width\" content=\"610\" \/>\n\t<meta property=\"og:image:height\" content=\"610\" \/>\n\t<meta property=\"og:image:type\" content=\"image\/webp\" \/>\n<script type=\"application\/ld+json\" class=\"yoast-schema-graph\">{\"@context\":\"https:\\\/\\\/schema.org\",\"@graph\":[{\"@type\":\"WebPage\",\"@id\":\"https:\\\/\\\/naturalpoland.com\\\/fr\\\/produkty\\\/produits-pour-lindustrie-cosmetique\\\/huiles-essentielles\\\/petrole-de-geranium\\\/\",\"url\":\"https:\\\/\\\/naturalpoland.com\\\/fr\\\/produkty\\\/produits-pour-lindustrie-cosmetique\\\/huiles-essentielles\\\/petrole-de-geranium\\\/\",\"name\":\"Huile de g\u00e9ranium - NATURAL POLAND - Distributeur de mati\u00e8res premi\u00e8res en gros\",\"isPartOf\":{\"@id\":\"https:\\\/\\\/naturalpoland.com\\\/fr\\\/#website\"},\"primaryImageOfPage\":{\"@id\":\"https:\\\/\\\/naturalpoland.com\\\/fr\\\/produkty\\\/produits-pour-lindustrie-cosmetique\\\/huiles-essentielles\\\/petrole-de-geranium\\\/#primaryimage\"},\"image\":{\"@id\":\"https:\\\/\\\/naturalpoland.com\\\/fr\\\/produkty\\\/produits-pour-lindustrie-cosmetique\\\/huiles-essentielles\\\/petrole-de-geranium\\\/#primaryimage\"},\"thumbnailUrl\":\"https:\\\/\\\/naturalpoland.com\\\/wp-content\\\/uploads\\\/olejek-z-geranium.webp\",\"datePublished\":\"2024-10-16T12:47:31+00:00\",\"description\":\"L'huile essentielle de g\u00e9ranium, extraite des feuilles et des fleurs aromatiques du g\u00e9ranium odorant, est un produit aux propri\u00e9t\u00e9s extr\u00eamement polyvalentes.\",\"breadcrumb\":{\"@id\":\"https:\\\/\\\/naturalpoland.com\\\/fr\\\/produkty\\\/produits-pour-lindustrie-cosmetique\\\/huiles-essentielles\\\/petrole-de-geranium\\\/#breadcrumb\"},\"inLanguage\":\"fr-FR\",\"potentialAction\":[{\"@type\":\"ReadAction\",\"target\":[\"https:\\\/\\\/naturalpoland.com\\\/fr\\\/produkty\\\/produits-pour-lindustrie-cosmetique\\\/huiles-essentielles\\\/petrole-de-geranium\\\/\"]}]},{\"@type\":\"ImageObject\",\"inLanguage\":\"fr-FR\",\"@id\":\"https:\\\/\\\/naturalpoland.com\\\/fr\\\/produkty\\\/produits-pour-lindustrie-cosmetique\\\/huiles-essentielles\\\/petrole-de-geranium\\\/#primaryimage\",\"url\":\"https:\\\/\\\/naturalpoland.com\\\/wp-content\\\/uploads\\\/olejek-z-geranium.webp\",\"contentUrl\":\"https:\\\/\\\/naturalpoland.com\\\/wp-content\\\/uploads\\\/olejek-z-geranium.webp\",\"width\":610,\"height\":610,\"caption\":\"olejek z geranium\"},{\"@type\":\"BreadcrumbList\",\"@id\":\"https:\\\/\\\/naturalpoland.com\\\/fr\\\/produkty\\\/produits-pour-lindustrie-cosmetique\\\/huiles-essentielles\\\/petrole-de-geranium\\\/#breadcrumb\",\"itemListElement\":[{\"@type\":\"ListItem\",\"position\":1,\"name\":\"Accueil\",\"item\":\"https:\\\/\\\/naturalpoland.com\\\/fr\\\/\"},{\"@type\":\"ListItem\",\"position\":2,\"name\":\"Produits\",\"item\":\"https:\\\/\\\/naturalpoland.com\\\/fr\\\/produits\\\/\"},{\"@type\":\"ListItem\",\"position\":3,\"name\":\"Huile de g\u00e9ranium\"}]},{\"@type\":\"WebSite\",\"@id\":\"https:\\\/\\\/naturalpoland.com\\\/fr\\\/#website\",\"url\":\"https:\\\/\\\/naturalpoland.com\\\/fr\\\/\",\"name\":\"NATURAL POLAND - Distributeur de mati\u00e8res premi\u00e8res en gros\",\"description\":\"Surowce dla przemys\u0142u spo\u017cywczego, kosmetycznego i farmaceutycznego\",\"publisher\":{\"@id\":\"https:\\\/\\\/naturalpoland.com\\\/fr\\\/#organization\"},\"potentialAction\":[{\"@type\":\"SearchAction\",\"target\":{\"@type\":\"EntryPoint\",\"urlTemplate\":\"https:\\\/\\\/naturalpoland.com\\\/fr\\\/?s={search_term_string}\"},\"query-input\":{\"@type\":\"PropertyValueSpecification\",\"valueRequired\":true,\"valueName\":\"search_term_string\"}}],\"inLanguage\":\"fr-FR\"},{\"@type\":\"Organization\",\"@id\":\"https:\\\/\\\/naturalpoland.com\\\/fr\\\/#organization\",\"name\":\"Natural Poland\",\"url\":\"https:\\\/\\\/naturalpoland.com\\\/fr\\\/\",\"logo\":{\"@type\":\"ImageObject\",\"inLanguage\":\"fr-FR\",\"@id\":\"https:\\\/\\\/naturalpoland.com\\\/fr\\\/#\\\/schema\\\/logo\\\/image\\\/\",\"url\":\"https:\\\/\\\/naturalpoland.com\\\/wp-content\\\/uploads\\\/2021\\\/05\\\/natural-poland-icon.png\",\"contentUrl\":\"https:\\\/\\\/naturalpoland.com\\\/wp-content\\\/uploads\\\/2021\\\/05\\\/natural-poland-icon.png\",\"width\":512,\"height\":512,\"caption\":\"Natural Poland\"},\"image\":{\"@id\":\"https:\\\/\\\/naturalpoland.com\\\/fr\\\/#\\\/schema\\\/logo\\\/image\\\/\"},\"sameAs\":[\"https:\\\/\\\/www.facebook.com\\\/naturalpoland.b2b\",\"https:\\\/\\\/pl.linkedin.com\\\/company\\\/natural-poland\",\"https:\\\/\\\/www.youtube.com\\\/channel\\\/UCgeGGkvOMahZo-xu_MSEWxg\"]}]}<\/script>\n<!-- \/ Yoast SEO plugin. -->","yoast_head_json":{"title":"Huile de g\u00e9ranium - NATURAL POLAND - Distributeur de mati\u00e8res premi\u00e8res en gros","description":"L'huile essentielle de g\u00e9ranium, extraite des feuilles et des fleurs aromatiques du g\u00e9ranium odorant, est un produit aux propri\u00e9t\u00e9s extr\u00eamement polyvalentes.","robots":{"index":"index","follow":"follow","max-snippet":"max-snippet:-1","max-image-preview":"max-image-preview:large","max-video-preview":"max-video-preview:-1"},"canonical":"https:\/\/naturalpoland.com\/fr\/produkty\/produits-pour-lindustrie-cosmetique\/huiles-essentielles\/petrole-de-geranium\/","og_locale":"fr_FR","og_type":"article","og_title":"Huile de g\u00e9ranium - NATURAL POLAND - Distributeur de mati\u00e8res premi\u00e8res en gros","og_description":"L'huile essentielle de g\u00e9ranium, extraite des feuilles et des fleurs aromatiques du g\u00e9ranium odorant, est un produit aux propri\u00e9t\u00e9s extr\u00eamement polyvalentes.","og_url":"https:\/\/naturalpoland.com\/fr\/produkty\/produits-pour-lindustrie-cosmetique\/huiles-essentielles\/petrole-de-geranium\/","og_site_name":"NATURAL POLAND - Distributeur de mati\u00e8res premi\u00e8res en gros","article_publisher":"https:\/\/www.facebook.com\/naturalpoland.b2b","og_image":[{"width":610,"height":610,"url":"https:\/\/naturalpoland.com\/wp-content\/uploads\/olejek-z-geranium.webp","type":"image\/webp"}],"schema":{"@context":"https:\/\/schema.org","@graph":[{"@type":"WebPage","@id":"https:\/\/naturalpoland.com\/fr\/produkty\/produits-pour-lindustrie-cosmetique\/huiles-essentielles\/petrole-de-geranium\/","url":"https:\/\/naturalpoland.com\/fr\/produkty\/produits-pour-lindustrie-cosmetique\/huiles-essentielles\/petrole-de-geranium\/","name":"Huile de g\u00e9ranium - NATURAL POLAND - Distributeur de mati\u00e8res premi\u00e8res en gros","isPartOf":{"@id":"https:\/\/naturalpoland.com\/fr\/#website"},"primaryImageOfPage":{"@id":"https:\/\/naturalpoland.com\/fr\/produkty\/produits-pour-lindustrie-cosmetique\/huiles-essentielles\/petrole-de-geranium\/#primaryimage"},"image":{"@id":"https:\/\/naturalpoland.com\/fr\/produkty\/produits-pour-lindustrie-cosmetique\/huiles-essentielles\/petrole-de-geranium\/#primaryimage"},"thumbnailUrl":"https:\/\/naturalpoland.com\/wp-content\/uploads\/olejek-z-geranium.webp","datePublished":"2024-10-16T12:47:31+00:00","description":"L'huile essentielle de g\u00e9ranium, extraite des feuilles et des fleurs aromatiques du g\u00e9ranium odorant, est un produit aux propri\u00e9t\u00e9s extr\u00eamement polyvalentes.","breadcrumb":{"@id":"https:\/\/naturalpoland.com\/fr\/produkty\/produits-pour-lindustrie-cosmetique\/huiles-essentielles\/petrole-de-geranium\/#breadcrumb"},"inLanguage":"fr-FR","potentialAction":[{"@type":"ReadAction","target":["https:\/\/naturalpoland.com\/fr\/produkty\/produits-pour-lindustrie-cosmetique\/huiles-essentielles\/petrole-de-geranium\/"]}]},{"@type":"ImageObject","inLanguage":"fr-FR","@id":"https:\/\/naturalpoland.com\/fr\/produkty\/produits-pour-lindustrie-cosmetique\/huiles-essentielles\/petrole-de-geranium\/#primaryimage","url":"https:\/\/naturalpoland.com\/wp-content\/uploads\/olejek-z-geranium.webp","contentUrl":"https:\/\/naturalpoland.com\/wp-content\/uploads\/olejek-z-geranium.webp","width":610,"height":610,"caption":"olejek z geranium"},{"@type":"BreadcrumbList","@id":"https:\/\/naturalpoland.com\/fr\/produkty\/produits-pour-lindustrie-cosmetique\/huiles-essentielles\/petrole-de-geranium\/#breadcrumb","itemListElement":[{"@type":"ListItem","position":1,"name":"Accueil","item":"https:\/\/naturalpoland.com\/fr\/"},{"@type":"ListItem","position":2,"name":"Produits","item":"https:\/\/naturalpoland.com\/fr\/produits\/"},{"@type":"ListItem","position":3,"name":"Huile de g\u00e9ranium"}]},{"@type":"WebSite","@id":"https:\/\/naturalpoland.com\/fr\/#website","url":"https:\/\/naturalpoland.com\/fr\/","name":"NATURAL POLAND - Distributeur de mati\u00e8res premi\u00e8res en gros","description":"Surowce dla przemys\u0142u spo\u017cywczego, kosmetycznego i farmaceutycznego","publisher":{"@id":"https:\/\/naturalpoland.com\/fr\/#organization"},"potentialAction":[{"@type":"SearchAction","target":{"@type":"EntryPoint","urlTemplate":"https:\/\/naturalpoland.com\/fr\/?s={search_term_string}"},"query-input":{"@type":"PropertyValueSpecification","valueRequired":true,"valueName":"search_term_string"}}],"inLanguage":"fr-FR"},{"@type":"Organization","@id":"https:\/\/naturalpoland.com\/fr\/#organization","name":"Natural Poland","url":"https:\/\/naturalpoland.com\/fr\/","logo":{"@type":"ImageObject","inLanguage":"fr-FR","@id":"https:\/\/naturalpoland.com\/fr\/#\/schema\/logo\/image\/","url":"https:\/\/naturalpoland.com\/wp-content\/uploads\/2021\/05\/natural-poland-icon.png","contentUrl":"https:\/\/naturalpoland.com\/wp-content\/uploads\/2021\/05\/natural-poland-icon.png","width":512,"height":512,"caption":"Natural Poland"},"image":{"@id":"https:\/\/naturalpoland.com\/fr\/#\/schema\/logo\/image\/"},"sameAs":["https:\/\/www.facebook.com\/naturalpoland.b2b","https:\/\/pl.linkedin.com\/company\/natural-poland","https:\/\/www.youtube.com\/channel\/UCgeGGkvOMahZo-xu_MSEWxg"]}]}},"_links":{"self":[{"href":"https:\/\/naturalpoland.com\/fr\/wp-json\/wp\/v2\/product\/36712","targetHints":{"allow":["GET"]}}],"collection":[{"href":"https:\/\/naturalpoland.com\/fr\/wp-json\/wp\/v2\/product"}],"about":[{"href":"https:\/\/naturalpoland.com\/fr\/wp-json\/wp\/v2\/types\/product"}],"wp:featuredmedia":[{"embeddable":true,"href":"https:\/\/naturalpoland.com\/fr\/wp-json\/wp\/v2\/media\/36548"}],"wp:attachment":[{"href":"https:\/\/naturalpoland.com\/fr\/wp-json\/wp\/v2\/media?parent=36712"}],"wp:term":[{"taxonomy":"product_brand","embeddable":true,"href":"https:\/\/naturalpoland.com\/fr\/wp-json\/wp\/v2\/product_brand?post=36712"},{"taxonomy":"product_cat","embeddable":true,"href":"https:\/\/naturalpoland.com\/fr\/wp-json\/wp\/v2\/product_cat?post=36712"},{"taxonomy":"product_tag","embeddable":true,"href":"https:\/\/naturalpoland.com\/fr\/wp-json\/wp\/v2\/product_tag?post=36712"}],"curies":[{"name":"wp","href":"https:\/\/api.w.org\/{rel}","templated":true}]}}