{"id":36982,"date":"2024-10-21T12:58:50","date_gmt":"2024-10-21T12:50:43","guid":{"rendered":"https:\/\/naturalpoland.com\/produkty\/non class\u00e9\/huile-dorange-amere\/"},"modified":"2024-10-21T14:50:43","modified_gmt":"2024-10-21T12:50:43","slug":"huile-dorange-amere","status":"publish","type":"product","link":"https:\/\/naturalpoland.com\/fr\/produkty\/produits-pour-lindustrie-cosmetique\/huiles-essentielles\/huile-dorange-amere\/","title":{"rendered":"Huile d&rsquo;orange am\u00e8re"},"content":{"rendered":"<p>L&rsquo;huile d&rsquo;orange am\u00e8re est press\u00e9e \u00e0 froid \u00e0 partir de l&rsquo;\u00e9corce des fruits cultiv\u00e9s dans des r\u00e9gions au climat chaud telles que l&rsquo;Inde, l&rsquo;Espagne, la Sicile, le Maroc et les Cara\u00efbes. L&rsquo;huile est riche en principes actifs tels que le <strong>limon\u00e8ne<\/strong>, le <strong>linalol<\/strong> et le <strong>citral<\/strong>, qui sont responsables de ses effets th\u00e9rapeutiques. Les <strong>flavono\u00efdes<\/strong> contenus dans l&rsquo;huile soutiennent le syst\u00e8me immunitaire, renfor\u00e7ant les m\u00e9canismes de d\u00e9fense naturels de l&rsquo;organisme. L&rsquo;utilisation de l&rsquo;huile dans un diffuseur pendant la saison des rhumes et des grippes permet de d\u00e9barrasser l&rsquo;air des germes ind\u00e9sirables. L&rsquo;huile a \u00e9galement des propri\u00e9t\u00e9s qui soutiennent le syst\u00e8me digestif. Elle aide \u00e0 soulager les probl\u00e8mes li\u00e9s \u00e0 l&rsquo;indigestion, aux br\u00fblures d&rsquo;estomac et aux flatulences, tout en r\u00e9gulant l&rsquo;app\u00e9tit. Avec son parfum rafra\u00eechissant et \u00e9nergisant, ce produit a un effet apaisant sur le syst\u00e8me nerveux, aidant \u00e0 combattre le stress, la tension et l&rsquo;anxi\u00e9t\u00e9. En aromath\u00e9rapie, il est utilis\u00e9 pour am\u00e9liorer l&rsquo;humeur, att\u00e9nuer les sympt\u00f4mes de la d\u00e9pression et favoriser la relaxation. Son parfum, lorsqu&rsquo;il est inhal\u00e9, stimule l&rsquo;esprit, am\u00e9liore la concentration et augmente l&rsquo;\u00e9nergie. En tant qu&rsquo;ingr\u00e9dient cosm\u00e9tique, l&rsquo;huile d&rsquo;orange am\u00e8re a un effet purifiant, tonifiant et anti-\u00e2ge. Elle peut \u00eatre ajout\u00e9e aux cr\u00e8mes, s\u00e9rums et toniques, am\u00e9liorant l&rsquo;\u00e9tat des peaux grasses, matures et sujettes aux imperfections. L&rsquo;huile d&rsquo;orange am\u00e8re est <strong>phototoxique<\/strong>, ce qui signifie qu&rsquo;une fois appliqu\u00e9e sur la peau, elle ne doit pas \u00eatre expos\u00e9e \u00e0 la lumi\u00e8re directe du soleil pendant au moins 18 heures. Le produit doit \u00eatre utilis\u00e9 avec pr\u00e9caution, toujours dilu\u00e9 dans une huile de support au pr\u00e9alable afin d&rsquo;\u00e9viter toute irritation. <\/p>\n","protected":false},"excerpt":{"rendered":"<p>L&rsquo;<strong>huile essentielle d&rsquo;orange am\u00e8re<\/strong> est extraite du fruit du <em>Citrus aurantium.<\/em> Elle se distingue par un ar\u00f4me frais d&rsquo;agrumes avec de d\u00e9licates notes vertes et bois\u00e9es.<\/p>\n","protected":false},"featured_media":36883,"template":"","meta":{"_acf_changed":false},"product_brand":[],"product_cat":[6265],"product_tag":[],"class_list":{"0":"post-36982","1":"product","2":"type-product","3":"status-publish","4":"has-post-thumbnail","6":"product_cat-huiles-essentielles","8":"first","9":"instock","10":"shipping-taxable","11":"product-type-simple"},"acf":[],"yoast_head":"<!-- This site is optimized with the Yoast SEO plugin v27.5 - https:\/\/yoast.com\/product\/yoast-seo-wordpress\/ -->\n<title>Huile d&#039;orange am\u00e8re - NATURAL POLAND - Distributeur de mati\u00e8res premi\u00e8res en gros<\/title>\n<meta name=\"description\" content=\"L&#039;huile d&#039;orange am\u00e8re est press\u00e9e \u00e0 froid \u00e0 partir de l&#039;\u00e9corce de fruits cultiv\u00e9s dans des r\u00e9gions au climat chaud comme l&#039;Inde, l&#039;Espagne et la Sicile.\" \/>\n<meta name=\"robots\" content=\"index, follow, max-snippet:-1, max-image-preview:large, max-video-preview:-1\" \/>\n<link rel=\"canonical\" href=\"https:\/\/naturalpoland.com\/fr\/produkty\/produits-pour-lindustrie-cosmetique\/huiles-essentielles\/huile-dorange-amere\/\" \/>\n<meta property=\"og:locale\" content=\"fr_FR\" \/>\n<meta property=\"og:type\" content=\"article\" \/>\n<meta property=\"og:title\" content=\"Huile d&#039;orange am\u00e8re - NATURAL POLAND - Distributeur de mati\u00e8res premi\u00e8res en gros\" \/>\n<meta property=\"og:description\" content=\"L&#039;huile d&#039;orange am\u00e8re est press\u00e9e \u00e0 froid \u00e0 partir de l&#039;\u00e9corce de fruits cultiv\u00e9s dans des r\u00e9gions au climat chaud comme l&#039;Inde, l&#039;Espagne et la Sicile.\" \/>\n<meta property=\"og:url\" content=\"https:\/\/naturalpoland.com\/fr\/produkty\/produits-pour-lindustrie-cosmetique\/huiles-essentielles\/huile-dorange-amere\/\" \/>\n<meta property=\"og:site_name\" content=\"NATURAL POLAND - Distributeur de mati\u00e8res premi\u00e8res en gros\" \/>\n<meta property=\"article:publisher\" content=\"https:\/\/www.facebook.com\/naturalpoland.b2b\" \/>\n<meta property=\"og:image\" content=\"https:\/\/naturalpoland.com\/wp-content\/uploads\/olejek-z-gorzkiej-pomaranczy.webp\" \/>\n\t<meta property=\"og:image:width\" content=\"426\" \/>\n\t<meta property=\"og:image:height\" content=\"426\" \/>\n\t<meta property=\"og:image:type\" content=\"image\/webp\" \/>\n<script type=\"application\/ld+json\" class=\"yoast-schema-graph\">{\"@context\":\"https:\\\/\\\/schema.org\",\"@graph\":[{\"@type\":\"WebPage\",\"@id\":\"https:\\\/\\\/naturalpoland.com\\\/fr\\\/produkty\\\/produits-pour-lindustrie-cosmetique\\\/huiles-essentielles\\\/huile-dorange-amere\\\/\",\"url\":\"https:\\\/\\\/naturalpoland.com\\\/fr\\\/produkty\\\/produits-pour-lindustrie-cosmetique\\\/huiles-essentielles\\\/huile-dorange-amere\\\/\",\"name\":\"Huile d'orange am\u00e8re - NATURAL POLAND - Distributeur de mati\u00e8res premi\u00e8res en gros\",\"isPartOf\":{\"@id\":\"https:\\\/\\\/naturalpoland.com\\\/fr\\\/#website\"},\"primaryImageOfPage\":{\"@id\":\"https:\\\/\\\/naturalpoland.com\\\/fr\\\/produkty\\\/produits-pour-lindustrie-cosmetique\\\/huiles-essentielles\\\/huile-dorange-amere\\\/#primaryimage\"},\"image\":{\"@id\":\"https:\\\/\\\/naturalpoland.com\\\/fr\\\/produkty\\\/produits-pour-lindustrie-cosmetique\\\/huiles-essentielles\\\/huile-dorange-amere\\\/#primaryimage\"},\"thumbnailUrl\":\"https:\\\/\\\/naturalpoland.com\\\/wp-content\\\/uploads\\\/olejek-z-gorzkiej-pomaranczy.webp\",\"datePublished\":\"2024-10-21T12:50:43+00:00\",\"description\":\"L'huile d'orange am\u00e8re est press\u00e9e \u00e0 froid \u00e0 partir de l'\u00e9corce de fruits cultiv\u00e9s dans des r\u00e9gions au climat chaud comme l'Inde, l'Espagne et la Sicile.\",\"breadcrumb\":{\"@id\":\"https:\\\/\\\/naturalpoland.com\\\/fr\\\/produkty\\\/produits-pour-lindustrie-cosmetique\\\/huiles-essentielles\\\/huile-dorange-amere\\\/#breadcrumb\"},\"inLanguage\":\"fr-FR\",\"potentialAction\":[{\"@type\":\"ReadAction\",\"target\":[\"https:\\\/\\\/naturalpoland.com\\\/fr\\\/produkty\\\/produits-pour-lindustrie-cosmetique\\\/huiles-essentielles\\\/huile-dorange-amere\\\/\"]}]},{\"@type\":\"ImageObject\",\"inLanguage\":\"fr-FR\",\"@id\":\"https:\\\/\\\/naturalpoland.com\\\/fr\\\/produkty\\\/produits-pour-lindustrie-cosmetique\\\/huiles-essentielles\\\/huile-dorange-amere\\\/#primaryimage\",\"url\":\"https:\\\/\\\/naturalpoland.com\\\/wp-content\\\/uploads\\\/olejek-z-gorzkiej-pomaranczy.webp\",\"contentUrl\":\"https:\\\/\\\/naturalpoland.com\\\/wp-content\\\/uploads\\\/olejek-z-gorzkiej-pomaranczy.webp\",\"width\":426,\"height\":426,\"caption\":\"Olejek eteryczny z gorzkiej pomara\u0144czy\"},{\"@type\":\"BreadcrumbList\",\"@id\":\"https:\\\/\\\/naturalpoland.com\\\/fr\\\/produkty\\\/produits-pour-lindustrie-cosmetique\\\/huiles-essentielles\\\/huile-dorange-amere\\\/#breadcrumb\",\"itemListElement\":[{\"@type\":\"ListItem\",\"position\":1,\"name\":\"Accueil\",\"item\":\"https:\\\/\\\/naturalpoland.com\\\/fr\\\/\"},{\"@type\":\"ListItem\",\"position\":2,\"name\":\"Produits\",\"item\":\"https:\\\/\\\/naturalpoland.com\\\/fr\\\/produits\\\/\"},{\"@type\":\"ListItem\",\"position\":3,\"name\":\"Huile d&rsquo;orange am\u00e8re\"}]},{\"@type\":\"WebSite\",\"@id\":\"https:\\\/\\\/naturalpoland.com\\\/fr\\\/#website\",\"url\":\"https:\\\/\\\/naturalpoland.com\\\/fr\\\/\",\"name\":\"NATURAL POLAND - Distributeur de mati\u00e8res premi\u00e8res en gros\",\"description\":\"Surowce dla przemys\u0142u spo\u017cywczego, kosmetycznego i farmaceutycznego\",\"publisher\":{\"@id\":\"https:\\\/\\\/naturalpoland.com\\\/fr\\\/#organization\"},\"potentialAction\":[{\"@type\":\"SearchAction\",\"target\":{\"@type\":\"EntryPoint\",\"urlTemplate\":\"https:\\\/\\\/naturalpoland.com\\\/fr\\\/?s={search_term_string}\"},\"query-input\":{\"@type\":\"PropertyValueSpecification\",\"valueRequired\":true,\"valueName\":\"search_term_string\"}}],\"inLanguage\":\"fr-FR\"},{\"@type\":\"Organization\",\"@id\":\"https:\\\/\\\/naturalpoland.com\\\/fr\\\/#organization\",\"name\":\"Natural Poland\",\"url\":\"https:\\\/\\\/naturalpoland.com\\\/fr\\\/\",\"logo\":{\"@type\":\"ImageObject\",\"inLanguage\":\"fr-FR\",\"@id\":\"https:\\\/\\\/naturalpoland.com\\\/fr\\\/#\\\/schema\\\/logo\\\/image\\\/\",\"url\":\"https:\\\/\\\/naturalpoland.com\\\/wp-content\\\/uploads\\\/2021\\\/05\\\/natural-poland-icon.png\",\"contentUrl\":\"https:\\\/\\\/naturalpoland.com\\\/wp-content\\\/uploads\\\/2021\\\/05\\\/natural-poland-icon.png\",\"width\":512,\"height\":512,\"caption\":\"Natural Poland\"},\"image\":{\"@id\":\"https:\\\/\\\/naturalpoland.com\\\/fr\\\/#\\\/schema\\\/logo\\\/image\\\/\"},\"sameAs\":[\"https:\\\/\\\/www.facebook.com\\\/naturalpoland.b2b\",\"https:\\\/\\\/pl.linkedin.com\\\/company\\\/natural-poland\",\"https:\\\/\\\/www.youtube.com\\\/channel\\\/UCgeGGkvOMahZo-xu_MSEWxg\"]}]}<\/script>\n<!-- \/ Yoast SEO plugin. -->","yoast_head_json":{"title":"Huile d'orange am\u00e8re - NATURAL POLAND - Distributeur de mati\u00e8res premi\u00e8res en gros","description":"L'huile d'orange am\u00e8re est press\u00e9e \u00e0 froid \u00e0 partir de l'\u00e9corce de fruits cultiv\u00e9s dans des r\u00e9gions au climat chaud comme l'Inde, l'Espagne et la Sicile.","robots":{"index":"index","follow":"follow","max-snippet":"max-snippet:-1","max-image-preview":"max-image-preview:large","max-video-preview":"max-video-preview:-1"},"canonical":"https:\/\/naturalpoland.com\/fr\/produkty\/produits-pour-lindustrie-cosmetique\/huiles-essentielles\/huile-dorange-amere\/","og_locale":"fr_FR","og_type":"article","og_title":"Huile d'orange am\u00e8re - NATURAL POLAND - Distributeur de mati\u00e8res premi\u00e8res en gros","og_description":"L'huile d'orange am\u00e8re est press\u00e9e \u00e0 froid \u00e0 partir de l'\u00e9corce de fruits cultiv\u00e9s dans des r\u00e9gions au climat chaud comme l'Inde, l'Espagne et la Sicile.","og_url":"https:\/\/naturalpoland.com\/fr\/produkty\/produits-pour-lindustrie-cosmetique\/huiles-essentielles\/huile-dorange-amere\/","og_site_name":"NATURAL POLAND - Distributeur de mati\u00e8res premi\u00e8res en gros","article_publisher":"https:\/\/www.facebook.com\/naturalpoland.b2b","og_image":[{"width":426,"height":426,"url":"https:\/\/naturalpoland.com\/wp-content\/uploads\/olejek-z-gorzkiej-pomaranczy.webp","type":"image\/webp"}],"schema":{"@context":"https:\/\/schema.org","@graph":[{"@type":"WebPage","@id":"https:\/\/naturalpoland.com\/fr\/produkty\/produits-pour-lindustrie-cosmetique\/huiles-essentielles\/huile-dorange-amere\/","url":"https:\/\/naturalpoland.com\/fr\/produkty\/produits-pour-lindustrie-cosmetique\/huiles-essentielles\/huile-dorange-amere\/","name":"Huile d'orange am\u00e8re - NATURAL POLAND - Distributeur de mati\u00e8res premi\u00e8res en gros","isPartOf":{"@id":"https:\/\/naturalpoland.com\/fr\/#website"},"primaryImageOfPage":{"@id":"https:\/\/naturalpoland.com\/fr\/produkty\/produits-pour-lindustrie-cosmetique\/huiles-essentielles\/huile-dorange-amere\/#primaryimage"},"image":{"@id":"https:\/\/naturalpoland.com\/fr\/produkty\/produits-pour-lindustrie-cosmetique\/huiles-essentielles\/huile-dorange-amere\/#primaryimage"},"thumbnailUrl":"https:\/\/naturalpoland.com\/wp-content\/uploads\/olejek-z-gorzkiej-pomaranczy.webp","datePublished":"2024-10-21T12:50:43+00:00","description":"L'huile d'orange am\u00e8re est press\u00e9e \u00e0 froid \u00e0 partir de l'\u00e9corce de fruits cultiv\u00e9s dans des r\u00e9gions au climat chaud comme l'Inde, l'Espagne et la Sicile.","breadcrumb":{"@id":"https:\/\/naturalpoland.com\/fr\/produkty\/produits-pour-lindustrie-cosmetique\/huiles-essentielles\/huile-dorange-amere\/#breadcrumb"},"inLanguage":"fr-FR","potentialAction":[{"@type":"ReadAction","target":["https:\/\/naturalpoland.com\/fr\/produkty\/produits-pour-lindustrie-cosmetique\/huiles-essentielles\/huile-dorange-amere\/"]}]},{"@type":"ImageObject","inLanguage":"fr-FR","@id":"https:\/\/naturalpoland.com\/fr\/produkty\/produits-pour-lindustrie-cosmetique\/huiles-essentielles\/huile-dorange-amere\/#primaryimage","url":"https:\/\/naturalpoland.com\/wp-content\/uploads\/olejek-z-gorzkiej-pomaranczy.webp","contentUrl":"https:\/\/naturalpoland.com\/wp-content\/uploads\/olejek-z-gorzkiej-pomaranczy.webp","width":426,"height":426,"caption":"Olejek eteryczny z gorzkiej pomara\u0144czy"},{"@type":"BreadcrumbList","@id":"https:\/\/naturalpoland.com\/fr\/produkty\/produits-pour-lindustrie-cosmetique\/huiles-essentielles\/huile-dorange-amere\/#breadcrumb","itemListElement":[{"@type":"ListItem","position":1,"name":"Accueil","item":"https:\/\/naturalpoland.com\/fr\/"},{"@type":"ListItem","position":2,"name":"Produits","item":"https:\/\/naturalpoland.com\/fr\/produits\/"},{"@type":"ListItem","position":3,"name":"Huile d&rsquo;orange am\u00e8re"}]},{"@type":"WebSite","@id":"https:\/\/naturalpoland.com\/fr\/#website","url":"https:\/\/naturalpoland.com\/fr\/","name":"NATURAL POLAND - Distributeur de mati\u00e8res premi\u00e8res en gros","description":"Surowce dla przemys\u0142u spo\u017cywczego, kosmetycznego i farmaceutycznego","publisher":{"@id":"https:\/\/naturalpoland.com\/fr\/#organization"},"potentialAction":[{"@type":"SearchAction","target":{"@type":"EntryPoint","urlTemplate":"https:\/\/naturalpoland.com\/fr\/?s={search_term_string}"},"query-input":{"@type":"PropertyValueSpecification","valueRequired":true,"valueName":"search_term_string"}}],"inLanguage":"fr-FR"},{"@type":"Organization","@id":"https:\/\/naturalpoland.com\/fr\/#organization","name":"Natural Poland","url":"https:\/\/naturalpoland.com\/fr\/","logo":{"@type":"ImageObject","inLanguage":"fr-FR","@id":"https:\/\/naturalpoland.com\/fr\/#\/schema\/logo\/image\/","url":"https:\/\/naturalpoland.com\/wp-content\/uploads\/2021\/05\/natural-poland-icon.png","contentUrl":"https:\/\/naturalpoland.com\/wp-content\/uploads\/2021\/05\/natural-poland-icon.png","width":512,"height":512,"caption":"Natural Poland"},"image":{"@id":"https:\/\/naturalpoland.com\/fr\/#\/schema\/logo\/image\/"},"sameAs":["https:\/\/www.facebook.com\/naturalpoland.b2b","https:\/\/pl.linkedin.com\/company\/natural-poland","https:\/\/www.youtube.com\/channel\/UCgeGGkvOMahZo-xu_MSEWxg"]}]}},"_links":{"self":[{"href":"https:\/\/naturalpoland.com\/fr\/wp-json\/wp\/v2\/product\/36982","targetHints":{"allow":["GET"]}}],"collection":[{"href":"https:\/\/naturalpoland.com\/fr\/wp-json\/wp\/v2\/product"}],"about":[{"href":"https:\/\/naturalpoland.com\/fr\/wp-json\/wp\/v2\/types\/product"}],"wp:featuredmedia":[{"embeddable":true,"href":"https:\/\/naturalpoland.com\/fr\/wp-json\/wp\/v2\/media\/36883"}],"wp:attachment":[{"href":"https:\/\/naturalpoland.com\/fr\/wp-json\/wp\/v2\/media?parent=36982"}],"wp:term":[{"taxonomy":"product_brand","embeddable":true,"href":"https:\/\/naturalpoland.com\/fr\/wp-json\/wp\/v2\/product_brand?post=36982"},{"taxonomy":"product_cat","embeddable":true,"href":"https:\/\/naturalpoland.com\/fr\/wp-json\/wp\/v2\/product_cat?post=36982"},{"taxonomy":"product_tag","embeddable":true,"href":"https:\/\/naturalpoland.com\/fr\/wp-json\/wp\/v2\/product_tag?post=36982"}],"curies":[{"name":"wp","href":"https:\/\/api.w.org\/{rel}","templated":true}]}}