{"id":37120,"date":"2024-10-23T14:01:26","date_gmt":"2024-10-24T07:59:03","guid":{"rendered":"https:\/\/naturalpoland.com\/produkty\/non class\u00e9\/triglyceride-caprylique-caprique\/"},"modified":"2024-10-24T09:59:03","modified_gmt":"2024-10-24T07:59:03","slug":"triglyceride-caprylique-caprique","status":"publish","type":"product","link":"https:\/\/naturalpoland.com\/fr\/produkty\/produits-pour-lindustrie-cosmetique\/matieres-premieres-cosmetiques\/triglyceride-caprylique-caprique\/","title":{"rendered":"Triglyc\u00e9rides capryliques\/capriques"},"content":{"rendered":"<h2>Propri\u00e9t\u00e9s :<\/h2>\n<p>Le triglyc\u00e9ride caprylique\/caprique est un ingr\u00e9dient cosm\u00e9tique qui agit comme modificateur rh\u00e9ologique, c&rsquo;est-\u00e0-dire qu&rsquo;il am\u00e9liore la consistance d&rsquo;un produit en augmentant sa viscosit\u00e9. Gr\u00e2ce \u00e0 sa texture huileuse, cette substance facilite l&rsquo;application des cosm\u00e9tiques en leur donnant une meilleure glisse. Les triglyc\u00e9rides capryliques-capriques agissent comme un <strong>\u00e9mollient<\/strong> huileux, qui forme une couche occlusive protectrice (film) \u00e0 la surface de la peau et des cheveux. Cette couche emp\u00eache l&rsquo;\u00e9vaporation excessive de l&rsquo;eau. La substance conditionne la peau, l&rsquo;adoucit et la lisse, et am\u00e9liore la structure des cheveux, les rendant doux et lisses. Sous sa forme pure, le produit peut favoriser la formation de points noirs (com\u00e9dog\u00e9nicit\u00e9), c&rsquo;est pourquoi il est pr\u00e9f\u00e9rable de l&rsquo;utiliser dans des formulations cosm\u00e9tiques. <\/p>\n<h2>Application :<\/h2>\n<ul>\n<li>Produits de soins de la peau : cr\u00e8mes, lotions, s\u00e9rums<\/li>\n<li>Produits cosm\u00e9tiques pour les cheveux : apr\u00e8s-shampooings, masques, huiles<\/li>\n<li>Produits de bain et de lavage<\/li>\n<li>Pr\u00e9parations pour peaux sensibles et s\u00e8ches<\/li>\n<\/ul>\n<p>&nbsp;<\/p>\n","protected":false},"excerpt":{"rendered":"<p>Les <strong>triglyc\u00e9rides caprico-capriques (TCM)<\/strong> sont un m\u00e9lange d&rsquo;acides gras \u00e0 cha\u00eene moyenne, principalement l&rsquo;acide caprylique (C8) et l&rsquo;acide caprique (C10). Ils sont d\u00e9riv\u00e9s d&rsquo;huiles v\u00e9g\u00e9tales, telles que <a href=\"https:\/\/naturalpoland.com\/produkty\/oleje-spozywcze-i-kosmetyczne\/olej-kokosowy\/\"><strong>l&rsquo;huile de coco<\/strong><\/a>. Ils se pr\u00e9sentent sous la forme d&rsquo;un liquide incolore, clair et de tr\u00e8s faible viscosit\u00e9, de sorte qu&rsquo;ils s&rsquo;\u00e9talent facilement sur la peau et sont rapidement absorb\u00e9s.  <\/p>\n","protected":false},"featured_media":37084,"template":"","meta":[],"product_brand":[],"product_cat":[1309],"product_tag":[],"class_list":{"0":"post-37120","1":"product","2":"type-product","3":"status-publish","4":"has-post-thumbnail","6":"product_cat-matieres-premieres-cosmetiques","7":"pa_grupa-substancji-emollients-fr","9":"first","10":"instock","11":"shipping-taxable","12":"product-type-simple"},"yoast_head":"<!-- This site is optimized with the Yoast SEO plugin v27.3 - https:\/\/yoast.com\/product\/yoast-seo-wordpress\/ -->\n<title>Triglyc\u00e9rides capryliques\/capriques - NATURAL POLAND - Distributeur de mati\u00e8res premi\u00e8res en gros<\/title>\n<meta name=\"description\" content=\"Le triglyc\u00e9ride caprylique\/caprique est un ingr\u00e9dient cosm\u00e9tique qui am\u00e9liore l&#039;application des produits et l&#039;\u00e9tat de la peau et des cheveux.\" \/>\n<meta name=\"robots\" content=\"index, follow, max-snippet:-1, max-image-preview:large, max-video-preview:-1\" \/>\n<link rel=\"canonical\" href=\"https:\/\/naturalpoland.com\/fr\/produkty\/produits-pour-lindustrie-cosmetique\/matieres-premieres-cosmetiques\/triglyceride-caprylique-caprique\/\" \/>\n<meta property=\"og:locale\" content=\"fr_FR\" \/>\n<meta property=\"og:type\" content=\"article\" \/>\n<meta property=\"og:title\" content=\"Triglyc\u00e9rides capryliques\/capriques - NATURAL POLAND - Distributeur de mati\u00e8res premi\u00e8res en gros\" \/>\n<meta property=\"og:description\" content=\"Le triglyc\u00e9ride caprylique\/caprique est un ingr\u00e9dient cosm\u00e9tique qui am\u00e9liore l&#039;application des produits et l&#039;\u00e9tat de la peau et des cheveux.\" \/>\n<meta property=\"og:url\" content=\"https:\/\/naturalpoland.com\/fr\/produkty\/produits-pour-lindustrie-cosmetique\/matieres-premieres-cosmetiques\/triglyceride-caprylique-caprique\/\" \/>\n<meta property=\"og:site_name\" content=\"NATURAL POLAND - Distributeur de mati\u00e8res premi\u00e8res en gros\" \/>\n<meta property=\"article:publisher\" content=\"https:\/\/www.facebook.com\/naturalpoland.b2b\" \/>\n<meta property=\"og:image\" content=\"https:\/\/naturalpoland.com\/wp-content\/uploads\/caprylic-capric-triglyceride-.webp\" \/>\n\t<meta property=\"og:image:width\" content=\"426\" \/>\n\t<meta property=\"og:image:height\" content=\"426\" \/>\n\t<meta property=\"og:image:type\" content=\"image\/webp\" \/>\n<script type=\"application\/ld+json\" class=\"yoast-schema-graph\">{\"@context\":\"https:\\\/\\\/schema.org\",\"@graph\":[{\"@type\":\"WebPage\",\"@id\":\"https:\\\/\\\/naturalpoland.com\\\/fr\\\/produkty\\\/produits-pour-lindustrie-cosmetique\\\/matieres-premieres-cosmetiques\\\/triglyceride-caprylique-caprique\\\/\",\"url\":\"https:\\\/\\\/naturalpoland.com\\\/fr\\\/produkty\\\/produits-pour-lindustrie-cosmetique\\\/matieres-premieres-cosmetiques\\\/triglyceride-caprylique-caprique\\\/\",\"name\":\"Triglyc\u00e9rides capryliques\\\/capriques - NATURAL POLAND - Distributeur de mati\u00e8res premi\u00e8res en gros\",\"isPartOf\":{\"@id\":\"https:\\\/\\\/naturalpoland.com\\\/fr\\\/#website\"},\"primaryImageOfPage\":{\"@id\":\"https:\\\/\\\/naturalpoland.com\\\/fr\\\/produkty\\\/produits-pour-lindustrie-cosmetique\\\/matieres-premieres-cosmetiques\\\/triglyceride-caprylique-caprique\\\/#primaryimage\"},\"image\":{\"@id\":\"https:\\\/\\\/naturalpoland.com\\\/fr\\\/produkty\\\/produits-pour-lindustrie-cosmetique\\\/matieres-premieres-cosmetiques\\\/triglyceride-caprylique-caprique\\\/#primaryimage\"},\"thumbnailUrl\":\"https:\\\/\\\/naturalpoland.com\\\/wp-content\\\/uploads\\\/caprylic-capric-triglyceride-.webp\",\"datePublished\":\"2024-10-24T07:59:03+00:00\",\"description\":\"Le triglyc\u00e9ride caprylique\\\/caprique est un ingr\u00e9dient cosm\u00e9tique qui am\u00e9liore l'application des produits et l'\u00e9tat de la peau et des cheveux.\",\"breadcrumb\":{\"@id\":\"https:\\\/\\\/naturalpoland.com\\\/fr\\\/produkty\\\/produits-pour-lindustrie-cosmetique\\\/matieres-premieres-cosmetiques\\\/triglyceride-caprylique-caprique\\\/#breadcrumb\"},\"inLanguage\":\"fr-FR\",\"potentialAction\":[{\"@type\":\"ReadAction\",\"target\":[\"https:\\\/\\\/naturalpoland.com\\\/fr\\\/produkty\\\/produits-pour-lindustrie-cosmetique\\\/matieres-premieres-cosmetiques\\\/triglyceride-caprylique-caprique\\\/\"]}]},{\"@type\":\"ImageObject\",\"inLanguage\":\"fr-FR\",\"@id\":\"https:\\\/\\\/naturalpoland.com\\\/fr\\\/produkty\\\/produits-pour-lindustrie-cosmetique\\\/matieres-premieres-cosmetiques\\\/triglyceride-caprylique-caprique\\\/#primaryimage\",\"url\":\"https:\\\/\\\/naturalpoland.com\\\/wp-content\\\/uploads\\\/caprylic-capric-triglyceride-.webp\",\"contentUrl\":\"https:\\\/\\\/naturalpoland.com\\\/wp-content\\\/uploads\\\/caprylic-capric-triglyceride-.webp\",\"width\":426,\"height\":426,\"caption\":\"Caprylic\\\/Capric Triglyceride\"},{\"@type\":\"BreadcrumbList\",\"@id\":\"https:\\\/\\\/naturalpoland.com\\\/fr\\\/produkty\\\/produits-pour-lindustrie-cosmetique\\\/matieres-premieres-cosmetiques\\\/triglyceride-caprylique-caprique\\\/#breadcrumb\",\"itemListElement\":[{\"@type\":\"ListItem\",\"position\":1,\"name\":\"Accueil\",\"item\":\"https:\\\/\\\/naturalpoland.com\\\/fr\\\/\"},{\"@type\":\"ListItem\",\"position\":2,\"name\":\"Produits\",\"item\":\"https:\\\/\\\/naturalpoland.com\\\/fr\\\/produits\\\/\"},{\"@type\":\"ListItem\",\"position\":3,\"name\":\"Triglyc\u00e9rides capryliques\\\/capriques\"}]},{\"@type\":\"WebSite\",\"@id\":\"https:\\\/\\\/naturalpoland.com\\\/fr\\\/#website\",\"url\":\"https:\\\/\\\/naturalpoland.com\\\/fr\\\/\",\"name\":\"NATURAL POLAND - Distributeur de mati\u00e8res premi\u00e8res en gros\",\"description\":\"Surowce dla przemys\u0142u spo\u017cywczego, kosmetycznego i farmaceutycznego\",\"publisher\":{\"@id\":\"https:\\\/\\\/naturalpoland.com\\\/fr\\\/#organization\"},\"potentialAction\":[{\"@type\":\"SearchAction\",\"target\":{\"@type\":\"EntryPoint\",\"urlTemplate\":\"https:\\\/\\\/naturalpoland.com\\\/fr\\\/?s={search_term_string}\"},\"query-input\":{\"@type\":\"PropertyValueSpecification\",\"valueRequired\":true,\"valueName\":\"search_term_string\"}}],\"inLanguage\":\"fr-FR\"},{\"@type\":\"Organization\",\"@id\":\"https:\\\/\\\/naturalpoland.com\\\/fr\\\/#organization\",\"name\":\"Natural Poland\",\"url\":\"https:\\\/\\\/naturalpoland.com\\\/fr\\\/\",\"logo\":{\"@type\":\"ImageObject\",\"inLanguage\":\"fr-FR\",\"@id\":\"https:\\\/\\\/naturalpoland.com\\\/fr\\\/#\\\/schema\\\/logo\\\/image\\\/\",\"url\":\"https:\\\/\\\/naturalpoland.com\\\/wp-content\\\/uploads\\\/2021\\\/05\\\/natural-poland-icon.png\",\"contentUrl\":\"https:\\\/\\\/naturalpoland.com\\\/wp-content\\\/uploads\\\/2021\\\/05\\\/natural-poland-icon.png\",\"width\":512,\"height\":512,\"caption\":\"Natural Poland\"},\"image\":{\"@id\":\"https:\\\/\\\/naturalpoland.com\\\/fr\\\/#\\\/schema\\\/logo\\\/image\\\/\"},\"sameAs\":[\"https:\\\/\\\/www.facebook.com\\\/naturalpoland.b2b\",\"https:\\\/\\\/pl.linkedin.com\\\/company\\\/natural-poland\",\"https:\\\/\\\/www.youtube.com\\\/channel\\\/UCgeGGkvOMahZo-xu_MSEWxg\"]}]}<\/script>\n<!-- \/ Yoast SEO plugin. -->","yoast_head_json":{"title":"Triglyc\u00e9rides capryliques\/capriques - NATURAL POLAND - Distributeur de mati\u00e8res premi\u00e8res en gros","description":"Le triglyc\u00e9ride caprylique\/caprique est un ingr\u00e9dient cosm\u00e9tique qui am\u00e9liore l'application des produits et l'\u00e9tat de la peau et des cheveux.","robots":{"index":"index","follow":"follow","max-snippet":"max-snippet:-1","max-image-preview":"max-image-preview:large","max-video-preview":"max-video-preview:-1"},"canonical":"https:\/\/naturalpoland.com\/fr\/produkty\/produits-pour-lindustrie-cosmetique\/matieres-premieres-cosmetiques\/triglyceride-caprylique-caprique\/","og_locale":"fr_FR","og_type":"article","og_title":"Triglyc\u00e9rides capryliques\/capriques - NATURAL POLAND - Distributeur de mati\u00e8res premi\u00e8res en gros","og_description":"Le triglyc\u00e9ride caprylique\/caprique est un ingr\u00e9dient cosm\u00e9tique qui am\u00e9liore l'application des produits et l'\u00e9tat de la peau et des cheveux.","og_url":"https:\/\/naturalpoland.com\/fr\/produkty\/produits-pour-lindustrie-cosmetique\/matieres-premieres-cosmetiques\/triglyceride-caprylique-caprique\/","og_site_name":"NATURAL POLAND - Distributeur de mati\u00e8res premi\u00e8res en gros","article_publisher":"https:\/\/www.facebook.com\/naturalpoland.b2b","og_image":[{"width":426,"height":426,"url":"https:\/\/naturalpoland.com\/wp-content\/uploads\/caprylic-capric-triglyceride-.webp","type":"image\/webp"}],"schema":{"@context":"https:\/\/schema.org","@graph":[{"@type":"WebPage","@id":"https:\/\/naturalpoland.com\/fr\/produkty\/produits-pour-lindustrie-cosmetique\/matieres-premieres-cosmetiques\/triglyceride-caprylique-caprique\/","url":"https:\/\/naturalpoland.com\/fr\/produkty\/produits-pour-lindustrie-cosmetique\/matieres-premieres-cosmetiques\/triglyceride-caprylique-caprique\/","name":"Triglyc\u00e9rides capryliques\/capriques - NATURAL POLAND - Distributeur de mati\u00e8res premi\u00e8res en gros","isPartOf":{"@id":"https:\/\/naturalpoland.com\/fr\/#website"},"primaryImageOfPage":{"@id":"https:\/\/naturalpoland.com\/fr\/produkty\/produits-pour-lindustrie-cosmetique\/matieres-premieres-cosmetiques\/triglyceride-caprylique-caprique\/#primaryimage"},"image":{"@id":"https:\/\/naturalpoland.com\/fr\/produkty\/produits-pour-lindustrie-cosmetique\/matieres-premieres-cosmetiques\/triglyceride-caprylique-caprique\/#primaryimage"},"thumbnailUrl":"https:\/\/naturalpoland.com\/wp-content\/uploads\/caprylic-capric-triglyceride-.webp","datePublished":"2024-10-24T07:59:03+00:00","description":"Le triglyc\u00e9ride caprylique\/caprique est un ingr\u00e9dient cosm\u00e9tique qui am\u00e9liore l'application des produits et l'\u00e9tat de la peau et des cheveux.","breadcrumb":{"@id":"https:\/\/naturalpoland.com\/fr\/produkty\/produits-pour-lindustrie-cosmetique\/matieres-premieres-cosmetiques\/triglyceride-caprylique-caprique\/#breadcrumb"},"inLanguage":"fr-FR","potentialAction":[{"@type":"ReadAction","target":["https:\/\/naturalpoland.com\/fr\/produkty\/produits-pour-lindustrie-cosmetique\/matieres-premieres-cosmetiques\/triglyceride-caprylique-caprique\/"]}]},{"@type":"ImageObject","inLanguage":"fr-FR","@id":"https:\/\/naturalpoland.com\/fr\/produkty\/produits-pour-lindustrie-cosmetique\/matieres-premieres-cosmetiques\/triglyceride-caprylique-caprique\/#primaryimage","url":"https:\/\/naturalpoland.com\/wp-content\/uploads\/caprylic-capric-triglyceride-.webp","contentUrl":"https:\/\/naturalpoland.com\/wp-content\/uploads\/caprylic-capric-triglyceride-.webp","width":426,"height":426,"caption":"Caprylic\/Capric Triglyceride"},{"@type":"BreadcrumbList","@id":"https:\/\/naturalpoland.com\/fr\/produkty\/produits-pour-lindustrie-cosmetique\/matieres-premieres-cosmetiques\/triglyceride-caprylique-caprique\/#breadcrumb","itemListElement":[{"@type":"ListItem","position":1,"name":"Accueil","item":"https:\/\/naturalpoland.com\/fr\/"},{"@type":"ListItem","position":2,"name":"Produits","item":"https:\/\/naturalpoland.com\/fr\/produits\/"},{"@type":"ListItem","position":3,"name":"Triglyc\u00e9rides capryliques\/capriques"}]},{"@type":"WebSite","@id":"https:\/\/naturalpoland.com\/fr\/#website","url":"https:\/\/naturalpoland.com\/fr\/","name":"NATURAL POLAND - Distributeur de mati\u00e8res premi\u00e8res en gros","description":"Surowce dla przemys\u0142u spo\u017cywczego, kosmetycznego i farmaceutycznego","publisher":{"@id":"https:\/\/naturalpoland.com\/fr\/#organization"},"potentialAction":[{"@type":"SearchAction","target":{"@type":"EntryPoint","urlTemplate":"https:\/\/naturalpoland.com\/fr\/?s={search_term_string}"},"query-input":{"@type":"PropertyValueSpecification","valueRequired":true,"valueName":"search_term_string"}}],"inLanguage":"fr-FR"},{"@type":"Organization","@id":"https:\/\/naturalpoland.com\/fr\/#organization","name":"Natural Poland","url":"https:\/\/naturalpoland.com\/fr\/","logo":{"@type":"ImageObject","inLanguage":"fr-FR","@id":"https:\/\/naturalpoland.com\/fr\/#\/schema\/logo\/image\/","url":"https:\/\/naturalpoland.com\/wp-content\/uploads\/2021\/05\/natural-poland-icon.png","contentUrl":"https:\/\/naturalpoland.com\/wp-content\/uploads\/2021\/05\/natural-poland-icon.png","width":512,"height":512,"caption":"Natural Poland"},"image":{"@id":"https:\/\/naturalpoland.com\/fr\/#\/schema\/logo\/image\/"},"sameAs":["https:\/\/www.facebook.com\/naturalpoland.b2b","https:\/\/pl.linkedin.com\/company\/natural-poland","https:\/\/www.youtube.com\/channel\/UCgeGGkvOMahZo-xu_MSEWxg"]}]}},"_links":{"self":[{"href":"https:\/\/naturalpoland.com\/fr\/wp-json\/wp\/v2\/product\/37120","targetHints":{"allow":["GET"]}}],"collection":[{"href":"https:\/\/naturalpoland.com\/fr\/wp-json\/wp\/v2\/product"}],"about":[{"href":"https:\/\/naturalpoland.com\/fr\/wp-json\/wp\/v2\/types\/product"}],"wp:featuredmedia":[{"embeddable":true,"href":"https:\/\/naturalpoland.com\/fr\/wp-json\/wp\/v2\/media\/37084"}],"wp:attachment":[{"href":"https:\/\/naturalpoland.com\/fr\/wp-json\/wp\/v2\/media?parent=37120"}],"wp:term":[{"taxonomy":"product_brand","embeddable":true,"href":"https:\/\/naturalpoland.com\/fr\/wp-json\/wp\/v2\/product_brand?post=37120"},{"taxonomy":"product_cat","embeddable":true,"href":"https:\/\/naturalpoland.com\/fr\/wp-json\/wp\/v2\/product_cat?post=37120"},{"taxonomy":"product_tag","embeddable":true,"href":"https:\/\/naturalpoland.com\/fr\/wp-json\/wp\/v2\/product_tag?post=37120"}],"curies":[{"name":"wp","href":"https:\/\/api.w.org\/{rel}","templated":true}]}}