{"id":37462,"date":"2024-10-31T12:04:38","date_gmt":"2024-10-31T13:38:41","guid":{"rendered":"https:\/\/naturalpoland.com\/produkty\/non class\u00e9\/extrait-de-guimauve-perle\/"},"modified":"2024-10-31T14:38:41","modified_gmt":"2024-10-31T13:38:41","slug":"extrait-de-guimauve-perle","status":"publish","type":"product","link":"https:\/\/naturalpoland.com\/fr\/produkty\/extraits-de-plantes\/extrait-de-guimauve-perle\/","title":{"rendered":"Extrait de fucus v\u00e9siculeux"},"content":{"rendered":"<h2>Caract\u00e9ristiques et composition de l&rsquo;extrait<\/h2>\n<p>L&rsquo;extrait de Fucus Vesiculosus se pr\u00e9sente sous la forme d&rsquo;une poudre brune finement broy\u00e9e, \u00e0 l&rsquo;odeur et au go\u00fbt caract\u00e9ristiques. La teneur en <strong>iode<\/strong>, l&rsquo;ingr\u00e9dient actif cl\u00e9, se situe entre 0,4 % et 0,5 %. Gr\u00e2ce \u00e0 sa composition complexe, qui comprend \u00e9galement des min\u00e9raux et des vitamines, cet extrait soutient divers processus de soin et de protection dans les cosm\u00e9tiques. Gr\u00e2ce \u00e0 sa teneur en substances telles que la <strong>fucoxanthine<\/strong>, il pr\u00e9sente des effets <strong>antioxydants<\/strong> et contribue \u00e0 prot\u00e9ger la peau du stress oxydatif.   <\/p>\n<h2>Action et propri\u00e9t\u00e9s cosm\u00e9tiques<\/h2>\n<p>L&rsquo;extrait de fucus v\u00e9siculeux poss\u00e8de des propri\u00e9t\u00e9s <strong>hydratantes<\/strong>, <strong>r\u00e9g\u00e9n\u00e9rantes<\/strong> et <strong>raffermissantes<\/strong> intenses. Les <a href=\"https:\/\/naturalpoland.com\/artykuly\/produkty-naturalne\/przeciwutleniacze-w-kosmetykach-fenole-i-polifenole\/\">polyph\u00e9nols<\/a> et les <a href=\"https:\/\/naturalpoland.com\/artykuly\/produkty-naturalne\/moc-antyoksydantow-jak-wlaczyc-je-do-oferty-produktowej\/\">antioxydants<\/a> pr\u00e9sents dans l&rsquo;extrait s&rsquo;opposent \u00e0 la formation de radicaux libres, tandis que la fucoxanthine renforce les effets de la vitamine E, qui contribue \u00e0 la revitalisation de la peau et am\u00e9liore son \u00e9lasticit\u00e9. L&rsquo;extrait est \u00e9galement un excellent choix pour les produits amincissants et anticellulite. L&rsquo;iode contenu dans les algues stimule la d\u00e9gradation des cellules graisseuses et emp\u00eache la r\u00e9-accumulation des lipides, ce qui contribue \u00e0 la r\u00e9duction de la cellulite et au remodelage du corps. D&rsquo;autres ingr\u00e9dients tels que la fuco\u00efdine et la laminarine contribuent \u00e0 am\u00e9liorer la microcirculation et \u00e0 acc\u00e9l\u00e9rer le m\u00e9tabolisme, ce qui favorise les effets raffermissants et la lutte contre les gonflements et le rel\u00e2chement de la peau. <\/p>\n<h2>Applications cosm\u00e9tiques<\/h2>\n<p>L&rsquo;extrait est particuli\u00e8rement recommand\u00e9 dans :<\/p>\n<ul>\n<li><strong>des cosm\u00e9tiques anti-\u00e2ge et revitalisants<\/strong> pour redonner fermet\u00e9 et \u00e9lasticit\u00e9 aux peaux matures.<\/li>\n<li><strong>les pr\u00e9parations anticellulite et de modelage<\/strong>, dans lesquelles il contribue \u00e0 r\u00e9duire le tissu adipeux et \u00e0 att\u00e9nuer l&rsquo;apparence de la cellulite.<\/li>\n<li><strong>cr\u00e8mes et s\u00e9rums pour peaux grasses et acn\u00e9iques<\/strong>, car il a un effet antibact\u00e9rien et anti-s\u00e9borrh\u00e9ique, r\u00e9gulant la s\u00e9cr\u00e9tion de s\u00e9bum.<\/li>\n<li><strong>gels et cr\u00e8mes pour le contour des yeux<\/strong>, o\u00f9 il aide \u00e0 r\u00e9duire les gonflements en stimulant la circulation de la lymphe.<\/li>\n<\/ul>\n<h2>S\u00e9curit\u00e9 d&rsquo;utilisation<\/h2>\n<p>L&rsquo;extrait de Fucus v\u00e9siculeux peut \u00eatre utilis\u00e9 en toute s\u00e9curit\u00e9 dans les produits cosm\u00e9tiques \u00e0 des concentrations appropri\u00e9es. Il est recommand\u00e9 de l&rsquo;utiliser \u00e0 des concentrations comprises entre 1 % et 10 %, en fonction du type de produit et de l&rsquo;usage auquel il est destin\u00e9. <\/p>\n","protected":false},"excerpt":{"rendered":"<p>L&rsquo;extrait de <strong>Fucus Vesiculosus<\/strong>, ou <strong>extrait de fucus v\u00e9siculeux<\/strong>, est une mati\u00e8re premi\u00e8re naturelle <strong>extraite<\/strong> de l&rsquo;algue brune que l&rsquo;on trouve dans les eaux septentrionales de l&rsquo;Atlantique et de l&rsquo;oc\u00e9an Arctique. Il contient de nombreuses substances actives naturelles telles que l&rsquo;iode, les polyph\u00e9nols, la fucoxanthine, la vitamine E, les carot\u00e9no\u00efdes, les phospholipides et les glycolipides. C&rsquo;est un ingr\u00e9dient pour les soins de la peau et du corps.  <\/p>\n","protected":false},"featured_media":37364,"template":"","meta":[],"product_brand":[],"product_cat":[1293],"product_tag":[],"class_list":{"0":"post-37462","1":"product","2":"type-product","3":"status-publish","4":"has-post-thumbnail","6":"product_cat-extraits-de-plantes","7":"pa_czesc-rosliny-plante-entiere","8":"pa_grupa-substancji-antioxydants","9":"pa_skladnik-aktywny-iode","11":"first","12":"instock","13":"shipping-taxable","14":"product-type-simple"},"yoast_head":"<!-- This site is optimized with the Yoast SEO plugin v27.3 - https:\/\/yoast.com\/product\/yoast-seo-wordpress\/ -->\n<title>Extrait de fucus v\u00e9siculeux - NATURAL POLAND - Distributeur de mati\u00e8res premi\u00e8res en gros<\/title>\n<meta name=\"description\" content=\"L&#039;extrait de fucus est un ingr\u00e9dient polyvalent aux effets hydratants, antioxydants et raffermissants intenses.\" \/>\n<meta name=\"robots\" content=\"index, follow, max-snippet:-1, max-image-preview:large, max-video-preview:-1\" \/>\n<link rel=\"canonical\" href=\"https:\/\/naturalpoland.com\/fr\/produkty\/extraits-de-plantes\/extrait-de-guimauve-perle\/\" \/>\n<meta property=\"og:locale\" content=\"fr_FR\" \/>\n<meta property=\"og:type\" content=\"article\" \/>\n<meta property=\"og:title\" content=\"Extrait de fucus v\u00e9siculeux - NATURAL POLAND - Distributeur de mati\u00e8res premi\u00e8res en gros\" \/>\n<meta property=\"og:description\" content=\"L&#039;extrait de fucus est un ingr\u00e9dient polyvalent aux effets hydratants, antioxydants et raffermissants intenses.\" \/>\n<meta property=\"og:url\" content=\"https:\/\/naturalpoland.com\/fr\/produkty\/extraits-de-plantes\/extrait-de-guimauve-perle\/\" \/>\n<meta property=\"og:site_name\" content=\"NATURAL POLAND - Distributeur de mati\u00e8res premi\u00e8res en gros\" \/>\n<meta property=\"article:publisher\" content=\"https:\/\/www.facebook.com\/naturalpoland.b2b\" \/>\n<meta property=\"og:image\" content=\"https:\/\/naturalpoland.com\/wp-content\/uploads\/ekstrakt-fucus-vesiculosus.webp\" \/>\n\t<meta property=\"og:image:width\" content=\"614\" \/>\n\t<meta property=\"og:image:height\" content=\"614\" \/>\n\t<meta property=\"og:image:type\" content=\"image\/webp\" \/>\n<script type=\"application\/ld+json\" class=\"yoast-schema-graph\">{\"@context\":\"https:\\\/\\\/schema.org\",\"@graph\":[{\"@type\":\"WebPage\",\"@id\":\"https:\\\/\\\/naturalpoland.com\\\/fr\\\/produkty\\\/extraits-de-plantes\\\/extrait-de-guimauve-perle\\\/\",\"url\":\"https:\\\/\\\/naturalpoland.com\\\/fr\\\/produkty\\\/extraits-de-plantes\\\/extrait-de-guimauve-perle\\\/\",\"name\":\"Extrait de fucus v\u00e9siculeux - NATURAL POLAND - Distributeur de mati\u00e8res premi\u00e8res en gros\",\"isPartOf\":{\"@id\":\"https:\\\/\\\/naturalpoland.com\\\/fr\\\/#website\"},\"primaryImageOfPage\":{\"@id\":\"https:\\\/\\\/naturalpoland.com\\\/fr\\\/produkty\\\/extraits-de-plantes\\\/extrait-de-guimauve-perle\\\/#primaryimage\"},\"image\":{\"@id\":\"https:\\\/\\\/naturalpoland.com\\\/fr\\\/produkty\\\/extraits-de-plantes\\\/extrait-de-guimauve-perle\\\/#primaryimage\"},\"thumbnailUrl\":\"https:\\\/\\\/naturalpoland.com\\\/wp-content\\\/uploads\\\/ekstrakt-fucus-vesiculosus.webp\",\"datePublished\":\"2024-10-31T13:38:41+00:00\",\"description\":\"L'extrait de fucus est un ingr\u00e9dient polyvalent aux effets hydratants, antioxydants et raffermissants intenses.\",\"breadcrumb\":{\"@id\":\"https:\\\/\\\/naturalpoland.com\\\/fr\\\/produkty\\\/extraits-de-plantes\\\/extrait-de-guimauve-perle\\\/#breadcrumb\"},\"inLanguage\":\"fr-FR\",\"potentialAction\":[{\"@type\":\"ReadAction\",\"target\":[\"https:\\\/\\\/naturalpoland.com\\\/fr\\\/produkty\\\/extraits-de-plantes\\\/extrait-de-guimauve-perle\\\/\"]}]},{\"@type\":\"ImageObject\",\"inLanguage\":\"fr-FR\",\"@id\":\"https:\\\/\\\/naturalpoland.com\\\/fr\\\/produkty\\\/extraits-de-plantes\\\/extrait-de-guimauve-perle\\\/#primaryimage\",\"url\":\"https:\\\/\\\/naturalpoland.com\\\/wp-content\\\/uploads\\\/ekstrakt-fucus-vesiculosus.webp\",\"contentUrl\":\"https:\\\/\\\/naturalpoland.com\\\/wp-content\\\/uploads\\\/ekstrakt-fucus-vesiculosus.webp\",\"width\":614,\"height\":614,\"caption\":\"Ekstrakt z morszczynu p\u0119cherzykowatego\"},{\"@type\":\"BreadcrumbList\",\"@id\":\"https:\\\/\\\/naturalpoland.com\\\/fr\\\/produkty\\\/extraits-de-plantes\\\/extrait-de-guimauve-perle\\\/#breadcrumb\",\"itemListElement\":[{\"@type\":\"ListItem\",\"position\":1,\"name\":\"Accueil\",\"item\":\"https:\\\/\\\/naturalpoland.com\\\/fr\\\/\"},{\"@type\":\"ListItem\",\"position\":2,\"name\":\"Produits\",\"item\":\"https:\\\/\\\/naturalpoland.com\\\/fr\\\/produits\\\/\"},{\"@type\":\"ListItem\",\"position\":3,\"name\":\"Extrait de fucus v\u00e9siculeux\"}]},{\"@type\":\"WebSite\",\"@id\":\"https:\\\/\\\/naturalpoland.com\\\/fr\\\/#website\",\"url\":\"https:\\\/\\\/naturalpoland.com\\\/fr\\\/\",\"name\":\"NATURAL POLAND - Distributeur de mati\u00e8res premi\u00e8res en gros\",\"description\":\"Surowce dla przemys\u0142u spo\u017cywczego, kosmetycznego i farmaceutycznego\",\"publisher\":{\"@id\":\"https:\\\/\\\/naturalpoland.com\\\/fr\\\/#organization\"},\"potentialAction\":[{\"@type\":\"SearchAction\",\"target\":{\"@type\":\"EntryPoint\",\"urlTemplate\":\"https:\\\/\\\/naturalpoland.com\\\/fr\\\/?s={search_term_string}\"},\"query-input\":{\"@type\":\"PropertyValueSpecification\",\"valueRequired\":true,\"valueName\":\"search_term_string\"}}],\"inLanguage\":\"fr-FR\"},{\"@type\":\"Organization\",\"@id\":\"https:\\\/\\\/naturalpoland.com\\\/fr\\\/#organization\",\"name\":\"Natural Poland\",\"url\":\"https:\\\/\\\/naturalpoland.com\\\/fr\\\/\",\"logo\":{\"@type\":\"ImageObject\",\"inLanguage\":\"fr-FR\",\"@id\":\"https:\\\/\\\/naturalpoland.com\\\/fr\\\/#\\\/schema\\\/logo\\\/image\\\/\",\"url\":\"https:\\\/\\\/naturalpoland.com\\\/wp-content\\\/uploads\\\/2021\\\/05\\\/natural-poland-icon.png\",\"contentUrl\":\"https:\\\/\\\/naturalpoland.com\\\/wp-content\\\/uploads\\\/2021\\\/05\\\/natural-poland-icon.png\",\"width\":512,\"height\":512,\"caption\":\"Natural Poland\"},\"image\":{\"@id\":\"https:\\\/\\\/naturalpoland.com\\\/fr\\\/#\\\/schema\\\/logo\\\/image\\\/\"},\"sameAs\":[\"https:\\\/\\\/www.facebook.com\\\/naturalpoland.b2b\",\"https:\\\/\\\/pl.linkedin.com\\\/company\\\/natural-poland\",\"https:\\\/\\\/www.youtube.com\\\/channel\\\/UCgeGGkvOMahZo-xu_MSEWxg\"]}]}<\/script>\n<!-- \/ Yoast SEO plugin. -->","yoast_head_json":{"title":"Extrait de fucus v\u00e9siculeux - NATURAL POLAND - Distributeur de mati\u00e8res premi\u00e8res en gros","description":"L'extrait de fucus est un ingr\u00e9dient polyvalent aux effets hydratants, antioxydants et raffermissants intenses.","robots":{"index":"index","follow":"follow","max-snippet":"max-snippet:-1","max-image-preview":"max-image-preview:large","max-video-preview":"max-video-preview:-1"},"canonical":"https:\/\/naturalpoland.com\/fr\/produkty\/extraits-de-plantes\/extrait-de-guimauve-perle\/","og_locale":"fr_FR","og_type":"article","og_title":"Extrait de fucus v\u00e9siculeux - NATURAL POLAND - Distributeur de mati\u00e8res premi\u00e8res en gros","og_description":"L'extrait de fucus est un ingr\u00e9dient polyvalent aux effets hydratants, antioxydants et raffermissants intenses.","og_url":"https:\/\/naturalpoland.com\/fr\/produkty\/extraits-de-plantes\/extrait-de-guimauve-perle\/","og_site_name":"NATURAL POLAND - Distributeur de mati\u00e8res premi\u00e8res en gros","article_publisher":"https:\/\/www.facebook.com\/naturalpoland.b2b","og_image":[{"width":614,"height":614,"url":"https:\/\/naturalpoland.com\/wp-content\/uploads\/ekstrakt-fucus-vesiculosus.webp","type":"image\/webp"}],"schema":{"@context":"https:\/\/schema.org","@graph":[{"@type":"WebPage","@id":"https:\/\/naturalpoland.com\/fr\/produkty\/extraits-de-plantes\/extrait-de-guimauve-perle\/","url":"https:\/\/naturalpoland.com\/fr\/produkty\/extraits-de-plantes\/extrait-de-guimauve-perle\/","name":"Extrait de fucus v\u00e9siculeux - NATURAL POLAND - Distributeur de mati\u00e8res premi\u00e8res en gros","isPartOf":{"@id":"https:\/\/naturalpoland.com\/fr\/#website"},"primaryImageOfPage":{"@id":"https:\/\/naturalpoland.com\/fr\/produkty\/extraits-de-plantes\/extrait-de-guimauve-perle\/#primaryimage"},"image":{"@id":"https:\/\/naturalpoland.com\/fr\/produkty\/extraits-de-plantes\/extrait-de-guimauve-perle\/#primaryimage"},"thumbnailUrl":"https:\/\/naturalpoland.com\/wp-content\/uploads\/ekstrakt-fucus-vesiculosus.webp","datePublished":"2024-10-31T13:38:41+00:00","description":"L'extrait de fucus est un ingr\u00e9dient polyvalent aux effets hydratants, antioxydants et raffermissants intenses.","breadcrumb":{"@id":"https:\/\/naturalpoland.com\/fr\/produkty\/extraits-de-plantes\/extrait-de-guimauve-perle\/#breadcrumb"},"inLanguage":"fr-FR","potentialAction":[{"@type":"ReadAction","target":["https:\/\/naturalpoland.com\/fr\/produkty\/extraits-de-plantes\/extrait-de-guimauve-perle\/"]}]},{"@type":"ImageObject","inLanguage":"fr-FR","@id":"https:\/\/naturalpoland.com\/fr\/produkty\/extraits-de-plantes\/extrait-de-guimauve-perle\/#primaryimage","url":"https:\/\/naturalpoland.com\/wp-content\/uploads\/ekstrakt-fucus-vesiculosus.webp","contentUrl":"https:\/\/naturalpoland.com\/wp-content\/uploads\/ekstrakt-fucus-vesiculosus.webp","width":614,"height":614,"caption":"Ekstrakt z morszczynu p\u0119cherzykowatego"},{"@type":"BreadcrumbList","@id":"https:\/\/naturalpoland.com\/fr\/produkty\/extraits-de-plantes\/extrait-de-guimauve-perle\/#breadcrumb","itemListElement":[{"@type":"ListItem","position":1,"name":"Accueil","item":"https:\/\/naturalpoland.com\/fr\/"},{"@type":"ListItem","position":2,"name":"Produits","item":"https:\/\/naturalpoland.com\/fr\/produits\/"},{"@type":"ListItem","position":3,"name":"Extrait de fucus v\u00e9siculeux"}]},{"@type":"WebSite","@id":"https:\/\/naturalpoland.com\/fr\/#website","url":"https:\/\/naturalpoland.com\/fr\/","name":"NATURAL POLAND - Distributeur de mati\u00e8res premi\u00e8res en gros","description":"Surowce dla przemys\u0142u spo\u017cywczego, kosmetycznego i farmaceutycznego","publisher":{"@id":"https:\/\/naturalpoland.com\/fr\/#organization"},"potentialAction":[{"@type":"SearchAction","target":{"@type":"EntryPoint","urlTemplate":"https:\/\/naturalpoland.com\/fr\/?s={search_term_string}"},"query-input":{"@type":"PropertyValueSpecification","valueRequired":true,"valueName":"search_term_string"}}],"inLanguage":"fr-FR"},{"@type":"Organization","@id":"https:\/\/naturalpoland.com\/fr\/#organization","name":"Natural Poland","url":"https:\/\/naturalpoland.com\/fr\/","logo":{"@type":"ImageObject","inLanguage":"fr-FR","@id":"https:\/\/naturalpoland.com\/fr\/#\/schema\/logo\/image\/","url":"https:\/\/naturalpoland.com\/wp-content\/uploads\/2021\/05\/natural-poland-icon.png","contentUrl":"https:\/\/naturalpoland.com\/wp-content\/uploads\/2021\/05\/natural-poland-icon.png","width":512,"height":512,"caption":"Natural Poland"},"image":{"@id":"https:\/\/naturalpoland.com\/fr\/#\/schema\/logo\/image\/"},"sameAs":["https:\/\/www.facebook.com\/naturalpoland.b2b","https:\/\/pl.linkedin.com\/company\/natural-poland","https:\/\/www.youtube.com\/channel\/UCgeGGkvOMahZo-xu_MSEWxg"]}]}},"_links":{"self":[{"href":"https:\/\/naturalpoland.com\/fr\/wp-json\/wp\/v2\/product\/37462","targetHints":{"allow":["GET"]}}],"collection":[{"href":"https:\/\/naturalpoland.com\/fr\/wp-json\/wp\/v2\/product"}],"about":[{"href":"https:\/\/naturalpoland.com\/fr\/wp-json\/wp\/v2\/types\/product"}],"wp:featuredmedia":[{"embeddable":true,"href":"https:\/\/naturalpoland.com\/fr\/wp-json\/wp\/v2\/media\/37364"}],"wp:attachment":[{"href":"https:\/\/naturalpoland.com\/fr\/wp-json\/wp\/v2\/media?parent=37462"}],"wp:term":[{"taxonomy":"product_brand","embeddable":true,"href":"https:\/\/naturalpoland.com\/fr\/wp-json\/wp\/v2\/product_brand?post=37462"},{"taxonomy":"product_cat","embeddable":true,"href":"https:\/\/naturalpoland.com\/fr\/wp-json\/wp\/v2\/product_cat?post=37462"},{"taxonomy":"product_tag","embeddable":true,"href":"https:\/\/naturalpoland.com\/fr\/wp-json\/wp\/v2\/product_tag?post=37462"}],"curies":[{"name":"wp","href":"https:\/\/api.w.org\/{rel}","templated":true}]}}