{"id":38408,"date":"2024-12-13T13:54:46","date_gmt":"2024-12-23T11:45:42","guid":{"rendered":"https:\/\/naturalpoland.com\/produkty\/non class\u00e9\/ekstrakt-z-cynamonu-cejlonskiego\/"},"modified":"2024-12-23T12:45:42","modified_gmt":"2024-12-23T11:45:42","slug":"ekstrakt-z-cynamonu-cejlonskiego","status":"publish","type":"product","link":"https:\/\/naturalpoland.com\/fr\/produkty\/extraits-de-plantes\/ekstrakt-z-cynamonu-cejlonskiego\/","title":{"rendered":"Extrait de cannelle de Ceylan"},"content":{"rendered":"<h3 data-pm-slice=\"1 3 []\">Les bienfaits pour la sant\u00e9 de l&rsquo;extrait de cannelle de Ceylan<\/h3>\n<p>L&rsquo;extrait de cannelle de Ceylan est connu pour ses effets positifs sur le <strong>syst\u00e8me digestif<\/strong>. Il aide \u00e0 soulager les sympt\u00f4mes de l&rsquo;indigestion, favorise un p\u00e9ristaltisme intestinal sain et combat les flatulences. Les polyph\u00e9nols et les flavono\u00efdes contenus dans l&rsquo;extrait <strong>neutralisent<\/strong> efficacement <strong>les radicaux libres<\/strong>, contribuant ainsi \u00e0 prot\u00e9ger les cellules du stress oxydatif et \u00e0 r\u00e9duire l&rsquo;inflammation dans l&rsquo;organisme. Des recherches indiquent que la cannelle peut contribuer au <strong>maintien d&rsquo;une glyc\u00e9mie normale<\/strong> en am\u00e9liorant la sensibilit\u00e9 \u00e0 l&rsquo;insuline. La consommation r\u00e9guli\u00e8re de l&rsquo;extrait peut contribuer \u00e0 r\u00e9duire le cholest\u00e9rol LDL et les triglyc\u00e9rides, tout en am\u00e9liorant la fonction cardiovasculaire. La cannelle est un anti-infectieux naturel qui \u00e9limine les bact\u00e9ries et les champignons tels que le Candida. <\/p>\n<h3>Application<\/h3>\n<ul data-spread=\"false\">\n<li><strong>Compl\u00e9ments alimentaires<\/strong> pour soutenir la sant\u00e9 m\u00e9tabolique, la digestion et le contr\u00f4le de la glyc\u00e9mie.<\/li>\n<li><strong>Cosm\u00e9tiques <\/strong>aux propri\u00e9t\u00e9s anti-inflammatoires et antioxydantes.<\/li>\n<li>En compl\u00e9ment des th\u00e9s, boissons fonctionnelles et autres produits nutritionnels.<\/li>\n<\/ul>\n","protected":false},"excerpt":{"rendered":"<p data-pm-slice=\"1 1 []\">L&rsquo;<strong>extrait d&rsquo;\u00e9corce de cannelle de Ceylan<\/strong> est produit \u00e0 partir de l&rsquo;\u00e9corce de l&rsquo;arbre Cinnamomum Zeylanicum.<\/p>\n","protected":false},"featured_media":38298,"template":"","meta":{"_acf_changed":false},"product_brand":[],"product_cat":[1293],"product_tag":[],"class_list":{"0":"post-38408","1":"product","2":"type-product","3":"status-publish","4":"has-post-thumbnail","6":"product_cat-extraits-de-plantes","7":"pa_czesc-rosliny-ecorce","9":"first","10":"instock","11":"shipping-taxable","12":"product-type-simple"},"acf":[],"yoast_head":"<!-- This site is optimized with the Yoast SEO plugin v27.4 - https:\/\/yoast.com\/product\/yoast-seo-wordpress\/ -->\n<title>Extrait de cannelle de Ceylan - Distributeur en gros<\/title>\n<meta name=\"description\" content=\"L&#039;extrait d&#039;\u00e9corce de cannelle de Ceylan est une mati\u00e8re premi\u00e8re v\u00e9g\u00e9tale utilis\u00e9e principalement dans les industries pharmaceutiques, cosm\u00e9tiques et alimentaires.\" \/>\n<meta name=\"robots\" content=\"index, follow, max-snippet:-1, max-image-preview:large, max-video-preview:-1\" \/>\n<link rel=\"canonical\" href=\"https:\/\/naturalpoland.com\/fr\/produkty\/extraits-de-plantes\/ekstrakt-z-cynamonu-cejlonskiego\/\" \/>\n<meta property=\"og:locale\" content=\"fr_FR\" \/>\n<meta property=\"og:type\" content=\"article\" \/>\n<meta property=\"og:title\" content=\"Extrait de cannelle de Ceylan - Distributeur en gros\" \/>\n<meta property=\"og:description\" content=\"L&#039;extrait d&#039;\u00e9corce de cannelle de Ceylan est une mati\u00e8re premi\u00e8re v\u00e9g\u00e9tale utilis\u00e9e principalement dans les industries pharmaceutiques, cosm\u00e9tiques et alimentaires.\" \/>\n<meta property=\"og:url\" content=\"https:\/\/naturalpoland.com\/fr\/produkty\/extraits-de-plantes\/ekstrakt-z-cynamonu-cejlonskiego\/\" \/>\n<meta property=\"og:site_name\" content=\"NATURAL POLAND - Distributeur de mati\u00e8res premi\u00e8res en gros\" \/>\n<meta property=\"article:publisher\" content=\"https:\/\/www.facebook.com\/naturalpoland.b2b\" \/>\n<meta property=\"og:image\" content=\"https:\/\/naturalpoland.com\/wp-content\/uploads\/ekstrakt-z-cynamonu-cejlonskiego.webp\" \/>\n\t<meta property=\"og:image:width\" content=\"619\" \/>\n\t<meta property=\"og:image:height\" content=\"619\" \/>\n\t<meta property=\"og:image:type\" content=\"image\/webp\" \/>\n<script type=\"application\/ld+json\" class=\"yoast-schema-graph\">{\"@context\":\"https:\\\/\\\/schema.org\",\"@graph\":[{\"@type\":\"WebPage\",\"@id\":\"https:\\\/\\\/naturalpoland.com\\\/fr\\\/produkty\\\/extraits-de-plantes\\\/ekstrakt-z-cynamonu-cejlonskiego\\\/\",\"url\":\"https:\\\/\\\/naturalpoland.com\\\/fr\\\/produkty\\\/extraits-de-plantes\\\/ekstrakt-z-cynamonu-cejlonskiego\\\/\",\"name\":\"Extrait de cannelle de Ceylan - Distributeur en gros\",\"isPartOf\":{\"@id\":\"https:\\\/\\\/naturalpoland.com\\\/fr\\\/#website\"},\"primaryImageOfPage\":{\"@id\":\"https:\\\/\\\/naturalpoland.com\\\/fr\\\/produkty\\\/extraits-de-plantes\\\/ekstrakt-z-cynamonu-cejlonskiego\\\/#primaryimage\"},\"image\":{\"@id\":\"https:\\\/\\\/naturalpoland.com\\\/fr\\\/produkty\\\/extraits-de-plantes\\\/ekstrakt-z-cynamonu-cejlonskiego\\\/#primaryimage\"},\"thumbnailUrl\":\"https:\\\/\\\/naturalpoland.com\\\/wp-content\\\/uploads\\\/ekstrakt-z-cynamonu-cejlonskiego.webp\",\"datePublished\":\"2024-12-23T11:45:42+00:00\",\"description\":\"L'extrait d'\u00e9corce de cannelle de Ceylan est une mati\u00e8re premi\u00e8re v\u00e9g\u00e9tale utilis\u00e9e principalement dans les industries pharmaceutiques, cosm\u00e9tiques et alimentaires.\",\"breadcrumb\":{\"@id\":\"https:\\\/\\\/naturalpoland.com\\\/fr\\\/produkty\\\/extraits-de-plantes\\\/ekstrakt-z-cynamonu-cejlonskiego\\\/#breadcrumb\"},\"inLanguage\":\"fr-FR\",\"potentialAction\":[{\"@type\":\"ReadAction\",\"target\":[\"https:\\\/\\\/naturalpoland.com\\\/fr\\\/produkty\\\/extraits-de-plantes\\\/ekstrakt-z-cynamonu-cejlonskiego\\\/\"]}]},{\"@type\":\"ImageObject\",\"inLanguage\":\"fr-FR\",\"@id\":\"https:\\\/\\\/naturalpoland.com\\\/fr\\\/produkty\\\/extraits-de-plantes\\\/ekstrakt-z-cynamonu-cejlonskiego\\\/#primaryimage\",\"url\":\"https:\\\/\\\/naturalpoland.com\\\/wp-content\\\/uploads\\\/ekstrakt-z-cynamonu-cejlonskiego.webp\",\"contentUrl\":\"https:\\\/\\\/naturalpoland.com\\\/wp-content\\\/uploads\\\/ekstrakt-z-cynamonu-cejlonskiego.webp\",\"width\":619,\"height\":619,\"caption\":\"Ekstrakt z cynamonu cejlo\u0144skiego\"},{\"@type\":\"BreadcrumbList\",\"@id\":\"https:\\\/\\\/naturalpoland.com\\\/fr\\\/produkty\\\/extraits-de-plantes\\\/ekstrakt-z-cynamonu-cejlonskiego\\\/#breadcrumb\",\"itemListElement\":[{\"@type\":\"ListItem\",\"position\":1,\"name\":\"Accueil\",\"item\":\"https:\\\/\\\/naturalpoland.com\\\/fr\\\/\"},{\"@type\":\"ListItem\",\"position\":2,\"name\":\"Produits\",\"item\":\"https:\\\/\\\/naturalpoland.com\\\/fr\\\/produits\\\/\"},{\"@type\":\"ListItem\",\"position\":3,\"name\":\"Extrait de cannelle de Ceylan\"}]},{\"@type\":\"WebSite\",\"@id\":\"https:\\\/\\\/naturalpoland.com\\\/fr\\\/#website\",\"url\":\"https:\\\/\\\/naturalpoland.com\\\/fr\\\/\",\"name\":\"NATURAL POLAND - Distributeur de mati\u00e8res premi\u00e8res en gros\",\"description\":\"Surowce dla przemys\u0142u spo\u017cywczego, kosmetycznego i farmaceutycznego\",\"publisher\":{\"@id\":\"https:\\\/\\\/naturalpoland.com\\\/fr\\\/#organization\"},\"potentialAction\":[{\"@type\":\"SearchAction\",\"target\":{\"@type\":\"EntryPoint\",\"urlTemplate\":\"https:\\\/\\\/naturalpoland.com\\\/fr\\\/?s={search_term_string}\"},\"query-input\":{\"@type\":\"PropertyValueSpecification\",\"valueRequired\":true,\"valueName\":\"search_term_string\"}}],\"inLanguage\":\"fr-FR\"},{\"@type\":\"Organization\",\"@id\":\"https:\\\/\\\/naturalpoland.com\\\/fr\\\/#organization\",\"name\":\"Natural Poland\",\"url\":\"https:\\\/\\\/naturalpoland.com\\\/fr\\\/\",\"logo\":{\"@type\":\"ImageObject\",\"inLanguage\":\"fr-FR\",\"@id\":\"https:\\\/\\\/naturalpoland.com\\\/fr\\\/#\\\/schema\\\/logo\\\/image\\\/\",\"url\":\"https:\\\/\\\/naturalpoland.com\\\/wp-content\\\/uploads\\\/2021\\\/05\\\/natural-poland-icon.png\",\"contentUrl\":\"https:\\\/\\\/naturalpoland.com\\\/wp-content\\\/uploads\\\/2021\\\/05\\\/natural-poland-icon.png\",\"width\":512,\"height\":512,\"caption\":\"Natural Poland\"},\"image\":{\"@id\":\"https:\\\/\\\/naturalpoland.com\\\/fr\\\/#\\\/schema\\\/logo\\\/image\\\/\"},\"sameAs\":[\"https:\\\/\\\/www.facebook.com\\\/naturalpoland.b2b\",\"https:\\\/\\\/pl.linkedin.com\\\/company\\\/natural-poland\",\"https:\\\/\\\/www.youtube.com\\\/channel\\\/UCgeGGkvOMahZo-xu_MSEWxg\"]}]}<\/script>\n<!-- \/ Yoast SEO plugin. -->","yoast_head_json":{"title":"Extrait de cannelle de Ceylan - Distributeur en gros","description":"L'extrait d'\u00e9corce de cannelle de Ceylan est une mati\u00e8re premi\u00e8re v\u00e9g\u00e9tale utilis\u00e9e principalement dans les industries pharmaceutiques, cosm\u00e9tiques et alimentaires.","robots":{"index":"index","follow":"follow","max-snippet":"max-snippet:-1","max-image-preview":"max-image-preview:large","max-video-preview":"max-video-preview:-1"},"canonical":"https:\/\/naturalpoland.com\/fr\/produkty\/extraits-de-plantes\/ekstrakt-z-cynamonu-cejlonskiego\/","og_locale":"fr_FR","og_type":"article","og_title":"Extrait de cannelle de Ceylan - Distributeur en gros","og_description":"L'extrait d'\u00e9corce de cannelle de Ceylan est une mati\u00e8re premi\u00e8re v\u00e9g\u00e9tale utilis\u00e9e principalement dans les industries pharmaceutiques, cosm\u00e9tiques et alimentaires.","og_url":"https:\/\/naturalpoland.com\/fr\/produkty\/extraits-de-plantes\/ekstrakt-z-cynamonu-cejlonskiego\/","og_site_name":"NATURAL POLAND - Distributeur de mati\u00e8res premi\u00e8res en gros","article_publisher":"https:\/\/www.facebook.com\/naturalpoland.b2b","og_image":[{"width":619,"height":619,"url":"https:\/\/naturalpoland.com\/wp-content\/uploads\/ekstrakt-z-cynamonu-cejlonskiego.webp","type":"image\/webp"}],"schema":{"@context":"https:\/\/schema.org","@graph":[{"@type":"WebPage","@id":"https:\/\/naturalpoland.com\/fr\/produkty\/extraits-de-plantes\/ekstrakt-z-cynamonu-cejlonskiego\/","url":"https:\/\/naturalpoland.com\/fr\/produkty\/extraits-de-plantes\/ekstrakt-z-cynamonu-cejlonskiego\/","name":"Extrait de cannelle de Ceylan - Distributeur en gros","isPartOf":{"@id":"https:\/\/naturalpoland.com\/fr\/#website"},"primaryImageOfPage":{"@id":"https:\/\/naturalpoland.com\/fr\/produkty\/extraits-de-plantes\/ekstrakt-z-cynamonu-cejlonskiego\/#primaryimage"},"image":{"@id":"https:\/\/naturalpoland.com\/fr\/produkty\/extraits-de-plantes\/ekstrakt-z-cynamonu-cejlonskiego\/#primaryimage"},"thumbnailUrl":"https:\/\/naturalpoland.com\/wp-content\/uploads\/ekstrakt-z-cynamonu-cejlonskiego.webp","datePublished":"2024-12-23T11:45:42+00:00","description":"L'extrait d'\u00e9corce de cannelle de Ceylan est une mati\u00e8re premi\u00e8re v\u00e9g\u00e9tale utilis\u00e9e principalement dans les industries pharmaceutiques, cosm\u00e9tiques et alimentaires.","breadcrumb":{"@id":"https:\/\/naturalpoland.com\/fr\/produkty\/extraits-de-plantes\/ekstrakt-z-cynamonu-cejlonskiego\/#breadcrumb"},"inLanguage":"fr-FR","potentialAction":[{"@type":"ReadAction","target":["https:\/\/naturalpoland.com\/fr\/produkty\/extraits-de-plantes\/ekstrakt-z-cynamonu-cejlonskiego\/"]}]},{"@type":"ImageObject","inLanguage":"fr-FR","@id":"https:\/\/naturalpoland.com\/fr\/produkty\/extraits-de-plantes\/ekstrakt-z-cynamonu-cejlonskiego\/#primaryimage","url":"https:\/\/naturalpoland.com\/wp-content\/uploads\/ekstrakt-z-cynamonu-cejlonskiego.webp","contentUrl":"https:\/\/naturalpoland.com\/wp-content\/uploads\/ekstrakt-z-cynamonu-cejlonskiego.webp","width":619,"height":619,"caption":"Ekstrakt z cynamonu cejlo\u0144skiego"},{"@type":"BreadcrumbList","@id":"https:\/\/naturalpoland.com\/fr\/produkty\/extraits-de-plantes\/ekstrakt-z-cynamonu-cejlonskiego\/#breadcrumb","itemListElement":[{"@type":"ListItem","position":1,"name":"Accueil","item":"https:\/\/naturalpoland.com\/fr\/"},{"@type":"ListItem","position":2,"name":"Produits","item":"https:\/\/naturalpoland.com\/fr\/produits\/"},{"@type":"ListItem","position":3,"name":"Extrait de cannelle de Ceylan"}]},{"@type":"WebSite","@id":"https:\/\/naturalpoland.com\/fr\/#website","url":"https:\/\/naturalpoland.com\/fr\/","name":"NATURAL POLAND - Distributeur de mati\u00e8res premi\u00e8res en gros","description":"Surowce dla przemys\u0142u spo\u017cywczego, kosmetycznego i farmaceutycznego","publisher":{"@id":"https:\/\/naturalpoland.com\/fr\/#organization"},"potentialAction":[{"@type":"SearchAction","target":{"@type":"EntryPoint","urlTemplate":"https:\/\/naturalpoland.com\/fr\/?s={search_term_string}"},"query-input":{"@type":"PropertyValueSpecification","valueRequired":true,"valueName":"search_term_string"}}],"inLanguage":"fr-FR"},{"@type":"Organization","@id":"https:\/\/naturalpoland.com\/fr\/#organization","name":"Natural Poland","url":"https:\/\/naturalpoland.com\/fr\/","logo":{"@type":"ImageObject","inLanguage":"fr-FR","@id":"https:\/\/naturalpoland.com\/fr\/#\/schema\/logo\/image\/","url":"https:\/\/naturalpoland.com\/wp-content\/uploads\/2021\/05\/natural-poland-icon.png","contentUrl":"https:\/\/naturalpoland.com\/wp-content\/uploads\/2021\/05\/natural-poland-icon.png","width":512,"height":512,"caption":"Natural Poland"},"image":{"@id":"https:\/\/naturalpoland.com\/fr\/#\/schema\/logo\/image\/"},"sameAs":["https:\/\/www.facebook.com\/naturalpoland.b2b","https:\/\/pl.linkedin.com\/company\/natural-poland","https:\/\/www.youtube.com\/channel\/UCgeGGkvOMahZo-xu_MSEWxg"]}]}},"_links":{"self":[{"href":"https:\/\/naturalpoland.com\/fr\/wp-json\/wp\/v2\/product\/38408","targetHints":{"allow":["GET"]}}],"collection":[{"href":"https:\/\/naturalpoland.com\/fr\/wp-json\/wp\/v2\/product"}],"about":[{"href":"https:\/\/naturalpoland.com\/fr\/wp-json\/wp\/v2\/types\/product"}],"wp:featuredmedia":[{"embeddable":true,"href":"https:\/\/naturalpoland.com\/fr\/wp-json\/wp\/v2\/media\/38298"}],"wp:attachment":[{"href":"https:\/\/naturalpoland.com\/fr\/wp-json\/wp\/v2\/media?parent=38408"}],"wp:term":[{"taxonomy":"product_brand","embeddable":true,"href":"https:\/\/naturalpoland.com\/fr\/wp-json\/wp\/v2\/product_brand?post=38408"},{"taxonomy":"product_cat","embeddable":true,"href":"https:\/\/naturalpoland.com\/fr\/wp-json\/wp\/v2\/product_cat?post=38408"},{"taxonomy":"product_tag","embeddable":true,"href":"https:\/\/naturalpoland.com\/fr\/wp-json\/wp\/v2\/product_tag?post=38408"}],"curies":[{"name":"wp","href":"https:\/\/api.w.org\/{rel}","templated":true}]}}