{"id":38421,"date":"2024-12-19T15:22:03","date_gmt":"2024-12-23T11:46:05","guid":{"rendered":"https:\/\/naturalpoland.com\/produkty\/non class\u00e9\/biotinoyl-tripeptide-1\/"},"modified":"2024-12-23T12:46:05","modified_gmt":"2024-12-23T11:46:05","slug":"biotinoyl-tripeptide-1","status":"publish","type":"product","link":"https:\/\/naturalpoland.com\/fr\/produkty\/produits-pour-lindustrie-cosmetique\/peptides-fr\/biotinoyl-tripeptide-1\/","title":{"rendered":"Biotinoyl Tripeptide-1"},"content":{"rendered":"<p data-pm-slice=\"1 1 []\">Le Biotinoyl Tripeptide-1 est un ingr\u00e9dient cosm\u00e9tique innovant qui combine des propri\u00e9t\u00e9s r\u00e9g\u00e9n\u00e9ratrices, fortifiantes et protectrices. Il contribue avant tout \u00e0 stimuler la synth\u00e8se du collag\u00e8ne dans la peau, am\u00e9liorant ainsi son \u00e9lasticit\u00e9 et sa fermet\u00e9. Il contribue \u00e9galement \u00e0 maintenir son niveau d&rsquo;hydratation. En outre, la mati\u00e8re premi\u00e8re soutient l&rsquo;activit\u00e9 des follicules pileux, am\u00e9liorant leur \u00e9tat et stimulant la croissance des cheveux.   <\/p>\n<p data-pm-slice=\"1 1 []\">Le Biotinoyl Tripeptide-1 est utilis\u00e9 dans les produits cosm\u00e9tiques anti-\u00e2ge ainsi que dans les produits de soins capillaires.<\/p>\n","protected":false},"excerpt":{"rendered":"<p data-pm-slice=\"1 1 []\">Le <strong>Biotinoyl Tripeptide-1<\/strong> est un peptide bioactif principalement utilis\u00e9 dans l&rsquo;industrie cosm\u00e9tique. Sa structure chimique unique (Biotin-Gly-His-Lys-OH) lui permet de renforcer et de r\u00e9g\u00e9n\u00e9rer efficacement la peau et les cheveux. En raison de la pr\u00e9sence de <strong><a href=\"https:\/\/naturalpoland.com\/produkty\/produkty-dla-przemyslu-farmaceutycznego-i-medycznego\/witaminy\/biotyna\/\">biotine<\/a><\/strong> le peptide a un effet b\u00e9n\u00e9fique sur l&rsquo;\u00e9tat de la peau et favorise la croissance des cheveux.  <\/p>\n","protected":false},"featured_media":38363,"template":"","meta":[],"product_brand":[],"product_cat":[2491],"product_tag":[],"class_list":{"0":"post-38421","1":"product","2":"type-product","3":"status-publish","4":"has-post-thumbnail","6":"product_cat-peptides-fr","8":"first","9":"instock","10":"shipping-taxable","11":"product-type-simple"},"yoast_head":"<!-- This site is optimized with the Yoast SEO plugin v27.3 - https:\/\/yoast.com\/product\/yoast-seo-wordpress\/ -->\n<title>Biotinoyl Tripeptide-1 - Distributeur en gros de mati\u00e8res premi\u00e8res NATURAL POLAND - Distributeur de mati\u00e8res premi\u00e8res en gros<\/title>\n<meta name=\"description\" content=\"Le Biotinoyl Tripeptide-1 est un ingr\u00e9dient cosm\u00e9tique innovant qui combine des propri\u00e9t\u00e9s r\u00e9g\u00e9n\u00e9ratrices, fortifiantes et protectrices.\" \/>\n<meta name=\"robots\" content=\"index, follow, max-snippet:-1, max-image-preview:large, max-video-preview:-1\" \/>\n<link rel=\"canonical\" href=\"https:\/\/naturalpoland.com\/fr\/produkty\/produits-pour-lindustrie-cosmetique\/peptides-fr\/biotinoyl-tripeptide-1\/\" \/>\n<meta property=\"og:locale\" content=\"fr_FR\" \/>\n<meta property=\"og:type\" content=\"article\" \/>\n<meta property=\"og:title\" content=\"Biotinoyl Tripeptide-1 - Distributeur en gros de mati\u00e8res premi\u00e8res NATURAL POLAND - Distributeur de mati\u00e8res premi\u00e8res en gros\" \/>\n<meta property=\"og:description\" content=\"Le Biotinoyl Tripeptide-1 est un ingr\u00e9dient cosm\u00e9tique innovant qui combine des propri\u00e9t\u00e9s r\u00e9g\u00e9n\u00e9ratrices, fortifiantes et protectrices.\" \/>\n<meta property=\"og:url\" content=\"https:\/\/naturalpoland.com\/fr\/produkty\/produits-pour-lindustrie-cosmetique\/peptides-fr\/biotinoyl-tripeptide-1\/\" \/>\n<meta property=\"og:site_name\" content=\"NATURAL POLAND - Distributeur de mati\u00e8res premi\u00e8res en gros\" \/>\n<meta property=\"article:publisher\" content=\"https:\/\/www.facebook.com\/naturalpoland.b2b\" \/>\n<meta property=\"og:image\" content=\"https:\/\/naturalpoland.com\/wp-content\/uploads\/biotinoyl-tripeptide-1.webp\" \/>\n\t<meta property=\"og:image:width\" content=\"592\" \/>\n\t<meta property=\"og:image:height\" content=\"592\" \/>\n\t<meta property=\"og:image:type\" content=\"image\/webp\" \/>\n<script type=\"application\/ld+json\" class=\"yoast-schema-graph\">{\"@context\":\"https:\\\/\\\/schema.org\",\"@graph\":[{\"@type\":\"WebPage\",\"@id\":\"https:\\\/\\\/naturalpoland.com\\\/fr\\\/produkty\\\/produits-pour-lindustrie-cosmetique\\\/peptides-fr\\\/biotinoyl-tripeptide-1\\\/\",\"url\":\"https:\\\/\\\/naturalpoland.com\\\/fr\\\/produkty\\\/produits-pour-lindustrie-cosmetique\\\/peptides-fr\\\/biotinoyl-tripeptide-1\\\/\",\"name\":\"Biotinoyl Tripeptide-1 - Distributeur en gros de mati\u00e8res premi\u00e8res NATURAL POLAND - Distributeur de mati\u00e8res premi\u00e8res en gros\",\"isPartOf\":{\"@id\":\"https:\\\/\\\/naturalpoland.com\\\/fr\\\/#website\"},\"primaryImageOfPage\":{\"@id\":\"https:\\\/\\\/naturalpoland.com\\\/fr\\\/produkty\\\/produits-pour-lindustrie-cosmetique\\\/peptides-fr\\\/biotinoyl-tripeptide-1\\\/#primaryimage\"},\"image\":{\"@id\":\"https:\\\/\\\/naturalpoland.com\\\/fr\\\/produkty\\\/produits-pour-lindustrie-cosmetique\\\/peptides-fr\\\/biotinoyl-tripeptide-1\\\/#primaryimage\"},\"thumbnailUrl\":\"https:\\\/\\\/naturalpoland.com\\\/wp-content\\\/uploads\\\/biotinoyl-tripeptide-1.webp\",\"datePublished\":\"2024-12-23T11:46:05+00:00\",\"description\":\"Le Biotinoyl Tripeptide-1 est un ingr\u00e9dient cosm\u00e9tique innovant qui combine des propri\u00e9t\u00e9s r\u00e9g\u00e9n\u00e9ratrices, fortifiantes et protectrices.\",\"breadcrumb\":{\"@id\":\"https:\\\/\\\/naturalpoland.com\\\/fr\\\/produkty\\\/produits-pour-lindustrie-cosmetique\\\/peptides-fr\\\/biotinoyl-tripeptide-1\\\/#breadcrumb\"},\"inLanguage\":\"fr-FR\",\"potentialAction\":[{\"@type\":\"ReadAction\",\"target\":[\"https:\\\/\\\/naturalpoland.com\\\/fr\\\/produkty\\\/produits-pour-lindustrie-cosmetique\\\/peptides-fr\\\/biotinoyl-tripeptide-1\\\/\"]}]},{\"@type\":\"ImageObject\",\"inLanguage\":\"fr-FR\",\"@id\":\"https:\\\/\\\/naturalpoland.com\\\/fr\\\/produkty\\\/produits-pour-lindustrie-cosmetique\\\/peptides-fr\\\/biotinoyl-tripeptide-1\\\/#primaryimage\",\"url\":\"https:\\\/\\\/naturalpoland.com\\\/wp-content\\\/uploads\\\/biotinoyl-tripeptide-1.webp\",\"contentUrl\":\"https:\\\/\\\/naturalpoland.com\\\/wp-content\\\/uploads\\\/biotinoyl-tripeptide-1.webp\",\"width\":592,\"height\":592,\"caption\":\"Biotinoyl Tripeptide-1\"},{\"@type\":\"BreadcrumbList\",\"@id\":\"https:\\\/\\\/naturalpoland.com\\\/fr\\\/produkty\\\/produits-pour-lindustrie-cosmetique\\\/peptides-fr\\\/biotinoyl-tripeptide-1\\\/#breadcrumb\",\"itemListElement\":[{\"@type\":\"ListItem\",\"position\":1,\"name\":\"Accueil\",\"item\":\"https:\\\/\\\/naturalpoland.com\\\/fr\\\/\"},{\"@type\":\"ListItem\",\"position\":2,\"name\":\"Produits\",\"item\":\"https:\\\/\\\/naturalpoland.com\\\/fr\\\/produits\\\/\"},{\"@type\":\"ListItem\",\"position\":3,\"name\":\"Biotinoyl Tripeptide-1\"}]},{\"@type\":\"WebSite\",\"@id\":\"https:\\\/\\\/naturalpoland.com\\\/fr\\\/#website\",\"url\":\"https:\\\/\\\/naturalpoland.com\\\/fr\\\/\",\"name\":\"NATURAL POLAND - Distributeur de mati\u00e8res premi\u00e8res en gros\",\"description\":\"Surowce dla przemys\u0142u spo\u017cywczego, kosmetycznego i farmaceutycznego\",\"publisher\":{\"@id\":\"https:\\\/\\\/naturalpoland.com\\\/fr\\\/#organization\"},\"potentialAction\":[{\"@type\":\"SearchAction\",\"target\":{\"@type\":\"EntryPoint\",\"urlTemplate\":\"https:\\\/\\\/naturalpoland.com\\\/fr\\\/?s={search_term_string}\"},\"query-input\":{\"@type\":\"PropertyValueSpecification\",\"valueRequired\":true,\"valueName\":\"search_term_string\"}}],\"inLanguage\":\"fr-FR\"},{\"@type\":\"Organization\",\"@id\":\"https:\\\/\\\/naturalpoland.com\\\/fr\\\/#organization\",\"name\":\"Natural Poland\",\"url\":\"https:\\\/\\\/naturalpoland.com\\\/fr\\\/\",\"logo\":{\"@type\":\"ImageObject\",\"inLanguage\":\"fr-FR\",\"@id\":\"https:\\\/\\\/naturalpoland.com\\\/fr\\\/#\\\/schema\\\/logo\\\/image\\\/\",\"url\":\"https:\\\/\\\/naturalpoland.com\\\/wp-content\\\/uploads\\\/2021\\\/05\\\/natural-poland-icon.png\",\"contentUrl\":\"https:\\\/\\\/naturalpoland.com\\\/wp-content\\\/uploads\\\/2021\\\/05\\\/natural-poland-icon.png\",\"width\":512,\"height\":512,\"caption\":\"Natural Poland\"},\"image\":{\"@id\":\"https:\\\/\\\/naturalpoland.com\\\/fr\\\/#\\\/schema\\\/logo\\\/image\\\/\"},\"sameAs\":[\"https:\\\/\\\/www.facebook.com\\\/naturalpoland.b2b\",\"https:\\\/\\\/pl.linkedin.com\\\/company\\\/natural-poland\",\"https:\\\/\\\/www.youtube.com\\\/channel\\\/UCgeGGkvOMahZo-xu_MSEWxg\"]}]}<\/script>\n<!-- \/ Yoast SEO plugin. -->","yoast_head_json":{"title":"Biotinoyl Tripeptide-1 - Distributeur en gros de mati\u00e8res premi\u00e8res NATURAL POLAND - Distributeur de mati\u00e8res premi\u00e8res en gros","description":"Le Biotinoyl Tripeptide-1 est un ingr\u00e9dient cosm\u00e9tique innovant qui combine des propri\u00e9t\u00e9s r\u00e9g\u00e9n\u00e9ratrices, fortifiantes et protectrices.","robots":{"index":"index","follow":"follow","max-snippet":"max-snippet:-1","max-image-preview":"max-image-preview:large","max-video-preview":"max-video-preview:-1"},"canonical":"https:\/\/naturalpoland.com\/fr\/produkty\/produits-pour-lindustrie-cosmetique\/peptides-fr\/biotinoyl-tripeptide-1\/","og_locale":"fr_FR","og_type":"article","og_title":"Biotinoyl Tripeptide-1 - Distributeur en gros de mati\u00e8res premi\u00e8res NATURAL POLAND - Distributeur de mati\u00e8res premi\u00e8res en gros","og_description":"Le Biotinoyl Tripeptide-1 est un ingr\u00e9dient cosm\u00e9tique innovant qui combine des propri\u00e9t\u00e9s r\u00e9g\u00e9n\u00e9ratrices, fortifiantes et protectrices.","og_url":"https:\/\/naturalpoland.com\/fr\/produkty\/produits-pour-lindustrie-cosmetique\/peptides-fr\/biotinoyl-tripeptide-1\/","og_site_name":"NATURAL POLAND - Distributeur de mati\u00e8res premi\u00e8res en gros","article_publisher":"https:\/\/www.facebook.com\/naturalpoland.b2b","og_image":[{"width":592,"height":592,"url":"https:\/\/naturalpoland.com\/wp-content\/uploads\/biotinoyl-tripeptide-1.webp","type":"image\/webp"}],"schema":{"@context":"https:\/\/schema.org","@graph":[{"@type":"WebPage","@id":"https:\/\/naturalpoland.com\/fr\/produkty\/produits-pour-lindustrie-cosmetique\/peptides-fr\/biotinoyl-tripeptide-1\/","url":"https:\/\/naturalpoland.com\/fr\/produkty\/produits-pour-lindustrie-cosmetique\/peptides-fr\/biotinoyl-tripeptide-1\/","name":"Biotinoyl Tripeptide-1 - Distributeur en gros de mati\u00e8res premi\u00e8res NATURAL POLAND - Distributeur de mati\u00e8res premi\u00e8res en gros","isPartOf":{"@id":"https:\/\/naturalpoland.com\/fr\/#website"},"primaryImageOfPage":{"@id":"https:\/\/naturalpoland.com\/fr\/produkty\/produits-pour-lindustrie-cosmetique\/peptides-fr\/biotinoyl-tripeptide-1\/#primaryimage"},"image":{"@id":"https:\/\/naturalpoland.com\/fr\/produkty\/produits-pour-lindustrie-cosmetique\/peptides-fr\/biotinoyl-tripeptide-1\/#primaryimage"},"thumbnailUrl":"https:\/\/naturalpoland.com\/wp-content\/uploads\/biotinoyl-tripeptide-1.webp","datePublished":"2024-12-23T11:46:05+00:00","description":"Le Biotinoyl Tripeptide-1 est un ingr\u00e9dient cosm\u00e9tique innovant qui combine des propri\u00e9t\u00e9s r\u00e9g\u00e9n\u00e9ratrices, fortifiantes et protectrices.","breadcrumb":{"@id":"https:\/\/naturalpoland.com\/fr\/produkty\/produits-pour-lindustrie-cosmetique\/peptides-fr\/biotinoyl-tripeptide-1\/#breadcrumb"},"inLanguage":"fr-FR","potentialAction":[{"@type":"ReadAction","target":["https:\/\/naturalpoland.com\/fr\/produkty\/produits-pour-lindustrie-cosmetique\/peptides-fr\/biotinoyl-tripeptide-1\/"]}]},{"@type":"ImageObject","inLanguage":"fr-FR","@id":"https:\/\/naturalpoland.com\/fr\/produkty\/produits-pour-lindustrie-cosmetique\/peptides-fr\/biotinoyl-tripeptide-1\/#primaryimage","url":"https:\/\/naturalpoland.com\/wp-content\/uploads\/biotinoyl-tripeptide-1.webp","contentUrl":"https:\/\/naturalpoland.com\/wp-content\/uploads\/biotinoyl-tripeptide-1.webp","width":592,"height":592,"caption":"Biotinoyl Tripeptide-1"},{"@type":"BreadcrumbList","@id":"https:\/\/naturalpoland.com\/fr\/produkty\/produits-pour-lindustrie-cosmetique\/peptides-fr\/biotinoyl-tripeptide-1\/#breadcrumb","itemListElement":[{"@type":"ListItem","position":1,"name":"Accueil","item":"https:\/\/naturalpoland.com\/fr\/"},{"@type":"ListItem","position":2,"name":"Produits","item":"https:\/\/naturalpoland.com\/fr\/produits\/"},{"@type":"ListItem","position":3,"name":"Biotinoyl Tripeptide-1"}]},{"@type":"WebSite","@id":"https:\/\/naturalpoland.com\/fr\/#website","url":"https:\/\/naturalpoland.com\/fr\/","name":"NATURAL POLAND - Distributeur de mati\u00e8res premi\u00e8res en gros","description":"Surowce dla przemys\u0142u spo\u017cywczego, kosmetycznego i farmaceutycznego","publisher":{"@id":"https:\/\/naturalpoland.com\/fr\/#organization"},"potentialAction":[{"@type":"SearchAction","target":{"@type":"EntryPoint","urlTemplate":"https:\/\/naturalpoland.com\/fr\/?s={search_term_string}"},"query-input":{"@type":"PropertyValueSpecification","valueRequired":true,"valueName":"search_term_string"}}],"inLanguage":"fr-FR"},{"@type":"Organization","@id":"https:\/\/naturalpoland.com\/fr\/#organization","name":"Natural Poland","url":"https:\/\/naturalpoland.com\/fr\/","logo":{"@type":"ImageObject","inLanguage":"fr-FR","@id":"https:\/\/naturalpoland.com\/fr\/#\/schema\/logo\/image\/","url":"https:\/\/naturalpoland.com\/wp-content\/uploads\/2021\/05\/natural-poland-icon.png","contentUrl":"https:\/\/naturalpoland.com\/wp-content\/uploads\/2021\/05\/natural-poland-icon.png","width":512,"height":512,"caption":"Natural Poland"},"image":{"@id":"https:\/\/naturalpoland.com\/fr\/#\/schema\/logo\/image\/"},"sameAs":["https:\/\/www.facebook.com\/naturalpoland.b2b","https:\/\/pl.linkedin.com\/company\/natural-poland","https:\/\/www.youtube.com\/channel\/UCgeGGkvOMahZo-xu_MSEWxg"]}]}},"_links":{"self":[{"href":"https:\/\/naturalpoland.com\/fr\/wp-json\/wp\/v2\/product\/38421","targetHints":{"allow":["GET"]}}],"collection":[{"href":"https:\/\/naturalpoland.com\/fr\/wp-json\/wp\/v2\/product"}],"about":[{"href":"https:\/\/naturalpoland.com\/fr\/wp-json\/wp\/v2\/types\/product"}],"wp:featuredmedia":[{"embeddable":true,"href":"https:\/\/naturalpoland.com\/fr\/wp-json\/wp\/v2\/media\/38363"}],"wp:attachment":[{"href":"https:\/\/naturalpoland.com\/fr\/wp-json\/wp\/v2\/media?parent=38421"}],"wp:term":[{"taxonomy":"product_brand","embeddable":true,"href":"https:\/\/naturalpoland.com\/fr\/wp-json\/wp\/v2\/product_brand?post=38421"},{"taxonomy":"product_cat","embeddable":true,"href":"https:\/\/naturalpoland.com\/fr\/wp-json\/wp\/v2\/product_cat?post=38421"},{"taxonomy":"product_tag","embeddable":true,"href":"https:\/\/naturalpoland.com\/fr\/wp-json\/wp\/v2\/product_tag?post=38421"}],"curies":[{"name":"wp","href":"https:\/\/api.w.org\/{rel}","templated":true}]}}