{"id":38440,"date":"2024-12-19T16:00:48","date_gmt":"2024-12-23T11:50:05","guid":{"rendered":"https:\/\/naturalpoland.com\/produkty\/non class\u00e9\/proszek-z-malzy-zielonowargowej\/"},"modified":"2024-12-23T12:50:05","modified_gmt":"2024-12-23T11:50:05","slug":"proszek-z-malzy-zielonowargowej","status":"publish","type":"product","link":"https:\/\/naturalpoland.com\/fr\/produkty\/produits-pour-lalimentation-animale\/proszek-z-malzy-zielonowargowej\/","title":{"rendered":"Poudre de moule verte"},"content":{"rendered":"<p data-pm-slice=\"1 1 []\">La poudre de moule verte est un ingr\u00e9dient naturel et hautement nutritif destin\u00e9 \u00e0 l&rsquo;<strong>alimentation animale<\/strong>. Gr\u00e2ce \u00e0 sa richesse en prot\u00e9ines, en lipides et en glycosaminoglycanes, le produit apporte un excellent soutien \u00e0 la sant\u00e9 et \u00e0 la r\u00e9g\u00e9n\u00e9ration de l&rsquo;organisme animal. <\/p>\n<h2>Propri\u00e9t\u00e9s :<\/h2>\n<p>Les glycosaminoglycanes contenus dans le produit favorisent la production de liquide synovial et contribuent donc \u00e0 la sant\u00e9 des articulations. Les acides gras om\u00e9ga-3 r\u00e9duisent quant \u00e0 eux l&rsquo;inflammation et contribuent au traitement de l&rsquo;arthrite. La teneur en prot\u00e9ines de 50 \u00e0 70 % fournit des acides amin\u00e9s essentiels pour la croissance et la r\u00e9g\u00e9n\u00e9ration des tissus, tandis que les<span style=\"font-size: 14.4px;\">lipides et les acides gras om\u00e9ga-3 favorisent une croissance saine et am\u00e9liorent l&rsquo;\u00e9tat de la peau et du pelage.<\/span> <\/p>\n<h2>Utilisation dans les aliments pour animaux :<\/h2>\n<ol>\n<li>Aliments pour chiens et chats &#8211; pour la sant\u00e9 des articulations et l&rsquo;am\u00e9lioration de la mobilit\u00e9<\/li>\n<li>Pour les chevaux &#8211; soutien \u00e0 la sant\u00e9 musculo-squelettique et \u00e0 la r\u00e9g\u00e9n\u00e9ration<\/li>\n<li>Aliments pour poissons et crustac\u00e9s &#8211; une source de nutriments<\/li>\n<\/ol>\n","protected":false},"excerpt":{"rendered":"<p>La <strong>poudre de<\/strong> moule verte est une mati\u00e8re premi\u00e8re unique provenant des eaux claires de Nouvelle-Z\u00e9lande. Elle est obtenue \u00e0 partir de la chair de la moule <em><strong>Perna canaliculus<\/strong><\/em>Gr\u00e2ce \u00e0 un processus de s\u00e9chage et de broyage avanc\u00e9, le produit conserve toutes ses valeurs nutritionnelles et bioactives naturelles.  <\/p>\n","protected":false},"featured_media":38389,"template":"","meta":{"_acf_changed":false},"product_brand":[],"product_cat":[2510],"product_tag":[],"class_list":{"0":"post-38440","1":"product","2":"type-product","3":"status-publish","4":"has-post-thumbnail","6":"product_cat-produits-pour-lalimentation-animale","8":"first","9":"instock","10":"shipping-taxable","11":"product-type-simple"},"acf":[],"yoast_head":"<!-- This site is optimized with the Yoast SEO plugin v27.4 - https:\/\/yoast.com\/product\/yoast-seo-wordpress\/ -->\n<title>Poudre de moule verte - Distributeur en gros de mati\u00e8res premi\u00e8res NATURAL POLAND - Distributeur de mati\u00e8res premi\u00e8res en gros<\/title>\n<meta name=\"description\" content=\"La poudre de moule verte est un ingr\u00e9dient naturel et hautement nutritif destin\u00e9 \u00e0 l&#039;alimentation animale.\" \/>\n<meta name=\"robots\" content=\"index, follow, max-snippet:-1, max-image-preview:large, max-video-preview:-1\" \/>\n<link rel=\"canonical\" href=\"https:\/\/naturalpoland.com\/fr\/produkty\/produits-pour-lalimentation-animale\/proszek-z-malzy-zielonowargowej\/\" \/>\n<meta property=\"og:locale\" content=\"fr_FR\" \/>\n<meta property=\"og:type\" content=\"article\" \/>\n<meta property=\"og:title\" content=\"Poudre de moule verte - Distributeur en gros de mati\u00e8res premi\u00e8res NATURAL POLAND - Distributeur de mati\u00e8res premi\u00e8res en gros\" \/>\n<meta property=\"og:description\" content=\"La poudre de moule verte est un ingr\u00e9dient naturel et hautement nutritif destin\u00e9 \u00e0 l&#039;alimentation animale.\" \/>\n<meta property=\"og:url\" content=\"https:\/\/naturalpoland.com\/fr\/produkty\/produits-pour-lalimentation-animale\/proszek-z-malzy-zielonowargowej\/\" \/>\n<meta property=\"og:site_name\" content=\"NATURAL POLAND - Distributeur de mati\u00e8res premi\u00e8res en gros\" \/>\n<meta property=\"article:publisher\" content=\"https:\/\/www.facebook.com\/naturalpoland.b2b\" \/>\n<meta property=\"og:image\" content=\"https:\/\/naturalpoland.com\/wp-content\/uploads\/proszek-z-malzy-zielonowargowej.webp\" \/>\n\t<meta property=\"og:image:width\" content=\"592\" \/>\n\t<meta property=\"og:image:height\" content=\"592\" \/>\n\t<meta property=\"og:image:type\" content=\"image\/webp\" \/>\n<script type=\"application\/ld+json\" class=\"yoast-schema-graph\">{\"@context\":\"https:\\\/\\\/schema.org\",\"@graph\":[{\"@type\":\"WebPage\",\"@id\":\"https:\\\/\\\/naturalpoland.com\\\/fr\\\/produkty\\\/produits-pour-lalimentation-animale\\\/proszek-z-malzy-zielonowargowej\\\/\",\"url\":\"https:\\\/\\\/naturalpoland.com\\\/fr\\\/produkty\\\/produits-pour-lalimentation-animale\\\/proszek-z-malzy-zielonowargowej\\\/\",\"name\":\"Poudre de moule verte - Distributeur en gros de mati\u00e8res premi\u00e8res NATURAL POLAND - Distributeur de mati\u00e8res premi\u00e8res en gros\",\"isPartOf\":{\"@id\":\"https:\\\/\\\/naturalpoland.com\\\/fr\\\/#website\"},\"primaryImageOfPage\":{\"@id\":\"https:\\\/\\\/naturalpoland.com\\\/fr\\\/produkty\\\/produits-pour-lalimentation-animale\\\/proszek-z-malzy-zielonowargowej\\\/#primaryimage\"},\"image\":{\"@id\":\"https:\\\/\\\/naturalpoland.com\\\/fr\\\/produkty\\\/produits-pour-lalimentation-animale\\\/proszek-z-malzy-zielonowargowej\\\/#primaryimage\"},\"thumbnailUrl\":\"https:\\\/\\\/naturalpoland.com\\\/wp-content\\\/uploads\\\/proszek-z-malzy-zielonowargowej.webp\",\"datePublished\":\"2024-12-23T11:50:05+00:00\",\"description\":\"La poudre de moule verte est un ingr\u00e9dient naturel et hautement nutritif destin\u00e9 \u00e0 l'alimentation animale.\",\"breadcrumb\":{\"@id\":\"https:\\\/\\\/naturalpoland.com\\\/fr\\\/produkty\\\/produits-pour-lalimentation-animale\\\/proszek-z-malzy-zielonowargowej\\\/#breadcrumb\"},\"inLanguage\":\"fr-FR\",\"potentialAction\":[{\"@type\":\"ReadAction\",\"target\":[\"https:\\\/\\\/naturalpoland.com\\\/fr\\\/produkty\\\/produits-pour-lalimentation-animale\\\/proszek-z-malzy-zielonowargowej\\\/\"]}]},{\"@type\":\"ImageObject\",\"inLanguage\":\"fr-FR\",\"@id\":\"https:\\\/\\\/naturalpoland.com\\\/fr\\\/produkty\\\/produits-pour-lalimentation-animale\\\/proszek-z-malzy-zielonowargowej\\\/#primaryimage\",\"url\":\"https:\\\/\\\/naturalpoland.com\\\/wp-content\\\/uploads\\\/proszek-z-malzy-zielonowargowej.webp\",\"contentUrl\":\"https:\\\/\\\/naturalpoland.com\\\/wp-content\\\/uploads\\\/proszek-z-malzy-zielonowargowej.webp\",\"width\":592,\"height\":592,\"caption\":\"proszek z ma\u0142\u017cy zielonowargowej\"},{\"@type\":\"BreadcrumbList\",\"@id\":\"https:\\\/\\\/naturalpoland.com\\\/fr\\\/produkty\\\/produits-pour-lalimentation-animale\\\/proszek-z-malzy-zielonowargowej\\\/#breadcrumb\",\"itemListElement\":[{\"@type\":\"ListItem\",\"position\":1,\"name\":\"Accueil\",\"item\":\"https:\\\/\\\/naturalpoland.com\\\/fr\\\/\"},{\"@type\":\"ListItem\",\"position\":2,\"name\":\"Produits\",\"item\":\"https:\\\/\\\/naturalpoland.com\\\/fr\\\/produits\\\/\"},{\"@type\":\"ListItem\",\"position\":3,\"name\":\"Poudre de moule verte\"}]},{\"@type\":\"WebSite\",\"@id\":\"https:\\\/\\\/naturalpoland.com\\\/fr\\\/#website\",\"url\":\"https:\\\/\\\/naturalpoland.com\\\/fr\\\/\",\"name\":\"NATURAL POLAND - Distributeur de mati\u00e8res premi\u00e8res en gros\",\"description\":\"Surowce dla przemys\u0142u spo\u017cywczego, kosmetycznego i farmaceutycznego\",\"publisher\":{\"@id\":\"https:\\\/\\\/naturalpoland.com\\\/fr\\\/#organization\"},\"potentialAction\":[{\"@type\":\"SearchAction\",\"target\":{\"@type\":\"EntryPoint\",\"urlTemplate\":\"https:\\\/\\\/naturalpoland.com\\\/fr\\\/?s={search_term_string}\"},\"query-input\":{\"@type\":\"PropertyValueSpecification\",\"valueRequired\":true,\"valueName\":\"search_term_string\"}}],\"inLanguage\":\"fr-FR\"},{\"@type\":\"Organization\",\"@id\":\"https:\\\/\\\/naturalpoland.com\\\/fr\\\/#organization\",\"name\":\"Natural Poland\",\"url\":\"https:\\\/\\\/naturalpoland.com\\\/fr\\\/\",\"logo\":{\"@type\":\"ImageObject\",\"inLanguage\":\"fr-FR\",\"@id\":\"https:\\\/\\\/naturalpoland.com\\\/fr\\\/#\\\/schema\\\/logo\\\/image\\\/\",\"url\":\"https:\\\/\\\/naturalpoland.com\\\/wp-content\\\/uploads\\\/2021\\\/05\\\/natural-poland-icon.png\",\"contentUrl\":\"https:\\\/\\\/naturalpoland.com\\\/wp-content\\\/uploads\\\/2021\\\/05\\\/natural-poland-icon.png\",\"width\":512,\"height\":512,\"caption\":\"Natural Poland\"},\"image\":{\"@id\":\"https:\\\/\\\/naturalpoland.com\\\/fr\\\/#\\\/schema\\\/logo\\\/image\\\/\"},\"sameAs\":[\"https:\\\/\\\/www.facebook.com\\\/naturalpoland.b2b\",\"https:\\\/\\\/pl.linkedin.com\\\/company\\\/natural-poland\",\"https:\\\/\\\/www.youtube.com\\\/channel\\\/UCgeGGkvOMahZo-xu_MSEWxg\"]}]}<\/script>\n<!-- \/ Yoast SEO plugin. -->","yoast_head_json":{"title":"Poudre de moule verte - Distributeur en gros de mati\u00e8res premi\u00e8res NATURAL POLAND - Distributeur de mati\u00e8res premi\u00e8res en gros","description":"La poudre de moule verte est un ingr\u00e9dient naturel et hautement nutritif destin\u00e9 \u00e0 l'alimentation animale.","robots":{"index":"index","follow":"follow","max-snippet":"max-snippet:-1","max-image-preview":"max-image-preview:large","max-video-preview":"max-video-preview:-1"},"canonical":"https:\/\/naturalpoland.com\/fr\/produkty\/produits-pour-lalimentation-animale\/proszek-z-malzy-zielonowargowej\/","og_locale":"fr_FR","og_type":"article","og_title":"Poudre de moule verte - Distributeur en gros de mati\u00e8res premi\u00e8res NATURAL POLAND - Distributeur de mati\u00e8res premi\u00e8res en gros","og_description":"La poudre de moule verte est un ingr\u00e9dient naturel et hautement nutritif destin\u00e9 \u00e0 l'alimentation animale.","og_url":"https:\/\/naturalpoland.com\/fr\/produkty\/produits-pour-lalimentation-animale\/proszek-z-malzy-zielonowargowej\/","og_site_name":"NATURAL POLAND - Distributeur de mati\u00e8res premi\u00e8res en gros","article_publisher":"https:\/\/www.facebook.com\/naturalpoland.b2b","og_image":[{"width":592,"height":592,"url":"https:\/\/naturalpoland.com\/wp-content\/uploads\/proszek-z-malzy-zielonowargowej.webp","type":"image\/webp"}],"schema":{"@context":"https:\/\/schema.org","@graph":[{"@type":"WebPage","@id":"https:\/\/naturalpoland.com\/fr\/produkty\/produits-pour-lalimentation-animale\/proszek-z-malzy-zielonowargowej\/","url":"https:\/\/naturalpoland.com\/fr\/produkty\/produits-pour-lalimentation-animale\/proszek-z-malzy-zielonowargowej\/","name":"Poudre de moule verte - Distributeur en gros de mati\u00e8res premi\u00e8res NATURAL POLAND - Distributeur de mati\u00e8res premi\u00e8res en gros","isPartOf":{"@id":"https:\/\/naturalpoland.com\/fr\/#website"},"primaryImageOfPage":{"@id":"https:\/\/naturalpoland.com\/fr\/produkty\/produits-pour-lalimentation-animale\/proszek-z-malzy-zielonowargowej\/#primaryimage"},"image":{"@id":"https:\/\/naturalpoland.com\/fr\/produkty\/produits-pour-lalimentation-animale\/proszek-z-malzy-zielonowargowej\/#primaryimage"},"thumbnailUrl":"https:\/\/naturalpoland.com\/wp-content\/uploads\/proszek-z-malzy-zielonowargowej.webp","datePublished":"2024-12-23T11:50:05+00:00","description":"La poudre de moule verte est un ingr\u00e9dient naturel et hautement nutritif destin\u00e9 \u00e0 l'alimentation animale.","breadcrumb":{"@id":"https:\/\/naturalpoland.com\/fr\/produkty\/produits-pour-lalimentation-animale\/proszek-z-malzy-zielonowargowej\/#breadcrumb"},"inLanguage":"fr-FR","potentialAction":[{"@type":"ReadAction","target":["https:\/\/naturalpoland.com\/fr\/produkty\/produits-pour-lalimentation-animale\/proszek-z-malzy-zielonowargowej\/"]}]},{"@type":"ImageObject","inLanguage":"fr-FR","@id":"https:\/\/naturalpoland.com\/fr\/produkty\/produits-pour-lalimentation-animale\/proszek-z-malzy-zielonowargowej\/#primaryimage","url":"https:\/\/naturalpoland.com\/wp-content\/uploads\/proszek-z-malzy-zielonowargowej.webp","contentUrl":"https:\/\/naturalpoland.com\/wp-content\/uploads\/proszek-z-malzy-zielonowargowej.webp","width":592,"height":592,"caption":"proszek z ma\u0142\u017cy zielonowargowej"},{"@type":"BreadcrumbList","@id":"https:\/\/naturalpoland.com\/fr\/produkty\/produits-pour-lalimentation-animale\/proszek-z-malzy-zielonowargowej\/#breadcrumb","itemListElement":[{"@type":"ListItem","position":1,"name":"Accueil","item":"https:\/\/naturalpoland.com\/fr\/"},{"@type":"ListItem","position":2,"name":"Produits","item":"https:\/\/naturalpoland.com\/fr\/produits\/"},{"@type":"ListItem","position":3,"name":"Poudre de moule verte"}]},{"@type":"WebSite","@id":"https:\/\/naturalpoland.com\/fr\/#website","url":"https:\/\/naturalpoland.com\/fr\/","name":"NATURAL POLAND - Distributeur de mati\u00e8res premi\u00e8res en gros","description":"Surowce dla przemys\u0142u spo\u017cywczego, kosmetycznego i farmaceutycznego","publisher":{"@id":"https:\/\/naturalpoland.com\/fr\/#organization"},"potentialAction":[{"@type":"SearchAction","target":{"@type":"EntryPoint","urlTemplate":"https:\/\/naturalpoland.com\/fr\/?s={search_term_string}"},"query-input":{"@type":"PropertyValueSpecification","valueRequired":true,"valueName":"search_term_string"}}],"inLanguage":"fr-FR"},{"@type":"Organization","@id":"https:\/\/naturalpoland.com\/fr\/#organization","name":"Natural Poland","url":"https:\/\/naturalpoland.com\/fr\/","logo":{"@type":"ImageObject","inLanguage":"fr-FR","@id":"https:\/\/naturalpoland.com\/fr\/#\/schema\/logo\/image\/","url":"https:\/\/naturalpoland.com\/wp-content\/uploads\/2021\/05\/natural-poland-icon.png","contentUrl":"https:\/\/naturalpoland.com\/wp-content\/uploads\/2021\/05\/natural-poland-icon.png","width":512,"height":512,"caption":"Natural Poland"},"image":{"@id":"https:\/\/naturalpoland.com\/fr\/#\/schema\/logo\/image\/"},"sameAs":["https:\/\/www.facebook.com\/naturalpoland.b2b","https:\/\/pl.linkedin.com\/company\/natural-poland","https:\/\/www.youtube.com\/channel\/UCgeGGkvOMahZo-xu_MSEWxg"]}]}},"_links":{"self":[{"href":"https:\/\/naturalpoland.com\/fr\/wp-json\/wp\/v2\/product\/38440","targetHints":{"allow":["GET"]}}],"collection":[{"href":"https:\/\/naturalpoland.com\/fr\/wp-json\/wp\/v2\/product"}],"about":[{"href":"https:\/\/naturalpoland.com\/fr\/wp-json\/wp\/v2\/types\/product"}],"wp:featuredmedia":[{"embeddable":true,"href":"https:\/\/naturalpoland.com\/fr\/wp-json\/wp\/v2\/media\/38389"}],"wp:attachment":[{"href":"https:\/\/naturalpoland.com\/fr\/wp-json\/wp\/v2\/media?parent=38440"}],"wp:term":[{"taxonomy":"product_brand","embeddable":true,"href":"https:\/\/naturalpoland.com\/fr\/wp-json\/wp\/v2\/product_brand?post=38440"},{"taxonomy":"product_cat","embeddable":true,"href":"https:\/\/naturalpoland.com\/fr\/wp-json\/wp\/v2\/product_cat?post=38440"},{"taxonomy":"product_tag","embeddable":true,"href":"https:\/\/naturalpoland.com\/fr\/wp-json\/wp\/v2\/product_tag?post=38440"}],"curies":[{"name":"wp","href":"https:\/\/api.w.org\/{rel}","templated":true}]}}