{"id":38451,"date":"2024-09-23T10:50:07","date_gmt":"2024-12-23T11:50:41","guid":{"rendered":"https:\/\/naturalpoland.com\/produkty\/non class\u00e9\/witamina-b3\/"},"modified":"2024-12-23T12:50:41","modified_gmt":"2024-12-23T11:50:41","slug":"witamina-b3","status":"publish","type":"product","link":"https:\/\/naturalpoland.com\/fr\/produkty\/produits-pour-les-industries-pharmaceutiques-et-medicales\/vitamines\/witamina-b3\/","title":{"rendered":"Vitamine B3"},"content":{"rendered":"<h2>Utilisation de la vitamine B3 dans les cosm\u00e9tiques<\/h2>\n<p>  Le niacinamide est une vitamine hydrosoluble \u00e0 petites mol\u00e9cules. Il est facilement utilis\u00e9 dans les cosm\u00e9tiques en raison de sa stabilit\u00e9 &#8211; il conserve ses propri\u00e9t\u00e9s dans une large gamme de pH et r\u00e9siste \u00e0 la lumi\u00e8re et \u00e0 la chaleur. C&rsquo;est \u00e9galement un ingr\u00e9dient multifonctionnel qui contribue \u00e0 am\u00e9liorer le teint et l&rsquo;\u00e9tat de la peau. Le niacinamide agit comme un hydratant, augmente l&rsquo;\u00e9lasticit\u00e9 de la peau et pr\u00e9sente des propri\u00e9t\u00e9s anti-inflammatoires, ce qui en fait un ingr\u00e9dient pr\u00e9cieux pour le soin de divers types de peau. La niacinamide poss\u00e8de des <strong>propri\u00e9t\u00e9s antioxydantes<\/strong>, confirm\u00e9es par de nombreuses \u00e9tudes scientifiques. L&rsquo;utilisation r\u00e9guli\u00e8re de pr\u00e9parations dont la concentration en niacinamide est de 4 \u00e0 5 % r\u00e9duit les rides et ridules. Dans une \u00e9tude de l&rsquo;<a href=\"\/produkty\/produkty-dla-przemyslu-farmaceutycznego-i-medycznego\/witaminy\/witamina-b3\/#bibl-wit3\">\u00e9quipe de Kawada (2008)<\/a>, l&rsquo;application pendant huit semaines d&rsquo;une cr\u00e8me \u00e0 base de niacinamide \u00e0 4 % a permis d&rsquo;am\u00e9liorer significativement l&rsquo;aspect de la peau et de r\u00e9duire les rides autour des yeux. La niacinamide a non seulement un effet antirides gr\u00e2ce \u00e0 ses propri\u00e9t\u00e9s antioxydantes, mais elle stimule \u00e9galement la production de fibres \u00e9lastiques. Il am\u00e9liore l&rsquo;\u00e9lasticit\u00e9 de la peau en <strong>favorisant la synth\u00e8se du collag\u00e8ne<\/strong> dans les fibroblastes dermiques et en stimulant les marqueurs de diff\u00e9renciation dans les cellules \u00e9pidermiques normales. L&rsquo;acc\u00e9l\u00e9ration du cycle cellulaire \u00e9pidermique agirait comme un l\u00e9ger exfoliant, rendant la peau plus ferme et les rides moins visibles.           <strong><a href=\"https:\/\/naturalpoland.com\/produkty\/produkty-dla-przemyslu-kosmetycznego\/surowce-kosmetyczne\/trehaloza\/\">Tr\u00e9halose<\/a><\/strong>un disaccharide souvent utilis\u00e9 en cosm\u00e9tique, agit en synergie avec la nicotinamide pour favoriser l&rsquo;hydratation et prot\u00e9ger la peau des agressions ext\u00e9rieures.  <\/p>\n<h3>Traitement de l&rsquo;acn\u00e9 par la niacinamide<\/h3>\n<p>  Gr\u00e2ce \u00e0 ses <strong>propri\u00e9t\u00e9s anti-inflammatoires<\/strong>, la vitamine B3 est un ingr\u00e9dient efficace dans le traitement de l&rsquo;acn\u00e9. En r\u00e9ponse aux probl\u00e8mes d&rsquo;effets secondaires et \u00e0 la r\u00e9sistance croissante aux antibiotiques, des alternatives s\u00fbres et efficaces sont recherch\u00e9es. Le niacinamide a montr\u00e9 des effets puissants qui peuvent soutenir le traitement de l&rsquo;acn\u00e9. Comme on peut le lire dans <a href=\"\/produkty\/produkty-dla-przemyslu-farmaceutycznego-i-medycznego\/witaminy\/witamina-b3\/#bibl-wit3\">un article de synth\u00e8se publi\u00e9 en 2017 par Franciszka M. Walocko et ses coll\u00e8gues<\/a>, six des huit \u00e9tudes dans lesquelles la vitamine B3 topique a \u00e9t\u00e9 appliqu\u00e9e ont conduit \u00e0 une r\u00e9duction significative de l&rsquo;acn\u00e9 par rapport \u00e0 la ligne de base ou au traitement standard de l&rsquo;acn\u00e9. En outre, les \u00e9tudes utilisant un suppl\u00e9ment oral contenant de la nicotinamide ont \u00e9galement montr\u00e9 une r\u00e9duction significative de l&rsquo;acn\u00e9. La vitamine B3 contribue \u00e0 <strong>r\u00e9duire l&rsquo;inflammation et le nombre de l\u00e9sions cutan\u00e9es<\/strong>, ce qui en fait un \u00e9l\u00e9ment pr\u00e9cieux du traitement de l&rsquo;acn\u00e9. Elle aide \u00e0 soulager les sympt\u00f4mes tels que les rougeurs et les gonflements, ce qui est particuli\u00e8rement b\u00e9n\u00e9fique pour les personnes souffrant d&rsquo;acn\u00e9 inflammatoire. Outre son effet anti-inflammatoire, l&rsquo;application topique de niacinamide soutient la fonction de barri\u00e8re \u00e9pidermique. La stabilisation de cette barri\u00e8re est essentielle, car elle r\u00e9duit la perte d&rsquo;eau trans\u00e9pidermique et am\u00e9liore l&rsquo;hydratation de la couche corn\u00e9e. Cela permet de pr\u00e9venir la r\u00e9apparition des efflorescences et de maintenir un aspect sain de la peau, ce qui est important dans le cadre d&rsquo;un traitement \u00e0 long terme de l&rsquo;acn\u00e9.           <\/p>\n<h3>\u00c9claircissement de la peau et r\u00e9duction des d\u00e9colorations<\/h3>\n<p>  La vitamine B3 est appr\u00e9ci\u00e9e pour ses <strong>propri\u00e9t\u00e9s \u00e9claircissantes<\/strong>, qui contribuent \u00e0 r\u00e9duire l&rsquo;hyperpigmentation et les taches de vieillesse et \u00e0 unifier le teint de la peau. La pigmentation in\u00e9gale de la peau est l&rsquo;un des principaux signes du vieillissement externe, ce qui accro\u00eet le besoin de cosm\u00e9tiques aux effets \u00e9claircissants. Une \u00e9tude men\u00e9e par <a href=\"\/produkty\/produkty-dla-przemyslu-farmaceutycznego-i-medycznego\/witaminy\/witamina-b3\/#bibl-wit3\">Bissett et ses coll\u00e8gues (2006<\/a>) a montr\u00e9 que l&rsquo;utilisation r\u00e9guli\u00e8re de niacinamide peut r\u00e9duire de mani\u00e8re significative l&rsquo;apparence de l&rsquo;hyperpigmentation, donnant \u00e0 la peau un aspect uniforme et sain. Gr\u00e2ce \u00e0 ses propri\u00e9t\u00e9s antioxydantes, la niacinamide inhibe efficacement les processus oxydatifs tels que l&rsquo;oxydation des prot\u00e9ines et la glycation. Les produits de glycation avanc\u00e9e (AGE) peuvent affecter le processus de vieillissement de la peau et entra\u00eener, entre autres, la formation de d\u00e9colorations jaunes. En agissant comme un antioxydant, cette vitamine peut prot\u00e9ger la peau du jaunissement et d&rsquo;autres effets n\u00e9fastes du vieillissement cutan\u00e9.        <\/p>\n<h3>Renforcer la barri\u00e8re cutan\u00e9e<\/h3>\n<p>  Les produits contenant de la vitamine B3 contribuent \u00e0 renforcer la barri\u00e8re cutan\u00e9e, ce qui augmente l&rsquo;hydratation de la peau et la prot\u00e8ge des facteurs externes nocifs. La niacinamide <strong>r\u00e9duit la perte d&rsquo;eau trans\u00e9pidermique<\/strong> (TEWL), ce qui est essentiel pour maintenir la peau hydrat\u00e9e. Des \u00e9tudes montrent que l&rsquo;utilisation r\u00e9guli\u00e8re de cosm\u00e9tiques contenant de la niacinamide peut am\u00e9liorer la fonction de barri\u00e8re cutan\u00e9e et accro\u00eetre la r\u00e9sistance de la peau aux facteurs environnementaux<a href=\"\/produkty\/produkty-dla-przemyslu-farmaceutycznego-i-medycznego\/witaminy\/witamina-b3\/#bibl-wit3\">(Mohammed et al., 2013<\/a>).    <\/p>\n<h3>R\u00e9duction de la production de s\u00e9bum<\/h3>\n<p>  La niacinamide est \u00e9galement <strong>efficace pour r\u00e9guler la production de s\u00e9bum<\/strong>, ce qui est particuli\u00e8rement b\u00e9n\u00e9fique pour les personnes ayant une peau grasse et une tendance \u00e0 l&rsquo;acn\u00e9. Des \u00e9tudes ont montr\u00e9 que l&rsquo;utilisation de niacinamide \u00e0 une concentration de 2 % peut r\u00e9duire de mani\u00e8re significative la s\u00e9cr\u00e9tion de s\u00e9bum, ce qui contribue \u00e0 am\u00e9liorer l&rsquo;\u00e9tat de la peau<a href=\"\/produkty\/produkty-dla-przemyslu-farmaceutycznego-i-medycznego\/witaminy\/witamina-b3\/#bibl-wit3\">(Draelos et al., 2006<\/a>).   &nbsp;<\/p>\n<h2>Vitamine B3 en suppl\u00e9mentation<\/h2>\n<p>  Le niacinamide est souvent utilis\u00e9 dans les compl\u00e9ments alimentaires, disponibles sous forme de comprim\u00e9s ou de g\u00e9lules. On le trouve souvent dans la formulation de complexes vitaminiques qui visent \u00e0 am\u00e9liorer la beaut\u00e9 en<strong> soutenant la sant\u00e9 de la peau, des cheveux et des ongles.<\/strong> En tant qu&rsquo;ingr\u00e9dient de ces formulations, le niacinamide aide \u00e0 hydrater la peau, \u00e0 renforcer la barri\u00e8re protectrice et \u00e0 r\u00e9duire l&rsquo;inflammation et la production excessive de s\u00e9bum. Cette vitamine joue un r\u00f4le important dans le <strong>fonctionnement normal du syst\u00e8me nerveux<\/strong> et des processus m\u00e9taboliques. En tant que pr\u00e9curseur du NAD+, elle est cruciale pour les r\u00e9actions d&rsquo;oxydor\u00e9duction et la production d&rsquo;\u00e9nergie dans les cellules, ce qui est essentiel pour le m\u00e9tabolisme. Il a \u00e9galement un effet neuroprotecteur, favorisant le d\u00e9veloppement et la survie des neurones et les prot\u00e9geant des dommages li\u00e9s \u00e0 l&rsquo;isch\u00e9mie et autres. La recherche indique son potentiel de protection contre les maladies neurod\u00e9g\u00e9n\u00e9ratives telles que les maladies d&rsquo;Alzheimer, de Parkinson et de Huntington. La suppl\u00e9mentation en vitamine B3 est particuli\u00e8rement recommand\u00e9e aux personnes souffrant de carences en vitamine B3, qui peuvent se manifester par divers probl\u00e8mes de peau, une faiblesse corporelle et d&rsquo;autres sympt\u00f4mes de la pelade. L&rsquo;utilisation r\u00e9guli\u00e8re de niacinamide peut pr\u00e9venir les carences en vitamines et favoriser la sant\u00e9 et la beaut\u00e9 en g\u00e9n\u00e9ral.         <\/p>\n<hr>\n<p><small>AUTEUR DE L&rsquo;ARTICLE :<\/small><\/p>\n<h5 class=\"author-name uppercase pt-half\">Katarzyna Kopyci\u0144ska<\/h5>\n<p class=\"author-desc small\">Technicienne en pharmacie ayant de l&rsquo;exp\u00e9rience dans une pharmacie o\u00f9 elle donne des conseils sur les questions de sant\u00e9 et de soins. Elle est dipl\u00f4m\u00e9e en biotechnologie de l&rsquo;universit\u00e9 Nicolaus Copernicus de Toru\u0144. En tant que r\u00e9dactrice, elle se sp\u00e9cialise dans les sujets li\u00e9s \u00e0 la sant\u00e9, aux herbes et aux soins. Elle est passionn\u00e9e par la d\u00e9couverte de l&rsquo;herboristerie et des m\u00e9thodes de soins naturelles et aime transmettre ses connaissances de mani\u00e8re simple et accessible.   <\/p>\n<p>&nbsp;<\/p>\n","protected":false},"excerpt":{"rendered":"<p>La <strong>vitamine B3<\/strong>, \u00e9galement connue sous le nom de <strong>niacinamide <\/strong>ou de <strong>nicotinamide<\/strong>, est un ingr\u00e9dient appr\u00e9ci\u00e9 des cosm\u00e9tiques et des suppl\u00e9ments. Sa popularit\u00e9 est due \u00e0 ses nombreux avantages pour la peau et la sant\u00e9 en g\u00e9n\u00e9ral. Elle est couramment utilis\u00e9e dans les produits de soins de la peau, contribuant \u00e0 am\u00e9liorer l&rsquo;\u00e9tat et l&rsquo;apparence de la peau. En outre, la niacinamide est utilis\u00e9e dans les compl\u00e9ments alimentaires pour soutenir le m\u00e9tabolisme et la sant\u00e9 du syst\u00e8me nerveux.   <\/p>\n","protected":false},"featured_media":35804,"template":"","meta":[],"product_brand":[],"product_cat":[1302],"product_tag":[],"class_list":{"0":"post-38451","1":"product","2":"type-product","3":"status-publish","4":"has-post-thumbnail","6":"product_cat-vitamines","8":"first","9":"instock","10":"shipping-taxable","11":"product-type-simple"},"yoast_head":"<!-- This site is optimized with the Yoast SEO plugin v27.3 - https:\/\/yoast.com\/product\/yoast-seo-wordpress\/ -->\n<title>Vitamine B3 - NATURAL POLAND - Distributeur de mati\u00e8res premi\u00e8res en gros<\/title>\n<meta name=\"description\" content=\"Le niacinamide, ou vitamine B3, trouve sa place aussi bien dans les produits cosm\u00e9tiques que dans les compl\u00e9ments alimentaires. Conditionn\u00e9 en sacs de 25 kg.\" \/>\n<meta name=\"robots\" content=\"index, follow, max-snippet:-1, max-image-preview:large, max-video-preview:-1\" \/>\n<link rel=\"canonical\" href=\"https:\/\/naturalpoland.com\/fr\/produkty\/produits-pour-les-industries-pharmaceutiques-et-medicales\/vitamines\/witamina-b3\/\" \/>\n<meta property=\"og:locale\" content=\"fr_FR\" \/>\n<meta property=\"og:type\" content=\"article\" \/>\n<meta property=\"og:title\" content=\"Vitamine B3 - NATURAL POLAND - Distributeur de mati\u00e8res premi\u00e8res en gros\" \/>\n<meta property=\"og:description\" content=\"Le niacinamide, ou vitamine B3, trouve sa place aussi bien dans les produits cosm\u00e9tiques que dans les compl\u00e9ments alimentaires. Conditionn\u00e9 en sacs de 25 kg.\" \/>\n<meta property=\"og:url\" content=\"https:\/\/naturalpoland.com\/fr\/produkty\/produits-pour-les-industries-pharmaceutiques-et-medicales\/vitamines\/witamina-b3\/\" \/>\n<meta property=\"og:site_name\" content=\"NATURAL POLAND - Distributeur de mati\u00e8res premi\u00e8res en gros\" \/>\n<meta property=\"article:publisher\" content=\"https:\/\/www.facebook.com\/naturalpoland.b2b\" \/>\n<meta property=\"og:image\" content=\"https:\/\/naturalpoland.com\/wp-content\/uploads\/niacynamid.webp\" \/>\n\t<meta property=\"og:image:width\" content=\"619\" \/>\n\t<meta property=\"og:image:height\" content=\"619\" \/>\n\t<meta property=\"og:image:type\" content=\"image\/webp\" \/>\n<script type=\"application\/ld+json\" class=\"yoast-schema-graph\">{\"@context\":\"https:\\\/\\\/schema.org\",\"@graph\":[{\"@type\":\"WebPage\",\"@id\":\"https:\\\/\\\/naturalpoland.com\\\/fr\\\/produkty\\\/produits-pour-les-industries-pharmaceutiques-et-medicales\\\/vitamines\\\/witamina-b3\\\/\",\"url\":\"https:\\\/\\\/naturalpoland.com\\\/fr\\\/produkty\\\/produits-pour-les-industries-pharmaceutiques-et-medicales\\\/vitamines\\\/witamina-b3\\\/\",\"name\":\"Vitamine B3 - NATURAL POLAND - Distributeur de mati\u00e8res premi\u00e8res en gros\",\"isPartOf\":{\"@id\":\"https:\\\/\\\/naturalpoland.com\\\/fr\\\/#website\"},\"primaryImageOfPage\":{\"@id\":\"https:\\\/\\\/naturalpoland.com\\\/fr\\\/produkty\\\/produits-pour-les-industries-pharmaceutiques-et-medicales\\\/vitamines\\\/witamina-b3\\\/#primaryimage\"},\"image\":{\"@id\":\"https:\\\/\\\/naturalpoland.com\\\/fr\\\/produkty\\\/produits-pour-les-industries-pharmaceutiques-et-medicales\\\/vitamines\\\/witamina-b3\\\/#primaryimage\"},\"thumbnailUrl\":\"https:\\\/\\\/naturalpoland.com\\\/wp-content\\\/uploads\\\/niacynamid.webp\",\"datePublished\":\"2024-12-23T11:50:41+00:00\",\"description\":\"Le niacinamide, ou vitamine B3, trouve sa place aussi bien dans les produits cosm\u00e9tiques que dans les compl\u00e9ments alimentaires. Conditionn\u00e9 en sacs de 25 kg.\",\"breadcrumb\":{\"@id\":\"https:\\\/\\\/naturalpoland.com\\\/fr\\\/produkty\\\/produits-pour-les-industries-pharmaceutiques-et-medicales\\\/vitamines\\\/witamina-b3\\\/#breadcrumb\"},\"inLanguage\":\"fr-FR\",\"potentialAction\":[{\"@type\":\"ReadAction\",\"target\":[\"https:\\\/\\\/naturalpoland.com\\\/fr\\\/produkty\\\/produits-pour-les-industries-pharmaceutiques-et-medicales\\\/vitamines\\\/witamina-b3\\\/\"]}]},{\"@type\":\"ImageObject\",\"inLanguage\":\"fr-FR\",\"@id\":\"https:\\\/\\\/naturalpoland.com\\\/fr\\\/produkty\\\/produits-pour-les-industries-pharmaceutiques-et-medicales\\\/vitamines\\\/witamina-b3\\\/#primaryimage\",\"url\":\"https:\\\/\\\/naturalpoland.com\\\/wp-content\\\/uploads\\\/niacynamid.webp\",\"contentUrl\":\"https:\\\/\\\/naturalpoland.com\\\/wp-content\\\/uploads\\\/niacynamid.webp\",\"width\":619,\"height\":619,\"caption\":\"niacynamid w postaci bia\u0142ego krystalicznego proszku\"},{\"@type\":\"BreadcrumbList\",\"@id\":\"https:\\\/\\\/naturalpoland.com\\\/fr\\\/produkty\\\/produits-pour-les-industries-pharmaceutiques-et-medicales\\\/vitamines\\\/witamina-b3\\\/#breadcrumb\",\"itemListElement\":[{\"@type\":\"ListItem\",\"position\":1,\"name\":\"Accueil\",\"item\":\"https:\\\/\\\/naturalpoland.com\\\/fr\\\/\"},{\"@type\":\"ListItem\",\"position\":2,\"name\":\"Produits\",\"item\":\"https:\\\/\\\/naturalpoland.com\\\/fr\\\/produits\\\/\"},{\"@type\":\"ListItem\",\"position\":3,\"name\":\"Vitamine B3\"}]},{\"@type\":\"WebSite\",\"@id\":\"https:\\\/\\\/naturalpoland.com\\\/fr\\\/#website\",\"url\":\"https:\\\/\\\/naturalpoland.com\\\/fr\\\/\",\"name\":\"NATURAL POLAND - Distributeur de mati\u00e8res premi\u00e8res en gros\",\"description\":\"Surowce dla przemys\u0142u spo\u017cywczego, kosmetycznego i farmaceutycznego\",\"publisher\":{\"@id\":\"https:\\\/\\\/naturalpoland.com\\\/fr\\\/#organization\"},\"potentialAction\":[{\"@type\":\"SearchAction\",\"target\":{\"@type\":\"EntryPoint\",\"urlTemplate\":\"https:\\\/\\\/naturalpoland.com\\\/fr\\\/?s={search_term_string}\"},\"query-input\":{\"@type\":\"PropertyValueSpecification\",\"valueRequired\":true,\"valueName\":\"search_term_string\"}}],\"inLanguage\":\"fr-FR\"},{\"@type\":\"Organization\",\"@id\":\"https:\\\/\\\/naturalpoland.com\\\/fr\\\/#organization\",\"name\":\"Natural Poland\",\"url\":\"https:\\\/\\\/naturalpoland.com\\\/fr\\\/\",\"logo\":{\"@type\":\"ImageObject\",\"inLanguage\":\"fr-FR\",\"@id\":\"https:\\\/\\\/naturalpoland.com\\\/fr\\\/#\\\/schema\\\/logo\\\/image\\\/\",\"url\":\"https:\\\/\\\/naturalpoland.com\\\/wp-content\\\/uploads\\\/2021\\\/05\\\/natural-poland-icon.png\",\"contentUrl\":\"https:\\\/\\\/naturalpoland.com\\\/wp-content\\\/uploads\\\/2021\\\/05\\\/natural-poland-icon.png\",\"width\":512,\"height\":512,\"caption\":\"Natural Poland\"},\"image\":{\"@id\":\"https:\\\/\\\/naturalpoland.com\\\/fr\\\/#\\\/schema\\\/logo\\\/image\\\/\"},\"sameAs\":[\"https:\\\/\\\/www.facebook.com\\\/naturalpoland.b2b\",\"https:\\\/\\\/pl.linkedin.com\\\/company\\\/natural-poland\",\"https:\\\/\\\/www.youtube.com\\\/channel\\\/UCgeGGkvOMahZo-xu_MSEWxg\"]}]}<\/script>\n<!-- \/ Yoast SEO plugin. -->","yoast_head_json":{"title":"Vitamine B3 - NATURAL POLAND - Distributeur de mati\u00e8res premi\u00e8res en gros","description":"Le niacinamide, ou vitamine B3, trouve sa place aussi bien dans les produits cosm\u00e9tiques que dans les compl\u00e9ments alimentaires. Conditionn\u00e9 en sacs de 25 kg.","robots":{"index":"index","follow":"follow","max-snippet":"max-snippet:-1","max-image-preview":"max-image-preview:large","max-video-preview":"max-video-preview:-1"},"canonical":"https:\/\/naturalpoland.com\/fr\/produkty\/produits-pour-les-industries-pharmaceutiques-et-medicales\/vitamines\/witamina-b3\/","og_locale":"fr_FR","og_type":"article","og_title":"Vitamine B3 - NATURAL POLAND - Distributeur de mati\u00e8res premi\u00e8res en gros","og_description":"Le niacinamide, ou vitamine B3, trouve sa place aussi bien dans les produits cosm\u00e9tiques que dans les compl\u00e9ments alimentaires. Conditionn\u00e9 en sacs de 25 kg.","og_url":"https:\/\/naturalpoland.com\/fr\/produkty\/produits-pour-les-industries-pharmaceutiques-et-medicales\/vitamines\/witamina-b3\/","og_site_name":"NATURAL POLAND - Distributeur de mati\u00e8res premi\u00e8res en gros","article_publisher":"https:\/\/www.facebook.com\/naturalpoland.b2b","og_image":[{"width":619,"height":619,"url":"https:\/\/naturalpoland.com\/wp-content\/uploads\/niacynamid.webp","type":"image\/webp"}],"schema":{"@context":"https:\/\/schema.org","@graph":[{"@type":"WebPage","@id":"https:\/\/naturalpoland.com\/fr\/produkty\/produits-pour-les-industries-pharmaceutiques-et-medicales\/vitamines\/witamina-b3\/","url":"https:\/\/naturalpoland.com\/fr\/produkty\/produits-pour-les-industries-pharmaceutiques-et-medicales\/vitamines\/witamina-b3\/","name":"Vitamine B3 - NATURAL POLAND - Distributeur de mati\u00e8res premi\u00e8res en gros","isPartOf":{"@id":"https:\/\/naturalpoland.com\/fr\/#website"},"primaryImageOfPage":{"@id":"https:\/\/naturalpoland.com\/fr\/produkty\/produits-pour-les-industries-pharmaceutiques-et-medicales\/vitamines\/witamina-b3\/#primaryimage"},"image":{"@id":"https:\/\/naturalpoland.com\/fr\/produkty\/produits-pour-les-industries-pharmaceutiques-et-medicales\/vitamines\/witamina-b3\/#primaryimage"},"thumbnailUrl":"https:\/\/naturalpoland.com\/wp-content\/uploads\/niacynamid.webp","datePublished":"2024-12-23T11:50:41+00:00","description":"Le niacinamide, ou vitamine B3, trouve sa place aussi bien dans les produits cosm\u00e9tiques que dans les compl\u00e9ments alimentaires. Conditionn\u00e9 en sacs de 25 kg.","breadcrumb":{"@id":"https:\/\/naturalpoland.com\/fr\/produkty\/produits-pour-les-industries-pharmaceutiques-et-medicales\/vitamines\/witamina-b3\/#breadcrumb"},"inLanguage":"fr-FR","potentialAction":[{"@type":"ReadAction","target":["https:\/\/naturalpoland.com\/fr\/produkty\/produits-pour-les-industries-pharmaceutiques-et-medicales\/vitamines\/witamina-b3\/"]}]},{"@type":"ImageObject","inLanguage":"fr-FR","@id":"https:\/\/naturalpoland.com\/fr\/produkty\/produits-pour-les-industries-pharmaceutiques-et-medicales\/vitamines\/witamina-b3\/#primaryimage","url":"https:\/\/naturalpoland.com\/wp-content\/uploads\/niacynamid.webp","contentUrl":"https:\/\/naturalpoland.com\/wp-content\/uploads\/niacynamid.webp","width":619,"height":619,"caption":"niacynamid w postaci bia\u0142ego krystalicznego proszku"},{"@type":"BreadcrumbList","@id":"https:\/\/naturalpoland.com\/fr\/produkty\/produits-pour-les-industries-pharmaceutiques-et-medicales\/vitamines\/witamina-b3\/#breadcrumb","itemListElement":[{"@type":"ListItem","position":1,"name":"Accueil","item":"https:\/\/naturalpoland.com\/fr\/"},{"@type":"ListItem","position":2,"name":"Produits","item":"https:\/\/naturalpoland.com\/fr\/produits\/"},{"@type":"ListItem","position":3,"name":"Vitamine B3"}]},{"@type":"WebSite","@id":"https:\/\/naturalpoland.com\/fr\/#website","url":"https:\/\/naturalpoland.com\/fr\/","name":"NATURAL POLAND - Distributeur de mati\u00e8res premi\u00e8res en gros","description":"Surowce dla przemys\u0142u spo\u017cywczego, kosmetycznego i farmaceutycznego","publisher":{"@id":"https:\/\/naturalpoland.com\/fr\/#organization"},"potentialAction":[{"@type":"SearchAction","target":{"@type":"EntryPoint","urlTemplate":"https:\/\/naturalpoland.com\/fr\/?s={search_term_string}"},"query-input":{"@type":"PropertyValueSpecification","valueRequired":true,"valueName":"search_term_string"}}],"inLanguage":"fr-FR"},{"@type":"Organization","@id":"https:\/\/naturalpoland.com\/fr\/#organization","name":"Natural Poland","url":"https:\/\/naturalpoland.com\/fr\/","logo":{"@type":"ImageObject","inLanguage":"fr-FR","@id":"https:\/\/naturalpoland.com\/fr\/#\/schema\/logo\/image\/","url":"https:\/\/naturalpoland.com\/wp-content\/uploads\/2021\/05\/natural-poland-icon.png","contentUrl":"https:\/\/naturalpoland.com\/wp-content\/uploads\/2021\/05\/natural-poland-icon.png","width":512,"height":512,"caption":"Natural Poland"},"image":{"@id":"https:\/\/naturalpoland.com\/fr\/#\/schema\/logo\/image\/"},"sameAs":["https:\/\/www.facebook.com\/naturalpoland.b2b","https:\/\/pl.linkedin.com\/company\/natural-poland","https:\/\/www.youtube.com\/channel\/UCgeGGkvOMahZo-xu_MSEWxg"]}]}},"_links":{"self":[{"href":"https:\/\/naturalpoland.com\/fr\/wp-json\/wp\/v2\/product\/38451","targetHints":{"allow":["GET"]}}],"collection":[{"href":"https:\/\/naturalpoland.com\/fr\/wp-json\/wp\/v2\/product"}],"about":[{"href":"https:\/\/naturalpoland.com\/fr\/wp-json\/wp\/v2\/types\/product"}],"wp:featuredmedia":[{"embeddable":true,"href":"https:\/\/naturalpoland.com\/fr\/wp-json\/wp\/v2\/media\/35804"}],"wp:attachment":[{"href":"https:\/\/naturalpoland.com\/fr\/wp-json\/wp\/v2\/media?parent=38451"}],"wp:term":[{"taxonomy":"product_brand","embeddable":true,"href":"https:\/\/naturalpoland.com\/fr\/wp-json\/wp\/v2\/product_brand?post=38451"},{"taxonomy":"product_cat","embeddable":true,"href":"https:\/\/naturalpoland.com\/fr\/wp-json\/wp\/v2\/product_cat?post=38451"},{"taxonomy":"product_tag","embeddable":true,"href":"https:\/\/naturalpoland.com\/fr\/wp-json\/wp\/v2\/product_tag?post=38451"}],"curies":[{"name":"wp","href":"https:\/\/api.w.org\/{rel}","templated":true}]}}