{"id":38713,"date":"2025-01-14T13:08:30","date_gmt":"2025-01-15T14:56:48","guid":{"rendered":"https:\/\/naturalpoland.com\/produkty\/non class\u00e9\/ekstrakt-z-convolvulus-pluricaulis-shankhpushpi\/"},"modified":"2025-01-15T15:56:48","modified_gmt":"2025-01-15T14:56:48","slug":"ekstrakt-z-convolvulus-pluricaulis-shankhpushpi","status":"publish","type":"product","link":"https:\/\/naturalpoland.com\/fr\/produkty\/extraits-de-plantes\/ekstrakt-z-convolvulus-pluricaulis-shankhpushpi\/","title":{"rendered":"Extrait de Convolvulus pluricaulis (Shankhpushpi)"},"content":{"rendered":"<h2>Propri\u00e9t\u00e9s de Shankhpushpi<\/h2>\n<p>L&rsquo;extrait de Convolvulus pluricaulis est utilis\u00e9 dans la m\u00e9decine ayurv\u00e9dique depuis des si\u00e8cles, principalement pour ses propri\u00e9t\u00e9s favorisant la sant\u00e9 du syst\u00e8me nerveux et le bien-\u00eatre mental. Il est consid\u00e9r\u00e9 comme un <strong>nootropique qui favorise la concentration<\/strong>, la m\u00e9moire et les processus de pens\u00e9e. Elle pr\u00e9sente des <strong>propri\u00e9t\u00e9s adaptog\u00e8nes<\/strong>, aidant l&rsquo;organisme \u00e0 lutter contre le stress et les tensions \u00e9motionnelles. Elle a un <strong>effet calmant<\/strong> et peut contribuer au traitement des troubles anxieux et de l&rsquo;insomnie, raison pour laquelle elle est traditionnellement utilis\u00e9e comme relaxant dans l&rsquo;Ayurveda. Les compos\u00e9s bioactifs de la plante aident \u00e0 <strong>neutraliser les radicaux libres<\/strong>, favorisant la sant\u00e9 cellulaire, et ses <strong>effets anti-inflammatoires<\/strong> potentiels peuvent \u00eatre b\u00e9n\u00e9fiques dans le traitement des maladies chroniques. L&rsquo;extrait de Convolvulus pluricaulis est \u00e9galement utilis\u00e9 en m\u00e9decine naturelle pour soutenir la <strong>sant\u00e9 endocrinienne<\/strong>, en particulier dans le contexte de la r\u00e9duction des niveaux de cortisol. L&rsquo;extrait de Convolvulus pluricaulis peut \u00eatre utilis\u00e9 sous diverses formes de compl\u00e9ments tels que les g\u00e9lules, les comprim\u00e9s et les tisanes. L&rsquo;extrait est d\u00e9conseill\u00e9 aux femmes enceintes ou allaitantes, et les personnes qui prennent des m\u00e9dicaments psychotropes ou s\u00e9datifs devraient consulter un m\u00e9decin avant de prendre un suppl\u00e9ment.  <\/p>\n","protected":false},"excerpt":{"rendered":"<p>L&rsquo;<strong>extrait de Convolvulus pluricaulis<\/strong>, \u00e9galement connu sous le nom de <strong>Shankhpushpi<\/strong>, est extrait des fleurs de cette plante ayurv\u00e9dique originaire de Chine. Le produit se pr\u00e9sente sous la forme d&rsquo;une poudre finement moulue \u00e0 l&rsquo;odeur et au go\u00fbt caract\u00e9ristiques. <\/p>\n","protected":false},"featured_media":38692,"template":"","meta":{"_acf_changed":false},"product_brand":[],"product_cat":[1293],"product_tag":[],"class_list":{"0":"post-38713","1":"product","2":"type-product","3":"status-publish","4":"has-post-thumbnail","6":"product_cat-extraits-de-plantes","7":"pa_czesc-rosliny-fleur","9":"first","10":"instock","11":"shipping-taxable","12":"product-type-simple"},"acf":[],"yoast_head":"<!-- This site is optimized with the Yoast SEO plugin v27.4 - https:\/\/yoast.com\/product\/yoast-seo-wordpress\/ -->\n<title>Extrait de Convolvulus pluricaulis (Shankhpushpi)<\/title>\n<meta name=\"description\" content=\"L&#039;extrait de Convolvulus pluricaulis, \u00e9galement connu sous le nom de Shankhpushpi, est une mati\u00e8re v\u00e9g\u00e9tale de haute qualit\u00e9 extraite des fleurs de cette plante ayurv\u00e9dique.\" \/>\n<meta name=\"robots\" content=\"index, follow, max-snippet:-1, max-image-preview:large, max-video-preview:-1\" \/>\n<link rel=\"canonical\" href=\"https:\/\/naturalpoland.com\/fr\/produkty\/extraits-de-plantes\/ekstrakt-z-convolvulus-pluricaulis-shankhpushpi\/\" \/>\n<meta property=\"og:locale\" content=\"fr_FR\" \/>\n<meta property=\"og:type\" content=\"article\" \/>\n<meta property=\"og:title\" content=\"Extrait de Convolvulus pluricaulis (Shankhpushpi)\" \/>\n<meta property=\"og:description\" content=\"L&#039;extrait de Convolvulus pluricaulis, \u00e9galement connu sous le nom de Shankhpushpi, est une mati\u00e8re v\u00e9g\u00e9tale de haute qualit\u00e9 extraite des fleurs de cette plante ayurv\u00e9dique.\" \/>\n<meta property=\"og:url\" content=\"https:\/\/naturalpoland.com\/fr\/produkty\/extraits-de-plantes\/ekstrakt-z-convolvulus-pluricaulis-shankhpushpi\/\" \/>\n<meta property=\"og:site_name\" content=\"NATURAL POLAND - Distributeur de mati\u00e8res premi\u00e8res en gros\" \/>\n<meta property=\"article:publisher\" content=\"https:\/\/www.facebook.com\/naturalpoland.b2b\" \/>\n<meta property=\"og:image\" content=\"https:\/\/naturalpoland.com\/wp-content\/uploads\/shankhpushpi.webp\" \/>\n\t<meta property=\"og:image:width\" content=\"592\" \/>\n\t<meta property=\"og:image:height\" content=\"592\" \/>\n\t<meta property=\"og:image:type\" content=\"image\/webp\" \/>\n<script type=\"application\/ld+json\" class=\"yoast-schema-graph\">{\"@context\":\"https:\\\/\\\/schema.org\",\"@graph\":[{\"@type\":\"WebPage\",\"@id\":\"https:\\\/\\\/naturalpoland.com\\\/fr\\\/produkty\\\/extraits-de-plantes\\\/ekstrakt-z-convolvulus-pluricaulis-shankhpushpi\\\/\",\"url\":\"https:\\\/\\\/naturalpoland.com\\\/fr\\\/produkty\\\/extraits-de-plantes\\\/ekstrakt-z-convolvulus-pluricaulis-shankhpushpi\\\/\",\"name\":\"Extrait de Convolvulus pluricaulis (Shankhpushpi)\",\"isPartOf\":{\"@id\":\"https:\\\/\\\/naturalpoland.com\\\/fr\\\/#website\"},\"primaryImageOfPage\":{\"@id\":\"https:\\\/\\\/naturalpoland.com\\\/fr\\\/produkty\\\/extraits-de-plantes\\\/ekstrakt-z-convolvulus-pluricaulis-shankhpushpi\\\/#primaryimage\"},\"image\":{\"@id\":\"https:\\\/\\\/naturalpoland.com\\\/fr\\\/produkty\\\/extraits-de-plantes\\\/ekstrakt-z-convolvulus-pluricaulis-shankhpushpi\\\/#primaryimage\"},\"thumbnailUrl\":\"https:\\\/\\\/naturalpoland.com\\\/wp-content\\\/uploads\\\/shankhpushpi.webp\",\"datePublished\":\"2025-01-15T14:56:48+00:00\",\"description\":\"L'extrait de Convolvulus pluricaulis, \u00e9galement connu sous le nom de Shankhpushpi, est une mati\u00e8re v\u00e9g\u00e9tale de haute qualit\u00e9 extraite des fleurs de cette plante ayurv\u00e9dique.\",\"breadcrumb\":{\"@id\":\"https:\\\/\\\/naturalpoland.com\\\/fr\\\/produkty\\\/extraits-de-plantes\\\/ekstrakt-z-convolvulus-pluricaulis-shankhpushpi\\\/#breadcrumb\"},\"inLanguage\":\"fr-FR\",\"potentialAction\":[{\"@type\":\"ReadAction\",\"target\":[\"https:\\\/\\\/naturalpoland.com\\\/fr\\\/produkty\\\/extraits-de-plantes\\\/ekstrakt-z-convolvulus-pluricaulis-shankhpushpi\\\/\"]}]},{\"@type\":\"ImageObject\",\"inLanguage\":\"fr-FR\",\"@id\":\"https:\\\/\\\/naturalpoland.com\\\/fr\\\/produkty\\\/extraits-de-plantes\\\/ekstrakt-z-convolvulus-pluricaulis-shankhpushpi\\\/#primaryimage\",\"url\":\"https:\\\/\\\/naturalpoland.com\\\/wp-content\\\/uploads\\\/shankhpushpi.webp\",\"contentUrl\":\"https:\\\/\\\/naturalpoland.com\\\/wp-content\\\/uploads\\\/shankhpushpi.webp\",\"width\":592,\"height\":592,\"caption\":\"Shankhpushpi\"},{\"@type\":\"BreadcrumbList\",\"@id\":\"https:\\\/\\\/naturalpoland.com\\\/fr\\\/produkty\\\/extraits-de-plantes\\\/ekstrakt-z-convolvulus-pluricaulis-shankhpushpi\\\/#breadcrumb\",\"itemListElement\":[{\"@type\":\"ListItem\",\"position\":1,\"name\":\"Accueil\",\"item\":\"https:\\\/\\\/naturalpoland.com\\\/fr\\\/\"},{\"@type\":\"ListItem\",\"position\":2,\"name\":\"Produits\",\"item\":\"https:\\\/\\\/naturalpoland.com\\\/fr\\\/produits\\\/\"},{\"@type\":\"ListItem\",\"position\":3,\"name\":\"Extrait de Convolvulus pluricaulis (Shankhpushpi)\"}]},{\"@type\":\"WebSite\",\"@id\":\"https:\\\/\\\/naturalpoland.com\\\/fr\\\/#website\",\"url\":\"https:\\\/\\\/naturalpoland.com\\\/fr\\\/\",\"name\":\"NATURAL POLAND - Distributeur de mati\u00e8res premi\u00e8res en gros\",\"description\":\"Surowce dla przemys\u0142u spo\u017cywczego, kosmetycznego i farmaceutycznego\",\"publisher\":{\"@id\":\"https:\\\/\\\/naturalpoland.com\\\/fr\\\/#organization\"},\"potentialAction\":[{\"@type\":\"SearchAction\",\"target\":{\"@type\":\"EntryPoint\",\"urlTemplate\":\"https:\\\/\\\/naturalpoland.com\\\/fr\\\/?s={search_term_string}\"},\"query-input\":{\"@type\":\"PropertyValueSpecification\",\"valueRequired\":true,\"valueName\":\"search_term_string\"}}],\"inLanguage\":\"fr-FR\"},{\"@type\":\"Organization\",\"@id\":\"https:\\\/\\\/naturalpoland.com\\\/fr\\\/#organization\",\"name\":\"Natural Poland\",\"url\":\"https:\\\/\\\/naturalpoland.com\\\/fr\\\/\",\"logo\":{\"@type\":\"ImageObject\",\"inLanguage\":\"fr-FR\",\"@id\":\"https:\\\/\\\/naturalpoland.com\\\/fr\\\/#\\\/schema\\\/logo\\\/image\\\/\",\"url\":\"https:\\\/\\\/naturalpoland.com\\\/wp-content\\\/uploads\\\/2021\\\/05\\\/natural-poland-icon.png\",\"contentUrl\":\"https:\\\/\\\/naturalpoland.com\\\/wp-content\\\/uploads\\\/2021\\\/05\\\/natural-poland-icon.png\",\"width\":512,\"height\":512,\"caption\":\"Natural Poland\"},\"image\":{\"@id\":\"https:\\\/\\\/naturalpoland.com\\\/fr\\\/#\\\/schema\\\/logo\\\/image\\\/\"},\"sameAs\":[\"https:\\\/\\\/www.facebook.com\\\/naturalpoland.b2b\",\"https:\\\/\\\/pl.linkedin.com\\\/company\\\/natural-poland\",\"https:\\\/\\\/www.youtube.com\\\/channel\\\/UCgeGGkvOMahZo-xu_MSEWxg\"]}]}<\/script>\n<!-- \/ Yoast SEO plugin. -->","yoast_head_json":{"title":"Extrait de Convolvulus pluricaulis (Shankhpushpi)","description":"L'extrait de Convolvulus pluricaulis, \u00e9galement connu sous le nom de Shankhpushpi, est une mati\u00e8re v\u00e9g\u00e9tale de haute qualit\u00e9 extraite des fleurs de cette plante ayurv\u00e9dique.","robots":{"index":"index","follow":"follow","max-snippet":"max-snippet:-1","max-image-preview":"max-image-preview:large","max-video-preview":"max-video-preview:-1"},"canonical":"https:\/\/naturalpoland.com\/fr\/produkty\/extraits-de-plantes\/ekstrakt-z-convolvulus-pluricaulis-shankhpushpi\/","og_locale":"fr_FR","og_type":"article","og_title":"Extrait de Convolvulus pluricaulis (Shankhpushpi)","og_description":"L'extrait de Convolvulus pluricaulis, \u00e9galement connu sous le nom de Shankhpushpi, est une mati\u00e8re v\u00e9g\u00e9tale de haute qualit\u00e9 extraite des fleurs de cette plante ayurv\u00e9dique.","og_url":"https:\/\/naturalpoland.com\/fr\/produkty\/extraits-de-plantes\/ekstrakt-z-convolvulus-pluricaulis-shankhpushpi\/","og_site_name":"NATURAL POLAND - Distributeur de mati\u00e8res premi\u00e8res en gros","article_publisher":"https:\/\/www.facebook.com\/naturalpoland.b2b","og_image":[{"width":592,"height":592,"url":"https:\/\/naturalpoland.com\/wp-content\/uploads\/shankhpushpi.webp","type":"image\/webp"}],"schema":{"@context":"https:\/\/schema.org","@graph":[{"@type":"WebPage","@id":"https:\/\/naturalpoland.com\/fr\/produkty\/extraits-de-plantes\/ekstrakt-z-convolvulus-pluricaulis-shankhpushpi\/","url":"https:\/\/naturalpoland.com\/fr\/produkty\/extraits-de-plantes\/ekstrakt-z-convolvulus-pluricaulis-shankhpushpi\/","name":"Extrait de Convolvulus pluricaulis (Shankhpushpi)","isPartOf":{"@id":"https:\/\/naturalpoland.com\/fr\/#website"},"primaryImageOfPage":{"@id":"https:\/\/naturalpoland.com\/fr\/produkty\/extraits-de-plantes\/ekstrakt-z-convolvulus-pluricaulis-shankhpushpi\/#primaryimage"},"image":{"@id":"https:\/\/naturalpoland.com\/fr\/produkty\/extraits-de-plantes\/ekstrakt-z-convolvulus-pluricaulis-shankhpushpi\/#primaryimage"},"thumbnailUrl":"https:\/\/naturalpoland.com\/wp-content\/uploads\/shankhpushpi.webp","datePublished":"2025-01-15T14:56:48+00:00","description":"L'extrait de Convolvulus pluricaulis, \u00e9galement connu sous le nom de Shankhpushpi, est une mati\u00e8re v\u00e9g\u00e9tale de haute qualit\u00e9 extraite des fleurs de cette plante ayurv\u00e9dique.","breadcrumb":{"@id":"https:\/\/naturalpoland.com\/fr\/produkty\/extraits-de-plantes\/ekstrakt-z-convolvulus-pluricaulis-shankhpushpi\/#breadcrumb"},"inLanguage":"fr-FR","potentialAction":[{"@type":"ReadAction","target":["https:\/\/naturalpoland.com\/fr\/produkty\/extraits-de-plantes\/ekstrakt-z-convolvulus-pluricaulis-shankhpushpi\/"]}]},{"@type":"ImageObject","inLanguage":"fr-FR","@id":"https:\/\/naturalpoland.com\/fr\/produkty\/extraits-de-plantes\/ekstrakt-z-convolvulus-pluricaulis-shankhpushpi\/#primaryimage","url":"https:\/\/naturalpoland.com\/wp-content\/uploads\/shankhpushpi.webp","contentUrl":"https:\/\/naturalpoland.com\/wp-content\/uploads\/shankhpushpi.webp","width":592,"height":592,"caption":"Shankhpushpi"},{"@type":"BreadcrumbList","@id":"https:\/\/naturalpoland.com\/fr\/produkty\/extraits-de-plantes\/ekstrakt-z-convolvulus-pluricaulis-shankhpushpi\/#breadcrumb","itemListElement":[{"@type":"ListItem","position":1,"name":"Accueil","item":"https:\/\/naturalpoland.com\/fr\/"},{"@type":"ListItem","position":2,"name":"Produits","item":"https:\/\/naturalpoland.com\/fr\/produits\/"},{"@type":"ListItem","position":3,"name":"Extrait de Convolvulus pluricaulis (Shankhpushpi)"}]},{"@type":"WebSite","@id":"https:\/\/naturalpoland.com\/fr\/#website","url":"https:\/\/naturalpoland.com\/fr\/","name":"NATURAL POLAND - Distributeur de mati\u00e8res premi\u00e8res en gros","description":"Surowce dla przemys\u0142u spo\u017cywczego, kosmetycznego i farmaceutycznego","publisher":{"@id":"https:\/\/naturalpoland.com\/fr\/#organization"},"potentialAction":[{"@type":"SearchAction","target":{"@type":"EntryPoint","urlTemplate":"https:\/\/naturalpoland.com\/fr\/?s={search_term_string}"},"query-input":{"@type":"PropertyValueSpecification","valueRequired":true,"valueName":"search_term_string"}}],"inLanguage":"fr-FR"},{"@type":"Organization","@id":"https:\/\/naturalpoland.com\/fr\/#organization","name":"Natural Poland","url":"https:\/\/naturalpoland.com\/fr\/","logo":{"@type":"ImageObject","inLanguage":"fr-FR","@id":"https:\/\/naturalpoland.com\/fr\/#\/schema\/logo\/image\/","url":"https:\/\/naturalpoland.com\/wp-content\/uploads\/2021\/05\/natural-poland-icon.png","contentUrl":"https:\/\/naturalpoland.com\/wp-content\/uploads\/2021\/05\/natural-poland-icon.png","width":512,"height":512,"caption":"Natural Poland"},"image":{"@id":"https:\/\/naturalpoland.com\/fr\/#\/schema\/logo\/image\/"},"sameAs":["https:\/\/www.facebook.com\/naturalpoland.b2b","https:\/\/pl.linkedin.com\/company\/natural-poland","https:\/\/www.youtube.com\/channel\/UCgeGGkvOMahZo-xu_MSEWxg"]}]}},"_links":{"self":[{"href":"https:\/\/naturalpoland.com\/fr\/wp-json\/wp\/v2\/product\/38713","targetHints":{"allow":["GET"]}}],"collection":[{"href":"https:\/\/naturalpoland.com\/fr\/wp-json\/wp\/v2\/product"}],"about":[{"href":"https:\/\/naturalpoland.com\/fr\/wp-json\/wp\/v2\/types\/product"}],"wp:featuredmedia":[{"embeddable":true,"href":"https:\/\/naturalpoland.com\/fr\/wp-json\/wp\/v2\/media\/38692"}],"wp:attachment":[{"href":"https:\/\/naturalpoland.com\/fr\/wp-json\/wp\/v2\/media?parent=38713"}],"wp:term":[{"taxonomy":"product_brand","embeddable":true,"href":"https:\/\/naturalpoland.com\/fr\/wp-json\/wp\/v2\/product_brand?post=38713"},{"taxonomy":"product_cat","embeddable":true,"href":"https:\/\/naturalpoland.com\/fr\/wp-json\/wp\/v2\/product_cat?post=38713"},{"taxonomy":"product_tag","embeddable":true,"href":"https:\/\/naturalpoland.com\/fr\/wp-json\/wp\/v2\/product_tag?post=38713"}],"curies":[{"name":"wp","href":"https:\/\/api.w.org\/{rel}","templated":true}]}}