{"id":38726,"date":"2025-01-14T11:44:13","date_gmt":"2025-01-16T08:58:46","guid":{"rendered":"https:\/\/naturalpoland.com\/produkty\/non class\u00e9\/ekstrakt-z-tulsi\/"},"modified":"2025-01-16T09:58:46","modified_gmt":"2025-01-16T08:58:46","slug":"ekstrakt-z-tulsi","status":"publish","type":"product","link":"https:\/\/naturalpoland.com\/fr\/produkty\/extraits-de-plantes\/ekstrakt-z-tulsi\/","title":{"rendered":"Extrait de tulsi"},"content":{"rendered":"<h2>Propri\u00e9t\u00e9s et bienfaits pour la sant\u00e9 :<\/h2>\n<ul>\n<li>L&rsquo;extrait de tulsi <strong>soutient le syst\u00e8me nerveux<\/strong> en r\u00e9duisant les niveaux de cortisol, l&rsquo;hormone du stress.<\/li>\n<li><strong>Renforce le syst\u00e8me immunitaire<\/strong>, augmentant la r\u00e9sistance naturelle de l&rsquo;organisme aux infections virales et bact\u00e9riennes.<\/li>\n<li>Gr\u00e2ce \u00e0 la pr\u00e9sence de compos\u00e9s tels que l&rsquo;eug\u00e9nol et les acides ph\u00e9noliques, le Tulsi <strong>a un effet anti-inflammatoire<\/strong> et aide \u00e0 lutter contre les infections bact\u00e9riennes.<\/li>\n<li>Traditionnellement utilis\u00e9 pour <strong>traiter les infections des voies respiratoires sup\u00e9rieures<\/strong>, il aide \u00e0 soulager la toux, le nez qui coule et les sympt\u00f4mes du rhume.<\/li>\n<li>Gr\u00e2ce \u00e0 sa teneur en polyph\u00e9nols, il<strong> prot\u00e8ge les cellules du stress oxydatif<\/strong>, favorise la sant\u00e9 de la peau et retarde le processus de vieillissement.<\/li>\n<li><strong>Il r\u00e9gule le m\u00e9tabolisme et le taux de sucre<\/strong>, ce qui peut \u00eatre utile dans la pr\u00e9vention du diab\u00e8te de type 2.<\/li>\n<li><strong>Il favorise les processus de d\u00e9sintoxication<\/strong> de l&rsquo;organisme et soutient la fonction h\u00e9patique en neutralisant les toxines.<\/li>\n<\/ul>\n<h2>Utilisation de l&rsquo;extrait de tulsi<\/h2>\n<ul>\n<li>En tant qu&rsquo;ingr\u00e9dient dans les compl\u00e9ments alimentaires pour soutenir l&rsquo;immunit\u00e9, la r\u00e9duction du stress et l&rsquo;am\u00e9lioration du bien-\u00eatre.<\/li>\n<li>Ajout\u00e9 aux cosm\u00e9tiques pour ses propri\u00e9t\u00e9s antioxydantes et anti-inflammatoires.<\/li>\n<li>Ajout\u00e9 aux tisanes pour favoriser la sant\u00e9.<\/li>\n<li>Utilis\u00e9 dans les pr\u00e9parations ayurv\u00e9diques traditionnelles pour soutenir la sant\u00e9 g\u00e9n\u00e9rale et \u00e9quilibrer l&rsquo;organisme.<\/li>\n<\/ul>\n","protected":false},"excerpt":{"rendered":"<p><strong>Extrait de Tulsi<\/strong> (<em><strong>Ocimum Tenuiflorum<\/strong><\/em>) est extrait des feuilles de la plante m\u00e9dicinale connue sous le nom de basilic sacr\u00e9. Le tulsi est utilis\u00e9 dans la m\u00e9decine naturelle ayurv\u00e9dique depuis des si\u00e8cles. Il a des effets adaptog\u00e8nes, anti-inflammatoires et immunomodulateurs.  <\/p>\n","protected":false},"featured_media":38664,"template":"","meta":{"_acf_changed":false},"product_brand":[],"product_cat":[1293],"product_tag":[],"class_list":{"0":"post-38726","1":"product","2":"type-product","3":"status-publish","4":"has-post-thumbnail","6":"product_cat-extraits-de-plantes","7":"pa_czesc-rosliny-feuilles","9":"first","10":"instock","11":"shipping-taxable","12":"product-type-simple"},"acf":[],"yoast_head":"<!-- This site is optimized with the Yoast SEO plugin v27.4 - https:\/\/yoast.com\/product\/yoast-seo-wordpress\/ -->\n<title>Extrait de tulsi - Distributeur en gros de mati\u00e8res premi\u00e8res NATURAL POLAND - Distributeur de mati\u00e8res premi\u00e8res en gros<\/title>\n<meta name=\"description\" content=\"L&#039;extrait de Tulsi (Ocimum Tenuiflorum), \u00e9galement connu sous le nom de basilic sacr\u00e9, est une mati\u00e8re v\u00e9g\u00e9tale de haute qualit\u00e9 extraite des feuilles de cette plante m\u00e9dicinale.\" \/>\n<meta name=\"robots\" content=\"index, follow, max-snippet:-1, max-image-preview:large, max-video-preview:-1\" \/>\n<link rel=\"canonical\" href=\"https:\/\/naturalpoland.com\/fr\/produkty\/extraits-de-plantes\/ekstrakt-z-tulsi\/\" \/>\n<meta property=\"og:locale\" content=\"fr_FR\" \/>\n<meta property=\"og:type\" content=\"article\" \/>\n<meta property=\"og:title\" content=\"Extrait de tulsi - Distributeur en gros de mati\u00e8res premi\u00e8res NATURAL POLAND - Distributeur de mati\u00e8res premi\u00e8res en gros\" \/>\n<meta property=\"og:description\" content=\"L&#039;extrait de Tulsi (Ocimum Tenuiflorum), \u00e9galement connu sous le nom de basilic sacr\u00e9, est une mati\u00e8re v\u00e9g\u00e9tale de haute qualit\u00e9 extraite des feuilles de cette plante m\u00e9dicinale.\" \/>\n<meta property=\"og:url\" content=\"https:\/\/naturalpoland.com\/fr\/produkty\/extraits-de-plantes\/ekstrakt-z-tulsi\/\" \/>\n<meta property=\"og:site_name\" content=\"NATURAL POLAND - Distributeur de mati\u00e8res premi\u00e8res en gros\" \/>\n<meta property=\"article:publisher\" content=\"https:\/\/www.facebook.com\/naturalpoland.b2b\" \/>\n<meta property=\"og:image\" content=\"https:\/\/naturalpoland.com\/wp-content\/uploads\/ekstrakt-z-tulsi.webp\" \/>\n\t<meta property=\"og:image:width\" content=\"592\" \/>\n\t<meta property=\"og:image:height\" content=\"592\" \/>\n\t<meta property=\"og:image:type\" content=\"image\/webp\" \/>\n<script type=\"application\/ld+json\" class=\"yoast-schema-graph\">{\"@context\":\"https:\\\/\\\/schema.org\",\"@graph\":[{\"@type\":\"WebPage\",\"@id\":\"https:\\\/\\\/naturalpoland.com\\\/fr\\\/produkty\\\/extraits-de-plantes\\\/ekstrakt-z-tulsi\\\/\",\"url\":\"https:\\\/\\\/naturalpoland.com\\\/fr\\\/produkty\\\/extraits-de-plantes\\\/ekstrakt-z-tulsi\\\/\",\"name\":\"Extrait de tulsi - Distributeur en gros de mati\u00e8res premi\u00e8res NATURAL POLAND - Distributeur de mati\u00e8res premi\u00e8res en gros\",\"isPartOf\":{\"@id\":\"https:\\\/\\\/naturalpoland.com\\\/fr\\\/#website\"},\"primaryImageOfPage\":{\"@id\":\"https:\\\/\\\/naturalpoland.com\\\/fr\\\/produkty\\\/extraits-de-plantes\\\/ekstrakt-z-tulsi\\\/#primaryimage\"},\"image\":{\"@id\":\"https:\\\/\\\/naturalpoland.com\\\/fr\\\/produkty\\\/extraits-de-plantes\\\/ekstrakt-z-tulsi\\\/#primaryimage\"},\"thumbnailUrl\":\"https:\\\/\\\/naturalpoland.com\\\/wp-content\\\/uploads\\\/ekstrakt-z-tulsi.webp\",\"datePublished\":\"2025-01-16T08:58:46+00:00\",\"description\":\"L'extrait de Tulsi (Ocimum Tenuiflorum), \u00e9galement connu sous le nom de basilic sacr\u00e9, est une mati\u00e8re v\u00e9g\u00e9tale de haute qualit\u00e9 extraite des feuilles de cette plante m\u00e9dicinale.\",\"breadcrumb\":{\"@id\":\"https:\\\/\\\/naturalpoland.com\\\/fr\\\/produkty\\\/extraits-de-plantes\\\/ekstrakt-z-tulsi\\\/#breadcrumb\"},\"inLanguage\":\"fr-FR\",\"potentialAction\":[{\"@type\":\"ReadAction\",\"target\":[\"https:\\\/\\\/naturalpoland.com\\\/fr\\\/produkty\\\/extraits-de-plantes\\\/ekstrakt-z-tulsi\\\/\"]}]},{\"@type\":\"ImageObject\",\"inLanguage\":\"fr-FR\",\"@id\":\"https:\\\/\\\/naturalpoland.com\\\/fr\\\/produkty\\\/extraits-de-plantes\\\/ekstrakt-z-tulsi\\\/#primaryimage\",\"url\":\"https:\\\/\\\/naturalpoland.com\\\/wp-content\\\/uploads\\\/ekstrakt-z-tulsi.webp\",\"contentUrl\":\"https:\\\/\\\/naturalpoland.com\\\/wp-content\\\/uploads\\\/ekstrakt-z-tulsi.webp\",\"width\":592,\"height\":592,\"caption\":\"Ekstrakt z Tulsi\"},{\"@type\":\"BreadcrumbList\",\"@id\":\"https:\\\/\\\/naturalpoland.com\\\/fr\\\/produkty\\\/extraits-de-plantes\\\/ekstrakt-z-tulsi\\\/#breadcrumb\",\"itemListElement\":[{\"@type\":\"ListItem\",\"position\":1,\"name\":\"Accueil\",\"item\":\"https:\\\/\\\/naturalpoland.com\\\/fr\\\/\"},{\"@type\":\"ListItem\",\"position\":2,\"name\":\"Produits\",\"item\":\"https:\\\/\\\/naturalpoland.com\\\/fr\\\/produits\\\/\"},{\"@type\":\"ListItem\",\"position\":3,\"name\":\"Extrait de tulsi\"}]},{\"@type\":\"WebSite\",\"@id\":\"https:\\\/\\\/naturalpoland.com\\\/fr\\\/#website\",\"url\":\"https:\\\/\\\/naturalpoland.com\\\/fr\\\/\",\"name\":\"NATURAL POLAND - Distributeur de mati\u00e8res premi\u00e8res en gros\",\"description\":\"Surowce dla przemys\u0142u spo\u017cywczego, kosmetycznego i farmaceutycznego\",\"publisher\":{\"@id\":\"https:\\\/\\\/naturalpoland.com\\\/fr\\\/#organization\"},\"potentialAction\":[{\"@type\":\"SearchAction\",\"target\":{\"@type\":\"EntryPoint\",\"urlTemplate\":\"https:\\\/\\\/naturalpoland.com\\\/fr\\\/?s={search_term_string}\"},\"query-input\":{\"@type\":\"PropertyValueSpecification\",\"valueRequired\":true,\"valueName\":\"search_term_string\"}}],\"inLanguage\":\"fr-FR\"},{\"@type\":\"Organization\",\"@id\":\"https:\\\/\\\/naturalpoland.com\\\/fr\\\/#organization\",\"name\":\"Natural Poland\",\"url\":\"https:\\\/\\\/naturalpoland.com\\\/fr\\\/\",\"logo\":{\"@type\":\"ImageObject\",\"inLanguage\":\"fr-FR\",\"@id\":\"https:\\\/\\\/naturalpoland.com\\\/fr\\\/#\\\/schema\\\/logo\\\/image\\\/\",\"url\":\"https:\\\/\\\/naturalpoland.com\\\/wp-content\\\/uploads\\\/2021\\\/05\\\/natural-poland-icon.png\",\"contentUrl\":\"https:\\\/\\\/naturalpoland.com\\\/wp-content\\\/uploads\\\/2021\\\/05\\\/natural-poland-icon.png\",\"width\":512,\"height\":512,\"caption\":\"Natural Poland\"},\"image\":{\"@id\":\"https:\\\/\\\/naturalpoland.com\\\/fr\\\/#\\\/schema\\\/logo\\\/image\\\/\"},\"sameAs\":[\"https:\\\/\\\/www.facebook.com\\\/naturalpoland.b2b\",\"https:\\\/\\\/pl.linkedin.com\\\/company\\\/natural-poland\",\"https:\\\/\\\/www.youtube.com\\\/channel\\\/UCgeGGkvOMahZo-xu_MSEWxg\"]}]}<\/script>\n<!-- \/ Yoast SEO plugin. -->","yoast_head_json":{"title":"Extrait de tulsi - Distributeur en gros de mati\u00e8res premi\u00e8res NATURAL POLAND - Distributeur de mati\u00e8res premi\u00e8res en gros","description":"L'extrait de Tulsi (Ocimum Tenuiflorum), \u00e9galement connu sous le nom de basilic sacr\u00e9, est une mati\u00e8re v\u00e9g\u00e9tale de haute qualit\u00e9 extraite des feuilles de cette plante m\u00e9dicinale.","robots":{"index":"index","follow":"follow","max-snippet":"max-snippet:-1","max-image-preview":"max-image-preview:large","max-video-preview":"max-video-preview:-1"},"canonical":"https:\/\/naturalpoland.com\/fr\/produkty\/extraits-de-plantes\/ekstrakt-z-tulsi\/","og_locale":"fr_FR","og_type":"article","og_title":"Extrait de tulsi - Distributeur en gros de mati\u00e8res premi\u00e8res NATURAL POLAND - Distributeur de mati\u00e8res premi\u00e8res en gros","og_description":"L'extrait de Tulsi (Ocimum Tenuiflorum), \u00e9galement connu sous le nom de basilic sacr\u00e9, est une mati\u00e8re v\u00e9g\u00e9tale de haute qualit\u00e9 extraite des feuilles de cette plante m\u00e9dicinale.","og_url":"https:\/\/naturalpoland.com\/fr\/produkty\/extraits-de-plantes\/ekstrakt-z-tulsi\/","og_site_name":"NATURAL POLAND - Distributeur de mati\u00e8res premi\u00e8res en gros","article_publisher":"https:\/\/www.facebook.com\/naturalpoland.b2b","og_image":[{"width":592,"height":592,"url":"https:\/\/naturalpoland.com\/wp-content\/uploads\/ekstrakt-z-tulsi.webp","type":"image\/webp"}],"schema":{"@context":"https:\/\/schema.org","@graph":[{"@type":"WebPage","@id":"https:\/\/naturalpoland.com\/fr\/produkty\/extraits-de-plantes\/ekstrakt-z-tulsi\/","url":"https:\/\/naturalpoland.com\/fr\/produkty\/extraits-de-plantes\/ekstrakt-z-tulsi\/","name":"Extrait de tulsi - Distributeur en gros de mati\u00e8res premi\u00e8res NATURAL POLAND - Distributeur de mati\u00e8res premi\u00e8res en gros","isPartOf":{"@id":"https:\/\/naturalpoland.com\/fr\/#website"},"primaryImageOfPage":{"@id":"https:\/\/naturalpoland.com\/fr\/produkty\/extraits-de-plantes\/ekstrakt-z-tulsi\/#primaryimage"},"image":{"@id":"https:\/\/naturalpoland.com\/fr\/produkty\/extraits-de-plantes\/ekstrakt-z-tulsi\/#primaryimage"},"thumbnailUrl":"https:\/\/naturalpoland.com\/wp-content\/uploads\/ekstrakt-z-tulsi.webp","datePublished":"2025-01-16T08:58:46+00:00","description":"L'extrait de Tulsi (Ocimum Tenuiflorum), \u00e9galement connu sous le nom de basilic sacr\u00e9, est une mati\u00e8re v\u00e9g\u00e9tale de haute qualit\u00e9 extraite des feuilles de cette plante m\u00e9dicinale.","breadcrumb":{"@id":"https:\/\/naturalpoland.com\/fr\/produkty\/extraits-de-plantes\/ekstrakt-z-tulsi\/#breadcrumb"},"inLanguage":"fr-FR","potentialAction":[{"@type":"ReadAction","target":["https:\/\/naturalpoland.com\/fr\/produkty\/extraits-de-plantes\/ekstrakt-z-tulsi\/"]}]},{"@type":"ImageObject","inLanguage":"fr-FR","@id":"https:\/\/naturalpoland.com\/fr\/produkty\/extraits-de-plantes\/ekstrakt-z-tulsi\/#primaryimage","url":"https:\/\/naturalpoland.com\/wp-content\/uploads\/ekstrakt-z-tulsi.webp","contentUrl":"https:\/\/naturalpoland.com\/wp-content\/uploads\/ekstrakt-z-tulsi.webp","width":592,"height":592,"caption":"Ekstrakt z Tulsi"},{"@type":"BreadcrumbList","@id":"https:\/\/naturalpoland.com\/fr\/produkty\/extraits-de-plantes\/ekstrakt-z-tulsi\/#breadcrumb","itemListElement":[{"@type":"ListItem","position":1,"name":"Accueil","item":"https:\/\/naturalpoland.com\/fr\/"},{"@type":"ListItem","position":2,"name":"Produits","item":"https:\/\/naturalpoland.com\/fr\/produits\/"},{"@type":"ListItem","position":3,"name":"Extrait de tulsi"}]},{"@type":"WebSite","@id":"https:\/\/naturalpoland.com\/fr\/#website","url":"https:\/\/naturalpoland.com\/fr\/","name":"NATURAL POLAND - Distributeur de mati\u00e8res premi\u00e8res en gros","description":"Surowce dla przemys\u0142u spo\u017cywczego, kosmetycznego i farmaceutycznego","publisher":{"@id":"https:\/\/naturalpoland.com\/fr\/#organization"},"potentialAction":[{"@type":"SearchAction","target":{"@type":"EntryPoint","urlTemplate":"https:\/\/naturalpoland.com\/fr\/?s={search_term_string}"},"query-input":{"@type":"PropertyValueSpecification","valueRequired":true,"valueName":"search_term_string"}}],"inLanguage":"fr-FR"},{"@type":"Organization","@id":"https:\/\/naturalpoland.com\/fr\/#organization","name":"Natural Poland","url":"https:\/\/naturalpoland.com\/fr\/","logo":{"@type":"ImageObject","inLanguage":"fr-FR","@id":"https:\/\/naturalpoland.com\/fr\/#\/schema\/logo\/image\/","url":"https:\/\/naturalpoland.com\/wp-content\/uploads\/2021\/05\/natural-poland-icon.png","contentUrl":"https:\/\/naturalpoland.com\/wp-content\/uploads\/2021\/05\/natural-poland-icon.png","width":512,"height":512,"caption":"Natural Poland"},"image":{"@id":"https:\/\/naturalpoland.com\/fr\/#\/schema\/logo\/image\/"},"sameAs":["https:\/\/www.facebook.com\/naturalpoland.b2b","https:\/\/pl.linkedin.com\/company\/natural-poland","https:\/\/www.youtube.com\/channel\/UCgeGGkvOMahZo-xu_MSEWxg"]}]}},"_links":{"self":[{"href":"https:\/\/naturalpoland.com\/fr\/wp-json\/wp\/v2\/product\/38726","targetHints":{"allow":["GET"]}}],"collection":[{"href":"https:\/\/naturalpoland.com\/fr\/wp-json\/wp\/v2\/product"}],"about":[{"href":"https:\/\/naturalpoland.com\/fr\/wp-json\/wp\/v2\/types\/product"}],"wp:featuredmedia":[{"embeddable":true,"href":"https:\/\/naturalpoland.com\/fr\/wp-json\/wp\/v2\/media\/38664"}],"wp:attachment":[{"href":"https:\/\/naturalpoland.com\/fr\/wp-json\/wp\/v2\/media?parent=38726"}],"wp:term":[{"taxonomy":"product_brand","embeddable":true,"href":"https:\/\/naturalpoland.com\/fr\/wp-json\/wp\/v2\/product_brand?post=38726"},{"taxonomy":"product_cat","embeddable":true,"href":"https:\/\/naturalpoland.com\/fr\/wp-json\/wp\/v2\/product_cat?post=38726"},{"taxonomy":"product_tag","embeddable":true,"href":"https:\/\/naturalpoland.com\/fr\/wp-json\/wp\/v2\/product_tag?post=38726"}],"curies":[{"name":"wp","href":"https:\/\/api.w.org\/{rel}","templated":true}]}}